{"id":915,"date":"2023-11-07T14:21:35","date_gmt":"2023-11-07T06:21:35","guid":{"rendered":"https:\/\/topfoodmachine.com\/?post_type=product&#038;p=915"},"modified":"2024-08-16T18:24:38","modified_gmt":"2024-08-16T10:24:38","slug":"peanut-roasting-machine","status":"publish","type":"product","link":"https:\/\/topfoodmachine.com\/pt\/product\/peanut-roasting-machine\/","title":{"rendered":"M\u00e1quina de torrar amendoim"},"content":{"rendered":"<div class=\"kk-star-ratings kksr-auto kksr-align-left kksr-valign-top\"     data-payload='{&quot;align&quot;:&quot;left&quot;,&quot;id&quot;:&quot;915&quot;,&quot;slug&quot;:&quot;default&quot;,&quot;valign&quot;:&quot;top&quot;,&quot;ignore&quot;:&quot;&quot;,&quot;reference&quot;:&quot;auto&quot;,&quot;class&quot;:&quot;&quot;,&quot;count&quot;:&quot;10&quot;,&quot;legendonly&quot;:&quot;&quot;,&quot;readonly&quot;:&quot;&quot;,&quot;score&quot;:&quot;4.7&quot;,&quot;starsonly&quot;:&quot;&quot;,&quot;best&quot;:&quot;5&quot;,&quot;gap&quot;:&quot;5&quot;,&quot;greet&quot;:&quot;Rate this product&quot;,&quot;legend&quot;:&quot;4.7\\\/5 - (10 votes)&quot;,&quot;size&quot;:&quot;24&quot;,&quot;title&quot;:&quot;Peanut roasting machine&quot;,&quot;width&quot;:&quot;133.8&quot;,&quot;_legend&quot;:&quot;{score}\\\/{best} - ({count} {votes})&quot;,&quot;font_factor&quot;:&quot;1.25&quot;}'>              <div class=\"kksr-stars\">      <div class=\"kksr-stars-inactive\">             <div class=\"kksr-star\" data-star=\"1\" style=\"padding-right: 5px\">               <div class=\"kksr-icon\" style=\"width: 24px; height: 24px;\"><\/div>         <\/div>             <div class=\"kksr-star\" data-star=\"2\" style=\"padding-right: 5px\">               <div class=\"kksr-icon\" style=\"width: 24px; height: 24px;\"><\/div>         <\/div>             <div class=\"kksr-star\" data-star=\"3\" style=\"padding-right: 5px\">               <div class=\"kksr-icon\" style=\"width: 24px; height: 24px;\"><\/div>         <\/div>             <div class=\"kksr-star\" data-star=\"4\" style=\"padding-right: 5px\">               <div class=\"kksr-icon\" style=\"width: 24px; height: 24px;\"><\/div>         <\/div>             <div class=\"kksr-star\" data-star=\"5\" style=\"padding-right: 5px\">               <div class=\"kksr-icon\" style=\"width: 24px; height: 24px;\"><\/div>         <\/div>     <\/div>      <div class=\"kksr-stars-active\" style=\"width: 133.8px;\">             <div class=\"kksr-star\" style=\"padding-right: 5px\">               <div class=\"kksr-icon\" style=\"width: 24px; height: 24px;\"><\/div>         <\/div>             <div class=\"kksr-star\" style=\"padding-right: 5px\">               <div class=\"kksr-icon\" style=\"width: 24px; height: 24px;\"><\/div>         <\/div>             <div class=\"kksr-star\" style=\"padding-right: 5px\">               <div class=\"kksr-icon\" style=\"width: 24px; height: 24px;\"><\/div>         <\/div>             <div class=\"kksr-star\" style=\"padding-right: 5px\">               <div class=\"kksr-icon\" style=\"width: 24px; height: 24px;\"><\/div>         <\/div>             <div class=\"kksr-star\" style=\"padding-right: 5px\">               <div class=\"kksr-icon\" style=\"width: 24px; height: 24px;\"><\/div>         <\/div>     <\/div> <\/div>                   <div class=\"kksr-legend\" style=\"font-size: 19.2px;\">             4,7\/5 - (10 votos)    <\/div>     <\/div>  <p>A m\u00e1quina de torrefa\u00e7\u00e3o de amendoim n\u00e3o \u00e9 apenas adequada para amendoins, mas tamb\u00e9m para sementes de s\u00e9samo, nozes e outros materiais. O produto acabado n\u00e3o s\u00f3 tem um \u00f3timo sabor, mas tamb\u00e9m \u00e9 econ\u00f4mico. Comparado a outras m\u00e1quinas, este modelo \u00e9 altamente eficiente em termos de energia, economizando aproximadamente 15% de energia.<\/p>    <p>A Taizy oferece v\u00e1rios modelos de torradores de amendoim com capacidades que variam de 120 a 650 kg\/h, acomodando diferentes necessidades de aquecimento, incluindo op\u00e7\u00f5es el\u00e9tricas e a g\u00e1s, garantindo resultados de torrefa\u00e7\u00e3o eficientes e uniformes.<\/p>    <figure class=\"wp-block-embed is-type-video is-provider-youtube wp-block-embed-youtube wp-embed-aspect-16-9 wp-has-aspect-ratio\"><div class=\"wp-block-embed__wrapper\"> <iframe loading=\"lazy\" title=\"Assar nozes para um estilo de vida saud\u00e1vel: usando a m\u00e1quina torradora de amendoim #roastingmachinesfornuts\" width=\"500\" height=\"281\" src=\"https:\/\/www.youtube.com\/embed\/Z0xsNg-D3JI?start=5&#038;feature=oembed\" frameborder=\"0\" allow=\"accelerometer; autoplay; clipboard-write; encrypted-media; gyroscope; picture-in-picture; web-share\" referrerpolicy=\"strict-origin-when-cross-origin\" allowfullscreen><\/iframe> <\/div><figcaption class=\"wp-element-caption\">v\u00eddeo de funcionamento da m\u00e1quina de torrefa\u00e7\u00e3o de amendoim<\/figcaption><\/figure>    <h2 class=\"wp-block-heading\">Aplica\u00e7\u00f5es da m\u00e1quina de torrefa\u00e7\u00e3o de amendoim<\/h2>    <p>A m\u00e1quina de torrefa\u00e7\u00e3o de amendoim \u00e9 vers\u00e1til, ideal para torrar n\u00e3o apenas amendoins, mas tamb\u00e9m sementes de s\u00e9samo, castanhas de caju, sementes de girassol, am\u00eandoas, nozes, nozes de macad\u00e2mia, avel\u00e3s e pistaches. A torrefa\u00e7\u00e3o real\u00e7a o sabor, a textura e o aroma dessas nozes, tornando-as adequadas para assar, cozinhar e lanches.<\/p>    <p>Altas temperaturas liberam \u00f3leos naturais, tornando as nozes mais crocantes e saborosas, al\u00e9m de melhorar a textura e auxiliar na digest\u00e3o. A torrefa\u00e7\u00e3o remove a umidade, prolongando a vida \u00fatil e atua como um tratamento germicida, garantindo seguran\u00e7a e higiene. O processo tamb\u00e9m confere \u00e0s nozes uma cor dourada ou acastanhada para melhor apelo visual.<\/p>    <figure class=\"wp-block-gallery has-nested-images columns-default is-cropped wp-block-gallery-2 is-layout-flex wp-block-gallery-is-layout-flex\"> <figure class=\"wp-block-image size-large\"><img loading=\"lazy\" decoding=\"async\" width=\"720\" height=\"540\" data-id=\"924\" src=\"https:\/\/topfoodmachine.com\/wp-content\/uploads\/2023\/11\/almond.webp\" alt=\"am\u00eandoa\" class=\"wp-image-924\" srcset=\"https:\/\/topfoodmachine.com\/wp-content\/uploads\/2023\/11\/almond.webp 720w, https:\/\/topfoodmachine.com\/wp-content\/uploads\/2023\/11\/almond-300x225.webp 300w\" sizes=\"auto, (max-width: 720px) 100vw, 720px\" \/><figcaption class=\"wp-element-caption\">am\u00eandoa<\/figcaption><\/figure>    <figure class=\"wp-block-image size-large\"><img loading=\"lazy\" decoding=\"async\" width=\"720\" height=\"540\" data-id=\"925\" src=\"https:\/\/topfoodmachine.com\/wp-content\/uploads\/2023\/11\/cashew.webp\" alt=\"caju\" class=\"wp-image-925\" srcset=\"https:\/\/topfoodmachine.com\/wp-content\/uploads\/2023\/11\/cashew.webp 720w, https:\/\/topfoodmachine.com\/wp-content\/uploads\/2023\/11\/cashew-300x225.webp 300w\" sizes=\"auto, (max-width: 720px) 100vw, 720px\" \/><figcaption class=\"wp-element-caption\">caju<\/figcaption><\/figure>    <figure class=\"wp-block-image size-large\"><img loading=\"lazy\" decoding=\"async\" width=\"720\" height=\"540\" data-id=\"926\" src=\"https:\/\/topfoodmachine.com\/wp-content\/uploads\/2023\/11\/peanut.webp\" alt=\"amendoim\" class=\"wp-image-926\" srcset=\"https:\/\/topfoodmachine.com\/wp-content\/uploads\/2023\/11\/peanut.webp 720w, https:\/\/topfoodmachine.com\/wp-content\/uploads\/2023\/11\/peanut-300x225.webp 300w\" sizes=\"auto, (max-width: 720px) 100vw, 720px\" \/><figcaption class=\"wp-element-caption\">amendoim<\/figcaption><\/figure> <\/figure>    <h2 class=\"wp-block-heading\">Diferentes tipos de m\u00e1quina de torrar amendoim<\/h2>    <p>Com uma compreens\u00e3o das aplica\u00e7\u00f5es, vamos explorar os diferentes tipos de m\u00e1quinas de torrefa\u00e7\u00e3o de amendoim dispon\u00edveis para atender a v\u00e1rias necessidades.<\/p>    <h3 class=\"wp-block-heading\">Tipo 1: <strong>m\u00e1quina de panifica\u00e7\u00e3o de pequeno rendimento<\/strong><\/h3>    <p>A M\u00e1quina de Assar de Pequena Produ\u00e7\u00e3o \u00e9 perfeita para opera\u00e7\u00f5es em pequena escala, oferecendo controle preciso de temperatura e aquecimento uniforme. Seu design compacto garante f\u00e1cil opera\u00e7\u00e3o e manuten\u00e7\u00e3o, al\u00e9m de ser eficiente em termos de energia. Ideal para torrar amendoins e outras nozes em lotes menores, proporciona desempenho confi\u00e1vel e resultados consistentes.<\/p>    <figure class=\"wp-block-image size-full\"><img loading=\"lazy\" decoding=\"async\" width=\"720\" height=\"540\" src=\"https:\/\/topfoodmachine.com\/wp-content\/uploads\/2023\/11\/industrial-Peanut-roasting-machine.webp\" alt=\"m\u00e1quina industrial de torrefa\u00e7\u00e3o de amendoim\" class=\"wp-image-927\" srcset=\"https:\/\/topfoodmachine.com\/wp-content\/uploads\/2023\/11\/industrial-Peanut-roasting-machine.webp 720w, https:\/\/topfoodmachine.com\/wp-content\/uploads\/2023\/11\/industrial-Peanut-roasting-machine-300x225.webp 300w\" sizes=\"auto, (max-width: 720px) 100vw, 720px\" \/><figcaption class=\"wp-element-caption\">m\u00e1quina industrial de torrefa\u00e7\u00e3o de amendoim<\/figcaption><\/figure>    <h3 class=\"wp-block-heading\">Tipo 2: <strong>m\u00e1quina de panifica\u00e7\u00e3o de grande rendimento<\/strong><\/h3>    <p>A M\u00e1quina de Assar de Grande Produ\u00e7\u00e3o \u00e9 projetada para maior capacidade com seus barris duplos, permitindo a torrefa\u00e7\u00e3o simult\u00e2nea de lotes maiores. Esta m\u00e1quina garante torrefa\u00e7\u00e3o uniforme e sabor ideal, tornando-a adequada para opera\u00e7\u00f5es de m\u00e9dio a grande porte. Combina durabilidade com efici\u00eancia energ\u00e9tica, aumentando a produtividade e a flexibilidade.<\/p>    <figure class=\"wp-block-image size-full\"><img loading=\"lazy\" decoding=\"async\" width=\"720\" height=\"540\" src=\"https:\/\/topfoodmachine.com\/wp-content\/uploads\/2023\/11\/Peanut-roasting-machine-for-food-processing.webp\" alt=\"M\u00e1quina de torrefa\u00e7\u00e3o de amendoim para processamento de alimentos\" class=\"wp-image-919\" srcset=\"https:\/\/topfoodmachine.com\/wp-content\/uploads\/2023\/11\/Peanut-roasting-machine-for-food-processing.webp 720w, https:\/\/topfoodmachine.com\/wp-content\/uploads\/2023\/11\/Peanut-roasting-machine-for-food-processing-300x225.webp 300w\" sizes=\"auto, (max-width: 720px) 100vw, 720px\" \/><figcaption class=\"wp-element-caption\">M\u00e1quina de torrefa\u00e7\u00e3o de amendoim para processamento de alimentos<\/figcaption><\/figure>    <p>Compreender os diferentes tipos de m\u00e1quinas prepara o terreno para explorar como essas m\u00e1quinas funcionam para alcan\u00e7ar resultados de torrefa\u00e7\u00e3o ideais.<\/p>    <h2 class=\"wp-block-heading\">Como funciona a m\u00e1quina de torrefa\u00e7\u00e3o de amendoim?<\/h2>    <p>A m\u00e1quina de torrefa\u00e7\u00e3o de amendoim opera atrav\u00e9s de uma gaiola rotativa que se move continuamente em ambas as dire\u00e7\u00f5es. Este movimento garante que os amendoins ou outros materiais dentro da gaiola sejam aquecidos uniformemente. <\/p>    <p>A m\u00e1quina utiliza m\u00e9todos de aquecimento a g\u00e1s ou el\u00e9trico, usando condu\u00e7\u00e3o de calor e radia\u00e7\u00e3o para transferir energia para os materiais sem contato direto com chamas ou elementos de aquecimento. O calor \u00e9 conduzido atrav\u00e9s do ar, aquecendo efetivamente as nozes.<\/p>    <p>Durante o processo de torrefa\u00e7\u00e3o, um dispositivo de propuls\u00e3o dentro da gaiola rotativa empurra os materiais para frente em um ciclo constante, promovendo aquecimento uniforme e qualidade de assamento consistente. <\/p>    <p>A m\u00e1quina tamb\u00e9m possui um sistema autom\u00e1tico de controle de temperatura, mantendo temperaturas entre 100 e 300 graus Celsius para garantir torrefa\u00e7\u00e3o precisa e eficiente.<\/p>    <figure class=\"wp-block-gallery has-nested-images columns-default is-cropped wp-block-gallery-3 is-layout-flex wp-block-gallery-is-layout-flex\"> <figure class=\"wp-block-image size-full\"><img loading=\"lazy\" decoding=\"async\" width=\"720\" height=\"540\" data-id=\"1537\" src=\"https:\/\/topfoodmachine.com\/wp-content\/uploads\/2023\/11\/exported-nut-roaster.webp\" alt=\"torrador de nozes exportado\" class=\"wp-image-1537\" srcset=\"https:\/\/topfoodmachine.com\/wp-content\/uploads\/2023\/11\/exported-nut-roaster.webp 720w, https:\/\/topfoodmachine.com\/wp-content\/uploads\/2023\/11\/exported-nut-roaster-300x225.webp 300w, https:\/\/topfoodmachine.com\/wp-content\/uploads\/2023\/11\/exported-nut-roaster-16x12.webp 16w\" sizes=\"auto, (max-width: 720px) 100vw, 720px\" \/><figcaption class=\"wp-element-caption\">torrador de nozes exportado<\/figcaption><\/figure>    <figure class=\"wp-block-image size-full\"><img loading=\"lazy\" decoding=\"async\" width=\"720\" height=\"540\" data-id=\"1539\" src=\"https:\/\/topfoodmachine.com\/wp-content\/uploads\/2023\/11\/peanut-roasting-machine-for-sale-1.webp\" alt=\"m\u00e1quina de torrefa\u00e7\u00e3o de amendoim \u00e0 venda\" class=\"wp-image-1539\" srcset=\"https:\/\/topfoodmachine.com\/wp-content\/uploads\/2023\/11\/peanut-roasting-machine-for-sale-1.webp 720w, https:\/\/topfoodmachine.com\/wp-content\/uploads\/2023\/11\/peanut-roasting-machine-for-sale-1-300x225.webp 300w, https:\/\/topfoodmachine.com\/wp-content\/uploads\/2023\/11\/peanut-roasting-machine-for-sale-1-16x12.webp 16w\" sizes=\"auto, (max-width: 720px) 100vw, 720px\" \/><figcaption class=\"wp-element-caption\">m\u00e1quina de torrefa\u00e7\u00e3o de amendoim \u00e0 venda<\/figcaption><\/figure> <\/figure>    <h2 class=\"wp-block-heading\">Par\u00e2metros da m\u00e1quina de torrefa\u00e7\u00e3o de amendoim<\/h2>    <p>Para compreender totalmente como a m\u00e1quina opera, vamos revisar os principais par\u00e2metros que definem seu desempenho e efici\u00eancia.<\/p>    <figure class=\"wp-block-table\"><table class=\"has-fixed-layout\"><tbody><tr><td>Modelo<\/td><td>Tamanho (mm)<\/td><td>Capacidade\uff08kg\/h\uff09<\/td><td>Pot\u00eancia(kw\uff09<\/td><td>Pot\u00eancia de aquecimento el\u00e9trico\uff08kw\uff09<\/td><td>Consumo de aquecimento a g\u00e1s\uff08kg\uff09<\/td><\/tr><tr><td>MHK-1<\/td><td>3000*1200*1700<\/td><td>80\u2014120<\/td><td>1.1<\/td><td>18<\/td><td>2-3<\/td><\/tr><tr><td>MHK-2<\/td><td>3000*2200*1700<\/td><td>180\u2014250<\/td><td>2.2<\/td><td>35<\/td><td>3-6<\/td><\/tr><tr><td>MHK-3<\/td><td>3000*3300*1700<\/td><td>280\u2014350<\/td><td>3.3<\/td><td>45<\/td><td>6-9<\/td><\/tr><tr><td>MHK-4<\/td><td>3000*4400*1700<\/td><td>380\u2014450<\/td><td>4.4<\/td><td>60<\/td><td>9-12<\/td><\/tr><tr><td>MHK-5<\/td><td>3000*5500*1700<\/td><td>500&#8211;650<\/td><td>5.5<\/td><td>75<\/td><td>12-15<\/td><\/tr><\/tbody><\/table><figcaption class=\"wp-element-caption\">par\u00e2metros da m\u00e1quina de torrefa\u00e7\u00e3o de amendoim<\/figcaption><\/figure>    <figure class=\"wp-block-image size-full\"><img loading=\"lazy\" decoding=\"async\" width=\"720\" height=\"540\" src=\"https:\/\/topfoodmachine.com\/wp-content\/uploads\/2023\/11\/hazelnuts-roasting-machine.webp\" alt=\"m\u00e1quina de torrefa\u00e7\u00e3o de avel\u00e3s\" class=\"wp-image-1538\" srcset=\"https:\/\/topfoodmachine.com\/wp-content\/uploads\/2023\/11\/hazelnuts-roasting-machine.webp 720w, https:\/\/topfoodmachine.com\/wp-content\/uploads\/2023\/11\/hazelnuts-roasting-machine-300x225.webp 300w, https:\/\/topfoodmachine.com\/wp-content\/uploads\/2023\/11\/hazelnuts-roasting-machine-16x12.webp 16w\" sizes=\"auto, (max-width: 720px) 100vw, 720px\" \/><figcaption class=\"wp-element-caption\">m\u00e1quina de torrefa\u00e7\u00e3o de avel\u00e3s<\/figcaption><\/figure>    <h2 class=\"wp-block-heading\">Vantagens da m\u00e1quina de torrefa\u00e7\u00e3o de amendoim<\/h2>    <p>Com os detalhes operacionais e par\u00e2metros em mente, vamos examinar as vantagens espec\u00edficas de usar uma m\u00e1quina de torrefa\u00e7\u00e3o de amendoim.<\/p>    <ul class=\"wp-block-list\"> <li><strong>Controle autom\u00e1tico de temperatura.<\/strong> Configura\u00e7\u00f5es ajust\u00e1veis para v\u00e1rios materiais.<\/li>    <li><strong>Design avan\u00e7ado.<\/strong> Aquecimento r\u00e1pido e est\u00e1vel com alto desempenho de seguran\u00e7a.<\/li>    <li><strong>Controlador de tempo.<\/strong> Tempo de cozedura ajust\u00e1vel com um alarme autom\u00e1tico para reduzir o trabalho.<\/li>    <li><strong>Efici\u00eancia energ\u00e9tica.<\/strong> Economiza 10-20% mais energia em compara\u00e7\u00e3o com outras m\u00e1quinas.<\/li>    <li><strong>Constru\u00e7\u00e3o robusta.<\/strong> Base robusta, estrutura dur\u00e1vel e tambor rotativo interno.<\/li>    <li><strong>Op\u00e7\u00f5es de aquecimento.<\/strong> Dispon\u00edvel com aquecimento el\u00e9trico ou a g\u00e1s.<\/li>    <li><strong>Capacidade e personaliza\u00e7\u00e3o.<\/strong> Modelos dispon\u00edveis em 120kg\/h, 250kg\/h, 350kg\/h e 450kg\/h, com tamanho e apar\u00eancia personaliz\u00e1veis.<\/li> <\/ul>    <figure class=\"wp-block-image size-full\"><img loading=\"lazy\" decoding=\"async\" width=\"720\" height=\"540\" src=\"https:\/\/topfoodmachine.com\/wp-content\/uploads\/2023\/11\/Peanut-roasting-machine-1.webp\" alt=\"M\u00e1quina de torrar amendoim\" class=\"wp-image-918\" srcset=\"https:\/\/topfoodmachine.com\/wp-content\/uploads\/2023\/11\/Peanut-roasting-machine-1.webp 720w, https:\/\/topfoodmachine.com\/wp-content\/uploads\/2023\/11\/Peanut-roasting-machine-1-300x225.webp 300w\" sizes=\"auto, (max-width: 720px) 100vw, 720px\" \/><figcaption class=\"wp-element-caption\">M\u00e1quina de torrar amendoim<\/figcaption><\/figure>    <h2 class=\"wp-block-heading\">Por que escolher comprar a m\u00e1quina de torrefa\u00e7\u00e3o de amendoim da Taizy?<\/h2>    <p class=\"translation-block\"><strong>For\u00e7a da empresa<\/strong>. A Taizy \u00e9 um fabricante renomado com ampla experi\u00eancia e altos padr\u00f5es de produ\u00e7\u00e3o.<\/p>    <p class=\"translation-block\"><strong>Servi\u00e7o excepcional.<\/strong> Oferecemos suporte personalizado e atendimento ao cliente responsivo para ajud\u00e1-lo a encontrar a m\u00e1quina perfeita e resolver quaisquer d\u00favidas.<\/p>    <p class=\"translation-block\"><strong>Suporte abrangente p\u00f3s-venda<\/strong>. Oferecemos assist\u00eancia na instala\u00e7\u00e3o, manuten\u00e7\u00e3o regular e solu\u00e7\u00e3o de problemas r\u00e1pida, al\u00e9m de pe\u00e7as de reposi\u00e7\u00e3o prontamente dispon\u00edveis para garantir opera\u00e7\u00e3o suave.<\/p>    <figure class=\"wp-block-gallery has-nested-images columns-default is-cropped wp-block-gallery-4 is-layout-flex wp-block-gallery-is-layout-flex\"> <figure class=\"wp-block-image size-full\"><img loading=\"lazy\" decoding=\"async\" width=\"720\" height=\"540\" data-id=\"920\" src=\"https:\/\/topfoodmachine.com\/wp-content\/uploads\/2023\/11\/commercial-Peanut-roasting-machine.webp\" alt=\"m\u00e1quina comercial de torrefa\u00e7\u00e3o de amendoim\" class=\"wp-image-920\" srcset=\"https:\/\/topfoodmachine.com\/wp-content\/uploads\/2023\/11\/commercial-Peanut-roasting-machine.webp 720w, https:\/\/topfoodmachine.com\/wp-content\/uploads\/2023\/11\/commercial-Peanut-roasting-machine-300x225.webp 300w\" sizes=\"auto, (max-width: 720px) 100vw, 720px\" \/><figcaption class=\"wp-element-caption\">m\u00e1quina comercial de torrefa\u00e7\u00e3o de amendoim<\/figcaption><\/figure>    <figure class=\"wp-block-image size-full\"><img loading=\"lazy\" decoding=\"async\" width=\"720\" height=\"540\" data-id=\"1540\" src=\"https:\/\/topfoodmachine.com\/wp-content\/uploads\/2023\/11\/walnuts-roaster.webp\" alt=\"torrador de nozes\" class=\"wp-image-1540\" srcset=\"https:\/\/topfoodmachine.com\/wp-content\/uploads\/2023\/11\/walnuts-roaster.webp 720w, https:\/\/topfoodmachine.com\/wp-content\/uploads\/2023\/11\/walnuts-roaster-300x225.webp 300w, https:\/\/topfoodmachine.com\/wp-content\/uploads\/2023\/11\/walnuts-roaster-16x12.webp 16w\" sizes=\"auto, (max-width: 720px) 100vw, 720px\" \/><figcaption class=\"wp-element-caption\">torrador de nozes<\/figcaption><\/figure> <\/figure>    <h2 class=\"wp-block-heading\">Perguntas frequentes sobre a m\u00e1quina de torrefa\u00e7\u00e3o de nozes<\/h2>    <p>Para responder a quaisquer perguntas e preocupa\u00e7\u00f5es restantes, aqui est\u00e3o algumas perguntas frequentes sobre a m\u00e1quina de torrefa\u00e7\u00e3o de amendoim.<\/p>   <div id=\"rank-math-faq\" class=\"rank-math-block\"> <div class=\"rank-math-list\"> <div id=\"faq-question-1722496424491\" class=\"rank-math-list-item\"> <h3 class=\"rank-math-question\">Como a m\u00e1quina garante uma torrefa\u00e7\u00e3o uniforme?<\/h3> <div class=\"rank-math-answer\">  <p>A m\u00e1quina possui um tambor rotativo e um dispositivo de propuls\u00e3o que move continuamente o material para frente, garantindo aquecimento uniforme durante todo o processo de torrefa\u00e7\u00e3o.<\/p>  <\/div> <\/div> <div id=\"faq-question-1722496451370\" class=\"rank-math-list-item\"> <h3 class=\"rank-math-question\">A m\u00e1quina danificar\u00e1 o material durante a torrefa\u00e7\u00e3o?<\/h3> <div class=\"rank-math-answer\">  <p>A m\u00e1quina utiliza condu\u00e7\u00e3o de calor e radia\u00e7\u00e3o sem contato direto com chamas ou elementos de aquecimento, prevenindo danos aos materiais.<\/p>  <\/div> <\/div> <div id=\"faq-question-1722496465671\" class=\"rank-math-list-item\"> <h3 class=\"rank-math-question\">A m\u00e1quina \u00e9 segura de usar?<\/h3> <div class=\"rank-math-answer\">  <p>Sim, a m\u00e1quina \u00e9 projetada com altos padr\u00f5es de seguran\u00e7a, incluindo sistemas de aquecimento confi\u00e1veis e recursos de controle de temperatura para garantir opera\u00e7\u00e3o segura.<\/p>  <\/div> <\/div> <div id=\"faq-question-1722496478838\" class=\"rank-math-list-item\"> <h3 class=\"rank-math-question\">A m\u00e1quina pode ser personalizada?<\/h3> <div class=\"rank-math-answer\">  <p>Sim, oferecemos op\u00e7\u00f5es de personaliza\u00e7\u00e3o para o tamanho, apar\u00eancia, m\u00e9todo de aquecimento e capacidade da m\u00e1quina com base nas necessidades espec\u00edficas do cliente.<\/p>  <\/div> <\/div> <div id=\"faq-question-1722496499004\" class=\"rank-math-list-item\"> <h3 class=\"rank-math-question\">A manuten\u00e7\u00e3o e limpeza da m\u00e1quina s\u00e3o f\u00e1ceis?<\/h3> <div class=\"rank-math-answer\">  <p>A m\u00e1quina \u00e9 projetada com uma estrutura simples que facilita a manuten\u00e7\u00e3o e limpeza di\u00e1rias.<\/p>  <\/div> <\/div> <div id=\"faq-question-1722497042163\" class=\"rank-math-list-item\"> <h3 class=\"rank-math-question\">Qual \u00e9 o pre\u00e7o da m\u00e1quina de torrefa\u00e7\u00e3o de amendoim?<\/h3> <div class=\"rank-math-answer\">  <p>O pre\u00e7o da m\u00e1quina de torrefa\u00e7\u00e3o de amendoim varia dependendo do modelo, capacidade e op\u00e7\u00f5es de personaliza\u00e7\u00e3o. Para um or\u00e7amento preciso, entre em contato conosco com suas necessidades espec\u00edficas e forneceremos um pre\u00e7o detalhado com base em suas necessidades.<\/p>  <\/div> <\/div> <\/div> <\/div>   <figure class=\"wp-block-image size-full\"><img loading=\"lazy\" decoding=\"async\" width=\"720\" height=\"540\" src=\"https:\/\/topfoodmachine.com\/wp-content\/uploads\/2023\/11\/Peanut-roasting-machine-for-sale.webp\" alt=\"Vendo m\u00e1quina de torrar amendoim\" class=\"wp-image-917\" srcset=\"https:\/\/topfoodmachine.com\/wp-content\/uploads\/2023\/11\/Peanut-roasting-machine-for-sale.webp 720w, https:\/\/topfoodmachine.com\/wp-content\/uploads\/2023\/11\/Peanut-roasting-machine-for-sale-300x225.webp 300w\" sizes=\"auto, (max-width: 720px) 100vw, 720px\" \/><figcaption class=\"wp-element-caption\">Vendo m\u00e1quina de torrar amendoim<\/figcaption><\/figure>    <h2 class=\"wp-block-heading\">Conclus\u00e3o<\/h2>    <p class=\"translation-block\">Em conclus\u00e3o, a <a href=\"https:\/\/en.wikipedia.org\/wiki\/Groundnut\" data-type=\"link\" data-id=\"https:\/\/en.wikipedia.org\/wiki\/Groundnut\" target=\"_blank\" rel=\"noopener\">m\u00e1quina de torrefa\u00e7\u00e3o de amendoim<\/a> \u00e9 uma ferramenta essencial para real\u00e7ar o sabor, a textura e o aroma de v\u00e1rias nozes, tornando-as ideais para diversas aplica\u00e7\u00f5es culin\u00e1rias. Sua versatilidade, efici\u00eancia energ\u00e9tica e op\u00e7\u00f5es personaliz\u00e1veis fazem dela uma adi\u00e7\u00e3o valiosa a qualquer opera\u00e7\u00e3o de processamento de alimentos.<\/p>    <p class=\"translation-block\">Tamb\u00e9m oferecemos uma gama de outras m\u00e1quinas de processamento de amendoim, incluindo a <a href=\"https:\/\/topfoodmachine.com\/pt\/product\/peanut-peeling-machine\/\" data-type=\"link\" data-id=\"https:\/\/topfoodmachine.com\/product\/peanut-peeling-machine\/\">M\u00e1quina de Descascar Amendoim<\/a>, <a href=\"https:\/\/topfoodmachine.com\/pt\/product\/peanut-coating-machine\/\" data-type=\"link\" data-id=\"https:\/\/topfoodmachine.com\/product\/peanut-coating-machine\/\">M\u00e1quina de Revestir Amendoim<\/a>, e <a href=\"https:\/\/topfoodmachine.com\/pt\/product\/peanut-half-cutting-machine\/\" data-type=\"link\" data-id=\"https:\/\/topfoodmachine.com\/product\/peanut-half-cutting-machine\/\">M\u00e1quina de Cortar Amendoim ao Meio<\/a>. Para consultas e mais informa\u00e7\u00f5es, sinta-se \u00e0 vontade para nos contatar. Estamos ansiosos para atender \u00e0s suas necessidades.<\/p>    <p><\/p>","protected":false},"excerpt":{"rendered":"<p>A m\u00e1quina de torrefa\u00e7\u00e3o de amendoim \u00e9 adequada para secar amendoins, sementes de gergelim, nozes e outros materiais. O produto final n\u00e3o s\u00f3 tem um \u00f3timo sabor, mas tamb\u00e9m \u00e9 econ\u00f4mico.<\/p>","protected":false},"author":1,"featured_media":916,"parent":0,"template":"","tags":[30,68,67,69,70],"product-type":[5],"class_list":["post-915","product","type-product","status-publish","has-post-thumbnail","hentry","tag-food-machine","tag-groundnut","tag-peanut","tag-roaster-machine","tag-roasting","product-type-nuts-processing-machine"],"_links":{"self":[{"href":"https:\/\/topfoodmachine.com\/pt\/wp-json\/wp\/v2\/product\/915","targetHints":{"allow":["GET"]}}],"collection":[{"href":"https:\/\/topfoodmachine.com\/pt\/wp-json\/wp\/v2\/product"}],"about":[{"href":"https:\/\/topfoodmachine.com\/pt\/wp-json\/wp\/v2\/types\/product"}],"author":[{"embeddable":true,"href":"https:\/\/topfoodmachine.com\/pt\/wp-json\/wp\/v2\/users\/1"}],"wp:featuredmedia":[{"embeddable":true,"href":"https:\/\/topfoodmachine.com\/pt\/wp-json\/wp\/v2\/media\/916"}],"wp:attachment":[{"href":"https:\/\/topfoodmachine.com\/pt\/wp-json\/wp\/v2\/media?parent=915"}],"wp:term":[{"taxonomy":"post_tag","embeddable":true,"href":"https:\/\/topfoodmachine.com\/pt\/wp-json\/wp\/v2\/tags?post=915"},{"taxonomy":"product-type","embeddable":true,"href":"https:\/\/topfoodmachine.com\/pt\/wp-json\/wp\/v2\/product-type?post=915"}],"curies":[{"name":"wp","href":"https:\/\/api.w.org\/{rel}","templated":true}]}}