{"id":905,"date":"2023-11-03T13:44:55","date_gmt":"2023-11-03T05:44:55","guid":{"rendered":"https:\/\/topfoodmachine.com\/?post_type=product&#038;p=905"},"modified":"2023-11-21T17:57:46","modified_gmt":"2023-11-21T09:57:46","slug":"peanut-half-cutting-machine","status":"publish","type":"product","link":"https:\/\/topfoodmachine.com\/pt\/product\/peanut-half-cutting-machine\/","title":{"rendered":"M\u00e1quina de corte de meio amendoim"},"content":{"rendered":"<div class=\"kk-star-ratings kksr-auto kksr-align-left kksr-valign-top\"     data-payload='{&quot;align&quot;:&quot;left&quot;,&quot;id&quot;:&quot;905&quot;,&quot;slug&quot;:&quot;default&quot;,&quot;valign&quot;:&quot;top&quot;,&quot;ignore&quot;:&quot;&quot;,&quot;reference&quot;:&quot;auto&quot;,&quot;class&quot;:&quot;&quot;,&quot;count&quot;:&quot;10&quot;,&quot;legendonly&quot;:&quot;&quot;,&quot;readonly&quot;:&quot;&quot;,&quot;score&quot;:&quot;4.6&quot;,&quot;starsonly&quot;:&quot;&quot;,&quot;best&quot;:&quot;5&quot;,&quot;gap&quot;:&quot;5&quot;,&quot;greet&quot;:&quot;Rate this product&quot;,&quot;legend&quot;:&quot;4.6\\\/5 - (10 votes)&quot;,&quot;size&quot;:&quot;24&quot;,&quot;title&quot;:&quot;Peanut half cutting machine&quot;,&quot;width&quot;:&quot;130.9&quot;,&quot;_legend&quot;:&quot;{score}\\\/{best} - ({count} {votes})&quot;,&quot;font_factor&quot;:&quot;1.25&quot;}'>              <div class=\"kksr-stars\">      <div class=\"kksr-stars-inactive\">             <div class=\"kksr-star\" data-star=\"1\" style=\"padding-right: 5px\">               <div class=\"kksr-icon\" style=\"width: 24px; height: 24px;\"><\/div>         <\/div>             <div class=\"kksr-star\" data-star=\"2\" style=\"padding-right: 5px\">               <div class=\"kksr-icon\" style=\"width: 24px; height: 24px;\"><\/div>         <\/div>             <div class=\"kksr-star\" data-star=\"3\" style=\"padding-right: 5px\">               <div class=\"kksr-icon\" style=\"width: 24px; height: 24px;\"><\/div>         <\/div>             <div class=\"kksr-star\" data-star=\"4\" style=\"padding-right: 5px\">               <div class=\"kksr-icon\" style=\"width: 24px; height: 24px;\"><\/div>         <\/div>             <div class=\"kksr-star\" data-star=\"5\" style=\"padding-right: 5px\">               <div class=\"kksr-icon\" style=\"width: 24px; height: 24px;\"><\/div>         <\/div>     <\/div>      <div class=\"kksr-stars-active\" style=\"width: 130.9px;\">             <div class=\"kksr-star\" style=\"padding-right: 5px\">               <div class=\"kksr-icon\" style=\"width: 24px; height: 24px;\"><\/div>         <\/div>             <div class=\"kksr-star\" style=\"padding-right: 5px\">               <div class=\"kksr-icon\" style=\"width: 24px; height: 24px;\"><\/div>         <\/div>             <div class=\"kksr-star\" style=\"padding-right: 5px\">               <div class=\"kksr-icon\" style=\"width: 24px; height: 24px;\"><\/div>         <\/div>             <div class=\"kksr-star\" style=\"padding-right: 5px\">               <div class=\"kksr-icon\" style=\"width: 24px; height: 24px;\"><\/div>         <\/div>             <div class=\"kksr-star\" style=\"padding-right: 5px\">               <div class=\"kksr-icon\" style=\"width: 24px; height: 24px;\"><\/div>         <\/div>     <\/div> <\/div>                   <div class=\"kksr-legend\" style=\"font-size: 19.2px;\">             4,6\/5 - (10 votos)    <\/div>     <\/div>  <p>No dom\u00ednio do processamento de nozes, a precis\u00e3o e a efici\u00eancia s\u00e3o fundamentais. Conhe\u00e7a a M\u00e1quina de Meio Corte de Amendoim, uma inova\u00e7\u00e3o de ponta projetada para revolucionar a forma como os amendoins s\u00e3o preparados para diversas aplica\u00e7\u00f5es culin\u00e1rias. Este sofisticado equipamento foi meticulosamente projetado para proporcionar cortes precisos e uniformes, garantindo \u00f3tima qualidade e consist\u00eancia em cada lote.<\/p>    <p>A M\u00e1quina de Corte de Metades de Amendoim \u00e9 equipada com tecnologia de ponta, capaz de lidar com grandes volumes de amendoins com facilidade. Sua opera\u00e7\u00e3o de alta velocidade e configura\u00e7\u00f5es personaliz\u00e1veis permitem um processamento sob medida, acomodando diversas necessidades dentro da ind\u00fastria aliment\u00edcia. Seja para confeitaria, panifica\u00e7\u00e3o ou empreendimentos culin\u00e1rios, esta m\u00e1quina promete elevar o processo de produ\u00e7\u00e3o a novos patamares.<\/p>    <figure class=\"wp-block-image size-full\"><img loading=\"lazy\" decoding=\"async\" width=\"720\" height=\"540\" src=\"https:\/\/topfoodmachine.com\/wp-content\/uploads\/2023\/11\/peanut-chopper.webp\" alt=\"picador de amendoim\" class=\"wp-image-906\" srcset=\"https:\/\/topfoodmachine.com\/wp-content\/uploads\/2023\/11\/peanut-chopper.webp 720w, https:\/\/topfoodmachine.com\/wp-content\/uploads\/2023\/11\/peanut-chopper-300x225.webp 300w\" sizes=\"auto, (max-width: 720px) 100vw, 720px\" \/><figcaption class=\"wp-element-caption\">picador de amendoim<\/figcaption><\/figure>    <h2 class=\"wp-block-heading\">Principais caracter\u00edsticas da m\u00e1quina divisora \u200b\u200bde amendoim<\/h2>    <ol class=\"wp-block-list\"> <li><strong>Corte de precis\u00e3o:<\/strong> Bem projetado para reduzir com precis\u00e3o o amendoim pela metade, garantindo consist\u00eancia e uniformidade.<\/li>    <li><strong>Alta capacidade de processamento:<\/strong> Capaz de opera\u00e7\u00f5es em alta velocidade, manuseando com efici\u00eancia grandes quantidades de amendoim para aumentar a produtividade.<\/li>    <li><strong>Funcionalidade de descascamento:<\/strong> Equipado com soprador que remove com efic\u00e1cia a casca externa do amendoim, agilizando o processo de processamento.<\/li>    <li><strong>Configura\u00e7\u00f5es personaliz\u00e1veis:<\/strong> Os usu\u00e1rios podem ajustar os par\u00e2metros de corte para acomodar diferentes tamanhos de amendoim e requisitos de processamento, proporcionando um alto n\u00edvel de personaliza\u00e7\u00e3o.<\/li>    <li><strong>Mecanismos de seguran\u00e7a:<\/strong> Incorpora recursos avan\u00e7ados de seguran\u00e7a para proteger os operadores durante a opera\u00e7\u00e3o, garantindo um ambiente de trabalho seguro.<\/li>    <li><strong>Manuten\u00e7\u00e3o f\u00e1cil:<\/strong> Sua estrutura simples permite f\u00e1cil limpeza e manuten\u00e7\u00e3o, reduzindo custos de manuten\u00e7\u00e3o e minimizando o tempo de inatividade.<\/li>    <li><strong>Integra\u00e7\u00e3o eficiente do fluxo de trabalho:<\/strong> Pode ser perfeitamente integrado \u00e0s linhas de processamento de nozes existentes, otimizando os processos gerais de produ\u00e7\u00e3o.<\/li> <\/ol>    <figure class=\"wp-block-image size-full\"><img loading=\"lazy\" decoding=\"async\" width=\"720\" height=\"540\" src=\"https:\/\/topfoodmachine.com\/wp-content\/uploads\/2023\/11\/peanut-chopping-machine-for-sale.webp\" alt=\"Vendo m\u00e1quina de cortar amendoim\" class=\"wp-image-907\" srcset=\"https:\/\/topfoodmachine.com\/wp-content\/uploads\/2023\/11\/peanut-chopping-machine-for-sale.webp 720w, https:\/\/topfoodmachine.com\/wp-content\/uploads\/2023\/11\/peanut-chopping-machine-for-sale-300x225.webp 300w\" sizes=\"auto, (max-width: 720px) 100vw, 720px\" \/><figcaption class=\"wp-element-caption\">Vendo m\u00e1quina de cortar amendoim<\/figcaption><\/figure>    <h2 class=\"wp-block-heading\">Processo de trabalho da m\u00e1quina picadora de amendoim<\/h2>    <ol class=\"wp-block-list\"> <li><strong>Est\u00e1gio de alimenta\u00e7\u00e3o:<\/strong> Amendoins inteiros s\u00e3o alimentados no funil ou mecanismo de alimenta\u00e7\u00e3o da m\u00e1quina, servindo como a entrada inicial de mat\u00e9ria-prima.<\/li>    <li><strong>Processo de descascamento:<\/strong> Primeiramente, o amendoim entra na fase de descascamento. Nesta fase, a m\u00e1quina pode ser equipada com um dispositivo de descascamento que utiliza ventilador ou fluxo de ar para retirar a casca externa do amendoim.<\/li>    <li><strong>Transporte e Alinhamento:<\/strong> Ap\u00f3s o descascamento, o amendoim processado \u00e9 encaminhado para a se\u00e7\u00e3o de corte. Nesta fase, eles normalmente s\u00e3o alinhados para garantir o posicionamento adequado para o corte.<\/li>    <li><strong>Ativa\u00e7\u00e3o do mecanismo de corte:<\/strong> \u00c0 medida que os amendoins chegam \u00e0 sec\u00e7\u00e3o de corte, o mecanismo de corte \u00e9 activado. <\/li>    <li><strong>Corte de precis\u00e3o:<\/strong> O mecanismo de corte ativado corta com rapidez e precis\u00e3o cada amendoim em duas metades. A precis\u00e3o do corte \u00e9 fundamental para garantir uniformidade no produto final.<\/li>    <li><strong>Repita o processo:<\/strong> A m\u00e1quina continua a processar amendoim de maneira cont\u00ednua ou em lote.<\/li> <\/ol>    <figure class=\"wp-block-embed is-type-video is-provider-youtube wp-block-embed-youtube wp-embed-aspect-16-9 wp-has-aspect-ratio\"><div class=\"wp-block-embed__wrapper\"> <iframe loading=\"lazy\" title=\"Como processar rapidamente amendoins a granel com uma m\u00e1quina de corte de amendoim? #amendoim #amendoimreceita\" width=\"500\" height=\"281\" src=\"https:\/\/www.youtube.com\/embed\/WIb2lJvahRc?feature=oembed\" frameborder=\"0\" allow=\"accelerometer; autoplay; clipboard-write; encrypted-media; gyroscope; picture-in-picture; web-share\" referrerpolicy=\"strict-origin-when-cross-origin\" allowfullscreen><\/iframe> <\/div><\/figure>    <h2 class=\"wp-block-heading\">Aplica\u00e7\u00f5es da m\u00e1quina cortadora de amendoim<\/h2>    <ol class=\"wp-block-list\"> <li><strong>Fabrica\u00e7\u00e3o de doces:<\/strong> Amendoins cortados ao meio podem ser usados \u200b\u200bcomo ingrediente em v\u00e1rios doces, como cachos de amendoim com cobertura de chocolate ou x\u00edcaras de manteiga de amendoim.<\/li>    <li><strong>Torrefa\u00e7\u00e3o:<\/strong> Amendoins cortados ao meio podem ser inclu\u00eddos como parte de uma mistura de nozes torradas para adicionar textura e sabor.<\/li>    <li><strong>Cozimento:<\/strong> O amendoim pode ser incorporado em produtos assados, como biscoitos de manteiga de amendoim, bolos de manteiga de amendoim ou adicionado ao p\u00e3o.<\/li>    <li><strong>Molhos e temperos:<\/strong> Amendoins cortados ao meio podem ser transformados em manteiga de amendoim ou usados \u200b\u200bcomo tempero em v\u00e1rios pratos.<\/li>    <li><strong>Saladas e Pratos Frios:<\/strong> O amendoim cortado ao meio pode ser usado como ingrediente em saladas ou pratos frios para adicionar uma textura crocante.<\/li>    <li><strong>Cozinha Asi\u00e1tica:<\/strong> Em muitas cozinhas asi\u00e1ticas, o amendoim \u00e9 um ingrediente comum e pode ser usado para fazer molho de amendoim ou como cobertura para pratos como macarr\u00e3o frio com gergelim.<\/li>    <li><strong>Beliscando:<\/strong> Amendoins cortados ao meio podem ser apreciados como um lanche saud\u00e1vel sozinhos ou misturados com outras nozes para criar um lanche misto de nozes.<\/li>    <li><strong>Bebidas:<\/strong> O amendoim pode ser usado para fazer smoothies de leite de amendoim ou manteiga de amendoim, adicionando um sabor de nozes \u00e0 bebida.<\/li> <\/ol>    <figure class=\"wp-block-image size-full\"><img loading=\"lazy\" decoding=\"async\" width=\"720\" height=\"540\" src=\"https:\/\/topfoodmachine.com\/wp-content\/uploads\/2023\/11\/peanut-chopping-machine.webp\" alt=\"m\u00e1quina de cortar amendoim\" class=\"wp-image-908\" srcset=\"https:\/\/topfoodmachine.com\/wp-content\/uploads\/2023\/11\/peanut-chopping-machine.webp 720w, https:\/\/topfoodmachine.com\/wp-content\/uploads\/2023\/11\/peanut-chopping-machine-300x225.webp 300w\" sizes=\"auto, (max-width: 720px) 100vw, 720px\" \/><figcaption class=\"wp-element-caption\">m\u00e1quina de cortar amendoim<\/figcaption><\/figure>    <h2 class=\"wp-block-heading\">Par\u00e2metros t\u00e9cnicos da m\u00e1quina de corte de amendoim<\/h2>    <figure class=\"wp-block-table\"><table><tbody><tr><td>Modelo<\/td><td>Tamanho<\/td><td>Capacidade<\/td><td>Poder<\/td><td>Tens\u00e3o<\/td><\/tr><tr><td>TZ-10<\/td><td>1900x850x1350mm<\/td><td>500-600 kg\/hora<\/td><td>1,5 kW<\/td><td>380v<\/td><\/tr><\/tbody><\/table><\/figure>    <h2 class=\"wp-block-heading\">Por que escolher comprar nossa m\u00e1quina de corte de amendoim<\/h2>    <p>Apoiados por nossa equipe dedicada de engenheiros e uma vasta experi\u00eancia, temos o conhecimento necess\u00e1rio para fornecer solu\u00e7\u00f5es altamente personalizadas, adaptadas para atender a diversas especifica\u00e7\u00f5es e requisitos de processamento. Reconhecendo que efici\u00eancia e precis\u00e3o s\u00e3o fundamentais na produ\u00e7\u00e3o industrial moderna, nossa M\u00e1quina de Meio Corte de Amendoim promete uma melhoria transformadora em seu processo de produ\u00e7\u00e3o.<\/p>    <p>Al\u00e9m disso, nossos produtos atendem aos mais altos padr\u00f5es de seguran\u00e7a e higieniza\u00e7\u00e3o, garantindo o bem-estar dos operadores e mantendo uma higiene impec\u00e1vel durante todo o processo de processamento. Tamb\u00e9m oferecemos um servi\u00e7o p\u00f3s-venda abrangente para garantir a opera\u00e7\u00e3o confi\u00e1vel e de longo prazo do seu equipamento.<\/p>    <figure class=\"wp-block-image size-full\"><img loading=\"lazy\" decoding=\"async\" width=\"720\" height=\"540\" src=\"https:\/\/topfoodmachine.com\/wp-content\/uploads\/2023\/11\/peanut-cutter-machine.webp\" alt=\"m\u00e1quina de cortar amendoim\" class=\"wp-image-909\" srcset=\"https:\/\/topfoodmachine.com\/wp-content\/uploads\/2023\/11\/peanut-cutter-machine.webp 720w, https:\/\/topfoodmachine.com\/wp-content\/uploads\/2023\/11\/peanut-cutter-machine-300x225.webp 300w\" sizes=\"auto, (max-width: 720px) 100vw, 720px\" \/><figcaption class=\"wp-element-caption\">m\u00e1quina de cortar amendoim<\/figcaption><\/figure>    <p><\/p>","protected":false},"excerpt":{"rendered":"<p>Conhe\u00e7a a M\u00e1quina de Meio Corte de Amendoim, uma inova\u00e7\u00e3o de ponta projetada para revolucionar a forma como os amendoins s\u00e3o preparados para diversas aplica\u00e7\u00f5es culin\u00e1rias.<\/p>","protected":false},"author":1,"featured_media":913,"parent":0,"template":"","tags":[],"product-type":[5],"class_list":["post-905","product","type-product","status-publish","has-post-thumbnail","hentry","product-type-nuts-processing-machine"],"_links":{"self":[{"href":"https:\/\/topfoodmachine.com\/pt\/wp-json\/wp\/v2\/product\/905","targetHints":{"allow":["GET"]}}],"collection":[{"href":"https:\/\/topfoodmachine.com\/pt\/wp-json\/wp\/v2\/product"}],"about":[{"href":"https:\/\/topfoodmachine.com\/pt\/wp-json\/wp\/v2\/types\/product"}],"author":[{"embeddable":true,"href":"https:\/\/topfoodmachine.com\/pt\/wp-json\/wp\/v2\/users\/1"}],"wp:featuredmedia":[{"embeddable":true,"href":"https:\/\/topfoodmachine.com\/pt\/wp-json\/wp\/v2\/media\/913"}],"wp:attachment":[{"href":"https:\/\/topfoodmachine.com\/pt\/wp-json\/wp\/v2\/media?parent=905"}],"wp:term":[{"taxonomy":"post_tag","embeddable":true,"href":"https:\/\/topfoodmachine.com\/pt\/wp-json\/wp\/v2\/tags?post=905"},{"taxonomy":"product-type","embeddable":true,"href":"https:\/\/topfoodmachine.com\/pt\/wp-json\/wp\/v2\/product-type?post=905"}],"curies":[{"name":"wp","href":"https:\/\/api.w.org\/{rel}","templated":true}]}}