{"id":886,"date":"2023-11-01T11:26:43","date_gmt":"2023-11-01T03:26:43","guid":{"rendered":"https:\/\/topfoodmachine.com\/?post_type=product&#038;p=886"},"modified":"2024-08-19T18:16:32","modified_gmt":"2024-08-19T10:16:32","slug":"egg-roll-machine","status":"publish","type":"product","link":"https:\/\/topfoodmachine.com\/pt\/product\/egg-roll-machine\/","title":{"rendered":"M\u00e1quina de rolo de ovo"},"content":{"rendered":"<div class=\"kk-star-ratings kksr-auto kksr-align-left kksr-valign-top\"     data-payload='{&quot;align&quot;:&quot;left&quot;,&quot;id&quot;:&quot;886&quot;,&quot;slug&quot;:&quot;default&quot;,&quot;valign&quot;:&quot;top&quot;,&quot;ignore&quot;:&quot;&quot;,&quot;reference&quot;:&quot;auto&quot;,&quot;class&quot;:&quot;&quot;,&quot;count&quot;:&quot;14&quot;,&quot;legendonly&quot;:&quot;&quot;,&quot;readonly&quot;:&quot;&quot;,&quot;score&quot;:&quot;4.9&quot;,&quot;starsonly&quot;:&quot;&quot;,&quot;best&quot;:&quot;5&quot;,&quot;gap&quot;:&quot;5&quot;,&quot;greet&quot;:&quot;Rate this product&quot;,&quot;legend&quot;:&quot;4.9\\\/5 - (14 votes)&quot;,&quot;size&quot;:&quot;24&quot;,&quot;title&quot;:&quot;Egg roll machine&quot;,&quot;width&quot;:&quot;139.6&quot;,&quot;_legend&quot;:&quot;{score}\\\/{best} - ({count} {votes})&quot;,&quot;font_factor&quot;:&quot;1.25&quot;}'>              <div class=\"kksr-stars\">      <div class=\"kksr-stars-inactive\">             <div class=\"kksr-star\" data-star=\"1\" style=\"padding-right: 5px\">               <div class=\"kksr-icon\" style=\"width: 24px; height: 24px;\"><\/div>         <\/div>             <div class=\"kksr-star\" data-star=\"2\" style=\"padding-right: 5px\">               <div class=\"kksr-icon\" style=\"width: 24px; height: 24px;\"><\/div>         <\/div>             <div class=\"kksr-star\" data-star=\"3\" style=\"padding-right: 5px\">               <div class=\"kksr-icon\" style=\"width: 24px; height: 24px;\"><\/div>         <\/div>             <div class=\"kksr-star\" data-star=\"4\" style=\"padding-right: 5px\">               <div class=\"kksr-icon\" style=\"width: 24px; height: 24px;\"><\/div>         <\/div>             <div class=\"kksr-star\" data-star=\"5\" style=\"padding-right: 5px\">               <div class=\"kksr-icon\" style=\"width: 24px; height: 24px;\"><\/div>         <\/div>     <\/div>      <div class=\"kksr-stars-active\" style=\"width: 139.6px;\">             <div class=\"kksr-star\" style=\"padding-right: 5px\">               <div class=\"kksr-icon\" style=\"width: 24px; height: 24px;\"><\/div>         <\/div>             <div class=\"kksr-star\" style=\"padding-right: 5px\">               <div class=\"kksr-icon\" style=\"width: 24px; height: 24px;\"><\/div>         <\/div>             <div class=\"kksr-star\" style=\"padding-right: 5px\">               <div class=\"kksr-icon\" style=\"width: 24px; height: 24px;\"><\/div>         <\/div>             <div class=\"kksr-star\" style=\"padding-right: 5px\">               <div class=\"kksr-icon\" style=\"width: 24px; height: 24px;\"><\/div>         <\/div>             <div class=\"kksr-star\" style=\"padding-right: 5px\">               <div class=\"kksr-icon\" style=\"width: 24px; height: 24px;\"><\/div>         <\/div>     <\/div> <\/div>                   <div class=\"kksr-legend\" style=\"font-size: 19.2px;\">             4,9\/5 - (14 votos)    <\/div>     <\/div>  <p>A m\u00e1quina autom\u00e1tica de rolinho de ovo \u00e9 altamente vers\u00e1til, capaz de produzir uma ampla variedade de lanches crocantes. Ela cria v\u00e1rios rolinhos de ovo, incluindo panquecas finas, crepes e lanches crocantes. Al\u00e9m disso, pode ser usada para fazer casquinhas de waffle, perfeitas para sorvete.<\/p>    <p>A m\u00e1quina de fazer rolinhos de ovo \u00e9 projetada para facilidade de uso, exigindo apenas um operador. Com uma capacidade de produ\u00e7\u00e3o variando de 300 a 1200 kg\/h e op\u00e7\u00f5es de bandeja personaliz\u00e1veis de 6 a 18, oferece flexibilidade e efici\u00eancia. A m\u00e1quina garante que cada produto seja uniformemente crocante, delicioso e visualmente atraente.<\/p>    <figure class=\"wp-block-embed is-type-video is-provider-youtube wp-block-embed-youtube wp-embed-aspect-16-9 wp-has-aspect-ratio\"><div class=\"wp-block-embed__wrapper\"> <iframe loading=\"lazy\" title=\"Crocante, dourado, delicioso: o segredo por tr\u00e1s das m\u00e1quinas comerciais de rolinho de ovo! #eggroll\" width=\"500\" height=\"281\" src=\"https:\/\/www.youtube.com\/embed\/00O4h22ybig?start=32&#038;feature=oembed\" frameborder=\"0\" allow=\"accelerometer; autoplay; clipboard-write; encrypted-media; gyroscope; picture-in-picture; web-share\" referrerpolicy=\"strict-origin-when-cross-origin\" allowfullscreen><\/iframe> <\/div><figcaption class=\"wp-element-caption\">v\u00eddeo de trabalho da m\u00e1quina de fazer rolinho de ovo<\/figcaption><\/figure>    <h2 class=\"wp-block-heading\">M\u00e1quina de rolinhos de ovo \u00e0 venda<\/h2>    <p>Oferecemos uma gama de m\u00e1quinas de rolinho de ovo para atender a v\u00e1rias necessidades de produ\u00e7\u00e3o: os modelos de 8 cabe\u00e7otes, 10 cabe\u00e7otes e 12 cabe\u00e7otes. Cada m\u00e1quina apresenta padr\u00f5es de moldes personaliz\u00e1veis, incluindo plano, quadrado e listrado, com a op\u00e7\u00e3o de personaliza\u00e7\u00f5es especiais dispon\u00edveis atrav\u00e9s do nosso suporte online 24 horas.<\/p>    <p>Nossas m\u00e1quinas tamb\u00e9m permitem a personaliza\u00e7\u00e3o dos tamanhos das placas de aquecimento e podem produzir diferentes formas, como rolos cil\u00edndricos, rolos Phoenix e casquinhas de sorvete. Elas est\u00e3o dispon\u00edveis em configura\u00e7\u00f5es de 380V e 220V, acomodando v\u00e1rias exig\u00eancias el\u00e9tricas.<\/p>    <p>Atendemos a um mercado global, incluindo regi\u00f5es como os Estados Unidos, \u00cdndia, Jap\u00e3o, Coreia do Sul, Brasil, M\u00e9xico, R\u00fassia e pa\u00edses do Sudeste Asi\u00e1tico, como Indon\u00e9sia, Mal\u00e1sia e Tail\u00e2ndia. Se voc\u00ea estiver interessado em nossa m\u00e1quina, sinta-se \u00e0 vontade para nos contatar!<\/p>    <figure class=\"wp-block-gallery has-nested-images columns-default is-cropped wp-block-gallery-2 is-layout-flex wp-block-gallery-is-layout-flex\"> <figure class=\"wp-block-image size-large\"><img loading=\"lazy\" decoding=\"async\" width=\"720\" height=\"540\" data-id=\"1551\" src=\"https:\/\/topfoodmachine.com\/wp-content\/uploads\/2023\/11\/crispy-egg-roll-wrapping-machine.webp\" alt=\"m\u00e1quina de embrulhar rolinho de ovo crocante\" class=\"wp-image-1551\" srcset=\"https:\/\/topfoodmachine.com\/wp-content\/uploads\/2023\/11\/crispy-egg-roll-wrapping-machine.webp 720w, https:\/\/topfoodmachine.com\/wp-content\/uploads\/2023\/11\/crispy-egg-roll-wrapping-machine-300x225.webp 300w, https:\/\/topfoodmachine.com\/wp-content\/uploads\/2023\/11\/crispy-egg-roll-wrapping-machine-16x12.webp 16w\" sizes=\"auto, (max-width: 720px) 100vw, 720px\" \/><figcaption class=\"wp-element-caption\">m\u00e1quina de embrulhar rolinho de ovo crocante<\/figcaption><\/figure>    <figure class=\"wp-block-image size-large\"><img loading=\"lazy\" decoding=\"async\" width=\"720\" height=\"540\" data-id=\"1552\" src=\"https:\/\/topfoodmachine.com\/wp-content\/uploads\/2023\/11\/egg-roll-machine-for-sale.webp\" alt=\"m\u00e1quina de rolinho de ovo \u00e0 venda\" class=\"wp-image-1552\" srcset=\"https:\/\/topfoodmachine.com\/wp-content\/uploads\/2023\/11\/egg-roll-machine-for-sale.webp 720w, https:\/\/topfoodmachine.com\/wp-content\/uploads\/2023\/11\/egg-roll-machine-for-sale-300x225.webp 300w, https:\/\/topfoodmachine.com\/wp-content\/uploads\/2023\/11\/egg-roll-machine-for-sale-16x12.webp 16w\" sizes=\"auto, (max-width: 720px) 100vw, 720px\" \/><figcaption class=\"wp-element-caption\">m\u00e1quina de rolinho de ovo \u00e0 venda<\/figcaption><\/figure> <\/figure>    <h2 class=\"wp-block-heading\"><strong>Principais caracter\u00edsticas da nossa m\u00e1quina de rolo de ovo<\/strong><\/h2>    <ul class=\"wp-block-list\"> <li><strong>Constru\u00e7\u00e3o robusta.<\/strong> Feita com uma estrutura de a\u00e7o inoxid\u00e1vel espesso e molde de alum\u00ednio para excelente durabilidade em altas temperaturas.<\/li>    <li><strong>Aquecimento eficiente.<\/strong> Possui tubos resistentes ao calor importados que garantem distribui\u00e7\u00e3o uniforme do calor para resultados consistentes.<\/li>    <li><strong>Controle de temperatura preciso.<\/strong> Configura\u00e7\u00f5es de temperatura ajust\u00e1veis de 160-175\u00b0C para cozimento preciso.<\/li>    <li><strong>Colagem autom\u00e1tica.<\/strong> Previne bagun\u00e7a eliminando o derramamento de massa durante o processo de colagem.<\/li>    <li><strong><a href=\"https:\/\/en.wikipedia.org\/wiki\/Non-stick_surface\" data-type=\"link\" data-id=\"https:\/\/en.wikipedia.org\/wiki\/Non-stick_surface\" target=\"_blank\" rel=\"noopener\">Antiaderente<\/a> placa de aquecimento.<\/strong> N\u00e3o requer escova\u00e7\u00e3o de \u00f3leo, permitindo f\u00e1cil remo\u00e7\u00e3o dos rolinhos de ovo.<\/li>    <li><strong>Cozimento uniforme.<\/strong> Folhas de aquecimento com padr\u00e3o de rede garantem distribui\u00e7\u00e3o uniforme do calor.<\/li> <\/ul>    <figure class=\"wp-block-image size-full\"><img loading=\"lazy\" decoding=\"async\" width=\"720\" height=\"540\" src=\"https:\/\/topfoodmachine.com\/wp-content\/uploads\/2023\/11\/egg-master-roll.webp\" alt=\"fazer rolinho de ovo\" class=\"wp-image-888\" srcset=\"https:\/\/topfoodmachine.com\/wp-content\/uploads\/2023\/11\/egg-master-roll.webp 720w, https:\/\/topfoodmachine.com\/wp-content\/uploads\/2023\/11\/egg-master-roll-300x225.webp 300w\" sizes=\"auto, (max-width: 720px) 100vw, 720px\" \/><figcaption class=\"wp-element-caption\">fazer rolinho de ovo<\/figcaption><\/figure>    <ul class=\"wp-block-list\"> <li><strong>Tamanho e espessura personaliz\u00e1veis.<\/strong> Ajuste o tamanho e a espessura do rolinho de ovo variando a quantidade de massa.<\/li>    <li><strong>Velocidade ajust\u00e1vel.<\/strong> As configura\u00e7\u00f5es de velocidade podem ser modificadas com base na experi\u00eancia do operador.<\/li>    <li><strong>Configura\u00e7\u00f5es de temperatura individuais.<\/strong> Cada placa de aquecimento pode ser controlada separadamente, variando de 0 a 200\u00b0C.<\/li>    <li><strong>Ajuste autom\u00e1tico da placa.<\/strong> Simplifica a substitui\u00e7\u00e3o da placa sem interromper a produ\u00e7\u00e3o.<\/li>    <li><strong>F\u00f3rmulas flex\u00edveis.<\/strong> Acomoda uma variedade de ingredientes, incluindo alga marinha, creme, batata roxa, aveia, gergelim, chocolate e leite em p\u00f3.<\/li> <\/ul>    <figure class=\"wp-block-image size-full\"><img loading=\"lazy\" decoding=\"async\" width=\"720\" height=\"540\" src=\"https:\/\/topfoodmachine.com\/wp-content\/uploads\/2023\/11\/baking-trays-with-different-shapes.webp\" alt=\"assadeiras com formatos diferentes\" class=\"wp-image-889\" srcset=\"https:\/\/topfoodmachine.com\/wp-content\/uploads\/2023\/11\/baking-trays-with-different-shapes.webp 720w, https:\/\/topfoodmachine.com\/wp-content\/uploads\/2023\/11\/baking-trays-with-different-shapes-300x225.webp 300w\" sizes=\"auto, (max-width: 720px) 100vw, 720px\" \/><figcaption class=\"wp-element-caption\">assadeiras com formatos diferentes<\/figcaption><\/figure>    <h2 class=\"wp-block-heading\">Como funciona a m\u00e1quina de wrappers de rolinhos de ovo?<\/h2>    <ol class=\"wp-block-list\"> <li><strong>Configura\u00e7\u00e3o<\/strong> <ul class=\"wp-block-list\"> <li>Verifique se todas as pe\u00e7as est\u00e3o instaladas corretamente.<\/li>    <li>Ligue o interruptor principal; o indicador de energia acender\u00e1.<\/li> <\/ul> <\/li>    <li><strong>Prepara\u00e7\u00e3o<\/strong> <ul class=\"wp-block-list\"> <li>Insira o plugue de inje\u00e7\u00e3o de voltagem e a traqueia, em seguida, ative a bomba de ar.<\/li>    <li>Pressione o bot\u00e3o de opera\u00e7\u00e3o para iniciar a caixa de aquecimento e a mesa girat\u00f3ria.<\/li> <\/ul> <\/li>    <li><strong>Aquecimento<\/strong> <ul class=\"wp-block-list\"> <li>Ligue o interruptor de aquecimento.<\/li>    <li>Defina a temperatura desejada no controlador de acordo com a espessura do rolinho de ovo.<\/li> <\/ul> <\/li>    <li><strong>Ajustes<\/strong> <ul class=\"wp-block-list\"> <li>Incline a vara de massa para cima em 5 graus e coloque-a na caixa de aquecimento.<\/li>    <li>Quando a temperatura definida for alcan\u00e7ada, ligue o interruptor de massa para iniciar a aplica\u00e7\u00e3o autom\u00e1tica de massa.<\/li> <\/ul> <\/li>    <li><strong>Produ\u00e7\u00e3o<\/strong> <ul class=\"wp-block-list\"> <li>Aque\u00e7a a m\u00e1quina por 15 minutos.<\/li>    <li>Unte levemente as partes superior e inferior.<\/li>    <li>Conecte a bomba de mat\u00e9ria-prima para queda autom\u00e1tica de massa, em seguida, remova a embalagem do rolinho de ovo ap\u00f3s um ciclo.<\/li> <\/ul> <\/li> <\/ol>    <p>Esse processo simplificado garante uma produ\u00e7\u00e3o eficiente e consistente de embalagens de rolinho de ovo.<\/p>    <figure class=\"wp-block-image size-full\"><img loading=\"lazy\" decoding=\"async\" width=\"720\" height=\"540\" src=\"https:\/\/topfoodmachine.com\/wp-content\/uploads\/2023\/11\/egg-roll-maker.webp\" alt=\"fabricante de rolo de ovo\" class=\"wp-image-895\" srcset=\"https:\/\/topfoodmachine.com\/wp-content\/uploads\/2023\/11\/egg-roll-maker.webp 720w, https:\/\/topfoodmachine.com\/wp-content\/uploads\/2023\/11\/egg-roll-maker-300x225.webp 300w\" sizes=\"auto, (max-width: 720px) 100vw, 720px\" \/><figcaption class=\"wp-element-caption\">fabricante de rolo de ovo<\/figcaption><\/figure>    <h2 class=\"wp-block-heading\">Par\u00e2metros t\u00e9cnicos da m\u00e1quina para fazer rolo de ovo<\/h2>    <figure class=\"wp-block-table\"><table class=\"has-fixed-layout\"><tbody><tr><td>Modelo<\/td><td>Tamanho (mm)<\/td><td>Espessura (mm)<\/td><td>Di\u00e2metros do rolinho de ovo (cm)<\/td><td>Tens\u00e3o<\/td><td>Peso (kg)<\/td><td>Capacidade (pcs\/h)<\/td><\/tr><tr><td>TZ-6<\/td><td>1400*1400*1250<\/td><td>0.5-4<\/td><td>7-20<\/td><td>380v\/50hz<\/td><td>250<\/td><td>300<\/td><\/tr><tr><td>TZ-9<\/td><td>1600*1600*1250<\/td><td>0.5-4<\/td><td>7-20<\/td><td>380v\/50hz<\/td><td>270<\/td><td>400-600<\/td><\/tr><tr><td>TZ-12<\/td><td>1950*1950*1700<\/td><td>0.5-4<\/td><td>7-20<\/td><td>380v\/50hz<\/td><td>300<\/td><td>600-800<\/td><\/tr><tr><td>TZ-15<\/td><td>2050*2050*1750<\/td><td>0.5-4<\/td><td>7-20<\/td><td>380v\/50hz<\/td><td>330<\/td><td>800-1000<\/td><\/tr><\/tbody><\/table><figcaption class=\"wp-element-caption\">par\u00e2metros da m\u00e1quina de rolinho de ovo<\/figcaption><\/figure>    <h2 class=\"wp-block-heading\">O produto final da m\u00e1quina de rolinhos de ovo<\/h2>    <figure class=\"wp-block-gallery has-nested-images columns-default is-cropped wp-block-gallery-3 is-layout-flex wp-block-gallery-is-layout-flex\"> <figure class=\"wp-block-image size-large\"><img loading=\"lazy\" decoding=\"async\" width=\"720\" height=\"540\" data-id=\"892\" src=\"https:\/\/topfoodmachine.com\/wp-content\/uploads\/2023\/11\/cone.webp\" alt=\"cone\" class=\"wp-image-892\" srcset=\"https:\/\/topfoodmachine.com\/wp-content\/uploads\/2023\/11\/cone.webp 720w, https:\/\/topfoodmachine.com\/wp-content\/uploads\/2023\/11\/cone-300x225.webp 300w\" sizes=\"auto, (max-width: 720px) 100vw, 720px\" \/><figcaption class=\"wp-element-caption\">cone<\/figcaption><\/figure>    <figure class=\"wp-block-image size-large\"><img loading=\"lazy\" decoding=\"async\" width=\"720\" height=\"540\" data-id=\"894\" src=\"https:\/\/topfoodmachine.com\/wp-content\/uploads\/2023\/11\/industrial-ice-cream-cones-making.webp\" alt=\"fabrica\u00e7\u00e3o de casquinhas de sorvete industriais\" class=\"wp-image-894\" srcset=\"https:\/\/topfoodmachine.com\/wp-content\/uploads\/2023\/11\/industrial-ice-cream-cones-making.webp 720w, https:\/\/topfoodmachine.com\/wp-content\/uploads\/2023\/11\/industrial-ice-cream-cones-making-300x225.webp 300w\" sizes=\"auto, (max-width: 720px) 100vw, 720px\" \/><figcaption class=\"wp-element-caption\">fabrica\u00e7\u00e3o de casquinhas de sorvete industriais<\/figcaption><\/figure>    <figure class=\"wp-block-image size-large\"><img loading=\"lazy\" decoding=\"async\" width=\"720\" height=\"540\" data-id=\"893\" src=\"https:\/\/topfoodmachine.com\/wp-content\/uploads\/2023\/11\/egg-rolls.webp\" alt=\"rolinhos de ovo\" class=\"wp-image-893\" srcset=\"https:\/\/topfoodmachine.com\/wp-content\/uploads\/2023\/11\/egg-rolls.webp 720w, https:\/\/topfoodmachine.com\/wp-content\/uploads\/2023\/11\/egg-rolls-300x225.webp 300w\" sizes=\"auto, (max-width: 720px) 100vw, 720px\" \/><figcaption class=\"wp-element-caption\">rolinhos de ovo<\/figcaption><\/figure> <\/figure>    <h2 class=\"wp-block-heading\">Equipamento de suporte da m\u00e1quina autom\u00e1tica de rolo de ovo<\/h2>    <h3 class=\"wp-block-heading\">M\u00e1quina de mistura<\/h3>    <ul class=\"wp-block-list\"> <li><strong>Estrutura<\/strong>: A m\u00e1quina de mistura normalmente consiste em um corpo, um motor el\u00e9trico e um dispositivo de mistura. O corpo geralmente \u00e9 feito de a\u00e7o inoxid\u00e1vel para garantir higiene e seguran\u00e7a.<\/li>    <li><strong>Fun\u00e7\u00e3o<\/strong>: A m\u00e1quina misturadora \u00e9 usada principalmente para misturar os ingredientes do rolinho de ovo. Seu misturador pode misturar diversos ingredientes de maneira r\u00e1pida e uniforme, garantindo uma consist\u00eancia uniforme do recheio, melhorando assim a textura e a qualidade do rolinho de ovo.<\/li> <\/ul>    <figure class=\"wp-block-image size-full\"><img loading=\"lazy\" decoding=\"async\" width=\"720\" height=\"540\" src=\"https:\/\/topfoodmachine.com\/wp-content\/uploads\/2023\/11\/mixing-machine.webp\" alt=\"m\u00e1quina de mistura\" class=\"wp-image-890\" srcset=\"https:\/\/topfoodmachine.com\/wp-content\/uploads\/2023\/11\/mixing-machine.webp 720w, https:\/\/topfoodmachine.com\/wp-content\/uploads\/2023\/11\/mixing-machine-300x225.webp 300w\" sizes=\"auto, (max-width: 720px) 100vw, 720px\" \/><figcaption class=\"wp-element-caption\">m\u00e1quina de mistura<\/figcaption><\/figure>    <h3 class=\"wp-block-heading\"><strong>M\u00e1quina de enrolar<\/strong><\/h3>    <ul class=\"wp-block-list\"> <li><strong>Estrutura<\/strong>: A laminadora normalmente consiste em rolos, um mecanismo de transmiss\u00e3o e outros componentes. Os rolos s\u00e3o geralmente feitos de materiais de qualidade alimentar para garantir a seguran\u00e7a alimentar.<\/li>    <li><strong>Fun\u00e7\u00e3o<\/strong>: A m\u00e1quina de enrolar \u00e9 usada para enrolar a camada externa assada do rolinho de ovo em uma forma uniforme. Ajustar a velocidade e a press\u00e3o dos rolos garante que o rolinho de ovo mantenha um estado bem enrolado.<\/li> <\/ul>    <h3 class=\"wp-block-heading\">M\u00e1quina de moldar<\/h3>    <ul class=\"wp-block-list\"> <li><strong>Estrutura<\/strong>: A m\u00e1quina formadora \u00e9 projetada com moldes que podem ser customizados de acordo com requisitos espec\u00edficos.<\/li>    <li><strong>Fun\u00e7\u00e3o<\/strong>: A m\u00e1quina formadora \u00e9 respons\u00e1vel por dar ao ovo enrolado a sua forma final. Utiliza moldes predefinidos para moldar o rolinho de ovo, garantindo que ele mantenha o formato desejado.<\/li> <\/ul>    <figure class=\"wp-block-image size-full\"><img loading=\"lazy\" decoding=\"async\" width=\"720\" height=\"540\" src=\"https:\/\/topfoodmachine.com\/wp-content\/uploads\/2023\/11\/egg-roll-machine-maker.webp\" alt=\"fabricante de m\u00e1quina de rolo de ovo\" class=\"wp-image-891\" srcset=\"https:\/\/topfoodmachine.com\/wp-content\/uploads\/2023\/11\/egg-roll-machine-maker.webp 720w, https:\/\/topfoodmachine.com\/wp-content\/uploads\/2023\/11\/egg-roll-machine-maker-300x225.webp 300w\" sizes=\"auto, (max-width: 720px) 100vw, 720px\" \/><figcaption class=\"wp-element-caption\">fabricante de m\u00e1quina de rolo de ovo<\/figcaption><\/figure>    <h2 class=\"wp-block-heading\">Pre\u00e7o da m\u00e1quina de rolinho de ovo<\/h2>    <p>O pre\u00e7o da m\u00e1quina de rolinho de ovo depende de fatores como o n\u00famero de placas de assar, m\u00e9todo de aquecimento e quantidade do pedido. Esta m\u00e1quina eficiente, feita de a\u00e7o inoxid\u00e1vel e alum\u00ednio dur\u00e1veis, apresenta tubos de aquecimento avan\u00e7ados para controle preciso de temperatura e cozimento uniforme. <\/p>    <p>Recursos adicionais, como configura\u00e7\u00f5es personaliz\u00e1veis para tamanho, espessura e temperatura, contribuem para a versatilidade da m\u00e1quina. O pre\u00e7o pode variar com o n\u00famero de placas e m\u00e9todos de aquecimento, e compras em grande quantidade podem oferecer descontos. <\/p>    <figure class=\"wp-block-image size-large\"><img loading=\"lazy\" decoding=\"async\" width=\"720\" height=\"540\" src=\"https:\/\/topfoodmachine.com\/wp-content\/uploads\/2023\/11\/egg-rolls-1.webp\" alt=\"rolinhos de ovo\" class=\"wp-image-1555\" srcset=\"https:\/\/topfoodmachine.com\/wp-content\/uploads\/2023\/11\/egg-rolls-1.webp 720w, https:\/\/topfoodmachine.com\/wp-content\/uploads\/2023\/11\/egg-rolls-1-300x225.webp 300w, https:\/\/topfoodmachine.com\/wp-content\/uploads\/2023\/11\/egg-rolls-1-16x12.webp 16w\" sizes=\"auto, (max-width: 720px) 100vw, 720px\" \/><figcaption class=\"wp-element-caption\">rolinhos de ovo<\/figcaption><\/figure>    <h2 class=\"wp-block-heading\">Entre em contato conosco!<\/h2>    <p>Em resumo, a nossa m\u00e1quina de rolinhos de ovo destaca-se pela sua constru\u00e7\u00e3o dur\u00e1vel, controle de temperatura preciso e fun\u00e7\u00f5es autom\u00e1ticas eficientes, tornando-a uma excelente escolha para a produ\u00e7\u00e3o de rolinhos de ovo de alta qualidade. Com configura\u00e7\u00f5es personaliz\u00e1veis e recursos vers\u00e1teis, garante resultados consistentes e deliciosos a cada lote.<\/p>    <p class=\"translation-block\">Al\u00e9m disso, oferecemos uma variedade de outras m\u00e1quinas de processamento de alimentos para atender a v\u00e1rias necessidades de produ\u00e7\u00e3o, incluindo <a href=\"https:\/\/topfoodmachine.com\/pt\/product\/ice-cream-cone-making-machine\/\" data-type=\"link\" data-id=\"https:\/\/topfoodmachine.com\/product\/ice-cream-cone-making-machine\/\">m\u00e1quinas de fazer casquinhas de sorvete<\/a>, <a href=\"https:\/\/topfoodmachine.com\/pt\/product\/cookie-making-machine\/\" data-type=\"link\" data-id=\"https:\/\/topfoodmachine.com\/product\/cookie-making-machine\/\">m\u00e1quinas de fazer biscoitos<\/a>, e <a href=\"https:\/\/topfoodmachine.com\/pt\/product\/cupcake-filling-machine\/\" data-type=\"link\" data-id=\"https:\/\/topfoodmachine.com\/product\/cupcake-filling-machine\/\">m\u00e1quinas de recheio de cupcakes<\/a>. Explore nossa linha completa de produtos para encontrar a solu\u00e7\u00e3o perfeita para suas necessidades de produ\u00e7\u00e3o.<\/p>    <figure class=\"wp-block-gallery has-nested-images columns-default is-cropped wp-block-gallery-4 is-layout-flex wp-block-gallery-is-layout-flex\"> <figure class=\"wp-block-image size-large\"><img loading=\"lazy\" decoding=\"async\" width=\"720\" height=\"540\" data-id=\"1303\" src=\"https:\/\/topfoodmachine.com\/wp-content\/uploads\/2024\/05\/Ice-cream-cone-making-machine-for-business.webp\" alt=\"M\u00e1quina de fazer cone de sorvete para neg\u00f3cios\" class=\"wp-image-1303\" srcset=\"https:\/\/topfoodmachine.com\/wp-content\/uploads\/2024\/05\/Ice-cream-cone-making-machine-for-business.webp 720w, https:\/\/topfoodmachine.com\/wp-content\/uploads\/2024\/05\/Ice-cream-cone-making-machine-for-business-300x225.webp 300w, https:\/\/topfoodmachine.com\/wp-content\/uploads\/2024\/05\/Ice-cream-cone-making-machine-for-business-16x12.webp 16w\" sizes=\"auto, (max-width: 720px) 100vw, 720px\" \/><figcaption class=\"wp-element-caption\">M\u00e1quina de fazer cone de sorvete para neg\u00f3cios<\/figcaption><\/figure>    <figure class=\"wp-block-image size-large\"><img loading=\"lazy\" decoding=\"async\" width=\"720\" height=\"540\" data-id=\"1236\" src=\"https:\/\/topfoodmachine.com\/wp-content\/uploads\/2024\/04\/Cookie-making-machine.webp\" alt=\"M\u00e1quina de fazer biscoitos\" class=\"wp-image-1236\" srcset=\"https:\/\/topfoodmachine.com\/wp-content\/uploads\/2024\/04\/Cookie-making-machine.webp 720w, https:\/\/topfoodmachine.com\/wp-content\/uploads\/2024\/04\/Cookie-making-machine-300x225.webp 300w, https:\/\/topfoodmachine.com\/wp-content\/uploads\/2024\/04\/Cookie-making-machine-16x12.webp 16w\" sizes=\"auto, (max-width: 720px) 100vw, 720px\" \/><figcaption class=\"wp-element-caption\">M\u00e1quina de fazer biscoitos<\/figcaption><\/figure>    <figure class=\"wp-block-image size-large\"><img loading=\"lazy\" decoding=\"async\" width=\"720\" height=\"540\" data-id=\"1224\" src=\"https:\/\/topfoodmachine.com\/wp-content\/uploads\/2024\/04\/Cupcake-filling-machine.webp\" alt=\"M\u00e1quina de rechear cupcakes\" class=\"wp-image-1224\" srcset=\"https:\/\/topfoodmachine.com\/wp-content\/uploads\/2024\/04\/Cupcake-filling-machine.webp 720w, https:\/\/topfoodmachine.com\/wp-content\/uploads\/2024\/04\/Cupcake-filling-machine-300x225.webp 300w, https:\/\/topfoodmachine.com\/wp-content\/uploads\/2024\/04\/Cupcake-filling-machine-16x12.webp 16w\" sizes=\"auto, (max-width: 720px) 100vw, 720px\" \/><figcaption class=\"wp-element-caption\">M\u00e1quina de rechear cupcakes<\/figcaption><\/figure> <\/figure>","protected":false},"excerpt":{"rendered":"<p>A m\u00e1quina autom\u00e1tica de rolinhos de ovo \u00e9 altamente vers\u00e1til, capaz de produzir uma ampla variedade de petiscos crocantes. <\/p>","protected":false},"author":1,"featured_media":887,"parent":0,"template":"","tags":[71,30,51],"product-type":[6],"class_list":["post-886","product","type-product","status-publish","has-post-thumbnail","hentry","tag-egg-roll-machine","tag-food-machine","tag-food-processing","product-type-pastry-production-machine"],"_links":{"self":[{"href":"https:\/\/topfoodmachine.com\/pt\/wp-json\/wp\/v2\/product\/886","targetHints":{"allow":["GET"]}}],"collection":[{"href":"https:\/\/topfoodmachine.com\/pt\/wp-json\/wp\/v2\/product"}],"about":[{"href":"https:\/\/topfoodmachine.com\/pt\/wp-json\/wp\/v2\/types\/product"}],"author":[{"embeddable":true,"href":"https:\/\/topfoodmachine.com\/pt\/wp-json\/wp\/v2\/users\/1"}],"wp:featuredmedia":[{"embeddable":true,"href":"https:\/\/topfoodmachine.com\/pt\/wp-json\/wp\/v2\/media\/887"}],"wp:attachment":[{"href":"https:\/\/topfoodmachine.com\/pt\/wp-json\/wp\/v2\/media?parent=886"}],"wp:term":[{"taxonomy":"post_tag","embeddable":true,"href":"https:\/\/topfoodmachine.com\/pt\/wp-json\/wp\/v2\/tags?post=886"},{"taxonomy":"product-type","embeddable":true,"href":"https:\/\/topfoodmachine.com\/pt\/wp-json\/wp\/v2\/product-type?post=886"}],"curies":[{"name":"wp","href":"https:\/\/api.w.org\/{rel}","templated":true}]}}