{"id":872,"date":"2023-10-31T09:35:20","date_gmt":"2023-10-31T01:35:20","guid":{"rendered":"https:\/\/topfoodmachine.com\/?post_type=product&#038;p=872"},"modified":"2023-11-02T11:10:34","modified_gmt":"2023-11-02T03:10:34","slug":"rice-cake-machine","status":"publish","type":"product","link":"https:\/\/topfoodmachine.com\/pt\/product\/rice-cake-machine\/","title":{"rendered":"M\u00e1quina de bolo de arroz"},"content":{"rendered":"<div class=\"kk-star-ratings kksr-auto kksr-align-left kksr-valign-top\"     data-payload='{&quot;align&quot;:&quot;left&quot;,&quot;id&quot;:&quot;872&quot;,&quot;slug&quot;:&quot;default&quot;,&quot;valign&quot;:&quot;top&quot;,&quot;ignore&quot;:&quot;&quot;,&quot;reference&quot;:&quot;auto&quot;,&quot;class&quot;:&quot;&quot;,&quot;count&quot;:&quot;7&quot;,&quot;legendonly&quot;:&quot;&quot;,&quot;readonly&quot;:&quot;&quot;,&quot;score&quot;:&quot;4.6&quot;,&quot;starsonly&quot;:&quot;&quot;,&quot;best&quot;:&quot;5&quot;,&quot;gap&quot;:&quot;5&quot;,&quot;greet&quot;:&quot;Rate this product&quot;,&quot;legend&quot;:&quot;4.6\\\/5 - (7 votes)&quot;,&quot;size&quot;:&quot;24&quot;,&quot;title&quot;:&quot;Rice cake machine&quot;,&quot;width&quot;:&quot;130.9&quot;,&quot;_legend&quot;:&quot;{score}\\\/{best} - ({count} {votes})&quot;,&quot;font_factor&quot;:&quot;1.25&quot;}'>              <div class=\"kksr-stars\">      <div class=\"kksr-stars-inactive\">             <div class=\"kksr-star\" data-star=\"1\" style=\"padding-right: 5px\">               <div class=\"kksr-icon\" style=\"width: 24px; height: 24px;\"><\/div>         <\/div>             <div class=\"kksr-star\" data-star=\"2\" style=\"padding-right: 5px\">               <div class=\"kksr-icon\" style=\"width: 24px; height: 24px;\"><\/div>         <\/div>             <div class=\"kksr-star\" data-star=\"3\" style=\"padding-right: 5px\">               <div class=\"kksr-icon\" style=\"width: 24px; height: 24px;\"><\/div>         <\/div>             <div class=\"kksr-star\" data-star=\"4\" style=\"padding-right: 5px\">               <div class=\"kksr-icon\" style=\"width: 24px; height: 24px;\"><\/div>         <\/div>             <div class=\"kksr-star\" data-star=\"5\" style=\"padding-right: 5px\">               <div class=\"kksr-icon\" style=\"width: 24px; height: 24px;\"><\/div>         <\/div>     <\/div>      <div class=\"kksr-stars-active\" style=\"width: 130.9px;\">             <div class=\"kksr-star\" style=\"padding-right: 5px\">               <div class=\"kksr-icon\" style=\"width: 24px; height: 24px;\"><\/div>         <\/div>             <div class=\"kksr-star\" style=\"padding-right: 5px\">               <div class=\"kksr-icon\" style=\"width: 24px; height: 24px;\"><\/div>         <\/div>             <div class=\"kksr-star\" style=\"padding-right: 5px\">               <div class=\"kksr-icon\" style=\"width: 24px; height: 24px;\"><\/div>         <\/div>             <div class=\"kksr-star\" style=\"padding-right: 5px\">               <div class=\"kksr-icon\" style=\"width: 24px; height: 24px;\"><\/div>         <\/div>             <div class=\"kksr-star\" style=\"padding-right: 5px\">               <div class=\"kksr-icon\" style=\"width: 24px; height: 24px;\"><\/div>         <\/div>     <\/div> <\/div>                   <div class=\"kksr-legend\" style=\"font-size: 19.2px;\">             4,6\/5 - (7 votos)    <\/div>     <\/div>  <p>No reino da inova\u00e7\u00e3o culin\u00e1ria, a M\u00e1quina de Bolos de Arroz se destaca como um testemunho not\u00e1vel da fus\u00e3o de tradi\u00e7\u00e3o e tecnologia. Este aparelho engenhoso redefine a maneira como interagimos com um dos alimentos mais antigos e mais queridos do mundo - o arroz. Com engenharia de precis\u00e3o e design amig\u00e1vel, capacita os indiv\u00edduos a criar bolos de arroz deliciosos sem esfor\u00e7o, transcendendo as fronteiras de sabor e textura.<\/p>    <p>J\u00e1 se foram os dias dos processos manuais intensivos em m\u00e3o-de-obra. A M\u00e1quina de Bolo de Arroz automatiza e agiliza a produ\u00e7\u00e3o, garantindo sempre resultados consistentes. Ao aproveitar o poder do calor, da press\u00e3o e de ingredientes cuidadosamente selecionados, este aparelho transforma o arroz comum em del\u00edcias culin\u00e1rias extraordin\u00e1rias.<\/p>    <figure class=\"wp-block-image size-full\"><img loading=\"lazy\" decoding=\"async\" width=\"720\" height=\"540\" src=\"https:\/\/topfoodmachine.com\/wp-content\/uploads\/2023\/10\/korea-rice-cake-machine.webp\" alt=\"m\u00e1quina de bolo de arroz coreia\" class=\"wp-image-874\" srcset=\"https:\/\/topfoodmachine.com\/wp-content\/uploads\/2023\/10\/korea-rice-cake-machine.webp 720w, https:\/\/topfoodmachine.com\/wp-content\/uploads\/2023\/10\/korea-rice-cake-machine-300x225.webp 300w\" sizes=\"auto, (max-width: 720px) 100vw, 720px\" \/><figcaption class=\"wp-element-caption\">m\u00e1quina de bolo de arroz coreia<\/figcaption><\/figure>    <h2 class=\"wp-block-heading\">Principais caracter\u00edsticas e vantagens da m\u00e1quina de bolo de arroz<\/h2>    <ul class=\"wp-block-list\"> <li>Controle Autom\u00e1tico de Temperatura: Ao utilizar um instrumento importado de controle de temperatura PID de alto padr\u00e3o, a m\u00e1quina alcan\u00e7a um controle preciso de temperatura, garantindo que ela opere consistentemente na temperatura definida. Isto n\u00e3o s\u00f3 economiza energia, mas tamb\u00e9m garante um dimensionamento uniforme do produto.<\/li>    <li>Interface amig\u00e1vel: O painel exibe claramente a temperatura atual e a temperatura designada, facilitando a opera\u00e7\u00e3o direta.<\/li>    <li>Robusta e Dur\u00e1vel: Apresentando uma configura\u00e7\u00e3o de duplo mola e duplo amortecedor, a vida \u00fatil da m\u00e1quina \u00e9 significativamente estendida enquanto minimiza o ru\u00eddo operacional.<\/li>    <li>F\u00e1cil opera\u00e7\u00e3o e manuten\u00e7\u00e3o: Utilizando um motor CA monof\u00e1sico e acionamento por corrente, a m\u00e1quina possui uma estrutura projetada de forma l\u00f3gica. A manuten\u00e7\u00e3o de rotina e a substitui\u00e7\u00e3o de componentes s\u00e3o excepcionalmente convenientes.<\/li>    <li>Gerenciamento preciso de press\u00e3o: A v\u00e1lvula reguladora de press\u00e3o foi reprojetada para oferecer um controle de press\u00e3o mais conveniente e preciso em compara\u00e7\u00e3o com itera\u00e7\u00f5es anteriores.<\/li>    <li>Tamanho Compacto: Sem comprometer o desempenho da m\u00e1quina, o tamanho foi minimizado, facilitando a coloca\u00e7\u00e3o em v\u00e1rios locais. Voc\u00ea pode se libertar das restri\u00e7\u00f5es de espa\u00e7o e realizar atividades comerciais.<\/li> <\/ul>    <figure class=\"wp-block-gallery has-nested-images columns-default is-cropped wp-block-gallery-2 is-layout-flex wp-block-gallery-is-layout-flex\"> <figure class=\"wp-block-image size-large is-style-default\"><img loading=\"lazy\" decoding=\"async\" width=\"720\" height=\"540\" data-id=\"876\" src=\"https:\/\/topfoodmachine.com\/wp-content\/uploads\/2023\/10\/rice-cake.webp\" alt=\"bolo de arroz\" class=\"wp-image-876\" srcset=\"https:\/\/topfoodmachine.com\/wp-content\/uploads\/2023\/10\/rice-cake.webp 720w, https:\/\/topfoodmachine.com\/wp-content\/uploads\/2023\/10\/rice-cake-300x225.webp 300w\" sizes=\"auto, (max-width: 720px) 100vw, 720px\" \/><figcaption class=\"wp-element-caption\">bolo de arroz<\/figcaption><\/figure>    <figure class=\"wp-block-image size-large\"><img loading=\"lazy\" decoding=\"async\" width=\"720\" height=\"540\" data-id=\"875\" src=\"https:\/\/topfoodmachine.com\/wp-content\/uploads\/2023\/10\/rice-cake-making.webp\" alt=\"fazer bolo de arroz\" class=\"wp-image-875\" srcset=\"https:\/\/topfoodmachine.com\/wp-content\/uploads\/2023\/10\/rice-cake-making.webp 720w, https:\/\/topfoodmachine.com\/wp-content\/uploads\/2023\/10\/rice-cake-making-300x225.webp 300w\" sizes=\"auto, (max-width: 720px) 100vw, 720px\" \/><figcaption class=\"wp-element-caption\">fazer bolo de arroz<\/figcaption><\/figure> <\/figure>    <h2 class=\"wp-block-heading\">Diferentes tipos de m\u00e1quina de bolo de arroz estourado<\/h2>    <h3 class=\"wp-block-heading\">1. <strong>TZ-150: M\u00e1quina de lanche instant\u00e2neo<\/strong><\/h3>    <ul class=\"wp-block-list\"> <li><strong>Caracter\u00edsticas:<\/strong> O modelo TZ-150 \u00e9 a nossa m\u00e1quina de salgadinhos instant\u00e2neos da s\u00e9rie de bolo de arroz. Utilizando arroz artificial cuidadosamente selecionado como ingrediente principal, emprega um trabalho artesanal preciso para produzir biscoitos crocantes e deliciosos \u00e0 base de gr\u00e3os bem na frente do cliente. Esta capacidade \u00fanica permite aos clientes n\u00e3o apenas saborear guloseimas rec\u00e9m-assadas, mas tamb\u00e9m participar do agrad\u00e1vel processo de cria\u00e7\u00e3o.<\/li>    <li><strong>Efeito sonoro pop:<\/strong> Quando os biscoitos saltam da m\u00e1quina, emitem um som distinto de \"pop\", da\u00ed o apelido brincalh\u00e3o de \"Pop.\" Esse som se tornou uma caracter\u00edstica \u00fanica que captura a aten\u00e7\u00e3o dos clientes, adicionando interatividade e entretenimento a todo o processo de produ\u00e7\u00e3o.<\/li>    <li><strong>Caracter\u00edsticas de textura:<\/strong> Os biscoitos resultantes apresentam uma textura macia e crocante, tornando-os um lanche de gr\u00e3os emergente, delicioso e saud\u00e1vel, apreciado por v\u00e1rias faixas et\u00e1rias.<\/li> <\/ul>    <figure class=\"wp-block-table\"><table><tbody><tr><td>Tamanho<\/td><td>Capacidade<\/td><td>Poder<\/td><td>Tens\u00e3o<\/td><td>Di\u00e2metro<\/td><td>Peso<\/td><\/tr><tr><td>480*320*560cm<\/td><td>400-420 unidades\/hora<\/td><td>1490 W<\/td><td>110v\/220v<\/td><td>13-15cm<\/td><td>68,5kg<\/td><\/tr><\/tbody><\/table><\/figure>    <h3 class=\"wp-block-heading\">2. <strong>TZ-150H: ador\u00e1vel variante em formato de cora\u00e7\u00e3o<\/strong><\/h3>    <ul class=\"wp-block-list\"> <li><strong>Caracter\u00edsticas:<\/strong> O TZ-150H \u00e9 uma vers\u00e3o evolu\u00edda do TZ-150, compartilhando apar\u00eancia e par\u00e2metros id\u00eanticos. A \u00fanica diferen\u00e7a est\u00e1 no formato do produto em formato de cora\u00e7\u00e3o, que confere um toque art\u00edstico e ador\u00e1vel aos biscoitos, tornando-os altamente apelativos.<\/li> <\/ul>    <figure class=\"wp-block-image size-full\"><img loading=\"lazy\" decoding=\"async\" width=\"720\" height=\"540\" src=\"https:\/\/topfoodmachine.com\/wp-content\/uploads\/2023\/10\/different-molds-of-rice-cake-maker.webp\" alt=\"diferentes moldes de fabricante de bolo de arroz\" class=\"wp-image-877\" srcset=\"https:\/\/topfoodmachine.com\/wp-content\/uploads\/2023\/10\/different-molds-of-rice-cake-maker.webp 720w, https:\/\/topfoodmachine.com\/wp-content\/uploads\/2023\/10\/different-molds-of-rice-cake-maker-300x225.webp 300w\" sizes=\"auto, (max-width: 720px) 100vw, 720px\" \/><figcaption class=\"wp-element-caption\">diferentes moldes de fabricante de bolo de arroz<\/figcaption><\/figure>    <h3 class=\"wp-block-heading\">3. <strong>TZ-150S: Mini modelo de alto rendimento<\/strong><\/h3>    <ul class=\"wp-block-list\"> <li><strong>Caracter\u00edsticas:<\/strong> O TZ-150S \u00e9 um modelo exclusivo em nossa linha de produtos, apresentando design compacto e di\u00e2metro de produto de apenas 11 cent\u00edmetros. Apesar de seu pequeno tamanho, possui uma maior capacidade de produ\u00e7\u00e3o. Pode produzir at\u00e9 800 biscoitos por hora, o dobro da capacidade de produ\u00e7\u00e3o de m\u00e1quinas similares do mercado.<\/li>    <li><strong>Cen\u00e1rios adequados:<\/strong> Particularmente adequado para ambientes comerciais que exigem uma produ\u00e7\u00e3o eficiente. Seu tamanho pequeno tamb\u00e9m o torna adequado para coloca\u00e7\u00e3o em ambientes com espa\u00e7o limitado.<\/li> <\/ul>    <figure class=\"wp-block-table\"><table><tbody><tr><td>Tamanho<\/td><td>Capacidade<\/td><td>Poder<\/td><td>Tens\u00e3o<\/td><td>Di\u00e2metro<\/td><td>Peso<\/td><\/tr><tr><td>480*320*560cm<\/td><td>800 unidades\/hora<\/td><td>1490 W<\/td><td>110v\/220v<\/td><td>10-12cm<\/td><td>68,5kg<\/td><\/tr><\/tbody><\/table><\/figure>    <figure class=\"wp-block-image size-full\"><img loading=\"lazy\" decoding=\"async\" width=\"720\" height=\"540\" src=\"https:\/\/topfoodmachine.com\/wp-content\/uploads\/2023\/10\/automatic-puffed-rice-cake-making-machine.webp\" alt=\"m\u00e1quina autom\u00e1tica de fazer bolo de arroz tufado\" class=\"wp-image-878\" srcset=\"https:\/\/topfoodmachine.com\/wp-content\/uploads\/2023\/10\/automatic-puffed-rice-cake-making-machine.webp 720w, https:\/\/topfoodmachine.com\/wp-content\/uploads\/2023\/10\/automatic-puffed-rice-cake-making-machine-300x225.webp 300w\" sizes=\"auto, (max-width: 720px) 100vw, 720px\" \/><figcaption class=\"wp-element-caption\">m\u00e1quina autom\u00e1tica de fazer bolo de arroz tufado<\/figcaption><\/figure>    <h3 class=\"wp-block-heading\">4. <strong>TZ-90: Op\u00e7\u00e3o Multi-Gr\u00e3os<\/strong><\/h3>    <ul class=\"wp-block-list\"> <li><strong>Caracter\u00edsticas:<\/strong> O destaque do TZ-90 \u00e9 sua capacidade de usar v\u00e1rios tipos de gr\u00e3os como mat\u00e9rias-primas, n\u00e3o se limitando ao arroz artificial. Isso o torna altamente vers\u00e1til e adequado para uma gama mais ampla de aplica\u00e7\u00f5es. Este ano, extensas atualiza\u00e7\u00f5es foram feitas na m\u00e1quina, tornando-a mais robusta e dur\u00e1vel, ganhando a reputa\u00e7\u00e3o de ter a melhor qualidade entre m\u00e1quinas do seu tipo.<\/li>    <li><strong>Cen\u00e1rios adequados:<\/strong> Especialmente indicado para situa\u00e7\u00f5es onde \u00e9 necess\u00e1ria flexibilidade na sele\u00e7\u00e3o da mat\u00e9ria-prima durante a produ\u00e7\u00e3o, proporcionando maior comodidade.<\/li> <\/ul>    <figure class=\"wp-block-table\"><table><tbody><tr><td>Tamanho<\/td><td>Capacidade<\/td><td>Poder<\/td><td>Tens\u00e3o<\/td><td>Di\u00e2metro<\/td><td>Peso<\/td><\/tr><tr><td>480*310*540cm<\/td><td>360 unidades\/hora<\/td><td>1520 W<\/td><td>110v\/220v<\/td><td>8cm<\/td><td>68,5kg<\/td><\/tr><\/tbody><\/table><\/figure>    <figure class=\"wp-block-image size-full\"><img loading=\"lazy\" decoding=\"async\" width=\"720\" height=\"540\" src=\"https:\/\/topfoodmachine.com\/wp-content\/uploads\/2023\/10\/rice-cake-machine-for-sale.webp\" alt=\"Vendo m\u00e1quina de bolo de arroz\" class=\"wp-image-879\" srcset=\"https:\/\/topfoodmachine.com\/wp-content\/uploads\/2023\/10\/rice-cake-machine-for-sale.webp 720w, https:\/\/topfoodmachine.com\/wp-content\/uploads\/2023\/10\/rice-cake-machine-for-sale-300x225.webp 300w\" sizes=\"auto, (max-width: 720px) 100vw, 720px\" \/><figcaption class=\"wp-element-caption\">Vendo m\u00e1quina de bolo de arroz<\/figcaption><\/figure>    <p>Estes quatro modelos t\u00eam cada um as suas caracter\u00edsticas \u00fanicas, atendendo a diferentes necessidades e cen\u00e1rios. Quer esteja a procurar snacks instant\u00e2neos, formas encantadoras, alta produ\u00e7\u00e3o ou a flexibilidade de usar v\u00e1rios gr\u00e3os, a nossa s\u00e9rie de m\u00e1quinas de bolachas de arroz tem tudo o que precisa, melhorando os seus esfor\u00e7os empresariais.<\/p>    <h2 class=\"wp-block-heading\">Processo de trabalho da m\u00e1quina de bolo de arroz tufado<\/h2>    <ol class=\"wp-block-list\"> <li><strong>Alimentando:<\/strong> <ul class=\"wp-block-list\"> <li>Comece colocando a mat\u00e9ria-prima pr\u00e9-preparada (arroz artificial ou gr\u00e3os mistos) na entrada de alimenta\u00e7\u00e3o da m\u00e1quina.<\/li> <\/ul> <\/li>    <li><strong>Aquecimento e Moldagem:<\/strong> <ul class=\"wp-block-list\"> <li>Assim que a mat\u00e9ria-prima entra na m\u00e1quina, ela \u00e9 direcionada para a \u00e1rea de aquecimento. Aqui, o aquecimento controlado torna o material flex\u00edvel para moldagem. Posteriormente, atrav\u00e9s de um molde ou dispositivo de moldagem, o material aquecido \u00e9 comprimido no formato desejado, formando um bolo de arroz.<\/li> <\/ul> <\/li>    <li><strong>Extra\u00e7\u00e3o e Coleta:<\/strong> <ul class=\"wp-block-list\"> <li>Ap\u00f3s a conclus\u00e3o da moldagem, o bolo de arroz rec\u00e9m-formado \u00e9 extra\u00eddo da m\u00e1quina e coletado em um recipiente ou local designado para processamento ou embalagem posterior.<\/li> <\/ul> <\/li> <\/ol>    <figure class=\"wp-block-embed is-type-video is-provider-youtube wp-block-embed-youtube wp-embed-aspect-16-9 wp-has-aspect-ratio\"><div class=\"wp-block-embed__wrapper\"> <iframe loading=\"lazy\" title=\"De ingredientes crus a lanches irresist\u00edveis: veja nossa m\u00e1quina de bolo de arroz em a\u00e7\u00e3o! #riscobolo\" width=\"500\" height=\"281\" src=\"https:\/\/www.youtube.com\/embed\/ekiXiKtVr-w?start=11&#038;feature=oembed\" frameborder=\"0\" allow=\"accelerometer; autoplay; clipboard-write; encrypted-media; gyroscope; picture-in-picture; web-share\" referrerpolicy=\"strict-origin-when-cross-origin\" allowfullscreen><\/iframe> <\/div><\/figure>    <h2 class=\"wp-block-heading\">Estrutura da m\u00e1quina de bolo de arroz<\/h2>    <ol class=\"wp-block-list\"> <li><strong>Entrada de alimenta\u00e7\u00e3o:<\/strong> <ul class=\"wp-block-list\"> <li>Este \u00e9 o ponto de entrada para a coloca\u00e7\u00e3o da mat\u00e9ria-prima, muitas vezes projetado para garantir uma entrada suave do material na m\u00e1quina.<\/li> <\/ul> <\/li>    <li><strong>\u00c1rea de aquecimento:<\/strong> <ul class=\"wp-block-list\"> <li>\u00c9 aqui que a mat\u00e9ria-prima \u00e9 submetida a um aquecimento controlado, normalmente equipado com elementos de aquecimento ou aquecedor para fornecer a temperatura necess\u00e1ria.<\/li> <\/ul> <\/li>    <li><strong>Molde ou dispositivo de moldagem:<\/strong> <ul class=\"wp-block-list\"> <li>Seguindo a \u00e1rea de aquecimento, a m\u00e1quina normalmente \u00e9 equipada com um molde ou dispositivo de moldagem para comprimir o material aquecido no formato desejado, formando o bolo de arroz.<\/li> <\/ul> <\/li>    <li><strong>Sa\u00edda de descarga:<\/strong> <ul class=\"wp-block-list\"> <li>Ap\u00f3s a moldagem, o bolo de arroz \u00e9 liberado ou descarregado pela sa\u00edda para um recipiente coletor.<\/li> <\/ul> <\/li>    <li><strong>Painel de controle:<\/strong> <ul class=\"wp-block-list\"> <li>Isso serve como centro de controle da m\u00e1quina, abrigando bot\u00f5es para opera\u00e7\u00f5es como iniciar, parar, ajuste de temperatura e muito mais.<\/li> <\/ul> <\/li>    <li><strong>Sistema de controle de aquecimento:<\/strong> <ul class=\"wp-block-list\"> <li>Esta se\u00e7\u00e3o inclui componentes e sistemas que controlam a fun\u00e7\u00e3o de aquecimento da m\u00e1quina.<\/li> <\/ul> <\/li>    <li><strong>Inv\u00f3lucro:<\/strong> <ul class=\"wp-block-list\"> <li>A carca\u00e7a \u00e9 a prote\u00e7\u00e3o externa de toda a m\u00e1quina, protegendo os componentes internos de fatores ambientais externos.<\/li> <\/ul> <\/li> <\/ol>    <figure class=\"wp-block-image size-full\"><img loading=\"lazy\" decoding=\"async\" width=\"720\" height=\"540\" src=\"https:\/\/topfoodmachine.com\/wp-content\/uploads\/2023\/10\/popped-rice-cake-machine.webp\" alt=\"m\u00e1quina de bolo de arroz estourado\" class=\"wp-image-880\" srcset=\"https:\/\/topfoodmachine.com\/wp-content\/uploads\/2023\/10\/popped-rice-cake-machine.webp 720w, https:\/\/topfoodmachine.com\/wp-content\/uploads\/2023\/10\/popped-rice-cake-machine-300x225.webp 300w\" sizes=\"auto, (max-width: 720px) 100vw, 720px\" \/><figcaption class=\"wp-element-caption\">m\u00e1quina de bolo de arroz estourado<\/figcaption><\/figure>    <h2 class=\"wp-block-heading\">Aplica\u00e7\u00f5es da m\u00e1quina de bolo de arroz Coreia<\/h2>    <ol class=\"wp-block-list\"> <li><strong>Ind\u00fastria aliment\u00edcia:<\/strong> <ul class=\"wp-block-list\"> <li><em>Produ\u00e7\u00e3o de lanche:<\/em> A m\u00e1quina de bolo de arroz \u00e9 comumente usada em instala\u00e7\u00f5es de produ\u00e7\u00e3o de salgadinhos para criar bolos de arroz crocantes e saborosos. Eles podem ser aromatizados, revestidos ou combinados com outros ingredientes para criar uma variedade de salgadinhos.<\/li> <\/ul> <\/li>    <li><strong>Cozinhas Comerciais:<\/strong> <ul class=\"wp-block-list\"> <li><em>Restaurante e Cafeteria:<\/em> Restaurantes e lanchonetes podem usar m\u00e1quinas de bolo de arroz para produzir bolos de arroz frescos e personalizados para seus card\u00e1pios. Isso permite apresenta\u00e7\u00f5es culin\u00e1rias criativas.<\/li> <\/ul> <\/li>    <li><strong>Lojas de alimentos naturais:<\/strong> <ul class=\"wp-block-list\"> <li><em>Lanches saud\u00e1veis:<\/em> Lojas de alimentos naturais e lojas especializadas podem usar m\u00e1quinas de bolo de arroz para criar op\u00e7\u00f5es de lanches nutritivos e de baixa caloria para clientes preocupados com a sa\u00fade.<\/li> <\/ul> <\/li>    <li><strong>Centros de Fitness e Bem-Estar:<\/strong> <ul class=\"wp-block-list\"> <li><em>Programas diet\u00e9ticos:<\/em> Os bolos de arroz s\u00e3o frequentemente inclu\u00eddos em programas de condicionamento f\u00edsico e diet\u00e9ticos devido ao seu baixo teor cal\u00f3rico. Centros de fitness e bem-estar podem usar m\u00e1quinas de bolo de arroz para fornecer lanches frescos e saud\u00e1veis \u200b\u200baos seus clientes.<\/li> <\/ul> <\/li>    <li><strong>Plantas de fabrica\u00e7\u00e3o de alimentos:<\/strong> <ul class=\"wp-block-list\"> <li><em>Produ\u00e7\u00e3o em larga escala:<\/em> As f\u00e1bricas de alimentos utilizam m\u00e1quinas de bolo de arroz de n\u00edvel industrial para a produ\u00e7\u00e3o de bolos de arroz em alto volume. Estes podem ser distribu\u00eddos para v\u00e1rios pontos de venda.<\/li> <\/ul> <\/li>    <li><strong>Servi\u00e7os de catering:<\/strong> <ul class=\"wp-block-list\"> <li><em>Catering para eventos:<\/em> Os servi\u00e7os de catering podem incorporar bolos de arroz em seus card\u00e1pios para eventos, proporcionando uma op\u00e7\u00e3o de lanche \u00fanica e saud\u00e1vel aos convidados.<\/li> <\/ul> <\/li>    <li><strong>Empresas de alimentos especializados:<\/strong> <ul class=\"wp-block-list\"> <li><em>Petiscos Artesanais:<\/em> As empresas de alimentos especializados focadas em lanches artesanais podem usar m\u00e1quinas de bolo de arroz para criar produtos exclusivos e de alta qualidade.<\/li> <\/ul> <\/li> <\/ol>    <figure class=\"wp-block-image size-full\"><img loading=\"lazy\" decoding=\"async\" width=\"720\" height=\"540\" src=\"https:\/\/topfoodmachine.com\/wp-content\/uploads\/2023\/10\/rice-cake-making-machine.webp\" alt=\"m\u00e1quina de fazer bolo de arroz\" class=\"wp-image-881\" srcset=\"https:\/\/topfoodmachine.com\/wp-content\/uploads\/2023\/10\/rice-cake-making-machine.webp 720w, https:\/\/topfoodmachine.com\/wp-content\/uploads\/2023\/10\/rice-cake-making-machine-300x225.webp 300w\" sizes=\"auto, (max-width: 720px) 100vw, 720px\" \/><figcaption class=\"wp-element-caption\">m\u00e1quina de fazer bolo de arroz<\/figcaption><\/figure>    <p><\/p>    <p><\/p>    <p><\/p>    <p><\/p>","protected":false},"excerpt":{"rendered":"<p>No dom\u00ednio da inova\u00e7\u00e3o culin\u00e1ria, a M\u00e1quina de Bolo de Arroz \u00e9 um testemunho not\u00e1vel da fus\u00e3o entre tradi\u00e7\u00e3o e tecnologia.<\/p>","protected":false},"author":1,"featured_media":873,"parent":0,"template":"","tags":[],"product-type":[6],"class_list":["post-872","product","type-product","status-publish","has-post-thumbnail","hentry","product-type-pastry-production-machine"],"_links":{"self":[{"href":"https:\/\/topfoodmachine.com\/pt\/wp-json\/wp\/v2\/product\/872","targetHints":{"allow":["GET"]}}],"collection":[{"href":"https:\/\/topfoodmachine.com\/pt\/wp-json\/wp\/v2\/product"}],"about":[{"href":"https:\/\/topfoodmachine.com\/pt\/wp-json\/wp\/v2\/types\/product"}],"author":[{"embeddable":true,"href":"https:\/\/topfoodmachine.com\/pt\/wp-json\/wp\/v2\/users\/1"}],"wp:featuredmedia":[{"embeddable":true,"href":"https:\/\/topfoodmachine.com\/pt\/wp-json\/wp\/v2\/media\/873"}],"wp:attachment":[{"href":"https:\/\/topfoodmachine.com\/pt\/wp-json\/wp\/v2\/media?parent=872"}],"wp:term":[{"taxonomy":"post_tag","embeddable":true,"href":"https:\/\/topfoodmachine.com\/pt\/wp-json\/wp\/v2\/tags?post=872"},{"taxonomy":"product-type","embeddable":true,"href":"https:\/\/topfoodmachine.com\/pt\/wp-json\/wp\/v2\/product-type?post=872"}],"curies":[{"name":"wp","href":"https:\/\/api.w.org\/{rel}","templated":true}]}}