{"id":836,"date":"2023-10-25T16:02:06","date_gmt":"2023-10-25T08:02:06","guid":{"rendered":"https:\/\/topfoodmachine.com\/?post_type=product&#038;p=836"},"modified":"2025-06-05T17:25:03","modified_gmt":"2025-06-05T09:25:03","slug":"injera-making-machine","status":"publish","type":"product","link":"https:\/\/topfoodmachine.com\/pt\/product\/injera-making-machine\/","title":{"rendered":"M\u00e1quina de Fazer Injera | M\u00e1quina de Injera da Eti\u00f3pia"},"content":{"rendered":"<div class=\"kk-star-ratings kksr-auto kksr-align-left kksr-valign-top\"     data-payload='{&quot;align&quot;:&quot;left&quot;,&quot;id&quot;:&quot;836&quot;,&quot;slug&quot;:&quot;default&quot;,&quot;valign&quot;:&quot;top&quot;,&quot;ignore&quot;:&quot;&quot;,&quot;reference&quot;:&quot;auto&quot;,&quot;class&quot;:&quot;&quot;,&quot;count&quot;:&quot;14&quot;,&quot;legendonly&quot;:&quot;&quot;,&quot;readonly&quot;:&quot;&quot;,&quot;score&quot;:&quot;4.8&quot;,&quot;starsonly&quot;:&quot;&quot;,&quot;best&quot;:&quot;5&quot;,&quot;gap&quot;:&quot;5&quot;,&quot;greet&quot;:&quot;Rate this product&quot;,&quot;legend&quot;:&quot;4.8\\\/5 - (14 votes)&quot;,&quot;size&quot;:&quot;24&quot;,&quot;title&quot;:&quot;Injera Making Machine | Ethiopia Injera Machine&quot;,&quot;width&quot;:&quot;136.7&quot;,&quot;_legend&quot;:&quot;{score}\\\/{best} - ({count} {votes})&quot;,&quot;font_factor&quot;:&quot;1.25&quot;}'>              <div class=\"kksr-stars\">      <div class=\"kksr-stars-inactive\">             <div class=\"kksr-star\" data-star=\"1\" style=\"padding-right: 5px\">               <div class=\"kksr-icon\" style=\"width: 24px; height: 24px;\"><\/div>         <\/div>             <div class=\"kksr-star\" data-star=\"2\" style=\"padding-right: 5px\">               <div class=\"kksr-icon\" style=\"width: 24px; height: 24px;\"><\/div>         <\/div>             <div class=\"kksr-star\" data-star=\"3\" style=\"padding-right: 5px\">               <div class=\"kksr-icon\" style=\"width: 24px; height: 24px;\"><\/div>         <\/div>             <div class=\"kksr-star\" data-star=\"4\" style=\"padding-right: 5px\">               <div class=\"kksr-icon\" style=\"width: 24px; height: 24px;\"><\/div>         <\/div>             <div class=\"kksr-star\" data-star=\"5\" style=\"padding-right: 5px\">               <div class=\"kksr-icon\" style=\"width: 24px; height: 24px;\"><\/div>         <\/div>     <\/div>      <div class=\"kksr-stars-active\" style=\"width: 136.7px;\">             <div class=\"kksr-star\" style=\"padding-right: 5px\">               <div class=\"kksr-icon\" style=\"width: 24px; height: 24px;\"><\/div>         <\/div>             <div class=\"kksr-star\" style=\"padding-right: 5px\">               <div class=\"kksr-icon\" style=\"width: 24px; height: 24px;\"><\/div>         <\/div>             <div class=\"kksr-star\" style=\"padding-right: 5px\">               <div class=\"kksr-icon\" style=\"width: 24px; height: 24px;\"><\/div>         <\/div>             <div class=\"kksr-star\" style=\"padding-right: 5px\">               <div class=\"kksr-icon\" style=\"width: 24px; height: 24px;\"><\/div>         <\/div>             <div class=\"kksr-star\" style=\"padding-right: 5px\">               <div class=\"kksr-icon\" style=\"width: 24px; height: 24px;\"><\/div>         <\/div>     <\/div> <\/div>                   <div class=\"kksr-legend\" style=\"font-size: 19.2px;\">             4,8\/5 - (14 votos)    <\/div>     <\/div>  <p>A M\u00e1quina de Fazer Injera pode produzir Injera de alta qualidade de forma eficiente e em grandes quantidades, com uma capacidade que varia de 800 a 6000 pe\u00e7as por hora. Compartilhando a mesma tecnologia avan\u00e7ada que a m\u00e1quina de fazer envolt\u00f3rios de rolinhos primavera, esta m\u00e1quina garante resultados consistentes com envolt\u00f3rios apresentando formas regulares e espessura uniforme. <\/p>    <p>Capaz de produzir tanto Injera quadrada quanto redonda, a m\u00e1quina oferece tamanhos personaliz\u00e1veis para atender \u00e0s diversas necessidades dos clientes. Com fun\u00e7\u00f5es integradas como rejunte autom\u00e1tico, cozimento, moldagem e corte, esta m\u00e1quina inovadora n\u00e3o apenas aumenta a produ\u00e7\u00e3o, mas tamb\u00e9m reduz significativamente os custos de m\u00e3o de obra, tornando-se uma escolha ideal para empresas que buscam expandir suas opera\u00e7\u00f5es.<\/p>    <figure class=\"wp-block-embed is-type-video is-provider-youtube wp-block-embed-youtube wp-embed-aspect-16-9 wp-has-aspect-ratio\"><div class=\"wp-block-embed__wrapper\"> <iframe loading=\"lazy\" title=\"Jornadas saborosas: explorando a culin\u00e1ria global com o Injera Maker #injera #injeramachine\" width=\"500\" height=\"281\" src=\"https:\/\/www.youtube.com\/embed\/lA0kdmyA9qg?feature=oembed\" frameborder=\"0\" allow=\"accelerometer; autoplay; clipboard-write; encrypted-media; gyroscope; picture-in-picture; web-share\" referrerpolicy=\"strict-origin-when-cross-origin\" allowfullscreen><\/iframe> <\/div><figcaption class=\"wp-element-caption\">processo de trabalho da m\u00e1quina de fazer injera<\/figcaption><\/figure>    <h2 class=\"wp-block-heading\">Por que a m\u00e1quina de fazer injera se tornou t\u00e3o popular?<\/h2>    <div class=\"wp-block-media-text is-stacked-on-mobile\"><figure class=\"wp-block-media-text__media\"><img loading=\"lazy\" decoding=\"async\" width=\"720\" height=\"540\" src=\"https:\/\/topfoodmachine.com\/wp-content\/uploads\/2023\/10\/Injera-sheet.webp\" alt=\"Folha Injera\" class=\"wp-image-840 size-full\" srcset=\"https:\/\/topfoodmachine.com\/wp-content\/uploads\/2023\/10\/Injera-sheet.webp 720w, https:\/\/topfoodmachine.com\/wp-content\/uploads\/2023\/10\/Injera-sheet-300x225.webp 300w\" sizes=\"auto, (max-width: 720px) 100vw, 720px\" \/><\/figure><div class=\"wp-block-media-text__content\"> <p>Injera, com a sua textura macia e esponjosa e sabor ligeiramente azedo, conquistou os cora\u00e7\u00f5es dos amantes da comida em todo o mundo. <\/p>    <p>Made from teff flour\u2014a gluten-free and nutrient-rich grain\u2014this traditional Ethiopian flatbread is not only healthy but also versatile, pairing well with stews, curries, and vegetables. <\/p>    <p>Its unique role as both food and utensil in Ethiopian cuisine enhances its appeal in international kitchens and restaurants.<\/p> <\/div><\/div>    <div class=\"wp-block-media-text has-media-on-the-right is-stacked-on-mobile\"><div class=\"wp-block-media-text__content\"> <p>As the global appreciation for Ethiopian cuisine grows, so does the demand for authentic injera. To meet this rising demand efficiently and consistently, injera making machines have become increasingly popular. <\/p>    <p>These machines streamline production, ensure uniform quality, and significantly save time and labor, making them an ideal solution for commercial kitchens, bakeries, and food businesses aiming to serve injera at scale.<\/p> <\/div><figure class=\"wp-block-media-text__media\"><img loading=\"lazy\" decoding=\"async\" width=\"720\" height=\"540\" src=\"https:\/\/topfoodmachine.com\/wp-content\/uploads\/2023\/10\/Injera-making.webp\" alt=\"Fazendo Injera\" class=\"wp-image-839 size-full\" srcset=\"https:\/\/topfoodmachine.com\/wp-content\/uploads\/2023\/10\/Injera-making.webp 720w, https:\/\/topfoodmachine.com\/wp-content\/uploads\/2023\/10\/Injera-making-300x225.webp 300w\" sizes=\"auto, (max-width: 720px) 100vw, 720px\" \/><\/figure><\/div>    <h2 class=\"wp-block-heading\">Principais caracter\u00edsticas da m\u00e1quina de fazer injera<\/h2>    <div class=\"wp-block-media-text is-stacked-on-mobile\"><figure class=\"wp-block-media-text__media\"><img loading=\"lazy\" decoding=\"async\" width=\"720\" height=\"540\" src=\"https:\/\/topfoodmachine.com\/wp-content\/uploads\/2023\/10\/Injera-maker.webp\" alt=\"Fabricante de Injera\" class=\"wp-image-845 size-full\" srcset=\"https:\/\/topfoodmachine.com\/wp-content\/uploads\/2023\/10\/Injera-maker.webp 720w, https:\/\/topfoodmachine.com\/wp-content\/uploads\/2023\/10\/Injera-maker-300x225.webp 300w\" sizes=\"auto, (max-width: 720px) 100vw, 720px\" \/><\/figure><div class=\"wp-block-media-text__content\"> <ul class=\"wp-block-list\"> <li><strong>Constru\u00e7\u00e3o dur\u00e1vel<\/strong>. Feita de a\u00e7o inoxid\u00e1vel e ferro fundido de liga especializada, garantindo durabilidade, resist\u00eancia \u00e0 deforma\u00e7\u00e3o e conformidade com rigorosos padr\u00f5es de higiene alimentar.<\/li>    <li><strong>Engenharia de precis\u00e3o<\/strong>. Equipado com um bico de spray para Injera uniforme e fina, e um sistema de controle de temperatura baseado em microcomputador para maciez e textura ideais.<\/li>    <li><strong>Op\u00e7\u00f5es personaliz\u00e1veis<\/strong>. Oferece moldes redondos e quadrados, espessura ajust\u00e1vel e tamanhos personaliz\u00e1veis de 10 a 60 cm para atender a v\u00e1rias necessidades.<\/li> <\/ul> <\/div><\/div>    <div class=\"wp-block-media-text has-media-on-the-right is-stacked-on-mobile\"><div class=\"wp-block-media-text__content\"> <ul class=\"wp-block-list\"> <li><strong>Alta automa\u00e7\u00e3o<\/strong>. Apresenta gotejamento autom\u00e1tico, assamento, corte, dobra, empilhamento e equipamentos de preenchimento opcionais para agilizar a produ\u00e7\u00e3o e economizar m\u00e3o de obra.<\/li>    <li><strong>Design vers\u00e1til<\/strong>. Suporta tanto energia bif\u00e1sica quanto trif\u00e1sica, com m\u00faltiplos m\u00e9todos de aquecimento para atender a diferentes prefer\u00eancias.<\/li>    <li><strong>Produ\u00e7\u00e3o consistente<\/strong>. Produz Injera com espessura e tamanho uniformes, tornando-a ideal para produ\u00e7\u00e3o em escala comercial.<\/li> <\/ul> <\/div><figure class=\"wp-block-media-text__media\"><img loading=\"lazy\" decoding=\"async\" width=\"720\" height=\"540\" src=\"https:\/\/topfoodmachine.com\/wp-content\/uploads\/2023\/10\/Injera-making-machine-with-a-good-price.webp\" alt=\"M\u00e1quina de fazer Injera com bom pre\u00e7o\" class=\"wp-image-846 size-full\" srcset=\"https:\/\/topfoodmachine.com\/wp-content\/uploads\/2023\/10\/Injera-making-machine-with-a-good-price.webp 720w, https:\/\/topfoodmachine.com\/wp-content\/uploads\/2023\/10\/Injera-making-machine-with-a-good-price-300x225.webp 300w\" sizes=\"auto, (max-width: 720px) 100vw, 720px\" \/><\/figure><\/div>    <h2 class=\"wp-block-heading\">M\u00e1quina de fazer injera personalizada<\/h2>    <p>A nossa m\u00e1quina para fazer injera foi concebida para ser flex\u00edvel, permitindo a produ\u00e7\u00e3o em diferentes formas, tamanhos e espessuras para satisfazer as diversas necessidades do mercado. \u00c9 ideal para restaurantes, padarias e f\u00e1bricas de alimentos com diversos objetivos de produ\u00e7\u00e3o.<\/p>    <p>We offer tailor-made solutions based on customer requirements, ensuring consistent, high-quality results. Whether you need round or square injera, or specific dimensions, this machine provides a reliable and versatile solution for efficient injera production.<\/p>    <figure class=\"wp-block-gallery has-nested-images columns-default is-cropped wp-block-gallery-2 is-layout-flex wp-block-gallery-is-layout-flex\"> <figure class=\"wp-block-image size-full\"><img loading=\"lazy\" decoding=\"async\" width=\"720\" height=\"540\" data-id=\"842\" src=\"https:\/\/topfoodmachine.com\/wp-content\/uploads\/2023\/10\/Sheet-Stacking-System.webp\" alt=\"Sistema de empilhamento de folhas\" class=\"wp-image-842\" srcset=\"https:\/\/topfoodmachine.com\/wp-content\/uploads\/2023\/10\/Sheet-Stacking-System.webp 720w, https:\/\/topfoodmachine.com\/wp-content\/uploads\/2023\/10\/Sheet-Stacking-System-300x225.webp 300w\" sizes=\"auto, (max-width: 720px) 100vw, 720px\" \/><figcaption class=\"wp-element-caption\">Sistema de empilhamento de folhas<\/figcaption><\/figure>    <figure class=\"wp-block-image size-full\"><img loading=\"lazy\" decoding=\"async\" width=\"720\" height=\"540\" data-id=\"843\" src=\"https:\/\/topfoodmachine.com\/wp-content\/uploads\/2023\/10\/Conveying-Parts.webp\" alt=\"Transporte de pe\u00e7as\" class=\"wp-image-843\" srcset=\"https:\/\/topfoodmachine.com\/wp-content\/uploads\/2023\/10\/Conveying-Parts.webp 720w, https:\/\/topfoodmachine.com\/wp-content\/uploads\/2023\/10\/Conveying-Parts-300x225.webp 300w\" sizes=\"auto, (max-width: 720px) 100vw, 720px\" \/><figcaption class=\"wp-element-caption\">Transporte de pe\u00e7as<\/figcaption><\/figure> <\/figure>    <h2 class=\"wp-block-heading\">Equipamentos de apoio da m\u00e1quina de fazer injera<\/h2>    <p class=\"translation-block\">A nossa m\u00e1quina de fazer injera oferece uma variedade de op\u00e7\u00f5es para atender \u00e0s diversas necessidades dos nossos clientes. Entre essas op\u00e7\u00f5es, fornecemos a possibilidade de equipar a m\u00e1quina com um misturador de massa e uma <a href=\"https:\/\/toppackingmachine.com\/pillow-packing-machine\/\" data-type=\"link\" data-id=\"https:\/\/toppackingmachine.com\/pillow-packing-machine\/\" target=\"_blank\" rel=\"noopener\">m\u00e1quina de embalagem tipo travesseiro<\/a>. O misturador de massa est\u00e1 dispon\u00edvel em duas capacidades, 30 litros e 50 litros, e inclui um eixo de mistura para misturar os ingredientes da massa.<\/p>    <p>Enquanto isso, a m\u00e1quina de embalagem tipo travesseiro oferece uma solu\u00e7\u00e3o de embalagem conveniente, capaz de embalar dez pe\u00e7as de Injera por pacote. Essas op\u00e7\u00f5es de equipamento podem ser selecionadas com base nos requisitos espec\u00edficos de produ\u00e7\u00e3o e nas prefer\u00eancias operacionais de nossos clientes, garantindo flexibilidade e personaliza\u00e7\u00e3o para atender a v\u00e1rias demandas.<\/p>    <figure class=\"wp-block-gallery has-nested-images columns-default is-cropped wp-block-gallery-3 is-layout-flex wp-block-gallery-is-layout-flex\"> <figure class=\"wp-block-image size-full\"><img loading=\"lazy\" decoding=\"async\" width=\"720\" height=\"540\" data-id=\"841\" src=\"https:\/\/topfoodmachine.com\/wp-content\/uploads\/2023\/10\/batter-machine.webp\" alt=\"m\u00e1quina de massa\" class=\"wp-image-841\" srcset=\"https:\/\/topfoodmachine.com\/wp-content\/uploads\/2023\/10\/batter-machine.webp 720w, https:\/\/topfoodmachine.com\/wp-content\/uploads\/2023\/10\/batter-machine-300x225.webp 300w\" sizes=\"auto, (max-width: 720px) 100vw, 720px\" \/><figcaption class=\"wp-element-caption\">m\u00e1quina de massa<\/figcaption><\/figure>    <figure class=\"wp-block-image size-full\"><img loading=\"lazy\" decoding=\"async\" width=\"720\" height=\"540\" data-id=\"1684\" src=\"https:\/\/topfoodmachine.com\/wp-content\/uploads\/2023\/10\/pillow-packing-machine.webp\" alt=\"m\u00e1quina de embalagem tipo travesseiro\" class=\"wp-image-1684\" srcset=\"https:\/\/topfoodmachine.com\/wp-content\/uploads\/2023\/10\/pillow-packing-machine.webp 720w, https:\/\/topfoodmachine.com\/wp-content\/uploads\/2023\/10\/pillow-packing-machine-300x225.webp 300w, https:\/\/topfoodmachine.com\/wp-content\/uploads\/2023\/10\/pillow-packing-machine-16x12.webp 16w\" sizes=\"auto, (max-width: 720px) 100vw, 720px\" \/><figcaption class=\"wp-element-caption\">m\u00e1quina de embalagem tipo travesseiro<\/figcaption><\/figure> <\/figure>    <h2 class=\"wp-block-heading\">M\u00e9todo de aquecimento da m\u00e1quina de injera et\u00edope<\/h2>    <div class=\"wp-block-media-text is-stacked-on-mobile\"><figure class=\"wp-block-media-text__media\"><img loading=\"lazy\" decoding=\"async\" width=\"720\" height=\"540\" src=\"https:\/\/topfoodmachine.com\/wp-content\/uploads\/2023\/10\/Injera-sheet-machine.webp\" alt=\"M\u00e1quina de chapa Injera\" class=\"wp-image-838 size-full\" srcset=\"https:\/\/topfoodmachine.com\/wp-content\/uploads\/2023\/10\/Injera-sheet-machine.webp 720w, https:\/\/topfoodmachine.com\/wp-content\/uploads\/2023\/10\/Injera-sheet-machine-300x225.webp 300w\" sizes=\"auto, (max-width: 720px) 100vw, 720px\" \/><\/figure><div class=\"wp-block-media-text__content\"> <ul class=\"wp-block-list\"> <li><strong>Aquecimento el\u00e9trico<\/strong> <ul class=\"wp-block-list\"> <li>Ideal para ambientes que exigem controle preciso de temperatura.<\/li>    <li>Permite ajustes f\u00e1ceis de temperatura para qualidade e textura consistentes em cada lote.<\/li> <\/ul> <\/li>    <li><strong>Aquecimento a g\u00e1s<\/strong> <ul class=\"wp-block-list\"> <li>Adequado para \u00e1reas com fornecimento de eletricidade limitado ou n\u00e3o confi\u00e1vel.<\/li>    <li>Proporciona aquecimento eficiente e ajuda a reduzir os custos operacionais.<\/li> <\/ul> <\/li> <\/ul> <\/div><\/div>    <p>A op\u00e7\u00e3o de escolher entre aquecimento el\u00e9trico e a g\u00e1s oferece flexibilidade, permitindo que os usu\u00e1rios adaptem a m\u00e1quina ao seu ambiente de produ\u00e7\u00e3o espec\u00edfico e alcancem resultados \u00f3timos.<\/p>    <h2 class=\"wp-block-heading\">Como funciona a m\u00e1quina de fazer injera?<\/h2>    <div class=\"wp-block-media-text has-media-on-the-right is-stacked-on-mobile\"><div class=\"wp-block-media-text__content\"> <ul class=\"wp-block-list\"> <li><strong>Gotejamento autom\u00e1tico<\/strong>. A m\u00e1quina adsorve automaticamente a massa na forma de assar.<\/li>    <li><strong>Assar e moldar<\/strong>. A forma de assar aquece a massa para formar e amadurecer a Injera.<\/li>    <li><strong>Remo\u00e7\u00e3o autom\u00e1tica<\/strong>. Once the baking pan turns, the machine&#8217;s shovel automatically removes the Injera.<\/li>    <li><strong>Processo de resfriamento<\/strong>. A Injera \u00e9 colocada em uma esteira transportadora para esfriar ap\u00f3s a remo\u00e7\u00e3o.<\/li> <\/ul> <\/div><figure class=\"wp-block-media-text__media\"><img loading=\"lazy\" decoding=\"async\" width=\"720\" height=\"540\" src=\"https:\/\/topfoodmachine.com\/wp-content\/uploads\/2023\/10\/Injera-making-machine-in-stock.webp\" alt=\"m\u00e1quina de fazer injera a um bom pre\u00e7o\" class=\"wp-image-847 size-full\" srcset=\"https:\/\/topfoodmachine.com\/wp-content\/uploads\/2023\/10\/Injera-making-machine-in-stock.webp 720w, https:\/\/topfoodmachine.com\/wp-content\/uploads\/2023\/10\/Injera-making-machine-in-stock-300x225.webp 300w\" sizes=\"auto, (max-width: 720px) 100vw, 720px\" \/><\/figure><\/div>    <h2 class=\"wp-block-heading\">Pre\u00e7o da m\u00e1quina de fazer injera<\/h2>    <ul class=\"wp-block-list\"> <li><strong>Especifica\u00e7\u00f5es personaliz\u00e1veis<\/strong> \u2013 Price varies based on mold size, roller dimensions, conveyor length, heating methods, and added equipment.<\/li>    <li><strong>Key pricing factors<\/strong> \u2013 Customization level, extra features, and output capacity influence the final cost.<\/li>    <li><strong>Abordagem colaborativa<\/strong> \u2013 We work with customers to balance performance, quality, and budget needs.<\/li>    <li><strong>Pre\u00e7os transparentes<\/strong> \u2013 Clear explanations of options and related costs ensure pricing transparency.<\/li> <\/ul>    <p>Entre em contato conosco hoje para discutir suas necessidades espec\u00edficas e receber um or\u00e7amento personalizado para sua m\u00e1quina ideal de fazer Injera.<\/p>    <figure class=\"wp-block-image size-full\"><img loading=\"lazy\" decoding=\"async\" width=\"720\" height=\"540\" src=\"https:\/\/topfoodmachine.com\/wp-content\/uploads\/2023\/10\/automatic-Ethiopia-Injera-Machine.webp\" alt=\"m\u00e1quina autom\u00e1tica de Injera da Eti\u00f3pia\" class=\"wp-image-1191\" srcset=\"https:\/\/topfoodmachine.com\/wp-content\/uploads\/2023\/10\/automatic-Ethiopia-Injera-Machine.webp 720w, https:\/\/topfoodmachine.com\/wp-content\/uploads\/2023\/10\/automatic-Ethiopia-Injera-Machine-300x225.webp 300w, https:\/\/topfoodmachine.com\/wp-content\/uploads\/2023\/10\/automatic-Ethiopia-Injera-Machine-16x12.webp 16w\" sizes=\"auto, (max-width: 720px) 100vw, 720px\" \/><figcaption class=\"wp-element-caption\">m\u00e1quina autom\u00e1tica de Injera da Eti\u00f3pia<\/figcaption><\/figure>    <h2 class=\"wp-block-heading\">Par\u00e2metros t\u00e9cnicos da m\u00e1quina de fazer injera<\/h2>    <figure class=\"wp-block-table\"><table><tbody><tr><td>Modelo<\/td><td>TZ-3620<\/td><td>TZ-5029<\/td><td>TZ-8045<\/td><td>TZ-12060<\/td><\/tr><tr><td>Tamanho<\/td><td>1800*660*890mm<\/td><td>2400*800*1350mm<\/td><td>2800*1100*1600mm<\/td><td>3100*1300*1800mm<\/td><\/tr><tr><td>Peso<\/td><td>260kg<\/td><td>520kg<\/td><td>750kg<\/td><td>850kg<\/td><\/tr><tr><td>Di\u00e2metro do rolo de aquecimento<\/td><td>400*280mm<\/td><td>500*330mm<\/td><td>800*600mm<\/td><td>1200*600mm<\/td><\/tr><tr><td>Energia el\u00e9trica<\/td><td>6 kW<\/td><td>13 kW<\/td><td>32 kW<\/td><td>48 kW<\/td><\/tr><tr><td>Corte de energia<\/td><td>1 kW<\/td><td>1 kW<\/td><td>1 kW<\/td><td>1 kW<\/td><\/tr><tr><td>Capacidade<\/td><td>800-1000 unidades\/h<\/td><td>1500-2000 unidades\/h<\/td><td>3000-4000 unidades\/h<\/td><td>5000-6000 unidades\/h<\/td><\/tr><tr><td>Tamanho m\u00e1ximo da folha<\/td><td>Redondo: 250mm<\/td><td>Redondo: 300mm<\/td><td>Redondo: 400mm<\/td><td>Redondo: 600mm<\/td><\/tr><tr><td>Espessura da folha<\/td><td>0,3-1,2mm<\/td><td>0,3-1,2mm<\/td><td>0,3-1,2mm<\/td><td>0,3-1,2mm<\/td><\/tr><\/tbody><\/table><figcaption class=\"wp-element-caption\">par\u00e2metros da m\u00e1quina de fazer injera<\/figcaption><\/figure>    <figure class=\"wp-block-gallery has-nested-images columns-default is-cropped wp-block-gallery-4 is-layout-flex wp-block-gallery-is-layout-flex\"> <figure class=\"wp-block-image size-large\"><img loading=\"lazy\" decoding=\"async\" width=\"720\" height=\"540\" data-id=\"1192\" src=\"https:\/\/topfoodmachine.com\/wp-content\/uploads\/2023\/10\/Ethiopia-Injera-Machine-with-a-good-price.webp\" alt=\"M\u00e1quina de Injera da Eti\u00f3pia a um bom pre\u00e7o\" class=\"wp-image-1192\" srcset=\"https:\/\/topfoodmachine.com\/wp-content\/uploads\/2023\/10\/Ethiopia-Injera-Machine-with-a-good-price.webp 720w, https:\/\/topfoodmachine.com\/wp-content\/uploads\/2023\/10\/Ethiopia-Injera-Machine-with-a-good-price-300x225.webp 300w, https:\/\/topfoodmachine.com\/wp-content\/uploads\/2023\/10\/Ethiopia-Injera-Machine-with-a-good-price-16x12.webp 16w\" sizes=\"auto, (max-width: 720px) 100vw, 720px\" \/><figcaption class=\"wp-element-caption\">M\u00e1quina de Injera da Eti\u00f3pia a um bom pre\u00e7o<\/figcaption><\/figure>    <figure class=\"wp-block-image size-large\"><img loading=\"lazy\" decoding=\"async\" width=\"720\" height=\"540\" data-id=\"1193\" src=\"https:\/\/topfoodmachine.com\/wp-content\/uploads\/2023\/10\/high-capacity-Ethiopia-Injera-Machine.webp\" alt=\"m\u00e1quina de Injera da Eti\u00f3pia de alta capacidade\" class=\"wp-image-1193\" srcset=\"https:\/\/topfoodmachine.com\/wp-content\/uploads\/2023\/10\/high-capacity-Ethiopia-Injera-Machine.webp 720w, https:\/\/topfoodmachine.com\/wp-content\/uploads\/2023\/10\/high-capacity-Ethiopia-Injera-Machine-300x225.webp 300w, https:\/\/topfoodmachine.com\/wp-content\/uploads\/2023\/10\/high-capacity-Ethiopia-Injera-Machine-16x12.webp 16w\" sizes=\"auto, (max-width: 720px) 100vw, 720px\" \/><figcaption class=\"wp-element-caption\">m\u00e1quina de Injera da Eti\u00f3pia de alta capacidade<\/figcaption><\/figure> <\/figure>    <h2 class=\"wp-block-heading\">Contate-nos<\/h2>    <p>Em conclus\u00e3o, nossa M\u00e1quina de Fazer Injera oferece excepcional versatilidade, efici\u00eancia e op\u00e7\u00f5es de personaliza\u00e7\u00e3o para atender \u00e0s diversas necessidades de nossos clientes. Se voc\u00ea est\u00e1 produzindo Injera tradicional, panquecas ou crepes, nossa m\u00e1quina garante qualidade consistente e alta produ\u00e7\u00e3o, adaptada \u00e0s suas necessidades espec\u00edficas. <\/p>    <p class=\"translation-block\">Al\u00e9m disso, se voc\u00ea estiver interessado em outras solu\u00e7\u00f5es de produ\u00e7\u00e3o de alimentos, tamb\u00e9m oferecemos a <a href=\"https:\/\/topfoodmachine.com\/pt\/product\/spring-roll-machine\/\" data-type=\"link\" data-id=\"https:\/\/topfoodmachine.com\/product\/spring-roll-machine\/\">M\u00e1quina de Fazer Enrolados de Primavera<\/a>, projetada para agilizar seu processo de produ\u00e7\u00e3o de enrolados de primavera. Sinta-se \u00e0 vontade para nos contatar para mais detalhes e um or\u00e7amento personalizado hoje!<\/p>","protected":false},"excerpt":{"rendered":"<p>A M\u00e1quina de Fazer Injera pode produzir Injera de alta qualidade de forma eficiente e em grandes quantidades, com uma capacidade que varia de 800 a 6000 pe\u00e7as por hora. <\/p>","protected":false},"author":1,"featured_media":837,"parent":0,"template":"","tags":[93,30,51,92],"product-type":[6],"class_list":["post-836","product","type-product","status-publish","has-post-thumbnail","hentry","tag-ethiopia-injera-machine","tag-food-machine","tag-food-processing","tag-injera-making-machine","product-type-pastry-production-machine"],"_links":{"self":[{"href":"https:\/\/topfoodmachine.com\/pt\/wp-json\/wp\/v2\/product\/836","targetHints":{"allow":["GET"]}}],"collection":[{"href":"https:\/\/topfoodmachine.com\/pt\/wp-json\/wp\/v2\/product"}],"about":[{"href":"https:\/\/topfoodmachine.com\/pt\/wp-json\/wp\/v2\/types\/product"}],"author":[{"embeddable":true,"href":"https:\/\/topfoodmachine.com\/pt\/wp-json\/wp\/v2\/users\/1"}],"wp:featuredmedia":[{"embeddable":true,"href":"https:\/\/topfoodmachine.com\/pt\/wp-json\/wp\/v2\/media\/837"}],"wp:attachment":[{"href":"https:\/\/topfoodmachine.com\/pt\/wp-json\/wp\/v2\/media?parent=836"}],"wp:term":[{"taxonomy":"post_tag","embeddable":true,"href":"https:\/\/topfoodmachine.com\/pt\/wp-json\/wp\/v2\/tags?post=836"},{"taxonomy":"product-type","embeddable":true,"href":"https:\/\/topfoodmachine.com\/pt\/wp-json\/wp\/v2\/product-type?post=836"}],"curies":[{"name":"wp","href":"https:\/\/api.w.org\/{rel}","templated":true}]}}