{"id":805,"date":"2023-10-19T13:30:17","date_gmt":"2023-10-19T05:30:17","guid":{"rendered":"https:\/\/topfoodmachine.com\/?post_type=product&#038;p=805"},"modified":"2025-08-05T18:00:36","modified_gmt":"2025-08-05T10:00:36","slug":"automatic-meat-grinder","status":"publish","type":"product","link":"https:\/\/topfoodmachine.com\/pt\/product\/automatic-meat-grinder\/","title":{"rendered":"Moedor de carne autom\u00e1tico"},"content":{"rendered":"<div class=\"kk-star-ratings kksr-auto kksr-align-left kksr-valign-top\"     data-payload='{&quot;align&quot;:&quot;left&quot;,&quot;id&quot;:&quot;805&quot;,&quot;slug&quot;:&quot;default&quot;,&quot;valign&quot;:&quot;top&quot;,&quot;ignore&quot;:&quot;&quot;,&quot;reference&quot;:&quot;auto&quot;,&quot;class&quot;:&quot;&quot;,&quot;count&quot;:&quot;23&quot;,&quot;legendonly&quot;:&quot;&quot;,&quot;readonly&quot;:&quot;&quot;,&quot;score&quot;:&quot;4.8&quot;,&quot;starsonly&quot;:&quot;&quot;,&quot;best&quot;:&quot;5&quot;,&quot;gap&quot;:&quot;5&quot;,&quot;greet&quot;:&quot;Rate this product&quot;,&quot;legend&quot;:&quot;4.8\\\/5 - (23 votes)&quot;,&quot;size&quot;:&quot;24&quot;,&quot;title&quot;:&quot;Automatic Meat Grinder&quot;,&quot;width&quot;:&quot;136.7&quot;,&quot;_legend&quot;:&quot;{score}\\\/{best} - ({count} {votes})&quot;,&quot;font_factor&quot;:&quot;1.25&quot;}'>              <div class=\"kksr-stars\">      <div class=\"kksr-stars-inactive\">             <div class=\"kksr-star\" data-star=\"1\" style=\"padding-right: 5px\">               <div class=\"kksr-icon\" style=\"width: 24px; height: 24px;\"><\/div>         <\/div>             <div class=\"kksr-star\" data-star=\"2\" style=\"padding-right: 5px\">               <div class=\"kksr-icon\" style=\"width: 24px; height: 24px;\"><\/div>         <\/div>             <div class=\"kksr-star\" data-star=\"3\" style=\"padding-right: 5px\">               <div class=\"kksr-icon\" style=\"width: 24px; height: 24px;\"><\/div>         <\/div>             <div class=\"kksr-star\" data-star=\"4\" style=\"padding-right: 5px\">               <div class=\"kksr-icon\" style=\"width: 24px; height: 24px;\"><\/div>         <\/div>             <div class=\"kksr-star\" data-star=\"5\" style=\"padding-right: 5px\">               <div class=\"kksr-icon\" style=\"width: 24px; height: 24px;\"><\/div>         <\/div>     <\/div>      <div class=\"kksr-stars-active\" style=\"width: 136.7px;\">             <div class=\"kksr-star\" style=\"padding-right: 5px\">               <div class=\"kksr-icon\" style=\"width: 24px; height: 24px;\"><\/div>         <\/div>             <div class=\"kksr-star\" style=\"padding-right: 5px\">               <div class=\"kksr-icon\" style=\"width: 24px; height: 24px;\"><\/div>         <\/div>             <div class=\"kksr-star\" style=\"padding-right: 5px\">               <div class=\"kksr-icon\" style=\"width: 24px; height: 24px;\"><\/div>         <\/div>             <div class=\"kksr-star\" style=\"padding-right: 5px\">               <div class=\"kksr-icon\" style=\"width: 24px; height: 24px;\"><\/div>         <\/div>             <div class=\"kksr-star\" style=\"padding-right: 5px\">               <div class=\"kksr-icon\" style=\"width: 24px; height: 24px;\"><\/div>         <\/div>     <\/div> <\/div>                   <div class=\"kksr-legend\" style=\"font-size: 19.2px;\">             4,8\/5 - (23 votos)    <\/div>     <\/div>  <p class=\"translation-block\">O <strong>Triturador de Carne<\/strong> \u00e9 capaz de processar eficientemente carne fresca e congelada sem necessidade de descongelamento pr\u00e9vio, ajudando a reter o sabor e os nutrientes naturais da carne. Com uma <strong>capacidade de processamento que varia de 500 a 3000kg\/h<\/strong>, este triturador \u00e9 ideal para opera\u00e7\u00f5es de m\u00e9dia a grande escala.<\/p>    <p class=\"translation-block\">Constru\u00edda com uma <strong>estrutura dur\u00e1vel em a\u00e7o inoxid\u00e1vel<\/strong> e alimentada por um motor de alto desempenho, a m\u00e1quina garante uma opera\u00e7\u00e3o higi\u00e9nica, duradoura e de f\u00e1cil limpeza. Pode triturar carne em diferentes tamanhos de part\u00edcula, tornando-a adequada para uma vasta gama de aplica\u00e7\u00f5es, como <strong>salsichas, alm\u00f4ndegas, hamb\u00fargueres<\/strong>, e mais. <\/p>    <p class=\"translation-block\">Gra\u00e7as \u00e0 sua <strong>fiabilidade e versatilidade<\/strong>, o Triturador de Carne \u00e9 amplamente adotado em <strong>f\u00e1bricas de processamento de carne, cozinhas comerciais e instala\u00e7\u00f5es de produ\u00e7\u00e3o alimentar<\/strong>, oferecendo uma solu\u00e7\u00e3o de alta produ\u00e7\u00e3o para uso profissional.<\/p>    <figure class=\"wp-block-embed is-type-video is-provider-youtube wp-block-embed-youtube wp-embed-aspect-16-9 wp-has-aspect-ratio\"><div class=\"wp-block-embed__wrapper\"> <iframe loading=\"lazy\" title=\"Dicas para moer carne: Como moer carne como um profissional #carne #moagem #maquinadecomida\" width=\"500\" height=\"281\" src=\"https:\/\/www.youtube.com\/embed\/SgF-Z95lqes?feature=oembed\" frameborder=\"0\" allow=\"accelerometer; autoplay; clipboard-write; encrypted-media; gyroscope; picture-in-picture; web-share\" referrerpolicy=\"strict-origin-when-cross-origin\" allowfullscreen><\/iframe> <\/div><figcaption class=\"wp-element-caption\">v\u00eddeo de funcionamento da m\u00e1quina de moer carne<\/figcaption><\/figure>    <h2 class=\"wp-block-heading\">Aplica\u00e7\u00f5es da m\u00e1quina de triturar carne<\/h2>    <div class=\"wp-block-media-text is-stacked-on-mobile\"><figure class=\"wp-block-media-text__media\"><img loading=\"lazy\" decoding=\"async\" width=\"720\" height=\"540\" src=\"https:\/\/topfoodmachine.com\/wp-content\/uploads\/2023\/10\/meat-grinding.webp\" alt=\"moagem de carne\" class=\"wp-image-819 size-full\" srcset=\"https:\/\/topfoodmachine.com\/wp-content\/uploads\/2023\/10\/meat-grinding.webp 720w, https:\/\/topfoodmachine.com\/wp-content\/uploads\/2023\/10\/meat-grinding-300x225.webp 300w\" sizes=\"auto, (max-width: 720px) 100vw, 720px\" \/><\/figure><div class=\"wp-block-media-text__content\"> <p>A m\u00e1quina trituradora de carne \u00e9 amplamente utilizada na ind\u00fastria de processamento de alimentos para a produ\u00e7\u00e3o de salsichas, presunto, alm\u00f4ndegas, fiambre, comida para animais de estima\u00e7\u00e3o e outros produtos de carne picada. <\/p>    <p>Tritura eficientemente carne fresca ou congelada, sendo essencial para f\u00e1bricas de processamento de carne, restaurantes, talhos e fabricantes de comida para animais de estima\u00e7\u00e3o.<\/p> <\/div><\/div>    <h2 class=\"wp-block-heading\">Estrutura da m\u00e1quina de triturar carne<\/h2>    <div class=\"wp-block-media-text has-media-on-the-right is-stacked-on-mobile\"><div class=\"wp-block-media-text__content\"> <ul class=\"wp-block-list\"> <li>Parafuso de trabalho. Feito de a\u00e7o inoxid\u00e1vel de alta resist\u00eancia, dur\u00e1vel e resistente \u00e0 deforma\u00e7\u00e3o.<\/li>    <li>C\u00e2mara de prensagem. Acomoda a carne para tritura\u00e7\u00e3o e garante press\u00e3o uniforme.<\/li>    <li>Manga de extrus\u00e3o. Guia a carne atrav\u00e9s do processo de tritura\u00e7\u00e3o.<\/li>    <li>Funil. Cont\u00e9m a carne crua antes da tritura\u00e7\u00e3o.<\/li>    <li>Bocal de Descarga. Expulsa a carne triturada suavemente.<\/li>    <li>Motor. Fornece energia est\u00e1vel para uma tritura\u00e7\u00e3o eficiente.<\/li>    <li>Rodas universais. F\u00e1cil de mover a m\u00e1quina conforme necess\u00e1rio.<\/li>    <li>Assento da faca principal. Segura firmemente as l\u00e2minas de corte.<\/li>    <li>Carca\u00e7a. Protege os componentes internos e garante a seguran\u00e7a.<\/li> <\/ul> <\/div><figure class=\"wp-block-media-text__media\"><img loading=\"lazy\" decoding=\"async\" width=\"720\" height=\"540\" src=\"https:\/\/topfoodmachine.com\/wp-content\/uploads\/2023\/10\/commercial-meat-grinder.webp\" alt=\"moedor de carne comercial\" class=\"wp-image-817 size-full\" srcset=\"https:\/\/topfoodmachine.com\/wp-content\/uploads\/2023\/10\/commercial-meat-grinder.webp 720w, https:\/\/topfoodmachine.com\/wp-content\/uploads\/2023\/10\/commercial-meat-grinder-300x225.webp 300w\" sizes=\"auto, (max-width: 720px) 100vw, 720px\" \/><\/figure><\/div>    <h2 class=\"wp-block-heading\">Principais caracter\u00edsticas da m\u00e1quina trituradora de carne<\/h2>    <div class=\"wp-block-media-text is-stacked-on-mobile\"><figure class=\"wp-block-media-text__media\"><img loading=\"lazy\" decoding=\"async\" width=\"720\" height=\"540\" src=\"https:\/\/topfoodmachine.com\/wp-content\/uploads\/2023\/10\/details-of-meat-grinder.webp\" alt=\"detalhes do moedor de carne\" class=\"wp-image-809 size-full\" srcset=\"https:\/\/topfoodmachine.com\/wp-content\/uploads\/2023\/10\/details-of-meat-grinder.webp 720w, https:\/\/topfoodmachine.com\/wp-content\/uploads\/2023\/10\/details-of-meat-grinder-300x225.webp 300w\" sizes=\"auto, (max-width: 720px) 100vw, 720px\" \/><\/figure><div class=\"wp-block-media-text__content\"> <ul class=\"wp-block-list\"> <li>O motor fornece um desempenho potente para uma tritura\u00e7\u00e3o r\u00e1pida e eficiente, mesmo com cortes de carne duros ou grandes.<\/li>    <li>As configura\u00e7\u00f5es de velocidade ajust\u00e1veis permitem uma tritura\u00e7\u00e3o personalizada, proporcionando texturas mais finas ou mais grossas conforme necess\u00e1rio.<\/li>    <li>A fun\u00e7\u00e3o de revers\u00e3o limpa rapidamente os bloqueios invertendo a dire\u00e7\u00e3o da espiral.<\/li>    <li>V\u00e1rias placas perfuradas permitem controlar com precis\u00e3o o tamanho dos gr\u00e2nulos da carne triturada.<\/li> <\/ul> <\/div><\/div>    <div class=\"wp-block-media-text has-media-on-the-right is-stacked-on-mobile\"><div class=\"wp-block-media-text__content\"> <ul class=\"wp-block-list\"> <li>Esta m\u00e1quina vers\u00e1til realiza v\u00e1rias tarefas, incluindo a tritura\u00e7\u00e3o de carne congelada, para aumentar a efici\u00eancia da produ\u00e7\u00e3o e reduzir a m\u00e3o de obra.<\/li>    <li>A tritura\u00e7\u00e3o r\u00e1pida minimiza o ac\u00famulo de calor, preservando a frescura e prolongando a vida \u00fatil dos produtos de carne.<\/li>    <li>Todos os componentes s\u00e3o feitos de a\u00e7o inoxid\u00e1vel de grau alimentar para garantir a conformidade com rigorosos padr\u00f5es de higiene.<\/li>    <li>A m\u00e1quina processa eficientemente carne crua em recheios granulares consistentes para atender \u00e0s diversas exig\u00eancias de produ\u00e7\u00e3o.<\/li> <\/ul> <\/div><figure class=\"wp-block-media-text__media\"><img loading=\"lazy\" decoding=\"async\" width=\"720\" height=\"540\" src=\"https:\/\/topfoodmachine.com\/wp-content\/uploads\/2023\/10\/working-process-of-meat-grinder.webp\" alt=\"processo de trabalho do moedor de carne\" class=\"wp-image-810 size-full\" srcset=\"https:\/\/topfoodmachine.com\/wp-content\/uploads\/2023\/10\/working-process-of-meat-grinder.webp 720w, https:\/\/topfoodmachine.com\/wp-content\/uploads\/2023\/10\/working-process-of-meat-grinder-300x225.webp 300w\" sizes=\"auto, (max-width: 720px) 100vw, 720px\" \/><\/figure><\/div>    <h2 class=\"wp-block-heading\">Como funciona a m\u00e1quina trituradora de carne?<\/h2>    <div class=\"wp-block-media-text is-stacked-on-mobile\"><figure class=\"wp-block-media-text__media\"><img loading=\"lazy\" decoding=\"async\" width=\"720\" height=\"540\" src=\"https:\/\/topfoodmachine.com\/wp-content\/uploads\/2023\/10\/best-meat-grinder.webp\" alt=\"melhor moedor de carne\" class=\"wp-image-808 size-full\" srcset=\"https:\/\/topfoodmachine.com\/wp-content\/uploads\/2023\/10\/best-meat-grinder.webp 720w, https:\/\/topfoodmachine.com\/wp-content\/uploads\/2023\/10\/best-meat-grinder-300x225.webp 300w\" sizes=\"auto, (max-width: 720px) 100vw, 720px\" \/><\/figure><div class=\"wp-block-media-text__content\"> <ul class=\"wp-block-list\"> <li>Prepare a carne aparando o excesso de gordura e removendo quaisquer ossos antes de triturar.<\/li>    <li>Monte o triturador fixando firmemente as placas e as l\u00e2minas de tritura\u00e7\u00e3o.<\/li>    <li>Introduza os peda\u00e7os de carne preparados no funil, utilizando um empurrador de alimentos para gui\u00e1-los, se dispon\u00edvel.<\/li>    <li>Ligue a m\u00e1quina para ativar a espiral, que empurra a carne em dire\u00e7\u00e3o \u00e0 l\u00e2mina de corte para tritura\u00e7\u00e3o.<\/li>    <li>Ajuste a grossura da tritura\u00e7\u00e3o selecionando placas de tritura\u00e7\u00e3o com orif\u00edcios de diferentes tamanhos.<\/li>    <li>Recolha a carne triturada \u00e0 medida que sai do triturador, pronta para cozinhar ou processamento posterior.<\/li> <\/ul> <\/div><\/div>    <h2 class=\"wp-block-heading\">Manuten\u00e7\u00e3o do moedor de carne<\/h2>    <div class=\"wp-block-media-text has-media-on-the-right is-stacked-on-mobile\"><div class=\"wp-block-media-text__content\"> <ul class=\"wp-block-list\"> <li>Limpeza regular. Desmonte o moedor ap\u00f3s cada uso e lave todas as partes remov\u00edveis com \u00e1gua morna e sab\u00e3o, focando na placa de moagem, l\u00e2minas e parafuso.<\/li>    <li>Remova res\u00edduos imediatamente. Limpe os res\u00edduos de carne ou alimentos prontamente e deixe de molho os res\u00edduos teimosos em \u00e1gua morna e sab\u00e3o antes de limpar.<\/li> <\/ul> <\/div><figure class=\"wp-block-media-text__media\"><img loading=\"lazy\" decoding=\"async\" width=\"720\" height=\"540\" src=\"https:\/\/topfoodmachine.com\/wp-content\/uploads\/2023\/10\/commercial-meat-grinder-machine.webp\" alt=\"m\u00e1quina moedora de carne comercial\" class=\"wp-image-811 size-full\" srcset=\"https:\/\/topfoodmachine.com\/wp-content\/uploads\/2023\/10\/commercial-meat-grinder-machine.webp 720w, https:\/\/topfoodmachine.com\/wp-content\/uploads\/2023\/10\/commercial-meat-grinder-machine-300x225.webp 300w\" sizes=\"auto, (max-width: 720px) 100vw, 720px\" \/><\/figure><\/div>    <div class=\"wp-block-media-text is-stacked-on-mobile\"><figure class=\"wp-block-media-text__media\"><img loading=\"lazy\" decoding=\"async\" width=\"720\" height=\"540\" src=\"https:\/\/topfoodmachine.com\/wp-content\/uploads\/2023\/10\/meat-grinder-machine-with-a-good-price.webp\" alt=\"m\u00e1quina moedora de carne com bom pre\u00e7o\" class=\"wp-image-812 size-full\" srcset=\"https:\/\/topfoodmachine.com\/wp-content\/uploads\/2023\/10\/meat-grinder-machine-with-a-good-price.webp 720w, https:\/\/topfoodmachine.com\/wp-content\/uploads\/2023\/10\/meat-grinder-machine-with-a-good-price-300x225.webp 300w\" sizes=\"auto, (max-width: 720px) 100vw, 720px\" \/><\/figure><div class=\"wp-block-media-text__content\"> <ul class=\"wp-block-list\"> <li>Secagem completa. Certifique-se de que todas as partes estejam completamente secas ap\u00f3s a lavagem para evitar ferrugem ou crescimento bacteriano antes de remontar o moedor.<\/li>    <li>Lubrifica\u00e7\u00e3o. Aplique um lubrificante de grau aliment\u00edcio nas partes m\u00f3veis, como o parafuso e a caixa de engrenagens, para garantir uma opera\u00e7\u00e3o suave e eficiente.<\/li> <\/ul> <\/div><\/div>    <h2 class=\"wp-block-heading\">Par\u00e2metros do moedor de carne<\/h2>    <figure class=\"wp-block-table\"><table><tbody><tr><td>Modelo<\/td><td>Capacidade<\/td><td>Poder<\/td><td>Tamanho<\/td><\/tr><tr><td>TZ-100<\/td><td>500kg\/h<\/td><td>5,5 kW<\/td><td>980*550*900MM<\/td><\/tr><tr><td>TZ-120<\/td><td>1500kg\/hora<\/td><td>7,5 kW<\/td><td>960*550*1080MM<\/td><\/tr><tr><td>TZ-160<\/td><td>2.000-3.000 kg\/h<\/td><td>15KW<\/td><td>1630*1100*1450MM<\/td><\/tr><\/tbody><\/table><figcaption class=\"wp-element-caption\">par\u00e2metros da m\u00e1quina de moer carne<\/figcaption><\/figure>    <figure class=\"wp-block-image\"><img loading=\"lazy\" decoding=\"async\" width=\"720\" height=\"540\" src=\"https:\/\/topfoodmachine.com\/wp-content\/uploads\/2023\/10\/automatic-meat-grinder.webp\" alt=\"moedor de carne autom\u00e1tico\" class=\"wp-image-807\" srcset=\"https:\/\/topfoodmachine.com\/wp-content\/uploads\/2023\/10\/automatic-meat-grinder.webp 720w, https:\/\/topfoodmachine.com\/wp-content\/uploads\/2023\/10\/automatic-meat-grinder-300x225.webp 300w\" sizes=\"auto, (max-width: 720px) 100vw, 720px\" \/><\/figure>    <h2 class=\"wp-block-heading\">Conclus\u00e3o<\/h2>    <p class=\"translation-block\">Nossa m\u00e1quina <a href=\"https:\/\/en.wikipedia.org\/wiki\/Grinder\" data-type=\"link\" data-id=\"https:\/\/en.wikipedia.org\/wiki\/Grinder\" target=\"_blank\" rel=\"noopener\">moedor<\/a> de carne \u00e9 uma solu\u00e7\u00e3o confi\u00e1vel para processamento de carne eficiente e de alta qualidade, tornando-se uma ferramenta essencial para o seu neg\u00f3cio. Projetada para durabilidade e desempenho, atende a diversas necessidades de moagem de carne com precis\u00e3o e facilidade. <\/p>    <p class=\"translation-block\">Al\u00e9m disso, nossa empresa oferece uma ampla gama de <a href=\"https:\/\/topfoodmachine.com\/pt\/products\/egg-meat-processing-machine\/\" data-type=\"link\" data-id=\"https:\/\/topfoodmachine.com\/products\/egg-meat-processing-machine\/\">equipamentos de processamento de carne<\/a>. Entre em contato conosco hoje para saber mais, solicitar um or\u00e7amento e explorar as melhores solu\u00e7\u00f5es para suas necessidades de processamento de carne!<\/p>","protected":false},"excerpt":{"rendered":"<p>O Triturador de Carne \u00e9 capaz de processar eficientemente carne fresca e congelada sem necessidade de descongelamento pr\u00e9vio, ajudando a reter o sabor e os nutrientes naturais da carne.<\/p>","protected":false},"author":1,"featured_media":806,"parent":0,"template":"","tags":[102],"product-type":[7],"class_list":["post-805","product","type-product","status-publish","has-post-thumbnail","hentry","tag-meat-grinder","product-type-egg-meat-processing-machine"],"_links":{"self":[{"href":"https:\/\/topfoodmachine.com\/pt\/wp-json\/wp\/v2\/product\/805","targetHints":{"allow":["GET"]}}],"collection":[{"href":"https:\/\/topfoodmachine.com\/pt\/wp-json\/wp\/v2\/product"}],"about":[{"href":"https:\/\/topfoodmachine.com\/pt\/wp-json\/wp\/v2\/types\/product"}],"author":[{"embeddable":true,"href":"https:\/\/topfoodmachine.com\/pt\/wp-json\/wp\/v2\/users\/1"}],"wp:featuredmedia":[{"embeddable":true,"href":"https:\/\/topfoodmachine.com\/pt\/wp-json\/wp\/v2\/media\/806"}],"wp:attachment":[{"href":"https:\/\/topfoodmachine.com\/pt\/wp-json\/wp\/v2\/media?parent=805"}],"wp:term":[{"taxonomy":"post_tag","embeddable":true,"href":"https:\/\/topfoodmachine.com\/pt\/wp-json\/wp\/v2\/tags?post=805"},{"taxonomy":"product-type","embeddable":true,"href":"https:\/\/topfoodmachine.com\/pt\/wp-json\/wp\/v2\/product-type?post=805"}],"curies":[{"name":"wp","href":"https:\/\/api.w.org\/{rel}","templated":true}]}}