{"id":8,"date":"2022-07-12T02:03:28","date_gmt":"2022-07-12T02:03:28","guid":{"rendered":"https:\/\/topfoodmachine.com\/?post_type=product&#038;p=8"},"modified":"2025-07-28T18:31:17","modified_gmt":"2025-07-28T10:31:17","slug":"fruit-and-vegetable-washing-machine","status":"publish","type":"product","link":"https:\/\/topfoodmachine.com\/pt\/product\/fruit-and-vegetable-washing-machine\/","title":{"rendered":"M\u00e1quina de lavar frutas e vegetais"},"content":{"rendered":"<div class=\"kk-star-ratings kksr-auto kksr-align-left kksr-valign-top\"     data-payload='{&quot;align&quot;:&quot;left&quot;,&quot;id&quot;:&quot;8&quot;,&quot;slug&quot;:&quot;default&quot;,&quot;valign&quot;:&quot;top&quot;,&quot;ignore&quot;:&quot;&quot;,&quot;reference&quot;:&quot;auto&quot;,&quot;class&quot;:&quot;&quot;,&quot;count&quot;:&quot;19&quot;,&quot;legendonly&quot;:&quot;&quot;,&quot;readonly&quot;:&quot;&quot;,&quot;score&quot;:&quot;4.5&quot;,&quot;starsonly&quot;:&quot;&quot;,&quot;best&quot;:&quot;5&quot;,&quot;gap&quot;:&quot;5&quot;,&quot;greet&quot;:&quot;Rate this product&quot;,&quot;legend&quot;:&quot;4.5\\\/5 - (19 votes)&quot;,&quot;size&quot;:&quot;24&quot;,&quot;title&quot;:&quot;Fruit and Vegetable Washing Machine&quot;,&quot;width&quot;:&quot;128&quot;,&quot;_legend&quot;:&quot;{score}\\\/{best} - ({count} {votes})&quot;,&quot;font_factor&quot;:&quot;1.25&quot;}'>              <div class=\"kksr-stars\">      <div class=\"kksr-stars-inactive\">             <div class=\"kksr-star\" data-star=\"1\" style=\"padding-right: 5px\">               <div class=\"kksr-icon\" style=\"width: 24px; height: 24px;\"><\/div>         <\/div>             <div class=\"kksr-star\" data-star=\"2\" style=\"padding-right: 5px\">               <div class=\"kksr-icon\" style=\"width: 24px; height: 24px;\"><\/div>         <\/div>             <div class=\"kksr-star\" data-star=\"3\" style=\"padding-right: 5px\">               <div class=\"kksr-icon\" style=\"width: 24px; height: 24px;\"><\/div>         <\/div>             <div class=\"kksr-star\" data-star=\"4\" style=\"padding-right: 5px\">               <div class=\"kksr-icon\" style=\"width: 24px; height: 24px;\"><\/div>         <\/div>             <div class=\"kksr-star\" data-star=\"5\" style=\"padding-right: 5px\">               <div class=\"kksr-icon\" style=\"width: 24px; height: 24px;\"><\/div>         <\/div>     <\/div>      <div class=\"kksr-stars-active\" style=\"width: 128px;\">             <div class=\"kksr-star\" style=\"padding-right: 5px\">               <div class=\"kksr-icon\" style=\"width: 24px; height: 24px;\"><\/div>         <\/div>             <div class=\"kksr-star\" style=\"padding-right: 5px\">               <div class=\"kksr-icon\" style=\"width: 24px; height: 24px;\"><\/div>         <\/div>             <div class=\"kksr-star\" style=\"padding-right: 5px\">               <div class=\"kksr-icon\" style=\"width: 24px; height: 24px;\"><\/div>         <\/div>             <div class=\"kksr-star\" style=\"padding-right: 5px\">               <div class=\"kksr-icon\" style=\"width: 24px; height: 24px;\"><\/div>         <\/div>             <div class=\"kksr-star\" style=\"padding-right: 5px\">               <div class=\"kksr-icon\" style=\"width: 24px; height: 24px;\"><\/div>         <\/div>     <\/div> <\/div>                   <div class=\"kksr-legend\" style=\"font-size: 19.2px;\">             4,5\/5 - (19 votos)    <\/div>     <\/div>  <p>A m\u00e1quina de lavar frutas e legumes \u00e9 um limpador do tipo bolha de ar, projetado para uso em f\u00e1bricas de alimentos, fazendas, restaurantes, hot\u00e9is e lojas de varejo. Ela utiliza um avan\u00e7ado fluxo de \u00e1gua de alta press\u00e3o combinado com tecnologia de impacto de bolhas para remover efetivamente sujeira, impurezas e res\u00edduos de pesticidas, enquanto protege os produtos de danos. <\/p>    <p>Constru\u00eddo em a\u00e7o inoxid\u00e1vel 304 de grau alimentar, a m\u00e1quina \u00e9 adequada para limpar uma ampla variedade de frutas, legumes e nozes, incluindo ma\u00e7\u00e3s, batatas, pimentos, caju e bagas. Com uma capacidade de processamento que varia de 500 a 2000 kg por hora, pode ser personalizada para atender \u00e0s necessidades de diferentes escalas de produ\u00e7\u00e3o.<\/p>    <figure class=\"wp-block-embed is-type-video is-provider-youtube wp-block-embed-youtube wp-embed-aspect-16-9 wp-has-aspect-ratio\"><div class=\"wp-block-embed__wrapper\"> <iframe loading=\"lazy\" title=\"\u2705 Como Funciona uma M\u00e1quina de Lavar Frutas e Legumes | Demonstra\u00e7\u00e3o Completa #frutas #legumes #lavagem\" width=\"500\" height=\"281\" src=\"https:\/\/www.youtube.com\/embed\/2Z60iVI_vZw?feature=oembed\" frameborder=\"0\" allow=\"accelerometer; autoplay; clipboard-write; encrypted-media; gyroscope; picture-in-picture; web-share\" referrerpolicy=\"strict-origin-when-cross-origin\" allowfullscreen><\/iframe> <\/div><figcaption class=\"wp-element-caption\">V\u00eddeo de funcionamento da m\u00e1quina de lavar frutas e vegetais<\/figcaption><\/figure>    <h2 class=\"wp-block-heading\">Amplas aplica\u00e7\u00f5es da m\u00e1quina de lavar frutas e vegetais<\/h2>    <p>Esta m\u00e1quina de lavagem com bolhas de ar para frutas e vegetais tem uma ampla gama de aplica\u00e7\u00f5es. \u00c9 adequada para desinfetar diferentes frutas, vegetais, nozes e frutos do mar.<\/p>    <ul class=\"wp-block-list\"> <li><strong>Frutas:<\/strong> laranja, ma\u00e7\u00e3, p\u00eassego, t\u00e2mara, morango, manga.<\/li>    <li><strong>Vegetais:<\/strong> batata, cebola, tomate, berinjela, mel\u00e3o, broto de feij\u00e3o, cogumelo, espinafre.<\/li>    <li><strong>Frutos do mar:<\/strong> peixe, camar\u00e3o, etc.<\/li> <\/ul>    <figure class=\"wp-block-gallery has-nested-images columns-default is-cropped wp-block-gallery-2 is-layout-flex wp-block-gallery-is-layout-flex\"> <figure class=\"wp-block-image size-large\"><img loading=\"lazy\" decoding=\"async\" width=\"720\" height=\"540\" data-id=\"1970\" src=\"https:\/\/topfoodmachine.com\/wp-content\/uploads\/2022\/07\/fruits.webp\" alt=\"frutas\" class=\"wp-image-1970\" srcset=\"https:\/\/topfoodmachine.com\/wp-content\/uploads\/2022\/07\/fruits.webp 720w, https:\/\/topfoodmachine.com\/wp-content\/uploads\/2022\/07\/fruits-300x225.webp 300w, https:\/\/topfoodmachine.com\/wp-content\/uploads\/2022\/07\/fruits-16x12.webp 16w\" sizes=\"auto, (max-width: 720px) 100vw, 720px\" \/><figcaption class=\"wp-element-caption\">frutas<\/figcaption><\/figure>    <figure class=\"wp-block-image size-large\"><img loading=\"lazy\" decoding=\"async\" width=\"720\" height=\"540\" data-id=\"1971\" src=\"https:\/\/topfoodmachine.com\/wp-content\/uploads\/2022\/07\/vegetables.webp\" alt=\"vegetais\" class=\"wp-image-1971\" srcset=\"https:\/\/topfoodmachine.com\/wp-content\/uploads\/2022\/07\/vegetables.webp 720w, https:\/\/topfoodmachine.com\/wp-content\/uploads\/2022\/07\/vegetables-300x225.webp 300w, https:\/\/topfoodmachine.com\/wp-content\/uploads\/2022\/07\/vegetables-16x12.webp 16w\" sizes=\"auto, (max-width: 720px) 100vw, 720px\" \/><figcaption class=\"wp-element-caption\">vegetais<\/figcaption><\/figure> <\/figure>    <h2 class=\"wp-block-heading\">Caracter\u00edsticas da m\u00e1quina de lavar frutas e vegetais<\/h2>    <div class=\"wp-block-media-text is-stacked-on-mobile\"><figure class=\"wp-block-media-text__media\"><img loading=\"lazy\" decoding=\"async\" width=\"720\" height=\"540\" src=\"https:\/\/topfoodmachine.com\/wp-content\/uploads\/2022\/07\/vegetable-and-fruit-washing-machine.jpg\" alt=\"m\u00e1quina de lavar vegetais e frutas\" class=\"wp-image-152 size-full\" srcset=\"https:\/\/topfoodmachine.com\/wp-content\/uploads\/2022\/07\/vegetable-and-fruit-washing-machine.jpg 720w, https:\/\/topfoodmachine.com\/wp-content\/uploads\/2022\/07\/vegetable-and-fruit-washing-machine-300x225.jpg 300w\" sizes=\"auto, (max-width: 720px) 100vw, 720px\" \/><\/figure><div class=\"wp-block-media-text__content\"> <ul class=\"wp-block-list\"> <li>Equipado com uma bomba de ar para gerar fluxo de ar para o avan\u00e7o dos materiais.<\/li>    <li>A bomba de \u00e1gua permite a reciclagem da \u00e1gua, conservando os recursos h\u00eddricos.<\/li>    <li>Estrutura de duas camadas: carca\u00e7a externa e correia de malha com uma abertura para circula\u00e7\u00e3o de \u00e1gua e coleta de detritos.<\/li>    <li>Ventilador centr\u00edfugo de alta press\u00e3o proporciona secagem r\u00e1pida e eficiente.<\/li> <\/ul> <\/div><\/div>    <div class=\"wp-block-media-text has-media-on-the-right is-stacked-on-mobile\"><div class=\"wp-block-media-text__content\"> <ul class=\"wp-block-list\"> <li>Design de correia transportadora em degraus sopra ar em ambos os lados para uma secagem completa (diferente das correias planas).<\/li>    <li>Feito inteiramente de a\u00e7o inoxid\u00e1vel, garantindo resist\u00eancia \u00e0 corros\u00e3o e seguran\u00e7a alimentar.<\/li>    <li>Sistema especializado de coleta de detritos melhora a utiliza\u00e7\u00e3o da \u00e1gua.<\/li>    <li>Interruptor de seguran\u00e7a de emerg\u00eancia inclu\u00eddo para prevenir acidentes durante a opera\u00e7\u00e3o.<\/li> <\/ul> <\/div><figure class=\"wp-block-media-text__media\"><img loading=\"lazy\" decoding=\"async\" width=\"720\" height=\"540\" src=\"https:\/\/topfoodmachine.com\/wp-content\/uploads\/2022\/07\/commercial-vegetable-and-fruit-cleaner.webp\" alt=\"limpador comercial de vegetais e frutas\" class=\"wp-image-1420 size-full\" srcset=\"https:\/\/topfoodmachine.com\/wp-content\/uploads\/2022\/07\/commercial-vegetable-and-fruit-cleaner.webp 720w, https:\/\/topfoodmachine.com\/wp-content\/uploads\/2022\/07\/commercial-vegetable-and-fruit-cleaner-300x225.webp 300w, https:\/\/topfoodmachine.com\/wp-content\/uploads\/2022\/07\/commercial-vegetable-and-fruit-cleaner-16x12.webp 16w\" sizes=\"auto, (max-width: 720px) 100vw, 720px\" \/><\/figure><\/div>    <h2 class=\"wp-block-heading\">Como funciona a m\u00e1quina de lavar frutas e legumes?<\/h2>    <p>A m\u00e1quina de lavar frutas e vegetais opera gerando um fluxo de \u00e1gua em alta press\u00e3o combinado com bolhas, criando um efeito de limpeza poderoso. Esta mistura produz um movimento de alta velocidade que impacta e limpa minuciosamente as superf\u00edcies das frutas e vegetais. Os principais passos do processo de funcionamento incluem:<\/p>    <div class=\"wp-block-media-text is-stacked-on-mobile\"><figure class=\"wp-block-media-text__media\"><img loading=\"lazy\" decoding=\"async\" width=\"720\" height=\"540\" src=\"https:\/\/topfoodmachine.com\/wp-content\/uploads\/2022\/07\/Fruit-And-Vegetable-cleahing-Machine.webp\" alt=\"M\u00e1quina de limpeza de frutas e vegetais\" class=\"wp-image-1421 size-full\" srcset=\"https:\/\/topfoodmachine.com\/wp-content\/uploads\/2022\/07\/Fruit-And-Vegetable-cleahing-Machine.webp 720w, https:\/\/topfoodmachine.com\/wp-content\/uploads\/2022\/07\/Fruit-And-Vegetable-cleahing-Machine-300x225.webp 300w, https:\/\/topfoodmachine.com\/wp-content\/uploads\/2022\/07\/Fruit-And-Vegetable-cleahing-Machine-16x12.webp 16w\" sizes=\"auto, (max-width: 720px) 100vw, 720px\" \/><\/figure><div class=\"wp-block-media-text__content\"> <ul class=\"wp-block-list\"> <li>\u00c1gua em alta press\u00e3o forma uma forte coluna de \u00e1gua misturada com bolhas.<\/li>    <li>A \u00e1gua e as bolhas movem-se rapidamente, atingindo as superf\u00edcies dos produtos.<\/li>    <li>Quando as bolhas entram em contacto com as frutas ou legumes, elas estouram e liberam energia.<\/li>    <li>A energia liberada aumenta a a\u00e7\u00e3o de esfregar, soltando sujeira e contaminantes.<\/li> <\/ul> <\/div><\/div>    <p>Esta combina\u00e7\u00e3o remove eficientemente o solo, res\u00edduos e impurezas sem danificar os produtos.<\/p>    <h2 class=\"wp-block-heading\">Par\u00e2metros da m\u00e1quina de lavar vegetais tipo bolha de ar <\/h2>    <figure class=\"wp-block-table\"><table><tbody><tr><td>Tipo<\/td><td>Tamanho (mm)<\/td><td>Peso (kg)<\/td><td>Pot\u00eancia (kW)<\/td><td>Capacidade (kg\/h)<\/td><\/tr><tr><td>TZ3000<\/td><td>3000*1000*1300<\/td><td>180<\/td><td>3.75<\/td><td>500<\/td><\/tr><tr><td>TZ4000<\/td><td>4000*1000*1300<\/td><td>400<\/td><td>4.1<\/td><td>800<\/td><\/tr><tr><td>TZ5000<\/td><td>5000*1000*1300<\/td><td>500<\/td><td>5.1<\/td><td>1500<\/td><\/tr><tr><td>TZ6000<\/td><td>6000*1200*1300<\/td><td>600<\/td><td>5.5<\/td><td>2000<\/td><\/tr><\/tbody><\/table><figcaption class=\"wp-element-caption\">par\u00e2metros da m\u00e1quina de lavar frutas e vegetais<\/figcaption><\/figure>    <figure class=\"wp-block-gallery has-nested-images columns-default is-cropped wp-block-gallery-3 is-layout-flex wp-block-gallery-is-layout-flex\"> <figure class=\"wp-block-image size-large\"><img loading=\"lazy\" decoding=\"async\" width=\"720\" height=\"540\" data-id=\"1422\" src=\"https:\/\/topfoodmachine.com\/wp-content\/uploads\/2022\/07\/Fruit-and-Vegetable-Washing-Machine-for-sale.webp\" alt=\"M\u00e1quina de Lavar Frutas e Vegetais \u00e0 Venda\" class=\"wp-image-1422\" srcset=\"https:\/\/topfoodmachine.com\/wp-content\/uploads\/2022\/07\/Fruit-and-Vegetable-Washing-Machine-for-sale.webp 720w, https:\/\/topfoodmachine.com\/wp-content\/uploads\/2022\/07\/Fruit-and-Vegetable-Washing-Machine-for-sale-300x225.webp 300w, https:\/\/topfoodmachine.com\/wp-content\/uploads\/2022\/07\/Fruit-and-Vegetable-Washing-Machine-for-sale-16x12.webp 16w\" sizes=\"auto, (max-width: 720px) 100vw, 720px\" \/><figcaption class=\"wp-element-caption\">M\u00e1quina de Lavar Frutas e Vegetais \u00e0 Venda<\/figcaption><\/figure>    <figure class=\"wp-block-image size-large\"><img loading=\"lazy\" decoding=\"async\" width=\"720\" height=\"540\" data-id=\"1423\" src=\"https:\/\/topfoodmachine.com\/wp-content\/uploads\/2022\/07\/Fruit-And-Vegetable-Washing-Machine.webp\" alt=\"M\u00e1quina de lavar frutas e vegetais\" class=\"wp-image-1423\" srcset=\"https:\/\/topfoodmachine.com\/wp-content\/uploads\/2022\/07\/Fruit-And-Vegetable-Washing-Machine.webp 720w, https:\/\/topfoodmachine.com\/wp-content\/uploads\/2022\/07\/Fruit-And-Vegetable-Washing-Machine-300x225.webp 300w, https:\/\/topfoodmachine.com\/wp-content\/uploads\/2022\/07\/Fruit-And-Vegetable-Washing-Machine-16x12.webp 16w\" sizes=\"auto, (max-width: 720px) 100vw, 720px\" \/><figcaption class=\"wp-element-caption\">M\u00e1quina de lavar frutas e vegetais<\/figcaption><\/figure> <\/figure>    <h2 class=\"wp-block-heading\">Processo de trabalho da linha autom\u00e1tica de lavagem e secagem de frutas e legumes<\/h2>    <p>Na verdade, fornecemos uma linha completa de processamento de frutas e vegetais. E a m\u00e1quina de limpeza de vegetais e frutas \u00e9 uma parte significativa e essencial da linha de processamento de alimentos. O processo de trabalho da linha de processamento \u00e9 o seguinte:<\/p>    <p><strong>Talha \u2192 m\u00e1quina de lavar alimentos com bolhas de ar \u2192 m\u00e1quina de secagem com resfriamento de ar \u2192 m\u00e1quina de coleta \u2192 m\u00e1quina de embalagem.<\/strong><\/p>    <p>Com esta linha autom\u00e1tica de processamento de vegetais e frutas, voc\u00ea pode facilmente completar a fun\u00e7\u00e3o de lavar, limpar, secar, colher, classificar e embalar. Ou seja, atrav\u00e9s do processamento dessas m\u00e1quinas com efici\u00eancia e seguran\u00e7a, suas frutas e vegetais ficam prontos para envio.<\/p>    <figure class=\"wp-block-image size-full\"><img loading=\"lazy\" decoding=\"async\" width=\"720\" height=\"540\" src=\"https:\/\/topfoodmachine.com\/wp-content\/uploads\/2022\/07\/fruit-and-vegetable-washing-drying-line.jpg\" alt=\"linha de lavagem e secagem de frutas e vegetais\" class=\"wp-image-146\" srcset=\"https:\/\/topfoodmachine.com\/wp-content\/uploads\/2022\/07\/fruit-and-vegetable-washing-drying-line.jpg 720w, https:\/\/topfoodmachine.com\/wp-content\/uploads\/2022\/07\/fruit-and-vegetable-washing-drying-line-300x225.jpg 300w\" sizes=\"auto, (max-width: 720px) 100vw, 720px\" \/><figcaption class=\"wp-element-caption\">linha de lavagem e secagem de frutas e vegetais<\/figcaption><\/figure>    <h2 class=\"wp-block-heading\">Perguntas frequentes sobre a m\u00e1quina de lavar frutas e vegetais<\/h2>   <div id=\"rank-math-faq\" class=\"rank-math-block\"> <div class=\"rank-math-list\"> <div id=\"faq-question-1663643335051\" class=\"rank-math-list-item\"> <h3 class=\"rank-math-question\"><strong>Como voc\u00eas instalam a m\u00e1quina para n\u00f3s?<\/strong><\/h3> <div class=\"rank-math-answer\">  <p>Podemos instalar a m\u00e1quina por v\u00eddeo, e-mail, fotos, etc. Para grandes projetos, tamb\u00e9m podemos providenciar que nossos funcion\u00e1rios o ajudem a instalar a m\u00e1quina em seu pa\u00eds.<\/p>  <\/div> <\/div> <div id=\"faq-question-1663643340540\" class=\"rank-math-list-item\"> <h3 class=\"rank-math-question\"><strong>Qual \u00e9 a voltagem e a pot\u00eancia da sua m\u00e1quina?<\/strong><\/h3> <div class=\"rank-math-answer\">  <p>Normalmente, a tens\u00e3o em nosso pa\u00eds \u00e9 220 V, 50 Hz, monof\u00e1sica ou 380 V, 50 Hz, trif\u00e1sica. Se voc\u00ea tiver requisitos especiais, informe-nos e personalizaremos a tens\u00e3o de acordo com suas necessidades.\u00a0<\/p>  <\/div> <\/div> <div id=\"faq-question-1663643348540\" class=\"rank-math-list-item\"> <h3 class=\"rank-math-question\"><strong>Qual \u00e9 a garantia da sua m\u00e1quina?<\/strong><\/h3> <div class=\"rank-math-answer\">  <p>Normalmente, a garantia de nossa m\u00e1quina \u00e9 de 1 ano, manteremos contato com nossos clientes para fornecer servi\u00e7o p\u00f3s-venda, nosso objetivo \u00e9 produzir m\u00e1quinas melhores e deixar nossos clientes satisfeitos. 24 horas on-line.\u00a0<\/p>  <\/div> <\/div> <div id=\"faq-question-1663643360892\" class=\"rank-math-list-item\"> <h3 class=\"rank-math-question\"><strong>Quais os servi\u00e7os que voc\u00ea oferece?<\/strong><\/h3> <div class=\"rank-math-answer\">  <p class=\"translation-block\">Moeda de Pagamento Aceite: USD, EUR<br \/>Termos de Entrega Aceites: FOB, CFR, CIF, EXW, FAS, FCA, DDU<br \/>Tipo de Pagamento Aceite: T\/T, <a href=\"https:\/\/en.wikipedia.org\/wiki\/Letter_of_credit\" data-type=\"link\" data-id=\"https:\/\/en.wikipedia.org\/wiki\/Letter_of_credit\" target=\"_blank\" rel=\"noopener\">L\/C<\/a>, MoneyGram, Western Union, Dinheiro<br \/>L\u00edngua Falada: Ingl\u00eas, Chin\u00eas<\/p>  <\/div> <\/div> <div id=\"faq-question-1663643382323\" class=\"rank-math-list-item\"> <h3 class=\"rank-math-question\"><strong>O que devemos fazer se tivermos problemas com a m\u00e1quina?<\/strong><\/h3> <div class=\"rank-math-answer\">  <p>Se voc\u00ea tiver algum problema, entre em contato conosco e faremos o poss\u00edvel para resolv\u00ea-lo. Se necess\u00e1rio, providenciaremos que nosso engenheiro v\u00e1 at\u00e9 seu local para ajudar seu neg\u00f3cio.\u00a0<\/p>  <\/div> <\/div> <\/div> <\/div>   <figure class=\"wp-block-image size-full\"><img loading=\"lazy\" decoding=\"async\" width=\"720\" height=\"540\" src=\"https:\/\/topfoodmachine.com\/wp-content\/uploads\/2022\/07\/vegetable-processing-machine-factory.jpg\" alt=\"f\u00e1brica de m\u00e1quinas de processamento de vegetais\" class=\"wp-image-148\" srcset=\"https:\/\/topfoodmachine.com\/wp-content\/uploads\/2022\/07\/vegetable-processing-machine-factory.jpg 720w, https:\/\/topfoodmachine.com\/wp-content\/uploads\/2022\/07\/vegetable-processing-machine-factory-300x225.jpg 300w\" sizes=\"auto, (max-width: 720px) 100vw, 720px\" \/><figcaption class=\"wp-element-caption\">f\u00e1brica de m\u00e1quinas de processamento de vegetais<\/figcaption><\/figure>    <h2 class=\"wp-block-heading\">Equipamentos de suporte da m\u00e1quina lavadora de frutas<\/h2>    <ul class=\"wp-block-list\"> <li><strong><a href=\"https:\/\/topfoodmachine.com\/pt\/product\/food-drying-machine-vegetable-dryer\/\" data-type=\"link\" data-id=\"https:\/\/topfoodmachine.com\/product\/food-drying-machine-vegetable-dryer\/\">M\u00e1quina de Secagem de Frutas e Vegetais<\/a>:<\/strong> Ap\u00f3s a limpeza e lavagem, os vegetais e frutas v\u00e3o para a m\u00e1quina de secar por meio de uma esteira. Este \u00e9 um novo tipo de m\u00e1quina de secagem de vegetais com caracter\u00edsticas de economia de energia, redu\u00e7\u00e3o de custos e bom desempenho.<\/li>    <li><strong><a href=\"https:\/\/topfoodmachine.com\/pt\/product\/fruit-and-vegetable-grading-machine\/\" data-type=\"link\" data-id=\"https:\/\/topfoodmachine.com\/product\/fruit-and-vegetable-grading-machine\/\">M\u00e1quina de Classifica\u00e7\u00e3o de Frutas e Vegetais<\/a>:<\/strong> Esta m\u00e1quina pode classificar frutas e vegetais por volume.<\/li>    <li><strong><a href=\"https:\/\/topfoodmachine.com\/pt\/product\/automatic-vegetable-dicing-machine\/\" data-type=\"link\" data-id=\"https:\/\/topfoodmachine.com\/product\/automatic-vegetable-dicing-machine\/\">M\u00e1quina de Corte de Vegetais<\/a>:<\/strong> Pode cortar v\u00e1rias frutas e vegetais de forma eficiente e uniforme. \u00c9 adequado para batatas, cebolas, salada, repolho, etc.<\/li> <\/ul>    <figure class=\"wp-block-gallery has-nested-images columns-default is-cropped wp-block-gallery-4 is-layout-flex wp-block-gallery-is-layout-flex\"> <figure class=\"wp-block-image size-large\"><img loading=\"lazy\" decoding=\"async\" width=\"720\" height=\"540\" data-id=\"1413\" src=\"https:\/\/topfoodmachine.com\/wp-content\/uploads\/2024\/06\/Food-drying-machine-for-sale.webp\" alt=\"M\u00e1quina de desidrata\u00e7\u00e3o de alimentos \u00e0 venda\" class=\"wp-image-1413\" srcset=\"https:\/\/topfoodmachine.com\/wp-content\/uploads\/2024\/06\/Food-drying-machine-for-sale.webp 720w, https:\/\/topfoodmachine.com\/wp-content\/uploads\/2024\/06\/Food-drying-machine-for-sale-300x225.webp 300w, https:\/\/topfoodmachine.com\/wp-content\/uploads\/2024\/06\/Food-drying-machine-for-sale-16x12.webp 16w\" sizes=\"auto, (max-width: 720px) 100vw, 720px\" \/><figcaption class=\"wp-element-caption\">M\u00e1quina de desidrata\u00e7\u00e3o de alimentos \u00e0 venda<\/figcaption><\/figure>    <figure class=\"wp-block-image size-large\"><img loading=\"lazy\" decoding=\"async\" width=\"720\" height=\"540\" data-id=\"1003\" src=\"https:\/\/topfoodmachine.com\/wp-content\/uploads\/2023\/11\/Weight-based-Fruit-and-Vegetable-Grading-Machine.webp\" alt=\"M\u00e1quina de classifica\u00e7\u00e3o de frutas e vegetais com base no peso\" class=\"wp-image-1003\" srcset=\"https:\/\/topfoodmachine.com\/wp-content\/uploads\/2023\/11\/Weight-based-Fruit-and-Vegetable-Grading-Machine.webp 720w, https:\/\/topfoodmachine.com\/wp-content\/uploads\/2023\/11\/Weight-based-Fruit-and-Vegetable-Grading-Machine-300x225.webp 300w\" sizes=\"auto, (max-width: 720px) 100vw, 720px\" \/><figcaption class=\"wp-element-caption\">M\u00e1quina de classifica\u00e7\u00e3o de frutas e vegetais com base no peso<\/figcaption><\/figure>    <figure class=\"wp-block-image size-large\"><img loading=\"lazy\" decoding=\"async\" width=\"720\" height=\"540\" data-id=\"706\" src=\"https:\/\/topfoodmachine.com\/wp-content\/uploads\/2023\/10\/vegetable-dicing-machine-1.webp\" alt=\"m\u00e1quina de cortar legumes\" class=\"wp-image-706\" srcset=\"https:\/\/topfoodmachine.com\/wp-content\/uploads\/2023\/10\/vegetable-dicing-machine-1.webp 720w, https:\/\/topfoodmachine.com\/wp-content\/uploads\/2023\/10\/vegetable-dicing-machine-1-300x225.webp 300w\" sizes=\"auto, (max-width: 720px) 100vw, 720px\" \/><figcaption class=\"wp-element-caption\">m\u00e1quina de cortar legumes<\/figcaption><\/figure> <\/figure>    <h2 class=\"wp-block-heading\">Entre em contato conosco agora!<\/h2>    <p>Com rica experi\u00eancia no design, pesquisa, fabrica\u00e7\u00e3o e comercializa\u00e7\u00e3o de m\u00e1quinas de processamento de frutas e vegetais de qualidade, as m\u00e1quinas de processamento de alimentos Taizy desfrutam de bom desempenho, pre\u00e7os razo\u00e1veis e alta qualidade. <\/p>    <p>Uma m\u00e1quina de lavar frutas e vegetais \u00e9 um dos nossos produtos mais procurados. E s\u00e3o elogiados por clientes em todo o mundo. Esta m\u00e1quina \u00e9 uma parte importante de toda a linha de processamento de vegetais e frutas. <\/p>    <p>Al\u00e9m disso, pode ser usada sozinha para melhorar muito sua efici\u00eancia. Al\u00e9m disso, oferecemos um forte servi\u00e7o personalizado para atender especificamente \u00e0s suas necessidades. Se voc\u00ea estiver interessado nesta m\u00e1quina de lavar frutas e vegetais, entre em contato conosco para o melhor or\u00e7amento.<\/p>    <div class=\"wp-block-columns is-layout-flex wp-container-core-columns-is-layout-28f84493 wp-block-columns-is-layout-flex\"> <div class=\"wp-block-column is-layout-flow wp-block-column-is-layout-flow\"> <figure class=\"wp-block-image size-full\"><img loading=\"lazy\" decoding=\"async\" width=\"720\" height=\"540\" src=\"https:\/\/topfoodmachine.com\/wp-content\/uploads\/2022\/07\/delivery-process.jpg\" alt=\"processo de entrega\" class=\"wp-image-149\" srcset=\"https:\/\/topfoodmachine.com\/wp-content\/uploads\/2022\/07\/delivery-process.jpg 720w, https:\/\/topfoodmachine.com\/wp-content\/uploads\/2022\/07\/delivery-process-300x225.jpg 300w\" sizes=\"auto, (max-width: 720px) 100vw, 720px\" \/><figcaption class=\"wp-element-caption\">processo de entrega<\/figcaption><\/figure> <\/div> <\/div>","protected":false},"excerpt":{"rendered":"<p>A m\u00e1quina de lavar frutas e legumes \u00e9 um limpador do tipo bolha de ar, projetado para uso em f\u00e1bricas de alimentos, fazendas, restaurantes, hot\u00e9is e lojas de varejo.<\/p>","protected":false},"author":1,"featured_media":145,"parent":0,"template":"","tags":[48,15,42],"product-type":[3],"class_list":["post-8","product","type-product","status-publish","has-post-thumbnail","hentry","tag-fruit","tag-fruit-vegetable-processing-machine","tag-vegetable","product-type-fruit-vegetable-processing-machine"],"_links":{"self":[{"href":"https:\/\/topfoodmachine.com\/pt\/wp-json\/wp\/v2\/product\/8","targetHints":{"allow":["GET"]}}],"collection":[{"href":"https:\/\/topfoodmachine.com\/pt\/wp-json\/wp\/v2\/product"}],"about":[{"href":"https:\/\/topfoodmachine.com\/pt\/wp-json\/wp\/v2\/types\/product"}],"author":[{"embeddable":true,"href":"https:\/\/topfoodmachine.com\/pt\/wp-json\/wp\/v2\/users\/1"}],"wp:featuredmedia":[{"embeddable":true,"href":"https:\/\/topfoodmachine.com\/pt\/wp-json\/wp\/v2\/media\/145"}],"wp:attachment":[{"href":"https:\/\/topfoodmachine.com\/pt\/wp-json\/wp\/v2\/media?parent=8"}],"wp:term":[{"taxonomy":"post_tag","embeddable":true,"href":"https:\/\/topfoodmachine.com\/pt\/wp-json\/wp\/v2\/tags?post=8"},{"taxonomy":"product-type","embeddable":true,"href":"https:\/\/topfoodmachine.com\/pt\/wp-json\/wp\/v2\/product-type?post=8"}],"curies":[{"name":"wp","href":"https:\/\/api.w.org\/{rel}","templated":true}]}}