{"id":781,"date":"2023-10-13T16:12:03","date_gmt":"2023-10-13T08:12:03","guid":{"rendered":"https:\/\/topfoodmachine.com\/?post_type=product&#038;p=781"},"modified":"2025-09-10T17:42:27","modified_gmt":"2025-09-10T09:42:27","slug":"frozen-meat-slicer-machine","status":"publish","type":"product","link":"https:\/\/topfoodmachine.com\/pt\/product\/frozen-meat-slicer-machine\/","title":{"rendered":"M\u00e1quina cortadora de carne congelada"},"content":{"rendered":"<div class=\"kk-star-ratings kksr-auto kksr-align-left kksr-valign-top\"     data-payload='{&quot;align&quot;:&quot;left&quot;,&quot;id&quot;:&quot;781&quot;,&quot;slug&quot;:&quot;default&quot;,&quot;valign&quot;:&quot;top&quot;,&quot;ignore&quot;:&quot;&quot;,&quot;reference&quot;:&quot;auto&quot;,&quot;class&quot;:&quot;&quot;,&quot;count&quot;:&quot;26&quot;,&quot;legendonly&quot;:&quot;&quot;,&quot;readonly&quot;:&quot;&quot;,&quot;score&quot;:&quot;4.5&quot;,&quot;starsonly&quot;:&quot;&quot;,&quot;best&quot;:&quot;5&quot;,&quot;gap&quot;:&quot;5&quot;,&quot;greet&quot;:&quot;Rate this product&quot;,&quot;legend&quot;:&quot;4.5\\\/5 - (26 votes)&quot;,&quot;size&quot;:&quot;24&quot;,&quot;title&quot;:&quot;Frozen meat slicer machine&quot;,&quot;width&quot;:&quot;128&quot;,&quot;_legend&quot;:&quot;{score}\\\/{best} - ({count} {votes})&quot;,&quot;font_factor&quot;:&quot;1.25&quot;}'>              <div class=\"kksr-stars\">      <div class=\"kksr-stars-inactive\">             <div class=\"kksr-star\" data-star=\"1\" style=\"padding-right: 5px\">               <div class=\"kksr-icon\" style=\"width: 24px; height: 24px;\"><\/div>         <\/div>             <div class=\"kksr-star\" data-star=\"2\" style=\"padding-right: 5px\">               <div class=\"kksr-icon\" style=\"width: 24px; height: 24px;\"><\/div>         <\/div>             <div class=\"kksr-star\" data-star=\"3\" style=\"padding-right: 5px\">               <div class=\"kksr-icon\" style=\"width: 24px; height: 24px;\"><\/div>         <\/div>             <div class=\"kksr-star\" data-star=\"4\" style=\"padding-right: 5px\">               <div class=\"kksr-icon\" style=\"width: 24px; height: 24px;\"><\/div>         <\/div>             <div class=\"kksr-star\" data-star=\"5\" style=\"padding-right: 5px\">               <div class=\"kksr-icon\" style=\"width: 24px; height: 24px;\"><\/div>         <\/div>     <\/div>      <div class=\"kksr-stars-active\" style=\"width: 128px;\">             <div class=\"kksr-star\" style=\"padding-right: 5px\">               <div class=\"kksr-icon\" style=\"width: 24px; height: 24px;\"><\/div>         <\/div>             <div class=\"kksr-star\" style=\"padding-right: 5px\">               <div class=\"kksr-icon\" style=\"width: 24px; height: 24px;\"><\/div>         <\/div>             <div class=\"kksr-star\" style=\"padding-right: 5px\">               <div class=\"kksr-icon\" style=\"width: 24px; height: 24px;\"><\/div>         <\/div>             <div class=\"kksr-star\" style=\"padding-right: 5px\">               <div class=\"kksr-icon\" style=\"width: 24px; height: 24px;\"><\/div>         <\/div>             <div class=\"kksr-star\" style=\"padding-right: 5px\">               <div class=\"kksr-icon\" style=\"width: 24px; height: 24px;\"><\/div>         <\/div>     <\/div> <\/div>                   <div class=\"kksr-legend\" style=\"font-size: 19.2px;\">             4,5\/5 - (26 votos)    <\/div>     <\/div>  <p class=\"translation-block\">A <strong>m\u00e1quina fatiadora de carne congelada<\/strong> pode cortar carne de vaca, carneiro, porco e outras carnes congeladas em fatias ou rolos uniformes sem necessidade de descongela\u00e7\u00e3o. <\/p>    <p class=\"translation-block\">Com uma capacidade que varia de <strong>50 kg a 1200 kg por hora<\/strong>, garante alta efici\u00eancia e resultados consistentes, tornando-a ideal para restaurantes, lojas de hot pot, talhos e plantas de processamento de carne em grande escala.<\/p>    <figure class=\"wp-block-embed is-type-video is-provider-youtube wp-block-embed-youtube wp-embed-aspect-16-9 wp-has-aspect-ratio\"><div class=\"wp-block-embed__wrapper\"> <iframe loading=\"lazy\" title=\"Do freezer ao banquete: como usar um cortador de carne congelada #slicermachine #meat #meatroll #frozenmeat\" width=\"500\" height=\"281\" src=\"https:\/\/www.youtube.com\/embed\/hFyJknA_KOM?feature=oembed\" frameborder=\"0\" allow=\"accelerometer; autoplay; clipboard-write; encrypted-media; gyroscope; picture-in-picture; web-share\" referrerpolicy=\"strict-origin-when-cross-origin\" allowfullscreen><\/iframe> <\/div><figcaption class=\"wp-element-caption\">v\u00eddeo de trabalho da m\u00e1quina de fatiar carne congelada<\/figcaption><\/figure>    <h2 class=\"wp-block-heading\">M\u00e1quina fatiadora de carne congelada \u00e0 venda<\/h2>    <p>Comumente referida como fatiadora de carne, fatiadora de cordeiro ou m\u00e1quina de cortar bovinos, elimina a necessidade de descongelamento enquanto assegura cortes precisos e resultados uniformes. <\/p>    <p>Esta m\u00e1quina est\u00e1 dispon\u00edvel em v\u00e1rios modelos para satisfazer diferentes necessidades de produ\u00e7\u00e3o, como fatiadoras CNC para cortes de precis\u00e3o, fatiadoras verticais e de secret\u00e1ria para designs que poupam espa\u00e7o, e fatiadoras multi-rolo dispon\u00edveis em configura\u00e7\u00f5es de 2, 4 ou 8 rolos. <\/p>    <figure class=\"wp-block-image\"><img loading=\"lazy\" decoding=\"async\" width=\"720\" height=\"540\" src=\"https:\/\/topfoodmachine.com\/wp-content\/uploads\/2023\/10\/frozen-meat-slicer-in-stock.webp\" alt=\"cortador de carne congelada em estoque\" class=\"wp-image-790\" srcset=\"https:\/\/topfoodmachine.com\/wp-content\/uploads\/2023\/10\/frozen-meat-slicer-in-stock.webp 720w, https:\/\/topfoodmachine.com\/wp-content\/uploads\/2023\/10\/frozen-meat-slicer-in-stock-300x225.webp 300w\" sizes=\"auto, (max-width: 720px) 100vw, 720px\" \/><\/figure>    <h2 class=\"wp-block-heading\">Caracter\u00edsticas da m\u00e1quina de fatiar carne congelada<\/h2>    <div class=\"wp-block-media-text is-stacked-on-mobile\"><figure class=\"wp-block-media-text__media\"><img loading=\"lazy\" decoding=\"async\" width=\"720\" height=\"540\" src=\"https:\/\/topfoodmachine.com\/wp-content\/uploads\/2023\/10\/frozen-meat-slicer-machine-1.webp\" alt=\"m\u00e1quina de fatiar carne congelada\" class=\"wp-image-786 size-full\" srcset=\"https:\/\/topfoodmachine.com\/wp-content\/uploads\/2023\/10\/frozen-meat-slicer-machine-1.webp 720w, https:\/\/topfoodmachine.com\/wp-content\/uploads\/2023\/10\/frozen-meat-slicer-machine-1-300x225.webp 300w\" sizes=\"auto, (max-width: 720px) 100vw, 720px\" \/><\/figure><div class=\"wp-block-media-text__content\"> <ul class=\"wp-block-list\"> <li><strong>Sem necessidade de descongelamento<\/strong> \u2013 fatiar diretamente carne congelada de vaca, cordeiro, porco e outros tipos de carne, economizando tempo e preservando a frescura.<\/li>    <li><strong>Adjustable thickness<\/strong> \u2013 a espessura de fatiamento pode ser facilmente personalizada para atender a diferentes necessidades de cozimento ou processamento.<\/li>    <li><strong>Faixa de alta capacidade<\/strong> \u2013 suportes <strong>50\u20131200 kg por hora<\/strong>, adequado tanto para pequenas lojas quanto para grandes f\u00e1bricas de processamento de carne.<\/li> <\/ul> <\/div><\/div>    <div class=\"wp-block-media-text has-media-on-the-right is-stacked-on-mobile\"><div class=\"wp-block-media-text__content\"> <ul class=\"wp-block-list\"> <li><strong>Fatiamento uniforme<\/strong> \u2013 garante tamanho e forma consistentes das fatias ou rolos de carne, ideal para restaurantes de hot pot e produtos de carne embalados.<\/li>    <li><strong>Corpo de a\u00e7o inoxid\u00e1vel dur\u00e1vel<\/strong> \u2013 constru\u00e7\u00e3o de grau aliment\u00edcio, resistente \u00e0 ferrugem e f\u00e1cil de limpar para uso a longo prazo.<\/li>    <li><strong>Opera\u00e7\u00e3o amig\u00e1vel<\/strong> \u2013 controles simples com altos padr\u00f5es de seguran\u00e7a, reduzindo a intensidade do trabalho e melhorando a efici\u00eancia.<\/li>    <li><strong>Amplas aplica\u00e7\u00f5es<\/strong> \u2013 amplamente utilizado em restaurantes, talhos, supermercados e f\u00e1bricas de processamento de carne congelada.<\/li> <\/ul> <\/div><figure class=\"wp-block-media-text__media\"><img loading=\"lazy\" decoding=\"async\" width=\"720\" height=\"540\" src=\"https:\/\/topfoodmachine.com\/wp-content\/uploads\/2023\/10\/meat-roller-machine-with-a-good-price.webp\" alt=\"m\u00e1quina de rolo de carne com bom pre\u00e7o\" class=\"wp-image-787 size-full\" srcset=\"https:\/\/topfoodmachine.com\/wp-content\/uploads\/2023\/10\/meat-roller-machine-with-a-good-price.webp 720w, https:\/\/topfoodmachine.com\/wp-content\/uploads\/2023\/10\/meat-roller-machine-with-a-good-price-300x225.webp 300w\" sizes=\"auto, (max-width: 720px) 100vw, 720px\" \/><\/figure><\/div>    <h2 class=\"wp-block-heading\">Estruturas da laminadora de carne congelada<\/h2>    <div class=\"wp-block-media-text is-stacked-on-mobile\"><figure class=\"wp-block-media-text__media\"><img loading=\"lazy\" decoding=\"async\" width=\"720\" height=\"540\" src=\"https:\/\/topfoodmachine.com\/wp-content\/uploads\/2023\/10\/frozen-meat-slicer-for-business.webp\" alt=\"fatiador de carne congelada para empresas\" class=\"wp-image-791 size-full\" srcset=\"https:\/\/topfoodmachine.com\/wp-content\/uploads\/2023\/10\/frozen-meat-slicer-for-business.webp 720w, https:\/\/topfoodmachine.com\/wp-content\/uploads\/2023\/10\/frozen-meat-slicer-for-business-300x225.webp 300w\" sizes=\"auto, (max-width: 720px) 100vw, 720px\" \/><\/figure><div class=\"wp-block-media-text__content\"> <ul class=\"wp-block-list\"> <li><strong>Estrutura e base de a\u00e7o inoxid\u00e1vel<\/strong> \u2013 estrutura robusta que abriga todos os componentes.<\/li>    <li><strong>C\u00e2mara de corte<\/strong> \u2013 fixa a carne congelada para um fatiamento e enrolamento precisos.<\/li>    <li><strong>Conjunto de l\u00e2minas<\/strong> \u2013 l\u00e2mina de a\u00e7o inoxid\u00e1vel afiada para corte de carne congelada sem esfor\u00e7o.<\/li>    <li><strong>Ajuste de espessura<\/strong> \u2013 espessura de fatia personaliz\u00e1vel para atender a diferentes necessidades.<\/li>    <li><strong>Motor potente<\/strong> \u2013 garante um desempenho de fatiamento suave e eficiente.<\/li>    <li><strong>Sistema de seguran\u00e7a<\/strong> \u2013 parada de emerg\u00eancia, bloqueios e coberturas de prote\u00e7\u00e3o.<\/li>    <li><strong>Painel de controle<\/strong> \u2013 configura\u00e7\u00e3o f\u00e1cil e monitoriza\u00e7\u00e3o dos par\u00e2metros de fatiamento.<\/li>    <li><strong>P\u00e9s\/rodas ajust\u00e1veis<\/strong> \u2013 coloca\u00e7\u00e3o est\u00e1vel e mobilidade conveniente.<\/li> <\/ul> <\/div><\/div>    <h2 class=\"wp-block-heading\">Como funciona a m\u00e1quina de fatiar carne congelada?<\/h2>    <ul class=\"wp-block-list\"> <li>A m\u00e1quina utiliza um sistema de alimenta\u00e7\u00e3o guiado duplo que empurra e pressiona automaticamente a carne congelada enquanto ajusta a espessura da fatia para um corte consistente.<\/li>    <li>Uma vez conclu\u00eddo o fatiamento, a l\u00e2mina para automaticamente e o empurrador de carne recua em seguran\u00e7a.<\/li>    <li>O cortador e a correia transportadora operam em sincronismo, e a abertura da porta de protec\u00e7\u00e3o desliga imediatamente a alimenta\u00e7\u00e3o para garantir a seguran\u00e7a do operador.<\/li> <\/ul>    <figure class=\"wp-block-gallery has-nested-images columns-default is-cropped wp-block-gallery-2 is-layout-flex wp-block-gallery-is-layout-flex\"> <figure class=\"wp-block-image size-large\"><img loading=\"lazy\" decoding=\"async\" width=\"720\" height=\"540\" data-id=\"783\" src=\"https:\/\/topfoodmachine.com\/wp-content\/uploads\/2023\/10\/eight-roll-cutter-of-meat-roller-machine.webp\" alt=\"cortador de oito rolos de m\u00e1quina de rolo de carne\" class=\"wp-image-783\" srcset=\"https:\/\/topfoodmachine.com\/wp-content\/uploads\/2023\/10\/eight-roll-cutter-of-meat-roller-machine.webp 720w, https:\/\/topfoodmachine.com\/wp-content\/uploads\/2023\/10\/eight-roll-cutter-of-meat-roller-machine-300x225.webp 300w\" sizes=\"auto, (max-width: 720px) 100vw, 720px\" \/><figcaption class=\"wp-element-caption\">cortador de oito rolos de m\u00e1quina de rolo de carne<\/figcaption><\/figure>    <figure class=\"wp-block-image size-large\"><img loading=\"lazy\" decoding=\"async\" width=\"720\" height=\"540\" data-id=\"784\" src=\"https:\/\/topfoodmachine.com\/wp-content\/uploads\/2023\/10\/four-roll-cutter-of-slicer-machine.webp\" alt=\"cortador de quatro rolos da m\u00e1quina fatiadora\" class=\"wp-image-784\" srcset=\"https:\/\/topfoodmachine.com\/wp-content\/uploads\/2023\/10\/four-roll-cutter-of-slicer-machine.webp 720w, https:\/\/topfoodmachine.com\/wp-content\/uploads\/2023\/10\/four-roll-cutter-of-slicer-machine-300x225.webp 300w\" sizes=\"auto, (max-width: 720px) 100vw, 720px\" \/><figcaption class=\"wp-element-caption\">cortador de quatro rolos da m\u00e1quina fatiadora<\/figcaption><\/figure>    <figure class=\"wp-block-image size-large\"><img loading=\"lazy\" decoding=\"async\" width=\"720\" height=\"540\" data-id=\"785\" src=\"https:\/\/topfoodmachine.com\/wp-content\/uploads\/2023\/10\/two-roll-cutter-of-slicer-machine.webp\" alt=\"cortador de dois rolos da m\u00e1quina fatiadora\" class=\"wp-image-785\" srcset=\"https:\/\/topfoodmachine.com\/wp-content\/uploads\/2023\/10\/two-roll-cutter-of-slicer-machine.webp 720w, https:\/\/topfoodmachine.com\/wp-content\/uploads\/2023\/10\/two-roll-cutter-of-slicer-machine-300x225.webp 300w\" sizes=\"auto, (max-width: 720px) 100vw, 720px\" \/><figcaption class=\"wp-element-caption\">cortador de dois rolos da m\u00e1quina fatiadora<\/figcaption><\/figure> <\/figure>    <h2 class=\"wp-block-heading\">Como usar a m\u00e1quina de fatiar carne congelada?<\/h2>    <div class=\"wp-block-media-text has-media-on-the-right is-stacked-on-mobile\"><div class=\"wp-block-media-text__content\"> <ul class=\"wp-block-list\"> <li>Preparar e carregar. Coloque a carne congelada de tamanho apropriado na bandeja de alimenta\u00e7\u00e3o.<\/li>    <li>Definir espessura. Ajuste a espessura da fatia usando o painel de controle.<\/li>    <li>Come\u00e7ar a fatiar. Ligue a m\u00e1quina para iniciar o fatiamento automatizado.<\/li>    <li>Coletar fatias. Re\u00fana a carne fatiada para cozinhar ou processamento adicional.<\/li>    <li>Limpar a m\u00e1quina. Limpe e desinfete a m\u00e1quina ap\u00f3s o uso para manter a higiene e prolongar a vida \u00fatil.<\/li> <\/ul> <\/div><figure class=\"wp-block-media-text__media\"><img loading=\"lazy\" decoding=\"async\" width=\"720\" height=\"540\" src=\"https:\/\/topfoodmachine.com\/wp-content\/uploads\/2023\/10\/commercial-meat-slicer-machine.webp\" alt=\"m\u00e1quina comercial de fatiar carne\" class=\"wp-image-793 size-full\" srcset=\"https:\/\/topfoodmachine.com\/wp-content\/uploads\/2023\/10\/commercial-meat-slicer-machine.webp 720w, https:\/\/topfoodmachine.com\/wp-content\/uploads\/2023\/10\/commercial-meat-slicer-machine-300x225.webp 300w\" sizes=\"auto, (max-width: 720px) 100vw, 720px\" \/><\/figure><\/div>    <h2 class=\"wp-block-heading\">Dicas para usar a m\u00e1quina de fatiar carne congelada<\/h2>    <ul class=\"wp-block-list\"> <li>Certifique-se de que a carne esteja devidamente congelada, mas n\u00e3o excessivamente dura\u2014geralmente a temperaturas acima de -6\u00b0C. Se estiver muito s\u00f3lida, permita um leve descongelamento antes de fatiar.<\/li>    <li>Sempre remova quaisquer ossos da carne para proteger a l\u00e2mina de danos.<\/li>    <li>Coloque a carne na m\u00e1quina antes de definir a espessura de fatia preferida usando o bot\u00e3o de controle.<\/li>    <li>Se a l\u00e2mina tiver dificuldade em agarrar ou cortar de forma desigual, pode estar cega ou enferrujada e precisa ser afiada para um desempenho ideal.<\/li> <\/ul>    <figure class=\"wp-block-image size-full\"><img loading=\"lazy\" decoding=\"async\" width=\"720\" height=\"540\" src=\"https:\/\/topfoodmachine.com\/wp-content\/uploads\/2025\/01\/meat-slicer.webp\" alt=\"fatiadora de carne\" class=\"wp-image-1736\" srcset=\"https:\/\/topfoodmachine.com\/wp-content\/uploads\/2025\/01\/meat-slicer.webp 720w, https:\/\/topfoodmachine.com\/wp-content\/uploads\/2025\/01\/meat-slicer-300x225.webp 300w, https:\/\/topfoodmachine.com\/wp-content\/uploads\/2025\/01\/meat-slicer-16x12.webp 16w\" sizes=\"auto, (max-width: 720px) 100vw, 720px\" \/><figcaption class=\"wp-element-caption\">fatiadora de carne<\/figcaption><\/figure>    <h2 class=\"wp-block-heading\">Par\u00e2metros t\u00e9cnicos do cortador de carne congelada<\/h2>    <figure class=\"wp-block-table\"><table><tbody><tr><td>Modelo<\/td><td>Tens\u00e3o<\/td><td>Capacidade<\/td><td>Poder<\/td><td>Peso<\/td><td>Tamanho<\/td><td>Comprimento das fatias<\/td><td>Largura das fatias<\/td><\/tr><tr><td>TZ-MR-2<\/td><td>220v<\/td><td>50-300 kg\/hora<\/td><td>2200 W<\/td><td>200kg<\/td><td>1200*560*1200mm<\/td><td>600mm<\/td><td>270 mm<\/td><\/tr><tr><td>TZ-MR-4<\/td><td>380v<\/td><td>50-600 kg\/hora<\/td><td>3000 W<\/td><td>320kg<\/td><td>1200*800*1200mm<\/td><td>600mm<\/td><td>510mm<\/td><\/tr><tr><td>TZ-MR-6<\/td><td>380v<\/td><td>50-900 kg\/hora<\/td><td>3000 W<\/td><td>400kg<\/td><td>1200*1010*1200mm<\/td><td>600mm<\/td><td>730mm<\/td><\/tr><tr><td>TZ-MR-8<\/td><td>380v<\/td><td>50-1200 kg\/hora<\/td><td>4000 W<\/td><td>500kg<\/td><td>1200*1320*1200mm<\/td><td>600mm<\/td><td>920 mm<\/td><\/tr><\/tbody><\/table><figcaption class=\"wp-element-caption\">par\u00e2metros da m\u00e1quina de fatiar carne congelada<\/figcaption><\/figure>    <div class=\"wp-block-media-text is-stacked-on-mobile\"><figure class=\"wp-block-media-text__media\"><img loading=\"lazy\" decoding=\"async\" width=\"720\" height=\"540\" src=\"https:\/\/topfoodmachine.com\/wp-content\/uploads\/2023\/10\/frozen-meat-slicing-machine.webp\" alt=\"m\u00e1quina de fatiar carne congelada\" class=\"wp-image-789 size-full\" srcset=\"https:\/\/topfoodmachine.com\/wp-content\/uploads\/2023\/10\/frozen-meat-slicing-machine.webp 720w, https:\/\/topfoodmachine.com\/wp-content\/uploads\/2023\/10\/frozen-meat-slicing-machine-300x225.webp 300w\" sizes=\"auto, (max-width: 720px) 100vw, 720px\" \/><\/figure><div class=\"wp-block-media-text__content\"> <p>Dois rolos de m\u00e1quina de fatiar carne congelada<\/p> <\/div><\/div>    <div class=\"wp-block-media-text has-media-on-the-right is-stacked-on-mobile\"><div class=\"wp-block-media-text__content\"> <p>Oito rolos de m\u00e1quina de fatiar congelada<\/p> <\/div><figure class=\"wp-block-media-text__media\"><img loading=\"lazy\" decoding=\"async\" width=\"720\" height=\"540\" src=\"https:\/\/topfoodmachine.com\/wp-content\/uploads\/2023\/10\/best-selling-frozen-meat-slicer.webp\" alt=\"cortador de carne congelada mais vendido\" class=\"wp-image-788 size-full\" srcset=\"https:\/\/topfoodmachine.com\/wp-content\/uploads\/2023\/10\/best-selling-frozen-meat-slicer.webp 720w, https:\/\/topfoodmachine.com\/wp-content\/uploads\/2023\/10\/best-selling-frozen-meat-slicer-300x225.webp 300w\" sizes=\"auto, (max-width: 720px) 100vw, 720px\" \/><\/figure><\/div>    <h2 class=\"wp-block-heading\">Contate-nos<\/h2>    <p class=\"translation-block\">Al\u00e9m da <a href=\"https:\/\/en.wikipedia.org\/wiki\/Meat_slicer\" data-type=\"link\" data-id=\"https:\/\/en.wikipedia.org\/wiki\/Meat_slicer\" target=\"_blank\" rel=\"noopener\">fatiadora de carne congelada<\/a>, a nossa empresa tamb\u00e9m oferece uma vasta gama de <a href=\"https:\/\/topfoodmachine.com\/pt\/products\/egg-meat-processing-machine\/\" data-type=\"link\" data-id=\"https:\/\/topfoodmachine.com\/products\/egg-meat-processing-machine\/\">m\u00e1quinas de processamento de carne<\/a> para satisfazer diferentes necessidades de produ\u00e7\u00e3o. <\/p>    <p>Sinta-se \u00e0 vontade para nos contactar para mais detalhes e or\u00e7amentos\u2014estamos aqui para o ajudar a encontrar a solu\u00e7\u00e3o perfeita para o seu neg\u00f3cio!<\/p>","protected":false},"excerpt":{"rendered":"<p>A m\u00e1quina fatiadora de carne congelada pode cortar carne de vaca, carneiro, porco e outras carnes congeladas em fatias ou rolos uniformes sem necessidade de descongela\u00e7\u00e3o. <\/p>","protected":false},"author":1,"featured_media":782,"parent":0,"template":"","tags":[101],"product-type":[7],"class_list":["post-781","product","type-product","status-publish","has-post-thumbnail","hentry","tag-frozen-meat-slicer-machine","product-type-egg-meat-processing-machine"],"_links":{"self":[{"href":"https:\/\/topfoodmachine.com\/pt\/wp-json\/wp\/v2\/product\/781","targetHints":{"allow":["GET"]}}],"collection":[{"href":"https:\/\/topfoodmachine.com\/pt\/wp-json\/wp\/v2\/product"}],"about":[{"href":"https:\/\/topfoodmachine.com\/pt\/wp-json\/wp\/v2\/types\/product"}],"author":[{"embeddable":true,"href":"https:\/\/topfoodmachine.com\/pt\/wp-json\/wp\/v2\/users\/1"}],"wp:featuredmedia":[{"embeddable":true,"href":"https:\/\/topfoodmachine.com\/pt\/wp-json\/wp\/v2\/media\/782"}],"wp:attachment":[{"href":"https:\/\/topfoodmachine.com\/pt\/wp-json\/wp\/v2\/media?parent=781"}],"wp:term":[{"taxonomy":"post_tag","embeddable":true,"href":"https:\/\/topfoodmachine.com\/pt\/wp-json\/wp\/v2\/tags?post=781"},{"taxonomy":"product-type","embeddable":true,"href":"https:\/\/topfoodmachine.com\/pt\/wp-json\/wp\/v2\/product-type?post=781"}],"curies":[{"name":"wp","href":"https:\/\/api.w.org\/{rel}","templated":true}]}}