{"id":758,"date":"2023-10-12T13:36:51","date_gmt":"2023-10-12T05:36:51","guid":{"rendered":"https:\/\/topfoodmachine.com\/?post_type=product&#038;p=758"},"modified":"2025-04-22T15:15:23","modified_gmt":"2025-04-22T07:15:23","slug":"hamburger-patty-maker-machine","status":"publish","type":"product","link":"https:\/\/topfoodmachine.com\/pt\/product\/hamburger-patty-maker-machine\/","title":{"rendered":"M\u00e1quina para fazer hamb\u00fargueres"},"content":{"rendered":"<div class=\"kk-star-ratings kksr-auto kksr-align-left kksr-valign-top\"     data-payload='{&quot;align&quot;:&quot;left&quot;,&quot;id&quot;:&quot;758&quot;,&quot;slug&quot;:&quot;default&quot;,&quot;valign&quot;:&quot;top&quot;,&quot;ignore&quot;:&quot;&quot;,&quot;reference&quot;:&quot;auto&quot;,&quot;class&quot;:&quot;&quot;,&quot;count&quot;:&quot;21&quot;,&quot;legendonly&quot;:&quot;&quot;,&quot;readonly&quot;:&quot;&quot;,&quot;score&quot;:&quot;4.7&quot;,&quot;starsonly&quot;:&quot;&quot;,&quot;best&quot;:&quot;5&quot;,&quot;gap&quot;:&quot;5&quot;,&quot;greet&quot;:&quot;Rate this product&quot;,&quot;legend&quot;:&quot;4.7\\\/5 - (21 votes)&quot;,&quot;size&quot;:&quot;24&quot;,&quot;title&quot;:&quot;Hamburger Patty Maker Machine&quot;,&quot;width&quot;:&quot;133.8&quot;,&quot;_legend&quot;:&quot;{score}\\\/{best} - ({count} {votes})&quot;,&quot;font_factor&quot;:&quot;1.25&quot;}'>              <div class=\"kksr-stars\">      <div class=\"kksr-stars-inactive\">             <div class=\"kksr-star\" data-star=\"1\" style=\"padding-right: 5px\">               <div class=\"kksr-icon\" style=\"width: 24px; height: 24px;\"><\/div>         <\/div>             <div class=\"kksr-star\" data-star=\"2\" style=\"padding-right: 5px\">               <div class=\"kksr-icon\" style=\"width: 24px; height: 24px;\"><\/div>         <\/div>             <div class=\"kksr-star\" data-star=\"3\" style=\"padding-right: 5px\">               <div class=\"kksr-icon\" style=\"width: 24px; height: 24px;\"><\/div>         <\/div>             <div class=\"kksr-star\" data-star=\"4\" style=\"padding-right: 5px\">               <div class=\"kksr-icon\" style=\"width: 24px; height: 24px;\"><\/div>         <\/div>             <div class=\"kksr-star\" data-star=\"5\" style=\"padding-right: 5px\">               <div class=\"kksr-icon\" style=\"width: 24px; height: 24px;\"><\/div>         <\/div>     <\/div>      <div class=\"kksr-stars-active\" style=\"width: 133.8px;\">             <div class=\"kksr-star\" style=\"padding-right: 5px\">               <div class=\"kksr-icon\" style=\"width: 24px; height: 24px;\"><\/div>         <\/div>             <div class=\"kksr-star\" style=\"padding-right: 5px\">               <div class=\"kksr-icon\" style=\"width: 24px; height: 24px;\"><\/div>         <\/div>             <div class=\"kksr-star\" style=\"padding-right: 5px\">               <div class=\"kksr-icon\" style=\"width: 24px; height: 24px;\"><\/div>         <\/div>             <div class=\"kksr-star\" style=\"padding-right: 5px\">               <div class=\"kksr-icon\" style=\"width: 24px; height: 24px;\"><\/div>         <\/div>             <div class=\"kksr-star\" style=\"padding-right: 5px\">               <div class=\"kksr-icon\" style=\"width: 24px; height: 24px;\"><\/div>         <\/div>     <\/div> <\/div>                   <div class=\"kksr-legend\" style=\"font-size: 19.2px;\">             4,7\/5 - (21 votos)    <\/div>     <\/div>  <p>A m\u00e1quina de fazer hamb\u00fargueres \u00e9 usada para criar hamb\u00fargueres uniformemente moldados e dimensionados. Ela \u00e9 tipicamente feita de alum\u00ednio ou a\u00e7o inoxid\u00e1vel e consiste em duas partes: uma base e uma prensa superior. A base tem uma pequena indenta\u00e7\u00e3o no centro, enquanto a prensa superior tem um \u00eambolo elevado que se encaixa perfeitamente na indenta\u00e7\u00e3o.<\/p>    <p>As m\u00e1quinas para fazer hamb\u00fargueres est\u00e3o dispon\u00edveis em v\u00e1rios tamanhos, permitindo que o cliente selecione aquela que produz hamb\u00fargueres do tamanho ideal para necessidades espec\u00edficas. Certos modelos tamb\u00e9m oferecem funcionalidades extras, como espessura e formato personaliz\u00e1veis \u200b\u200bdo hamb\u00farguer.<\/p>    <figure class=\"wp-block-embed is-type-video is-provider-youtube wp-block-embed-youtube wp-embed-aspect-16-9 wp-has-aspect-ratio\"><div class=\"wp-block-embed__wrapper\"> <iframe loading=\"lazy\" title=\"Perfei\u00e7\u00e3o de hamb\u00farguer: como usar uma m\u00e1quina Patty Maker #hamburger #pattymaker\" width=\"500\" height=\"281\" src=\"https:\/\/www.youtube.com\/embed\/hKUsRcyTUUk?feature=oembed\" frameborder=\"0\" allow=\"accelerometer; autoplay; clipboard-write; encrypted-media; gyroscope; picture-in-picture; web-share\" referrerpolicy=\"strict-origin-when-cross-origin\" allowfullscreen><\/iframe> <\/div><figcaption class=\"wp-element-caption\">v\u00eddeo de trabalho da m\u00e1quina de fazer hamb\u00fargueres<\/figcaption><\/figure>    <h2 class=\"wp-block-heading\">Quais mat\u00e9rias-primas s\u00e3o adequadas para a m\u00e1quina de fazer hamb\u00fargueres?<\/h2>    <p>A m\u00e1quina de fazer hamb\u00fargueres \u00e9 altamente vers\u00e1til e compat\u00edvel com uma ampla gama de mat\u00e9rias-primas. Ela pode processar v\u00e1rios tipos de carne, como frango, carne bovina, carne de cordeiro e porco. Tamb\u00e9m \u00e9 perfeita para moldar produtos de frutos do mar, como peixe, camar\u00e3o, lula e salm\u00e3o em hamb\u00fargueres uniformes.<\/p>    <p>Al\u00e9m de ingredientes de origem animal, esta m\u00e1quina pode lidar com uma variedade de op\u00e7\u00f5es \u00e0 base de plantas. Ingredientes como batatas, batatas-doces, ab\u00f3boras, cenouras, feij\u00e3o verde, feij\u00e3o vermelho, feij\u00e3o broad e soja podem ser usados para fazer hamb\u00fargueres vegetais nutritivos. Para um sabor e equil\u00edbrio nutricional aprimorados, esses vegetais podem ser misturados com carne ou frutos do mar para criar hamb\u00fargueres mistos.<\/p>    <p>Todos esses hamb\u00fargueres processados podem ser usados diretamente na produ\u00e7\u00e3o de hamb\u00fargueres, tornando a m\u00e1quina ideal para processadores de carne, fornecedores de fast food e fabricantes de produtos vegetarianos.<\/p>    <figure class=\"wp-block-image size-full\"><img loading=\"lazy\" decoding=\"async\" width=\"720\" height=\"540\" src=\"https:\/\/topfoodmachine.com\/wp-content\/uploads\/2023\/10\/hamburger-forming-machine.webp\" alt=\"m\u00e1quina formadora de hamb\u00farguer\" class=\"wp-image-763\" srcset=\"https:\/\/topfoodmachine.com\/wp-content\/uploads\/2023\/10\/hamburger-forming-machine.webp 720w, https:\/\/topfoodmachine.com\/wp-content\/uploads\/2023\/10\/hamburger-forming-machine-300x225.webp 300w\" sizes=\"auto, (max-width: 720px) 100vw, 720px\" \/><figcaption class=\"wp-element-caption\">m\u00e1quina formadora de hamb\u00farguer<\/figcaption><\/figure>    <h2 class=\"wp-block-heading\">Como funciona a m\u00e1quina de moldar hamb\u00fargueres?<\/h2>    <div class=\"wp-block-media-text is-stacked-on-mobile\"><figure class=\"wp-block-media-text__media\"><img loading=\"lazy\" decoding=\"async\" width=\"720\" height=\"540\" src=\"https:\/\/topfoodmachine.com\/wp-content\/uploads\/2023\/10\/customers-feedback-for-making-patty-in-plants.webp\" alt=\"feedback dos clientes para fazer hamb\u00farguer em plantas\" class=\"wp-image-759 size-full\" srcset=\"https:\/\/topfoodmachine.com\/wp-content\/uploads\/2023\/10\/customers-feedback-for-making-patty-in-plants.webp 720w, https:\/\/topfoodmachine.com\/wp-content\/uploads\/2023\/10\/customers-feedback-for-making-patty-in-plants-300x225.webp 300w\" sizes=\"auto, (max-width: 720px) 100vw, 720px\" \/><\/figure><div class=\"wp-block-media-text__content\"> <ul class=\"wp-block-list\"> <li><strong>Instale o molde de forma\u00e7\u00e3o<\/strong> <ul class=\"wp-block-list\"> <li>Anexe o molde de tambor da carne desejado de acordo com a forma e tamanho requeridos.<\/li> <\/ul> <\/li>    <li><strong>Abra o barril de material<\/strong> <ul class=\"wp-block-list\"> <li>Levante a tampa do funil para preparar a adi\u00e7\u00e3o do recheio de carne.<\/li> <\/ul> <\/li>    <li><strong>Instale a p\u00e1 de prensagem da carne<\/strong> <ul class=\"wp-block-list\"> <li>Coloque a p\u00e1 de prensagem dentro do barril para ajudar a guiar a carne durante a opera\u00e7\u00e3o.<\/li> <\/ul> <\/li>    <li><strong>Adicione o recheio de carne<\/strong> <ul class=\"wp-block-list\"> <li>Encha o barril com a mistura de carne preparada, que pode incluir carne, frutos do mar ou misturas de vegetais.<\/li> <\/ul> <\/li> <\/ul> <\/div><\/div>    <div class=\"wp-block-media-text has-media-on-the-right is-stacked-on-mobile\"><div class=\"wp-block-media-text__content\"> <ul class=\"wp-block-list\"> <li><strong>Inicie a m\u00e1quina<\/strong> <ul class=\"wp-block-list\"> <li>Ligue a m\u00e1quina de fazer hamb\u00fargueres para iniciar o processo de moldagem.<\/li> <\/ul> <\/li>    <li><strong>A l\u00e2mina de prensagem da carne gira<\/strong> <ul class=\"wp-block-list\"> <li>A l\u00e2mina gira dentro do barril, pressionando continuamente a carne no molde de forma\u00e7\u00e3o.<\/li> <\/ul> <\/li>    <li><strong>Forma\u00e7\u00e3o e corte<\/strong> <ul class=\"wp-block-list\"> <li>O molde \u00e9 preenchido e moldado, ent\u00e3o um fio de a\u00e7o corta o hamb\u00farguer e o move para a esteira transportadora.<\/li> <\/ul> <\/li>    <li><strong>Sa\u00edda cont\u00ednua<\/strong> <ul class=\"wp-block-list\"> <li>O processo se repete automaticamente, produzindo hamb\u00fargueres em um ciclo consistente e eficiente.<\/li> <\/ul> <\/li> <\/ul> <\/div><figure class=\"wp-block-media-text__media\"><img loading=\"lazy\" decoding=\"async\" width=\"720\" height=\"540\" src=\"https:\/\/topfoodmachine.com\/wp-content\/uploads\/2023\/10\/patty-making.webp\" alt=\"fazendo hamb\u00farguer\" class=\"wp-image-760 size-full\" srcset=\"https:\/\/topfoodmachine.com\/wp-content\/uploads\/2023\/10\/patty-making.webp 720w, https:\/\/topfoodmachine.com\/wp-content\/uploads\/2023\/10\/patty-making-300x225.webp 300w\" sizes=\"auto, (max-width: 720px) 100vw, 720px\" \/><\/figure><\/div>    <h2 class=\"wp-block-heading\">Principais caracter\u00edsticas da m\u00e1quina de fazer hamb\u00farguer<\/h2>    <div class=\"wp-block-media-text is-stacked-on-mobile\"><figure class=\"wp-block-media-text__media\"><img loading=\"lazy\" decoding=\"async\" width=\"720\" height=\"540\" src=\"https:\/\/topfoodmachine.com\/wp-content\/uploads\/2023\/10\/burger-patty-maker-machine.webp\" alt=\"m\u00e1quina de fazer hamb\u00farguer\" class=\"wp-image-766 size-full\" srcset=\"https:\/\/topfoodmachine.com\/wp-content\/uploads\/2023\/10\/burger-patty-maker-machine.webp 720w, https:\/\/topfoodmachine.com\/wp-content\/uploads\/2023\/10\/burger-patty-maker-machine-300x225.webp 300w\" sizes=\"auto, (max-width: 720px) 100vw, 720px\" \/><\/figure><div class=\"wp-block-media-text__content\"> <ul class=\"wp-block-list\"> <li><strong>Uniform patty shape &amp; size<\/strong> for professional presentation.<\/li>    <li><strong>Adjustable thickness<\/strong> to meet different customer needs.<\/li>    <li><strong>Fast &amp; efficient output<\/strong>, ideal for commercial use.<\/li>    <li><strong>Supports various meats &amp; vegetables<\/strong> including beef, chicken, fish, and plant-based mixes.<\/li>    <li><strong>Stainless steel body<\/strong>, hygienic and easy to clean.<\/li>    <li><strong>Durable &amp; safe design<\/strong> for long-term, worry-free operation.<\/li> <\/ul> <\/div><\/div>    <h2 class=\"wp-block-heading\">Moldes personalizados de m\u00e1quina para fazer hamb\u00fargueres <\/h2>    <div class=\"wp-block-media-text has-media-on-the-right is-stacked-on-mobile\"><div class=\"wp-block-media-text__content\"> <ul class=\"wp-block-list\"> <li><strong>Multiple shape options<\/strong>. Supports circle, triangle, rectangle, heart, and special-shaped molds.<\/li>    <li><strong>Brand differentiation<\/strong>. Custom molds help create unique product appearances for market appeal.<\/li>    <li><strong>Flexible applications<\/strong>. Suitable for meat, seafood, vegetables, or mixed fillings.<\/li> <\/ul> <\/div><figure class=\"wp-block-media-text__media\"><img loading=\"lazy\" decoding=\"async\" width=\"720\" height=\"540\" src=\"https:\/\/topfoodmachine.com\/wp-content\/uploads\/2023\/10\/details-of-burger-forming-machine.webp\" alt=\"detalhes da m\u00e1quina formadora de hamb\u00farguer\" class=\"wp-image-761 size-full\" srcset=\"https:\/\/topfoodmachine.com\/wp-content\/uploads\/2023\/10\/details-of-burger-forming-machine.webp 720w, https:\/\/topfoodmachine.com\/wp-content\/uploads\/2023\/10\/details-of-burger-forming-machine-300x225.webp 300w\" sizes=\"auto, (max-width: 720px) 100vw, 720px\" \/><\/figure><\/div>    <div class=\"wp-block-media-text is-stacked-on-mobile\"><figure class=\"wp-block-media-text__media\"><img loading=\"lazy\" decoding=\"async\" width=\"720\" height=\"540\" src=\"https:\/\/topfoodmachine.com\/wp-content\/uploads\/2023\/10\/mold-of-burger-patty-machine.webp\" alt=\"molde de m\u00e1quina de hamb\u00farguer\" class=\"wp-image-762 size-full\" srcset=\"https:\/\/topfoodmachine.com\/wp-content\/uploads\/2023\/10\/mold-of-burger-patty-machine.webp 720w, https:\/\/topfoodmachine.com\/wp-content\/uploads\/2023\/10\/mold-of-burger-patty-machine-300x225.webp 300w\" sizes=\"auto, (max-width: 720px) 100vw, 720px\" \/><\/figure><div class=\"wp-block-media-text__content\"> <ul class=\"wp-block-list\"> <li><strong>Integra\u00e7\u00e3o perfeita<\/strong>. Works with <a href=\"https:\/\/topfoodmachine.com\/pt\/product\/automatic-meat-grinder\/\" data-type=\"link\" data-id=\"https:\/\/topfoodmachine.com\/product\/automatic-meat-grinder\/\">moedor de carne<\/a> for a complete processing line.<\/li>    <li><strong>Ready for various processing<\/strong>. Formed patties can be fried, frozen, or vacuum-packed.<\/li>    <li><strong>Efficient production<\/strong>. Replaces manual labor, speeds up forming and output.<\/li> <\/ul> <\/div><\/div>    <h2 class=\"wp-block-heading\">Par\u00e2metros t\u00e9cnicos da m\u00e1quina de hamb\u00farguer<\/h2>    <figure class=\"wp-block-table\"><table><tbody><tr><td>Modelo<\/td><td>TZ-HB-400<\/td><\/tr><tr><td>Tamanho<\/td><td>2828*830*2136mm<\/td><\/tr><tr><td>Capacidade<\/td><td>200-600 kg\/hora<\/td><\/tr><tr><td>Peso<\/td><td>100kg<\/td><\/tr><tr><td>Poder<\/td><td>1,1 kW<\/td><\/tr><tr><td>Espessura de produ\u00e7\u00e3o<\/td><td>6-25 mm<\/td><\/tr><\/tbody><\/table><figcaption class=\"wp-element-caption\">par\u00e2metros da m\u00e1quina de fazer hamb\u00farguer<\/figcaption><\/figure>    <h2 class=\"wp-block-heading\">Por que escolher comprar nossa m\u00e1quina de hamb\u00farguer?<\/h2>    <p class=\"translation-block\">Esta m\u00e1quina de <a href=\"https:\/\/en.wikipedia.org\/wiki\/Patty\" data-type=\"link\" data-id=\"https:\/\/en.wikipedia.org\/wiki\/Patty\" target=\"_blank\" rel=\"noopener\">fazer hamb\u00fargueres<\/a> combina versatilidade, precis\u00e3o e efici\u00eancia para atender \u00e0s demandas da produ\u00e7\u00e3o moderna de alimentos. Desde a personaliza\u00e7\u00e3o de formas at\u00e9 a opera\u00e7\u00e3o simplificada, ela capacita voc\u00ea a entregar qualidade consistente com cada hamb\u00farguer. <\/p>    <p class=\"translation-block\">Se voc\u00ea est\u00e1 procurando aumentar a produtividade e melhorar a atratividade do produto, esta m\u00e1quina \u00e9 um investimento inteligente. <strong>Sinta-se \u00e0 vontade para entrar em contato para solu\u00e7\u00f5es personalizadas e suporte especializado!<\/strong><\/p>    <figure class=\"wp-block-image size-full\"><img loading=\"lazy\" decoding=\"async\" width=\"720\" height=\"540\" src=\"https:\/\/topfoodmachine.com\/wp-content\/uploads\/2023\/10\/hamburger-patty-maker.webp\" alt=\"fabricante de hamb\u00farguer\" class=\"wp-image-764\" srcset=\"https:\/\/topfoodmachine.com\/wp-content\/uploads\/2023\/10\/hamburger-patty-maker.webp 720w, https:\/\/topfoodmachine.com\/wp-content\/uploads\/2023\/10\/hamburger-patty-maker-300x225.webp 300w\" sizes=\"auto, (max-width: 720px) 100vw, 720px\" \/><figcaption class=\"wp-element-caption\">fabricante de hamb\u00farguer<\/figcaption><\/figure>","protected":false},"excerpt":{"rendered":"<p>A m\u00e1quina de fazer hamb\u00fargueres \u00e9 usada para criar hamb\u00fargueres uniformemente moldados e dimensionados. Ela \u00e9 tipicamente feita de alum\u00ednio ou a\u00e7o inoxid\u00e1vel e consiste em duas partes: uma base e uma prensa superior.<\/p>","protected":false},"author":1,"featured_media":769,"parent":0,"template":"","tags":[116],"product-type":[7],"class_list":["post-758","product","type-product","status-publish","has-post-thumbnail","hentry","tag-hamburger-patty-maker-machine","product-type-egg-meat-processing-machine"],"_links":{"self":[{"href":"https:\/\/topfoodmachine.com\/pt\/wp-json\/wp\/v2\/product\/758","targetHints":{"allow":["GET"]}}],"collection":[{"href":"https:\/\/topfoodmachine.com\/pt\/wp-json\/wp\/v2\/product"}],"about":[{"href":"https:\/\/topfoodmachine.com\/pt\/wp-json\/wp\/v2\/types\/product"}],"author":[{"embeddable":true,"href":"https:\/\/topfoodmachine.com\/pt\/wp-json\/wp\/v2\/users\/1"}],"wp:featuredmedia":[{"embeddable":true,"href":"https:\/\/topfoodmachine.com\/pt\/wp-json\/wp\/v2\/media\/769"}],"wp:attachment":[{"href":"https:\/\/topfoodmachine.com\/pt\/wp-json\/wp\/v2\/media?parent=758"}],"wp:term":[{"taxonomy":"post_tag","embeddable":true,"href":"https:\/\/topfoodmachine.com\/pt\/wp-json\/wp\/v2\/tags?post=758"},{"taxonomy":"product-type","embeddable":true,"href":"https:\/\/topfoodmachine.com\/pt\/wp-json\/wp\/v2\/product-type?post=758"}],"curies":[{"name":"wp","href":"https:\/\/api.w.org\/{rel}","templated":true}]}}