{"id":668,"date":"2023-10-08T11:31:49","date_gmt":"2023-10-08T03:31:49","guid":{"rendered":"https:\/\/topfoodmachine.com\/?post_type=product&#038;p=668"},"modified":"2023-10-10T16:30:15","modified_gmt":"2023-10-10T08:30:15","slug":"automatic-vegetable-dicing-machine","status":"publish","type":"product","link":"https:\/\/topfoodmachine.com\/pt\/product\/automatic-vegetable-dicing-machine\/","title":{"rendered":"M\u00e1quina autom\u00e1tica de cortar vegetais"},"content":{"rendered":"<div class=\"kk-star-ratings kksr-auto kksr-align-left kksr-valign-top\"     data-payload='{&quot;align&quot;:&quot;left&quot;,&quot;id&quot;:&quot;668&quot;,&quot;slug&quot;:&quot;default&quot;,&quot;valign&quot;:&quot;top&quot;,&quot;ignore&quot;:&quot;&quot;,&quot;reference&quot;:&quot;auto&quot;,&quot;class&quot;:&quot;&quot;,&quot;count&quot;:&quot;27&quot;,&quot;legendonly&quot;:&quot;&quot;,&quot;readonly&quot;:&quot;&quot;,&quot;score&quot;:&quot;4.8&quot;,&quot;starsonly&quot;:&quot;&quot;,&quot;best&quot;:&quot;5&quot;,&quot;gap&quot;:&quot;5&quot;,&quot;greet&quot;:&quot;Rate this product&quot;,&quot;legend&quot;:&quot;4.8\\\/5 - (27 votes)&quot;,&quot;size&quot;:&quot;24&quot;,&quot;title&quot;:&quot;Automatic vegetable dicing machine&quot;,&quot;width&quot;:&quot;136.7&quot;,&quot;_legend&quot;:&quot;{score}\\\/{best} - ({count} {votes})&quot;,&quot;font_factor&quot;:&quot;1.25&quot;}'>              <div class=\"kksr-stars\">      <div class=\"kksr-stars-inactive\">             <div class=\"kksr-star\" data-star=\"1\" style=\"padding-right: 5px\">               <div class=\"kksr-icon\" style=\"width: 24px; height: 24px;\"><\/div>         <\/div>             <div class=\"kksr-star\" data-star=\"2\" style=\"padding-right: 5px\">               <div class=\"kksr-icon\" style=\"width: 24px; height: 24px;\"><\/div>         <\/div>             <div class=\"kksr-star\" data-star=\"3\" style=\"padding-right: 5px\">               <div class=\"kksr-icon\" style=\"width: 24px; height: 24px;\"><\/div>         <\/div>             <div class=\"kksr-star\" data-star=\"4\" style=\"padding-right: 5px\">               <div class=\"kksr-icon\" style=\"width: 24px; height: 24px;\"><\/div>         <\/div>             <div class=\"kksr-star\" data-star=\"5\" style=\"padding-right: 5px\">               <div class=\"kksr-icon\" style=\"width: 24px; height: 24px;\"><\/div>         <\/div>     <\/div>      <div class=\"kksr-stars-active\" style=\"width: 136.7px;\">             <div class=\"kksr-star\" style=\"padding-right: 5px\">               <div class=\"kksr-icon\" style=\"width: 24px; height: 24px;\"><\/div>         <\/div>             <div class=\"kksr-star\" style=\"padding-right: 5px\">               <div class=\"kksr-icon\" style=\"width: 24px; height: 24px;\"><\/div>         <\/div>             <div class=\"kksr-star\" style=\"padding-right: 5px\">               <div class=\"kksr-icon\" style=\"width: 24px; height: 24px;\"><\/div>         <\/div>             <div class=\"kksr-star\" style=\"padding-right: 5px\">               <div class=\"kksr-icon\" style=\"width: 24px; height: 24px;\"><\/div>         <\/div>             <div class=\"kksr-star\" style=\"padding-right: 5px\">               <div class=\"kksr-icon\" style=\"width: 24px; height: 24px;\"><\/div>         <\/div>     <\/div> <\/div>                   <div class=\"kksr-legend\" style=\"font-size: 19.2px;\">             4,8\/5 - (27 votos)    <\/div>     <\/div>  <p>O cortador de vegetais \u00e9 projetado para cortar vegetais de forma eficiente e uniforme em pequenos peda\u00e7os de tamanho igual, frequentemente chamados de &#8220;cubos&#8221; ou &#8220;dices&#8221;. Esta m\u00e1quina automatiza o processo de picar vegetais manualmente, economizando tempo e garantindo resultados consistentes. A m\u00e1quina de corte de vegetais \u00e9 adequada para vegetais desidratados, f\u00e1bricas de processamento de vegetais congelados e a ind\u00fastria de conservas alimentares para processar todos os tipos de vegetais de raiz em formas quadradas e retangulares.<\/p>    <p>A m\u00e1quina cortadora de legumes adota facas compostas, moldagem \u00fanica, formato regular, superf\u00edcie de corte lisa e alta taxa de moldagem. Al\u00e9m disso, a m\u00e1quina tem design avan\u00e7ado, f\u00e1cil de operar, baixo consumo de energia, alta efici\u00eancia, uso de liga de alum\u00ednio-magn\u00e9sio e materiais de a\u00e7o inoxid\u00e1vel, anticorrosivo e bonito, em linha com os padr\u00f5es de sa\u00fade.<\/p>    <figure class=\"wp-block-image size-full\"><img loading=\"lazy\" decoding=\"async\" width=\"720\" height=\"540\" src=\"https:\/\/topfoodmachine.com\/wp-content\/uploads\/2023\/10\/vegetable-dicing-machine-1.webp\" alt=\"m\u00e1quina de cortar legumes\" class=\"wp-image-706\" srcset=\"https:\/\/topfoodmachine.com\/wp-content\/uploads\/2023\/10\/vegetable-dicing-machine-1.webp 720w, https:\/\/topfoodmachine.com\/wp-content\/uploads\/2023\/10\/vegetable-dicing-machine-1-300x225.webp 300w\" sizes=\"auto, (max-width: 720px) 100vw, 720px\" \/><figcaption class=\"wp-element-caption\">m\u00e1quina de cortar legumes<\/figcaption><\/figure>    <h2 class=\"wp-block-heading\">Qual \u00e9 a estrutura da m\u00e1quina de cortar vegetais?<\/h2>    <p>Normalmente, uma m\u00e1quina de cortar vegetais consiste em uma rampa de alimenta\u00e7\u00e3o onde voc\u00ea coloca os vegetais, um mecanismo de corte equipado com l\u00e2minas afiadas, um sistema de transmiss\u00e3o e um sistema de controle de pot\u00eancia. A m\u00e1quina opera por meio de entrada manual, onde o usu\u00e1rio alimenta os vegetais pela calha, ou por meio de um processo automatizado para opera\u00e7\u00f5es de maior volume.<\/p>    <p>A base, a carca\u00e7a, a tremonha e as pe\u00e7as principais s\u00e3o feitas de liga de alum\u00ednio-magn\u00e9sio e a\u00e7o inoxid\u00e1vel para garantir um trabalho de longo prazo sem ferrugem.<\/p>    <figure class=\"wp-block-image size-full\"><img loading=\"lazy\" decoding=\"async\" width=\"720\" height=\"540\" src=\"https:\/\/topfoodmachine.com\/wp-content\/uploads\/2023\/10\/dicing-machine-with-a-good-price.webp\" alt=\"m\u00e1quina de corte com um bom pre\u00e7o\" class=\"wp-image-722\" srcset=\"https:\/\/topfoodmachine.com\/wp-content\/uploads\/2023\/10\/dicing-machine-with-a-good-price.webp 720w, https:\/\/topfoodmachine.com\/wp-content\/uploads\/2023\/10\/dicing-machine-with-a-good-price-300x225.webp 300w\" sizes=\"auto, (max-width: 720px) 100vw, 720px\" \/><figcaption class=\"wp-element-caption\">m\u00e1quina de corte com um bom pre\u00e7o<\/figcaption><\/figure>    <h2 class=\"wp-block-heading\">Princ\u00edpio de funcionamento da m\u00e1quina de cortar vegetais<\/h2>    <p>O disco da m\u00e1quina faz com que as mat\u00e9rias-primas girem em alta velocidade, utilizando a for\u00e7a centr\u00edfuga. Com a ajuda da l\u00e2mina vertical, o material \u00e9 fatiado em peda\u00e7os finos. Em seguida, passa pela l\u00e2mina circular para ser cortado em tiras, que s\u00e3o posteriormente alimentadas na l\u00e2mina de corte transversal. Esta l\u00e2mina de corte transversal transforma o material nas formas de cubos ou ret\u00e2ngulos desejadas.<\/p>    <figure class=\"wp-block-gallery has-nested-images columns-default is-cropped wp-block-gallery-2 is-layout-flex wp-block-gallery-is-layout-flex\"> <figure class=\"wp-block-image size-large\"><img loading=\"lazy\" decoding=\"async\" width=\"720\" height=\"540\" data-id=\"675\" src=\"https:\/\/topfoodmachine.com\/wp-content\/uploads\/2023\/10\/mushroom-dices.webp\" alt=\"cubos de cogumelo\" class=\"wp-image-675\" srcset=\"https:\/\/topfoodmachine.com\/wp-content\/uploads\/2023\/10\/mushroom-dices.webp 720w, https:\/\/topfoodmachine.com\/wp-content\/uploads\/2023\/10\/mushroom-dices-300x225.webp 300w\" sizes=\"auto, (max-width: 720px) 100vw, 720px\" \/><figcaption class=\"wp-element-caption\">cubos de cogumelo<\/figcaption><\/figure>    <figure class=\"wp-block-image size-large\"><img loading=\"lazy\" decoding=\"async\" width=\"720\" height=\"540\" data-id=\"677\" src=\"https:\/\/topfoodmachine.com\/wp-content\/uploads\/2023\/10\/vegetable-dices-1.webp\" alt=\"dados de vegetais\" class=\"wp-image-677\" srcset=\"https:\/\/topfoodmachine.com\/wp-content\/uploads\/2023\/10\/vegetable-dices-1.webp 720w, https:\/\/topfoodmachine.com\/wp-content\/uploads\/2023\/10\/vegetable-dices-1-300x225.webp 300w\" sizes=\"auto, (max-width: 720px) 100vw, 720px\" \/><figcaption class=\"wp-element-caption\">dados de vegetais<\/figcaption><\/figure>    <figure class=\"wp-block-image size-large\"><img loading=\"lazy\" decoding=\"async\" width=\"720\" height=\"540\" data-id=\"676\" src=\"https:\/\/topfoodmachine.com\/wp-content\/uploads\/2023\/10\/tomato-dices.webp\" alt=\"cubos de tomate\" class=\"wp-image-676\" srcset=\"https:\/\/topfoodmachine.com\/wp-content\/uploads\/2023\/10\/tomato-dices.webp 720w, https:\/\/topfoodmachine.com\/wp-content\/uploads\/2023\/10\/tomato-dices-300x225.webp 300w\" sizes=\"auto, (max-width: 720px) 100vw, 720px\" \/><figcaption class=\"wp-element-caption\">cubos de tomate<\/figcaption><\/figure> <\/figure>    <h2 class=\"wp-block-heading\">Aplica\u00e7\u00e3o da m\u00e1quina cortadora de vegetais<\/h2>    <p>Essas m\u00e1quinas s\u00e3o amplamente utilizadas em cozinhas comerciais, instala\u00e7\u00f5es de processamento de alimentos e restaurantes onde s\u00e3o necess\u00e1rias grandes quantidades de vegetais cortados em cubos para diversas aplica\u00e7\u00f5es culin\u00e1rias. N\u00e3o s\u00f3 aumentam a efici\u00eancia, mas tamb\u00e9m contribuem para a uniformidade e apresenta\u00e7\u00e3o dos pratos. Al\u00e9m disso, as m\u00e1quinas de cortar vegetais v\u00eam com diferentes acess\u00f3rios de l\u00e2mina e podem cortar cubos de 3, 4, 5, 6, 7, 8, 9, 10, 12, 15 e 20 mm, permitindo a personaliza\u00e7\u00e3o do tamanho e formato dos cubos. vegetais para atender receitas espec\u00edficas e prefer\u00eancias culin\u00e1rias.<\/p>    <figure class=\"wp-block-gallery has-nested-images columns-default is-cropped wp-block-gallery-3 is-layout-flex wp-block-gallery-is-layout-flex\"> <figure class=\"wp-block-image size-large\"><img loading=\"lazy\" decoding=\"async\" width=\"720\" height=\"540\" data-id=\"673\" src=\"https:\/\/topfoodmachine.com\/wp-content\/uploads\/2023\/10\/Accessories-of-dicer-machine-1.webp\" alt=\"Acess\u00f3rios da m\u00e1quina de corte em cubos\" class=\"wp-image-673\" srcset=\"https:\/\/topfoodmachine.com\/wp-content\/uploads\/2023\/10\/Accessories-of-dicer-machine-1.webp 720w, https:\/\/topfoodmachine.com\/wp-content\/uploads\/2023\/10\/Accessories-of-dicer-machine-1-300x225.webp 300w\" sizes=\"auto, (max-width: 720px) 100vw, 720px\" \/><figcaption class=\"wp-element-caption\">Acess\u00f3rios da m\u00e1quina de corte em cubos<\/figcaption><\/figure>    <figure class=\"wp-block-image size-large\"><img loading=\"lazy\" decoding=\"async\" width=\"720\" height=\"540\" data-id=\"674\" src=\"https:\/\/topfoodmachine.com\/wp-content\/uploads\/2023\/10\/Accessories-of-vegetable-dicing-machine-1.webp\" alt=\"Acess\u00f3rios para m\u00e1quina de cortar vegetais\" class=\"wp-image-674\" srcset=\"https:\/\/topfoodmachine.com\/wp-content\/uploads\/2023\/10\/Accessories-of-vegetable-dicing-machine-1.webp 720w, https:\/\/topfoodmachine.com\/wp-content\/uploads\/2023\/10\/Accessories-of-vegetable-dicing-machine-1-300x225.webp 300w\" sizes=\"auto, (max-width: 720px) 100vw, 720px\" \/><figcaption class=\"wp-element-caption\">Acess\u00f3rios para m\u00e1quina de cortar vegetais<\/figcaption><\/figure> <\/figure>    <h2 class=\"wp-block-heading\">Como usar o cortador de legumes?<\/h2>    <p>1. Prepara\u00e7\u00e3o:<br>Lave os vegetais e retire a casca e as partes indesejadas.<br>Corte os legumes em peda\u00e7os do tamanho certo para caber na abertura de alimenta\u00e7\u00e3o do cortador de cubos, conforme necess\u00e1rio.<\/p>    <p>2. Configurando a m\u00e1quina:<br>Coloque o cortador de legumes em uma superf\u00edcie de trabalho lisa.<br>Certifique-se de que o plugue esteja inserido na tomada el\u00e9trica e siga as instru\u00e7\u00f5es do manual de opera\u00e7\u00e3o para garantir que todos os dispositivos de seguran\u00e7a foram configurados corretamente.<\/p>    <p>3. Iniciando a m\u00e1quina:<br>Se operado manualmente, ative o bot\u00e3o liga\/desliga.<br>Se estiver operando automaticamente, alguns par\u00e2metros podem precisar ser ajustados dependendo do modelo e das configura\u00e7\u00f5es da m\u00e1quina.<\/p>    <p>4. Preparando os legumes:<br>Coloque os peda\u00e7os de vegetais preparados, um por um, na abertura de alimenta\u00e7\u00e3o do cortador de cubos.<\/p>    <p>5. Observe e monitore:<br>Preste aten\u00e7\u00e3o ao estado de funcionamento da m\u00e1quina para garantir que os peda\u00e7os de vegetais sejam cortados uniformemente.<\/p>    <p>6. Ajuste o tamanho dos cubos (se necess\u00e1rio):<br>Substitua a cabe\u00e7a de corte ou ajuste as configura\u00e7\u00f5es da m\u00e1quina conforme necess\u00e1rio para obter o tamanho de bloco desejado.<\/p>    <p>7. Recolha dos vegetais cortados:<br>Os peda\u00e7os de vegetais cortados cair\u00e3o da sa\u00edda da m\u00e1quina em um recipiente ou bandeja de coleta.<\/p>    <p>8. Desligar a m\u00e1quina:<br>Desconecte a fonte de alimenta\u00e7\u00e3o desligando o interruptor quando terminar de usar a m\u00e1quina.<\/p>    <p>9. Limpeza e Manuten\u00e7\u00e3o:<br>Limpe o cortador de blocos, incluindo a remo\u00e7\u00e3o de restos de vegetais e a lavagem das pe\u00e7as cortadas.<br>Verifique e fa\u00e7a a manuten\u00e7\u00e3o da m\u00e1quina regularmente para garantir o funcionamento adequado.<\/p>    <p>10. Armazenamento:<br>Se n\u00e3o for usado com frequ\u00eancia, armazene o cortador de bloco adequadamente para evitar danos ou corros\u00e3o.<\/p>    <figure class=\"wp-block-embed is-type-video is-provider-youtube wp-block-embed-youtube wp-embed-aspect-16-9 wp-has-aspect-ratio\"><div class=\"wp-block-embed__wrapper\"> <iframe loading=\"lazy\" title=\"Pique como um profissional: descubra os segredos da m\u00e1quina de cortar vegetais! #m\u00e1quina de cortar cubos #vegetais\" width=\"500\" height=\"281\" src=\"https:\/\/www.youtube.com\/embed\/TxB7N50k37I?start=2&#038;feature=oembed\" frameborder=\"0\" allow=\"accelerometer; autoplay; clipboard-write; encrypted-media; gyroscope; picture-in-picture; web-share\" referrerpolicy=\"strict-origin-when-cross-origin\" allowfullscreen><\/iframe> <\/div><\/figure>    <h2 class=\"wp-block-heading\">Par\u00e2metros t\u00e9cnicos da m\u00e1quina de corte em cubos <\/h2>    <figure class=\"wp-block-table\"><table><tbody><tr><td>Modelo<\/td><td>TZ-CHD100<\/td><\/tr><tr><td>Capacidade<\/td><td>100kg\/h<\/td><\/tr><tr><td>Tamanho<\/td><td>560*600*1040mm<\/td><\/tr><tr><td>Peso<\/td><td>100kg<\/td><\/tr><tr><td>Poder<\/td><td>0,75 kW<\/td><\/tr><tr><td>Tens\u00e3o<\/td><td>380v<\/td><\/tr><\/tbody><\/table><\/figure>","protected":false},"excerpt":{"rendered":"<p>O cortador de vegetais \u00e9 projetado para cortar vegetais de forma eficiente e uniforme em peda\u00e7os pequenos e de tamanho uniforme, frequentemente chamados de &#8220;cubos&#8221; ou &#8220;dices.&#8221;<\/p>","protected":false},"author":1,"featured_media":669,"parent":0,"template":"","tags":[],"product-type":[3],"class_list":["post-668","product","type-product","status-publish","has-post-thumbnail","hentry","product-type-fruit-vegetable-processing-machine"],"_links":{"self":[{"href":"https:\/\/topfoodmachine.com\/pt\/wp-json\/wp\/v2\/product\/668","targetHints":{"allow":["GET"]}}],"collection":[{"href":"https:\/\/topfoodmachine.com\/pt\/wp-json\/wp\/v2\/product"}],"about":[{"href":"https:\/\/topfoodmachine.com\/pt\/wp-json\/wp\/v2\/types\/product"}],"author":[{"embeddable":true,"href":"https:\/\/topfoodmachine.com\/pt\/wp-json\/wp\/v2\/users\/1"}],"wp:featuredmedia":[{"embeddable":true,"href":"https:\/\/topfoodmachine.com\/pt\/wp-json\/wp\/v2\/media\/669"}],"wp:attachment":[{"href":"https:\/\/topfoodmachine.com\/pt\/wp-json\/wp\/v2\/media?parent=668"}],"wp:term":[{"taxonomy":"post_tag","embeddable":true,"href":"https:\/\/topfoodmachine.com\/pt\/wp-json\/wp\/v2\/tags?post=668"},{"taxonomy":"product-type","embeddable":true,"href":"https:\/\/topfoodmachine.com\/pt\/wp-json\/wp\/v2\/product-type?post=668"}],"curies":[{"name":"wp","href":"https:\/\/api.w.org\/{rel}","templated":true}]}}