{"id":648,"date":"2023-10-07T16:23:22","date_gmt":"2023-10-07T08:23:22","guid":{"rendered":"https:\/\/topfoodmachine.com\/?post_type=product&#038;p=648"},"modified":"2023-10-10T15:48:30","modified_gmt":"2023-10-10T07:48:30","slug":"vegetables-and-fruits-washing-and-peeling-machine","status":"publish","type":"product","link":"https:\/\/topfoodmachine.com\/pt\/product\/vegetables-and-fruits-washing-and-peeling-machine\/","title":{"rendered":"M\u00e1quina de lavar e descascar legumes e frutas"},"content":{"rendered":"<div class=\"kk-star-ratings kksr-auto kksr-align-left kksr-valign-top\"     data-payload='{&quot;align&quot;:&quot;left&quot;,&quot;id&quot;:&quot;648&quot;,&quot;slug&quot;:&quot;default&quot;,&quot;valign&quot;:&quot;top&quot;,&quot;ignore&quot;:&quot;&quot;,&quot;reference&quot;:&quot;auto&quot;,&quot;class&quot;:&quot;&quot;,&quot;count&quot;:&quot;30&quot;,&quot;legendonly&quot;:&quot;&quot;,&quot;readonly&quot;:&quot;&quot;,&quot;score&quot;:&quot;4.6&quot;,&quot;starsonly&quot;:&quot;&quot;,&quot;best&quot;:&quot;5&quot;,&quot;gap&quot;:&quot;5&quot;,&quot;greet&quot;:&quot;Rate this product&quot;,&quot;legend&quot;:&quot;4.6\\\/5 - (30 votes)&quot;,&quot;size&quot;:&quot;24&quot;,&quot;title&quot;:&quot;Vegetables and fruits washing and peeling\u00a0machine&quot;,&quot;width&quot;:&quot;130.9&quot;,&quot;_legend&quot;:&quot;{score}\\\/{best} - ({count} {votes})&quot;,&quot;font_factor&quot;:&quot;1.25&quot;}'>              <div class=\"kksr-stars\">      <div class=\"kksr-stars-inactive\">             <div class=\"kksr-star\" data-star=\"1\" style=\"padding-right: 5px\">               <div class=\"kksr-icon\" style=\"width: 24px; height: 24px;\"><\/div>         <\/div>             <div class=\"kksr-star\" data-star=\"2\" style=\"padding-right: 5px\">               <div class=\"kksr-icon\" style=\"width: 24px; height: 24px;\"><\/div>         <\/div>             <div class=\"kksr-star\" data-star=\"3\" style=\"padding-right: 5px\">               <div class=\"kksr-icon\" style=\"width: 24px; height: 24px;\"><\/div>         <\/div>             <div class=\"kksr-star\" data-star=\"4\" style=\"padding-right: 5px\">               <div class=\"kksr-icon\" style=\"width: 24px; height: 24px;\"><\/div>         <\/div>             <div class=\"kksr-star\" data-star=\"5\" style=\"padding-right: 5px\">               <div class=\"kksr-icon\" style=\"width: 24px; height: 24px;\"><\/div>         <\/div>     <\/div>      <div class=\"kksr-stars-active\" style=\"width: 130.9px;\">             <div class=\"kksr-star\" style=\"padding-right: 5px\">               <div class=\"kksr-icon\" style=\"width: 24px; height: 24px;\"><\/div>         <\/div>             <div class=\"kksr-star\" style=\"padding-right: 5px\">               <div class=\"kksr-icon\" style=\"width: 24px; height: 24px;\"><\/div>         <\/div>             <div class=\"kksr-star\" style=\"padding-right: 5px\">               <div class=\"kksr-icon\" style=\"width: 24px; height: 24px;\"><\/div>         <\/div>             <div class=\"kksr-star\" style=\"padding-right: 5px\">               <div class=\"kksr-icon\" style=\"width: 24px; height: 24px;\"><\/div>         <\/div>             <div class=\"kksr-star\" style=\"padding-right: 5px\">               <div class=\"kksr-icon\" style=\"width: 24px; height: 24px;\"><\/div>         <\/div>     <\/div> <\/div>                   <div class=\"kksr-legend\" style=\"font-size: 19.2px;\">             4,6\/5 - (30 votos)    <\/div>     <\/div>  <p>A M\u00e1quina Comercial de Lavar e Descascar Frutas e Legumes \u00e9 o auge da inova\u00e7\u00e3o em tecnologia de cozinha. Este aparelho de \u00faltima gera\u00e7\u00e3o foi meticulosamente projetado para elevar a prepara\u00e7\u00e3o de alimentos em ambientes comerciais. Ao combinar perfeitamente as fun\u00e7\u00f5es de lavagem e descascamento, n\u00e3o s\u00f3 agiliza o processo, mas tamb\u00e9m mant\u00e9m os mais altos padr\u00f5es de higiene. Projetada para efici\u00eancia e precis\u00e3o, esta m\u00e1quina \u00e9 uma virada de jogo para cozinhas profissionais, oferecendo uma solu\u00e7\u00e3o perfeita para aumentar a produtividade e manter protocolos de seguran\u00e7a alimentar impec\u00e1veis.<\/p>    <p>Atendendo \u00e0s demandas de uma cozinha comercial movimentada, a M\u00e1quina Comercial de Lavar e Descascar Frutas e Legumes \u00e9 obrigat\u00f3ria para chefs e profissionais de food service. Sua constru\u00e7\u00e3o robusta e recursos avan\u00e7ados o tornam ideal para quem lida regularmente com grandes volumes de produtos. Quer voc\u00ea administre um restaurante de alta capacidade, um servi\u00e7o de catering ou uma instala\u00e7\u00e3o de processamento de alimentos, esta m\u00e1quina \u00e9 a base da efici\u00eancia. Aproveite esta maravilha tecnol\u00f3gica para garantir que as opera\u00e7\u00f5es da sua cozinha sejam caracterizadas pela velocidade e higiene intransigente.<\/p>    <figure class=\"wp-block-image size-full\"><img loading=\"lazy\" decoding=\"async\" width=\"720\" height=\"540\" src=\"https:\/\/topfoodmachine.com\/wp-content\/uploads\/2023\/10\/vegetable-cleaner-and-peeler-machine-for-business.webp\" alt=\"m\u00e1quina de limpeza e descascador de vegetais para empresas\" class=\"wp-image-710\" srcset=\"https:\/\/topfoodmachine.com\/wp-content\/uploads\/2023\/10\/vegetable-cleaner-and-peeler-machine-for-business.webp 720w, https:\/\/topfoodmachine.com\/wp-content\/uploads\/2023\/10\/vegetable-cleaner-and-peeler-machine-for-business-300x225.webp 300w\" sizes=\"auto, (max-width: 720px) 100vw, 720px\" \/><figcaption class=\"wp-element-caption\">m\u00e1quina de limpeza e descascador de vegetais para empresas<\/figcaption><\/figure>    <h2 class=\"wp-block-heading\">Mat\u00e9rias-primas aplic\u00e1veis \u200b\u200bpara m\u00e1quina de limpeza e descascamento de frutas e vegetais<\/h2>    <p>Legumes: batata, nabo, cenoura, batata, cebola, inhame chin\u00eas<\/p>    <p>Frutas: ma\u00e7\u00e3, p\u00eara, laranja, lim\u00e3o, p\u00eassego, damasco, t\u00e2maras<\/p>    <p>Nozes: noz, castanha<\/p>    <figure class=\"wp-block-gallery has-nested-images columns-default is-cropped wp-block-gallery-2 is-layout-flex wp-block-gallery-is-layout-flex\"> <figure class=\"wp-block-image size-large\"><img loading=\"lazy\" decoding=\"async\" width=\"720\" height=\"540\" data-id=\"654\" src=\"https:\/\/topfoodmachine.com\/wp-content\/uploads\/2023\/10\/applicable-vegetables.webp\" alt=\"vegetais aplic\u00e1veis\" class=\"wp-image-654\" srcset=\"https:\/\/topfoodmachine.com\/wp-content\/uploads\/2023\/10\/applicable-vegetables.webp 720w, https:\/\/topfoodmachine.com\/wp-content\/uploads\/2023\/10\/applicable-vegetables-300x225.webp 300w\" sizes=\"auto, (max-width: 720px) 100vw, 720px\" \/><figcaption class=\"wp-element-caption\">vegetais aplic\u00e1veis<\/figcaption><\/figure>    <figure class=\"wp-block-image size-large\"><img loading=\"lazy\" decoding=\"async\" width=\"720\" height=\"540\" data-id=\"655\" src=\"https:\/\/topfoodmachine.com\/wp-content\/uploads\/2023\/10\/raw-materials.webp\" alt=\"mat\u00e9rias-primas\" class=\"wp-image-655\" srcset=\"https:\/\/topfoodmachine.com\/wp-content\/uploads\/2023\/10\/raw-materials.webp 720w, https:\/\/topfoodmachine.com\/wp-content\/uploads\/2023\/10\/raw-materials-300x225.webp 300w\" sizes=\"auto, (max-width: 720px) 100vw, 720px\" \/><figcaption class=\"wp-element-caption\">mat\u00e9rias-primas<\/figcaption><\/figure> <\/figure>    <h2 class=\"wp-block-heading\">Caracter\u00edsticas da m\u00e1quina de limpeza e descascador de legumes e frutas<\/h2>    <ul class=\"wp-block-list\"> <li><strong>Funcionalidade Dupla<\/strong>: Esta m\u00e1quina combina perfeitamente as fun\u00e7\u00f5es de lavar e descascar, agilizando os processos de prepara\u00e7\u00e3o de alimentos.<\/li>    <li><strong>Alta capacidade<\/strong>: Projetado para lidar com grandes quantidades de vegetais e frutas, tornando-o ideal para opera\u00e7\u00f5es em escala comercial.<\/li>    <li><strong>Sistema de limpeza eficiente<\/strong>: Utiliza um mecanismo de limpeza avan\u00e7ado para garantir uma lavagem completa e higi\u00eanica dos produtos, minimizando o risco de contaminantes.<\/li>    <li><strong>Peeling de Precis\u00e3o<\/strong>: Emprega tecnologia de peeling de \u00faltima gera\u00e7\u00e3o para remover a pele ou camadas externas com precis\u00e3o, resultando em desperd\u00edcio m\u00ednimo.<\/li>    <li><strong>Configura\u00e7\u00f5es ajust\u00e1veis<\/strong>: Oferece configura\u00e7\u00f5es personaliz\u00e1veis \u200b\u200bpara acomodar v\u00e1rios tamanhos e tipos de produtos, permitindo versatilidade no processamento de alimentos.<\/li>    <li><strong>Caracter\u00edsticas de seguran\u00e7a<\/strong>: Incorpora medidas de seguran\u00e7a para evitar acidentes ou contratempos durante a opera\u00e7\u00e3o, garantindo um ambiente de trabalho seguro.<\/li>    <li><strong>Conserva\u00e7\u00e3o da \u00c1gua<\/strong>: Incorpora sistemas de reciclagem de \u00e1gua para minimizar o consumo de \u00e1gua, demonstrando uma abordagem ecologicamente consciente nas opera\u00e7\u00f5es.<\/li>    <li><strong>Constru\u00e7\u00e3o Dur\u00e1vel<\/strong>: Constru\u00eddo com materiais de alta qualidade para suportar os rigores do uso comercial, garantindo longevidade e confiabilidade.<\/li> <\/ul>    <figure class=\"wp-block-image size-full\"><img loading=\"lazy\" decoding=\"async\" width=\"720\" height=\"540\" src=\"https:\/\/topfoodmachine.com\/wp-content\/uploads\/2023\/10\/commercial-vegetable-washing-machine.webp\" alt=\"m\u00e1quina de lavar vegetais comercial\" class=\"wp-image-719\" srcset=\"https:\/\/topfoodmachine.com\/wp-content\/uploads\/2023\/10\/commercial-vegetable-washing-machine.webp 720w, https:\/\/topfoodmachine.com\/wp-content\/uploads\/2023\/10\/commercial-vegetable-washing-machine-300x225.webp 300w\" sizes=\"auto, (max-width: 720px) 100vw, 720px\" \/><figcaption class=\"wp-element-caption\">m\u00e1quina de lavar vegetais comercial<\/figcaption><\/figure>    <h2 class=\"wp-block-heading\">Princ\u00edpio de funcionamento da m\u00e1quina de lavar e descascar vegetais<\/h2>    <p>O princ\u00edpio de funcionamento da m\u00e1quina de limpeza com escova para frutas e vegetais \u00e9 utilizar a rota\u00e7\u00e3o da escova e o atrito m\u00fatuo entre os materiais para remover a sujeira e impurezas aderidas \u00e0 superf\u00edcie das frutas e vegetais. Este tipo de m\u00e1quina de lavar consiste principalmente em um corpo de a\u00e7o inoxid\u00e1vel, escova, motor, rolamento, tubo de pulveriza\u00e7\u00e3o e caixa de controle el\u00e9trico e outras pe\u00e7as. <\/p>    <p>No processo de opera\u00e7\u00e3o, a escova dentro da m\u00e1quina ir\u00e1 girar com a rota\u00e7\u00e3o do motor, e a superf\u00edcie das frutas e vegetais a serem limpas ser\u00e1 friccionada e, em seguida, remover\u00e1 a sujeira da superf\u00edcie. Ao mesmo tempo, o tubo de pulveriza\u00e7\u00e3o pulverizar\u00e1 \u00e1gua para limpar ainda mais as frutas e vegetais, remover impurezas que n\u00e3o podem ser removidas pela escova e garantir a limpeza das frutas e vegetais.<\/p>    <figure class=\"wp-block-embed is-type-video is-provider-youtube wp-block-embed-youtube wp-embed-aspect-16-9 wp-has-aspect-ratio\"><div class=\"wp-block-embed__wrapper\"> <iframe loading=\"lazy\" title=\"M\u00e1quina de lavar e descascar vegetais e frutas: a maneira f\u00e1cil de uma alimenta\u00e7\u00e3o saud\u00e1vel! #lavagem #peeling\" width=\"500\" height=\"281\" src=\"https:\/\/www.youtube.com\/embed\/D3GsEQErQ0s?start=3&#038;feature=oembed\" frameborder=\"0\" allow=\"accelerometer; autoplay; clipboard-write; encrypted-media; gyroscope; picture-in-picture; web-share\" referrerpolicy=\"strict-origin-when-cross-origin\" allowfullscreen><\/iframe> <\/div><\/figure>    <h2 class=\"wp-block-heading\">Aplica\u00e7\u00e3o de m\u00e1quina de lavar e descascar com escova de rolo<\/h2>    <ol class=\"wp-block-list\"> <li><strong>Cozinhas comerciais e restaurantes<\/strong>: Chefs e pessoal de cozinha de restaurantes, servi\u00e7os de catering e outros estabelecimentos alimentares que necessitam de equipamentos de prepara\u00e7\u00e3o de alimentos eficientes e de alta capacidade.<\/li>    <li><strong>Instala\u00e7\u00f5es de processamento de alimentos<\/strong>: Profissionais que trabalham em f\u00e1bricas e instala\u00e7\u00f5es de processamento de alimentos onde grandes quantidades de frutas e vegetais precisam ser preparadas e processadas para distribui\u00e7\u00e3o.<\/li>    <li><strong>Mercados Atacadistas e Centros de Distribui\u00e7\u00e3o<\/strong>: Trabalhadores envolvidos na classifica\u00e7\u00e3o, limpeza e prepara\u00e7\u00e3o de produtos para distribui\u00e7\u00e3o a varejistas, supermercados e outros pontos de venda de alimentos.<\/li>    <li><strong>Servi\u00e7os de catering<\/strong>: Fornecedores e planejadores de eventos que lidam com eventos de grande escala e exigem recursos r\u00e1pidos de prepara\u00e7\u00e3o de alimentos.<\/li>    <li><strong>Ind\u00fastria Hoteleira e Hospitalar<\/strong>: Chefs e equipas de cozinha em hot\u00e9is e estabelecimentos hoteleiros onde a efici\u00eancia e a apresenta\u00e7\u00e3o s\u00e3o fundamentais.<\/li>    <li><strong>Unidades de Fabrica\u00e7\u00e3o de Alimentos<\/strong>: Operadores e t\u00e9cnicos em instala\u00e7\u00f5es envolvidas na produ\u00e7\u00e3o de produtos alimentares embalados e processados.<\/li> <\/ol>    <h2 class=\"wp-block-heading\">Par\u00e2metros da m\u00e1quina de limpeza e descascamento<\/h2>    <figure class=\"wp-block-table\"><table><tbody><tr><td>Modelo<\/td><td>Tamanho (mm)<\/td><td>Peso (kg)<\/td><td>Pot\u00eancia (kw)<\/td><td>Capacidade (kg\/h)<\/td><\/tr><tr><td>TZCY800<\/td><td>1580*850*800<\/td><td>180<\/td><td>1.1<\/td><td>800<\/td><\/tr><tr><td>TZCY1000<\/td><td>1780*850*800<\/td><td>220<\/td><td>1.5<\/td><td>1000<\/td><\/tr><tr><td>TZCY1200<\/td><td>1980*850*800<\/td><td>240<\/td><td>1.5<\/td><td>1200<\/td><\/tr><tr><td>TZCY1500<\/td><td>2280*850*800<\/td><td>260<\/td><td>2.2<\/td><td>1500<\/td><\/tr><tr><td>TZCY1800<\/td><td>2580*850*800<\/td><td>280<\/td><td>2.2<\/td><td>1800<\/td><\/tr><tr><td>TZCY2000<\/td><td>2780*850*800<\/td><td>320<\/td><td>3<\/td><td>2000<\/td><\/tr><tr><td>TZCY2600<\/td><td>3400*850*800<\/td><td>600<\/td><td>4<\/td><td>3000<\/td><\/tr><\/tbody><\/table><\/figure>    <p>Entendemos que as necessidades de cada cliente s\u00e3o \u00fanicas. Por essa raz\u00e3o, oferecemos um servi\u00e7o personalizado especial para o design das escovas em nossas m\u00e1quinas, que podem ser feitas em diferentes tamanhos de acordo com as necessidades reais de nossos clientes. Este servi\u00e7o exclusivo garante que nossos produtos possam ser adaptados a uma ampla variedade de aplica\u00e7\u00f5es e necessidades de limpeza.<\/p>    <figure class=\"wp-block-gallery has-nested-images columns-default is-cropped wp-block-gallery-3 is-layout-flex wp-block-gallery-is-layout-flex\"> <figure class=\"wp-block-image size-large\"><img loading=\"lazy\" decoding=\"async\" width=\"720\" height=\"480\" data-id=\"656\" src=\"https:\/\/topfoodmachine.com\/wp-content\/uploads\/2023\/10\/brushes-1.webp\" alt=\"pinc\u00e9is\" class=\"wp-image-656\" srcset=\"https:\/\/topfoodmachine.com\/wp-content\/uploads\/2023\/10\/brushes-1.webp 720w, https:\/\/topfoodmachine.com\/wp-content\/uploads\/2023\/10\/brushes-1-300x200.webp 300w\" sizes=\"auto, (max-width: 720px) 100vw, 720px\" \/><figcaption class=\"wp-element-caption\">pinc\u00e9is<\/figcaption><\/figure>    <figure class=\"wp-block-image size-large\"><img loading=\"lazy\" decoding=\"async\" width=\"720\" height=\"540\" data-id=\"657\" src=\"https:\/\/topfoodmachine.com\/wp-content\/uploads\/2023\/10\/details-of-brush-1.webp\" alt=\"detalhes do pincel\" class=\"wp-image-657\" srcset=\"https:\/\/topfoodmachine.com\/wp-content\/uploads\/2023\/10\/details-of-brush-1.webp 720w, https:\/\/topfoodmachine.com\/wp-content\/uploads\/2023\/10\/details-of-brush-1-300x225.webp 300w\" sizes=\"auto, (max-width: 720px) 100vw, 720px\" \/><figcaption class=\"wp-element-caption\">detalhes do pincel<\/figcaption><\/figure> <\/figure>    <p>Al\u00e9m disso, tamb\u00e9m personalizamos nossos elevadores correspondentes para atender \u00e0s diferentes aplica\u00e7\u00f5es de nossos clientes para o manuseio cont\u00ednuo de grandes quantidades de ingredientes. Esta gama abrangente de servi\u00e7os \u00e9 projetada para atender \u00e0s necessidades de nossos clientes e ajud\u00e1-los a alcan\u00e7ar um processo de produ\u00e7\u00e3o suave e eficiente. Sejam eles f\u00e1bricas de processamento agr\u00edcola em grande escala ou empresas de catering, podemos fornecer produtos e servi\u00e7os satisfat\u00f3rios.<\/p>    <figure class=\"wp-block-gallery has-nested-images columns-default is-cropped wp-block-gallery-4 is-layout-flex wp-block-gallery-is-layout-flex\"> <figure class=\"wp-block-image size-large\"><img loading=\"lazy\" decoding=\"async\" width=\"720\" height=\"540\" data-id=\"659\" src=\"https:\/\/topfoodmachine.com\/wp-content\/uploads\/2023\/10\/vegetable-cleaner-and-peeler-machine-1.webp\" alt=\"m\u00e1quina de limpar e descascar vegetais\" class=\"wp-image-659\" srcset=\"https:\/\/topfoodmachine.com\/wp-content\/uploads\/2023\/10\/vegetable-cleaner-and-peeler-machine-1.webp 720w, https:\/\/topfoodmachine.com\/wp-content\/uploads\/2023\/10\/vegetable-cleaner-and-peeler-machine-1-300x225.webp 300w\" sizes=\"auto, (max-width: 720px) 100vw, 720px\" \/><figcaption class=\"wp-element-caption\">m\u00e1quina de limpar e descascar vegetais<\/figcaption><\/figure>    <figure class=\"wp-block-image size-large\"><img loading=\"lazy\" decoding=\"async\" width=\"720\" height=\"540\" data-id=\"658\" src=\"https:\/\/topfoodmachine.com\/wp-content\/uploads\/2023\/10\/vegetable-and-fruit-cleaning-machine-1.webp\" alt=\"m\u00e1quina de limpeza de vegetais e frutas\" class=\"wp-image-658\" srcset=\"https:\/\/topfoodmachine.com\/wp-content\/uploads\/2023\/10\/vegetable-and-fruit-cleaning-machine-1.webp 720w, https:\/\/topfoodmachine.com\/wp-content\/uploads\/2023\/10\/vegetable-and-fruit-cleaning-machine-1-300x225.webp 300w\" sizes=\"auto, (max-width: 720px) 100vw, 720px\" \/><figcaption class=\"wp-element-caption\">m\u00e1quina de limpeza de vegetais e frutas<\/figcaption><\/figure> <\/figure>","protected":false},"excerpt":{"rendered":"<p>A M\u00e1quina Comercial de Lavar e Descascar Frutas e Legumes \u00e9 o auge da inova\u00e7\u00e3o em tecnologia de cozinha.<\/p>","protected":false},"author":1,"featured_media":649,"parent":0,"template":"","tags":[],"product-type":[3],"class_list":["post-648","product","type-product","status-publish","has-post-thumbnail","hentry","product-type-fruit-vegetable-processing-machine"],"_links":{"self":[{"href":"https:\/\/topfoodmachine.com\/pt\/wp-json\/wp\/v2\/product\/648","targetHints":{"allow":["GET"]}}],"collection":[{"href":"https:\/\/topfoodmachine.com\/pt\/wp-json\/wp\/v2\/product"}],"about":[{"href":"https:\/\/topfoodmachine.com\/pt\/wp-json\/wp\/v2\/types\/product"}],"author":[{"embeddable":true,"href":"https:\/\/topfoodmachine.com\/pt\/wp-json\/wp\/v2\/users\/1"}],"wp:featuredmedia":[{"embeddable":true,"href":"https:\/\/topfoodmachine.com\/pt\/wp-json\/wp\/v2\/media\/649"}],"wp:attachment":[{"href":"https:\/\/topfoodmachine.com\/pt\/wp-json\/wp\/v2\/media?parent=648"}],"wp:term":[{"taxonomy":"post_tag","embeddable":true,"href":"https:\/\/topfoodmachine.com\/pt\/wp-json\/wp\/v2\/tags?post=648"},{"taxonomy":"product-type","embeddable":true,"href":"https:\/\/topfoodmachine.com\/pt\/wp-json\/wp\/v2\/product-type?post=648"}],"curies":[{"name":"wp","href":"https:\/\/api.w.org\/{rel}","templated":true}]}}