{"id":626,"date":"2023-09-28T16:11:15","date_gmt":"2023-09-28T08:11:15","guid":{"rendered":"https:\/\/topfoodmachine.com\/?post_type=product&#038;p=626"},"modified":"2024-07-26T16:29:52","modified_gmt":"2024-07-26T08:29:52","slug":"onion-peeling-machine","status":"publish","type":"product","link":"https:\/\/topfoodmachine.com\/pt\/product\/onion-peeling-machine\/","title":{"rendered":"M\u00e1quina de descascar cebola"},"content":{"rendered":"<div class=\"kk-star-ratings kksr-auto kksr-align-left kksr-valign-top\"     data-payload='{&quot;align&quot;:&quot;left&quot;,&quot;id&quot;:&quot;626&quot;,&quot;slug&quot;:&quot;default&quot;,&quot;valign&quot;:&quot;top&quot;,&quot;ignore&quot;:&quot;&quot;,&quot;reference&quot;:&quot;auto&quot;,&quot;class&quot;:&quot;&quot;,&quot;count&quot;:&quot;30&quot;,&quot;legendonly&quot;:&quot;&quot;,&quot;readonly&quot;:&quot;&quot;,&quot;score&quot;:&quot;4.5&quot;,&quot;starsonly&quot;:&quot;&quot;,&quot;best&quot;:&quot;5&quot;,&quot;gap&quot;:&quot;5&quot;,&quot;greet&quot;:&quot;Rate this product&quot;,&quot;legend&quot;:&quot;4.5\\\/5 - (30 votes)&quot;,&quot;size&quot;:&quot;24&quot;,&quot;title&quot;:&quot;Onion peeling machine&quot;,&quot;width&quot;:&quot;128&quot;,&quot;_legend&quot;:&quot;{score}\\\/{best} - ({count} {votes})&quot;,&quot;font_factor&quot;:&quot;1.25&quot;}'>              <div class=\"kksr-stars\">      <div class=\"kksr-stars-inactive\">             <div class=\"kksr-star\" data-star=\"1\" style=\"padding-right: 5px\">               <div class=\"kksr-icon\" style=\"width: 24px; height: 24px;\"><\/div>         <\/div>             <div class=\"kksr-star\" data-star=\"2\" style=\"padding-right: 5px\">               <div class=\"kksr-icon\" style=\"width: 24px; height: 24px;\"><\/div>         <\/div>             <div class=\"kksr-star\" data-star=\"3\" style=\"padding-right: 5px\">               <div class=\"kksr-icon\" style=\"width: 24px; height: 24px;\"><\/div>         <\/div>             <div class=\"kksr-star\" data-star=\"4\" style=\"padding-right: 5px\">               <div class=\"kksr-icon\" style=\"width: 24px; height: 24px;\"><\/div>         <\/div>             <div class=\"kksr-star\" data-star=\"5\" style=\"padding-right: 5px\">               <div class=\"kksr-icon\" style=\"width: 24px; height: 24px;\"><\/div>         <\/div>     <\/div>      <div class=\"kksr-stars-active\" style=\"width: 128px;\">             <div class=\"kksr-star\" style=\"padding-right: 5px\">               <div class=\"kksr-icon\" style=\"width: 24px; height: 24px;\"><\/div>         <\/div>             <div class=\"kksr-star\" style=\"padding-right: 5px\">               <div class=\"kksr-icon\" style=\"width: 24px; height: 24px;\"><\/div>         <\/div>             <div class=\"kksr-star\" style=\"padding-right: 5px\">               <div class=\"kksr-icon\" style=\"width: 24px; height: 24px;\"><\/div>         <\/div>             <div class=\"kksr-star\" style=\"padding-right: 5px\">               <div class=\"kksr-icon\" style=\"width: 24px; height: 24px;\"><\/div>         <\/div>             <div class=\"kksr-star\" style=\"padding-right: 5px\">               <div class=\"kksr-icon\" style=\"width: 24px; height: 24px;\"><\/div>         <\/div>     <\/div> <\/div>                   <div class=\"kksr-legend\" style=\"font-size: 19.2px;\">             4,5\/5 - (30 votos)    <\/div>     <\/div>  <p>A m\u00e1quina de descascar cebolas utiliza tecnologia avan\u00e7ada de fluxo de ar rotativo de alta press\u00e3o para remover rapidamente as camadas externas secas das cebolas, alcan\u00e7ando uma taxa de descascamento de 95% ou mais. Com uma capacidade de produ\u00e7\u00e3o de 200 kg\/h, \u00e9 projetada para efici\u00eancia e facilidade de uso. Carregue as cebolas na esteira transportadora, e a m\u00e1quina cuida do resto automaticamente.<\/p>    <p>Esta m\u00e1quina \u00e9 ideal para grandes empresas de catering, plantas de processamento de alimentos e f\u00e1bricas de alimentos congelados, oferecendo uma solu\u00e7\u00e3o que economiza tempo e m\u00e3o de obra. Tamb\u00e9m \u00e9 bem adequada para supermercados e mercados atacadistas para atender \u00e0 alta demanda, bem como cooperativas agr\u00edcolas que precisam processar grandes volumes de cebolas de forma eficiente.<\/p>    <figure class=\"wp-block-embed is-type-video is-provider-youtube wp-block-embed-youtube wp-embed-aspect-16-9 wp-has-aspect-ratio\"><div class=\"wp-block-embed__wrapper\"> <iframe loading=\"lazy\" title=\"Diga adeus \u00e0s l\u00e1grimas! Descascar cebola sem esfor\u00e7o com nossa m\u00e1quina revolucion\u00e1ria! #onion #onionpeel\" width=\"500\" height=\"281\" src=\"https:\/\/www.youtube.com\/embed\/yZGVUR8E8Zc?start=2&#038;feature=oembed\" frameborder=\"0\" allow=\"accelerometer; autoplay; clipboard-write; encrypted-media; gyroscope; picture-in-picture; web-share\" referrerpolicy=\"strict-origin-when-cross-origin\" allowfullscreen><\/iframe> <\/div><figcaption class=\"wp-element-caption\">v\u00eddeo de trabalho da m\u00e1quina descascadora de cebolas<\/figcaption><\/figure>    <h2 class=\"wp-block-heading\">Vantagens da m\u00e1quina autom\u00e1tica de descascar cebola<\/h2>    <ul class=\"wp-block-list\"> <li><strong>Preserva a integridade da cebola.<\/strong> A tecnologia de fluxo de ar rotativo de alta press\u00e3o controla precisamente a press\u00e3o e a velocidade do ar. Garante que a estrutura interna da cebola permane\u00e7a intacta durante o processo de descascamento.<\/li>    <li><strong>Eficiente e r\u00e1pida.<\/strong> Utiliza fluxo de ar de alta press\u00e3o para remover rapidamente e efetivamente as cascas de cebola, aumentando significativamente a velocidade de processamento e a efici\u00eancia do trabalho.<\/li>    <li><strong>Constru\u00e7\u00e3o dur\u00e1vel em a\u00e7o inoxid\u00e1vel.<\/strong> Feita de a\u00e7o inoxid\u00e1vel, a m\u00e1quina resiste \u00e0 corros\u00e3o dos \u00f3leos de cebola, garantindo durabilidade e desempenho de longa dura\u00e7\u00e3o.<\/li>    <li><strong>Alta automa\u00e7\u00e3o e facilidade de uso.<\/strong> A m\u00e1quina apresenta alta automa\u00e7\u00e3o com alimenta\u00e7\u00e3o autom\u00e1tica de cebolas e remo\u00e7\u00e3o de cascas, minimizando a necessidade de interven\u00e7\u00e3o manual e economizando m\u00e3o de obra. Tamb\u00e9m \u00e9 f\u00e1cil de operar e manter, com uma interface simples e amig\u00e1vel.<\/li>    <li><strong>Vers\u00e1til e higi\u00eanica.<\/strong> Adequada para cebolas de v\u00e1rios tamanhos e tipos, a m\u00e1quina atende a diversas necessidades de processamento. Seu design fechado facilita a limpeza e adere aos padr\u00f5es de seguran\u00e7a alimentar e higiene.<\/li> <\/ul>    <figure class=\"wp-block-gallery has-nested-images columns-default is-cropped wp-block-gallery-2 is-layout-flex wp-block-gallery-is-layout-flex\"> <figure class=\"wp-block-image size-full\"><img loading=\"lazy\" decoding=\"async\" width=\"720\" height=\"540\" data-id=\"720\" src=\"https:\/\/topfoodmachine.com\/wp-content\/uploads\/2023\/09\/large-capacity-onion-peeler.webp\" alt=\"m\u00e1quina descascadora de cebolas de grande capacidade\" class=\"wp-image-720\" srcset=\"https:\/\/topfoodmachine.com\/wp-content\/uploads\/2023\/09\/large-capacity-onion-peeler.webp 720w, https:\/\/topfoodmachine.com\/wp-content\/uploads\/2023\/09\/large-capacity-onion-peeler-300x225.webp 300w\" sizes=\"auto, (max-width: 720px) 100vw, 720px\" \/><figcaption class=\"wp-element-caption\">m\u00e1quina descascadora de cebolas de grande capacidade<\/figcaption><\/figure>    <figure class=\"wp-block-image size-full\"><img loading=\"lazy\" decoding=\"async\" width=\"720\" height=\"540\" data-id=\"1489\" src=\"https:\/\/topfoodmachine.com\/wp-content\/uploads\/2023\/09\/commercial-onion-peeling-machine.webp\" alt=\"m\u00e1quina comercial de descascar cebolas\" class=\"wp-image-1489\" srcset=\"https:\/\/topfoodmachine.com\/wp-content\/uploads\/2023\/09\/commercial-onion-peeling-machine.webp 720w, https:\/\/topfoodmachine.com\/wp-content\/uploads\/2023\/09\/commercial-onion-peeling-machine-300x225.webp 300w, https:\/\/topfoodmachine.com\/wp-content\/uploads\/2023\/09\/commercial-onion-peeling-machine-16x12.webp 16w\" sizes=\"auto, (max-width: 720px) 100vw, 720px\" \/><figcaption class=\"wp-element-caption\">m\u00e1quina comercial de descascar cebolas<\/figcaption><\/figure> <\/figure>    <h2 class=\"wp-block-heading\">Princ\u00edpio de funcionamento do descascador de cebola<\/h2>    <p>A m\u00e1quina descascadora de cebolas funciona utilizando uma esteira transportadora de corrente para transportar precisamente as cebolas at\u00e9 a \u00e1rea de descascamento. Acima dessa \u00e1rea, uma bomba de ar de alta press\u00e3o gera fluxo de ar rotativo de alta press\u00e3o. <\/p>    <p>Esse fluxo de ar rapidamente e com precis\u00e3o sopra as cascas secas das cebolas, mantendo a integridade da estrutura interna. As cascas removidas caem pelas lacunas na esteira transportadora, garantindo um processo de descascamento eficiente, preciso e sem danos.<\/p>    <p>As cebolas descascadas s\u00e3o ent\u00e3o transportadas para fora da outra extremidade da esteira transportadora, prontas para a pr\u00f3xima etapa de processamento. A m\u00e1quina \u00e9 adequada para descascar n\u00e3o apenas cebolas, mas tamb\u00e9m outros vegetais semelhantes, tornando-a altamente vers\u00e1til. <\/p>    <p>O fluxo de ar de alta press\u00e3o descasca continuamente as cebolas enquanto elas se movem, sem danificar as partes comest\u00edveis, preservando assim a qualidade geral das cebolas.<\/p>    <figure class=\"wp-block-gallery has-nested-images columns-default is-cropped wp-block-gallery-3 is-layout-flex wp-block-gallery-is-layout-flex\"> <figure class=\"wp-block-image size-large\"><img loading=\"lazy\" decoding=\"async\" width=\"720\" height=\"540\" data-id=\"636\" src=\"https:\/\/topfoodmachine.com\/wp-content\/uploads\/2023\/09\/raw-materials.webp\" alt=\"mat\u00e9rias-primas\" class=\"wp-image-636\" srcset=\"https:\/\/topfoodmachine.com\/wp-content\/uploads\/2023\/09\/raw-materials.webp 720w, https:\/\/topfoodmachine.com\/wp-content\/uploads\/2023\/09\/raw-materials-300x225.webp 300w\" sizes=\"auto, (max-width: 720px) 100vw, 720px\" \/><figcaption class=\"wp-element-caption\">mat\u00e9rias-primas<\/figcaption><\/figure>    <figure class=\"wp-block-image size-large\"><img loading=\"lazy\" decoding=\"async\" width=\"720\" height=\"540\" data-id=\"635\" src=\"https:\/\/topfoodmachine.com\/wp-content\/uploads\/2023\/09\/processed-onions.webp\" alt=\"cebolas processadas\" class=\"wp-image-635\" srcset=\"https:\/\/topfoodmachine.com\/wp-content\/uploads\/2023\/09\/processed-onions.webp 720w, https:\/\/topfoodmachine.com\/wp-content\/uploads\/2023\/09\/processed-onions-300x225.webp 300w\" sizes=\"auto, (max-width: 720px) 100vw, 720px\" \/><figcaption class=\"wp-element-caption\">cebolas processadas<\/figcaption><\/figure> <\/figure>    <h2 class=\"wp-block-heading\">Como usar a m\u00e1quina el\u00e9trica de descascar cebola?<\/h2>   <div id=\"rank-math-howto\" class=\"rank-math-block\" > <div class=\"rank-math-howto-description\">  <\/div>  <div class=\"rank-math-steps\"> <div id=\"howto-step-1721963684795\" class=\"rank-math-step\"> <h3 class=\"rank-math-step-title\">Carregue as cebolas<\/h3> <div class=\"rank-math-step-content\"><p>Coloque as cebolas na porta de alimenta\u00e7\u00e3o da m\u00e1quina.<\/p> <\/div> <\/div> <div id=\"howto-step-1721963702438\" class=\"rank-math-step\"> <h3 class=\"rank-math-step-title\">Ajuste a press\u00e3o do ar<\/h3> <div class=\"rank-math-step-content\"><p>Ajuste a press\u00e3o da bomba de ar de acordo com o tamanho e a espessura das cebolas.<\/p> <\/div> <\/div> <div id=\"howto-step-1721963714422\" class=\"rank-math-step\"> <h3 class=\"rank-math-step-title\">Inicie a m\u00e1quina<\/h3> <div class=\"rank-math-step-content\"><p>Ligue a m\u00e1quina e monitore o processo de descascamento. Fa\u00e7a ajustes conforme necess\u00e1rio para garantir um desempenho ideal.<\/p> <\/div> <\/div> <\/div> <\/div>       <figure class=\"wp-block-image size-full\"><img loading=\"lazy\" decoding=\"async\" width=\"720\" height=\"540\" src=\"https:\/\/topfoodmachine.com\/wp-content\/uploads\/2023\/09\/peeled-onions.webp\" alt=\"cebolas descascadas\" class=\"wp-image-1486\" srcset=\"https:\/\/topfoodmachine.com\/wp-content\/uploads\/2023\/09\/peeled-onions.webp 720w, https:\/\/topfoodmachine.com\/wp-content\/uploads\/2023\/09\/peeled-onions-300x225.webp 300w, https:\/\/topfoodmachine.com\/wp-content\/uploads\/2023\/09\/peeled-onions-16x12.webp 16w\" sizes=\"auto, (max-width: 720px) 100vw, 720px\" \/><figcaption class=\"wp-element-caption\">cebolas descascadas<\/figcaption><\/figure>    <h2 class=\"wp-block-heading\">Aplica\u00e7\u00e3o da m\u00e1quina descascadora de cebolas<\/h2>    <p>Esta m\u00e1quina descascadora de cebolas \u00e9 ideal para plantas de processamento de alimentos, restaurantes e qualquer cozinha de alto volume que exija um extenso processamento de cebolas. Ela aumenta significativamente a efici\u00eancia ao automatizar o processo de descascamento, o que reduz a m\u00e3o de obra manual e diminui os custos trabalhistas, garantindo ao mesmo tempo uma qualidade de descascamento consistente.<\/p>    <p>Nas plantas de processamento de alimentos, esta m\u00e1quina se integra perfeitamente \u00e0s linhas de produ\u00e7\u00e3o, aumentando a produtividade geral. Para restaurantes, ela acelera a prepara\u00e7\u00e3o das refei\u00e7\u00f5es, liberando os chefs para se concentrarem no cozimento em vez de descascar cebolas. <\/p>    <p>O design intuitivo e a constru\u00e7\u00e3o robusta da m\u00e1quina tornam-na f\u00e1cil de manter e um investimento inteligente para qualquer neg\u00f3cio que precise de manuseio eficiente de cebolas. No geral, ela simplifica as opera\u00e7\u00f5es da cozinha, oferecendo tanto maior efici\u00eancia quanto conveni\u00eancia.<\/p>    <figure class=\"wp-block-gallery has-nested-images columns-default is-cropped wp-block-gallery-4 is-layout-flex wp-block-gallery-is-layout-flex\"> <figure class=\"wp-block-image size-full\"><img loading=\"lazy\" decoding=\"async\" width=\"720\" height=\"540\" data-id=\"634\" src=\"https:\/\/topfoodmachine.com\/wp-content\/uploads\/2023\/09\/automatic-onion-peeler.webp\" alt=\"descascador de cebola autom\u00e1tico\" class=\"wp-image-634\" srcset=\"https:\/\/topfoodmachine.com\/wp-content\/uploads\/2023\/09\/automatic-onion-peeler.webp 720w, https:\/\/topfoodmachine.com\/wp-content\/uploads\/2023\/09\/automatic-onion-peeler-300x225.webp 300w\" sizes=\"auto, (max-width: 720px) 100vw, 720px\" \/><figcaption class=\"wp-element-caption\">descascador de cebola autom\u00e1tico<\/figcaption><\/figure>    <figure class=\"wp-block-image size-full\"><img loading=\"lazy\" decoding=\"async\" width=\"720\" height=\"540\" data-id=\"1488\" src=\"https:\/\/topfoodmachine.com\/wp-content\/uploads\/2023\/09\/commercial-onion-peeler-machine.webp\" alt=\"m\u00e1quina comercial de descascar cebolas\" class=\"wp-image-1488\" srcset=\"https:\/\/topfoodmachine.com\/wp-content\/uploads\/2023\/09\/commercial-onion-peeler-machine.webp 720w, https:\/\/topfoodmachine.com\/wp-content\/uploads\/2023\/09\/commercial-onion-peeler-machine-300x225.webp 300w, https:\/\/topfoodmachine.com\/wp-content\/uploads\/2023\/09\/commercial-onion-peeler-machine-16x12.webp 16w\" sizes=\"auto, (max-width: 720px) 100vw, 720px\" \/><figcaption class=\"wp-element-caption\">m\u00e1quina comercial de descascar cebolas<\/figcaption><\/figure> <\/figure>    <h2 class=\"wp-block-heading\">Diferentes modelos de m\u00e1quina descascadora de cebola<\/h2>    <figure class=\"wp-block-table\"><table><tbody><tr><td>Modelo<\/td><td>Tens\u00e3o<\/td><td>Capacidade<\/td><td>Peso<\/td><td>Tamanho<\/td><td>Poder<\/td><\/tr><tr><td>TZ-OP-1<\/td><td>110-220-380V<\/td><td>200kg\/h<\/td><td>150kg<\/td><td>130*55*140cm<\/td><td>1,1 kW<\/td><\/tr><tr><td>TZ-OP-2<\/td><td>110-220-380V<\/td><td>400kg\/hora<\/td><td>250kg<\/td><td>162*55*140cm<\/td><td>1,2 kW<\/td><\/tr><tr><td>TZ-OP-3<\/td><td>110-220-380V<\/td><td>600kg\/hora<\/td><td>350kg<\/td><td>182*60*140cm<\/td><td>1,5 kW<\/td><\/tr><tr><td>TZ-OP-4<\/td><td>110-220-380V<\/td><td>1000kg\/hora<\/td><td>500kg<\/td><td>280*98*170cm<\/td><td>3 kW<\/td><\/tr><\/tbody><\/table><figcaption class=\"wp-element-caption\">par\u00e2metros da m\u00e1quina descascadora de cebolas<\/figcaption><\/figure>    <figure class=\"wp-block-image size-full\"><img loading=\"lazy\" decoding=\"async\" width=\"720\" height=\"540\" src=\"https:\/\/topfoodmachine.com\/wp-content\/uploads\/2023\/09\/automatic-onion-peeling-machine.webp\" alt=\"m\u00e1quina autom\u00e1tica de descascar cebolas\" class=\"wp-image-1487\" srcset=\"https:\/\/topfoodmachine.com\/wp-content\/uploads\/2023\/09\/automatic-onion-peeling-machine.webp 720w, https:\/\/topfoodmachine.com\/wp-content\/uploads\/2023\/09\/automatic-onion-peeling-machine-300x225.webp 300w, https:\/\/topfoodmachine.com\/wp-content\/uploads\/2023\/09\/automatic-onion-peeling-machine-16x12.webp 16w\" sizes=\"auto, (max-width: 720px) 100vw, 720px\" \/><figcaption class=\"wp-element-caption\">m\u00e1quina autom\u00e1tica de descascar cebolas<\/figcaption><\/figure>    <h2 class=\"wp-block-heading\">Por que escolher a m\u00e1quina da Taizy?<\/h2>    <p>A Taizy oferece m\u00e1quinas descascadoras de cebolas de alta qualidade que s\u00e3o celebradas por sua robustez e efici\u00eancia. Nossas m\u00e1quinas s\u00e3o constru\u00eddas com materiais de primeira linha e submetidas a rigorosos controles de qualidade para garantir um desempenho confi\u00e1vel.<\/p>    <p>Temos orgulho de oferecer um suporte excepcional p\u00f3s-venda, que inclui treinamento detalhado e ajuda t\u00e9cnica r\u00e1pida. Nossos servi\u00e7os abrangentes de garantia e manuten\u00e7\u00e3o protegem ainda mais seu investimento.<\/p>    <p>Escolher a Taizy significa investir em uma m\u00e1quina que combina durabilidade com excelente servi\u00e7o, garantindo uma solu\u00e7\u00e3o inteligente e eficiente para suas necessidades de processamento de cebolas.<\/p>    <figure class=\"wp-block-gallery has-nested-images columns-default is-cropped wp-block-gallery-5 is-layout-flex wp-block-gallery-is-layout-flex\"> <figure class=\"wp-block-image size-large\"><img loading=\"lazy\" decoding=\"async\" width=\"720\" height=\"540\" data-id=\"637\" src=\"https:\/\/topfoodmachine.com\/wp-content\/uploads\/2023\/09\/onion-peeler.webp\" alt=\"descascador de cebola\" class=\"wp-image-637\" srcset=\"https:\/\/topfoodmachine.com\/wp-content\/uploads\/2023\/09\/onion-peeler.webp 720w, https:\/\/topfoodmachine.com\/wp-content\/uploads\/2023\/09\/onion-peeler-300x225.webp 300w\" sizes=\"auto, (max-width: 720px) 100vw, 720px\" \/><figcaption class=\"wp-element-caption\">descascador de cebola<\/figcaption><\/figure>    <figure class=\"wp-block-image size-large\"><img loading=\"lazy\" decoding=\"async\" width=\"720\" height=\"540\" data-id=\"638\" src=\"https:\/\/topfoodmachine.com\/wp-content\/uploads\/2023\/09\/onion-peeling-machine.webp\" alt=\"m\u00e1quina de descascar cebola\" class=\"wp-image-638\" srcset=\"https:\/\/topfoodmachine.com\/wp-content\/uploads\/2023\/09\/onion-peeling-machine.webp 720w, https:\/\/topfoodmachine.com\/wp-content\/uploads\/2023\/09\/onion-peeling-machine-300x225.webp 300w\" sizes=\"auto, (max-width: 720px) 100vw, 720px\" \/><figcaption class=\"wp-element-caption\">m\u00e1quina de descascar cebola<\/figcaption><\/figure> <\/figure>    <h2 class=\"wp-block-heading\">Entre em contato conosco!<\/h2>    <p class=\"translation-block\">Em conclus\u00e3o, a nossa <a href=\"https:\/\/en.wikipedia.org\/wiki\/Onion\" data-type=\"link\" data-id=\"https:\/\/en.wikipedia.org\/wiki\/Onion\" target=\"_blank\" rel=\"noopener\">m\u00e1quina de descascar cebolas<\/a> \u00e9 uma ferramenta indispens\u00e1vel para quem busca efici\u00eancia e consist\u00eancia no processamento de cebolas. Seu design robusto e recursos avan\u00e7ados garantem desempenho confi\u00e1vel e resultados de alta qualidade. <\/p>    <p class=\"translation-block\">Para uma solu\u00e7\u00e3o completa, considere emparelh\u00e1-la com nossa <a href=\"https:\/\/topfoodmachine.com\/pt\/product\/onion-root-cutting-machine\/\" data-type=\"link\" data-id=\"https:\/\/topfoodmachine.com\/product\/onion-root-cutting-machine\/\">M\u00e1quina de Corte de Raiz de Cebola<\/a> e <a href=\"https:\/\/topfoodmachine.com\/pt\/product\/fruit-and-vegetable-grading-machine\/\" data-type=\"link\" data-id=\"https:\/\/topfoodmachine.com\/product\/fruit-and-vegetable-grading-machine\/\">M\u00e1quina de Classifica\u00e7\u00e3o de Frutas e Vegetais<\/a>. Juntas, essas m\u00e1quinas oferecem uma experi\u00eancia de processamento cont\u00ednua e simplificada, aumentando sua produtividade e garantindo qualidade de primeira em cada lote.<\/p>    <figure class=\"wp-block-gallery has-nested-images columns-default is-cropped wp-block-gallery-6 is-layout-flex wp-block-gallery-is-layout-flex\"> <figure class=\"wp-block-image size-large\"><img loading=\"lazy\" decoding=\"async\" width=\"720\" height=\"540\" data-id=\"1380\" src=\"https:\/\/topfoodmachine.com\/wp-content\/uploads\/2024\/05\/Onion-root-cutting-machine.webp\" alt=\"m\u00e1quina de corte de raiz de cebola\" class=\"wp-image-1380\" srcset=\"https:\/\/topfoodmachine.com\/wp-content\/uploads\/2024\/05\/Onion-root-cutting-machine.webp 720w, https:\/\/topfoodmachine.com\/wp-content\/uploads\/2024\/05\/Onion-root-cutting-machine-300x225.webp 300w, https:\/\/topfoodmachine.com\/wp-content\/uploads\/2024\/05\/Onion-root-cutting-machine-16x12.webp 16w\" sizes=\"auto, (max-width: 720px) 100vw, 720px\" \/><figcaption class=\"wp-element-caption\">m\u00e1quina de corte de raiz de cebola<\/figcaption><\/figure>    <figure class=\"wp-block-image size-large\"><img loading=\"lazy\" decoding=\"async\" width=\"720\" height=\"540\" data-id=\"998\" src=\"https:\/\/topfoodmachine.com\/wp-content\/uploads\/2023\/11\/working-process-of-Roller-Bar-Type-Fruit-and-Vegetable-Grading-Machine.webp\" alt=\"processo de trabalho da m\u00e1quina de classifica\u00e7\u00e3o de frutas e vegetais tipo barra de rolo\" class=\"wp-image-998\" srcset=\"https:\/\/topfoodmachine.com\/wp-content\/uploads\/2023\/11\/working-process-of-Roller-Bar-Type-Fruit-and-Vegetable-Grading-Machine.webp 720w, https:\/\/topfoodmachine.com\/wp-content\/uploads\/2023\/11\/working-process-of-Roller-Bar-Type-Fruit-and-Vegetable-Grading-Machine-300x225.webp 300w\" sizes=\"auto, (max-width: 720px) 100vw, 720px\" \/><figcaption class=\"wp-element-caption\">processo de trabalho da m\u00e1quina de classifica\u00e7\u00e3o de frutas e vegetais tipo barra de rolo<\/figcaption><\/figure> <\/figure>","protected":false},"excerpt":{"rendered":"<p>A m\u00e1quina de descascar cebolas utiliza tecnologia avan\u00e7ada de fluxo de ar rotativo de alta press\u00e3o para remover rapidamente as camadas externas secas das cebolas, alcan\u00e7ando uma taxa de descascamento de 95% ou mais. <\/p>","protected":false},"author":1,"featured_media":633,"parent":0,"template":"","tags":[38,62],"product-type":[3],"class_list":["post-626","product","type-product","status-publish","has-post-thumbnail","hentry","tag-onion","tag-peeler","product-type-fruit-vegetable-processing-machine"],"_links":{"self":[{"href":"https:\/\/topfoodmachine.com\/pt\/wp-json\/wp\/v2\/product\/626","targetHints":{"allow":["GET"]}}],"collection":[{"href":"https:\/\/topfoodmachine.com\/pt\/wp-json\/wp\/v2\/product"}],"about":[{"href":"https:\/\/topfoodmachine.com\/pt\/wp-json\/wp\/v2\/types\/product"}],"author":[{"embeddable":true,"href":"https:\/\/topfoodmachine.com\/pt\/wp-json\/wp\/v2\/users\/1"}],"wp:featuredmedia":[{"embeddable":true,"href":"https:\/\/topfoodmachine.com\/pt\/wp-json\/wp\/v2\/media\/633"}],"wp:attachment":[{"href":"https:\/\/topfoodmachine.com\/pt\/wp-json\/wp\/v2\/media?parent=626"}],"wp:term":[{"taxonomy":"post_tag","embeddable":true,"href":"https:\/\/topfoodmachine.com\/pt\/wp-json\/wp\/v2\/tags?post=626"},{"taxonomy":"product-type","embeddable":true,"href":"https:\/\/topfoodmachine.com\/pt\/wp-json\/wp\/v2\/product-type?post=626"}],"curies":[{"name":"wp","href":"https:\/\/api.w.org\/{rel}","templated":true}]}}