{"id":543,"date":"2023-09-21T14:13:14","date_gmt":"2023-09-21T06:13:14","guid":{"rendered":"https:\/\/topfoodmachine.com\/?post_type=product&#038;p=543"},"modified":"2023-10-10T16:08:04","modified_gmt":"2023-10-10T08:08:04","slug":"corrugated-french-fries-cutting-machine","status":"publish","type":"product","link":"https:\/\/topfoodmachine.com\/pt\/product\/corrugated-french-fries-cutting-machine\/","title":{"rendered":"M\u00e1quina de corte de batatas fritas onduladas"},"content":{"rendered":"<div class=\"kk-star-ratings kksr-auto kksr-align-left kksr-valign-top\"     data-payload='{&quot;align&quot;:&quot;left&quot;,&quot;id&quot;:&quot;543&quot;,&quot;slug&quot;:&quot;default&quot;,&quot;valign&quot;:&quot;top&quot;,&quot;ignore&quot;:&quot;&quot;,&quot;reference&quot;:&quot;auto&quot;,&quot;class&quot;:&quot;&quot;,&quot;count&quot;:&quot;8&quot;,&quot;legendonly&quot;:&quot;&quot;,&quot;readonly&quot;:&quot;&quot;,&quot;score&quot;:&quot;4.9&quot;,&quot;starsonly&quot;:&quot;&quot;,&quot;best&quot;:&quot;5&quot;,&quot;gap&quot;:&quot;5&quot;,&quot;greet&quot;:&quot;Rate this product&quot;,&quot;legend&quot;:&quot;4.9\\\/5 - (8 votes)&quot;,&quot;size&quot;:&quot;24&quot;,&quot;title&quot;:&quot;Corrugated French Fries Cutting Machine&quot;,&quot;width&quot;:&quot;139.6&quot;,&quot;_legend&quot;:&quot;{score}\\\/{best} - ({count} {votes})&quot;,&quot;font_factor&quot;:&quot;1.25&quot;}'>              <div class=\"kksr-stars\">      <div class=\"kksr-stars-inactive\">             <div class=\"kksr-star\" data-star=\"1\" style=\"padding-right: 5px\">               <div class=\"kksr-icon\" style=\"width: 24px; height: 24px;\"><\/div>         <\/div>             <div class=\"kksr-star\" data-star=\"2\" style=\"padding-right: 5px\">               <div class=\"kksr-icon\" style=\"width: 24px; height: 24px;\"><\/div>         <\/div>             <div class=\"kksr-star\" data-star=\"3\" style=\"padding-right: 5px\">               <div class=\"kksr-icon\" style=\"width: 24px; height: 24px;\"><\/div>         <\/div>             <div class=\"kksr-star\" data-star=\"4\" style=\"padding-right: 5px\">               <div class=\"kksr-icon\" style=\"width: 24px; height: 24px;\"><\/div>         <\/div>             <div class=\"kksr-star\" data-star=\"5\" style=\"padding-right: 5px\">               <div class=\"kksr-icon\" style=\"width: 24px; height: 24px;\"><\/div>         <\/div>     <\/div>      <div class=\"kksr-stars-active\" style=\"width: 139.6px;\">             <div class=\"kksr-star\" style=\"padding-right: 5px\">               <div class=\"kksr-icon\" style=\"width: 24px; height: 24px;\"><\/div>         <\/div>             <div class=\"kksr-star\" style=\"padding-right: 5px\">               <div class=\"kksr-icon\" style=\"width: 24px; height: 24px;\"><\/div>         <\/div>             <div class=\"kksr-star\" style=\"padding-right: 5px\">               <div class=\"kksr-icon\" style=\"width: 24px; height: 24px;\"><\/div>         <\/div>             <div class=\"kksr-star\" style=\"padding-right: 5px\">               <div class=\"kksr-icon\" style=\"width: 24px; height: 24px;\"><\/div>         <\/div>             <div class=\"kksr-star\" style=\"padding-right: 5px\">               <div class=\"kksr-icon\" style=\"width: 24px; height: 24px;\"><\/div>         <\/div>     <\/div> <\/div>                   <div class=\"kksr-legend\" style=\"font-size: 19.2px;\">             4,9\/5 - (8 votos)    <\/div>     <\/div>  <p>O cortador de batata frita ondulado foi projetado para cortar tiras de batata e tamb\u00e9m \u00e9 adequado para outros vegetais, como cenouras. Ele usa uma l\u00e2mina especial que corta as batatas em tiras onduladas uniformes, perfeitas para fazer batatas fritas, batatas fritas e outras guloseimas. \u00c9 feito de a\u00e7o inoxid\u00e1vel f\u00e1cil de limpar.<\/p>    <p>A m\u00e1quina \u00e9 adequada para grandes cadeias de lojas de fast food, f\u00e1bricas de processamento de alimentos, grandes supermercados, etc. \u00c9 conveniente, economiza tempo e trabalho, e \u00e9 um bom ajudante para a ind\u00fastria de processamento de alimentos. Mais importante ainda, a espessura das fatias pode ser personalizada! Bem-vindo a perguntar para mais detalhes!<\/p>    <h2 class=\"wp-block-heading\">Caracter\u00edsticas da m\u00e1quina cortadora de batata frita ondulada<\/h2>    <ul class=\"wp-block-list\"> <li>A m\u00e1quina cortadora de batatas fritas\u00a0est\u00e1 equipada com dois conjuntos de facas, um \u00e9 uma faca plana para cortar fatias de papel\u00e3o ondulado e o outro \u00e9 uma faca rotativa para cortar tiras de papel\u00e3o ondulado. O material ser\u00e1 continuamente cortado por colis\u00e3o em alta velocidade e finalmente formar\u00e1 tiras de batata onduladas.<\/li>    <li>A esteira transportadora de alimentos embaixo das l\u00e2minas \u00e9 feita de pl\u00e1stico de qualidade alimentar e \u00e9 f\u00e1cil de limpar.<\/li>    <li>A taxa de transporte da correia transportadora de alimentos pode ser ajustada manualmente.<\/li>    <li>A espessura das tiras de batata pode ser personalizada de acordo com a sua necessidade.<\/li> <\/ul>    <figure class=\"wp-block-gallery has-nested-images columns-default is-cropped wp-block-gallery-2 is-layout-flex wp-block-gallery-is-layout-flex\"> <figure class=\"wp-block-image size-large\"><img loading=\"lazy\" decoding=\"async\" width=\"720\" height=\"540\" data-id=\"550\" src=\"https:\/\/topfoodmachine.com\/wp-content\/uploads\/2023\/09\/Corrugated-French-Fries-Cutting-Machine-1.webp\" alt=\"\" class=\"wp-image-550\" srcset=\"https:\/\/topfoodmachine.com\/wp-content\/uploads\/2023\/09\/Corrugated-French-Fries-Cutting-Machine-1.webp 720w, https:\/\/topfoodmachine.com\/wp-content\/uploads\/2023\/09\/Corrugated-French-Fries-Cutting-Machine-1-300x225.webp 300w\" sizes=\"auto, (max-width: 720px) 100vw, 720px\" \/><figcaption class=\"wp-element-caption\">M\u00e1quina de corte de batatas fritas onduladas<\/figcaption><\/figure>    <figure class=\"wp-block-image size-large\"><img loading=\"lazy\" decoding=\"async\" width=\"720\" height=\"540\" data-id=\"551\" src=\"https:\/\/topfoodmachine.com\/wp-content\/uploads\/2023\/09\/French-Fry-Cutters-1.webp\" alt=\"\" class=\"wp-image-551\" srcset=\"https:\/\/topfoodmachine.com\/wp-content\/uploads\/2023\/09\/French-Fry-Cutters-1.webp 720w, https:\/\/topfoodmachine.com\/wp-content\/uploads\/2023\/09\/French-Fry-Cutters-1-300x225.webp 300w\" sizes=\"auto, (max-width: 720px) 100vw, 720px\" \/><figcaption class=\"wp-element-caption\">Cortadores de batata frita<\/figcaption><\/figure> <\/figure>    <h2 class=\"wp-block-heading\">Como funciona a m\u00e1quina de corte de papel\u00e3o ondulado para batatas fritas?<\/h2>    <ul class=\"wp-block-list\"> <li>Limpe e descasque as batatas.<\/li>    <li>Coloque as batatas na gamela da m\u00e1quina de fatiar batatas fritas.<\/li>    <li>Coloque a tampa e ligue o motor.<\/li>    <li>As batatas ser\u00e3o cortadas em tiras onduladas.<\/li> <\/ul>    <figure class=\"wp-block-image size-full\"><img loading=\"lazy\" decoding=\"async\" width=\"720\" height=\"540\" src=\"https:\/\/topfoodmachine.com\/wp-content\/uploads\/2023\/09\/Corrugated-French-Fries-1.webp\" alt=\"Batatas fritas onduladas\" class=\"wp-image-552\" srcset=\"https:\/\/topfoodmachine.com\/wp-content\/uploads\/2023\/09\/Corrugated-French-Fries-1.webp 720w, https:\/\/topfoodmachine.com\/wp-content\/uploads\/2023\/09\/Corrugated-French-Fries-1-300x225.webp 300w\" sizes=\"auto, (max-width: 720px) 100vw, 720px\" \/><figcaption class=\"wp-element-caption\">Batatas fritas onduladas<\/figcaption><\/figure>    <h2 class=\"wp-block-heading\">Quais s\u00e3o as vantagens do cortador de batata frita ondulado?<\/h2>    <ol class=\"wp-block-list\"> <li>Bom efeito de corte: A l\u00e2mina enrugada pode cortar batatas em tiras onduladas uniformes, com bela apar\u00eancia e \u00f3timo sabor.<\/li>    <li>Opera\u00e7\u00e3o simples: A m\u00e1quina de corte de batatas fritas onduladas \u00e9 simples de operar. Basta colocar as batatas na gamela e voc\u00ea poder\u00e1 facilmente cortar tiras onduladas.<\/li>    <li>F\u00e1cil de limpar: A l\u00e2mina da m\u00e1quina\u00a0\u00e9 remov\u00edvel e f\u00e1cil de limpar.<\/li> <\/ol>    <h2 class=\"wp-block-heading\">Detalhes sobre nossa m\u00e1quina de fatiar batatas fritas<\/h2>    <figure class=\"wp-block-table\"><table><tbody><tr><td>Modelo<\/td><td>TZ-660<\/td><\/tr><tr><td>Poder<\/td><td>0,75 kW<\/td><\/tr><tr><td>Tens\u00e3o<\/td><td>220v, 50hz<\/td><\/tr><tr><td>Capacidade<\/td><td>100-600 kg\/hora<\/td><\/tr><tr><td>Peso<\/td><td>140kg<\/td><\/tr><tr><td>Tamanho<\/td><td>900*460*740mm<\/td><\/tr><\/tbody><\/table><\/figure>    <h2 class=\"wp-block-heading\">Perguntas frequentes<\/h2>   <div id=\"rank-math-faq\" class=\"rank-math-block\"> <div class=\"rank-math-list\"> <div id=\"faq-question-1695201894714\" class=\"rank-math-list-item\"> <h3 class=\"rank-math-question\">Que tipo de material \u00e9 usado na l\u00e2mina do cortador de batata?<\/h3> <div class=\"rank-math-answer\">  <p>A l\u00e2mina do cortador de batata \u00e9 geralmente feita de a\u00e7o inoxid\u00e1vel, que \u00e9 resistente \u00e0 corros\u00e3o e ao desgaste.<\/p>  <\/div> <\/div> <div id=\"faq-question-1695202116319\" class=\"rank-math-list-item\"> <h3 class=\"rank-math-question\">Qual \u00e9 o m\u00e9todo de limpeza do cortador de batata?<\/h3> <div class=\"rank-math-answer\">  <p>1. Remova a l\u00e2mina do cortador de batatas.<br \/>2. Enx\u00e1gue a l\u00e2mina com \u00e1gua limpa.<br \/>3. Limpe a l\u00e2mina com um pano macio.<br \/>4. Lave as outras partes do cortador de batatas com \u00e1gua limpa.<\/p>  <\/div> <\/div> <div id=\"faq-question-1695202325536\" class=\"rank-math-list-item\"> <h3 class=\"rank-math-question\">Qual \u00e9 o m\u00e9todo de manuten\u00e7\u00e3o da M\u00e1quina de Corte de Batatas Fritas Onduladas?<\/h3> <div class=\"rank-math-answer\">  <p>1. Verifique regularmente se a l\u00e2mina est\u00e1 afiada e substitua-a a tempo se estiver gasta.<br \/>2. Limpe regularmente o cortador de batatas para evitar a acumula\u00e7\u00e3o de sujidade.<br \/>3. O cortador de batatas deve ser armazenado em local seco quando n\u00e3o for usado por longos per\u00edodos de tempo.<\/p>  <\/div> <\/div> <\/div> <\/div>   <h2 class=\"wp-block-heading\">V\u00eddeo de funcionamento da m\u00e1quina de corte de batatas fritas onduladas<\/h2>    <figure class=\"wp-block-embed is-type-video is-provider-youtube wp-block-embed-youtube wp-embed-aspect-16-9 wp-has-aspect-ratio\"><div class=\"wp-block-embed__wrapper\"> <iframe loading=\"lazy\" title=\"M\u00e1quina de corte de batatas fritas onduladas: A cozinha essencial para qualquer restaurante fast food!\" width=\"500\" height=\"281\" src=\"https:\/\/www.youtube.com\/embed\/k3ruLwvsWk0?feature=oembed\" frameborder=\"0\" allow=\"accelerometer; autoplay; clipboard-write; encrypted-media; gyroscope; picture-in-picture; web-share\" referrerpolicy=\"strict-origin-when-cross-origin\" allowfullscreen><\/iframe> <\/div><\/figure>    <h2 class=\"wp-block-heading\">Porque escolher-nos?<\/h2>    <p>Nossa empresa adota embalagens multicamadas, que podem efetivamente evitar que as mercadorias sejam danificadas por colis\u00e3o e extrus\u00e3o durante o transporte. Tamb\u00e9m cooperamos com empresas de log\u00edstica profissionais para garantir o transporte seguro e eficiente de mercadorias. Voc\u00ea pode ter certeza de que lhe forneceremos um servi\u00e7o satisfat\u00f3rio!<\/p>    <figure class=\"wp-block-gallery has-nested-images columns-default is-cropped wp-block-gallery-3 is-layout-flex wp-block-gallery-is-layout-flex\"> <figure class=\"wp-block-image size-large\"><img loading=\"lazy\" decoding=\"async\" width=\"720\" height=\"540\" data-id=\"554\" src=\"https:\/\/topfoodmachine.com\/wp-content\/uploads\/2023\/09\/French-Fry-Cutters-Package-1.webp\" alt=\"\" class=\"wp-image-554\" srcset=\"https:\/\/topfoodmachine.com\/wp-content\/uploads\/2023\/09\/French-Fry-Cutters-Package-1.webp 720w, https:\/\/topfoodmachine.com\/wp-content\/uploads\/2023\/09\/French-Fry-Cutters-Package-1-300x225.webp 300w\" sizes=\"auto, (max-width: 720px) 100vw, 720px\" \/><figcaption class=\"wp-element-caption\">Pacote de cortadores de batata frita<\/figcaption><\/figure>    <figure class=\"wp-block-image size-large\"><img loading=\"lazy\" decoding=\"async\" width=\"720\" height=\"540\" data-id=\"553\" src=\"https:\/\/topfoodmachine.com\/wp-content\/uploads\/2023\/09\/Corrugated-French-Fries-Cutting-Machine-Package-1.webp\" alt=\"\" class=\"wp-image-553\" srcset=\"https:\/\/topfoodmachine.com\/wp-content\/uploads\/2023\/09\/Corrugated-French-Fries-Cutting-Machine-Package-1.webp 720w, https:\/\/topfoodmachine.com\/wp-content\/uploads\/2023\/09\/Corrugated-French-Fries-Cutting-Machine-Package-1-300x225.webp 300w\" sizes=\"auto, (max-width: 720px) 100vw, 720px\" \/><figcaption class=\"wp-element-caption\">Pacote de m\u00e1quina de corte de batatas fritas onduladas<\/figcaption><\/figure> <\/figure>    <p><\/p>","protected":false},"excerpt":{"rendered":"<p>Corrugated French Fry cutter is designed to cut potato strips, and is also suitable for other vegetables such as carrots. It uses a special blade that cuts potatoes into uniform wavy strips, perfect for making French fries, potato chips, and other treats. It is made of stainless steel which is easy to clean. The machine [&hellip;]<\/p>\n","protected":false},"author":1,"featured_media":544,"parent":0,"template":"","tags":[],"product-type":[3],"class_list":["post-543","product","type-product","status-publish","has-post-thumbnail","hentry","product-type-fruit-vegetable-processing-machine"],"_links":{"self":[{"href":"https:\/\/topfoodmachine.com\/pt\/wp-json\/wp\/v2\/product\/543","targetHints":{"allow":["GET"]}}],"collection":[{"href":"https:\/\/topfoodmachine.com\/pt\/wp-json\/wp\/v2\/product"}],"about":[{"href":"https:\/\/topfoodmachine.com\/pt\/wp-json\/wp\/v2\/types\/product"}],"author":[{"embeddable":true,"href":"https:\/\/topfoodmachine.com\/pt\/wp-json\/wp\/v2\/users\/1"}],"wp:featuredmedia":[{"embeddable":true,"href":"https:\/\/topfoodmachine.com\/pt\/wp-json\/wp\/v2\/media\/544"}],"wp:attachment":[{"href":"https:\/\/topfoodmachine.com\/pt\/wp-json\/wp\/v2\/media?parent=543"}],"wp:term":[{"taxonomy":"post_tag","embeddable":true,"href":"https:\/\/topfoodmachine.com\/pt\/wp-json\/wp\/v2\/tags?post=543"},{"taxonomy":"product-type","embeddable":true,"href":"https:\/\/topfoodmachine.com\/pt\/wp-json\/wp\/v2\/product-type?post=543"}],"curies":[{"name":"wp","href":"https:\/\/api.w.org\/{rel}","templated":true}]}}