{"id":525,"date":"2023-09-21T14:29:43","date_gmt":"2023-09-21T06:29:43","guid":{"rendered":"https:\/\/topfoodmachine.com\/?post_type=product&#038;p=525"},"modified":"2023-10-10T16:03:49","modified_gmt":"2023-10-10T08:03:49","slug":"vegetable-cutting-machine","status":"publish","type":"product","link":"https:\/\/topfoodmachine.com\/pt\/product\/vegetable-cutting-machine\/","title":{"rendered":"M\u00e1quina de corte de vegetais"},"content":{"rendered":"<div class=\"kk-star-ratings kksr-auto kksr-align-left kksr-valign-top\"     data-payload='{&quot;align&quot;:&quot;left&quot;,&quot;id&quot;:&quot;525&quot;,&quot;slug&quot;:&quot;default&quot;,&quot;valign&quot;:&quot;top&quot;,&quot;ignore&quot;:&quot;&quot;,&quot;reference&quot;:&quot;auto&quot;,&quot;class&quot;:&quot;&quot;,&quot;count&quot;:&quot;20&quot;,&quot;legendonly&quot;:&quot;&quot;,&quot;readonly&quot;:&quot;&quot;,&quot;score&quot;:&quot;4.6&quot;,&quot;starsonly&quot;:&quot;&quot;,&quot;best&quot;:&quot;5&quot;,&quot;gap&quot;:&quot;5&quot;,&quot;greet&quot;:&quot;Rate this product&quot;,&quot;legend&quot;:&quot;4.6\\\/5 - (20 votes)&quot;,&quot;size&quot;:&quot;24&quot;,&quot;title&quot;:&quot;Vegetable Cutting Machine&quot;,&quot;width&quot;:&quot;130.9&quot;,&quot;_legend&quot;:&quot;{score}\\\/{best} - ({count} {votes})&quot;,&quot;font_factor&quot;:&quot;1.25&quot;}'>              <div class=\"kksr-stars\">      <div class=\"kksr-stars-inactive\">             <div class=\"kksr-star\" data-star=\"1\" style=\"padding-right: 5px\">               <div class=\"kksr-icon\" style=\"width: 24px; height: 24px;\"><\/div>         <\/div>             <div class=\"kksr-star\" data-star=\"2\" style=\"padding-right: 5px\">               <div class=\"kksr-icon\" style=\"width: 24px; height: 24px;\"><\/div>         <\/div>             <div class=\"kksr-star\" data-star=\"3\" style=\"padding-right: 5px\">               <div class=\"kksr-icon\" style=\"width: 24px; height: 24px;\"><\/div>         <\/div>             <div class=\"kksr-star\" data-star=\"4\" style=\"padding-right: 5px\">               <div class=\"kksr-icon\" style=\"width: 24px; height: 24px;\"><\/div>         <\/div>             <div class=\"kksr-star\" data-star=\"5\" style=\"padding-right: 5px\">               <div class=\"kksr-icon\" style=\"width: 24px; height: 24px;\"><\/div>         <\/div>     <\/div>      <div class=\"kksr-stars-active\" style=\"width: 130.9px;\">             <div class=\"kksr-star\" style=\"padding-right: 5px\">               <div class=\"kksr-icon\" style=\"width: 24px; height: 24px;\"><\/div>         <\/div>             <div class=\"kksr-star\" style=\"padding-right: 5px\">               <div class=\"kksr-icon\" style=\"width: 24px; height: 24px;\"><\/div>         <\/div>             <div class=\"kksr-star\" style=\"padding-right: 5px\">               <div class=\"kksr-icon\" style=\"width: 24px; height: 24px;\"><\/div>         <\/div>             <div class=\"kksr-star\" style=\"padding-right: 5px\">               <div class=\"kksr-icon\" style=\"width: 24px; height: 24px;\"><\/div>         <\/div>             <div class=\"kksr-star\" style=\"padding-right: 5px\">               <div class=\"kksr-icon\" style=\"width: 24px; height: 24px;\"><\/div>         <\/div>     <\/div> <\/div>                   <div class=\"kksr-legend\" style=\"font-size: 19.2px;\">             4,6\/5 - (20 votos)    <\/div>     <\/div>  <p>O cortador de legumes geralmente \u00e9 usado para cortar legumes, frutas e outros ingredientes. Pode cortar ingredientes em v\u00e1rios formatos como fatias, juliana, cubos, tiras, etc., o que melhora a efici\u00eancia de cozimento e a est\u00e9tica dos ingredientes. Temos dois tipos diferentes de m\u00e1quinas de corte para diferentes tipos de vegetais. Al\u00e9m de tub\u00e9rculos, nosso cortador multifuncional de vegetais tamb\u00e9m pode processar vegetais folhosos!<\/p>    <p>Trabalhar com rapidez e efici\u00eancia \u00e9 importante em todas as cozinhas. Com um cortador de legumes profissional, voc\u00ea pode fazer isso com seguran\u00e7a e facilidade. Voc\u00ea quer cortar seus vegetais em fatias, cubos, tiras ou peda\u00e7os? Com diferentes discos de corte isso \u00e9 poss\u00edvel. Este fatiador tem sa\u00eddas grandes e pequenas e pode cortar quase todos os vegetais.<\/p>    <h2 class=\"wp-block-heading\">Detalhes e caracter\u00edsticas do cortador el\u00e9trico de vegetais<\/h2>    <ol class=\"wp-block-list\"> <li>Este cortador de legumes possui alimentador duplo para manusear diferentes tamanhos de ingredientes, tornando-o mais eficiente e pr\u00e1tico.<\/li>    <li>Fabricado em a\u00e7o inoxid\u00e1vel 304, \u00e9 limpo e higi\u00eanico, f\u00e1cil de limpar.<\/li>    <li>Ele pode lidar com uma grande variedade de vegetais e qualquer formato que voc\u00ea desejar.<\/li> <\/ol>    <figure class=\"wp-block-gallery has-nested-images columns-2 is-cropped wp-block-gallery-2 is-layout-flex wp-block-gallery-is-layout-flex\"> <figure class=\"wp-block-image size-large\"><img loading=\"lazy\" decoding=\"async\" width=\"720\" height=\"540\" data-id=\"537\" src=\"https:\/\/topfoodmachine.com\/wp-content\/uploads\/2023\/09\/Different-Styles-of-Vegetables.webp\" alt=\"\" class=\"wp-image-537\" srcset=\"https:\/\/topfoodmachine.com\/wp-content\/uploads\/2023\/09\/Different-Styles-of-Vegetables.webp 720w, https:\/\/topfoodmachine.com\/wp-content\/uploads\/2023\/09\/Different-Styles-of-Vegetables-300x225.webp 300w\" sizes=\"auto, (max-width: 720px) 100vw, 720px\" \/><figcaption class=\"wp-element-caption\">Diferentes Estilos de Vegetais<\/figcaption><\/figure>    <figure class=\"wp-block-image size-large\"><img loading=\"lazy\" decoding=\"async\" width=\"720\" height=\"540\" data-id=\"538\" src=\"https:\/\/topfoodmachine.com\/wp-content\/uploads\/2023\/09\/Rich-Variety-of-Ingredients.webp\" alt=\"\" class=\"wp-image-538\" srcset=\"https:\/\/topfoodmachine.com\/wp-content\/uploads\/2023\/09\/Rich-Variety-of-Ingredients.webp 720w, https:\/\/topfoodmachine.com\/wp-content\/uploads\/2023\/09\/Rich-Variety-of-Ingredients-300x225.webp 300w\" sizes=\"auto, (max-width: 720px) 100vw, 720px\" \/><figcaption class=\"wp-element-caption\">Rica Variedade de Ingredientes<\/figcaption><\/figure>    <figure class=\"wp-block-image size-full\"><img loading=\"lazy\" decoding=\"async\" width=\"720\" height=\"540\" data-id=\"617\" src=\"https:\/\/topfoodmachine.com\/wp-content\/uploads\/2023\/09\/Vegetable-Slicer-for-Sale-4.webp\" alt=\"Fatiador de vegetais \u00e0 venda\" class=\"wp-image-617\" srcset=\"https:\/\/topfoodmachine.com\/wp-content\/uploads\/2023\/09\/Vegetable-Slicer-for-Sale-4.webp 720w, https:\/\/topfoodmachine.com\/wp-content\/uploads\/2023\/09\/Vegetable-Slicer-for-Sale-4-300x225.webp 300w\" sizes=\"auto, (max-width: 720px) 100vw, 720px\" \/><figcaption class=\"wp-element-caption\">Fatiador de vegetais \u00e0 venda<\/figcaption><\/figure>    <figure class=\"wp-block-image size-full\"><img loading=\"lazy\" decoding=\"async\" width=\"720\" height=\"540\" data-id=\"618\" src=\"https:\/\/topfoodmachine.com\/wp-content\/uploads\/2023\/09\/Commercial-Vegetable-Slicer-4.webp\" alt=\"Fatiador comercial de vegetais\" class=\"wp-image-618\" srcset=\"https:\/\/topfoodmachine.com\/wp-content\/uploads\/2023\/09\/Commercial-Vegetable-Slicer-4.webp 720w, https:\/\/topfoodmachine.com\/wp-content\/uploads\/2023\/09\/Commercial-Vegetable-Slicer-4-300x225.webp 300w\" sizes=\"auto, (max-width: 720px) 100vw, 720px\" \/><figcaption class=\"wp-element-caption\">Fatiador comercial de vegetais<\/figcaption><\/figure> <\/figure>    <p>Tamb\u00e9m introduzimos um cortador de vegetais multifuncional, que agrega o processamento de vegetais folhosos \u00e0s fun\u00e7\u00f5es originais e melhora a efici\u00eancia do processamento de ingredientes.<\/p>    <p>Este cortador de legumes multifuncional tamb\u00e9m possui um novo painel de controle que permite ajustar a velocidade da l\u00e2mina e a velocidade do transportador. Todo o painel foi projetado para ser simples e claro, para que mesmo pessoas que n\u00e3o tenham experi\u00eancia na m\u00e1quina possam oper\u00e1-lo rapidamente.<\/p>    <figure class=\"wp-block-image size-full\"><img loading=\"lazy\" decoding=\"async\" width=\"720\" height=\"540\" src=\"https:\/\/topfoodmachine.com\/wp-content\/uploads\/2023\/09\/Electric-Vegetable-Slicer-2.webp\" alt=\"Fatiador el\u00e9trico de vegetais\" class=\"wp-image-619\" srcset=\"https:\/\/topfoodmachine.com\/wp-content\/uploads\/2023\/09\/Electric-Vegetable-Slicer-2.webp 720w, https:\/\/topfoodmachine.com\/wp-content\/uploads\/2023\/09\/Electric-Vegetable-Slicer-2-300x225.webp 300w\" sizes=\"auto, (max-width: 720px) 100vw, 720px\" \/><figcaption class=\"wp-element-caption\">Fatiador el\u00e9trico de vegetais<\/figcaption><\/figure>    <h2 class=\"wp-block-heading\">Composi\u00e7\u00e3o da m\u00e1quina de corte de vegetais<\/h2>    <p>Motor: fornece energia para fazer a l\u00e2mina girar.<br>L\u00e2mina: usada para cortar os ingredientes.<br>Entrada: para colocar os ingredientes que deseja processar<br>Mecanismo de transmiss\u00e3o: transmite a pot\u00eancia do motor para as p\u00e1s.<br>Dispositivo de seguran\u00e7a: para evitar acidentes.<\/p>    <h2 class=\"wp-block-heading\">Princ\u00edpio de funcionamento do cortador el\u00e9trico de vegetais<\/h2>    <ul class=\"wp-block-list\"> <li>Coloque os ingredientes na gamela do cortador de legumes.<\/li>    <li>Ligue o motor e a l\u00e2mina come\u00e7a a girar.<\/li>    <li>O alimento entra na \u00e1rea da l\u00e2mina atrav\u00e9s da calha e \u00e9 cortado em fatias ou peda\u00e7os pela l\u00e2mina.<\/li> <\/ul>    <figure class=\"wp-block-embed is-type-video is-provider-youtube wp-block-embed-youtube wp-embed-aspect-16-9 wp-has-aspect-ratio\"><div class=\"wp-block-embed__wrapper\"> <iframe loading=\"lazy\" title=\"M\u00e1quina comercial de corte de vegetais: cortes de alta qualidade com desperd\u00edcio m\u00ednimo #cuttingmachine\" width=\"500\" height=\"281\" src=\"https:\/\/www.youtube.com\/embed\/p-8tMS4vXDg?feature=oembed\" frameborder=\"0\" allow=\"accelerometer; autoplay; clipboard-write; encrypted-media; gyroscope; picture-in-picture; web-share\" referrerpolicy=\"strict-origin-when-cross-origin\" allowfullscreen><\/iframe> <\/div><\/figure>    <h2 class=\"wp-block-heading\">Vantagens da m\u00e1quina cortadora de legumes<\/h2>    <p>Melhore a efici\u00eancia do corte de vegetais: o cortador de vegetais pode cortar os ingredientes de forma r\u00e1pida e uniforme, economizando custos de m\u00e3o de obra.<\/p>    <p>Melhore a precis\u00e3o do corte de vegetais: o cortador de vegetais pode cortar ingredientes uniformes e consistentes e melhorar a qualidade dos pratos.<\/p>    <p>Reduza a dificuldade de cortar legumes: o cortador de legumes \u00e9 f\u00e1cil de operar, n\u00e3o h\u00e1 necessidade de habilidades culin\u00e1rias profissionais, voc\u00ea pode cortar facilmente uma variedade de ingredientes.<\/p>    <h2 class=\"wp-block-heading\">Acess\u00f3rios para fatiar vegetais<\/h2>    <p>A versatilidade de um cortador de legumes \u00e9 um dos seus pontos fortes. Para cortar formas diferentes, voc\u00ea precisa de acess\u00f3rios diferentes. Existem discos de corte para cortar em cubos, ralar, fatiar e cortar ondulado. Assim, voc\u00ea pode solicitar os acess\u00f3rios certos junto com a m\u00e1quina. Se voc\u00ea comprar um conjunto completo de acess\u00f3rios, teremos um desconto para voc\u00ea!<\/p>    <figure class=\"wp-block-gallery has-nested-images columns-2 is-cropped wp-block-gallery-3 is-layout-flex wp-block-gallery-is-layout-flex\"> <figure class=\"wp-block-image size-full\"><img loading=\"lazy\" decoding=\"async\" width=\"720\" height=\"540\" data-id=\"620\" src=\"https:\/\/topfoodmachine.com\/wp-content\/uploads\/2023\/09\/Standard-Slicer-1.webp\" alt=\"Fatiador Padr\u00e3o\" class=\"wp-image-620\" srcset=\"https:\/\/topfoodmachine.com\/wp-content\/uploads\/2023\/09\/Standard-Slicer-1.webp 720w, https:\/\/topfoodmachine.com\/wp-content\/uploads\/2023\/09\/Standard-Slicer-1-300x225.webp 300w\" sizes=\"auto, (max-width: 720px) 100vw, 720px\" \/><figcaption class=\"wp-element-caption\">Fatiador Padr\u00e3o<\/figcaption><\/figure>    <figure class=\"wp-block-image size-full\"><img loading=\"lazy\" decoding=\"async\" width=\"720\" height=\"540\" data-id=\"621\" src=\"https:\/\/topfoodmachine.com\/wp-content\/uploads\/2023\/09\/Special-Slicer-1.webp\" alt=\"Fatiador Especial\" class=\"wp-image-621\" srcset=\"https:\/\/topfoodmachine.com\/wp-content\/uploads\/2023\/09\/Special-Slicer-1.webp 720w, https:\/\/topfoodmachine.com\/wp-content\/uploads\/2023\/09\/Special-Slicer-1-300x225.webp 300w\" sizes=\"auto, (max-width: 720px) 100vw, 720px\" \/><figcaption class=\"wp-element-caption\">Fatiador Especial<\/figcaption><\/figure>    <figure class=\"wp-block-image size-full\"><img loading=\"lazy\" decoding=\"async\" width=\"720\" height=\"540\" data-id=\"622\" src=\"https:\/\/topfoodmachine.com\/wp-content\/uploads\/2023\/09\/Julienne-Slicer-1.webp\" alt=\"Fatiador Julienne\" class=\"wp-image-622\" srcset=\"https:\/\/topfoodmachine.com\/wp-content\/uploads\/2023\/09\/Julienne-Slicer-1.webp 720w, https:\/\/topfoodmachine.com\/wp-content\/uploads\/2023\/09\/Julienne-Slicer-1-300x225.webp 300w\" sizes=\"auto, (max-width: 720px) 100vw, 720px\" \/><figcaption class=\"wp-element-caption\">Fatiador Julienne<\/figcaption><\/figure>    <figure class=\"wp-block-image size-full\"><img loading=\"lazy\" decoding=\"async\" width=\"720\" height=\"540\" data-id=\"623\" src=\"https:\/\/topfoodmachine.com\/wp-content\/uploads\/2023\/09\/Dicing-Grid-1.webp\" alt=\"Grade de dados\" class=\"wp-image-623\" srcset=\"https:\/\/topfoodmachine.com\/wp-content\/uploads\/2023\/09\/Dicing-Grid-1.webp 720w, https:\/\/topfoodmachine.com\/wp-content\/uploads\/2023\/09\/Dicing-Grid-1-300x225.webp 300w\" sizes=\"auto, (max-width: 720px) 100vw, 720px\" \/><figcaption class=\"wp-element-caption\">Grade de dados<\/figcaption><\/figure> <\/figure>    <h2 class=\"wp-block-heading\">Par\u00e2metros do cortador el\u00e9trico de vegetais<\/h2>    <figure class=\"wp-block-table\"><table><tbody><tr><td>Tens\u00e3o<\/td><td>220 V, 50 Hz<\/td><\/tr><tr><td>Poder<\/td><td>0,75 kW<\/td><\/tr><tr><td>Tamanho<\/td><td>600*500*900<\/td><\/tr><tr><td>Peso<\/td><td>70kg<\/td><\/tr><tr><td>Capacidade<\/td><td>300-600 kg\/hora<\/td><\/tr><tr><td>Produtos finalizados<\/td><td>tiras, cubos, fatias<\/td><\/tr><\/tbody><\/table><\/figure>    <p>Al\u00e9m disso, nossas l\u00e2minas para cortar vegetais podem ser personalizadas para atender a diferentes necessidades.<\/p>    <p>O tamanho das tiras pode estar entre 2 e 5 mil\u00edmetros.<\/p>    <p>O tamanho das fatias pode estar entre 2 e 20 mil\u00edmetros.<\/p>    <p>O tamanho dos cubos pode ser 8,10,12,15,20 mil\u00edmetros.<\/p>    <figure class=\"wp-block-image size-full\"><img loading=\"lazy\" decoding=\"async\" width=\"720\" height=\"540\" src=\"https:\/\/topfoodmachine.com\/wp-content\/uploads\/2023\/09\/Different-blades-for-vegetable-cutters-3.webp\" alt=\"Diferentes l\u00e2minas para cortadores de legumes\" class=\"wp-image-624\" srcset=\"https:\/\/topfoodmachine.com\/wp-content\/uploads\/2023\/09\/Different-blades-for-vegetable-cutters-3.webp 720w, https:\/\/topfoodmachine.com\/wp-content\/uploads\/2023\/09\/Different-blades-for-vegetable-cutters-3-300x225.webp 300w\" sizes=\"auto, (max-width: 720px) 100vw, 720px\" \/><figcaption class=\"wp-element-caption\">Diferentes l\u00e2minas para cortadores de legumes<\/figcaption><\/figure>    <h2 class=\"wp-block-heading\">Precau\u00e7\u00f5es no uso do cortador el\u00e9trico de legumes<\/h2>    <ol class=\"wp-block-list\"> <li>Preste aten\u00e7\u00e3o ao di\u00e2metro m\u00e1ximo do alimento para evitar falhas no corte por alimentos muito grandes.<\/li>    <li>Durante o uso, deve-se tomar cuidado para evitar que as m\u00e3os entrem em contato com a l\u00e2mina.<\/li>    <li>A velocidade de corte da l\u00e2mina n\u00e3o deve ser ajustada muito rapidamente para garantir a integridade e a taxa de sucesso dos ingredientes.<\/li>    <li>Depois de cortar os alimentos, a m\u00e1quina deve ser limpa a tempo.<\/li> <\/ol>    <h2 class=\"wp-block-heading\">Por que escolher a m\u00e1quina cortadora de vegetais da Taizy?<\/h2>    <p>Este cortador de vegetais \u00e9 a m\u00e1quina mais vendida da nossa empresa, exportada para Gana, Congo, Eti\u00f3pia, Nam\u00edbia, Marrocos e outros pa\u00edses. Portanto, temos um estoque consider\u00e1vel e entrega r\u00e1pida para evitar que voc\u00ea espere muito tempo! Se voc\u00ea precisar fazer um pedido em grandes quantidades ou trabalhar conosco por um longo per\u00edodo, teremos descontos emocionantes para voc\u00ea.<\/p>    <figure class=\"wp-block-image size-full\"><img loading=\"lazy\" decoding=\"async\" width=\"720\" height=\"540\" src=\"https:\/\/topfoodmachine.com\/wp-content\/uploads\/2023\/09\/The-Vegetable-Cutter-in-the-Warehouse-3.webp\" alt=\"O cortador de legumes no armaz\u00e9m\" class=\"wp-image-625\" srcset=\"https:\/\/topfoodmachine.com\/wp-content\/uploads\/2023\/09\/The-Vegetable-Cutter-in-the-Warehouse-3.webp 720w, https:\/\/topfoodmachine.com\/wp-content\/uploads\/2023\/09\/The-Vegetable-Cutter-in-the-Warehouse-3-300x225.webp 300w\" sizes=\"auto, (max-width: 720px) 100vw, 720px\" \/><figcaption class=\"wp-element-caption\">O cortador de legumes no armaz\u00e9m<\/figcaption><\/figure>","protected":false},"excerpt":{"rendered":"<p>O cortador de vegetais \u00e9 um aparelho de cozinha usado para cortar vegetais, frutas e outros ingredientes. <\/p>","protected":false},"author":1,"featured_media":612,"parent":0,"template":"","tags":[],"product-type":[3],"class_list":["post-525","product","type-product","status-publish","has-post-thumbnail","hentry","product-type-fruit-vegetable-processing-machine"],"_links":{"self":[{"href":"https:\/\/topfoodmachine.com\/pt\/wp-json\/wp\/v2\/product\/525","targetHints":{"allow":["GET"]}}],"collection":[{"href":"https:\/\/topfoodmachine.com\/pt\/wp-json\/wp\/v2\/product"}],"about":[{"href":"https:\/\/topfoodmachine.com\/pt\/wp-json\/wp\/v2\/types\/product"}],"author":[{"embeddable":true,"href":"https:\/\/topfoodmachine.com\/pt\/wp-json\/wp\/v2\/users\/1"}],"wp:featuredmedia":[{"embeddable":true,"href":"https:\/\/topfoodmachine.com\/pt\/wp-json\/wp\/v2\/media\/612"}],"wp:attachment":[{"href":"https:\/\/topfoodmachine.com\/pt\/wp-json\/wp\/v2\/media?parent=525"}],"wp:term":[{"taxonomy":"post_tag","embeddable":true,"href":"https:\/\/topfoodmachine.com\/pt\/wp-json\/wp\/v2\/tags?post=525"},{"taxonomy":"product-type","embeddable":true,"href":"https:\/\/topfoodmachine.com\/pt\/wp-json\/wp\/v2\/product-type?post=525"}],"curies":[{"name":"wp","href":"https:\/\/api.w.org\/{rel}","templated":true}]}}