{"id":496,"date":"2023-09-19T18:38:17","date_gmt":"2023-09-19T10:38:17","guid":{"rendered":"https:\/\/topfoodmachine.com\/?post_type=product&#038;p=496"},"modified":"2023-10-10T16:11:33","modified_gmt":"2023-10-10T08:11:33","slug":"potato-slicer-machine","status":"publish","type":"product","link":"https:\/\/topfoodmachine.com\/pt\/product\/potato-slicer-machine\/","title":{"rendered":"M\u00e1quina fatiadora de batata"},"content":{"rendered":"<div class=\"kk-star-ratings kksr-auto kksr-align-left kksr-valign-top\"     data-payload='{&quot;align&quot;:&quot;left&quot;,&quot;id&quot;:&quot;496&quot;,&quot;slug&quot;:&quot;default&quot;,&quot;valign&quot;:&quot;top&quot;,&quot;ignore&quot;:&quot;&quot;,&quot;reference&quot;:&quot;auto&quot;,&quot;class&quot;:&quot;&quot;,&quot;count&quot;:&quot;24&quot;,&quot;legendonly&quot;:&quot;&quot;,&quot;readonly&quot;:&quot;&quot;,&quot;score&quot;:&quot;4.8&quot;,&quot;starsonly&quot;:&quot;&quot;,&quot;best&quot;:&quot;5&quot;,&quot;gap&quot;:&quot;5&quot;,&quot;greet&quot;:&quot;Rate this product&quot;,&quot;legend&quot;:&quot;4.8\\\/5 - (24 votes)&quot;,&quot;size&quot;:&quot;24&quot;,&quot;title&quot;:&quot;Potato Slicer Machine&quot;,&quot;width&quot;:&quot;136.7&quot;,&quot;_legend&quot;:&quot;{score}\\\/{best} - ({count} {votes})&quot;,&quot;font_factor&quot;:&quot;1.25&quot;}'>              <div class=\"kksr-stars\">      <div class=\"kksr-stars-inactive\">             <div class=\"kksr-star\" data-star=\"1\" style=\"padding-right: 5px\">               <div class=\"kksr-icon\" style=\"width: 24px; height: 24px;\"><\/div>         <\/div>             <div class=\"kksr-star\" data-star=\"2\" style=\"padding-right: 5px\">               <div class=\"kksr-icon\" style=\"width: 24px; height: 24px;\"><\/div>         <\/div>             <div class=\"kksr-star\" data-star=\"3\" style=\"padding-right: 5px\">               <div class=\"kksr-icon\" style=\"width: 24px; height: 24px;\"><\/div>         <\/div>             <div class=\"kksr-star\" data-star=\"4\" style=\"padding-right: 5px\">               <div class=\"kksr-icon\" style=\"width: 24px; height: 24px;\"><\/div>         <\/div>             <div class=\"kksr-star\" data-star=\"5\" style=\"padding-right: 5px\">               <div class=\"kksr-icon\" style=\"width: 24px; height: 24px;\"><\/div>         <\/div>     <\/div>      <div class=\"kksr-stars-active\" style=\"width: 136.7px;\">             <div class=\"kksr-star\" style=\"padding-right: 5px\">               <div class=\"kksr-icon\" style=\"width: 24px; height: 24px;\"><\/div>         <\/div>             <div class=\"kksr-star\" style=\"padding-right: 5px\">               <div class=\"kksr-icon\" style=\"width: 24px; height: 24px;\"><\/div>         <\/div>             <div class=\"kksr-star\" style=\"padding-right: 5px\">               <div class=\"kksr-icon\" style=\"width: 24px; height: 24px;\"><\/div>         <\/div>             <div class=\"kksr-star\" style=\"padding-right: 5px\">               <div class=\"kksr-icon\" style=\"width: 24px; height: 24px;\"><\/div>         <\/div>             <div class=\"kksr-star\" style=\"padding-right: 5px\">               <div class=\"kksr-icon\" style=\"width: 24px; height: 24px;\"><\/div>         <\/div>     <\/div> <\/div>                   <div class=\"kksr-legend\" style=\"font-size: 19.2px;\">             4,8\/5 - (24 votos)    <\/div>     <\/div>  <p>A M\u00e1quina de Fatiar Batatas\u00a0\u00e9 um eletrodom\u00e9stico que corta batatas em tiras do mesmo tamanho de forma r\u00e1pida e f\u00e1cil. Tamb\u00e9m pode cortar alface, batata doce, cenoura, etc. \u00c9 uma m\u00e1quina ideal para processar batatas fritas na ind\u00fastria de fast food, amplamente utilizada em estabelecimentos de catering de grande escala, ind\u00fastria de processamento de alimentos e supermercados de grande escala, que pode economize tempo e energia para os cozinheiros, fortalecendo assim a efici\u00eancia.<\/p>    <p>\u00c9 feito de a\u00e7o inoxid\u00e1vel 304, n\u00e3o enferruja e \u00e9 f\u00e1cil de limpar, pr\u00e1tico e f\u00e1cil de usar. Este tipo de m\u00e1quina \u00e9 amplamente exportado para Austr\u00e1lia, Jap\u00e3o, Cingapura, Estados Unidos, Nig\u00e9ria, Qu\u00eania e outros pa\u00edses. Al\u00e9m do mais, haver\u00e1 descontos preferenciais em feriados importantes, como o Ano Novo Chin\u00eas, o Natal e assim por diante. Seremos sempre bem-vindos ao seu contato adicional.<\/p>    <h2 class=\"wp-block-heading\">Aplica\u00e7\u00e3o de m\u00e1quina de corte fatiadora de batata<\/h2>    <p>Al\u00e9m de batatas, esta m\u00e1quina tamb\u00e9m \u00e9 adequada para outras mat\u00e9rias-primas, como batata doce, cenoura, pepino, etc.<\/p>    <figure class=\"wp-block-gallery has-nested-images columns-default is-cropped wp-block-gallery-2 is-layout-flex wp-block-gallery-is-layout-flex\"> <figure class=\"wp-block-image size-large\"><img loading=\"lazy\" decoding=\"async\" width=\"720\" height=\"540\" data-id=\"500\" src=\"https:\/\/topfoodmachine.com\/wp-content\/uploads\/2023\/09\/Potato-Slices-1.webp\" alt=\"\" class=\"wp-image-500\" srcset=\"https:\/\/topfoodmachine.com\/wp-content\/uploads\/2023\/09\/Potato-Slices-1.webp 720w, https:\/\/topfoodmachine.com\/wp-content\/uploads\/2023\/09\/Potato-Slices-1-300x225.webp 300w\" sizes=\"auto, (max-width: 720px) 100vw, 720px\" \/><figcaption class=\"wp-element-caption\">Fatias de batata<\/figcaption><\/figure>    <figure class=\"wp-block-image size-large\"><img loading=\"lazy\" decoding=\"async\" width=\"720\" height=\"540\" data-id=\"499\" src=\"https:\/\/topfoodmachine.com\/wp-content\/uploads\/2023\/09\/Other-Vegetable-Slices.webp\" alt=\"\" class=\"wp-image-499\" srcset=\"https:\/\/topfoodmachine.com\/wp-content\/uploads\/2023\/09\/Other-Vegetable-Slices.webp 720w, https:\/\/topfoodmachine.com\/wp-content\/uploads\/2023\/09\/Other-Vegetable-Slices-300x225.webp 300w\" sizes=\"auto, (max-width: 720px) 100vw, 720px\" \/><figcaption class=\"wp-element-caption\">Outras fatias de vegetais<\/figcaption><\/figure> <\/figure>    <h2 class=\"wp-block-heading\">Estrutura da m\u00e1quina autom\u00e1tica de fatiar batata<\/h2>    <ul class=\"wp-block-list\"> <li>L\u00e2mina: O componente principal de um cortador el\u00e9trico de batatas, usado para cortar batatas. As l\u00e2minas s\u00e3o feitas de a\u00e7o inoxid\u00e1vel e podem ser substitu\u00eddas conforme necess\u00e1rio para cortar tiras de batata de diferentes espessuras.<\/li>    <li>Motor: a fonte de energia do cortador el\u00e9trico de batata. O motor est\u00e1 localizado na parte inferior da m\u00e1quina e gira as l\u00e2minas atrav\u00e9s de uma transmiss\u00e3o.<\/li>    <li>Porta de alimenta\u00e7\u00e3o: As batatas entram no recipiente atrav\u00e9s da abertura de alimenta\u00e7\u00e3o. A entrada est\u00e1 localizada na lateral do cont\u00eainer.<\/li>    <li>Dispositivo de seguran\u00e7a: Evita perigos potenciais causados \u200b\u200bpor opera\u00e7\u00e3o inadequada.<\/li> <\/ul>    <figure class=\"wp-block-gallery has-nested-images columns-default is-cropped wp-block-gallery-3 is-layout-flex wp-block-gallery-is-layout-flex\"> <figure class=\"wp-block-image size-large\"><img loading=\"lazy\" decoding=\"async\" width=\"720\" height=\"540\" data-id=\"502\" src=\"https:\/\/topfoodmachine.com\/wp-content\/uploads\/2023\/09\/Potato-Slicer-for-Business.webp\" alt=\"\" class=\"wp-image-502\" srcset=\"https:\/\/topfoodmachine.com\/wp-content\/uploads\/2023\/09\/Potato-Slicer-for-Business.webp 720w, https:\/\/topfoodmachine.com\/wp-content\/uploads\/2023\/09\/Potato-Slicer-for-Business-300x225.webp 300w\" sizes=\"auto, (max-width: 720px) 100vw, 720px\" \/><figcaption class=\"wp-element-caption\">Fatiador de batata para empresas<\/figcaption><\/figure>    <figure class=\"wp-block-image size-large\"><img loading=\"lazy\" decoding=\"async\" width=\"720\" height=\"540\" data-id=\"501\" src=\"https:\/\/topfoodmachine.com\/wp-content\/uploads\/2023\/09\/Potato-Chip-Slicer-Machine.webp\" alt=\"\" class=\"wp-image-501\" srcset=\"https:\/\/topfoodmachine.com\/wp-content\/uploads\/2023\/09\/Potato-Chip-Slicer-Machine.webp 720w, https:\/\/topfoodmachine.com\/wp-content\/uploads\/2023\/09\/Potato-Chip-Slicer-Machine-300x225.webp 300w\" sizes=\"auto, (max-width: 720px) 100vw, 720px\" \/><figcaption class=\"wp-element-caption\">M\u00e1quina cortadora de batatas fritas<\/figcaption><\/figure> <\/figure>    <h2 class=\"wp-block-heading\">Como us\u00e1-lo?<\/h2>    <ol class=\"wp-block-list\"> <li>Limpe as batatas\u00a0e descasque-as.<\/li>    <li>Coloque as batatas na porta de alimenta\u00e7\u00e3o.<\/li>    <li>Ligue a energia e a l\u00e2mina girar\u00e1 e cortar\u00e1 as batatas em tiras.<\/li> <\/ol>    <figure class=\"wp-block-embed is-type-video is-provider-youtube wp-block-embed-youtube wp-embed-aspect-16-9 wp-has-aspect-ratio\"><div class=\"wp-block-embed__wrapper\"> <iframe loading=\"lazy\" title=\"M\u00e1quina autom\u00e1tica de fatiar batatas: libere o potencial criativo da sua cozinha! Fatiador de batatas #\" width=\"500\" height=\"281\" src=\"https:\/\/www.youtube.com\/embed\/UiyP-JK-3cQ?feature=oembed\" frameborder=\"0\" allow=\"accelerometer; autoplay; clipboard-write; encrypted-media; gyroscope; picture-in-picture; web-share\" referrerpolicy=\"strict-origin-when-cross-origin\" allowfullscreen><\/iframe> <\/div><\/figure>    <h2 class=\"wp-block-heading\">Caracter\u00edsticas do cortador de batata comercial de Taizy<\/h2>    <ul class=\"wp-block-list\"> <li>Usando a\u00e7o inoxid\u00e1vel 304, f\u00e1cil de limpar.<\/li>    <li>Diferentes espessuras de fatias de batata podem ser obtidas personalizando o tamanho da l\u00e2mina.<\/li>    <li>Opera\u00e7\u00e3o simples, conveniente e r\u00e1pida<\/li>    <li>A polia inferior pode ser personalizada de acordo com diferentes cen\u00e1rios de uso para facilitar o movimento.<\/li>    <li>Desempenho est\u00e1vel, taxa de integridade de sa\u00edda de at\u00e9 99%.<\/li> <\/ul>    <figure class=\"wp-block-gallery has-nested-images columns-default is-cropped wp-block-gallery-4 is-layout-flex wp-block-gallery-is-layout-flex\"> <figure class=\"wp-block-image size-large\"><img loading=\"lazy\" decoding=\"async\" width=\"720\" height=\"540\" data-id=\"504\" src=\"https:\/\/topfoodmachine.com\/wp-content\/uploads\/2023\/09\/Potato-Slicing-Machine.webp\" alt=\"\" class=\"wp-image-504\" srcset=\"https:\/\/topfoodmachine.com\/wp-content\/uploads\/2023\/09\/Potato-Slicing-Machine.webp 720w, https:\/\/topfoodmachine.com\/wp-content\/uploads\/2023\/09\/Potato-Slicing-Machine-300x225.webp 300w\" sizes=\"auto, (max-width: 720px) 100vw, 720px\" \/><figcaption class=\"wp-element-caption\">M\u00e1quina de fatiar batata<\/figcaption><\/figure>    <figure class=\"wp-block-image size-large\"><img loading=\"lazy\" decoding=\"async\" width=\"720\" height=\"540\" data-id=\"503\" src=\"https:\/\/topfoodmachine.com\/wp-content\/uploads\/2023\/09\/Industrial-Potato-Cutter-of-Taizy.webp\" alt=\"\" class=\"wp-image-503\" srcset=\"https:\/\/topfoodmachine.com\/wp-content\/uploads\/2023\/09\/Industrial-Potato-Cutter-of-Taizy.webp 720w, https:\/\/topfoodmachine.com\/wp-content\/uploads\/2023\/09\/Industrial-Potato-Cutter-of-Taizy-300x225.webp 300w\" sizes=\"auto, (max-width: 720px) 100vw, 720px\" \/><figcaption class=\"wp-element-caption\">Cortador de Batata Industrial de Taizy<\/figcaption><\/figure> <\/figure>    <h2 class=\"wp-block-heading\">Par\u00e2metros da m\u00e1quina cortadora de batatas fritas<\/h2>    <figure class=\"wp-block-table\"><table><tbody><tr><td>Modelo<\/td><td>TZ-600<\/td><\/tr><tr><td>Capacidade<\/td><td>600kg\/hora<\/td><\/tr><tr><td>Dimens\u00e3o<\/td><td>950*800*950mm<\/td><\/tr><tr><td>Tens\u00e3o<\/td><td>200 V, 50 Hz<\/td><\/tr><tr><td>Poder<\/td><td>0,75 kW<\/td><\/tr><tr><td>Peso<\/td><td>110kg<\/td><\/tr><tr><td>Material<\/td><td>a\u00e7o inoxid\u00e1vel 304<\/td><\/tr><\/tbody><\/table><\/figure>    <h2 class=\"wp-block-heading\">Equipamento de Apoio<\/h2>    <p class=\"translation-block\">Voc\u00ea tamb\u00e9m pode precisar de <a href=\"https:\/\/topfoodmachine.com\/pt\/product\/fruit-and-vegetable-washing-machine\/\" data-type=\"link\" data-id=\"https:\/\/topfoodmachine.com\/product\/fruit-and-vegetable-washing-machine\/\">M\u00e1quina de Lavar Frutas e Vegetais<\/a>, esta m\u00e1quina usa bolhas para limpar uma variedade de frutas, nozes e vegetais, incluindo laranjas, ma\u00e7\u00e3s, batatas, cebolas, repolho, piment\u00f5es, caju, amendoins, frutas vermelhas, etc. As m\u00e1quinas s\u00e3o feitas de a\u00e7o inoxid\u00e1vel 304, que \u00e9 de grau aliment\u00edcio.<\/p>    <h2 class=\"wp-block-heading\">Porque escolher-nos?<\/h2>    <p>A Taizy \u00e9 a principal empresa de fabrica\u00e7\u00e3o de m\u00e1quinas e com\u00e9rcio exterior da China. A maior vantagem da nossa m\u00e1quina \u00e9 sua alta qualidade. Nossa taxa de p\u00f3s-venda \u00e9 extremamente baixa e podemos lhe proporcionar uma boa experi\u00eancia durante a vida \u00fatil do produto. Portanto, se voc\u00ea estiver interessado em nossa m\u00e1quina, sinta-se \u00e0 vontade para nos contatar para mais detalhes.<\/p>","protected":false},"excerpt":{"rendered":"<p>A M\u00e1quina de Fatiar Batatas\u00a0\u00e9 um eletrodom\u00e9stico que corta batatas em tiras do mesmo tamanho de forma r\u00e1pida e f\u00e1cil. Tamb\u00e9m pode cortar alface, batata doce, cenoura, etc. \u00c9 uma m\u00e1quina ideal para processar batatas fritas na ind\u00fastria de fast food, amplamente utilizada em estabelecimentos de catering de grande escala, ind\u00fastria de processamento de alimentos e supermercados de grande escala, que pode economize tempo e energia para os cozinheiros, fortalecendo assim a efici\u00eancia.<\/p>","protected":false},"author":1,"featured_media":497,"parent":0,"template":"","tags":[20],"product-type":[3],"class_list":["post-496","product","type-product","status-publish","has-post-thumbnail","hentry","tag-potato-chip-slicer-machine","product-type-fruit-vegetable-processing-machine"],"_links":{"self":[{"href":"https:\/\/topfoodmachine.com\/pt\/wp-json\/wp\/v2\/product\/496","targetHints":{"allow":["GET"]}}],"collection":[{"href":"https:\/\/topfoodmachine.com\/pt\/wp-json\/wp\/v2\/product"}],"about":[{"href":"https:\/\/topfoodmachine.com\/pt\/wp-json\/wp\/v2\/types\/product"}],"author":[{"embeddable":true,"href":"https:\/\/topfoodmachine.com\/pt\/wp-json\/wp\/v2\/users\/1"}],"wp:featuredmedia":[{"embeddable":true,"href":"https:\/\/topfoodmachine.com\/pt\/wp-json\/wp\/v2\/media\/497"}],"wp:attachment":[{"href":"https:\/\/topfoodmachine.com\/pt\/wp-json\/wp\/v2\/media?parent=496"}],"wp:term":[{"taxonomy":"post_tag","embeddable":true,"href":"https:\/\/topfoodmachine.com\/pt\/wp-json\/wp\/v2\/tags?post=496"},{"taxonomy":"product-type","embeddable":true,"href":"https:\/\/topfoodmachine.com\/pt\/wp-json\/wp\/v2\/product-type?post=496"}],"curies":[{"name":"wp","href":"https:\/\/api.w.org\/{rel}","templated":true}]}}