{"id":437,"date":"2023-06-05T15:04:07","date_gmt":"2023-06-05T07:04:07","guid":{"rendered":"https:\/\/topfoodmachine.com\/?post_type=product&#038;p=437"},"modified":"2023-06-05T15:19:55","modified_gmt":"2023-06-05T07:19:55","slug":"sausage-production-line","status":"publish","type":"product","link":"https:\/\/topfoodmachine.com\/pt\/product\/sausage-production-line\/","title":{"rendered":"Linha de produ\u00e7\u00e3o de salsicha"},"content":{"rendered":"<div class=\"kk-star-ratings kksr-auto kksr-align-left kksr-valign-top\"     data-payload='{&quot;align&quot;:&quot;left&quot;,&quot;id&quot;:&quot;437&quot;,&quot;slug&quot;:&quot;default&quot;,&quot;valign&quot;:&quot;top&quot;,&quot;ignore&quot;:&quot;&quot;,&quot;reference&quot;:&quot;auto&quot;,&quot;class&quot;:&quot;&quot;,&quot;count&quot;:&quot;30&quot;,&quot;legendonly&quot;:&quot;&quot;,&quot;readonly&quot;:&quot;&quot;,&quot;score&quot;:&quot;4.6&quot;,&quot;starsonly&quot;:&quot;&quot;,&quot;best&quot;:&quot;5&quot;,&quot;gap&quot;:&quot;5&quot;,&quot;greet&quot;:&quot;Rate this product&quot;,&quot;legend&quot;:&quot;4.6\\\/5 - (30 votes)&quot;,&quot;size&quot;:&quot;24&quot;,&quot;title&quot;:&quot;Sausage Production Line&quot;,&quot;width&quot;:&quot;130.9&quot;,&quot;_legend&quot;:&quot;{score}\\\/{best} - ({count} {votes})&quot;,&quot;font_factor&quot;:&quot;1.25&quot;}'>              <div class=\"kksr-stars\">      <div class=\"kksr-stars-inactive\">             <div class=\"kksr-star\" data-star=\"1\" style=\"padding-right: 5px\">               <div class=\"kksr-icon\" style=\"width: 24px; height: 24px;\"><\/div>         <\/div>             <div class=\"kksr-star\" data-star=\"2\" style=\"padding-right: 5px\">               <div class=\"kksr-icon\" style=\"width: 24px; height: 24px;\"><\/div>         <\/div>             <div class=\"kksr-star\" data-star=\"3\" style=\"padding-right: 5px\">               <div class=\"kksr-icon\" style=\"width: 24px; height: 24px;\"><\/div>         <\/div>             <div class=\"kksr-star\" data-star=\"4\" style=\"padding-right: 5px\">               <div class=\"kksr-icon\" style=\"width: 24px; height: 24px;\"><\/div>         <\/div>             <div class=\"kksr-star\" data-star=\"5\" style=\"padding-right: 5px\">               <div class=\"kksr-icon\" style=\"width: 24px; height: 24px;\"><\/div>         <\/div>     <\/div>      <div class=\"kksr-stars-active\" style=\"width: 130.9px;\">             <div class=\"kksr-star\" style=\"padding-right: 5px\">               <div class=\"kksr-icon\" style=\"width: 24px; height: 24px;\"><\/div>         <\/div>             <div class=\"kksr-star\" style=\"padding-right: 5px\">               <div class=\"kksr-icon\" style=\"width: 24px; height: 24px;\"><\/div>         <\/div>             <div class=\"kksr-star\" style=\"padding-right: 5px\">               <div class=\"kksr-icon\" style=\"width: 24px; height: 24px;\"><\/div>         <\/div>             <div class=\"kksr-star\" style=\"padding-right: 5px\">               <div class=\"kksr-icon\" style=\"width: 24px; height: 24px;\"><\/div>         <\/div>             <div class=\"kksr-star\" style=\"padding-right: 5px\">               <div class=\"kksr-icon\" style=\"width: 24px; height: 24px;\"><\/div>         <\/div>     <\/div> <\/div>                   <div class=\"kksr-legend\" style=\"font-size: 19.2px;\">             4,6\/5 - (30 votos)    <\/div>     <\/div>  <p>Uma linha de produ\u00e7\u00e3o de salsichas significa uma s\u00e9rie de m\u00e1quinas e equipamentos interligados utilizados para fabricar salsichas de forma eficiente e autom\u00e1tica. Envolve v\u00e1rias etapas desde a prepara\u00e7\u00e3o do material at\u00e9 a embalagem do produto final.<\/p>    <p>Somos um fabricante e exportador profissional de linhas de m\u00e1quinas para produ\u00e7\u00e3o de salsichas. Todas as nossas m\u00e1quinas utilizam materiais dur\u00e1veis e tecnologia avan\u00e7ada. Al\u00e9m disso, todos os equipamentos de nossa empresa t\u00eam garantia de 12 meses e excelente servi\u00e7o p\u00f3s-venda. Se voc\u00ea est\u00e1 procurando uma linha de produ\u00e7\u00e3o de salsichas confi\u00e1vel, entre em contato conosco para mais detalhes sobre as m\u00e1quinas \u00fateis e uma lista de pre\u00e7os gratuita.<\/p>    <figure class=\"wp-block-image size-full\"><img loading=\"lazy\" decoding=\"async\" width=\"720\" height=\"540\" src=\"https:\/\/topfoodmachine.com\/wp-content\/uploads\/2023\/06\/sausage-production-line.jpg\" alt=\"linha de produ\u00e7\u00e3o de salsicha\" class=\"wp-image-438\" srcset=\"https:\/\/topfoodmachine.com\/wp-content\/uploads\/2023\/06\/sausage-production-line.jpg 720w, https:\/\/topfoodmachine.com\/wp-content\/uploads\/2023\/06\/sausage-production-line-300x225.jpg 300w\" sizes=\"auto, (max-width: 720px) 100vw, 720px\" \/><figcaption class=\"wp-element-caption\">linha de produ\u00e7\u00e3o de salsicha<\/figcaption><\/figure>    <h2 class=\"wp-block-heading\">Breve introdu\u00e7\u00e3o \u00e0s salsichas e sua popularidade<\/h2>    <p>As salsichas s\u00e3o um alimento popular em todo o mundo, apreciadas pelo seu sabor delicioso e versatilidade. Eles t\u00eam uma hist\u00f3ria rica e evolu\u00edram para uma ampla variedade de sabores, formas e tamanhos em diferentes culturas. Do caf\u00e9 da manh\u00e3 ao jantar, as salsichas oferecem comodidade, pois podem ser preparadas rapidamente de diversas maneiras, como grelhar, fritar, assar ou ferver. Seus sabores ricos e saborosos, muitas vezes real\u00e7ados com especiarias e temperos, fazem deles a escolha preferida dos amantes de carne.<\/p>    <p>As salsichas s\u00e3o uma caracter\u00edstica comum em muitas cozinhas em todo o mundo, aparecendo em pratos como cachorros-quentes, rolinhos de salsicha e espetadas. O seu apelo global e a capacidade de adapta\u00e7\u00e3o a diferentes tradi\u00e7\u00f5es culin\u00e1rias contribu\u00edram para a sua popularidade duradoura.<\/p>    <figure class=\"wp-block-image size-full\"><img loading=\"lazy\" decoding=\"async\" width=\"550\" height=\"350\" src=\"https:\/\/topfoodmachine.com\/wp-content\/uploads\/2023\/06\/sausage.jpg\" alt=\"salsicha\" class=\"wp-image-439\" srcset=\"https:\/\/topfoodmachine.com\/wp-content\/uploads\/2023\/06\/sausage.jpg 550w, https:\/\/topfoodmachine.com\/wp-content\/uploads\/2023\/06\/sausage-300x191.jpg 300w\" sizes=\"auto, (max-width: 550px) 100vw, 550px\" \/><figcaption class=\"wp-element-caption\">salsicha<\/figcaption><\/figure>    <h2 class=\"wp-block-heading\">Tipos de salsicha<\/h2>    <p>A bratwurst, origin\u00e1ria da Alemanha, \u00e9 uma lingui\u00e7a temperada de porco, vaca ou vitela, enquanto o chouri\u00e7o, popular na Espanha e na Am\u00e9rica Latina, oferece um perfil picante e defumado. As lingui\u00e7as italianas, com varia\u00e7\u00f5es doces e picantes, s\u00e3o lingui\u00e7as temperadas de porco comumente utilizadas na culin\u00e1ria italiana. Andouille, uma lingui\u00e7a defumada da Louisiana, acrescenta um sabor robusto aos pratos crioulos e cajuns. A kielbasa polonesa \u00e9 uma lingui\u00e7a vers\u00e1til com varia\u00e7\u00f5es como fresca e defumada, enquanto as lingui\u00e7as do caf\u00e9 da manh\u00e3 s\u00e3o pequenas lingui\u00e7as de porco temperadas, apreciadas como parte da refei\u00e7\u00e3o matinal. Estes s\u00e3o apenas alguns exemplos dos diversos e deliciosos tipos de enchidos encontrados em todo o mundo.<\/p>    <h2 class=\"wp-block-heading\">Etapas de processamento de produ\u00e7\u00e3o de salsicha<\/h2>    <p>Nesta parte, voc\u00ea entender\u00e1 as etapas padr\u00e3o de processamento da produ\u00e7\u00e3o de salsichas, e as principais etapas usadas para produzir salsichas s\u00e3o as seguintes:<br>1. Prepara\u00e7\u00e3o de mat\u00e9rias-primas: Sele\u00e7\u00e3o e prepara\u00e7\u00e3o de mat\u00e9rias-primas de alta qualidade, como carne e gordura, para produ\u00e7\u00e3o de embutidos.<br>2. Moer a carne: O pr\u00f3ximo passo \u00e9 moer a carne at\u00e9 atingir a consist\u00eancia e textura desejada para os enchidos.<br>3. Mistura dos ingredientes: Ap\u00f3s a moagem, a carne \u00e9 misturada com especiarias, temperos e outros ingredientes para criar uma mistura de lingui\u00e7a bem misturada.<br>4. Recheio e enchimento dos enchidos: A mistura de enchidos \u00e9 ent\u00e3o enfiada em tripas ou tubos, garantindo que a mistura \u00e9 distribu\u00edda uniformemente para formar enchidos com a forma e tamanho desejados.<br>5. Defuma\u00e7\u00e3o: Depois de recheadas, as salsichas podem passar pelo processo de defuma\u00e7\u00e3o para real\u00e7ar o sabor e proporcionar um sabor distinto de defumado. Esta etapa \u00e9 particularmente comum para certos tipos de salsichas.<br>6. Embalagem e armazenamento: A etapa final envolve a embalagem das salsichas para distribui\u00e7\u00e3o e armazenamento. Isso normalmente inclui selar as salsichas em materiais de embalagem apropriados para manter o frescor e prolongar a vida \u00fatil.<\/p>    <figure class=\"wp-block-image size-full\"><img loading=\"lazy\" decoding=\"async\" width=\"800\" height=\"800\" src=\"https:\/\/topfoodmachine.com\/wp-content\/uploads\/2023\/06\/sausage-processing-line.jpg\" alt=\"linha de processamento de salsichas\" class=\"wp-image-440\" srcset=\"https:\/\/topfoodmachine.com\/wp-content\/uploads\/2023\/06\/sausage-processing-line.jpg 800w, https:\/\/topfoodmachine.com\/wp-content\/uploads\/2023\/06\/sausage-processing-line-300x300.jpg 300w, https:\/\/topfoodmachine.com\/wp-content\/uploads\/2023\/06\/sausage-processing-line-150x150.jpg 150w, https:\/\/topfoodmachine.com\/wp-content\/uploads\/2023\/06\/sausage-processing-line-768x768.jpg 768w\" sizes=\"auto, (max-width: 800px) 100vw, 800px\" \/><figcaption class=\"wp-element-caption\">linha de processamento de salsichas<\/figcaption><\/figure>    <h2 class=\"wp-block-heading\">Principais m\u00e1quinas da linha de produ\u00e7\u00e3o de salsichas<\/h2>    <p>Uma linha de produ\u00e7\u00e3o de salsichas \u00e9 uma s\u00e9rie de m\u00e1quinas individuais, incluindo uma m\u00e1quina de corte de carne, uma m\u00e1quina de moer carne, uma m\u00e1quina misturadora de salsichas, uma m\u00e1quina de recheio de salsichas, um forno de salsichas defumadas e uma seladora a v\u00e1cuo.<\/p>    <h3 class=\"wp-block-heading\">M\u00e1quina de corte de carne<\/h3>    <p>Esta m\u00e1quina \u00e9 usada para cortar e preparar a carne em peda\u00e7os menores, adequados para moer e misturar.<\/p>    <figure class=\"wp-block-image size-full\"><img loading=\"lazy\" decoding=\"async\" width=\"550\" height=\"350\" src=\"https:\/\/topfoodmachine.com\/wp-content\/uploads\/2023\/06\/meat-cutter-and-mixer.jpg\" alt=\"cortador e misturador de carne\" class=\"wp-image-441\" srcset=\"https:\/\/topfoodmachine.com\/wp-content\/uploads\/2023\/06\/meat-cutter-and-mixer.jpg 550w, https:\/\/topfoodmachine.com\/wp-content\/uploads\/2023\/06\/meat-cutter-and-mixer-300x191.jpg 300w\" sizes=\"auto, (max-width: 550px) 100vw, 550px\" \/><figcaption class=\"wp-element-caption\">cortador e misturador de carne<\/figcaption><\/figure>    <h3 class=\"wp-block-heading\">Moedor de carne<\/h3>    <p>\u00c9 uma m\u00e1quina equipada com l\u00e2minas rotativas que moem a carne at\u00e9 a consist\u00eancia desejada. Garante uniformidade e textura na mistura da lingui\u00e7a.<\/p>    <figure class=\"wp-block-image size-full\"><img loading=\"lazy\" decoding=\"async\" width=\"550\" height=\"350\" src=\"https:\/\/topfoodmachine.com\/wp-content\/uploads\/2023\/06\/meat-grinding-machine.jpg\" alt=\"m\u00e1quina de moer carne\" class=\"wp-image-442\" srcset=\"https:\/\/topfoodmachine.com\/wp-content\/uploads\/2023\/06\/meat-grinding-machine.jpg 550w, https:\/\/topfoodmachine.com\/wp-content\/uploads\/2023\/06\/meat-grinding-machine-300x191.jpg 300w\" sizes=\"auto, (max-width: 550px) 100vw, 550px\" \/><figcaption class=\"wp-element-caption\">m\u00e1quina de moer carne<\/figcaption><\/figure>    <h3 class=\"wp-block-heading\">M\u00e1quina misturadora de salsicha<\/h3>    <p>Esta m\u00e1quina foi projetada para misturar completamente carne mo\u00edda com especiarias, temperos e outros ingredientes. Garante uma distribui\u00e7\u00e3o homog\u00eanea de sabores e ingredientes.<\/p>    <h3 class=\"wp-block-heading\">M\u00e1quina de recheio de salsicha<\/h3>    <p>\u00c9 uma m\u00e1quina especializada utilizada para envasar a mistura de salsicha em tripas ou tubos. Fornece press\u00e3o controlada para encher uniformemente as tripas com a quantidade desejada de mistura de salsicha.<\/p>    <figure class=\"wp-block-image size-full\"><img loading=\"lazy\" decoding=\"async\" width=\"550\" height=\"350\" src=\"https:\/\/topfoodmachine.com\/wp-content\/uploads\/2023\/06\/sausage-stuffing-machine.jpg\" alt=\"m\u00e1quina de recheio de salsichas\" class=\"wp-image-445\" srcset=\"https:\/\/topfoodmachine.com\/wp-content\/uploads\/2023\/06\/sausage-stuffing-machine.jpg 550w, https:\/\/topfoodmachine.com\/wp-content\/uploads\/2023\/06\/sausage-stuffing-machine-300x191.jpg 300w\" sizes=\"auto, (max-width: 550px) 100vw, 550px\" \/><figcaption class=\"wp-element-caption\">m\u00e1quina de recheio de salsichas<\/figcaption><\/figure>    <h2 class=\"wp-block-heading\">Forno de lingui\u00e7a defumada<\/h2>    <p>Esta m\u00e1quina \u00e9 usada para o processo de defuma\u00e7\u00e3o. Gera fuma\u00e7a e fornece temperatura e fluxo de ar controlados para conferir um sabor defumado \u00e0s salsichas. Pode ser equipado com v\u00e1rios m\u00e9todos de defuma\u00e7\u00e3o, como defuma\u00e7\u00e3o a quente ou a frio.<\/p>    <figure class=\"wp-block-image size-full\"><img loading=\"lazy\" decoding=\"async\" width=\"550\" height=\"350\" src=\"https:\/\/topfoodmachine.com\/wp-content\/uploads\/2023\/06\/smoked-sausage-oven.jpg\" alt=\"forno para salsichas defumadas\" class=\"wp-image-444\" srcset=\"https:\/\/topfoodmachine.com\/wp-content\/uploads\/2023\/06\/smoked-sausage-oven.jpg 550w, https:\/\/topfoodmachine.com\/wp-content\/uploads\/2023\/06\/smoked-sausage-oven-300x191.jpg 300w\" sizes=\"auto, (max-width: 550px) 100vw, 550px\" \/><figcaption class=\"wp-element-caption\">forno para salsichas defumadas<\/figcaption><\/figure>    <h2 class=\"wp-block-heading\">Selante a Vacuo<\/h2>    <p>\u00c9 utilizado para embalar salsichas, retirando o ar da embalagem para criar uma veda\u00e7\u00e3o a v\u00e1cuo. Isso ajuda a preservar o frescor e prolongar a vida \u00fatil das salsichas.<\/p>    <figure class=\"wp-block-image size-full\"><img loading=\"lazy\" decoding=\"async\" width=\"550\" height=\"350\" src=\"https:\/\/topfoodmachine.com\/wp-content\/uploads\/2023\/06\/double-chamber-vacuum-sealer.jpg\" alt=\"seladora a v\u00e1cuo de c\u00e2mara dupla\" class=\"wp-image-443\" srcset=\"https:\/\/topfoodmachine.com\/wp-content\/uploads\/2023\/06\/double-chamber-vacuum-sealer.jpg 550w, https:\/\/topfoodmachine.com\/wp-content\/uploads\/2023\/06\/double-chamber-vacuum-sealer-300x191.jpg 300w\" sizes=\"auto, (max-width: 550px) 100vw, 550px\" \/><figcaption class=\"wp-element-caption\">seladora a v\u00e1cuo de c\u00e2mara dupla<\/figcaption><\/figure>    <h2 class=\"wp-block-heading\">Par\u00e2metros da m\u00e1quina de fazer salsichas <\/h2>    <figure class=\"wp-block-table\"><table><tbody><tr><td><strong>N\u00famero<\/strong><strong><\/strong><\/td><td><strong>Nome<\/strong><strong><\/strong><\/td><td><strong>Foto<\/strong><strong><\/strong><\/td><td><strong>Par\u00e2metro<\/strong><strong><\/strong><\/td><\/tr><tr><td>1<\/td><td>M\u00e1quina moedora de carne<\/td><td>&nbsp;<img loading=\"lazy\" decoding=\"async\" width=\"550\" height=\"350\" src=\"http:\/\/www.meatprocessingmachine.org\/wp-content\/uploads\/2020\/10\/meat-grinding-machine.jpg\" alt=\"M\u00e1quina de moer carne\" srcset=\"https:\/\/www.meatprocessingmachine.org\/wp-content\/uploads\/2020\/10\/meat-grinding-machine.jpg 550w, https:\/\/www.meatprocessingmachine.org\/wp-content\/uploads\/2020\/10\/meat-grinding-machine-300x191.jpg 300w\"><\/td><td>Capacidade: 500kg\/h<br>Pot\u00eancia: 3,0 kw<br>Tens\u00e3o: 380V\/50hz<br>Tamanho: 980*580*940mm<br>Peso: 180kg&nbsp;<\/td><\/tr><tr><td>2<\/td><td>M\u00e1quina de corte de carne<\/td><td>&nbsp;<img loading=\"lazy\" decoding=\"async\" width=\"550\" height=\"350\" src=\"http:\/\/www.meatprocessingmachine.org\/wp-content\/uploads\/2020\/10\/meat-cutting-machine.jpg\" alt=\"M\u00e1quina de corte de carne\" srcset=\"https:\/\/www.meatprocessingmachine.org\/wp-content\/uploads\/2020\/10\/meat-cutting-machine.jpg 550w, https:\/\/www.meatprocessingmachine.org\/wp-content\/uploads\/2020\/10\/meat-cutting-machine-300x191.jpg 300w\"><\/td><td>Capacidade: 40kg\/hora<br>Pot\u00eancia: 13,17 kW<br>Tens\u00e3o: 380V\/50H<br>Tamanho: 1250*1415*1610mm<br>Peso: 480kg&nbsp;<\/td><\/tr><tr><td>3<\/td><td>M\u00e1quina misturadora de carne<\/td><td>&nbsp;<img loading=\"lazy\" decoding=\"async\" width=\"550\" height=\"350\" src=\"http:\/\/www.meatprocessingmachine.org\/wp-content\/uploads\/2020\/10\/vacuum-meat-mixer-machine.jpg\" alt=\"M\u00e1quina misturadora de carne a v\u00e1cuo\" srcset=\"https:\/\/www.meatprocessingmachine.org\/wp-content\/uploads\/2020\/10\/vacuum-meat-mixer-machine.jpg 550w, https:\/\/www.meatprocessingmachine.org\/wp-content\/uploads\/2020\/10\/vacuum-meat-mixer-machine-300x191.jpg 300w\"><\/td><td>Velocidade de tor\u00e7\u00e3o: 100 vezes\/min<br>Produ\u00e7\u00e3o:200-300kg\/h<br>Faixa quantitativa: 20-500g<br>Tens\u00e3o: 220 V\u00a0\/\u00a050 Hz<br>Altura do centro de trabalho: 850 mm<br>Tamanho total650*640*1430(mm)<br>Peso: 145kg&nbsp;<\/td><\/tr><tr><td>4<\/td><td>M\u00e1quina de enchimento de salsicha<\/td><td>&nbsp;<img loading=\"lazy\" decoding=\"async\" width=\"550\" height=\"350\" src=\"http:\/\/www.meatprocessingmachine.org\/wp-content\/uploads\/2020\/10\/sausage-filling-machine.jpg\" alt=\"M\u00e1quina de enchimento de salsicha\" srcset=\"https:\/\/www.meatprocessingmachine.org\/wp-content\/uploads\/2020\/10\/sausage-filling-machine.jpg 550w, https:\/\/www.meatprocessingmachine.org\/wp-content\/uploads\/2020\/10\/sausage-filling-machine-300x191.jpg 300w\"><\/td><td>Velocidade de tor\u00e7\u00e3o: 100 vezes\/min<br>Produ\u00e7\u00e3o: 200-300kg\/h<br>Faixa quantitativa: 20-500g<br>Tens\u00e3o: 220 V\u00a0\/\u00a050 Hz<br>Altura do centro de trabalho: 850 mm<br>Tamanho total650*640*1430(mm)<br>Peso: 145kg&nbsp;<\/td><\/tr><tr><td>5<\/td><td>M\u00e1quina de salsicha defumada<\/td><td>&nbsp;<img loading=\"lazy\" decoding=\"async\" width=\"550\" height=\"350\" src=\"http:\/\/www.meatprocessingmachine.org\/wp-content\/uploads\/2020\/10\/sausage-smoking-machine.jpg\" alt=\"M\u00e1quina de fumar salsicha\" srcset=\"https:\/\/www.meatprocessingmachine.org\/wp-content\/uploads\/2020\/10\/sausage-smoking-machine.jpg 550w, https:\/\/www.meatprocessingmachine.org\/wp-content\/uploads\/2020\/10\/sausage-smoking-machine-300x191.jpg 300w\"><\/td><td>Capacidade:300-400kg\/h<br>Volume: 200L<br>Pot\u00eancia de acionamento: 2,75 kW<br>Tens\u00e3o: 380v 50Hz<br>Tamanho total: 1400*670*1150mm&nbsp;<\/td><\/tr><tr><td>6<\/td><td><a href=\"https:\/\/tianhuipackingmachine.com\/double-chamber-vacuum-packaging-machine\/\" target=\"_blank\" rel=\"noopener\">M\u00e1quina de embalagem a v\u00e1cuo<\/a><\/td><td>&nbsp;<img loading=\"lazy\" decoding=\"async\" width=\"550\" height=\"350\" src=\"http:\/\/www.meatprocessingmachine.org\/wp-content\/uploads\/2020\/10\/sausage-packaging-machine.jpg\" alt=\"M\u00e1quina de embalagem de salsicha\" srcset=\"https:\/\/www.meatprocessingmachine.org\/wp-content\/uploads\/2020\/10\/sausage-packaging-machine.jpg 550w, https:\/\/www.meatprocessingmachine.org\/wp-content\/uploads\/2020\/10\/sausage-packaging-machine-300x191.jpg 300w\"><\/td><td>Pot\u00eancia da bomba: 2,25KW<br>Pot\u00eancia de selagem t\u00e9rmica: 1,5KW<br>Tamanho: 1460*750*960mm<br>Peso: 185kg<\/td><\/tr><\/tbody><\/table><\/figure>    <h2 class=\"wp-block-heading\">Caracter\u00edsticas da linha de m\u00e1quinas para fazer salsichas<\/h2>    <p>A linha de m\u00e1quinas para fazer salsichas vem com v\u00e1rios recursos que aprimoram o processo de produ\u00e7\u00e3o de salsichas. Aqui est\u00e3o alguns recursos comuns:<\/p>    <ol class=\"wp-block-list\"> <li>Opera\u00e7\u00e3o Automatizada: As linhas de m\u00e1quinas para fabrica\u00e7\u00e3o de salsichas s\u00e3o projetadas para opera\u00e7\u00e3o automatizada, reduzindo a necessidade de trabalho manual. Eles podem realizar tarefas como moagem, mistura, recheio, tor\u00e7\u00e3o e porcionamento, agilizando o processo de produ\u00e7\u00e3o e aumentando a efici\u00eancia.<\/li>    <li>Mistura e mistura precisas: As m\u00e1quinas de fazer salsichas t\u00eam capacidades precisas de mistura e mistura. Eles garantem uma distribui\u00e7\u00e3o consistente de especiarias, temperos e outros ingredientes em toda a mistura de salsicha, resultando em sabor e textura uniformes.<\/li>    <li>Press\u00e3o de enchimento controlada: Essas m\u00e1quinas aplicam press\u00e3o controlada durante o processo de enchimento, garantindo o enchimento uniforme das tripas sem danific\u00e1-las. Isto ajuda a manter a integridade e a apar\u00eancia das salsichas.<\/li>    <li>Controle de temperatura e tempo: As linhas de m\u00e1quinas para fabrica\u00e7\u00e3o de salsichas geralmente possuem recursos de controle de temperatura e tempo. Eles permitem um controle preciso dos processos de cozimento, defuma\u00e7\u00e3o e resfriamento, garantindo \u00f3timos resultados e seguran\u00e7a alimentar.<\/li>    <li>F\u00e1cil limpeza e manuten\u00e7\u00e3o: As linhas de m\u00e1quinas s\u00e3o projetadas para f\u00e1cil limpeza e manuten\u00e7\u00e3o. Possuem pe\u00e7as remov\u00edveis e superf\u00edcies lisas que podem ser facilmente acessadas e limpas, reduzindo o tempo de inatividade entre as execu\u00e7\u00f5es de produ\u00e7\u00e3o.<\/li>    <li>Integra\u00e7\u00e3o com sistemas de embalagem: Algumas linhas de m\u00e1quinas para fabrica\u00e7\u00e3o de salsichas podem ser integradas a sistemas de embalagem, permitindo a transfer\u00eancia perfeita de salsichas para embalagem, rotulagem e armazenamento final.<\/li> <\/ol>    <p>Esses recursos contribuem coletivamente para uma produ\u00e7\u00e3o eficiente e higi\u00eanica de salsichas, garantindo qualidade consistente, op\u00e7\u00f5es de personaliza\u00e7\u00e3o e facilidade de opera\u00e7\u00e3o e manuten\u00e7\u00e3o.<\/p>","protected":false},"excerpt":{"rendered":"<p>A sausage production line means a series of interconnected machines and equipment used to manufacture sausages efficiently and automatically. It involves various steps from material preparation to packing the final product. We are a professional sausage making machine line manufacturer and exporter. All our machines use durable materials and advanced technology. Besides, all equipment from [&hellip;]<\/p>\n","protected":false},"author":1,"featured_media":438,"parent":0,"template":"","tags":[],"product-type":[7],"class_list":["post-437","product","type-product","status-publish","has-post-thumbnail","hentry","product-type-egg-meat-processing-machine"],"_links":{"self":[{"href":"https:\/\/topfoodmachine.com\/pt\/wp-json\/wp\/v2\/product\/437","targetHints":{"allow":["GET"]}}],"collection":[{"href":"https:\/\/topfoodmachine.com\/pt\/wp-json\/wp\/v2\/product"}],"about":[{"href":"https:\/\/topfoodmachine.com\/pt\/wp-json\/wp\/v2\/types\/product"}],"author":[{"embeddable":true,"href":"https:\/\/topfoodmachine.com\/pt\/wp-json\/wp\/v2\/users\/1"}],"wp:featuredmedia":[{"embeddable":true,"href":"https:\/\/topfoodmachine.com\/pt\/wp-json\/wp\/v2\/media\/438"}],"wp:attachment":[{"href":"https:\/\/topfoodmachine.com\/pt\/wp-json\/wp\/v2\/media?parent=437"}],"wp:term":[{"taxonomy":"post_tag","embeddable":true,"href":"https:\/\/topfoodmachine.com\/pt\/wp-json\/wp\/v2\/tags?post=437"},{"taxonomy":"product-type","embeddable":true,"href":"https:\/\/topfoodmachine.com\/pt\/wp-json\/wp\/v2\/product-type?post=437"}],"curies":[{"name":"wp","href":"https:\/\/api.w.org\/{rel}","templated":true}]}}