{"id":402,"date":"2023-03-30T16:13:38","date_gmt":"2023-03-30T08:13:38","guid":{"rendered":"https:\/\/topfoodmachine.com\/?post_type=product&#038;p=402"},"modified":"2023-03-30T17:43:25","modified_gmt":"2023-03-30T09:43:25","slug":"commercial-dough-mixer","status":"publish","type":"product","link":"https:\/\/topfoodmachine.com\/pt\/product\/commercial-dough-mixer\/","title":{"rendered":"Misturador de massa comercial"},"content":{"rendered":"<div class=\"kk-star-ratings kksr-auto kksr-align-left kksr-valign-top\"     data-payload='{&quot;align&quot;:&quot;left&quot;,&quot;id&quot;:&quot;402&quot;,&quot;slug&quot;:&quot;default&quot;,&quot;valign&quot;:&quot;top&quot;,&quot;ignore&quot;:&quot;&quot;,&quot;reference&quot;:&quot;auto&quot;,&quot;class&quot;:&quot;&quot;,&quot;count&quot;:&quot;15&quot;,&quot;legendonly&quot;:&quot;&quot;,&quot;readonly&quot;:&quot;&quot;,&quot;score&quot;:&quot;4.6&quot;,&quot;starsonly&quot;:&quot;&quot;,&quot;best&quot;:&quot;5&quot;,&quot;gap&quot;:&quot;5&quot;,&quot;greet&quot;:&quot;Rate this product&quot;,&quot;legend&quot;:&quot;4.6\\\/5 - (15 votes)&quot;,&quot;size&quot;:&quot;24&quot;,&quot;title&quot;:&quot;Commercial Dough Mixer&quot;,&quot;width&quot;:&quot;130.9&quot;,&quot;_legend&quot;:&quot;{score}\\\/{best} - ({count} {votes})&quot;,&quot;font_factor&quot;:&quot;1.25&quot;}'>              <div class=\"kksr-stars\">      <div class=\"kksr-stars-inactive\">             <div class=\"kksr-star\" data-star=\"1\" style=\"padding-right: 5px\">               <div class=\"kksr-icon\" style=\"width: 24px; height: 24px;\"><\/div>         <\/div>             <div class=\"kksr-star\" data-star=\"2\" style=\"padding-right: 5px\">               <div class=\"kksr-icon\" style=\"width: 24px; height: 24px;\"><\/div>         <\/div>             <div class=\"kksr-star\" data-star=\"3\" style=\"padding-right: 5px\">               <div class=\"kksr-icon\" style=\"width: 24px; height: 24px;\"><\/div>         <\/div>             <div class=\"kksr-star\" data-star=\"4\" style=\"padding-right: 5px\">               <div class=\"kksr-icon\" style=\"width: 24px; height: 24px;\"><\/div>         <\/div>             <div class=\"kksr-star\" data-star=\"5\" style=\"padding-right: 5px\">               <div class=\"kksr-icon\" style=\"width: 24px; height: 24px;\"><\/div>         <\/div>     <\/div>      <div class=\"kksr-stars-active\" style=\"width: 130.9px;\">             <div class=\"kksr-star\" style=\"padding-right: 5px\">               <div class=\"kksr-icon\" style=\"width: 24px; height: 24px;\"><\/div>         <\/div>             <div class=\"kksr-star\" style=\"padding-right: 5px\">               <div class=\"kksr-icon\" style=\"width: 24px; height: 24px;\"><\/div>         <\/div>             <div class=\"kksr-star\" style=\"padding-right: 5px\">               <div class=\"kksr-icon\" style=\"width: 24px; height: 24px;\"><\/div>         <\/div>             <div class=\"kksr-star\" style=\"padding-right: 5px\">               <div class=\"kksr-icon\" style=\"width: 24px; height: 24px;\"><\/div>         <\/div>             <div class=\"kksr-star\" style=\"padding-right: 5px\">               <div class=\"kksr-icon\" style=\"width: 24px; height: 24px;\"><\/div>         <\/div>     <\/div> <\/div>                   <div class=\"kksr-legend\" style=\"font-size: 19.2px;\">             4,6\/5 - (15 votos)    <\/div>     <\/div>  <p>A batedeira comercial \u00e9 um componente essencial para qualquer estabelecimento de pastelaria que necessite de prepara\u00e7\u00e3o de massa. \u00c9 amplamente utilizado nas modernas padarias, pizzarias, restaurantes e f\u00e1bricas de alimentos. A principal fun\u00e7\u00e3o da batedeira \u00e9 realizar a tarefa de misturar e amassar a massa automaticamente em alta velocidade, economizando tempo e custos de m\u00e3o de obra.<\/p>    <p>Diferente da m\u00e1quina misturadora de massa para uso dom\u00e9stico, esta m\u00e1quina misturadora de massa para servi\u00e7o pesado foi projetada para usos industriais ou comerciais. Tem uma capacidade bastante grande e pode suportar at\u00e9 150kg de uma vez. Nossa batedeira comercial para venda usa a\u00e7o inoxid\u00e1vel e adota motor avan\u00e7ado. O que o torna mais confi\u00e1vel e eficiente. Hoje em dia, a nossa m\u00e1quina misturadora de massa industrial foi exportada para Qu\u00e9nia, Filipinas, Paquist\u00e3o, Gana, Indon\u00e9sia, Coreia do Sul, Brasil, Estados Unidos, Qatar, Emirados \u00c1rabes Unidos, etc.<\/p>    <h2 class=\"wp-block-heading\">Par\u00e2metros da m\u00e1quina misturadora de massa comercial<\/h2>    <figure class=\"wp-block-table\"><table><tbody><tr><td>Modelo<\/td><td>Capacidade (kg)<\/td><td>Tempo de mistura (min)<\/td><td>Tens\u00e3o (v)<\/td><td>Pot\u00eancia (kw)<\/td><td>Peso (kg)<\/td><td>Tamanho (mm)<\/td><\/tr><tr><td>TZ-12.5<\/td><td>12.5<\/td><td>3-10<\/td><td>220\/380<\/td><td>1.5<\/td><td>100<\/td><td>650*400*730<\/td><\/tr><tr><td>TZ-25<\/td><td>25<\/td><td>3-10<\/td><td>220\/380<\/td><td>1.5<\/td><td>128<\/td><td>685*480*910<\/td><\/tr><tr><td>TZ-37.5<\/td><td>37.5<\/td><td>3-10<\/td><td>220\/380<\/td><td>2.2<\/td><td>175<\/td><td>840*480*910<\/td><\/tr><tr><td>TZ-50<\/td><td>50<\/td><td>3-10<\/td><td>220<\/td><td>2.2<\/td><td>230<\/td><td>1070*570*1050<\/td><\/tr><tr><td>380<\/td><td>2.575<\/td><td>275<\/td><td>&nbsp;<\/td><td>&nbsp;<\/td><td>&nbsp;<\/td><td>&nbsp;<\/td><\/tr><tr><td>TZ-75<\/td><td>75<\/td><td>3-10<\/td><td>380<\/td><td>3.75<\/td><td>475<\/td><td>1410*680*1250<\/td><\/tr><tr><td>TZ-100<\/td><td>100<\/td><td>3-10<\/td><td>380<\/td><td>3.75<\/td><td>490<\/td><td>1520*680*1250<\/td><\/tr><tr><td>TZ-150<\/td><td>150<\/td><td>3-10<\/td><td>380<\/td><td>6.25<\/td><td>700<\/td><td>1710*730*1400<\/td><\/tr><\/tbody><\/table><\/figure>    <h2 class=\"wp-block-heading\">Caracter\u00edsticas\/benef\u00edcios da m\u00e1quina industrial de fazer massa<\/h2>    <ol class=\"wp-block-list\" type=\"1\"> <li>Possui desempenho est\u00e1vel e baixo ru\u00eddo.<\/li>    <li>A batedeira possui estrutura simples, muito f\u00e1cil de operar, instalar e manter<\/li>    <li>Todas as m\u00e1quinas utilizam material de a\u00e7o inoxid\u00e1vel, dur\u00e1vel, higi\u00eanico e f\u00e1cil de limpar.<\/li>    <li>\u00c9 equipado com um motor potente e avan\u00e7ado para garantir alta velocidade e bom desempenho.<\/li>    <li>Nossas misturadoras de farinha possuem uma gama completa de capacidades, de 12,5kg a 150kg, h\u00e1 sempre um modelo que pode atender \u00e0s suas necessidades.<\/li>    <li>A m\u00e1quina misturadora de massa comercial que vendemos \u00e9 vers\u00e1til. Pode ser utilizado para preparar diversos tipos de massa, como massa de bolo, massa de p\u00e3o, massa de pastelaria, massa de pizza, massa de padaria e muito mais.<\/li> <\/ol>    <div class=\"wp-block-columns is-layout-flex wp-container-core-columns-is-layout-28f84493 wp-block-columns-is-layout-flex\"> <div class=\"wp-block-column is-layout-flow wp-block-column-is-layout-flow\"> <figure class=\"wp-block-gallery has-nested-images columns-default is-cropped wp-block-gallery-2 is-layout-flex wp-block-gallery-is-layout-flex\"> <figure class=\"wp-block-image size-full\"><img loading=\"lazy\" decoding=\"async\" width=\"720\" height=\"540\" data-id=\"404\" src=\"https:\/\/topfoodmachine.com\/wp-content\/uploads\/2023\/03\/Joystick.jpg\" alt=\"Controle de video game\" class=\"wp-image-404\" srcset=\"https:\/\/topfoodmachine.com\/wp-content\/uploads\/2023\/03\/Joystick.jpg 720w, https:\/\/topfoodmachine.com\/wp-content\/uploads\/2023\/03\/Joystick-300x225.jpg 300w\" sizes=\"auto, (max-width: 720px) 100vw, 720px\" \/><figcaption class=\"wp-element-caption\">Controle de video game<\/figcaption><\/figure> <\/figure> <\/div>    <div class=\"wp-block-column is-layout-flow wp-block-column-is-layout-flow\"> <figure class=\"wp-block-gallery has-nested-images columns-default is-cropped wp-block-gallery-3 is-layout-flex wp-block-gallery-is-layout-flex\"> <figure class=\"wp-block-image size-full\"><img loading=\"lazy\" decoding=\"async\" width=\"720\" height=\"540\" data-id=\"406\" src=\"https:\/\/topfoodmachine.com\/wp-content\/uploads\/2023\/03\/inside-of-the-dough-mixer.jpg\" alt=\"dentro do misturador de massa\" class=\"wp-image-406\" srcset=\"https:\/\/topfoodmachine.com\/wp-content\/uploads\/2023\/03\/inside-of-the-dough-mixer.jpg 720w, https:\/\/topfoodmachine.com\/wp-content\/uploads\/2023\/03\/inside-of-the-dough-mixer-300x225.jpg 300w\" sizes=\"auto, (max-width: 720px) 100vw, 720px\" \/><figcaption class=\"wp-element-caption\">dentro do misturador de massa<\/figcaption><\/figure> <\/figure> <\/div> <\/div>    <h2 class=\"wp-block-heading\">Vantagens de usar m\u00e1quina misturadora de massa comercial<\/h2>    <p>O uso de misturadores de massa comerciais traz v\u00e1rios benef\u00edcios, incluindo economia de tempo, mistura consistente, versatilidade e redu\u00e7\u00e3o de custos de m\u00e3o de obra. Os misturadores de massa comerciais podem lidar com grandes quantidades de massa de uma s\u00f3 vez, o que seria imposs\u00edvel de fazer manualmente. O processo de mistura tamb\u00e9m \u00e9 consistente, garantindo que a massa fique bem misturada, rendendo produtos de melhor qualidade. Al\u00e9m disso, os misturadores de massa comerciais podem ser usados \u200b\u200bpara uma variedade de receitas, tornando-os vers\u00e1teis e adapt\u00e1veis \u200b\u200b\u00e0s diferentes necessidades da cozinha. Por fim, os misturadores de massa comerciais ajudam a diminuir os custos de m\u00e3o de obra, pois eliminam a necessidade de amassar e misturar manualmente, liberando os funcion\u00e1rios para outras tarefas.<\/p>    <h2 class=\"wp-block-heading\">Dicas de manuten\u00e7\u00e3o para batedeira comercial\/industrial<\/h2>    <p>A manuten\u00e7\u00e3o adequada \u00e9 necess\u00e1ria para garantir que sua batedeira comercial permane\u00e7a em boas condi\u00e7\u00f5es e funcione com efici\u00eancia. Limpar a batedeira ap\u00f3s cada uso ajuda a evitar o ac\u00famulo de res\u00edduos, que podem afetar a qualidade da massa e danificar a m\u00e1quina com o tempo. A lubrifica\u00e7\u00e3o das pe\u00e7as m\u00f3veis tamb\u00e9m \u00e9 crucial para evitar desgaste e manter o bom funcionamento. Verifica\u00e7\u00f5es regulares de manuten\u00e7\u00e3o tamb\u00e9m s\u00e3o necess\u00e1rias para identificar quaisquer problemas e resolv\u00ea-los prontamente. O manuseio seguro da m\u00e1quina tamb\u00e9m \u00e9 fundamental, principalmente durante o processo de limpeza.<\/p>    <h2 class=\"wp-block-heading\">Quanto custa uma batedeira?<\/h2>    <p>O custo de uma batedeira pode variar dependendo de v\u00e1rios fatores, como marca, capacidade, pot\u00eancia e caracter\u00edsticas. As m\u00e1quinas misturadoras de massa comerciais e industriais tendem a ter pre\u00e7os mais elevados do que as de uso dom\u00e9stico devido aos seus tamanhos maiores e maior capacidade de desempenho. Por exemplo, o pre\u00e7o da m\u00e1quina misturadora de massa TZ-50 \u00e9 mais barato que o misturador de massa TZ-100, porque tem uma capacidade menor. Portanto, \u00e9 muito importante garantir suas necessidades antes de comprar um. Contate-nos hoje para nos informar sua demanda e obter uma lista de pre\u00e7os adequada e gratuita.<\/p>    <figure class=\"wp-block-image size-full\"><img loading=\"lazy\" decoding=\"async\" width=\"720\" height=\"540\" src=\"https:\/\/topfoodmachine.com\/wp-content\/uploads\/2023\/03\/industrial-dough-mixer-machine.jpg\" alt=\"m\u00e1quina industrial de misturador de massa\" class=\"wp-image-409\" srcset=\"https:\/\/topfoodmachine.com\/wp-content\/uploads\/2023\/03\/industrial-dough-mixer-machine.jpg 720w, https:\/\/topfoodmachine.com\/wp-content\/uploads\/2023\/03\/industrial-dough-mixer-machine-300x225.jpg 300w\" sizes=\"auto, (max-width: 720px) 100vw, 720px\" \/><figcaption class=\"wp-element-caption\">m\u00e1quina industrial de misturador de massa<\/figcaption><\/figure>    <h2 class=\"wp-block-heading\">Entre em contato agora para iniciar\/beneficiar seu neg\u00f3cio!<\/h2>    <p>Se voc\u00ea \u00e9 propriet\u00e1rio de uma padaria ou de uma instala\u00e7\u00e3o de produ\u00e7\u00e3o de alimentos, investir em uma m\u00e1quina industrial de fazer massa pode ajudar a melhorar a efici\u00eancia e a produtividade do seu neg\u00f3cio, ao mesmo tempo que reduz os custos de m\u00e3o de obra. Com in\u00fameros benef\u00edcios, como economia de tempo, consist\u00eancia, versatilidade e grande capacidade, as m\u00e1quinas industriais de fazer massa podem ser uma virada de jogo para suas opera\u00e7\u00f5es. Invista hoje em um para colher os frutos de maior efici\u00eancia, consist\u00eancia e lucratividade.<\/p>    <p class=\"translation-block\">A empresa Taizy \u00e9 um fabricante abrangente de <a href=\"https:\/\/topfoodmachine.com\/pt\/\">m\u00e1quinas de produ\u00e7\u00e3o e processamento de alimentos<\/a>. Se voc\u00ea deseja iniciar seu neg\u00f3cio de alimentos, entre em contato agora para come\u00e7ar sua jornada de neg\u00f3cios de sucesso.<\/p>","protected":false},"excerpt":{"rendered":"<p>Commercial dough mixer is an essential component for any pastry service establishment that requires dough preparation. It is widely used in the modern bakeries, pizzerias, restaurant, and food factories. The main function of the dough mixer machine is to perform the task of mixing and kneading dough automatically at a high speed, thus saving time [&hellip;]<\/p>\n","protected":false},"author":1,"featured_media":403,"parent":0,"template":"","tags":[17],"product-type":[6],"class_list":["post-402","product","type-product","status-publish","has-post-thumbnail","hentry","tag-pastry-production-machine","product-type-pastry-production-machine"],"_links":{"self":[{"href":"https:\/\/topfoodmachine.com\/pt\/wp-json\/wp\/v2\/product\/402","targetHints":{"allow":["GET"]}}],"collection":[{"href":"https:\/\/topfoodmachine.com\/pt\/wp-json\/wp\/v2\/product"}],"about":[{"href":"https:\/\/topfoodmachine.com\/pt\/wp-json\/wp\/v2\/types\/product"}],"author":[{"embeddable":true,"href":"https:\/\/topfoodmachine.com\/pt\/wp-json\/wp\/v2\/users\/1"}],"wp:featuredmedia":[{"embeddable":true,"href":"https:\/\/topfoodmachine.com\/pt\/wp-json\/wp\/v2\/media\/403"}],"wp:attachment":[{"href":"https:\/\/topfoodmachine.com\/pt\/wp-json\/wp\/v2\/media?parent=402"}],"wp:term":[{"taxonomy":"post_tag","embeddable":true,"href":"https:\/\/topfoodmachine.com\/pt\/wp-json\/wp\/v2\/tags?post=402"},{"taxonomy":"product-type","embeddable":true,"href":"https:\/\/topfoodmachine.com\/pt\/wp-json\/wp\/v2\/product-type?post=402"}],"curies":[{"name":"wp","href":"https:\/\/api.w.org\/{rel}","templated":true}]}}