{"id":311,"date":"2022-08-04T09:57:14","date_gmt":"2022-08-04T01:57:14","guid":{"rendered":"https:\/\/topfoodmachine.com\/?post_type=product&#038;p=311"},"modified":"2023-03-15T17:21:31","modified_gmt":"2023-03-15T09:21:31","slug":"ginger-powder-production-line","status":"publish","type":"product","link":"https:\/\/topfoodmachine.com\/pt\/product\/ginger-powder-production-line\/","title":{"rendered":"Linha de produ\u00e7\u00e3o de gengibre em p\u00f3"},"content":{"rendered":"<div class=\"kk-star-ratings kksr-auto kksr-align-left kksr-valign-top\"     data-payload='{&quot;align&quot;:&quot;left&quot;,&quot;id&quot;:&quot;311&quot;,&quot;slug&quot;:&quot;default&quot;,&quot;valign&quot;:&quot;top&quot;,&quot;ignore&quot;:&quot;&quot;,&quot;reference&quot;:&quot;auto&quot;,&quot;class&quot;:&quot;&quot;,&quot;count&quot;:&quot;24&quot;,&quot;legendonly&quot;:&quot;&quot;,&quot;readonly&quot;:&quot;&quot;,&quot;score&quot;:&quot;4.6&quot;,&quot;starsonly&quot;:&quot;&quot;,&quot;best&quot;:&quot;5&quot;,&quot;gap&quot;:&quot;5&quot;,&quot;greet&quot;:&quot;Rate this product&quot;,&quot;legend&quot;:&quot;4.6\\\/5 - (24 votes)&quot;,&quot;size&quot;:&quot;24&quot;,&quot;title&quot;:&quot;Ginger Powder Production Line&quot;,&quot;width&quot;:&quot;130.9&quot;,&quot;_legend&quot;:&quot;{score}\\\/{best} - ({count} {votes})&quot;,&quot;font_factor&quot;:&quot;1.25&quot;}'>              <div class=\"kksr-stars\">      <div class=\"kksr-stars-inactive\">             <div class=\"kksr-star\" data-star=\"1\" style=\"padding-right: 5px\">               <div class=\"kksr-icon\" style=\"width: 24px; height: 24px;\"><\/div>         <\/div>             <div class=\"kksr-star\" data-star=\"2\" style=\"padding-right: 5px\">               <div class=\"kksr-icon\" style=\"width: 24px; height: 24px;\"><\/div>         <\/div>             <div class=\"kksr-star\" data-star=\"3\" style=\"padding-right: 5px\">               <div class=\"kksr-icon\" style=\"width: 24px; height: 24px;\"><\/div>         <\/div>             <div class=\"kksr-star\" data-star=\"4\" style=\"padding-right: 5px\">               <div class=\"kksr-icon\" style=\"width: 24px; height: 24px;\"><\/div>         <\/div>             <div class=\"kksr-star\" data-star=\"5\" style=\"padding-right: 5px\">               <div class=\"kksr-icon\" style=\"width: 24px; height: 24px;\"><\/div>         <\/div>     <\/div>      <div class=\"kksr-stars-active\" style=\"width: 130.9px;\">             <div class=\"kksr-star\" style=\"padding-right: 5px\">               <div class=\"kksr-icon\" style=\"width: 24px; height: 24px;\"><\/div>         <\/div>             <div class=\"kksr-star\" style=\"padding-right: 5px\">               <div class=\"kksr-icon\" style=\"width: 24px; height: 24px;\"><\/div>         <\/div>             <div class=\"kksr-star\" style=\"padding-right: 5px\">               <div class=\"kksr-icon\" style=\"width: 24px; height: 24px;\"><\/div>         <\/div>             <div class=\"kksr-star\" style=\"padding-right: 5px\">               <div class=\"kksr-icon\" style=\"width: 24px; height: 24px;\"><\/div>         <\/div>             <div class=\"kksr-star\" style=\"padding-right: 5px\">               <div class=\"kksr-icon\" style=\"width: 24px; height: 24px;\"><\/div>         <\/div>     <\/div> <\/div>                   <div class=\"kksr-legend\" style=\"font-size: 19.2px;\">             4,6\/5 - (24 votos)    <\/div>     <\/div>  <p class=\"translation-block\">A <strong>linha de produ\u00e7\u00e3o de p\u00f3 de gengibre<\/strong> ou <strong>linha de processamento de p\u00f3 de gengibre<\/strong> \u00e9 projetada para processar gengibre seco em p\u00f3 de gengibre. Inclui uma m\u00e1quina de lavar e descascar gengibre, m\u00e1quina de fatiar gengibre, m\u00e1quina de branqueamento, m\u00e1quina de secar gengibre, m\u00e1quina de moer gengibre e m\u00e1quina de embalar p\u00f3 de gengibre. Todas as m\u00e1quinas s\u00e3o feitas de a\u00e7o inoxid\u00e1vel de grau aliment\u00edcio, que \u00e9 dur\u00e1vel e f\u00e1cil de limpar. A linha de produ\u00e7\u00e3o de p\u00f3 de gengibre fabricada pela maquinaria TAIZY pode ser aplicada para processar gengibre, c\u00farcuma, etc. Al\u00e9m disso, sua capacidade varia de 100kg a 2000kg por dia. O p\u00f3 de gengibre tem uma ampla gama de aplica\u00e7\u00f5es. E \u00e9 hora de investir em uma <strong>m\u00e1quina de p\u00f3 de gengibre<\/strong> para beneficiar muito seu neg\u00f3cio.<\/p>    <h2 class=\"wp-block-heading\">Fluxograma de processamento de gengibre<\/h2>    <p>Toda a linha de processamento de gengibre em p\u00f3 inclui o seguinte processo:<\/p>    <p class=\"translation-block\"><strong>Lavagem e descascamento de gengibre \u2192 fatiamento de gengibre \u2192 branqueamento de gengibre \u2192 secagem de gengibre \u2192 moagem de gengibre \u2192 embalagem de p\u00f3 de gengibre<\/strong>.<\/p>    <figure class=\"wp-block-image size-full\"><img loading=\"lazy\" decoding=\"async\" width=\"720\" height=\"540\" src=\"https:\/\/topfoodmachine.com\/wp-content\/uploads\/2022\/08\/ginger-powder-manufacturing-line.jpg\" alt=\"linha de fabrica\u00e7\u00e3o de p\u00f3 de gengibre\" class=\"wp-image-392\" srcset=\"https:\/\/topfoodmachine.com\/wp-content\/uploads\/2022\/08\/ginger-powder-manufacturing-line.jpg 720w, https:\/\/topfoodmachine.com\/wp-content\/uploads\/2022\/08\/ginger-powder-manufacturing-line-300x225.jpg 300w\" sizes=\"auto, (max-width: 720px) 100vw, 720px\" \/><figcaption class=\"wp-element-caption\">linha de fabrica\u00e7\u00e3o de p\u00f3 de gengibre<\/figcaption><\/figure>    <h2 class=\"wp-block-heading\">Principais partes da linha de fabrica\u00e7\u00e3o de p\u00f3 de gengibre<\/h2>    <h3 class=\"wp-block-heading\">M\u00e1quina de lavar e descascar gengibre<\/h3>    <div class=\"wp-block-columns has-light-green-cyan-background-color has-background is-layout-flex wp-container-core-columns-is-layout-28f84493 wp-block-columns-is-layout-flex\"> <div class=\"wp-block-column is-vertically-aligned-center is-layout-flow wp-block-column-is-layout-flow\"> <figure class=\"wp-block-image size-full\"><img loading=\"lazy\" decoding=\"async\" width=\"720\" height=\"540\" src=\"https:\/\/topfoodmachine.com\/wp-content\/uploads\/2022\/08\/ginger-washing-and-peeling-machine.jpg\" alt=\"m\u00e1quina de lavar e descascar gengibre\" class=\"wp-image-317\" srcset=\"https:\/\/topfoodmachine.com\/wp-content\/uploads\/2022\/08\/ginger-washing-and-peeling-machine.jpg 720w, https:\/\/topfoodmachine.com\/wp-content\/uploads\/2022\/08\/ginger-washing-and-peeling-machine-300x225.jpg 300w\" sizes=\"auto, (max-width: 720px) 100vw, 720px\" \/><figcaption class=\"wp-element-caption\">m\u00e1quina de lavar e descascar gengibre<\/figcaption><\/figure> <\/div>    <div class=\"wp-block-column is-vertically-aligned-center is-layout-flow wp-block-column-is-layout-flow\"> <p class=\"translation-block\">A <a href=\"https:\/\/topfoodmachine.com\/pt\/product\/fruit-and-vegetable-washing-machine\/\">m\u00e1quina autom\u00e1tica de lavar gengibre<\/a> \u00e9 usada para limpar a sujeira na superf\u00edcie do gengibre. A m\u00e1quina inteira \u00e9 feita de material de a\u00e7o inoxid\u00e1vel de grau aliment\u00edcio, que \u00e9 dur\u00e1vel\u2014 a m\u00e1quina utiliza principalmente a escova e a fric\u00e7\u00e3o do gengibre para alcan\u00e7ar a fun\u00e7\u00e3o de descascamento. Adotando o princ\u00edpio de escova\u00e7\u00e3o, a m\u00e1quina de limpeza e descascamento de gengibre \u00e9 usada principalmente para cenouras. Rabanete branco. Batatas, mel\u00e3o de inverno, gengibre, batatas, batatas-doces, kiwi, todos os tipos de rabanete e taro, e outras frutas e vegetais, etc. para remover a polpa e a casca.<\/p> <\/div> <\/div>    <h3 class=\"wp-block-heading\">M\u00e1quina de fatiar gengibre<\/h3>    <div class=\"wp-block-columns has-white-background-color has-background is-layout-flex wp-container-core-columns-is-layout-28f84493 wp-block-columns-is-layout-flex\"> <div class=\"wp-block-column is-vertically-aligned-center is-layout-flow wp-block-column-is-layout-flow\"> <p>A m\u00e1quina de corte de gengibre corta o tecido do gengibre com tecido fresco sem destruir o tecido fibroso. Enquanto isso, a m\u00e1quina de corte de gengibre \u00e9 altamente eficiente, f\u00e1cil de operar, baixo consumo de energia, saud\u00e1vel, segura e eficiente. A espessura comum das fatias de gengibre antes do p\u00f3 de gengibre \u00e9 de 1,5-2 mm.<\/p> <\/div>    <div class=\"wp-block-column is-layout-flow wp-block-column-is-layout-flow\"> <figure class=\"wp-block-image aligncenter size-full\"><img loading=\"lazy\" decoding=\"async\" width=\"720\" height=\"540\" src=\"https:\/\/topfoodmachine.com\/wp-content\/uploads\/2022\/08\/ginger-slicer-machine.jpg\" alt=\"m\u00e1quina fatiadora de gengibre\" class=\"wp-image-318\" srcset=\"https:\/\/topfoodmachine.com\/wp-content\/uploads\/2022\/08\/ginger-slicer-machine.jpg 720w, https:\/\/topfoodmachine.com\/wp-content\/uploads\/2022\/08\/ginger-slicer-machine-300x225.jpg 300w\" sizes=\"auto, (max-width: 720px) 100vw, 720px\" \/><figcaption class=\"wp-element-caption\">m\u00e1quina fatiadora de gengibre<\/figcaption><\/figure> <\/div> <\/div>    <h3 class=\"wp-block-heading\">M\u00e1quina de secar gengibre<\/h3>    <div class=\"wp-block-columns has-light-green-cyan-background-color has-background is-layout-flex wp-container-core-columns-is-layout-28f84493 wp-block-columns-is-layout-flex\"> <div class=\"wp-block-column is-vertically-aligned-center is-layout-flow wp-block-column-is-layout-flow\"> <figure class=\"wp-block-image size-full\"><img loading=\"lazy\" decoding=\"async\" width=\"720\" height=\"540\" src=\"https:\/\/topfoodmachine.com\/wp-content\/uploads\/2022\/08\/ginger-drying-machine.jpg\" alt=\"m\u00e1quina de secar gengibre\" class=\"wp-image-319\" srcset=\"https:\/\/topfoodmachine.com\/wp-content\/uploads\/2022\/08\/ginger-drying-machine.jpg 720w, https:\/\/topfoodmachine.com\/wp-content\/uploads\/2022\/08\/ginger-drying-machine-300x225.jpg 300w\" sizes=\"auto, (max-width: 720px) 100vw, 720px\" \/><figcaption class=\"wp-element-caption\">m\u00e1quina de secar gengibre<\/figcaption><\/figure> <\/div>    <div class=\"wp-block-column is-vertically-aligned-center is-layout-flow wp-block-column-is-layout-flow\"> <p class=\"has-text-align-left\">A m\u00e1quina secadora de gengibre \u00e9 aplic\u00e1vel principalmente \u00e0 desidrata\u00e7\u00e3o de fatias de gengibre. O secador de fatias de gengibre n\u00e3o \u00e9 apenas adequado para linhas de produ\u00e7\u00e3o de p\u00f3 de gengibre, mas tamb\u00e9m \u00e9 amplamente utilizado para secar frutas, vegetais, ervas medicinais e outros produtos. E a m\u00e1quina \u00e9 muito inteligente, utiliza um painel de controle inteligente para controlar todo o processo de secagem. O secador de fatias de gengibre pode adotar v\u00e1rios m\u00e9todos de aquecimento, como eletricidade e vapor. E s\u00e3o muitos modelos, que podem atender \u00e0s necessidades de clientes com especifica\u00e7\u00f5es diversas.<\/p> <\/div> <\/div>    <h3 class=\"wp-block-heading\">M\u00e1quina de moer gengibre<\/h3>    <div class=\"wp-block-columns is-layout-flex wp-container-core-columns-is-layout-28f84493 wp-block-columns-is-layout-flex\"> <div class=\"wp-block-column is-vertically-aligned-center is-layout-flow wp-block-column-is-layout-flow\"> <p>Uma m\u00e1quina de gengibre em p\u00f3 \u00e9 uma m\u00e1quina que esmaga fatias secas de gengibre. A finura do p\u00f3 de gengibre mo\u00eddo pelo pulverizador pode atingir 20 ~ 120 mesh. O moinho de gengibre \u00e9 amplamente utilizado para esmagar todos os tipos de gr\u00e3os e materiais medicinais. Pode realizar produ\u00e7\u00e3o cont\u00ednua com baixo ru\u00eddo e velocidade de alimenta\u00e7\u00e3o ajust\u00e1vel.<\/p> <\/div>    <div class=\"wp-block-column is-vertically-aligned-center is-layout-flow wp-block-column-is-layout-flow\"> <figure class=\"wp-block-image size-full\"><img loading=\"lazy\" decoding=\"async\" width=\"720\" height=\"540\" src=\"https:\/\/topfoodmachine.com\/wp-content\/uploads\/2022\/08\/ginger-powder-making-machine.jpg\" alt=\"m\u00e1quina de fazer p\u00f3 de gengibre\" class=\"wp-image-320\" srcset=\"https:\/\/topfoodmachine.com\/wp-content\/uploads\/2022\/08\/ginger-powder-making-machine.jpg 720w, https:\/\/topfoodmachine.com\/wp-content\/uploads\/2022\/08\/ginger-powder-making-machine-300x225.jpg 300w\" sizes=\"auto, (max-width: 720px) 100vw, 720px\" \/><figcaption class=\"wp-element-caption\">m\u00e1quina de fazer p\u00f3 de gengibre<\/figcaption><\/figure> <\/div> <\/div>    <h3 class=\"wp-block-heading\">M\u00e1quina de triagem<\/h3>    <div class=\"wp-block-columns has-light-green-cyan-background-color has-background is-layout-flex wp-container-core-columns-is-layout-28f84493 wp-block-columns-is-layout-flex\"> <div class=\"wp-block-column is-vertically-aligned-center is-layout-flow wp-block-column-is-layout-flow\"> <figure class=\"wp-block-image size-full\"><img loading=\"lazy\" decoding=\"async\" width=\"720\" height=\"540\" src=\"https:\/\/topfoodmachine.com\/wp-content\/uploads\/2022\/08\/screening-machine.jpg\" alt=\"m\u00e1quina de triagem\" class=\"wp-image-321\" srcset=\"https:\/\/topfoodmachine.com\/wp-content\/uploads\/2022\/08\/screening-machine.jpg 720w, https:\/\/topfoodmachine.com\/wp-content\/uploads\/2022\/08\/screening-machine-300x225.jpg 300w\" sizes=\"auto, (max-width: 720px) 100vw, 720px\" \/><figcaption class=\"wp-element-caption\">m\u00e1quina de triagem<\/figcaption><\/figure> <\/div>    <div class=\"wp-block-column is-vertically-aligned-center is-layout-flow wp-block-column-is-layout-flow\"> <p>M\u00e1quina de peneiramento para peneirar gengibre em p\u00f3. Diferentes finuras e graus de tela podem ser personalizados de acordo com os requisitos de triagem. Est\u00e1 dispon\u00edvel em 3, 4, 5 e muitas outras camadas de tela. A m\u00e1quina tamb\u00e9m \u00e9 equipada com peneiras internas para evitar entupimentos e distribuir uniformemente o p\u00f3 de gengibre.&nbsp;<\/p> <\/div> <\/div>    <h3 class=\"wp-block-heading\">M\u00e1quina de embalagem de gengibre em p\u00f3<\/h3>    <div class=\"wp-block-columns is-layout-flex wp-container-core-columns-is-layout-28f84493 wp-block-columns-is-layout-flex\"> <div class=\"wp-block-column is-vertically-aligned-center is-layout-flow wp-block-column-is-layout-flow\"> <p class=\"translation-block\">Esta <a href=\"https:\/\/topfoodmachine.com\/pt\/product\/spice-powder-packing-machine\/\">m\u00e1quina de embalar p\u00f3 de gengibre<\/a> tem a fun\u00e7\u00e3o de pesagem autom\u00e1tica, enchimento, impress\u00e3o de data, selagem e fabrica\u00e7\u00e3o de sacos. Adota controle de painel inteligente, precis\u00e3o de embalagem precisa e alta efici\u00eancia de produ\u00e7\u00e3o. Pode ser equipada com um codificador, grampo de ar ou dispositivo infl\u00e1vel conforme necess\u00e1rio.<\/p> <\/div>    <div class=\"wp-block-column is-vertically-aligned-center is-layout-flow wp-block-column-is-layout-flow\"> <figure class=\"wp-block-image size-full\"><img loading=\"lazy\" decoding=\"async\" width=\"600\" height=\"450\" src=\"https:\/\/topfoodmachine.com\/wp-content\/uploads\/2022\/08\/ginger-powder-packing-machine.jpg\" alt=\"m\u00e1quina de embalagem de p\u00f3 de gengibre\" class=\"wp-image-322\" srcset=\"https:\/\/topfoodmachine.com\/wp-content\/uploads\/2022\/08\/ginger-powder-packing-machine.jpg 600w, https:\/\/topfoodmachine.com\/wp-content\/uploads\/2022\/08\/ginger-powder-packing-machine-300x225.jpg 300w\" sizes=\"auto, (max-width: 600px) 100vw, 600px\" \/><figcaption class=\"wp-element-caption\">m\u00e1quina de embalagem de p\u00f3 de gengibre<\/figcaption><\/figure> <\/div> <\/div>    <h2 class=\"wp-block-heading\">Par\u00e2metros da linha de produ\u00e7\u00e3o de p\u00f3 de gengibre Taizy <\/h2>    <figure class=\"wp-block-table\"><table><tbody><tr><td>Item<\/td><td>poder<\/td><td>tamanho<\/td><\/tr><tr><td>m\u00e1quina de lavar escova<\/td><td>1,1 kW<\/td><td>1580*850*800mm<\/td><\/tr><tr><td>fatiador<\/td><td>0,75 kW<\/td><td>950*800*950mm<\/td><\/tr><tr><td>m\u00e1quina de branqueamento<\/td><td>36 kW<\/td><td>1700*700*950mm<\/td><\/tr><tr><td>m\u00e1quina de resfriamento de ar<\/td><td>7,5 kW<\/td><td>3000*1200*1600mm<\/td><\/tr><tr><td>secador<\/td><td>12,73 kW<\/td><td>1500*1200*2200mm<\/td><\/tr><\/tbody><\/table><\/figure>    <h2 class=\"wp-block-heading\">Caracter\u00edsticas da linha autom\u00e1tica de processamento de gengibre em p\u00f3 <\/h2>    <ol class=\"wp-block-list\" type=\"1\"> <li>Esta linha de produ\u00e7\u00e3o de gengibre em p\u00f3 tem uma ampla gama de aplica\u00e7\u00f5es, adequada para gengibre, a\u00e7afr\u00e3o, etc.<\/li>    <li>Todas as m\u00e1quinas adotaram material de a\u00e7o inoxid\u00e1vel dur\u00e1vel e de qualidade alimentar.<\/li>    <li>A personaliza\u00e7\u00e3o da capacidade de produ\u00e7\u00e3o est\u00e1 dispon\u00edvel (100kg\/dia-2.000kg\/dia).<\/li>    <li>A linha de m\u00e1quinas possui alto n\u00edvel de automa\u00e7\u00e3o, muito f\u00e1cil de operar.<\/li>    <li>Todas as m\u00e1quinas da f\u00e1brica da Taizy suportam um forte servi\u00e7o de personaliza\u00e7\u00e3o para atender \u00e0 sua demanda real.<\/li> <\/ol>    <h2 class=\"wp-block-heading\">Como est\u00e1 o neg\u00f3cio de fabrica\u00e7\u00e3o de gengibre em p\u00f3?&nbsp;<\/h2>    <p>Quando mo\u00eddo em p\u00f3, o gengibre tem sabor forte e aroma distinto, e o gengibre em p\u00f3 \u00e9 ben\u00e9fico para a sa\u00fade humana. Pode ser tomado diretamente com \u00e1gua fervente para aumentar o calor corporal e repor o calor corporal rapidamente. Escovar os dentes com gengibre em p\u00f3 pode prevenir \u00falceras bucais; O p\u00f3 de gengibre \u00e9 muito eficaz na remo\u00e7\u00e3o da caspa e no crescimento do cabelo. Al\u00e9m disso, o p\u00f3 de gengibre tamb\u00e9m pode remover o chul\u00e9 e prevenir o ressecamento dos p\u00e9s. De acordo com os dados da pesquisa, o neg\u00f3cio global de gengibre em p\u00f3 apresenta uma tend\u00eancia de crescimento est\u00e1vel. \u00c9 o melhor momento, mais do que nunca, para iniciarmos um neg\u00f3cio de processamento de gengibre em p\u00f3. <\/p>    <h2 class=\"wp-block-heading\">Por que nos escolher como seu principal fabricante de linha de produ\u00e7\u00e3o de gengibre em p\u00f3? <\/h2>    <p class=\"translation-block\">Como um <a href=\"https:\/\/topfoodmachine.com\/pt\/\">fabricante profissional de processamento de alimentos<\/a>, fornecemos uma excelente e completa linha de produ\u00e7\u00e3o de p\u00f3 de gengibre com pre\u00e7o absolutamente bom e alta qualidade. Todas as m\u00e1quinas s\u00e3o feitas de material de a\u00e7o inoxid\u00e1vel para garantir durabilidade, al\u00e9m disso, s\u00e3o f\u00e1ceis de limpar. Al\u00e9m disso, temos uma equipe altamente qualificada para garantir entrega r\u00e1pida e bom desempenho. A f\u00e1brica Taizy possui um poderoso escrit\u00f3rio de pesquisa e desenvolvimento para atualizar nossos produtos e liderar a tend\u00eancia do mercado. Al\u00e9m disso, desfrutamos de um forte servi\u00e7o de personaliza\u00e7\u00e3o para atender realmente \u00e0s suas necessidades. Ent\u00e3o, quer come\u00e7ar seu neg\u00f3cio de p\u00f3 de gengibre? Entre em contato conosco para mais detalhes. <\/p>","protected":false},"excerpt":{"rendered":"<p>Ginger powder production line or ginger powder processing line is designed for processing dry ginger into ginger powder. It includes a ginger washing peeling machine, ginger slicing machine, blanching machine, ginger drying machine, ginger grinding machine, and ginger powder packing machine. All machines adopted food-grade stainless steel, which is durable and easy to clean. Ginger [&hellip;]<\/p>\n","protected":false},"author":1,"featured_media":392,"parent":0,"template":"","tags":[15],"product-type":[3],"class_list":["post-311","product","type-product","status-publish","has-post-thumbnail","hentry","tag-fruit-vegetable-processing-machine","product-type-fruit-vegetable-processing-machine"],"_links":{"self":[{"href":"https:\/\/topfoodmachine.com\/pt\/wp-json\/wp\/v2\/product\/311","targetHints":{"allow":["GET"]}}],"collection":[{"href":"https:\/\/topfoodmachine.com\/pt\/wp-json\/wp\/v2\/product"}],"about":[{"href":"https:\/\/topfoodmachine.com\/pt\/wp-json\/wp\/v2\/types\/product"}],"author":[{"embeddable":true,"href":"https:\/\/topfoodmachine.com\/pt\/wp-json\/wp\/v2\/users\/1"}],"wp:featuredmedia":[{"embeddable":true,"href":"https:\/\/topfoodmachine.com\/pt\/wp-json\/wp\/v2\/media\/392"}],"wp:attachment":[{"href":"https:\/\/topfoodmachine.com\/pt\/wp-json\/wp\/v2\/media?parent=311"}],"wp:term":[{"taxonomy":"post_tag","embeddable":true,"href":"https:\/\/topfoodmachine.com\/pt\/wp-json\/wp\/v2\/tags?post=311"},{"taxonomy":"product-type","embeddable":true,"href":"https:\/\/topfoodmachine.com\/pt\/wp-json\/wp\/v2\/product-type?post=311"}],"curies":[{"name":"wp","href":"https:\/\/api.w.org\/{rel}","templated":true}]}}