{"id":289,"date":"2022-08-02T07:46:37","date_gmt":"2022-08-01T23:46:37","guid":{"rendered":"https:\/\/topfoodmachine.com\/?post_type=product&#038;p=289"},"modified":"2025-04-27T16:51:55","modified_gmt":"2025-04-27T08:51:55","slug":"chin-chin-cutting-machine","status":"publish","type":"product","link":"https:\/\/topfoodmachine.com\/pt\/product\/chin-chin-cutting-machine\/","title":{"rendered":"M\u00e1quina de corte de queixo"},"content":{"rendered":"<div class=\"kk-star-ratings kksr-auto kksr-align-left kksr-valign-top\"     data-payload='{&quot;align&quot;:&quot;left&quot;,&quot;id&quot;:&quot;289&quot;,&quot;slug&quot;:&quot;default&quot;,&quot;valign&quot;:&quot;top&quot;,&quot;ignore&quot;:&quot;&quot;,&quot;reference&quot;:&quot;auto&quot;,&quot;class&quot;:&quot;&quot;,&quot;count&quot;:&quot;8&quot;,&quot;legendonly&quot;:&quot;&quot;,&quot;readonly&quot;:&quot;&quot;,&quot;score&quot;:&quot;4.6&quot;,&quot;starsonly&quot;:&quot;&quot;,&quot;best&quot;:&quot;5&quot;,&quot;gap&quot;:&quot;5&quot;,&quot;greet&quot;:&quot;Rate this product&quot;,&quot;legend&quot;:&quot;4.6\\\/5 - (8 votes)&quot;,&quot;size&quot;:&quot;24&quot;,&quot;title&quot;:&quot;Chin Chin Cutting Machine&quot;,&quot;width&quot;:&quot;130.9&quot;,&quot;_legend&quot;:&quot;{score}\\\/{best} - ({count} {votes})&quot;,&quot;font_factor&quot;:&quot;1.25&quot;}'>              <div class=\"kksr-stars\">      <div class=\"kksr-stars-inactive\">             <div class=\"kksr-star\" data-star=\"1\" style=\"padding-right: 5px\">               <div class=\"kksr-icon\" style=\"width: 24px; height: 24px;\"><\/div>         <\/div>             <div class=\"kksr-star\" data-star=\"2\" style=\"padding-right: 5px\">               <div class=\"kksr-icon\" style=\"width: 24px; height: 24px;\"><\/div>         <\/div>             <div class=\"kksr-star\" data-star=\"3\" style=\"padding-right: 5px\">               <div class=\"kksr-icon\" style=\"width: 24px; height: 24px;\"><\/div>         <\/div>             <div class=\"kksr-star\" data-star=\"4\" style=\"padding-right: 5px\">               <div class=\"kksr-icon\" style=\"width: 24px; height: 24px;\"><\/div>         <\/div>             <div class=\"kksr-star\" data-star=\"5\" style=\"padding-right: 5px\">               <div class=\"kksr-icon\" style=\"width: 24px; height: 24px;\"><\/div>         <\/div>     <\/div>      <div class=\"kksr-stars-active\" style=\"width: 130.9px;\">             <div class=\"kksr-star\" style=\"padding-right: 5px\">               <div class=\"kksr-icon\" style=\"width: 24px; height: 24px;\"><\/div>         <\/div>             <div class=\"kksr-star\" style=\"padding-right: 5px\">               <div class=\"kksr-icon\" style=\"width: 24px; height: 24px;\"><\/div>         <\/div>             <div class=\"kksr-star\" style=\"padding-right: 5px\">               <div class=\"kksr-icon\" style=\"width: 24px; height: 24px;\"><\/div>         <\/div>             <div class=\"kksr-star\" style=\"padding-right: 5px\">               <div class=\"kksr-icon\" style=\"width: 24px; height: 24px;\"><\/div>         <\/div>             <div class=\"kksr-star\" style=\"padding-right: 5px\">               <div class=\"kksr-icon\" style=\"width: 24px; height: 24px;\"><\/div>         <\/div>     <\/div> <\/div>                   <div class=\"kksr-legend\" style=\"font-size: 19.2px;\">             4,6\/5 - (8 votos)    <\/div>     <\/div>  <p>A m\u00e1quina el\u00e9trica de cortar Chin Chin \u00e9 uma pe\u00e7a chave de equipamento na linha de produ\u00e7\u00e3o de Chin Chin, projetada para agilizar o processo de cria\u00e7\u00e3o deste popular lanche nigeriano. <\/p>    <p>Ao automatizar o corte da massa em formas consistentes, como quadrados, tiras ou pe\u00e7as em forma de diamante, esta m\u00e1quina garante uniformidade e alta efici\u00eancia. <\/p>    <p>Esta m\u00e1quina vers\u00e1til n\u00e3o \u00e9 apenas ideal para produzir Chin Chin, mas tamb\u00e9m \u00e9 amplamente utilizada na produ\u00e7\u00e3o de macarr\u00e3o de arroz, tr\u00eas facas de mel e outros itens de lanche. <\/p>    <figure class=\"wp-block-embed is-type-video is-provider-youtube wp-block-embed-youtube wp-embed-aspect-16-9 wp-has-aspect-ratio\"><div class=\"wp-block-embed__wrapper\"> <iframe loading=\"lazy\" title=\"M\u00e1quina de Corte de Chin Chin em A\u00e7\u00e3o | Veja Funcionar Ao Vivo! #massa #processamentodealimentos #m\u00e1quinadealimentos\" width=\"500\" height=\"281\" src=\"https:\/\/www.youtube.com\/embed\/VsFOJM9C2SY?feature=oembed\" frameborder=\"0\" allow=\"accelerometer; autoplay; clipboard-write; encrypted-media; gyroscope; picture-in-picture; web-share\" referrerpolicy=\"strict-origin-when-cross-origin\" allowfullscreen><\/iframe> <\/div><figcaption class=\"wp-element-caption\">V\u00eddeo de Trabalho da M\u00e1quina de Corte de Chin Chin<\/figcaption><\/figure>    <h2 class=\"wp-block-heading\">V\u00e1rios tipos de chin chin<\/h2>    <p>A m\u00e1quina de corte de chin chin oferece grande flexibilidade na produ\u00e7\u00e3o de v\u00e1rios tipos de lanches, simplesmente trocando as ferramentas de moldagem. Com diferentes tamanhos e formas de moldes, a m\u00e1quina pode facilmente criar n\u00e3o apenas chin chin tradicional em formas quadradas ou em tiras, mas tamb\u00e9m outros lanches populares como tr\u00eas facas de mel, tiras de arroz e sorrisos. <\/p>    <p>Essa versatilidade torna a m\u00e1quina altamente adapt\u00e1vel para diferentes necessidades de produ\u00e7\u00e3o, permitindo que os fabricantes expandam sua gama de produtos e atendam a diversas demandas do mercado com facilidade.<\/p>    <figure class=\"wp-block-gallery has-nested-images columns-2 is-cropped wp-block-gallery-2 is-layout-flex wp-block-gallery-is-layout-flex\"> <figure class=\"wp-block-image size-large\"><img loading=\"lazy\" decoding=\"async\" width=\"720\" height=\"540\" data-id=\"1286\" src=\"https:\/\/topfoodmachine.com\/wp-content\/uploads\/2022\/08\/blades-of-chin-chin-maker.webp\" alt=\"l\u00e2minas do fabricante de chin chin\" class=\"wp-image-1286\" srcset=\"https:\/\/topfoodmachine.com\/wp-content\/uploads\/2022\/08\/blades-of-chin-chin-maker.webp 720w, https:\/\/topfoodmachine.com\/wp-content\/uploads\/2022\/08\/blades-of-chin-chin-maker-300x225.webp 300w, https:\/\/topfoodmachine.com\/wp-content\/uploads\/2022\/08\/blades-of-chin-chin-maker-16x12.webp 16w\" sizes=\"auto, (max-width: 720px) 100vw, 720px\" \/><figcaption class=\"wp-element-caption\">l\u00e2minas do fabricante de chin chin<\/figcaption><\/figure>    <figure class=\"wp-block-image size-large\"><img loading=\"lazy\" decoding=\"async\" width=\"720\" height=\"540\" data-id=\"1287\" src=\"https:\/\/topfoodmachine.com\/wp-content\/uploads\/2022\/08\/rhombus-type-chin-chin.webp\" alt=\"chin chin em forma de losango\" class=\"wp-image-1287\" srcset=\"https:\/\/topfoodmachine.com\/wp-content\/uploads\/2022\/08\/rhombus-type-chin-chin.webp 720w, https:\/\/topfoodmachine.com\/wp-content\/uploads\/2022\/08\/rhombus-type-chin-chin-300x225.webp 300w, https:\/\/topfoodmachine.com\/wp-content\/uploads\/2022\/08\/rhombus-type-chin-chin-16x12.webp 16w\" sizes=\"auto, (max-width: 720px) 100vw, 720px\" \/><figcaption class=\"wp-element-caption\">chin chin em forma de losango<\/figcaption><\/figure>    <figure class=\"wp-block-image size-large\"><img loading=\"lazy\" decoding=\"async\" width=\"720\" height=\"540\" data-id=\"1288\" src=\"https:\/\/topfoodmachine.com\/wp-content\/uploads\/2022\/08\/square-type-chin-chin.webp\" alt=\"chin chin em forma quadrada\" class=\"wp-image-1288\" srcset=\"https:\/\/topfoodmachine.com\/wp-content\/uploads\/2022\/08\/square-type-chin-chin.webp 720w, https:\/\/topfoodmachine.com\/wp-content\/uploads\/2022\/08\/square-type-chin-chin-300x225.webp 300w, https:\/\/topfoodmachine.com\/wp-content\/uploads\/2022\/08\/square-type-chin-chin-16x12.webp 16w\" sizes=\"auto, (max-width: 720px) 100vw, 720px\" \/><figcaption class=\"wp-element-caption\">chin chin em forma quadrada<\/figcaption><\/figure>    <figure class=\"wp-block-image size-large\"><img loading=\"lazy\" decoding=\"async\" width=\"720\" height=\"540\" data-id=\"1289\" src=\"https:\/\/topfoodmachine.com\/wp-content\/uploads\/2022\/08\/strip-chin-chin.webp\" alt=\"chin chin em tiras\" class=\"wp-image-1289\" srcset=\"https:\/\/topfoodmachine.com\/wp-content\/uploads\/2022\/08\/strip-chin-chin.webp 720w, https:\/\/topfoodmachine.com\/wp-content\/uploads\/2022\/08\/strip-chin-chin-300x225.webp 300w, https:\/\/topfoodmachine.com\/wp-content\/uploads\/2022\/08\/strip-chin-chin-16x12.webp 16w\" sizes=\"auto, (max-width: 720px) 100vw, 720px\" \/><figcaption class=\"wp-element-caption\">chin chin em tiras<\/figcaption><\/figure> <\/figure>    <h2 class=\"wp-block-heading\">Caracter\u00edsticas da m\u00e1quina de cortar chin chin<\/h2>    <div class=\"wp-block-media-text has-media-on-the-right is-stacked-on-mobile\"><div class=\"wp-block-media-text__content\"> <ul class=\"wp-block-list\"> <li>Corte multifuncional. Ao trocar as l\u00e2minas, a m\u00e1quina pode produzir chin chin, tr\u00eas facas de mel, macarr\u00e3o de arroz e outros lanches.<\/li>    <li>Polvilhamento autom\u00e1tico de farinha. Dispositivos de espalhamento de farinha na frente e atr\u00e1s evitam grudar, com quantidades de farinha ajust\u00e1veis.<\/li>    <li>Design de peneira vibrat\u00f3ria. Separa os produtos acabados da farinha excessiva para uma sa\u00edda mais limpa.<\/li>    <li>Est\u00e1vel e confi\u00e1vel. Estrutura mec\u00e2nica simples, baixa taxa de falhas e corte uniforme sem desperd\u00edcio de material.<\/li> <\/ul> <\/div><figure class=\"wp-block-media-text__media\"><img loading=\"lazy\" decoding=\"async\" width=\"720\" height=\"540\" src=\"https:\/\/topfoodmachine.com\/wp-content\/uploads\/2022\/08\/chin-chin-cutting-machine-1.jpg\" alt=\"m\u00e1quina de corte de queixo\" class=\"wp-image-290 size-full\" srcset=\"https:\/\/topfoodmachine.com\/wp-content\/uploads\/2022\/08\/chin-chin-cutting-machine-1.jpg 720w, https:\/\/topfoodmachine.com\/wp-content\/uploads\/2022\/08\/chin-chin-cutting-machine-1-300x225.jpg 300w\" sizes=\"auto, (max-width: 720px) 100vw, 720px\" \/><\/figure><\/div>    <div class=\"wp-block-media-text is-stacked-on-mobile\"><figure class=\"wp-block-media-text__media\"><img loading=\"lazy\" decoding=\"async\" width=\"720\" height=\"540\" src=\"https:\/\/topfoodmachine.com\/wp-content\/uploads\/2022\/08\/various-kinds-of-chin-chin.jpg\" alt=\"v\u00e1rios tipos de chin chin\" class=\"wp-image-292 size-full\" srcset=\"https:\/\/topfoodmachine.com\/wp-content\/uploads\/2022\/08\/various-kinds-of-chin-chin.jpg 720w, https:\/\/topfoodmachine.com\/wp-content\/uploads\/2022\/08\/various-kinds-of-chin-chin-300x225.jpg 300w\" sizes=\"auto, (max-width: 720px) 100vw, 720px\" \/><\/figure><div class=\"wp-block-media-text__content\"> <ul class=\"wp-block-list\"> <li>F\u00e1cil de operar. Uma pessoa pode completar a alimenta\u00e7\u00e3o, com a m\u00e1quina lidando com todo o corte automaticamente.<\/li>    <li>Alta efici\u00eancia. Grande capacidade, tamanho compacto e redu\u00e7\u00e3o significativa de custos de m\u00e3o de obra e produ\u00e7\u00e3o.<\/li>    <li>Tamanho e espessura ajust\u00e1veis. O tamanho do produto acabado e a espessura da folha de massa podem ser facilmente ajustados atrav\u00e9s de rolos e al\u00e7as.<\/li> <\/ul> <\/div><\/div>    <h2 class=\"wp-block-heading\">Par\u00e2metros da m\u00e1quina de cortar chin chin<\/h2>    <figure class=\"wp-block-table\"><table class=\"has-fixed-layout\"><tbody><tr><td>Tipo<\/td><td>TZ-150<\/td><td>TZ-1000<\/td><\/tr><tr><td>Poder<\/td><td>2.6kw<\/td><td>4,5 kW<\/td><\/tr><tr><td>Capacidade<\/td><td>150~300kg\/h<\/td><td>1000kg\/hora<\/td><\/tr><tr><td>Peso<\/td><td>280kg<\/td><td>800kg<\/td><\/tr><tr><td>Tamanho<\/td><td>1500*560*1200mm<\/td><td>3300*610*1500mm<\/td><\/tr><\/tbody><\/table><figcaption class=\"wp-element-caption\">par\u00e2metros da m\u00e1quina de corte de chin chin<\/figcaption><\/figure>    <figure class=\"wp-block-image size-full\"><img loading=\"lazy\" decoding=\"async\" width=\"720\" height=\"540\" src=\"https:\/\/topfoodmachine.com\/wp-content\/uploads\/2022\/08\/exported-Chin-Chin-Making-Machine.webp\" alt=\"M\u00e1quina de corte de queixo\" class=\"wp-image-1284\" srcset=\"https:\/\/topfoodmachine.com\/wp-content\/uploads\/2022\/08\/exported-Chin-Chin-Making-Machine.webp 720w, https:\/\/topfoodmachine.com\/wp-content\/uploads\/2022\/08\/exported-Chin-Chin-Making-Machine-300x225.webp 300w, https:\/\/topfoodmachine.com\/wp-content\/uploads\/2022\/08\/exported-Chin-Chin-Making-Machine-16x12.webp 16w\" sizes=\"auto, (max-width: 720px) 100vw, 720px\" \/><figcaption class=\"wp-element-caption\">M\u00e1quina de corte de queixo<\/figcaption><\/figure>    <h2 class=\"wp-block-heading\">Como funciona o cortador de queixo?<\/h2>    <div class=\"wp-block-media-text is-stacked-on-mobile\"><figure class=\"wp-block-media-text__media\"><img loading=\"lazy\" decoding=\"async\" width=\"720\" height=\"540\" src=\"https:\/\/topfoodmachine.com\/wp-content\/uploads\/2022\/08\/chin-chin-cutter-effects.jpg\" alt=\"efeitos do cortador de chin chin\" class=\"wp-image-294 size-full\" srcset=\"https:\/\/topfoodmachine.com\/wp-content\/uploads\/2022\/08\/chin-chin-cutter-effects.jpg 720w, https:\/\/topfoodmachine.com\/wp-content\/uploads\/2022\/08\/chin-chin-cutter-effects-300x225.jpg 300w\" sizes=\"auto, (max-width: 720px) 100vw, 720px\" \/><\/figure><div class=\"wp-block-media-text__content\"> <ul class=\"wp-block-list\"> <li>Coloque a folha de massa na \u00e1rea de alimenta\u00e7\u00e3o da m\u00e1quina.<\/li>    <li>Inicie a m\u00e1quina e a massa ser\u00e1 automaticamente transportada entre os rolos.<\/li>    <li>Os rolos pressionam a massa at\u00e9 a espessura desejada, que pode ser ajustada conforme necess\u00e1rio.<\/li>    <li>A massa pressionada \u00e9 entregue na esteira transportadora que leva \u00e0 se\u00e7\u00e3o de corte.<\/li> <\/ul> <\/div><\/div>    <div class=\"wp-block-media-text has-media-on-the-right is-stacked-on-mobile\"><div class=\"wp-block-media-text__content\"> <ul class=\"wp-block-list\"> <li>A folha de massa passa pelo cortador, onde \u00e9 fatiada em quadrados, diamantes, luas ou outras formas.<\/li>    <li>A posi\u00e7\u00e3o de cada rolo pode ser ajustada para controlar a espessura da massa, ajudando a gerenciar o tamanho e o peso finais do chin chin.<\/li>    <li>Ap\u00f3s o corte, as pe\u00e7as acabadas s\u00e3o separadas e est\u00e3o prontas para a pr\u00f3xima etapa de processamento.<\/li> <\/ul> <\/div><figure class=\"wp-block-media-text__media\"><img loading=\"lazy\" decoding=\"async\" width=\"720\" height=\"540\" src=\"https:\/\/topfoodmachine.com\/wp-content\/uploads\/2022\/08\/industrial-chin-chin-cutter.jpg\" alt=\"cortador de chin chin industrial\" class=\"wp-image-295 size-full\" srcset=\"https:\/\/topfoodmachine.com\/wp-content\/uploads\/2022\/08\/industrial-chin-chin-cutter.jpg 720w, https:\/\/topfoodmachine.com\/wp-content\/uploads\/2022\/08\/industrial-chin-chin-cutter-300x225.jpg 300w\" sizes=\"auto, (max-width: 720px) 100vw, 720px\" \/><\/figure><\/div>    <h2 class=\"wp-block-heading\">Por que os lanches chin chin s\u00e3o t\u00e3o populares?<\/h2>    <p>Os lanches de chin chin s\u00e3o amados por seu sabor delicioso, textura crocante e versatilidade. Podem ser apreciados como um lanche leve, um petisco para festas ou at\u00e9 mesmo embalados para venda comercial. Com um sabor doce e ligeiramente amanteigado e uma croc\u00e2ncia satisfat\u00f3ria, o chin chin agrada pessoas de todas as idades. <\/p>    <p>Sua longa vida \u00fatil, facilidade de armazenamento e variedade de formas e tamanhos tamb\u00e9m contribuem para sua popularidade. Seja caseiro ou produzido em massa, o chin chin continua a ser um lanche favorito em muitas culturas, especialmente na \u00c1frica e al\u00e9m.<\/p>    <figure class=\"wp-block-gallery has-nested-images columns-default is-cropped wp-block-gallery-3 is-layout-flex wp-block-gallery-is-layout-flex\"> <figure class=\"wp-block-image size-large\"><img loading=\"lazy\" decoding=\"async\" width=\"720\" height=\"540\" data-id=\"1276\" src=\"https:\/\/topfoodmachine.com\/wp-content\/uploads\/2022\/08\/Chin-Chin-Maker-with-good-price.webp\" alt=\"M\u00e1quina de chin chin com bom pre\u00e7o\" class=\"wp-image-1276\" srcset=\"https:\/\/topfoodmachine.com\/wp-content\/uploads\/2022\/08\/Chin-Chin-Maker-with-good-price.webp 720w, https:\/\/topfoodmachine.com\/wp-content\/uploads\/2022\/08\/Chin-Chin-Maker-with-good-price-300x225.webp 300w, https:\/\/topfoodmachine.com\/wp-content\/uploads\/2022\/08\/Chin-Chin-Maker-with-good-price-16x12.webp 16w\" sizes=\"auto, (max-width: 720px) 100vw, 720px\" \/><figcaption class=\"wp-element-caption\">M\u00e1quina de chin chin com bom pre\u00e7o<\/figcaption><\/figure>    <figure class=\"wp-block-image size-large\"><img loading=\"lazy\" decoding=\"async\" width=\"720\" height=\"540\" data-id=\"1283\" src=\"https:\/\/topfoodmachine.com\/wp-content\/uploads\/2022\/08\/details-of-Chin-Chin-Making-Machine.webp\" alt=\"detalhes da M\u00e1quina de Fazer Chin Chin\" class=\"wp-image-1283\" srcset=\"https:\/\/topfoodmachine.com\/wp-content\/uploads\/2022\/08\/details-of-Chin-Chin-Making-Machine.webp 720w, https:\/\/topfoodmachine.com\/wp-content\/uploads\/2022\/08\/details-of-Chin-Chin-Making-Machine-300x225.webp 300w, https:\/\/topfoodmachine.com\/wp-content\/uploads\/2022\/08\/details-of-Chin-Chin-Making-Machine-16x12.webp 16w\" sizes=\"auto, (max-width: 720px) 100vw, 720px\" \/><figcaption class=\"wp-element-caption\">detalhes da M\u00e1quina de Fazer Chin Chin<\/figcaption><\/figure> <\/figure>    <h2 class=\"wp-block-heading\">Contate-nos<\/h2>    <p class=\"translation-block\">Em resumo, nossa <a href=\"https:\/\/en.wikipedia.org\/wiki\/Chin_chin\" data-type=\"link\" data-id=\"https:\/\/en.wikipedia.org\/wiki\/Chin_chin\" target=\"_blank\" rel=\"noopener\">M\u00e1quina de Cortar Chin Chin<\/a> n\u00e3o s\u00f3 produz v\u00e1rias formas e sabores de Chin Chin, mas tamb\u00e9m opera com facilidade e alta automa\u00e7\u00e3o, aumentando a efici\u00eancia da produ\u00e7\u00e3o enquanto mant\u00e9m a qualidade do produto. <\/p>    <p class=\"translation-block\">Al\u00e9m disso, quando emparelhado com nossa avan\u00e7ada <a href=\"https:\/\/topfoodmachine.com\/pt\/product\/chin-chin-making-machine\/\" data-type=\"link\" data-id=\"https:\/\/topfoodmachine.com\/product\/chin-chin-making-machine\/\">Linha de Produ\u00e7\u00e3o de Chin Chin<\/a>, voc\u00ea pode alcan\u00e7ar automa\u00e7\u00e3o e produ\u00e7\u00e3o em larga escala, trazendo grande conveni\u00eancia e crescimento de lucro para o seu neg\u00f3cio. Entre em contato conosco agora para mais informa\u00e7\u00f5es e para solicitar um or\u00e7amento!<\/p>","protected":false},"excerpt":{"rendered":"<p>A m\u00e1quina el\u00e9trica de cortar Chin Chin \u00e9 uma pe\u00e7a chave de equipamento na linha de produ\u00e7\u00e3o de Chin Chin, projetada para agilizar o processo de cria\u00e7\u00e3o deste popular lanche nigeriano. <\/p>","protected":false},"author":1,"featured_media":290,"parent":0,"template":"","tags":[118],"product-type":[6],"class_list":["post-289","product","type-product","status-publish","has-post-thumbnail","hentry","tag-chin-chin-cutting-machine","product-type-pastry-production-machine"],"_links":{"self":[{"href":"https:\/\/topfoodmachine.com\/pt\/wp-json\/wp\/v2\/product\/289","targetHints":{"allow":["GET"]}}],"collection":[{"href":"https:\/\/topfoodmachine.com\/pt\/wp-json\/wp\/v2\/product"}],"about":[{"href":"https:\/\/topfoodmachine.com\/pt\/wp-json\/wp\/v2\/types\/product"}],"author":[{"embeddable":true,"href":"https:\/\/topfoodmachine.com\/pt\/wp-json\/wp\/v2\/users\/1"}],"wp:featuredmedia":[{"embeddable":true,"href":"https:\/\/topfoodmachine.com\/pt\/wp-json\/wp\/v2\/media\/290"}],"wp:attachment":[{"href":"https:\/\/topfoodmachine.com\/pt\/wp-json\/wp\/v2\/media?parent=289"}],"wp:term":[{"taxonomy":"post_tag","embeddable":true,"href":"https:\/\/topfoodmachine.com\/pt\/wp-json\/wp\/v2\/tags?post=289"},{"taxonomy":"product-type","embeddable":true,"href":"https:\/\/topfoodmachine.com\/pt\/wp-json\/wp\/v2\/product-type?post=289"}],"curies":[{"name":"wp","href":"https:\/\/api.w.org\/{rel}","templated":true}]}}