{"id":277,"date":"2022-08-01T09:09:56","date_gmt":"2022-08-01T09:09:56","guid":{"rendered":"https:\/\/topfoodmachine.com\/?post_type=product&#038;p=277"},"modified":"2024-05-22T17:55:24","modified_gmt":"2024-05-22T09:55:24","slug":"chin-chin-making-machine","status":"publish","type":"product","link":"https:\/\/topfoodmachine.com\/pt\/product\/chin-chin-making-machine\/","title":{"rendered":"M\u00e1quina de fazer queixo"},"content":{"rendered":"<div class=\"kk-star-ratings kksr-auto kksr-align-left kksr-valign-top\"     data-payload='{&quot;align&quot;:&quot;left&quot;,&quot;id&quot;:&quot;277&quot;,&quot;slug&quot;:&quot;default&quot;,&quot;valign&quot;:&quot;top&quot;,&quot;ignore&quot;:&quot;&quot;,&quot;reference&quot;:&quot;auto&quot;,&quot;class&quot;:&quot;&quot;,&quot;count&quot;:&quot;24&quot;,&quot;legendonly&quot;:&quot;&quot;,&quot;readonly&quot;:&quot;&quot;,&quot;score&quot;:&quot;4.6&quot;,&quot;starsonly&quot;:&quot;&quot;,&quot;best&quot;:&quot;5&quot;,&quot;gap&quot;:&quot;5&quot;,&quot;greet&quot;:&quot;Rate this product&quot;,&quot;legend&quot;:&quot;4.6\\\/5 - (24 votes)&quot;,&quot;size&quot;:&quot;24&quot;,&quot;title&quot;:&quot;Chin Chin Making Machine&quot;,&quot;width&quot;:&quot;130.9&quot;,&quot;_legend&quot;:&quot;{score}\\\/{best} - ({count} {votes})&quot;,&quot;font_factor&quot;:&quot;1.25&quot;}'>              <div class=\"kksr-stars\">      <div class=\"kksr-stars-inactive\">             <div class=\"kksr-star\" data-star=\"1\" style=\"padding-right: 5px\">               <div class=\"kksr-icon\" style=\"width: 24px; height: 24px;\"><\/div>         <\/div>             <div class=\"kksr-star\" data-star=\"2\" style=\"padding-right: 5px\">               <div class=\"kksr-icon\" style=\"width: 24px; height: 24px;\"><\/div>         <\/div>             <div class=\"kksr-star\" data-star=\"3\" style=\"padding-right: 5px\">               <div class=\"kksr-icon\" style=\"width: 24px; height: 24px;\"><\/div>         <\/div>             <div class=\"kksr-star\" data-star=\"4\" style=\"padding-right: 5px\">               <div class=\"kksr-icon\" style=\"width: 24px; height: 24px;\"><\/div>         <\/div>             <div class=\"kksr-star\" data-star=\"5\" style=\"padding-right: 5px\">               <div class=\"kksr-icon\" style=\"width: 24px; height: 24px;\"><\/div>         <\/div>     <\/div>      <div class=\"kksr-stars-active\" style=\"width: 130.9px;\">             <div class=\"kksr-star\" style=\"padding-right: 5px\">               <div class=\"kksr-icon\" style=\"width: 24px; height: 24px;\"><\/div>         <\/div>             <div class=\"kksr-star\" style=\"padding-right: 5px\">               <div class=\"kksr-icon\" style=\"width: 24px; height: 24px;\"><\/div>         <\/div>             <div class=\"kksr-star\" style=\"padding-right: 5px\">               <div class=\"kksr-icon\" style=\"width: 24px; height: 24px;\"><\/div>         <\/div>             <div class=\"kksr-star\" style=\"padding-right: 5px\">               <div class=\"kksr-icon\" style=\"width: 24px; height: 24px;\"><\/div>         <\/div>             <div class=\"kksr-star\" style=\"padding-right: 5px\">               <div class=\"kksr-icon\" style=\"width: 24px; height: 24px;\"><\/div>         <\/div>     <\/div> <\/div>                   <div class=\"kksr-legend\" style=\"font-size: 19.2px;\">             4,6\/5 - (24 votos)    <\/div>     <\/div>  <p class=\"translation-block\"><strong>A linha de m\u00e1quinas para fazer chin chin<\/strong> ou linha de produ\u00e7\u00e3o de chin chin \u00e9 ideal para seu restaurante, lojas de lanches, cafeterias, etc. Consiste principalmente em 6 m\u00e1quinas: misturador de massa, m\u00e1quina de prensar massa, m\u00e1quina de corte de chin chin, m\u00e1quina de fritar chin chin, m\u00e1quina de desengorduramento e m\u00e1quina de embalagem de chin chin. Essas m\u00e1quinas se combinam e podem fabricar lanches de chin chin de forma autom\u00e1tica e eficiente. <\/p>    <p>A capacidade de produ\u00e7\u00e3o da m\u00e1quina de fazer chin chin \u00e0 venda da Taizy varia de 150kg\/h a 300kg\/h. Al\u00e9m disso, todas as m\u00e1quinas usam estrutura de corpo em a\u00e7o inoxid\u00e1vel, que \u00e9 material de grau aliment\u00edcio e dur\u00e1vel. Bem-vindo a entrar em contato conosco para iniciar seu neg\u00f3cio de snacks de chin chin.<\/p>    <figure class=\"wp-block-image size-full\"><img loading=\"lazy\" decoding=\"async\" width=\"720\" height=\"540\" src=\"https:\/\/topfoodmachine.com\/wp-content\/uploads\/2022\/08\/Chin-Chin-Maker-with-good-price.webp\" alt=\"M\u00e1quina de chin chin com bom pre\u00e7o\" class=\"wp-image-1276\" srcset=\"https:\/\/topfoodmachine.com\/wp-content\/uploads\/2022\/08\/Chin-Chin-Maker-with-good-price.webp 720w, https:\/\/topfoodmachine.com\/wp-content\/uploads\/2022\/08\/Chin-Chin-Maker-with-good-price-300x225.webp 300w, https:\/\/topfoodmachine.com\/wp-content\/uploads\/2022\/08\/Chin-Chin-Maker-with-good-price-16x12.webp 16w\" sizes=\"auto, (max-width: 720px) 100vw, 720px\" \/><figcaption class=\"wp-element-caption\">M\u00e1quina de chin chin com bom pre\u00e7o<\/figcaption><\/figure>    <h2 class=\"wp-block-heading\">Mat\u00e9rias-primas do fabricante de chin chin<\/h2>    <p>Os ingredientes para fazer chin chin incluem: farinha, a\u00e7\u00facar, manteiga ou margarina, ovos, leite ou \u00e1gua, fermento em p\u00f3 ou bicarbonato de s\u00f3dio, especiarias (como noz-moscada ou canela), sal e \u00f3leo.<\/p>    <figure class=\"wp-block-gallery has-nested-images columns-default is-cropped wp-block-gallery-2 is-layout-flex wp-block-gallery-is-layout-flex\"> <figure class=\"wp-block-image size-large\"><img loading=\"lazy\" decoding=\"async\" width=\"720\" height=\"540\" data-id=\"1278\" src=\"https:\/\/topfoodmachine.com\/wp-content\/uploads\/2022\/08\/chin-chin.webp\" alt=\"chin chin\" class=\"wp-image-1278\" srcset=\"https:\/\/topfoodmachine.com\/wp-content\/uploads\/2022\/08\/chin-chin.webp 720w, https:\/\/topfoodmachine.com\/wp-content\/uploads\/2022\/08\/chin-chin-300x225.webp 300w, https:\/\/topfoodmachine.com\/wp-content\/uploads\/2022\/08\/chin-chin-16x12.webp 16w\" sizes=\"auto, (max-width: 720px) 100vw, 720px\" \/><figcaption class=\"wp-element-caption\">chin chin<\/figcaption><\/figure>    <figure class=\"wp-block-image size-large\"><img loading=\"lazy\" decoding=\"async\" width=\"720\" height=\"540\" data-id=\"1277\" src=\"https:\/\/topfoodmachine.com\/wp-content\/uploads\/2022\/08\/chin-chin-making.webp\" alt=\"fazer chin chin\" class=\"wp-image-1277\" srcset=\"https:\/\/topfoodmachine.com\/wp-content\/uploads\/2022\/08\/chin-chin-making.webp 720w, https:\/\/topfoodmachine.com\/wp-content\/uploads\/2022\/08\/chin-chin-making-300x225.webp 300w, https:\/\/topfoodmachine.com\/wp-content\/uploads\/2022\/08\/chin-chin-making-16x12.webp 16w\" sizes=\"auto, (max-width: 720px) 100vw, 720px\" \/><figcaption class=\"wp-element-caption\">fazer chin chin<\/figcaption><\/figure> <\/figure>    <h2 class=\"wp-block-heading\">Processo de linha de produ\u00e7\u00e3o de queixo <\/h2>    <p>O processo de trabalho da linha de produ\u00e7\u00e3o de chin chin \u00e9 o seguinte:<\/p>    <p><strong>Mistura de massa \u2192 prensagem de massa \u2192 corte de queixo \u2192 fritura de queixo \u2192 desengorduramento de queixo \u2192 embalagem de queixo. <\/strong><\/p>    <figure class=\"wp-block-image size-full\"><img loading=\"lazy\" decoding=\"async\" width=\"720\" height=\"540\" src=\"https:\/\/topfoodmachine.com\/wp-content\/uploads\/2022\/08\/chin-chin-making-machine.jpg\" alt=\"m\u00e1quina de fazer queixo queixo\" class=\"wp-image-278\" srcset=\"https:\/\/topfoodmachine.com\/wp-content\/uploads\/2022\/08\/chin-chin-making-machine.jpg 720w, https:\/\/topfoodmachine.com\/wp-content\/uploads\/2022\/08\/chin-chin-making-machine-300x225.jpg 300w\" sizes=\"auto, (max-width: 720px) 100vw, 720px\" \/><figcaption class=\"wp-element-caption\">m\u00e1quina de fazer queixo queixo<\/figcaption><\/figure>    <h2 class=\"wp-block-heading\">Principais m\u00e1quinas da linha de m\u00e1quinas para fabrica\u00e7\u00e3o de queixo TAIZY<\/h2>    <h3 class=\"wp-block-heading\">1. Misturador de massa<\/h3>    <p>Na linha de produ\u00e7\u00e3o comercial de chin chin, geralmente \u00e9 usada uma m\u00e1quina misturadora de massa. Ela pode misturar uma certa quantidade de farinha e \u00e1gua de cada vez para obter uma massa misturada. <\/p>    <p>A m\u00e1quina de mistura utiliza a rota\u00e7\u00e3o do misturador para misturar a farinha e a \u00e1gua at\u00e9 que uma grande massa misturada seja obtida. Toda a m\u00e1quina \u00e9 feita de material de a\u00e7o inoxid\u00e1vel de grau aliment\u00edcio. A sa\u00edda da m\u00e1quina de mistura de massa \u00e9 de 25kg, 50kg, 100kg, etc.<\/p>    <h4 class=\"wp-block-heading\">Par\u00e2metros do misturador de massa<\/h4>    <ul class=\"wp-block-list\"> <li>Capacidade: 50kg\/lote<\/li>    <li>Tempo: 3-10min<\/li>    <li>Voltagem: 380v 50hz<\/li>    <li>Pot\u00eancia: 3kw<\/li>    <li>Tamanho da m\u00e1quina: 1300*730*1100mm<\/li> <\/ul>    <figure class=\"wp-block-image size-full\"><img loading=\"lazy\" decoding=\"async\" width=\"720\" height=\"540\" src=\"https:\/\/topfoodmachine.com\/wp-content\/uploads\/2022\/08\/dough-mixer-machine.jpg\" alt=\"m\u00e1quina misturadora de massa\" class=\"wp-image-285\" srcset=\"https:\/\/topfoodmachine.com\/wp-content\/uploads\/2022\/08\/dough-mixer-machine.jpg 720w, https:\/\/topfoodmachine.com\/wp-content\/uploads\/2022\/08\/dough-mixer-machine-300x225.jpg 300w\" sizes=\"auto, (max-width: 720px) 100vw, 720px\" \/><figcaption class=\"wp-element-caption\">m\u00e1quina misturadora de massa<\/figcaption><\/figure>    <h3 class=\"wp-block-heading\">2. M\u00e1quina de prensar massa &nbsp;<\/h3>    <p>A m\u00e1quina de&nbsp;press\u00e3o de massa pressiona repetidamente a massa atrav\u00e9s do processo de transporte de massa, amassamento, press\u00e3o e dobra. <\/p>    <p>Ela substitui o complicado processo de amassamento manual tradicional. Reduz significativamente a intensidade do trabalho e melhora a produtividade. Al\u00e9m disso, a crosta pressionada repetidamente \u00e9 mais suave, mais delicada e mais refrescante.<\/p>    <h4 class=\"wp-block-heading\">Par\u00e2metros da m\u00e1quina de prensar massa<\/h4>    <ul class=\"wp-block-list\"> <li>Voltagem: 380v 50Hz<\/li>    <li>Pot\u00eancia: 3kw<\/li>    <li>Peso: 200kg<\/li>    <li>Tamanho: 1060*750*1050mm<\/li>    <li>Largura \uff1c480mm<\/li>    <li>Espessura: 5-15mm<\/li>    <li>Capacidade: 200kg\/h<\/li> <\/ul>    <figure class=\"wp-block-image size-full\"><img loading=\"lazy\" decoding=\"async\" width=\"720\" height=\"540\" src=\"https:\/\/topfoodmachine.com\/wp-content\/uploads\/2022\/08\/dough-pressing-machine.jpg\" alt=\"m\u00e1quina de press\u00e3o de massa\" class=\"wp-image-286\" srcset=\"https:\/\/topfoodmachine.com\/wp-content\/uploads\/2022\/08\/dough-pressing-machine.jpg 720w, https:\/\/topfoodmachine.com\/wp-content\/uploads\/2022\/08\/dough-pressing-machine-300x225.jpg 300w\" sizes=\"auto, (max-width: 720px) 100vw, 720px\" \/><figcaption class=\"wp-element-caption\">m\u00e1quina de press\u00e3o de massa<\/figcaption><\/figure>    <h3 class=\"wp-block-heading\">3. M\u00e1quina de corte de chin chin<\/h3>    <p class=\"translation-block\">A <a href=\"https:\/\/topfoodmachine.com\/pt\/product\/chin-chin-cutting-machine\/\" data-type=\"link\" data-id=\"https:\/\/topfoodmachine.com\/product\/chin-chin-cutting-machine\/\">m\u00e1quina cortadora de chin chin<\/a> \u00e9 aplicada para pressionar e cortar folhas de massa em pequenos peda\u00e7os. O tamanho e a espessura dos produtos acabados podem ser personalizados de acordo com as prefer\u00eancias.<\/p>    <p>Al\u00e9m disso, a m\u00e1quina cortadora de chin chin pode cortar a massa em v\u00e1rias formas, como quadrados, losangos e tiras, mudando as l\u00e2minas de corte.<\/p>    <figure class=\"wp-block-image size-full\"><img loading=\"lazy\" decoding=\"async\" width=\"720\" height=\"540\" src=\"https:\/\/topfoodmachine.com\/wp-content\/uploads\/2022\/08\/Chin-Chin-Maker-for-sale.webp\" alt=\"M\u00e1quina de chin chin \u00e0 venda\" class=\"wp-image-1279\" srcset=\"https:\/\/topfoodmachine.com\/wp-content\/uploads\/2022\/08\/Chin-Chin-Maker-for-sale.webp 720w, https:\/\/topfoodmachine.com\/wp-content\/uploads\/2022\/08\/Chin-Chin-Maker-for-sale-300x225.webp 300w, https:\/\/topfoodmachine.com\/wp-content\/uploads\/2022\/08\/Chin-Chin-Maker-for-sale-16x12.webp 16w\" sizes=\"auto, (max-width: 720px) 100vw, 720px\" \/><figcaption class=\"wp-element-caption\">M\u00e1quina de chin chin \u00e0 venda<\/figcaption><\/figure>    <h4 class=\"wp-block-heading\">Par\u00e2metros t\u00e9cnicos da m\u00e1quina cortadora de chin chin<\/h4>    <ul class=\"wp-block-list\"> <li>Voltagem: 380v,50hz<\/li>    <li>Pot\u00eancia: 2.6kw<\/li>    <li>Capacidade: 150~300kg\/h<\/li>    <li>Peso: 170kg<\/li>    <li>Tamanho: 1500*560*1200mm<\/li>    <li>Faixa de largura: 1.5-15mm; larguras diferentes, voc\u00ea pode alcan\u00e7\u00e1-las mudando o cortador.<\/li> <\/ul>    <figure class=\"wp-block-image size-full\"><img loading=\"lazy\" decoding=\"async\" width=\"720\" height=\"540\" src=\"https:\/\/topfoodmachine.com\/wp-content\/uploads\/2022\/08\/chin-chin-cutting-machine.jpg\" alt=\"m\u00e1quina de corte de queixo\" class=\"wp-image-282\" srcset=\"https:\/\/topfoodmachine.com\/wp-content\/uploads\/2022\/08\/chin-chin-cutting-machine.jpg 720w, https:\/\/topfoodmachine.com\/wp-content\/uploads\/2022\/08\/chin-chin-cutting-machine-300x225.jpg 300w\" sizes=\"auto, (max-width: 720px) 100vw, 720px\" \/><figcaption class=\"wp-element-caption\">m\u00e1quina de corte de queixo<\/figcaption><\/figure>    <h3 class=\"wp-block-heading\">4. M\u00e1quina de fritar chin chin<\/h3>    <p>O Fritador de Chin Chin \u00e9 usado para fritar chin chin para amadurecer e mold\u00e1-lo. Uma ampla variedade de op\u00e7\u00f5es de fritadores de chin chin est\u00e1 dispon\u00edvel para voc\u00ea, como fritador de caixa, fritador circular e fritador de esteira cont\u00ednua. Eles t\u00eam diferentes graus de automa\u00e7\u00e3o. <\/p>    <p>A linha de produ\u00e7\u00e3o de chin chin semi-autom\u00e1tica pode escolher entre fritadores do tipo caixa e do tipo redondo. Fritadores de esteira cont\u00ednua s\u00e3o geralmente usados em f\u00e1bricas de processamento de chin chin para alta demanda de produ\u00e7\u00e3o.<\/p>    <h4 class=\"wp-block-heading\">Par\u00e2metros da m\u00e1quina de fritar chin chin<\/h4>    <ul class=\"wp-block-list\"> <li>Pot\u00eancia de aquecimento: 12kw<\/li>    <li>Peso da m\u00e1quina: 150kg<\/li>    <li>Tamanho da cesta: 500*500mm<\/li>    <li>Tamanho: 700*700*950mm<\/li>    <li>Capacidade: cerca de 50 kg\/h<\/li> <\/ul>    <figure class=\"wp-block-image size-full\"><img loading=\"lazy\" decoding=\"async\" width=\"720\" height=\"540\" src=\"https:\/\/topfoodmachine.com\/wp-content\/uploads\/2022\/08\/chin-chin-frying-machine.jpg\" alt=\"m\u00e1quina de fritar chin chin\" class=\"wp-image-287\" srcset=\"https:\/\/topfoodmachine.com\/wp-content\/uploads\/2022\/08\/chin-chin-frying-machine.jpg 720w, https:\/\/topfoodmachine.com\/wp-content\/uploads\/2022\/08\/chin-chin-frying-machine-300x225.jpg 300w\" sizes=\"auto, (max-width: 720px) 100vw, 720px\" \/><figcaption class=\"wp-element-caption\">m\u00e1quina de fritar chin chin<\/figcaption><\/figure>    <h3 class=\"wp-block-heading\">5. M\u00e1quina de desengorduramento<\/h3>    <p>Para evitar que uma grande quantidade de gordura adira ao chin chin ap\u00f3s a fritura, o que afeta o sabor do chin chin. \u00c9 necess\u00e1ria uma m\u00e1quina de desengorduramento para remover o excesso de gordura do chin chin. <\/p>    <p>A m\u00e1quina de desengorduramento geralmente adota o princ\u00edpio centr\u00edfugo para desengordurar. O tempo de desengorduramento pode ser cronometrado e um dispositivo de alarme pode ser adicionado para lembrar.<\/p>    <h4 class=\"wp-block-heading\">Par\u00e2metros da m\u00e1quina de desengorduramento<\/h4>    <ul class=\"wp-block-list\"> <li>Capacidade: 100-200kg\/h<\/li>    <li>Dimens\u00e3o: 1100*500*850mm<\/li>    <li>Voltagem: 380V, 50hz<\/li>    <li>Pot\u00eancia: 1.1kw &nbsp;<\/li>    <li>Peso: 150kg<\/li> <\/ul>    <figure class=\"wp-block-image size-full\"><img loading=\"lazy\" decoding=\"async\" width=\"720\" height=\"540\" src=\"https:\/\/topfoodmachine.com\/wp-content\/uploads\/2022\/08\/de-oiling-machine.jpg\" alt=\"m\u00e1quina de desengorduramento\" class=\"wp-image-288\" srcset=\"https:\/\/topfoodmachine.com\/wp-content\/uploads\/2022\/08\/de-oiling-machine.jpg 720w, https:\/\/topfoodmachine.com\/wp-content\/uploads\/2022\/08\/de-oiling-machine-300x225.jpg 300w\" sizes=\"auto, (max-width: 720px) 100vw, 720px\" \/><figcaption class=\"wp-element-caption\">m\u00e1quina de desengorduramento<\/figcaption><\/figure>    <h3 class=\"wp-block-heading\">6. M\u00e1quina de embalagem de chin chin &nbsp;<\/h3>    <p class=\"translation-block\"><a href=\"https:\/\/taizypackaging.com\/how-to-package-chinchin-snacks\/\" target=\"_blank\" rel=\"noreferrer noopener\">A m\u00e1quina de embalagem de chin chin<\/a> \u00e9 um tipo de m\u00e1quina de embalagem de bolsa de gr\u00e2nulos. Ela possui a fun\u00e7\u00e3o de pesar automaticamente, encher, fazer bolsas, codificar e selar. <\/p>    <p class=\"translation-block\">Na <a href=\"https:\/\/topfoodmachine.com\/pt\/\">f\u00e1brica Taizy<\/a>, fornecemos dois tipos diferentes de m\u00e1quinas de embalagem de chin chin, m\u00e1quinas de embalagem de gr\u00e2nulos verticais pequenas e m\u00e1quinas de embalagem com pesagem multi-cabe\u00e7a. Elas t\u00eam caracter\u00edsticas e benef\u00edcios diferentes. E s\u00e3o adequadas para diferentes requisitos de produ\u00e7\u00e3o. <\/p>    <p>A pequena m\u00e1quina de embalagem de gr\u00e2nulos \u00e9 ideal para capacidade de produ\u00e7\u00e3o pequena, e a m\u00e1quina de embalagem com pesagem multi-cabe\u00e7a tem uma produtividade bastante alta e \u00e9 adequada para grandes necessidades de produ\u00e7\u00e3o.<\/p>    <h4 class=\"wp-block-heading\">Par\u00e2metros da m\u00e1quina de embalagem de chin chin<\/h4>    <ul class=\"wp-block-list\"> <li>Estilo da bolsa: selagem traseira<\/li>    <li>Velocidade de embalagem: 32-72 bolsas\/min ou 100-130 bolsas\/min<\/li>    <li>Comprimento da bolsa: 30-180mm<\/li>    <li>Largura da bolsa: 25-145mm (precisa substituir o molde)<\/li>    <li>Faixa de enchimento: 22-220ml<\/li>    <li>Pot\u00eancia: 1.8kw<\/li>    <li>Tamanho: 650*1050*1950mm<\/li>    <li>Peso: 250kg<\/li> <\/ul>    <figure class=\"wp-block-image size-full\"><img loading=\"lazy\" decoding=\"async\" width=\"720\" height=\"540\" src=\"https:\/\/topfoodmachine.com\/wp-content\/uploads\/2022\/08\/chin-chin-packaging-machine.jpg\" alt=\"m\u00e1quina de embalagem de chin chin\" class=\"wp-image-281\" srcset=\"https:\/\/topfoodmachine.com\/wp-content\/uploads\/2022\/08\/chin-chin-packaging-machine.jpg 720w, https:\/\/topfoodmachine.com\/wp-content\/uploads\/2022\/08\/chin-chin-packaging-machine-300x225.jpg 300w\" sizes=\"auto, (max-width: 720px) 100vw, 720px\" \/><figcaption class=\"wp-element-caption\">m\u00e1quina de embalagem de chin chin<\/figcaption><\/figure>    <h2 class=\"wp-block-heading\">Caracter\u00edsticas da linha de produ\u00e7\u00e3o autom\u00e1tica de queixo<\/h2>    <ul class=\"wp-block-list\"> <li>Estrutura simples e design razo\u00e1vel, f\u00e1cil de operar<\/li>    <li>Dispon\u00edvel em modelos semi-autom\u00e1ticos e totalmente autom\u00e1ticos com diferentes especifica\u00e7\u00f5es para atender a v\u00e1rios requisitos de produ\u00e7\u00e3o<\/li>    <li>Ampla gama de aplica\u00e7\u00f5es; pode produzir macarr\u00e3o de arroz, tr\u00eas facas de mel, etc., mudando diferentes cortadores<\/li>    <li>Forma uniforme, corte uniforme, boa forma e sem desperd\u00edcio de massa<\/li>    <li>Alto n\u00edvel de automa\u00e7\u00e3o, garantindo alta efici\u00eancia<\/li>    <li>Equipado com uma tela vibrat\u00f3ria para evitar que a massa cortada grude<\/li> <\/ul>    <figure class=\"wp-block-gallery has-nested-images columns-default is-cropped wp-block-gallery-3 is-layout-flex wp-block-gallery-is-layout-flex\"> <figure class=\"wp-block-image size-large\"><img loading=\"lazy\" decoding=\"async\" width=\"720\" height=\"540\" data-id=\"1280\" src=\"https:\/\/topfoodmachine.com\/wp-content\/uploads\/2022\/08\/Chin-Chin-Maker.webp\" alt=\"M\u00e1quina de Chin Chin\" class=\"wp-image-1280\" srcset=\"https:\/\/topfoodmachine.com\/wp-content\/uploads\/2022\/08\/Chin-Chin-Maker.webp 720w, https:\/\/topfoodmachine.com\/wp-content\/uploads\/2022\/08\/Chin-Chin-Maker-300x225.webp 300w, https:\/\/topfoodmachine.com\/wp-content\/uploads\/2022\/08\/Chin-Chin-Maker-16x12.webp 16w\" sizes=\"auto, (max-width: 720px) 100vw, 720px\" \/><figcaption class=\"wp-element-caption\">M\u00e1quina de Chin Chin<\/figcaption><\/figure>    <figure class=\"wp-block-image size-large\"><img loading=\"lazy\" decoding=\"async\" width=\"720\" height=\"540\" data-id=\"1281\" src=\"https:\/\/topfoodmachine.com\/wp-content\/uploads\/2022\/08\/Chin-Chin-Making-Machine-in-stock.webp\" alt=\"M\u00e1quina de fazer Chin Chin em estoque\" class=\"wp-image-1281\" srcset=\"https:\/\/topfoodmachine.com\/wp-content\/uploads\/2022\/08\/Chin-Chin-Making-Machine-in-stock.webp 720w, https:\/\/topfoodmachine.com\/wp-content\/uploads\/2022\/08\/Chin-Chin-Making-Machine-in-stock-300x225.webp 300w, https:\/\/topfoodmachine.com\/wp-content\/uploads\/2022\/08\/Chin-Chin-Making-Machine-in-stock-16x12.webp 16w\" sizes=\"auto, (max-width: 720px) 100vw, 720px\" \/><figcaption class=\"wp-element-caption\">M\u00e1quina de fazer Chin Chin em estoque<\/figcaption><\/figure> <\/figure>    <h2 class=\"wp-block-heading\">Por que o queixo \u00e9 t\u00e3o popular na Nig\u00e9ria?<\/h2>    <p>Chin chin \u00e9 um lanche frito de macarr\u00e3o muito popular em pa\u00edses da \u00c1frica Ocidental, especialmente na Nig\u00e9ria e em Gana. Nesses pa\u00edses da \u00c1frica Ocidental, o chin chin \u00e9 um lanche que \u00e9 frequentemente consumido em festas e durante o tempo livre. Como \u00e9 f\u00e1cil de fazer, pode ser consumido a qualquer hora e em qualquer lugar, e \u00e9 muito saboroso. <\/p>    <p>Como resultado, a produ\u00e7\u00e3o e opera\u00e7\u00e3o do chin chin se expandiram gradualmente dos pa\u00edses da \u00c1frica Ocidental para o Reino Unido, Estados Unidos, Filipinas e muitos outros pa\u00edses e regi\u00f5es.<\/p>    <figure class=\"wp-block-gallery has-nested-images columns-default is-cropped wp-block-gallery-4 is-layout-flex wp-block-gallery-is-layout-flex\"> <figure class=\"wp-block-image size-large\"><img loading=\"lazy\" decoding=\"async\" width=\"720\" height=\"540\" data-id=\"1282\" src=\"https:\/\/topfoodmachine.com\/wp-content\/uploads\/2022\/08\/commercial-Chin-Chin-Making-Machine.webp\" alt=\"M\u00e1quina comercial de fazer Chin Chin\" class=\"wp-image-1282\" srcset=\"https:\/\/topfoodmachine.com\/wp-content\/uploads\/2022\/08\/commercial-Chin-Chin-Making-Machine.webp 720w, https:\/\/topfoodmachine.com\/wp-content\/uploads\/2022\/08\/commercial-Chin-Chin-Making-Machine-300x225.webp 300w, https:\/\/topfoodmachine.com\/wp-content\/uploads\/2022\/08\/commercial-Chin-Chin-Making-Machine-16x12.webp 16w\" sizes=\"auto, (max-width: 720px) 100vw, 720px\" \/><figcaption class=\"wp-element-caption\">M\u00e1quina comercial de fazer Chin Chin<\/figcaption><\/figure>    <figure class=\"wp-block-image size-large\"><img loading=\"lazy\" decoding=\"async\" width=\"720\" height=\"540\" data-id=\"1283\" src=\"https:\/\/topfoodmachine.com\/wp-content\/uploads\/2022\/08\/details-of-Chin-Chin-Making-Machine.webp\" alt=\"detalhes da M\u00e1quina de Fazer Chin Chin\" class=\"wp-image-1283\" srcset=\"https:\/\/topfoodmachine.com\/wp-content\/uploads\/2022\/08\/details-of-Chin-Chin-Making-Machine.webp 720w, https:\/\/topfoodmachine.com\/wp-content\/uploads\/2022\/08\/details-of-Chin-Chin-Making-Machine-300x225.webp 300w, https:\/\/topfoodmachine.com\/wp-content\/uploads\/2022\/08\/details-of-Chin-Chin-Making-Machine-16x12.webp 16w\" sizes=\"auto, (max-width: 720px) 100vw, 720px\" \/><figcaption class=\"wp-element-caption\">detalhes da M\u00e1quina de Fazer Chin Chin<\/figcaption><\/figure> <\/figure>    <h2 class=\"wp-block-heading\">Conclus\u00e3o<\/h2>    <p>Em conclus\u00e3o, nossa m\u00e1quina de fazer Chin Chin oferece uma solu\u00e7\u00e3o simples, eficiente e vers\u00e1til para suas necessidades de produ\u00e7\u00e3o de lanches. <\/p>    <p>Com seu design amig\u00e1vel, ampla gama de aplica\u00e7\u00f5es e alto n\u00edvel de automa\u00e7\u00e3o, \u00e9 a escolha perfeita para empresas que buscam otimizar seu processo de produ\u00e7\u00e3o enquanto mant\u00eam altos padr\u00f5es de qualidade.<\/p>    <p>Entre em contato conosco agora para mais informa\u00e7\u00f5es e para solicitar um or\u00e7amento!<\/p>    <figure class=\"wp-block-image size-full\"><img loading=\"lazy\" decoding=\"async\" width=\"720\" height=\"540\" src=\"https:\/\/topfoodmachine.com\/wp-content\/uploads\/2022\/08\/exported-Chin-Chin-Making-Machine.webp\" alt=\"M\u00e1quina de fazer Chin Chin exportada\" class=\"wp-image-1284\" srcset=\"https:\/\/topfoodmachine.com\/wp-content\/uploads\/2022\/08\/exported-Chin-Chin-Making-Machine.webp 720w, https:\/\/topfoodmachine.com\/wp-content\/uploads\/2022\/08\/exported-Chin-Chin-Making-Machine-300x225.webp 300w, https:\/\/topfoodmachine.com\/wp-content\/uploads\/2022\/08\/exported-Chin-Chin-Making-Machine-16x12.webp 16w\" sizes=\"auto, (max-width: 720px) 100vw, 720px\" \/><figcaption class=\"wp-element-caption\">M\u00e1quina de fazer Chin Chin exportada<\/figcaption><\/figure>    <p>&nbsp;<\/p>","protected":false},"excerpt":{"rendered":"<p>A linha de m\u00e1quinas para fazer chin chin ou linha de produ\u00e7\u00e3o de chin chin \u00e9 ideal para seu restaurante, lojas de lanches, cafeterias, etc. Consiste principalmente em 6 m\u00e1quinas: misturador de massa, m\u00e1quina de prensar massa, m\u00e1quina de corte de chin chin, m\u00e1quina de fritar chin chin, m\u00e1quina de desengorduramento e m\u00e1quina de embalagem de chin chin.<\/p>","protected":false},"author":1,"featured_media":278,"parent":0,"template":"","tags":[13],"product-type":[6],"class_list":["post-277","product","type-product","status-publish","has-post-thumbnail","hentry","tag-frying-equipment","product-type-pastry-production-machine"],"_links":{"self":[{"href":"https:\/\/topfoodmachine.com\/pt\/wp-json\/wp\/v2\/product\/277","targetHints":{"allow":["GET"]}}],"collection":[{"href":"https:\/\/topfoodmachine.com\/pt\/wp-json\/wp\/v2\/product"}],"about":[{"href":"https:\/\/topfoodmachine.com\/pt\/wp-json\/wp\/v2\/types\/product"}],"author":[{"embeddable":true,"href":"https:\/\/topfoodmachine.com\/pt\/wp-json\/wp\/v2\/users\/1"}],"wp:featuredmedia":[{"embeddable":true,"href":"https:\/\/topfoodmachine.com\/pt\/wp-json\/wp\/v2\/media\/278"}],"wp:attachment":[{"href":"https:\/\/topfoodmachine.com\/pt\/wp-json\/wp\/v2\/media?parent=277"}],"wp:term":[{"taxonomy":"post_tag","embeddable":true,"href":"https:\/\/topfoodmachine.com\/pt\/wp-json\/wp\/v2\/tags?post=277"},{"taxonomy":"product-type","embeddable":true,"href":"https:\/\/topfoodmachine.com\/pt\/wp-json\/wp\/v2\/product-type?post=277"}],"curies":[{"name":"wp","href":"https:\/\/api.w.org\/{rel}","templated":true}]}}