{"id":258,"date":"2022-07-28T10:48:05","date_gmt":"2022-07-28T10:48:05","guid":{"rendered":"https:\/\/topfoodmachine.com\/?post_type=product&#038;p=258"},"modified":"2022-09-20T03:28:42","modified_gmt":"2022-09-20T03:28:42","slug":"meat-dicing-machine","status":"publish","type":"product","link":"https:\/\/topfoodmachine.com\/pt\/product\/meat-dicing-machine\/","title":{"rendered":"M\u00e1quina de cortar carne"},"content":{"rendered":"<div class=\"kk-star-ratings kksr-auto kksr-align-left kksr-valign-top\"     data-payload='{&quot;align&quot;:&quot;left&quot;,&quot;id&quot;:&quot;258&quot;,&quot;slug&quot;:&quot;default&quot;,&quot;valign&quot;:&quot;top&quot;,&quot;ignore&quot;:&quot;&quot;,&quot;reference&quot;:&quot;auto&quot;,&quot;class&quot;:&quot;&quot;,&quot;count&quot;:&quot;7&quot;,&quot;legendonly&quot;:&quot;&quot;,&quot;readonly&quot;:&quot;&quot;,&quot;score&quot;:&quot;4.6&quot;,&quot;starsonly&quot;:&quot;&quot;,&quot;best&quot;:&quot;5&quot;,&quot;gap&quot;:&quot;5&quot;,&quot;greet&quot;:&quot;Rate this product&quot;,&quot;legend&quot;:&quot;4.6\\\/5 - (7 votes)&quot;,&quot;size&quot;:&quot;24&quot;,&quot;title&quot;:&quot;Meat Dicing Machine&quot;,&quot;width&quot;:&quot;130.9&quot;,&quot;_legend&quot;:&quot;{score}\\\/{best} - ({count} {votes})&quot;,&quot;font_factor&quot;:&quot;1.25&quot;}'>              <div class=\"kksr-stars\">      <div class=\"kksr-stars-inactive\">             <div class=\"kksr-star\" data-star=\"1\" style=\"padding-right: 5px\">               <div class=\"kksr-icon\" style=\"width: 24px; height: 24px;\"><\/div>         <\/div>             <div class=\"kksr-star\" data-star=\"2\" style=\"padding-right: 5px\">               <div class=\"kksr-icon\" style=\"width: 24px; height: 24px;\"><\/div>         <\/div>             <div class=\"kksr-star\" data-star=\"3\" style=\"padding-right: 5px\">               <div class=\"kksr-icon\" style=\"width: 24px; height: 24px;\"><\/div>         <\/div>             <div class=\"kksr-star\" data-star=\"4\" style=\"padding-right: 5px\">               <div class=\"kksr-icon\" style=\"width: 24px; height: 24px;\"><\/div>         <\/div>             <div class=\"kksr-star\" data-star=\"5\" style=\"padding-right: 5px\">               <div class=\"kksr-icon\" style=\"width: 24px; height: 24px;\"><\/div>         <\/div>     <\/div>      <div class=\"kksr-stars-active\" style=\"width: 130.9px;\">             <div class=\"kksr-star\" style=\"padding-right: 5px\">               <div class=\"kksr-icon\" style=\"width: 24px; height: 24px;\"><\/div>         <\/div>             <div class=\"kksr-star\" style=\"padding-right: 5px\">               <div class=\"kksr-icon\" style=\"width: 24px; height: 24px;\"><\/div>         <\/div>             <div class=\"kksr-star\" style=\"padding-right: 5px\">               <div class=\"kksr-icon\" style=\"width: 24px; height: 24px;\"><\/div>         <\/div>             <div class=\"kksr-star\" style=\"padding-right: 5px\">               <div class=\"kksr-icon\" style=\"width: 24px; height: 24px;\"><\/div>         <\/div>             <div class=\"kksr-star\" style=\"padding-right: 5px\">               <div class=\"kksr-icon\" style=\"width: 24px; height: 24px;\"><\/div>         <\/div>     <\/div> <\/div>                   <div class=\"kksr-legend\" style=\"font-size: 19.2px;\">             4,6\/5 - (7 votos)    <\/div>     <\/div>  <p class=\"translation-block\"><strong>A m\u00e1quina de cortar carne<\/strong> \u00e9 especialmente projetada para cortar carne fresca, carne congelada e carne cozida. E esta m\u00e1quina \u00e9 ideal para processar v\u00e1rias carnes, como porco, frango, carne bovina, pato, carne de cordeiro, etc. A m\u00e1quina cortadora de carne \u00e9 amplamente utilizada em restaurantes, fazendas, empresas de catering em cadeia, escolas, cozinhas centrais, hipermercados e lojas de carne. Com um material dur\u00e1vel e bom desempenho, a m\u00e1quina de cortar carne pode processar automaticamente e de forma eficiente a carne em cubos, fatias, tiras e tiras. A m\u00e1quina de cortar carne \u00e0 venda da f\u00e1brica Taizy tem boa qualidade e pre\u00e7os acess\u00edveis. Nossas m\u00e1quinas s\u00e3o escolhidas por milhares de clientes. Se voc\u00ea estiver interessado nesta m\u00e1quina comercial de cortar carne, entre em contato conosco para uma lista de pre\u00e7os gratuita.<\/p>    <h2 class=\"wp-block-heading\">O que \u00e9 um cortador de carne?<\/h2>    <p>Cortador de carne ou m\u00e1quina de cortar carne \u00e9, na verdade, um equipamento de processamento de carne. pode cortar v\u00e1rios tipos de carne fresca e congelada em fatias, peda\u00e7os, tiras e cubos. \u00c9 equipado com uma faca de corte dur\u00e1vel, que pode trabalhar de forma eficiente e cont\u00ednua para voc\u00ea.<\/p>    <figure class=\"wp-block-image size-full\"><img loading=\"lazy\" decoding=\"async\" width=\"720\" height=\"540\" src=\"https:\/\/topfoodmachine.com\/wp-content\/uploads\/2022\/07\/meat-dicing-machine.jpg\" alt=\"m\u00e1quina de cortar carne\" class=\"wp-image-260\" srcset=\"https:\/\/topfoodmachine.com\/wp-content\/uploads\/2022\/07\/meat-dicing-machine.jpg 720w, https:\/\/topfoodmachine.com\/wp-content\/uploads\/2022\/07\/meat-dicing-machine-300x225.jpg 300w\" sizes=\"auto, (max-width: 720px) 100vw, 720px\" \/><figcaption>m\u00e1quina de cortar carne<\/figcaption><\/figure>    <h2 class=\"wp-block-heading\">Recursos de desempenho da m\u00e1quina cortadora de carne<\/h2>    <ol class=\"wp-block-list\" type=\"1\"><li>A m\u00e1quina industrial de corte de carne usa uma estrutura completa de m\u00e1quina de a\u00e7o inoxid\u00e1vel 304, material dur\u00e1vel e de qualidade alimentar<\/li><li>Al\u00e9m da fun\u00e7\u00e3o de corte em cubos, esta m\u00e1quina tamb\u00e9m pode ser usada para fatias, peda\u00e7os e tiras de carne<\/li><li>Suporta o processamento de carne congelada, carne cozida, carne fresca e produtos av\u00edcolas com ossos<\/li><li>A m\u00e1quina de cortar carne em cubos pode controlar com precis\u00e3o o tamanho da carne cortada em cubos, alterando o n\u00famero de l\u00e2minas<\/li><li>A m\u00e1quina est\u00e1 equipada com um dispositivo de seguran\u00e7a confi\u00e1vel para garantir a opera\u00e7\u00e3o segura<\/li><li>Adota um sistema avan\u00e7ado de opera\u00e7\u00e3o com tela de toque, f\u00e1cil de operar<\/li><li>A velocidade de corte da m\u00e1quina de cortar carne \u00e9 de 50 \u2013 120 vezes por minuto<\/li><li>Os componentes principais da m\u00e1quina e do sistema de transmiss\u00e3o adotam uma estrutura selada com fun\u00e7\u00e3o \u00e0 prova d'\u00e1gua &nbsp;<\/li><\/ol>    <figure class=\"wp-block-image size-full\"><img loading=\"lazy\" decoding=\"async\" width=\"720\" height=\"540\" src=\"https:\/\/topfoodmachine.com\/wp-content\/uploads\/2022\/07\/commercial-meat-dicer.jpg\" alt=\"cortador de carne comercial\" class=\"wp-image-262\" srcset=\"https:\/\/topfoodmachine.com\/wp-content\/uploads\/2022\/07\/commercial-meat-dicer.jpg 720w, https:\/\/topfoodmachine.com\/wp-content\/uploads\/2022\/07\/commercial-meat-dicer-300x225.jpg 300w\" sizes=\"auto, (max-width: 720px) 100vw, 720px\" \/><figcaption>cortador de carne comercial<\/figcaption><\/figure>    <h2 class=\"wp-block-heading\">Par\u00e2metros do equipamento de corte de carne Taizy<\/h2>    <figure class=\"wp-block-table\"><table><tbody><tr><td>Modelo<\/td><td>Poder<\/td><td>Capacidade<\/td><td>Tamanho<\/td><td>Peso<\/td><\/tr><tr><td>TZ-350<\/td><td>3 kW<\/td><td>500-600 kg\/hora<\/td><td>1480*800*980mm<\/td><td>270kg<\/td><\/tr><tr><td>TZ-550<\/td><td>3,7 kW<\/td><td>700-900 kg\/hora<\/td><td>1940*980*1100mm<\/td><td>400kg<\/td><\/tr><\/tbody><\/table><\/figure>    <h2 class=\"wp-block-heading\">Estrutura da m\u00e1quina de corte de carne<\/h2>    <p>A m\u00e1quina el\u00e9trica para cortar carne em cubos \u00e9 composta principalmente por uma concha, faca vertical, pedestal, placa de compartilhamento, unidade de corte transversal, dispositivo de corte, sistema de controle el\u00e9trico e sistema de transmiss\u00e3o.<\/p>    <p>A m\u00e1quina pode ser dividida em uma m\u00e1quina de cortar peixe e uma m\u00e1quina de cortar carne, uma m\u00e1quina de cortar carne cozida e uma m\u00e1quina de cortar frango e pato. &nbsp;<\/p>    <figure class=\"wp-block-image size-full\"><img loading=\"lazy\" decoding=\"async\" width=\"720\" height=\"540\" src=\"https:\/\/topfoodmachine.com\/wp-content\/uploads\/2022\/07\/meat-dicer-machine-packaged.jpg\" alt=\"m\u00e1quina de cortar carne embalada\" class=\"wp-image-265\" srcset=\"https:\/\/topfoodmachine.com\/wp-content\/uploads\/2022\/07\/meat-dicer-machine-packaged.jpg 720w, https:\/\/topfoodmachine.com\/wp-content\/uploads\/2022\/07\/meat-dicer-machine-packaged-300x225.jpg 300w\" sizes=\"auto, (max-width: 720px) 100vw, 720px\" \/><figcaption>m\u00e1quina de cortar carne embalada<\/figcaption><\/figure>    <h2 class=\"wp-block-heading\">Princ\u00edpio de funcionamento da m\u00e1quina de corte de carne<\/h2>    <ol class=\"wp-block-list\" type=\"1\"><li>O princ\u00edpio b\u00e1sico de funcionamento \u00e9 que o motor da m\u00e1quina aciona a rota\u00e7\u00e3o da faca e da l\u00e2mina.<\/li><li>Sob a a\u00e7\u00e3o da for\u00e7a centr\u00edfuga, a mat\u00e9ria-prima \u00e9 cortada em fatias com o aux\u00edlio de facas verticais e depois cortada em fatias por meio de facas circulares.&nbsp;<\/li><li>Por fim, a mat\u00e9ria-prima \u00e9 cortada em cubos ou ret\u00e2ngulos por meio de l\u00e2minas transversais com folga inferior a 0,1 mm entre as l\u00e2minas.&nbsp;<\/li><\/ol>","protected":false},"excerpt":{"rendered":"<p>Meat dicing machine is specially designed for dicing fresh meat, frozen meat, and cooked meat. And this machine is ideal for processing various meats, such as pork, chicken, beef, duck, mutton, etc. The meat dicer machine is widely used in restaurants, farms, chain catering enterprises, schools, central kitchens, hypermarkets, and meat stores. With a durable [&hellip;]<\/p>\n","protected":false},"author":1,"featured_media":260,"parent":0,"template":"","tags":[12],"product-type":[7],"class_list":["post-258","product","type-product","status-publish","has-post-thumbnail","hentry","tag-egg-meat-processing-machine","product-type-egg-meat-processing-machine"],"_links":{"self":[{"href":"https:\/\/topfoodmachine.com\/pt\/wp-json\/wp\/v2\/product\/258","targetHints":{"allow":["GET"]}}],"collection":[{"href":"https:\/\/topfoodmachine.com\/pt\/wp-json\/wp\/v2\/product"}],"about":[{"href":"https:\/\/topfoodmachine.com\/pt\/wp-json\/wp\/v2\/types\/product"}],"author":[{"embeddable":true,"href":"https:\/\/topfoodmachine.com\/pt\/wp-json\/wp\/v2\/users\/1"}],"wp:featuredmedia":[{"embeddable":true,"href":"https:\/\/topfoodmachine.com\/pt\/wp-json\/wp\/v2\/media\/260"}],"wp:attachment":[{"href":"https:\/\/topfoodmachine.com\/pt\/wp-json\/wp\/v2\/media?parent=258"}],"wp:term":[{"taxonomy":"post_tag","embeddable":true,"href":"https:\/\/topfoodmachine.com\/pt\/wp-json\/wp\/v2\/tags?post=258"},{"taxonomy":"product-type","embeddable":true,"href":"https:\/\/topfoodmachine.com\/pt\/wp-json\/wp\/v2\/product-type?post=258"}],"curies":[{"name":"wp","href":"https:\/\/api.w.org\/{rel}","templated":true}]}}