{"id":2169,"date":"2026-03-24T16:54:35","date_gmt":"2026-03-24T08:54:35","guid":{"rendered":"https:\/\/topfoodmachine.com\/?post_type=product&#038;p=2169"},"modified":"2026-03-24T17:20:25","modified_gmt":"2026-03-24T09:20:25","slug":"superfine-grinding-machine","status":"publish","type":"product","link":"https:\/\/topfoodmachine.com\/pt\/product\/superfine-grinding-machine\/","title":{"rendered":"M\u00e1quina de moagem superfina"},"content":{"rendered":"<div class=\"kk-star-ratings kksr-auto kksr-align-left kksr-valign-top\"     data-payload='{&quot;align&quot;:&quot;left&quot;,&quot;id&quot;:&quot;2169&quot;,&quot;slug&quot;:&quot;default&quot;,&quot;valign&quot;:&quot;top&quot;,&quot;ignore&quot;:&quot;&quot;,&quot;reference&quot;:&quot;auto&quot;,&quot;class&quot;:&quot;&quot;,&quot;count&quot;:&quot;0&quot;,&quot;legendonly&quot;:&quot;&quot;,&quot;readonly&quot;:&quot;&quot;,&quot;score&quot;:&quot;0&quot;,&quot;starsonly&quot;:&quot;&quot;,&quot;best&quot;:&quot;5&quot;,&quot;gap&quot;:&quot;5&quot;,&quot;greet&quot;:&quot;Rate this product&quot;,&quot;legend&quot;:&quot;0\\\/5 - (0 votes)&quot;,&quot;size&quot;:&quot;24&quot;,&quot;title&quot;:&quot;Superfine grinding machine&quot;,&quot;width&quot;:&quot;0&quot;,&quot;_legend&quot;:&quot;{score}\\\/{best} - ({count} {votes})&quot;,&quot;font_factor&quot;:&quot;1.25&quot;}'>              <div class=\"kksr-stars\">      <div class=\"kksr-stars-inactive\">             <div class=\"kksr-star\" data-star=\"1\" style=\"padding-right: 5px\">               <div class=\"kksr-icon\" style=\"width: 24px; height: 24px;\"><\/div>         <\/div>             <div class=\"kksr-star\" data-star=\"2\" style=\"padding-right: 5px\">               <div class=\"kksr-icon\" style=\"width: 24px; height: 24px;\"><\/div>         <\/div>             <div class=\"kksr-star\" data-star=\"3\" style=\"padding-right: 5px\">               <div class=\"kksr-icon\" style=\"width: 24px; height: 24px;\"><\/div>         <\/div>             <div class=\"kksr-star\" data-star=\"4\" style=\"padding-right: 5px\">               <div class=\"kksr-icon\" style=\"width: 24px; height: 24px;\"><\/div>         <\/div>             <div class=\"kksr-star\" data-star=\"5\" style=\"padding-right: 5px\">               <div class=\"kksr-icon\" style=\"width: 24px; height: 24px;\"><\/div>         <\/div>     <\/div>      <div class=\"kksr-stars-active\" style=\"width: 0px;\">             <div class=\"kksr-star\" style=\"padding-right: 5px\">               <div class=\"kksr-icon\" style=\"width: 24px; height: 24px;\"><\/div>         <\/div>             <div class=\"kksr-star\" style=\"padding-right: 5px\">               <div class=\"kksr-icon\" style=\"width: 24px; height: 24px;\"><\/div>         <\/div>             <div class=\"kksr-star\" style=\"padding-right: 5px\">               <div class=\"kksr-icon\" style=\"width: 24px; height: 24px;\"><\/div>         <\/div>             <div class=\"kksr-star\" style=\"padding-right: 5px\">               <div class=\"kksr-icon\" style=\"width: 24px; height: 24px;\"><\/div>         <\/div>             <div class=\"kksr-star\" style=\"padding-right: 5px\">               <div class=\"kksr-icon\" style=\"width: 24px; height: 24px;\"><\/div>         <\/div>     <\/div> <\/div>                   <div class=\"kksr-legend\" style=\"font-size: 19.2px;\">             <span class=\"kksr-muted\">Avalie este produto<\/span>     <\/div>     <\/div>  <p>A m\u00e1quina de moagem superfina (tamb\u00e9m conhecida como pulverizador ultrafino) pode moer materiais em p\u00f3s ultrafinos. \u00c9 amplamente utilizada em ind\u00fastrias como processamento de alimentos, farmac\u00eautica e qu\u00edmica. A m\u00e1quina utiliza l\u00e2minas rotativas de alta velocidade, martelos ou impacto de fluxo de ar para triturar e classificar finamente os materiais, atingindo uma finura de 80\u2013450 malhas ou at\u00e9 mais.<\/p>    <p class=\"translation-block\">Com uma capacidade de processamento que varia de <strong>20\u20131500 kg\/h<\/strong>, pode atender \u00e0s necessidades de produ\u00e7\u00e3o de pequena ou grande escala. Geralmente fabricada em a\u00e7o inoxid\u00e1vel, atende aos padr\u00f5es de higiene aliment\u00edcia e apresenta opera\u00e7\u00e3o est\u00e1vel, baixo ru\u00eddo e baixo consumo de energia. Alguns modelos tamb\u00e9m est\u00e3o equipados com sistemas de coleta de poeira e dispositivos de classifica\u00e7\u00e3o autom\u00e1tica para garantir um ambiente de produ\u00e7\u00e3o limpo e uma finura de p\u00f3 consistente.<\/p>    <figure class=\"wp-block-embed is-type-video is-provider-youtube wp-block-embed-youtube wp-embed-aspect-9-16 wp-has-aspect-ratio\"><div class=\"wp-block-embed__wrapper\"> <iframe loading=\"lazy\" title=\"triturador ultrafino\" width=\"422\" height=\"750\" src=\"https:\/\/www.youtube.com\/embed\/ID0gECR0WSE?feature=oembed\" frameborder=\"0\" allow=\"accelerometer; autoplay; clipboard-write; encrypted-media; gyroscope; picture-in-picture; web-share\" referrerpolicy=\"strict-origin-when-cross-origin\" allowfullscreen><\/iframe> <\/div><figcaption class=\"wp-element-caption\">V\u00eddeo de funcionamento da m\u00e1quina de moagem superfina<\/figcaption><\/figure>    <h2 class=\"wp-block-heading\">Quais materiais s\u00e3o adequados para a m\u00e1quina de moagem superfina?<\/h2>    <p class=\"translation-block\">A <strong>m\u00e1quina de moagem superfina<\/strong> \u00e9 altamente vers\u00e1til e pode processar uma ampla gama de materiais secos em diversos setores industriais. \u00c9 adequada para especiarias como pimenta, piment\u00e3o, a\u00e7afr\u00e3o e gengibre, permitindo que sejam mo\u00eddas em p\u00f3s ultrafinos para uso culin\u00e1rio, temperos ou farmac\u00eauticos. Tamb\u00e9m pode lidar com gr\u00e3os como arroz, milho, trigo e cevada, bem como a\u00e7\u00facar, sal e outros ingredientes alimentares cristalinos. <\/p>    <p>Al\u00e9m disso, a m\u00e1quina \u00e9 ideal para p\u00f3s herbais e medicinais, gr\u00e3os de caf\u00e9, frutas secas e outros materiais de origem vegetal. Sua capacidade de produzir p\u00f3s consistentes, finos e uniformes a torna perfeita para aplica\u00e7\u00f5es em processamento de alimentos, produ\u00e7\u00e3o qu\u00edmica e medicina herbal, garantindo qualidade do produto e efici\u00eancia em opera\u00e7\u00f5es de grande ou pequena escala.<\/p>    <figure class=\"wp-block-gallery has-nested-images columns-default is-cropped wp-block-gallery-2 is-layout-flex wp-block-gallery-is-layout-flex\"> <figure class=\"wp-block-image size-large\"><img loading=\"lazy\" decoding=\"async\" width=\"720\" height=\"540\" data-id=\"2173\" src=\"https:\/\/topfoodmachine.com\/wp-content\/uploads\/2026\/03\/chili-powder.webp\" alt=\"Pimenta em p\u00f3\" class=\"wp-image-2173\" srcset=\"https:\/\/topfoodmachine.com\/wp-content\/uploads\/2026\/03\/chili-powder.webp 720w, https:\/\/topfoodmachine.com\/wp-content\/uploads\/2026\/03\/chili-powder-300x225.webp 300w, https:\/\/topfoodmachine.com\/wp-content\/uploads\/2026\/03\/chili-powder-16x12.webp 16w\" sizes=\"auto, (max-width: 720px) 100vw, 720px\" \/><figcaption class=\"wp-element-caption\">Pimenta em p\u00f3<\/figcaption><\/figure>    <figure class=\"wp-block-image size-large\"><img loading=\"lazy\" decoding=\"async\" width=\"720\" height=\"540\" data-id=\"2174\" src=\"https:\/\/topfoodmachine.com\/wp-content\/uploads\/2026\/03\/grain-powder.webp\" alt=\"p\u00f3 de gr\u00e3os\" class=\"wp-image-2174\" srcset=\"https:\/\/topfoodmachine.com\/wp-content\/uploads\/2026\/03\/grain-powder.webp 720w, https:\/\/topfoodmachine.com\/wp-content\/uploads\/2026\/03\/grain-powder-300x225.webp 300w, https:\/\/topfoodmachine.com\/wp-content\/uploads\/2026\/03\/grain-powder-16x12.webp 16w\" sizes=\"auto, (max-width: 720px) 100vw, 720px\" \/><figcaption class=\"wp-element-caption\">p\u00f3 de gr\u00e3os<\/figcaption><\/figure> <\/figure>    <h2 class=\"wp-block-heading\">Triturador padr\u00e3o vs. moedor superfino<\/h2>    <p class=\"translation-block\">Ao comparar um <strong>triturador padr\u00e3o<\/strong> e um <strong>moedor superfino<\/strong>, a principal diferen\u00e7a reside no tamanho final das part\u00edculas e na gama de aplica\u00e7\u00f5es. Um triturador padr\u00e3o \u00e9 utilizado principalmente para britagem prim\u00e1ria ou m\u00e9dia, reduzindo os materiais a part\u00edculas grosseiras (tipicamente 5\u201350 mm). <\/p>    <p>Em contraste, um moedor superfino (m\u00e1quina de moagem ultrafina) \u00e9 projetado para processamento profundo, produzindo p\u00f3s com uma finura que varia de 80 a 450 malhas ou at\u00e9 mais. \u00c9 comumente utilizado nas ind\u00fastrias aliment\u00edcia, farmac\u00eautica e qu\u00edmica, onde a uniformidade e a ultra-fina granulometria s\u00e3o essenciais.<\/p>    <p>Al\u00e9m disso, os princ\u00edpios de funcionamento e desempenho tamb\u00e9m diferem significativamente. Trituradores padr\u00e3o dependem de for\u00e7a mec\u00e2nica como compress\u00e3o, impacto ou cisalhamento, oferecendo alta capacidade e baixo consumo de energia para materiais grandes. Os moedores superfinos, por outro lado, utilizam fluxo de ar de alta velocidade, vibra\u00e7\u00e3o ou sistemas de impacto e classifica\u00e7\u00e3o repetidos para alcan\u00e7ar controle preciso das part\u00edculas. <\/p>    <p>Enquanto os trituradores s\u00e3o ideais para redu\u00e7\u00e3o de tamanho em grande escala, os moedores superfinos proporcionam maior valor agregado ao melhorar a solubilidade, absor\u00e7\u00e3o e qualidade do produto. Portanto, a escolha entre ambos depende dos objetivos de produ\u00e7\u00e3o, da finura requerida e do setor de aplica\u00e7\u00e3o.<\/p>    <figure class=\"wp-block-gallery has-nested-images columns-default is-cropped wp-block-gallery-3 is-layout-flex wp-block-gallery-is-layout-flex\"> <figure class=\"wp-block-image size-large\"><img loading=\"lazy\" decoding=\"async\" width=\"720\" height=\"540\" data-id=\"2175\" src=\"https:\/\/topfoodmachine.com\/wp-content\/uploads\/2026\/03\/food-crusher.webp\" alt=\"triturador de alimentos\" class=\"wp-image-2175\" srcset=\"https:\/\/topfoodmachine.com\/wp-content\/uploads\/2026\/03\/food-crusher.webp 720w, https:\/\/topfoodmachine.com\/wp-content\/uploads\/2026\/03\/food-crusher-300x225.webp 300w, https:\/\/topfoodmachine.com\/wp-content\/uploads\/2026\/03\/food-crusher-16x12.webp 16w\" sizes=\"auto, (max-width: 720px) 100vw, 720px\" \/><figcaption class=\"wp-element-caption\">triturador de alimentos<\/figcaption><\/figure>    <figure class=\"wp-block-image size-large\"><img loading=\"lazy\" decoding=\"async\" width=\"720\" height=\"540\" data-id=\"2176\" src=\"https:\/\/topfoodmachine.com\/wp-content\/uploads\/2026\/03\/Superfine-grinding-machine-for-sale.webp\" alt=\"M\u00e1quina de moagem superfina \u00e0 venda\" class=\"wp-image-2176\" srcset=\"https:\/\/topfoodmachine.com\/wp-content\/uploads\/2026\/03\/Superfine-grinding-machine-for-sale.webp 720w, https:\/\/topfoodmachine.com\/wp-content\/uploads\/2026\/03\/Superfine-grinding-machine-for-sale-300x225.webp 300w, https:\/\/topfoodmachine.com\/wp-content\/uploads\/2026\/03\/Superfine-grinding-machine-for-sale-16x12.webp 16w\" sizes=\"auto, (max-width: 720px) 100vw, 720px\" \/><figcaption class=\"wp-element-caption\">M\u00e1quina de moagem superfina \u00e0 venda<\/figcaption><\/figure> <\/figure>    <h2 class=\"wp-block-heading\">Componentes principais da trituradora ultrafina<\/h2>    <div class=\"wp-block-media-text is-stacked-on-mobile\"><figure class=\"wp-block-media-text__media\"><img loading=\"lazy\" decoding=\"async\" width=\"720\" height=\"540\" src=\"https:\/\/topfoodmachine.com\/wp-content\/uploads\/2026\/03\/ultra-fine-crusher.webp\" alt=\"moedor ultrafino\" class=\"wp-image-2177 size-full\" srcset=\"https:\/\/topfoodmachine.com\/wp-content\/uploads\/2026\/03\/ultra-fine-crusher.webp 720w, https:\/\/topfoodmachine.com\/wp-content\/uploads\/2026\/03\/ultra-fine-crusher-300x225.webp 300w, https:\/\/topfoodmachine.com\/wp-content\/uploads\/2026\/03\/ultra-fine-crusher-16x12.webp 16w\" sizes=\"auto, (max-width: 720px) 100vw, 720px\" \/><\/figure><div class=\"wp-block-media-text__content\"> <ul class=\"wp-block-list\"> <li><strong>C\u00e2mara de tritura\u00e7\u00e3o:<\/strong> \u00c1rea central para impacto de alta velocidade e cisalhamento para alcan\u00e7ar moagem ultrafina.<\/li>    <li><strong>Peneira de alimenta\u00e7\u00e3o:<\/strong> Entrada de funil para alimenta\u00e7\u00e3o suave e cont\u00ednua de material.<\/li>    <li><strong>Motor de classifica\u00e7\u00e3o:<\/strong> Aciona o classificador para separar o p\u00f3 fino e controlar o tamanho das part\u00edculas.<\/li>    <li><strong>Motor de tritura\u00e7\u00e3o:<\/strong> Alimenta o rotor\/discos para uma pulveriza\u00e7\u00e3o eficiente.<\/li>    <li><strong>Motor de alimenta\u00e7\u00e3o:<\/strong> Garante alimenta\u00e7\u00e3o de material controlada e est\u00e1vel.<\/li> <\/ul> <\/div><\/div>    <div class=\"wp-block-media-text has-media-on-the-right is-stacked-on-mobile\"><div class=\"wp-block-media-text__content\"> <ul class=\"wp-block-list\"> <li><strong>Gabinete de controlo el\u00e9trico:<\/strong> Controle centralizado de motores, monitoramento de par\u00e2metros e automa\u00e7\u00e3o.<\/li>    <li><strong>Separador cicl\u00f4nico:<\/strong> Utiliza for\u00e7a centr\u00edfuga para separar e coletar p\u00f3 fino.<\/li>    <li><strong>V\u00e1lvula de bloqueio de ar:<\/strong> Garante descarga cont\u00ednua enquanto impede o refluxo de ar.<\/li>    <li><strong>Caixa de remo\u00e7\u00e3o de poeira:<\/strong> Filtra poeira fina e recupera p\u00f3, atendendo \u00e0s normas ambientais.<\/li>    <li><strong>Ventilador centr\u00edfugo:<\/strong> Gera press\u00e3o negativa para transporte de material.<\/li>    <li><strong>V\u00e1lvula borboleta de descarga:<\/strong> Controla a descarga do produto final para f\u00e1cil coleta e embalagem.<\/li> <\/ul> <\/div><figure class=\"wp-block-media-text__media\"><img loading=\"lazy\" decoding=\"async\" width=\"540\" height=\"720\" src=\"https:\/\/topfoodmachine.com\/wp-content\/uploads\/2026\/03\/grain-crushing-machine.webp\" alt=\"m\u00e1quina de moagem superfina\" class=\"wp-image-2178 size-full\" srcset=\"https:\/\/topfoodmachine.com\/wp-content\/uploads\/2026\/03\/grain-crushing-machine.webp 540w, https:\/\/topfoodmachine.com\/wp-content\/uploads\/2026\/03\/grain-crushing-machine-225x300.webp 225w, https:\/\/topfoodmachine.com\/wp-content\/uploads\/2026\/03\/grain-crushing-machine-9x12.webp 9w\" sizes=\"auto, (max-width: 540px) 100vw, 540px\" \/><\/figure><\/div>    <h2 class=\"wp-block-heading\">Princ\u00edpio de funcionamento da m\u00e1quina de moagem superfina<\/h2>    <p>A m\u00e1quina de moagem ultrafina alcan\u00e7a tamanhos de part\u00edculas em n\u00edvel de micron (10\u201325 \u03bcm) principalmente por impacto mec\u00e2nico, corte, moagem ou fluxo de ar de alta press\u00e3o. O processo come\u00e7a no sistema de alimenta\u00e7\u00e3o, onde as mat\u00e9rias-primas entram na c\u00e2mara de moagem. <\/p>    <p>Dentro da c\u00e2mara, rotores de alta velocidade (martelos ou l\u00e2minas) colidem, cortam e trituram o material, enquanto o fluxo de ar ultrarr\u00e1pido gerado por ar comprimido faz com que as part\u00edculas colidam e moam umas contra as outras. <\/p>    <p>O sistema de classifica\u00e7\u00e3o separa part\u00edculas finas de grossas, retornando as maiores para moagem adicional. Finalmente, part\u00edculas finas s\u00e3o coletadas por um ciclone ou filtro, enquanto os gases de escape s\u00e3o removidos. Essa combina\u00e7\u00e3o de for\u00e7as mec\u00e2nicas e de fluxo de ar garante moagem eficiente e precisa em n\u00edvel de micron.<\/p>    <figure class=\"wp-block-image size-full\"><img loading=\"lazy\" decoding=\"async\" width=\"720\" height=\"540\" src=\"https:\/\/topfoodmachine.com\/wp-content\/uploads\/2026\/03\/Superfine-grinding-machine-structure.webp\" alt=\"Estrutura da m\u00e1quina de moagem superfina\" class=\"wp-image-2179\" srcset=\"https:\/\/topfoodmachine.com\/wp-content\/uploads\/2026\/03\/Superfine-grinding-machine-structure.webp 720w, https:\/\/topfoodmachine.com\/wp-content\/uploads\/2026\/03\/Superfine-grinding-machine-structure-300x225.webp 300w, https:\/\/topfoodmachine.com\/wp-content\/uploads\/2026\/03\/Superfine-grinding-machine-structure-16x12.webp 16w\" sizes=\"auto, (max-width: 720px) 100vw, 720px\" \/><figcaption class=\"wp-element-caption\">Estrutura da m\u00e1quina de moagem superfina<\/figcaption><\/figure>    <h2 class=\"wp-block-heading\">Vantagens da m\u00e1quina de moagem superfina<\/h2>    <div class=\"wp-block-media-text is-stacked-on-mobile\"><figure class=\"wp-block-media-text__media\"><img loading=\"lazy\" decoding=\"async\" width=\"720\" height=\"540\" src=\"https:\/\/topfoodmachine.com\/wp-content\/uploads\/2026\/03\/Superfine-grinding-machine-price.webp\" alt=\"Pre\u00e7o da m\u00e1quina de moagem superfina\" class=\"wp-image-2180 size-full\" srcset=\"https:\/\/topfoodmachine.com\/wp-content\/uploads\/2026\/03\/Superfine-grinding-machine-price.webp 720w, https:\/\/topfoodmachine.com\/wp-content\/uploads\/2026\/03\/Superfine-grinding-machine-price-300x225.webp 300w, https:\/\/topfoodmachine.com\/wp-content\/uploads\/2026\/03\/Superfine-grinding-machine-price-16x12.webp 16w\" sizes=\"auto, (max-width: 720px) 100vw, 720px\" \/><\/figure><div class=\"wp-block-media-text__content\"> <ul class=\"wp-block-list\"> <li>Desempenho est\u00e1vel, baixo ru\u00eddo, baixo consumo de energia, alta efici\u00eancia, design compacto e ampla gama de aplica\u00e7\u00f5es. <\/li>    <li>Produz part\u00edculas de tamanho uniforme, ideal para alimentos, produtos qu\u00edmicos, materiais fibrosos e herbais. <\/li>    <li>Sistema integrado com unidade principal, equipamento auxiliar, tubula\u00e7\u00e3o e sistema de controlo; ciclone opcional e coletores de p\u00f3 em saco. <\/li>    <li>Equipado com classifica\u00e7\u00e3o centr\u00edfuga\u2014design sem tela, ajuste de finura e descarga por press\u00e3o negativa para uma produ\u00e7\u00e3o eficiente.<\/li> <\/ul> <\/div><\/div>    <h2 class=\"wp-block-heading\">Equipamento de suporte do triturador superfino<\/h2>    <p class=\"translation-block\">A <strong>M\u00e1quina de Triturador Superfino<\/strong> pode ser combinada com uma variedade de equipamentos de suporte para criar uma linha de processamento de p\u00f3 completa. Acess\u00f3rios comuns incluem <strong>peneiras de alimenta\u00e7\u00e3o, coletores de poeira e transportadores<\/strong>, que aumentam a efici\u00eancia e mant\u00eam um ambiente de trabalho limpo. <\/p>    <div class=\"wp-block-media-text has-media-on-the-right is-stacked-on-mobile\"><div class=\"wp-block-media-text__content\"> <p class=\"translation-block\">Para uma solu\u00e7\u00e3o totalmente integrada, tamb\u00e9m oferecemos <strong><a href=\"https:\/\/topfoodmachine.com\/pt\/products\/food-packaging-machine\/\" data-type=\"link\" data-id=\"https:\/\/topfoodmachine.com\/products\/food-packaging-machine\/\">m\u00e1quinas de embalagem de p\u00f3<\/a><\/strong>, permitindo pesar e embalar automaticamente o produto acabado, tornando a sua linha de produ\u00e7\u00e3o mais eficiente e profissional.<\/p> <\/div><figure class=\"wp-block-media-text__media\"><img loading=\"lazy\" decoding=\"async\" width=\"720\" height=\"540\" src=\"https:\/\/topfoodmachine.com\/wp-content\/uploads\/2022\/07\/spice-powder-packing-machine.jpg\" alt=\"m\u00e1quina de embalagem de especiarias em p\u00f3\" class=\"wp-image-114 size-full\" srcset=\"https:\/\/topfoodmachine.com\/wp-content\/uploads\/2022\/07\/spice-powder-packing-machine.jpg 720w, https:\/\/topfoodmachine.com\/wp-content\/uploads\/2022\/07\/spice-powder-packing-machine-300x225.jpg 300w\" sizes=\"auto, (max-width: 720px) 100vw, 720px\" \/><\/figure><\/div>    <h2 class=\"wp-block-heading\">Par\u00e2metros da m\u00e1quina de moagem superfina<\/h2>    <figure class=\"wp-block-table\"><table class=\"has-fixed-layout\"><tbody><tr><td>Modelo<\/td><td>Capacidade de produ\u00e7\u00e3o (kg\/h)<\/td><td>Velocidade do eixo (r\/min)<\/td><td>Tamanho de alimenta\u00e7\u00e3o (mm)<\/td><td>Granulometria dos produtos (malha)<\/td><td>Pot\u00eancia total (kW)<\/td><td>Peso (kg)<\/td><td>Dimens\u00e3o total (L\u00d7W\u00d7H) (mm)<\/td><\/tr><tr><td>WFJ-8<\/td><td>20\u2013120<\/td><td>6800<\/td><td>&lt; 8<\/td><td>80\u2013450<\/td><td>11<\/td><td>1000<\/td><td>6000 \u00d7 1050 \u00d7 2650<\/td><\/tr><tr><td>WFJ-15<\/td><td>50\u2013200<\/td><td>6000<\/td><td>&lt; 20<\/td><td>80\u2013450<\/td><td>18.5<\/td><td>1300<\/td><td>7000 \u00d7 1200 \u00d7 2900<\/td><\/tr><tr><td>WFJ-20<\/td><td>80\u2013300<\/td><td>4800<\/td><td>&lt; 20<\/td><td>80\u2013450<\/td><td>25<\/td><td>1700<\/td><td>8000 \u00d7 1350 \u00d7 3300<\/td><\/tr><tr><td>WFJ-30<\/td><td>100\u2013800<\/td><td>3800<\/td><td>9200 \u00d7 1500 \u00d7 3900<\/td><td>80\u2013450<\/td><td>46<\/td><td>2300<\/td><td>WFJ-60<\/td><\/tr><tr><td>200\u20131200<\/td><td>10500 \u00d7 2300 \u00d7 4530<\/td><td>2800<\/td><td>WFJ-80<\/td><td>80\u2013450<\/td><td>84.15<\/td><td>3200<\/td><td>500\u20131500<\/td><\/tr><tr><td>12000 \u00d7 2500 \u00d7 4800<\/td><td>Par\u00e2metros da m\u00e1quina de tritura\u00e7\u00e3o de alimentos<\/td><td>2400<\/td><td>M\u00e1quina de tritura\u00e7\u00e3o de alimentos ultrafina | Solu\u00e7\u00e3o de moagem de p\u00f3 ultrafino #processamentodealimentos #triturador<\/td><td>80\u2013450<\/td><td>100.4<\/td><td>3800<\/td><td>m\u00e1quina de tritura\u00e7\u00e3o de gr\u00e3os<\/td><\/tr><\/tbody><\/table><figcaption class=\"wp-element-caption\">Pre\u00e7o da m\u00e1quina de moagem superfina<\/figcaption><\/figure>    <h2 class=\"wp-block-heading\">Conclus\u00e3o<\/h2>    <p class=\"translation-block\">Atualize sua produ\u00e7\u00e3o com nossa <strong>M\u00e1quina de Moagem Superfina<\/strong>, projetada para processamento eficiente, uniforme e ultra-fino de p\u00f3s. Seja para alimentos, herbais ou materiais qu\u00edmicos, garante qualidade consistente e desempenho confi\u00e1vel.<\/p>    <p class=\"translation-block\">Para opera\u00e7\u00f5es de menor escala, tamb\u00e9m oferecemos <strong><a href=\"https:\/\/topfoodmachine.com\/pt\/product\/stainless-steel-crusher\/\" data-type=\"link\" data-id=\"https:\/\/topfoodmachine.com\/product\/stainless-steel-crusher\/\">m\u00e1quinas de moagem compactas<\/a><\/strong>, ideais para produ\u00e7\u00e3o de baixa sa\u00edda, proporcionando a mesma precis\u00e3o e efici\u00eancia em um pacote mais compacto e econ\u00f4mico. Entre em contato conosco hoje para encontrar o modelo que melhor atende \u00e0s suas necessidades.<\/p>","protected":false},"excerpt":{"rendered":"<p>A m\u00e1quina de moagem superfina (tamb\u00e9m conhecida como pulverizador ultrafino) pode moer materiais em p\u00f3s ultrafinos.<\/p>","protected":false},"author":1,"featured_media":2172,"parent":0,"template":"","tags":[145],"product-type":[5],"class_list":["post-2169","product","type-product","status-publish","has-post-thumbnail","hentry","tag-superfine-grinding-machine","product-type-nuts-processing-machine"],"_links":{"self":[{"href":"https:\/\/topfoodmachine.com\/pt\/wp-json\/wp\/v2\/product\/2169","targetHints":{"allow":["GET"]}}],"collection":[{"href":"https:\/\/topfoodmachine.com\/pt\/wp-json\/wp\/v2\/product"}],"about":[{"href":"https:\/\/topfoodmachine.com\/pt\/wp-json\/wp\/v2\/types\/product"}],"author":[{"embeddable":true,"href":"https:\/\/topfoodmachine.com\/pt\/wp-json\/wp\/v2\/users\/1"}],"wp:featuredmedia":[{"embeddable":true,"href":"https:\/\/topfoodmachine.com\/pt\/wp-json\/wp\/v2\/media\/2172"}],"wp:attachment":[{"href":"https:\/\/topfoodmachine.com\/pt\/wp-json\/wp\/v2\/media?parent=2169"}],"wp:term":[{"taxonomy":"post_tag","embeddable":true,"href":"https:\/\/topfoodmachine.com\/pt\/wp-json\/wp\/v2\/tags?post=2169"},{"taxonomy":"product-type","embeddable":true,"href":"https:\/\/topfoodmachine.com\/pt\/wp-json\/wp\/v2\/product-type?post=2169"}],"curies":[{"name":"wp","href":"https:\/\/api.w.org\/{rel}","templated":true}]}}