{"id":216,"date":"2022-07-26T08:58:41","date_gmt":"2022-07-26T08:58:41","guid":{"rendered":"https:\/\/topfoodmachine.com\/?post_type=product&#038;p=216"},"modified":"2025-05-21T15:58:25","modified_gmt":"2025-05-21T07:58:25","slug":"bone-crushing-machine","status":"publish","type":"product","link":"https:\/\/topfoodmachine.com\/pt\/product\/bone-crushing-machine\/","title":{"rendered":"M\u00e1quina de moer ossos"},"content":{"rendered":"<div class=\"kk-star-ratings kksr-auto kksr-align-left kksr-valign-top\"     data-payload='{&quot;align&quot;:&quot;left&quot;,&quot;id&quot;:&quot;216&quot;,&quot;slug&quot;:&quot;default&quot;,&quot;valign&quot;:&quot;top&quot;,&quot;ignore&quot;:&quot;&quot;,&quot;reference&quot;:&quot;auto&quot;,&quot;class&quot;:&quot;&quot;,&quot;count&quot;:&quot;8&quot;,&quot;legendonly&quot;:&quot;&quot;,&quot;readonly&quot;:&quot;&quot;,&quot;score&quot;:&quot;4.8&quot;,&quot;starsonly&quot;:&quot;&quot;,&quot;best&quot;:&quot;5&quot;,&quot;gap&quot;:&quot;5&quot;,&quot;greet&quot;:&quot;Rate this product&quot;,&quot;legend&quot;:&quot;4.8\\\/5 - (8 votes)&quot;,&quot;size&quot;:&quot;24&quot;,&quot;title&quot;:&quot;Bone Crusher Machine&quot;,&quot;width&quot;:&quot;136.7&quot;,&quot;_legend&quot;:&quot;{score}\\\/{best} - ({count} {votes})&quot;,&quot;font_factor&quot;:&quot;1.25&quot;}'>              <div class=\"kksr-stars\">      <div class=\"kksr-stars-inactive\">             <div class=\"kksr-star\" data-star=\"1\" style=\"padding-right: 5px\">               <div class=\"kksr-icon\" style=\"width: 24px; height: 24px;\"><\/div>         <\/div>             <div class=\"kksr-star\" data-star=\"2\" style=\"padding-right: 5px\">               <div class=\"kksr-icon\" style=\"width: 24px; height: 24px;\"><\/div>         <\/div>             <div class=\"kksr-star\" data-star=\"3\" style=\"padding-right: 5px\">               <div class=\"kksr-icon\" style=\"width: 24px; height: 24px;\"><\/div>         <\/div>             <div class=\"kksr-star\" data-star=\"4\" style=\"padding-right: 5px\">               <div class=\"kksr-icon\" style=\"width: 24px; height: 24px;\"><\/div>         <\/div>             <div class=\"kksr-star\" data-star=\"5\" style=\"padding-right: 5px\">               <div class=\"kksr-icon\" style=\"width: 24px; height: 24px;\"><\/div>         <\/div>     <\/div>      <div class=\"kksr-stars-active\" style=\"width: 136.7px;\">             <div class=\"kksr-star\" style=\"padding-right: 5px\">               <div class=\"kksr-icon\" style=\"width: 24px; height: 24px;\"><\/div>         <\/div>             <div class=\"kksr-star\" style=\"padding-right: 5px\">               <div class=\"kksr-icon\" style=\"width: 24px; height: 24px;\"><\/div>         <\/div>             <div class=\"kksr-star\" style=\"padding-right: 5px\">               <div class=\"kksr-icon\" style=\"width: 24px; height: 24px;\"><\/div>         <\/div>             <div class=\"kksr-star\" style=\"padding-right: 5px\">               <div class=\"kksr-icon\" style=\"width: 24px; height: 24px;\"><\/div>         <\/div>             <div class=\"kksr-star\" style=\"padding-right: 5px\">               <div class=\"kksr-icon\" style=\"width: 24px; height: 24px;\"><\/div>         <\/div>     <\/div> <\/div>                   <div class=\"kksr-legend\" style=\"font-size: 19.2px;\">             4,8\/5 - (8 votos)    <\/div>     <\/div>  <p>A m\u00e1quina de moer ossos pode processar v\u00e1rios tipos de ossos de animais, incluindo ossos de boi, porco, peixe e ovelha. Sua constru\u00e7\u00e3o robusta permite moer eficientemente esses ossos duros em materiais granulares finos, como lama de osso, p\u00f3 de osso e fragmentos de osso.<\/p>    <p>Esta vers\u00e1til m\u00e1quina de moer ossos \u00e9 essencial para aplica\u00e7\u00f5es tanto na ind\u00fastria de moagem de ossos quanto no setor de fabrica\u00e7\u00e3o de ra\u00e7\u00e3o para animais de estima\u00e7\u00e3o. Com uma capacidade de processamento que varia de 60 a 2200 kg\/h, o triturador de ossos pode lidar com volumes substanciais de material.<\/p>    <p>O design eficiente do triturador de ossos garante que os ossos sejam mo\u00eddos enquanto preservam seus valiosos nutrientes. Este recurso \u00e9 particularmente ben\u00e9fico para a produ\u00e7\u00e3o de ra\u00e7\u00e3o de alta qualidade para animais de estima\u00e7\u00e3o e extra\u00e7\u00e3o de prote\u00ednas do material \u00f3sseo processado.<\/p>    <figure class=\"wp-block-embed is-type-video is-provider-youtube wp-block-embed-youtube wp-embed-aspect-16-9 wp-has-aspect-ratio\"><div class=\"wp-block-embed__wrapper\"> <iframe loading=\"lazy\" title=\"Designs inovadores de Trituradores de Ossos para Processamento de Carne Industrial #carne #osso #triturador #processamentodealimentos\" width=\"500\" height=\"281\" src=\"https:\/\/www.youtube.com\/embed\/ahBvsNuXeXw?feature=oembed\" frameborder=\"0\" allow=\"accelerometer; autoplay; clipboard-write; encrypted-media; gyroscope; picture-in-picture; web-share\" referrerpolicy=\"strict-origin-when-cross-origin\" allowfullscreen><\/iframe> <\/div><figcaption class=\"wp-element-caption\">V\u00eddeo de trabalho da m\u00e1quina de fazer p\u00f3 de osso<\/figcaption><\/figure>    <h2 class=\"wp-block-heading\">Amplas aplica\u00e7\u00f5es comerciais de ossos de animais<\/h2>    <div class=\"wp-block-media-text is-stacked-on-mobile\"><figure class=\"wp-block-media-text__media\"><img loading=\"lazy\" decoding=\"async\" width=\"720\" height=\"540\" src=\"https:\/\/topfoodmachine.com\/wp-content\/uploads\/2022\/07\/animal-bones-application.jpg\" alt=\"aplica\u00e7\u00e3o de ossos de animais\" class=\"wp-image-222 size-full\" srcset=\"https:\/\/topfoodmachine.com\/wp-content\/uploads\/2022\/07\/animal-bones-application.jpg 720w, https:\/\/topfoodmachine.com\/wp-content\/uploads\/2022\/07\/animal-bones-application-300x225.jpg 300w\" sizes=\"auto, (max-width: 720px) 100vw, 720px\" \/><\/figure><div class=\"wp-block-media-text__content\"> <p class=\"translation-block\">Os ossos de animais s\u00e3o ricos em prote\u00ednas, <a href=\"https:\/\/en.wikipedia.org\/wiki\/Lipid\" data-type=\"link\" data-id=\"https:\/\/en.wikipedia.org\/wiki\/Lipid\" target=\"_blank\" rel=\"noopener\">lip\u00eddios<\/a>, minerais e outros nutrientes, tornando-os altamente valiosos para diversos usos. <\/p>    <p>Por exemplo, a China sozinha produz cerca de 12 milh\u00f5es de toneladas de ossos de animais comest\u00edveis anualmente, o que constitui cerca de 30% do total global. <\/p>    <p>Essa quantidade se traduz em aproximadamente 2 milh\u00f5es de toneladas de prote\u00edna animal, suficiente para atender \u00e0s necessidades anuais de prote\u00edna de 75 milh\u00f5es de pessoas.<\/p> <\/div><\/div>    <div class=\"wp-block-media-text has-media-on-the-right is-stacked-on-mobile\"><div class=\"wp-block-media-text__content\"> <p>M\u00e1quinas autom\u00e1ticas de moer ossos permitem que ossos de animais sejam mo\u00eddos e processados em produtos valiosos, como suplementos alimentares e ra\u00e7\u00e3o animal. <\/p>    <p>Isso n\u00e3o apenas reduz o desperd\u00edcio, mas tamb\u00e9m traz benef\u00edcios sociais e econ\u00f4micos significativos. <\/p> <\/div><figure class=\"wp-block-media-text__media\"><img loading=\"lazy\" decoding=\"async\" width=\"720\" height=\"540\" src=\"https:\/\/topfoodmachine.com\/wp-content\/uploads\/2022\/07\/Bone-Crusher-Machine-for-sale.webp\" alt=\"M\u00e1quina Trituradora de Ossos \u00e0 venda\" class=\"wp-image-1496 size-full\" srcset=\"https:\/\/topfoodmachine.com\/wp-content\/uploads\/2022\/07\/Bone-Crusher-Machine-for-sale.webp 720w, https:\/\/topfoodmachine.com\/wp-content\/uploads\/2022\/07\/Bone-Crusher-Machine-for-sale-300x225.webp 300w, https:\/\/topfoodmachine.com\/wp-content\/uploads\/2022\/07\/Bone-Crusher-Machine-for-sale-16x12.webp 16w\" sizes=\"auto, (max-width: 720px) 100vw, 720px\" \/><\/figure><\/div>    <h2 class=\"wp-block-heading\">Estrutura da m\u00e1quina de moer ossos<\/h2>    <p>A m\u00e1quina de moer ossos \u00e9 composta principalmente por tr\u00eas sistemas: o sistema de moagem, o sistema ajust\u00e1vel e o sistema de transmiss\u00e3o. <\/p>    <div class=\"wp-block-media-text is-stacked-on-mobile\"><figure class=\"wp-block-media-text__media\"><img loading=\"lazy\" decoding=\"async\" width=\"720\" height=\"540\" src=\"https:\/\/topfoodmachine.com\/wp-content\/uploads\/2022\/07\/bone-crushing-machine.jpg\" alt=\"m\u00e1quina de esmagamento de ossos\" class=\"wp-image-219 size-full\" srcset=\"https:\/\/topfoodmachine.com\/wp-content\/uploads\/2022\/07\/bone-crushing-machine.jpg 720w, https:\/\/topfoodmachine.com\/wp-content\/uploads\/2022\/07\/bone-crushing-machine-300x225.jpg 300w\" sizes=\"auto, (max-width: 720px) 100vw, 720px\" \/><\/figure><div class=\"wp-block-media-text__content\"> <ul class=\"wp-block-list\"> <li>O sistema de moagem m\u00f3i eficientemente ossos duros em lama de osso, p\u00f3 ou fragmentos.<\/li>    <li>O sistema ajust\u00e1vel permite um controle flex\u00edvel do grau de tritura\u00e7\u00e3o para atender a diferentes necessidades de processamento.<\/li>    <li>O sistema de transmiss\u00e3o garante desempenho est\u00e1vel e entrega de pot\u00eancia eficiente.<\/li> <\/ul> <\/div><\/div>    <p>Atrav\u00e9s da opera\u00e7\u00e3o coordenada desses tr\u00eas sistemas, a m\u00e1quina trituradora de ossos demonstra desempenho excepcional no processamento de ossos, tornando-se uma escolha ideal para esse prop\u00f3sito.<\/p>    <h2 class=\"wp-block-heading\">Como funciona a m\u00e1quina de moer ossos?<\/h2>    <p>O princ\u00edpio de funcionamento da m\u00e1quina industrial de tritura\u00e7\u00e3o de ossos gira em torno do uso eficiente de l\u00e2minas dentro da c\u00e2mara de tritura\u00e7\u00e3o para cortar e triturar ossos continuamente. <\/p>    <p>Essas l\u00e2minas s\u00e3o feitas de facas de roda de a\u00e7o carbono, especificamente projetadas para lidar com ossos de dureza vari\u00e1vel, garantindo um processo de tritura\u00e7\u00e3o eficaz e uniforme.<\/p>    <div class=\"wp-block-media-text has-media-on-the-right is-stacked-on-mobile\"><div class=\"wp-block-media-text__content\"> <ul class=\"wp-block-list\"> <li><strong>Conjunto de facas profissional<\/strong> <ul class=\"wp-block-list\"> <li>Garante tritura\u00e7\u00e3o uniforme dos ossos.<\/li>    <li>Possui boa durabilidade e resist\u00eancia ao impacto, reduzindo o risco de danos.<\/li> <\/ul> <\/li> <\/ul>    <p>Operar a trituradora de ossos \u00e9 simples. O usu\u00e1rio simplesmente liga a m\u00e1quina e coloca os ossos crus na c\u00e2mara de tritura\u00e7\u00e3o atrav\u00e9s do bin de alimenta\u00e7\u00e3o. <\/p>    <p>A m\u00e1quina tritura rapidamente os ossos, que ent\u00e3o saem pela porta de descarga.<\/p> <\/div><figure class=\"wp-block-media-text__media\"><img loading=\"lazy\" decoding=\"async\" width=\"720\" height=\"540\" src=\"https:\/\/topfoodmachine.com\/wp-content\/uploads\/2022\/07\/bone-crushing-machine.webp\" alt=\"m\u00e1quina de esmagamento de ossos\" class=\"wp-image-1497 size-full\" srcset=\"https:\/\/topfoodmachine.com\/wp-content\/uploads\/2022\/07\/bone-crushing-machine.webp 720w, https:\/\/topfoodmachine.com\/wp-content\/uploads\/2022\/07\/bone-crushing-machine-300x225.webp 300w, https:\/\/topfoodmachine.com\/wp-content\/uploads\/2022\/07\/bone-crushing-machine-16x12.webp 16w\" sizes=\"auto, (max-width: 720px) 100vw, 720px\" \/><\/figure><\/div>    <div class=\"wp-block-media-text is-stacked-on-mobile\"><figure class=\"wp-block-media-text__media\"><img loading=\"lazy\" decoding=\"async\" width=\"720\" height=\"540\" src=\"https:\/\/topfoodmachine.com\/wp-content\/uploads\/2022\/07\/bone-powder-maker-machine.webp\" alt=\"m\u00e1quina de fazer p\u00f3 de ossos\" class=\"wp-image-1499 size-full\" srcset=\"https:\/\/topfoodmachine.com\/wp-content\/uploads\/2022\/07\/bone-powder-maker-machine.webp 720w, https:\/\/topfoodmachine.com\/wp-content\/uploads\/2022\/07\/bone-powder-maker-machine-300x225.webp 300w, https:\/\/topfoodmachine.com\/wp-content\/uploads\/2022\/07\/bone-powder-maker-machine-16x12.webp 16w\" sizes=\"auto, (max-width: 720px) 100vw, 720px\" \/><\/figure><div class=\"wp-block-media-text__content\"> <p><strong>Design da c\u00e2mara de tritura\u00e7\u00e3o<\/strong><\/p>    <ul class=\"wp-block-list\"> <li>A c\u00e2mara de tritura\u00e7\u00e3o \u00e9 dividida em tr\u00eas zonas de moagem: <ul class=\"wp-block-list\"> <li><strong>Zona de moagem grossa<\/strong>. Para moagem inicial.<\/li>    <li><strong>Zona de moagem fina<\/strong>. Para moagem adicional.<\/li>    <li><strong>Zona de moagem ultrafina.<\/strong> . Para moagem final.<\/li> <\/ul> <\/li> <\/ul> <\/div><\/div>    <p>Ajustando o espa\u00e7o entre o estator e o rotor, os usu\u00e1rios podem controlar o efeito de tritura\u00e7\u00e3o, permitindo que a m\u00e1quina alcance o resultado desejado em uma \u00fanica passagem. Este design garante que a trituradora de ossos opere de forma eficiente, proporcionando resultados consistentes e de alta qualidade em aplica\u00e7\u00f5es de processamento de carne.<\/p>    <p>Em resumo, a m\u00e1quina industrial de tritura\u00e7\u00e3o de ossos, com seu design de l\u00e2mina de precis\u00e3o e c\u00e2mara de moagem segmentada, alcan\u00e7a uma tritura\u00e7\u00e3o eficiente de ossos e \u00e9 uma ferramenta indispens\u00e1vel na ind\u00fastria de processamento de carne.<\/p>    <h2 class=\"wp-block-heading\">Caracter\u00edsticas de desempenho do triturador de ossos de animais<\/h2>    <div class=\"wp-block-media-text has-media-on-the-right is-stacked-on-mobile\"><div class=\"wp-block-media-text__content\"> <ul class=\"wp-block-list\"> <li><strong>Durable cutting device<\/strong>. Made from high-quality alloy steel with special heat treatment for long service life and durability when processing hard bones.<\/li>    <li><strong>Efficient grinding<\/strong>. High cutting efficiency with evenly arranged blades to enhance shear force and grinding performance.<\/li>    <li><strong>Built-in safety features<\/strong>. Includes motor overload and power supply protection for safe and reliable operation.<\/li> <\/ul> <\/div><figure class=\"wp-block-media-text__media\"><img loading=\"lazy\" decoding=\"async\" width=\"720\" height=\"540\" src=\"https:\/\/topfoodmachine.com\/wp-content\/uploads\/2022\/07\/commercial-bone-crusher.webp\" alt=\"triturador de ossos comercial\" class=\"wp-image-1502 size-full\" srcset=\"https:\/\/topfoodmachine.com\/wp-content\/uploads\/2022\/07\/commercial-bone-crusher.webp 720w, https:\/\/topfoodmachine.com\/wp-content\/uploads\/2022\/07\/commercial-bone-crusher-300x225.webp 300w, https:\/\/topfoodmachine.com\/wp-content\/uploads\/2022\/07\/commercial-bone-crusher-16x12.webp 16w\" sizes=\"auto, (max-width: 720px) 100vw, 720px\" \/><\/figure><\/div>    <div class=\"wp-block-media-text is-stacked-on-mobile\"><figure class=\"wp-block-media-text__media\"><img loading=\"lazy\" decoding=\"async\" width=\"720\" height=\"540\" src=\"https:\/\/topfoodmachine.com\/wp-content\/uploads\/2022\/07\/automatic-bone-crushing-machine.webp\" alt=\"m\u00e1quina autom\u00e1tica de tritura\u00e7\u00e3o de ossos\" class=\"wp-image-1495 size-full\" srcset=\"https:\/\/topfoodmachine.com\/wp-content\/uploads\/2022\/07\/automatic-bone-crushing-machine.webp 720w, https:\/\/topfoodmachine.com\/wp-content\/uploads\/2022\/07\/automatic-bone-crushing-machine-300x225.webp 300w, https:\/\/topfoodmachine.com\/wp-content\/uploads\/2022\/07\/automatic-bone-crushing-machine-16x12.webp 16w\" sizes=\"auto, (max-width: 720px) 100vw, 720px\" \/><\/figure><div class=\"wp-block-media-text__content\"> <ul class=\"wp-block-list\"> <li><strong>Especializado em processamento de ossos.<\/strong> Handles various bone sizes with interchangeable screen meshes and supports customization for different particle sizes.<\/li>    <li><strong>Desempenho est\u00e1vel e ajust\u00e1vel.<\/strong> Delivers high output with low heat and allows grinding fineness adjustment (standard 15\u201320mm, customizable).<\/li>    <li><strong>Easy maintenance.<\/strong> Simple structure ensures quick cleaning, easy operation, and reduced downtime for improved efficiency.<\/li> <\/ul> <\/div><\/div>    <h2 class=\"wp-block-heading\">Par\u00e2metros da m\u00e1quina de moer ossos da Taizy<\/h2>    <figure class=\"wp-block-table\"><table><tbody><tr><td>Modelo<\/td><td>Capacidade (kg\/h)<\/td><td>Tamanho de alimenta\u00e7\u00e3o (mm)<\/td><td>Pot\u00eancia (kw)<\/td><td>Peso (kg)<\/td><td>Dimens\u00e3o (mm)<\/td><\/tr><tr><td>TZ-B150<\/td><td>20-60<\/td><td>150*200<\/td><td>2.2<\/td><td>130<\/td><td>800*500*1000<\/td><\/tr><tr><td>TZ-B230<\/td><td>30-100<\/td><td>250*210<\/td><td>4<\/td><td>280<\/td><td>950*690*1200<\/td><\/tr><tr><td>TZ-B300<\/td><td>80-200<\/td><td>300*210<\/td><td>5.5<\/td><td>340<\/td><td>1000*700*1300<\/td><\/tr><tr><td>TZ-B400<\/td><td>150-400<\/td><td>380*250<\/td><td>7.5<\/td><td>420<\/td><td>1000*850*1400<\/td><\/tr><tr><td>TZ-B500<\/td><td>200-600<\/td><td>500*250<\/td><td>11<\/td><td>600<\/td><td>1200*1000*1500<\/td><\/tr><tr><td>TZ-B600<\/td><td>300-900<\/td><td>600*320<\/td><td>15<\/td><td>800<\/td><td>1650*1200*1700<\/td><\/tr><tr><td>TZ-B800<\/td><td>800-2200<\/td><td>600*650<\/td><td>22<\/td><td>2000<\/td><td>2400*1500*2400<\/td><\/tr><\/tbody><\/table><figcaption class=\"wp-element-caption\"> par\u00e2metros da trituradora de ossos de carne<\/figcaption><\/figure>    <div class=\"wp-block-columns is-layout-flex wp-container-core-columns-is-layout-28f84493 wp-block-columns-is-layout-flex\"> <div class=\"wp-block-column is-layout-flow wp-block-column-is-layout-flow\"> <figure class=\"wp-block-image size-full\"><img loading=\"lazy\" decoding=\"async\" width=\"520\" height=\"520\" src=\"https:\/\/topfoodmachine.com\/wp-content\/uploads\/2022\/07\/commercial-animal-bone-grinder.jpg\" alt=\"moedor de ossos de animais comercial\" class=\"wp-image-224\" srcset=\"https:\/\/topfoodmachine.com\/wp-content\/uploads\/2022\/07\/commercial-animal-bone-grinder.jpg 520w, https:\/\/topfoodmachine.com\/wp-content\/uploads\/2022\/07\/commercial-animal-bone-grinder-300x300.jpg 300w, https:\/\/topfoodmachine.com\/wp-content\/uploads\/2022\/07\/commercial-animal-bone-grinder-150x150.jpg 150w\" sizes=\"auto, (max-width: 520px) 100vw, 520px\" \/><figcaption class=\"wp-element-caption\">moedor de ossos de animais comercial<\/figcaption><\/figure> <\/div>    <div class=\"wp-block-column is-layout-flow wp-block-column-is-layout-flow\"> <figure class=\"wp-block-image size-full\"><img loading=\"lazy\" decoding=\"async\" width=\"520\" height=\"520\" src=\"https:\/\/topfoodmachine.com\/wp-content\/uploads\/2022\/07\/bone-grinder-machine.jpg\" alt=\"m\u00e1quina moedor de ossos\" class=\"wp-image-225\" srcset=\"https:\/\/topfoodmachine.com\/wp-content\/uploads\/2022\/07\/bone-grinder-machine.jpg 520w, https:\/\/topfoodmachine.com\/wp-content\/uploads\/2022\/07\/bone-grinder-machine-300x300.jpg 300w, https:\/\/topfoodmachine.com\/wp-content\/uploads\/2022\/07\/bone-grinder-machine-150x150.jpg 150w\" sizes=\"auto, (max-width: 520px) 100vw, 520px\" \/><figcaption class=\"wp-element-caption\">m\u00e1quina moedor de ossos<\/figcaption><\/figure> <\/div> <\/div>    <h2 class=\"wp-block-heading\">Como fazer a manuten\u00e7\u00e3o do triturador de ossos de animais?<\/h2>    <p>Para garantir o desempenho ideal e a longevidade da m\u00e1quina de moagem de ossos, siga estas diretrizes de manuten\u00e7\u00e3o:<\/p>    <div class=\"wp-block-media-text is-stacked-on-mobile\"><figure class=\"wp-block-media-text__media\"><img loading=\"lazy\" decoding=\"async\" width=\"720\" height=\"540\" src=\"https:\/\/topfoodmachine.com\/wp-content\/uploads\/2022\/07\/bone-powder-making-machine.webp\" alt=\"m\u00e1quina de fazer p\u00f3 de ossos\" class=\"wp-image-1500 size-full\" srcset=\"https:\/\/topfoodmachine.com\/wp-content\/uploads\/2022\/07\/bone-powder-making-machine.webp 720w, https:\/\/topfoodmachine.com\/wp-content\/uploads\/2022\/07\/bone-powder-making-machine-300x225.webp 300w, https:\/\/topfoodmachine.com\/wp-content\/uploads\/2022\/07\/bone-powder-making-machine-16x12.webp 16w\" sizes=\"auto, (max-width: 720px) 100vw, 720px\" \/><\/figure><div class=\"wp-block-media-text__content\"> <ul class=\"wp-block-list\"> <li><strong>Ventila\u00e7\u00e3o adequada do motor<\/strong><br>Place the motor in a well-ventilated area to promote effective heat dissipation during operation. This will help extend the motor&#8217;s service life.<\/li>    <li><strong>Inspe\u00e7\u00e3o regular de facas e parafusos<\/strong><br>Periodically check the machine&#8217;s knives and bolts. After extended use, tighten the knives and bolts using specialized tools to maintain a secure connection between the knives and the knife frame.<\/li> <\/ul> <\/div><\/div>    <div class=\"wp-block-media-text has-media-on-the-right is-stacked-on-mobile\"><div class=\"wp-block-media-text__content\"> <ul class=\"wp-block-list\"> <li><strong>Lubrifica\u00e7\u00e3o dos rolamentos<\/strong><br>Add grease to the machine&#8217;s bearings every 20 days to ensure proper lubrication and smooth operation of the rolling bearings.<\/li>    <li><strong>Manuten\u00e7\u00e3o da afia\u00e7\u00e3o das facas<\/strong><br>Inspecione regularmente a afia\u00e7\u00e3o das facas da m\u00e1quina. Substitua qualquer l\u00e2mina cega ou danificada para garantir moagem eficiente e eficaz.<\/li>    <li><strong>Verifica\u00e7\u00e3o da tens\u00e3o da correia<\/strong><br>Verifique rotineiramente a tens\u00e3o da correia do triturador de ossos. Se a correia estiver solta, ajuste o motor afrouxando seu parafuso de fixa\u00e7\u00e3o e movendo-o para fora at\u00e9 que a correia esteja devidamente apertada.<\/li> <\/ul> <\/div><figure class=\"wp-block-media-text__media\"><img loading=\"lazy\" decoding=\"async\" width=\"720\" height=\"540\" src=\"https:\/\/topfoodmachine.com\/wp-content\/uploads\/2022\/07\/meat-bone-crusher.webp\" alt=\"triturador de ossos de carne\" class=\"wp-image-1501 size-full\" srcset=\"https:\/\/topfoodmachine.com\/wp-content\/uploads\/2022\/07\/meat-bone-crusher.webp 720w, https:\/\/topfoodmachine.com\/wp-content\/uploads\/2022\/07\/meat-bone-crusher-300x225.webp 300w, https:\/\/topfoodmachine.com\/wp-content\/uploads\/2022\/07\/meat-bone-crusher-16x12.webp 16w\" sizes=\"auto, (max-width: 720px) 100vw, 720px\" \/><\/figure><\/div>    <h2 class=\"wp-block-heading\">Deixe suas mensagens!<\/h2>    <p>Em resumo, a m\u00e1quina de fazer p\u00f3 de ossos oferece processamento eficiente, dur\u00e1vel e f\u00e1cil de usar para p\u00f3 de ossos de alta qualidade. Possui mecanismos de moagem avan\u00e7ados e recursos de seguran\u00e7a, tornando-se uma adi\u00e7\u00e3o valiosa \u00e0s suas opera\u00e7\u00f5es.<\/p>    <p class=\"translation-block\">Tamb\u00e9m oferecemos uma gama de <a href=\"https:\/\/topfoodmachine.com\/pt\/products\/egg-meat-processing-machine\/\" data-type=\"link\" data-id=\"https:\/\/topfoodmachine.com\/products\/egg-meat-processing-machine\/\">equipamentos de processamento de carne<\/a> para atender \u00e0s suas necessidades. Entre em contato conosco para explorar nossa sele\u00e7\u00e3o completa e encontrar as solu\u00e7\u00f5es perfeitas para o seu neg\u00f3cio.<\/p>    <figure class=\"wp-block-image size-large\"><img loading=\"lazy\" decoding=\"async\" width=\"720\" height=\"540\" src=\"https:\/\/topfoodmachine.com\/wp-content\/uploads\/2022\/07\/animal-bone-crusher-price.webp\" alt=\"pre\u00e7o do triturador de ossos de animais\" class=\"wp-image-1494\" srcset=\"https:\/\/topfoodmachine.com\/wp-content\/uploads\/2022\/07\/animal-bone-crusher-price.webp 720w, https:\/\/topfoodmachine.com\/wp-content\/uploads\/2022\/07\/animal-bone-crusher-price-300x225.webp 300w, https:\/\/topfoodmachine.com\/wp-content\/uploads\/2022\/07\/animal-bone-crusher-price-16x12.webp 16w\" sizes=\"auto, (max-width: 720px) 100vw, 720px\" \/><figcaption class=\"wp-element-caption\">pre\u00e7o do triturador de ossos de animais<\/figcaption><\/figure>","protected":false},"excerpt":{"rendered":"<p>A m\u00e1quina de moer ossos pode processar v\u00e1rios tipos de ossos de animais, incluindo ossos de boi, porco, peixe e ovelha.<\/p>","protected":false},"author":1,"featured_media":219,"parent":0,"template":"","tags":[63,119,52,64,30],"product-type":[7],"class_list":["post-216","product","type-product","status-publish","has-post-thumbnail","hentry","tag-bone","tag-bone-crusher-machine","tag-crusher","tag-crushing-machine","tag-food-machine","product-type-egg-meat-processing-machine"],"_links":{"self":[{"href":"https:\/\/topfoodmachine.com\/pt\/wp-json\/wp\/v2\/product\/216","targetHints":{"allow":["GET"]}}],"collection":[{"href":"https:\/\/topfoodmachine.com\/pt\/wp-json\/wp\/v2\/product"}],"about":[{"href":"https:\/\/topfoodmachine.com\/pt\/wp-json\/wp\/v2\/types\/product"}],"author":[{"embeddable":true,"href":"https:\/\/topfoodmachine.com\/pt\/wp-json\/wp\/v2\/users\/1"}],"wp:featuredmedia":[{"embeddable":true,"href":"https:\/\/topfoodmachine.com\/pt\/wp-json\/wp\/v2\/media\/219"}],"wp:attachment":[{"href":"https:\/\/topfoodmachine.com\/pt\/wp-json\/wp\/v2\/media?parent=216"}],"wp:term":[{"taxonomy":"post_tag","embeddable":true,"href":"https:\/\/topfoodmachine.com\/pt\/wp-json\/wp\/v2\/tags?post=216"},{"taxonomy":"product-type","embeddable":true,"href":"https:\/\/topfoodmachine.com\/pt\/wp-json\/wp\/v2\/product-type?post=216"}],"curies":[{"name":"wp","href":"https:\/\/api.w.org\/{rel}","templated":true}]}}