{"id":2041,"date":"2025-09-25T10:34:58","date_gmt":"2025-09-25T02:34:58","guid":{"rendered":"https:\/\/topfoodmachine.com\/?post_type=product&#038;p=2041"},"modified":"2025-09-26T18:18:01","modified_gmt":"2025-09-26T10:18:01","slug":"cocoa-paste-making-machine","status":"publish","type":"product","link":"https:\/\/topfoodmachine.com\/pt\/product\/cocoa-paste-making-machine\/","title":{"rendered":"M\u00e1quina de fazer pasta de cacau"},"content":{"rendered":"<div class=\"kk-star-ratings kksr-auto kksr-align-left kksr-valign-top\"     data-payload='{&quot;align&quot;:&quot;left&quot;,&quot;id&quot;:&quot;2041&quot;,&quot;slug&quot;:&quot;default&quot;,&quot;valign&quot;:&quot;top&quot;,&quot;ignore&quot;:&quot;&quot;,&quot;reference&quot;:&quot;auto&quot;,&quot;class&quot;:&quot;&quot;,&quot;count&quot;:&quot;13&quot;,&quot;legendonly&quot;:&quot;&quot;,&quot;readonly&quot;:&quot;&quot;,&quot;score&quot;:&quot;4.6&quot;,&quot;starsonly&quot;:&quot;&quot;,&quot;best&quot;:&quot;5&quot;,&quot;gap&quot;:&quot;5&quot;,&quot;greet&quot;:&quot;Rate this product&quot;,&quot;legend&quot;:&quot;4.6\\\/5 - (13 votes)&quot;,&quot;size&quot;:&quot;24&quot;,&quot;title&quot;:&quot;Cocoa paste making machine&quot;,&quot;width&quot;:&quot;130.9&quot;,&quot;_legend&quot;:&quot;{score}\\\/{best} - ({count} {votes})&quot;,&quot;font_factor&quot;:&quot;1.25&quot;}'>              <div class=\"kksr-stars\">      <div class=\"kksr-stars-inactive\">             <div class=\"kksr-star\" data-star=\"1\" style=\"padding-right: 5px\">               <div class=\"kksr-icon\" style=\"width: 24px; height: 24px;\"><\/div>         <\/div>             <div class=\"kksr-star\" data-star=\"2\" style=\"padding-right: 5px\">               <div class=\"kksr-icon\" style=\"width: 24px; height: 24px;\"><\/div>         <\/div>             <div class=\"kksr-star\" data-star=\"3\" style=\"padding-right: 5px\">               <div class=\"kksr-icon\" style=\"width: 24px; height: 24px;\"><\/div>         <\/div>             <div class=\"kksr-star\" data-star=\"4\" style=\"padding-right: 5px\">               <div class=\"kksr-icon\" style=\"width: 24px; height: 24px;\"><\/div>         <\/div>             <div class=\"kksr-star\" data-star=\"5\" style=\"padding-right: 5px\">               <div class=\"kksr-icon\" style=\"width: 24px; height: 24px;\"><\/div>         <\/div>     <\/div>      <div class=\"kksr-stars-active\" style=\"width: 130.9px;\">             <div class=\"kksr-star\" style=\"padding-right: 5px\">               <div class=\"kksr-icon\" style=\"width: 24px; height: 24px;\"><\/div>         <\/div>             <div class=\"kksr-star\" style=\"padding-right: 5px\">               <div class=\"kksr-icon\" style=\"width: 24px; height: 24px;\"><\/div>         <\/div>             <div class=\"kksr-star\" style=\"padding-right: 5px\">               <div class=\"kksr-icon\" style=\"width: 24px; height: 24px;\"><\/div>         <\/div>             <div class=\"kksr-star\" style=\"padding-right: 5px\">               <div class=\"kksr-icon\" style=\"width: 24px; height: 24px;\"><\/div>         <\/div>             <div class=\"kksr-star\" style=\"padding-right: 5px\">               <div class=\"kksr-icon\" style=\"width: 24px; height: 24px;\"><\/div>         <\/div>     <\/div> <\/div>                   <div class=\"kksr-legend\" style=\"font-size: 19.2px;\">             4,6\/5 - (13 votos)    <\/div>     <\/div>  <p>A linha de produ\u00e7\u00e3o da m\u00e1quina de fazer pasta de cacau \u00e9 um sistema de processamento de cacau altamente eficiente, especialmente concebido para extra\u00e7\u00e3o e produ\u00e7\u00e3o de pasta de cacau. Composta por tostador, descascador, moedor, homogeneizador e frasco de armazenamento, a linha processa gr\u00e3os de cacau crus para obter pasta de cacau pura e delicada.<\/p>    <p>A linha de produ\u00e7\u00e3o da m\u00e1quina de fazer pasta de cacau n\u00e3o s\u00f3 garante qualidade est\u00e1vel do produto e alto rendimento de \u00f3leo, mas tamb\u00e9m apresenta alto grau de automatiza\u00e7\u00e3o, opera\u00e7\u00e3o f\u00e1cil e forte adaptabilidade, tornando-a uma op\u00e7\u00e3o ideal para o processamento de massa de cacau nas ind\u00fastrias de chocolate, alimenta\u00e7\u00e3o e cosm\u00e9ticos.<\/p>    <figure class=\"wp-block-embed is-type-video is-provider-youtube wp-block-embed-youtube wp-embed-aspect-9-16 wp-has-aspect-ratio\"><div class=\"wp-block-embed__wrapper\"> <iframe loading=\"lazy\" title=\"Como Fazer Pasta de Cacau com M\u00e1quina Industrial de Pasta de Cacau #foodprocessing #foodmachine\" width=\"422\" height=\"750\" src=\"https:\/\/www.youtube.com\/embed\/0jvmBRvNaWg?feature=oembed\" frameborder=\"0\" allow=\"accelerometer; autoplay; clipboard-write; encrypted-media; gyroscope; picture-in-picture; web-share\" referrerpolicy=\"strict-origin-when-cross-origin\" allowfullscreen><\/iframe> <\/div><figcaption class=\"wp-element-caption\">V\u00eddeo de funcionamento da m\u00e1quina de fazer pasta de cacau<\/figcaption><\/figure>    <h2 class=\"wp-block-heading\">Todo o processo da m\u00e1quina de fazer pasta de cacau<\/h2>    <figure class=\"wp-block-image size-full\"><img loading=\"lazy\" decoding=\"async\" width=\"720\" height=\"540\" src=\"https:\/\/topfoodmachine.com\/wp-content\/uploads\/2025\/09\/Cocoa-butter-making-machine-production-line.webp\" alt=\"Linha de produ\u00e7\u00e3o da m\u00e1quina de fazer manteiga de cacau\" class=\"wp-image-2055\" srcset=\"https:\/\/topfoodmachine.com\/wp-content\/uploads\/2025\/09\/Cocoa-butter-making-machine-production-line.webp 720w, https:\/\/topfoodmachine.com\/wp-content\/uploads\/2025\/09\/Cocoa-butter-making-machine-production-line-300x225.webp 300w, https:\/\/topfoodmachine.com\/wp-content\/uploads\/2025\/09\/Cocoa-butter-making-machine-production-line-16x12.webp 16w\" sizes=\"auto, (max-width: 720px) 100vw, 720px\" \/><figcaption class=\"wp-element-caption\">Linha de produ\u00e7\u00e3o da m\u00e1quina de fazer pasta de cacau<\/figcaption><\/figure>    <h2 class=\"wp-block-heading\">1. M\u00e1quina de torrefa\u00e7\u00e3o de gr\u00e3os de cacau<\/h2>    <p>A m\u00e1quina de torrefa\u00e7\u00e3o de gr\u00e3os de cacau \u00e9 um equipamento vers\u00e1til amplamente aplicado no processamento de gr\u00e3os de cacau, bem como de outros frutos secos e sementes, como amendoins, am\u00eandoas, caju, nozes, gr\u00e3os de caf\u00e9 e sementes de girassol. Como o primeiro passo na produ\u00e7\u00e3o de pasta de cacau, desempenha um papel crucial no aprimoramento do sabor e garantia da qualidade do produto.<\/p>    <p>Este torrador \u00e9 projetado com uma estrutura de tambor rotativo que garante aquecimento uniforme durante o processo. Pode ser alimentado a g\u00e1s ou eletricidade, e sua constru\u00e7\u00e3o em a\u00e7o inoxid\u00e1vel assegura durabilidade e longa vida \u00fatil. Os operadores podem ajustar flexivelmente a temperatura e o tempo de torrefa\u00e7\u00e3o, com temperatura m\u00e1xima de at\u00e9 300 \u2103 para atender diferentes requisitos de torrefa\u00e7\u00e3o.<\/p>    <p>Al\u00e9m do modelo padr\u00e3o, tamb\u00e9m existem m\u00e1quinas de torrefa\u00e7\u00e3o cont\u00ednua dispon\u00edveis, algumas das quais est\u00e3o integradas com fun\u00e7\u00f5es de refrigera\u00e7\u00e3o para melhorar ainda mais a efici\u00eancia e conveni\u00eancia na produ\u00e7\u00e3o em larga escala.<\/p>    <figure class=\"wp-block-image size-full\"><img loading=\"lazy\" decoding=\"async\" width=\"720\" height=\"540\" src=\"https:\/\/topfoodmachine.com\/wp-content\/uploads\/2025\/09\/Cocoa-bean-roasting-machine-for-sale.webp\" alt=\"M\u00e1quina de torrefa\u00e7\u00e3o de gr\u00e3os de cacau para venda\" class=\"wp-image-2044\" srcset=\"https:\/\/topfoodmachine.com\/wp-content\/uploads\/2025\/09\/Cocoa-bean-roasting-machine-for-sale.webp 720w, https:\/\/topfoodmachine.com\/wp-content\/uploads\/2025\/09\/Cocoa-bean-roasting-machine-for-sale-300x225.webp 300w, https:\/\/topfoodmachine.com\/wp-content\/uploads\/2025\/09\/Cocoa-bean-roasting-machine-for-sale-16x12.webp 16w\" sizes=\"auto, (max-width: 720px) 100vw, 720px\" \/><figcaption class=\"wp-element-caption\">M\u00e1quina de torrefa\u00e7\u00e3o de gr\u00e3os de cacau para venda<\/figcaption><\/figure>    <h3 class=\"wp-block-heading\">Caracter\u00edsticas da m\u00e1quina de torrefa\u00e7\u00e3o de gr\u00e3o de cacau<\/h3>    <div class=\"wp-block-media-text is-stacked-on-mobile\"><figure class=\"wp-block-media-text__media\"><img loading=\"lazy\" decoding=\"async\" width=\"720\" height=\"540\" src=\"https:\/\/topfoodmachine.com\/wp-content\/uploads\/2025\/09\/Cocoa-bean-roasting-machine.webp\" alt=\"M\u00e1quina de torrefa\u00e7\u00e3o de gr\u00e3os de cacau\" class=\"wp-image-2045 size-full\" srcset=\"https:\/\/topfoodmachine.com\/wp-content\/uploads\/2025\/09\/Cocoa-bean-roasting-machine.webp 720w, https:\/\/topfoodmachine.com\/wp-content\/uploads\/2025\/09\/Cocoa-bean-roasting-machine-300x225.webp 300w, https:\/\/topfoodmachine.com\/wp-content\/uploads\/2025\/09\/Cocoa-bean-roasting-machine-16x12.webp 16w\" sizes=\"auto, (max-width: 720px) 100vw, 720px\" \/><\/figure><div class=\"wp-block-media-text__content\"> <ul class=\"wp-block-list\"> <li>A m\u00e1quina garante torrefa\u00e7\u00e3o uniforme atrav\u00e9s da circula\u00e7\u00e3o de calor por tubos e unidades de aquecimento, com grandes fornos de placas correntes que utilizam placas correntes como transportadores.<\/li>    <li>A unidade de refrigera\u00e7\u00e3o, auxiliada por ventiladores, fornece fluxo de ar natural uniforme para efetivamente resfriar os gr\u00e3os torrados.<\/li>    <li>Um sistema independente de supress\u00e3o de fogo monitora as condi\u00e7\u00f5es em tempo real e fornece alertas oportunos para maior seguran\u00e7a.<\/li>    <li>Um arm\u00e1rio el\u00e9trico controlado por PLC Siemens permite controle preciso e automatizado de todos os par\u00e2metros de torrefa\u00e7\u00e3o.<\/li> <\/ul> <\/div><\/div>    <h2 class=\"wp-block-heading\">2. <a href=\"https:\/\/topfoodmachine.com\/pt\/product\/cocoa-bean-sheller-machine\/\" data-type=\"link\" data-id=\"https:\/\/topfoodmachine.com\/product\/cocoa-bean-sheller-machine\/\">M\u00e1quina de descascamento de gr\u00e3os de cacau<\/a><\/h2>    <p>A m\u00e1quina de descascar gr\u00e3os de cacau \u00e9 um equipamento especializado projetado para remover cascas dos gr\u00e3os de cacau de forma eficiente. Consiste em um funil, sistema de alimenta\u00e7\u00e3o, rolos de descascamento, peneira, coletor de p\u00f3 e ventilador. Uma vez que os gr\u00e3os entram no funil, os rolos separam as cascas, que s\u00e3o removidas por um ventilador centr\u00edfugo, deixando os nibs de cacau limpos para serem descarregados.<\/p>    <p>Esta m\u00e1quina oferece alta efici\u00eancia com taxa de descascamento superior a 98%, opera silenciosamente e proporciona uma produ\u00e7\u00e3o est\u00e1vel entre 200 a 500 kg por hora, tornando-se um componente essencial nas linhas de processamento de cacau.<\/p>    <figure class=\"wp-block-image size-full\"><img loading=\"lazy\" decoding=\"async\" width=\"720\" height=\"540\" src=\"https:\/\/topfoodmachine.com\/wp-content\/uploads\/2025\/09\/automatic-Cocoa-bean-peeling-machine.webp\" alt=\"m\u00e1quina autom\u00e1tica de descascar gr\u00e3os de cacau\" class=\"wp-image-2046\" srcset=\"https:\/\/topfoodmachine.com\/wp-content\/uploads\/2025\/09\/automatic-Cocoa-bean-peeling-machine.webp 720w, https:\/\/topfoodmachine.com\/wp-content\/uploads\/2025\/09\/automatic-Cocoa-bean-peeling-machine-300x225.webp 300w, https:\/\/topfoodmachine.com\/wp-content\/uploads\/2025\/09\/automatic-Cocoa-bean-peeling-machine-16x12.webp 16w\" sizes=\"auto, (max-width: 720px) 100vw, 720px\" \/><figcaption class=\"wp-element-caption\">m\u00e1quina autom\u00e1tica de descascar gr\u00e3os de cacau<\/figcaption><\/figure>    <h3 class=\"wp-block-heading\">Processo de funcionamento da m\u00e1quina de descascar gr\u00e3os de cacau<\/h3>    <div class=\"wp-block-media-text has-media-on-the-right is-stacked-on-mobile\"><div class=\"wp-block-media-text__content\"> <ul class=\"wp-block-list\"> <li><strong>Descasque de Laminador de Rolagem:<\/strong> Os gr\u00e3os torrados passam por rolos de rota\u00e7\u00e3o contr\u00e1ria que partem as cascas, preservando os nibs de cacau.<\/li>    <li><strong>Tela de Classifica\u00e7\u00e3o Vibrat\u00f3ria:<\/strong> Os gr\u00e3os rachados caem sobre uma tela vibrat\u00f3ria de tr\u00eas est\u00e1gios para dispers\u00e3o uniforme e classifica\u00e7\u00e3o preliminar.<\/li>    <li><strong>Separa\u00e7\u00e3o de Ar:<\/strong> Os ventiladores de exaust\u00e3o dispersam as cascas leves, deixando os nibs de cacau limpos para tr\u00e1s.<\/li>    <li><strong>Recupera\u00e7\u00e3o em Circuito Fechado:<\/strong> Os gr\u00e3os n\u00e3o descascados s\u00e3o automaticamente devolvidos \u00e0 entrada de alimenta\u00e7\u00e3o para uma segunda etapa de descasque, garantindo alta efici\u00eancia e desperd\u00edcio m\u00ednimo.<\/li> <\/ul> <\/div><figure class=\"wp-block-media-text__media\"><img loading=\"lazy\" decoding=\"async\" width=\"720\" height=\"540\" src=\"https:\/\/topfoodmachine.com\/wp-content\/uploads\/2025\/09\/Cocoa-bean-peeling-machine-1.webp\" alt=\"M\u00e1quina de descascamento de gr\u00e3os de cacau\" class=\"wp-image-2047 size-full\" srcset=\"https:\/\/topfoodmachine.com\/wp-content\/uploads\/2025\/09\/Cocoa-bean-peeling-machine-1.webp 720w, https:\/\/topfoodmachine.com\/wp-content\/uploads\/2025\/09\/Cocoa-bean-peeling-machine-1-300x225.webp 300w, https:\/\/topfoodmachine.com\/wp-content\/uploads\/2025\/09\/Cocoa-bean-peeling-machine-1-16x12.webp 16w\" sizes=\"auto, (max-width: 720px) 100vw, 720px\" \/><\/figure><\/div>    <h2 class=\"wp-block-heading\">3. M\u00e1quina de moagem de pasta de cacau<\/h2>    <p>A m\u00e1quina de moagem de pasta de cacau, comumente conhecida como moinho coloidal, \u00e9 projetada para transformar gr\u00e3os de cacau descascados em pasta de cacau lisa. A finura da moagem pode ser ajustada conforme os requisitos de produ\u00e7\u00e3o. A m\u00e1quina opera atrav\u00e9s da combina\u00e7\u00e3o de cisalhamento, moagem e agita\u00e7\u00e3o em alta velocidade, utilizando o movimento relativo entre um rotor de alta rota\u00e7\u00e3o e um estator estacion\u00e1rio.<\/p>    <p>\u00c0 medida que os gr\u00e3os passam pela abertura, s\u00e3o submetidos a press\u00e3o intensa, fric\u00e7\u00e3o e for\u00e7as adicionais de vibra\u00e7\u00e3o de alta frequ\u00eancia e movimento de v\u00f3rtice, resultando em moagem completa e uniforme. Para al\u00e9m do cacau, esta m\u00e1quina \u00e9 vers\u00e1til e adequada para processar v\u00e1rios materiais nas ind\u00fastrias aliment\u00edcia, farmac\u00eautica e qu\u00edmica.<\/p>    <figure class=\"wp-block-gallery has-nested-images columns-default is-cropped wp-block-gallery-2 is-layout-flex wp-block-gallery-is-layout-flex\"> <figure class=\"wp-block-image size-large\"><img loading=\"lazy\" decoding=\"async\" width=\"720\" height=\"540\" data-id=\"2048\" src=\"https:\/\/topfoodmachine.com\/wp-content\/uploads\/2025\/09\/Cocoa-paste-grinding-machine-price.webp\" alt=\"Pre\u00e7o da m\u00e1quina de moagem de pasta de cacau\" class=\"wp-image-2048\" srcset=\"https:\/\/topfoodmachine.com\/wp-content\/uploads\/2025\/09\/Cocoa-paste-grinding-machine-price.webp 720w, https:\/\/topfoodmachine.com\/wp-content\/uploads\/2025\/09\/Cocoa-paste-grinding-machine-price-300x225.webp 300w, https:\/\/topfoodmachine.com\/wp-content\/uploads\/2025\/09\/Cocoa-paste-grinding-machine-price-16x12.webp 16w\" sizes=\"auto, (max-width: 720px) 100vw, 720px\" \/><figcaption class=\"wp-element-caption\">Pre\u00e7o da m\u00e1quina de moagem de pasta de cacau<\/figcaption><\/figure>    <figure class=\"wp-block-image size-large\"><img loading=\"lazy\" decoding=\"async\" width=\"720\" height=\"540\" data-id=\"2049\" src=\"https:\/\/topfoodmachine.com\/wp-content\/uploads\/2025\/09\/Cocoa-paste-grinding-machine.webp\" alt=\"M\u00e1quina de moagem de pasta de cacau\" class=\"wp-image-2049\" srcset=\"https:\/\/topfoodmachine.com\/wp-content\/uploads\/2025\/09\/Cocoa-paste-grinding-machine.webp 720w, https:\/\/topfoodmachine.com\/wp-content\/uploads\/2025\/09\/Cocoa-paste-grinding-machine-300x225.webp 300w, https:\/\/topfoodmachine.com\/wp-content\/uploads\/2025\/09\/Cocoa-paste-grinding-machine-16x12.webp 16w\" sizes=\"auto, (max-width: 720px) 100vw, 720px\" \/><figcaption class=\"wp-element-caption\">M\u00e1quina de moagem de pasta de cacau<\/figcaption><\/figure> <\/figure>    <h2 class=\"wp-block-heading\">4. M\u00e1quina homogeneizadora<\/h2>    <p>Na linha de produ\u00e7\u00e3o da m\u00e1quina de fazer pasta de cacau, o homogeneizador \u00e9 instalado imediatamente ap\u00f3s o moedor de cacau (moinho de colloide) para refinar ainda mais a pasta de cacau. Aplica for\u00e7as de cisalhamento elevadas para quebrar os aglomerados de part\u00edculas remanescentes e distribuir uniformemente as gorduras, produzindo uma pasta de cacau mais suave e uniforme.<\/p>    <p>Este processo melhora a textura, estabilidade e qualidade geral, assegurando que a pasta de cacau cumpra os requisitos para a produ\u00e7\u00e3o de pasta de cacau de alto grau. Com ajustes de press\u00e3o e fluxos, o homogeneizante permite controlo preciso sobre a finura, tornando-o um componente indispens\u00e1vel em linhas de processamento de pasta de cacau de chocolate, confeitaria e cosm\u00e9ticos.<\/p>    <figure class=\"wp-block-gallery has-nested-images columns-default is-cropped wp-block-gallery-3 is-layout-flex wp-block-gallery-is-layout-flex\"> <figure class=\"wp-block-image size-large\"><img loading=\"lazy\" decoding=\"async\" width=\"720\" height=\"540\" data-id=\"2050\" src=\"https:\/\/topfoodmachine.com\/wp-content\/uploads\/2025\/09\/Homogenizer-machine.webp\" alt=\"M\u00e1quina homogeneizadora\" class=\"wp-image-2050\" srcset=\"https:\/\/topfoodmachine.com\/wp-content\/uploads\/2025\/09\/Homogenizer-machine.webp 720w, https:\/\/topfoodmachine.com\/wp-content\/uploads\/2025\/09\/Homogenizer-machine-300x225.webp 300w, https:\/\/topfoodmachine.com\/wp-content\/uploads\/2025\/09\/Homogenizer-machine-16x12.webp 16w\" sizes=\"auto, (max-width: 720px) 100vw, 720px\" \/><figcaption class=\"wp-element-caption\">M\u00e1quina homogeneizadora<\/figcaption><\/figure>    <figure class=\"wp-block-image size-large\"><img loading=\"lazy\" decoding=\"async\" width=\"720\" height=\"540\" data-id=\"2051\" src=\"https:\/\/topfoodmachine.com\/wp-content\/uploads\/2025\/09\/industrial-Homogenizer-machine.webp\" alt=\"m\u00e1quina industrial Homogeneizadora\" class=\"wp-image-2051\" srcset=\"https:\/\/topfoodmachine.com\/wp-content\/uploads\/2025\/09\/industrial-Homogenizer-machine.webp 720w, https:\/\/topfoodmachine.com\/wp-content\/uploads\/2025\/09\/industrial-Homogenizer-machine-300x225.webp 300w, https:\/\/topfoodmachine.com\/wp-content\/uploads\/2025\/09\/industrial-Homogenizer-machine-16x12.webp 16w\" sizes=\"auto, (max-width: 720px) 100vw, 720px\" \/><figcaption class=\"wp-element-caption\">m\u00e1quina industrial Homogeneizadora<\/figcaption><\/figure> <\/figure>    <h2 class=\"wp-block-heading\">5. Frasco de armazenamento de massa de cacau<\/h2>    <p>O frasco de armazenamento da pasta de cacau \u00e9 um componente essencial na linha de produ\u00e7\u00e3o de massa de cacau, concebido para reter e estabilizar a pasta de cacau processada antes de uso adicional. Ap\u00f3s moagem e homogeneiza\u00e7\u00e3o, a pasta \u00e9 direcionada para o frasco de armazenamento, que est\u00e1 equipado com isolamento e mecanismos de agita\u00e7\u00e3o para manter a temperatura e a textura consistentes.<\/p>    <p>Este tanque garante que a pasta de cacau permane\u00e7a uniforme e pronta para as etapas de produ\u00e7\u00e3o subsequentes, ao mesmo tempo em que minimiza a oxida\u00e7\u00e3o e preserva a qualidade. Trabalha em conjunto com os tanques de mistura e de v\u00e1cuo anteriormente no processo para entregar uma base de pasta de cacau suave, est\u00e1vel e de alta qualidade.<\/p>    <figure class=\"wp-block-gallery has-nested-images columns-default is-cropped wp-block-gallery-4 is-layout-flex wp-block-gallery-is-layout-flex\"> <figure class=\"wp-block-image size-large\"><img loading=\"lazy\" decoding=\"async\" width=\"720\" height=\"540\" data-id=\"2052\" src=\"https:\/\/topfoodmachine.com\/wp-content\/uploads\/2025\/09\/Cocoa-butter-storage-jar-for-sale.webp\" alt=\"Recipiente de armazenamento de manteiga de cacau \u00e0 venda\" class=\"wp-image-2052\" srcset=\"https:\/\/topfoodmachine.com\/wp-content\/uploads\/2025\/09\/Cocoa-butter-storage-jar-for-sale.webp 720w, https:\/\/topfoodmachine.com\/wp-content\/uploads\/2025\/09\/Cocoa-butter-storage-jar-for-sale-300x225.webp 300w, https:\/\/topfoodmachine.com\/wp-content\/uploads\/2025\/09\/Cocoa-butter-storage-jar-for-sale-16x12.webp 16w\" sizes=\"auto, (max-width: 720px) 100vw, 720px\" \/><figcaption class=\"wp-element-caption\">Recipiente de armazenamento de manteiga de cacau \u00e0 venda<\/figcaption><\/figure>    <figure class=\"wp-block-image size-large\"><img loading=\"lazy\" decoding=\"async\" width=\"720\" height=\"540\" data-id=\"2053\" src=\"https:\/\/topfoodmachine.com\/wp-content\/uploads\/2025\/09\/Cocoa-butter-storage-jar.webp\" alt=\"Recipiente de armazenamento de manteiga de cacau\" class=\"wp-image-2053\" srcset=\"https:\/\/topfoodmachine.com\/wp-content\/uploads\/2025\/09\/Cocoa-butter-storage-jar.webp 720w, https:\/\/topfoodmachine.com\/wp-content\/uploads\/2025\/09\/Cocoa-butter-storage-jar-300x225.webp 300w, https:\/\/topfoodmachine.com\/wp-content\/uploads\/2025\/09\/Cocoa-butter-storage-jar-16x12.webp 16w\" sizes=\"auto, (max-width: 720px) 100vw, 720px\" \/><figcaption class=\"wp-element-caption\">Recipiente de armazenamento de manteiga de cacau<\/figcaption><\/figure> <\/figure>    <h2 class=\"wp-block-heading\">Par\u00e2metros da linha de produ\u00e7\u00e3o da m\u00e1quina de fazer pasta de cacau<\/h2>    <figure class=\"wp-block-table\"><table class=\"has-fixed-layout\"><tbody><tr><td><strong>Nome da m\u00e1quina<\/strong><strong><\/strong><\/td><td><strong>Poder<\/strong><strong><\/strong><\/td><td><strong>Dimens\u00e3o<\/strong><strong><\/strong><\/td><td><strong>Capacidade<\/strong><strong><\/strong><\/td><\/tr><tr><td>M\u00e1quina de torrefa\u00e7\u00e3o de gr\u00e3os de cacau<\/td><td>18 kW<\/td><td>3000*1200*1700mm<\/td><td>50-500kg\/h<\/td><\/tr><tr><td>M\u00e1quina de descascamento de gr\u00e3os de cacau<\/td><td>0,75 kW<\/td><td>1200*1100*1200mm<\/td><td>200-500kg\/h<\/td><\/tr><tr><td>M\u00e1quina de moagem de gr\u00e3os de cacau<\/td><td>7,5 kW<\/td><td>750*450*1000mm<\/td><td>300-1200kg\/h<\/td><\/tr><\/tbody><\/table><figcaption class=\"wp-element-caption\">Unidades de par\u00e2metros da m\u00e1quina de produ\u00e7\u00e3o de pasta de cacau<\/figcaption><\/figure>    <h2 class=\"wp-block-heading\">Vantagens da m\u00e1quina de fazer pasta de cacau<\/h2>    <div class=\"wp-block-media-text is-stacked-on-mobile\"><figure class=\"wp-block-media-text__media\"><img loading=\"lazy\" decoding=\"async\" width=\"720\" height=\"540\" src=\"https:\/\/topfoodmachine.com\/wp-content\/uploads\/2025\/09\/effective-Cocoa-butter-making-machine.webp\" alt=\"m\u00e1quina eficaz de fazer pasta de cacau\" class=\"wp-image-2054 size-full\" srcset=\"https:\/\/topfoodmachine.com\/wp-content\/uploads\/2025\/09\/effective-Cocoa-butter-making-machine.webp 720w, https:\/\/topfoodmachine.com\/wp-content\/uploads\/2025\/09\/effective-Cocoa-butter-making-machine-300x225.webp 300w, https:\/\/topfoodmachine.com\/wp-content\/uploads\/2025\/09\/effective-Cocoa-butter-making-machine-16x12.webp 16w\" sizes=\"auto, (max-width: 720px) 100vw, 720px\" \/><\/figure><div class=\"wp-block-media-text__content\"> <ul class=\"wp-block-list\"> <li>Os torradores de placas correntes possuem um sistema inteligente de supress\u00e3o de fogo que \u00e9 ativado imediatamente quando s\u00e3o detectadas temperaturas anormais.<\/li>    <li>A m\u00e1quina de descascar gr\u00e3os de cacau utiliza um sistema de reciclagem em circuito fechado que recircula os gr\u00e3os incompletamente descascados, alcan\u00e7ando at\u00e9 99% de efici\u00eancia.<\/li>    <li>A linha de produ\u00e7\u00e3o pode ser totalmente personalizada, permitindo ajustar a configura\u00e7\u00e3o das m\u00e1quinas e a produ\u00e7\u00e3o para atender necessidades espec\u00edficas.<\/li>    <li>O sistema integra-se perfeitamente com linhas de limpeza e classifica\u00e7\u00e3o de gr\u00e3os de cacau a montante e pode ser expandido para incluir a produ\u00e7\u00e3o de p\u00f3 de cacau.<\/li> <\/ul> <\/div><\/div>    <h2 class=\"wp-block-heading\">Conclus\u00e3o<\/h2>    <p class=\"translation-block\">A linha de produ\u00e7\u00e3o da m\u00e1quina de fazer pasta de cacau oferece uma solu\u00e7\u00e3o completa para a produ\u00e7\u00e3o de pasta de cacau de alta qualidade. Quer seja para aplica\u00e7\u00f5es de chocolate, confeitaria ou cosm\u00e9ticos, esta linha de produ\u00e7\u00e3o oferece desempenho fi\u00e1vel e funcionamento suave.<\/p>    <p>Contacte-nos hoje para saber mais e solicite um or\u00e7amento para uma solu\u00e7\u00e3o de produ\u00e7\u00e3o de pasta de cacau adaptada \u00e0s suas necessidades.<\/p>","protected":false},"excerpt":{"rendered":"<p>A linha de produ\u00e7\u00e3o da m\u00e1quina de fazer pasta de cacau \u00e9 um sistema de processamento de cacau altamente eficiente, especialmente concebido para extra\u00e7\u00e3o e produ\u00e7\u00e3o de pasta de cacau. <\/p>","protected":false},"author":1,"featured_media":2043,"parent":0,"template":"","tags":[132],"product-type":[5],"class_list":["post-2041","product","type-product","status-publish","has-post-thumbnail","hentry","tag-cocoa-paste-making-machine","product-type-nuts-processing-machine"],"_links":{"self":[{"href":"https:\/\/topfoodmachine.com\/pt\/wp-json\/wp\/v2\/product\/2041","targetHints":{"allow":["GET"]}}],"collection":[{"href":"https:\/\/topfoodmachine.com\/pt\/wp-json\/wp\/v2\/product"}],"about":[{"href":"https:\/\/topfoodmachine.com\/pt\/wp-json\/wp\/v2\/types\/product"}],"author":[{"embeddable":true,"href":"https:\/\/topfoodmachine.com\/pt\/wp-json\/wp\/v2\/users\/1"}],"wp:featuredmedia":[{"embeddable":true,"href":"https:\/\/topfoodmachine.com\/pt\/wp-json\/wp\/v2\/media\/2043"}],"wp:attachment":[{"href":"https:\/\/topfoodmachine.com\/pt\/wp-json\/wp\/v2\/media?parent=2041"}],"wp:term":[{"taxonomy":"post_tag","embeddable":true,"href":"https:\/\/topfoodmachine.com\/pt\/wp-json\/wp\/v2\/tags?post=2041"},{"taxonomy":"product-type","embeddable":true,"href":"https:\/\/topfoodmachine.com\/pt\/wp-json\/wp\/v2\/product-type?post=2041"}],"curies":[{"name":"wp","href":"https:\/\/api.w.org\/{rel}","templated":true}]}}