{"id":2010,"date":"2025-09-22T18:06:48","date_gmt":"2025-09-22T10:06:48","guid":{"rendered":"https:\/\/topfoodmachine.com\/?post_type=product&#038;p=2010"},"modified":"2025-09-22T18:14:09","modified_gmt":"2025-09-22T10:14:09","slug":"cocoa-bean-sheller-machine","status":"publish","type":"product","link":"https:\/\/topfoodmachine.com\/pt\/product\/cocoa-bean-sheller-machine\/","title":{"rendered":"M\u00e1quina de descascagem de casca de gr\u00e3o de cacau"},"content":{"rendered":"<div class=\"kk-star-ratings kksr-auto kksr-align-left kksr-valign-top\"     data-payload='{&quot;align&quot;:&quot;left&quot;,&quot;id&quot;:&quot;2010&quot;,&quot;slug&quot;:&quot;default&quot;,&quot;valign&quot;:&quot;top&quot;,&quot;ignore&quot;:&quot;&quot;,&quot;reference&quot;:&quot;auto&quot;,&quot;class&quot;:&quot;&quot;,&quot;count&quot;:&quot;28&quot;,&quot;legendonly&quot;:&quot;&quot;,&quot;readonly&quot;:&quot;&quot;,&quot;score&quot;:&quot;4.8&quot;,&quot;starsonly&quot;:&quot;&quot;,&quot;best&quot;:&quot;5&quot;,&quot;gap&quot;:&quot;5&quot;,&quot;greet&quot;:&quot;Rate this product&quot;,&quot;legend&quot;:&quot;4.8\\\/5 - (28 votes)&quot;,&quot;size&quot;:&quot;24&quot;,&quot;title&quot;:&quot;Cocoa Bean Sheller Machine&quot;,&quot;width&quot;:&quot;136.7&quot;,&quot;_legend&quot;:&quot;{score}\\\/{best} - ({count} {votes})&quot;,&quot;font_factor&quot;:&quot;1.25&quot;}'>              <div class=\"kksr-stars\">      <div class=\"kksr-stars-inactive\">             <div class=\"kksr-star\" data-star=\"1\" style=\"padding-right: 5px\">               <div class=\"kksr-icon\" style=\"width: 24px; height: 24px;\"><\/div>         <\/div>             <div class=\"kksr-star\" data-star=\"2\" style=\"padding-right: 5px\">               <div class=\"kksr-icon\" style=\"width: 24px; height: 24px;\"><\/div>         <\/div>             <div class=\"kksr-star\" data-star=\"3\" style=\"padding-right: 5px\">               <div class=\"kksr-icon\" style=\"width: 24px; height: 24px;\"><\/div>         <\/div>             <div class=\"kksr-star\" data-star=\"4\" style=\"padding-right: 5px\">               <div class=\"kksr-icon\" style=\"width: 24px; height: 24px;\"><\/div>         <\/div>             <div class=\"kksr-star\" data-star=\"5\" style=\"padding-right: 5px\">               <div class=\"kksr-icon\" style=\"width: 24px; height: 24px;\"><\/div>         <\/div>     <\/div>      <div class=\"kksr-stars-active\" style=\"width: 136.7px;\">             <div class=\"kksr-star\" style=\"padding-right: 5px\">               <div class=\"kksr-icon\" style=\"width: 24px; height: 24px;\"><\/div>         <\/div>             <div class=\"kksr-star\" style=\"padding-right: 5px\">               <div class=\"kksr-icon\" style=\"width: 24px; height: 24px;\"><\/div>         <\/div>             <div class=\"kksr-star\" style=\"padding-right: 5px\">               <div class=\"kksr-icon\" style=\"width: 24px; height: 24px;\"><\/div>         <\/div>             <div class=\"kksr-star\" style=\"padding-right: 5px\">               <div class=\"kksr-icon\" style=\"width: 24px; height: 24px;\"><\/div>         <\/div>             <div class=\"kksr-star\" style=\"padding-right: 5px\">               <div class=\"kksr-icon\" style=\"width: 24px; height: 24px;\"><\/div>         <\/div>     <\/div> <\/div>                   <div class=\"kksr-legend\" style=\"font-size: 19.2px;\">             4,8\/5 - (28 votos)    <\/div>     <\/div>  <p class=\"translation-block\">A <strong>M\u00e1quina de Descascamento de Gr\u00e3os de Cacau<\/strong> \u00e9 principalmente usada para esmagar, descascar e separar nibs de cascas. A m\u00e1quina apresenta uma estrutura compacta e combina rolos de descascamento, um soprador e peneiras de separa\u00e7\u00e3o, oferecendo opera\u00e7\u00e3o simples, desempenho est\u00e1vel e uma alta taxa de descascamento. <\/p>    <p>\u00c9 amplamente aplicado em linhas de produ\u00e7\u00e3o de chocolate e produtos de cacau, melhorando efetivamente a utiliza\u00e7\u00e3o de mat\u00e9rias-primas e a qualidade do produto. <\/p>    <p class=\"translation-block\">Dependendo do modelo, a capacidade da m\u00e1quina varia de <strong>50\u20131000 kg\/h<\/strong>, com uma taxa de descascamento de <strong>acima de 98%<\/strong>, e configura\u00e7\u00f5es de pot\u00eancia de <strong>0,4 kW a 4,4 kW<\/strong>, tornando-a adequada para requisitos diferentes desde oficinas de processamento de pequena escala at\u00e9 empresas de produ\u00e7\u00e3o em grande escala.<\/p>    <figure class=\"wp-block-embed is-type-video is-provider-youtube wp-block-embed-youtube wp-embed-aspect-9-16 wp-has-aspect-ratio\"><div class=\"wp-block-embed__wrapper\"> <iframe loading=\"lazy\" title=\"M\u00e1quina de Descascamento de Gr\u00e3os de Cacau \u00e0 venda \u2013 Alta velocidade e dur\u00e1vel #cocoa #beans #peanut #foodprocessing\" width=\"422\" height=\"750\" src=\"https:\/\/www.youtube.com\/embed\/qq6WWgaiWwQ?feature=oembed\" frameborder=\"0\" allow=\"accelerometer; autoplay; clipboard-write; encrypted-media; gyroscope; picture-in-picture; web-share\" referrerpolicy=\"strict-origin-when-cross-origin\" allowfullscreen><\/iframe> <\/div><figcaption class=\"wp-element-caption\">V\u00eddeo Funcional da M\u00e1quina de Descascamento de Gr\u00e3os de Cacau<\/figcaption><\/figure>    <h2 class=\"wp-block-heading\">M\u00e1quina de descascamento de gr\u00e3os de cacau \u00e0 venda<\/h2>    <p class=\"translation-block\">A nossa m\u00e1quina de descascamento de gr\u00e3os de cacau separa rapidamente e limpo as cascas dos nibs. A m\u00e1quina est\u00e1 equipada com <strong>tr\u00eas ventiladores potentes<\/strong> e <strong>tr\u00eas telas vibrat\u00f3rias<\/strong>, assegurando classifica\u00e7\u00e3o precisa e remo\u00e7\u00e3o eficaz de cascas. Tamb\u00e9m vem com um <strong>sistema de transporte<\/strong>, que permite alimenta\u00e7\u00e3o cont\u00ednua e opera\u00e7\u00e3o suave. <\/p>    <p class=\"translation-block\">A <strong>intensidade do fluxo de ar \u00e9 ajust\u00e1vel<\/strong>, dando aos operadores controlo total sobre o processo de descascamento. Nos casos em que as cascas n\u00e3o s\u00e3o totalmente removidas na primeira passagem, o transportador devolve automaticamente os gr\u00e3os \u00e0 m\u00e1quina para <strong>descascamento secund\u00e1rio<\/strong>, resultando numa taxa de descascamento mais limpa e elevada. <\/p>    <figure class=\"wp-block-image size-full\"><img loading=\"lazy\" decoding=\"async\" width=\"720\" height=\"540\" src=\"https:\/\/topfoodmachine.com\/wp-content\/uploads\/2025\/09\/Cocoa-bean-peeling-machine-price.webp\" alt=\"Pre\u00e7o da m\u00e1quina de descascamento de cacau\" class=\"wp-image-2013\" srcset=\"https:\/\/topfoodmachine.com\/wp-content\/uploads\/2025\/09\/Cocoa-bean-peeling-machine-price.webp 720w, https:\/\/topfoodmachine.com\/wp-content\/uploads\/2025\/09\/Cocoa-bean-peeling-machine-price-300x225.webp 300w, https:\/\/topfoodmachine.com\/wp-content\/uploads\/2025\/09\/Cocoa-bean-peeling-machine-price-16x12.webp 16w\" sizes=\"auto, (max-width: 720px) 100vw, 720px\" \/><figcaption class=\"wp-element-caption\">Pre\u00e7o da m\u00e1quina de descascamento de cacau<\/figcaption><\/figure>    <h2 class=\"wp-block-heading\">Estrutura da m\u00e1quina de descascamento de gr\u00e3os de cacau<\/h2>    <p class=\"translation-block\">A m\u00e1quina de descascamento de gr\u00e3os de cacau \u00e9 constru\u00edda com uma <strong>estrutura compacta por\u00e9m eficiente<\/strong> que integra v\u00e1rios componentes de processamento para assegurar uma opera\u00e7\u00e3o suave. <\/p>    <p class=\"translation-block\">Comp\u00f5e-se principalmente de um <strong>funil de alimenta\u00e7\u00e3o<\/strong>, <strong>rolos de descascamento<\/strong>, <strong>telas vibrat\u00f3rias<\/strong>, <strong>ventiladores (sopradores)<\/strong> e um <strong>sistema de ciclone<\/strong> para recolha das cascas.<\/p>    <figure class=\"wp-block-image size-full\"><img loading=\"lazy\" decoding=\"async\" width=\"720\" height=\"540\" src=\"https:\/\/topfoodmachine.com\/wp-content\/uploads\/2025\/09\/Cocoa-bean-peeling-machine.webp\" alt=\"M\u00e1quina de descascamento de gr\u00e3os de cacau\" class=\"wp-image-2014\" srcset=\"https:\/\/topfoodmachine.com\/wp-content\/uploads\/2025\/09\/Cocoa-bean-peeling-machine.webp 720w, https:\/\/topfoodmachine.com\/wp-content\/uploads\/2025\/09\/Cocoa-bean-peeling-machine-300x225.webp 300w, https:\/\/topfoodmachine.com\/wp-content\/uploads\/2025\/09\/Cocoa-bean-peeling-machine-16x12.webp 16w\" sizes=\"auto, (max-width: 720px) 100vw, 720px\" \/><figcaption class=\"wp-element-caption\">M\u00e1quina de descascamento de gr\u00e3os de cacau<\/figcaption><\/figure>    <h2 class=\"wp-block-heading\">Como funciona a m\u00e1quina de descascamento de gr\u00e3os de cacau?<\/h2>    <div class=\"wp-block-media-text is-stacked-on-mobile\"><figure class=\"wp-block-media-text__media\"><img loading=\"lazy\" decoding=\"async\" width=\"720\" height=\"540\" src=\"https:\/\/topfoodmachine.com\/wp-content\/uploads\/2025\/09\/Cocoa-Bean-Sheller-Machine-details.webp\" alt=\"Detalhes da M\u00e1quina de Descascamento de Gr\u00e3os de Cacau\" class=\"wp-image-2015 size-full\" srcset=\"https:\/\/topfoodmachine.com\/wp-content\/uploads\/2025\/09\/Cocoa-Bean-Sheller-Machine-details.webp 720w, https:\/\/topfoodmachine.com\/wp-content\/uploads\/2025\/09\/Cocoa-Bean-Sheller-Machine-details-300x225.webp 300w, https:\/\/topfoodmachine.com\/wp-content\/uploads\/2025\/09\/Cocoa-Bean-Sheller-Machine-details-16x12.webp 16w\" sizes=\"auto, (max-width: 720px) 100vw, 720px\" \/><\/figure><div class=\"wp-block-media-text__content\"> <ul class=\"wp-block-list\"> <li><strong>Alimenta\u00e7\u00e3o<\/strong> \u2013 As sementes de cacau s\u00e3o alimentadas de forma uniforme na cuba de alimenta\u00e7\u00e3o.<\/li>    <li><strong>Descascamento<\/strong> \u2013 As sementes s\u00e3o roladas e descascadas pelos rolos de descascamento.<\/li>    <li><strong>Triagem<\/strong> \u2013 As sementes descascadas caem na tela vibrat\u00f3ria, onde s\u00e3o separadas de acordo com diferentes tamanhos de part\u00edculas.<\/li> <\/ul> <\/div><\/div>    <div class=\"wp-block-media-text has-media-on-the-right is-stacked-on-mobile\"><div class=\"wp-block-media-text__content\"> <ul class=\"wp-block-list\"> <li><strong>Remo\u00e7\u00e3o da casca<\/strong> \u2013 Com a ajuda do soprador, as cascas separadas de diferentes tamanhos s\u00e3o sugadas e coletadas no sistema de armazenamento em ciclone.<\/li>    <li><strong>Descarga do nib<\/strong> \u2013 Os nibs de cacau limpos s\u00e3o descarregados pela sa\u00edda.<\/li>    <li><strong>Ajuste<\/strong> \u2013 Regulando a intensidade do fluxo de ar e a folga entre os rolos de descascamento, pode-se alcan\u00e7ar a separa\u00e7\u00e3o completa das cascas e dos nibs.<\/li> <\/ul> <\/div><figure class=\"wp-block-media-text__media\"><img loading=\"lazy\" decoding=\"async\" width=\"720\" height=\"540\" src=\"https:\/\/topfoodmachine.com\/wp-content\/uploads\/2025\/09\/exported-Cocoa-bean-shelling-machine.webp\" alt=\"m\u00e1quina exportada de descascamento de gr\u00e3os de cacau\" class=\"wp-image-2019 size-full\" srcset=\"https:\/\/topfoodmachine.com\/wp-content\/uploads\/2025\/09\/exported-Cocoa-bean-shelling-machine.webp 720w, https:\/\/topfoodmachine.com\/wp-content\/uploads\/2025\/09\/exported-Cocoa-bean-shelling-machine-300x225.webp 300w, https:\/\/topfoodmachine.com\/wp-content\/uploads\/2025\/09\/exported-Cocoa-bean-shelling-machine-16x12.webp 16w\" sizes=\"auto, (max-width: 720px) 100vw, 720px\" \/><\/figure><\/div>    <h2 class=\"wp-block-heading\">Vantagens da m\u00e1quina de descascamento de gr\u00e3os de cacau<\/h2>    <div class=\"wp-block-media-text is-stacked-on-mobile\"><figure class=\"wp-block-media-text__media\"><img loading=\"lazy\" decoding=\"async\" width=\"720\" height=\"540\" src=\"https:\/\/topfoodmachine.com\/wp-content\/uploads\/2025\/09\/Cocoa-Bean-Sheller-Machine-for-sale.webp\" alt=\"M\u00e1quina de Descascamento de Gr\u00e3os de Cacau \u00e0 venda\" class=\"wp-image-2016 size-full\" srcset=\"https:\/\/topfoodmachine.com\/wp-content\/uploads\/2025\/09\/Cocoa-Bean-Sheller-Machine-for-sale.webp 720w, https:\/\/topfoodmachine.com\/wp-content\/uploads\/2025\/09\/Cocoa-Bean-Sheller-Machine-for-sale-300x225.webp 300w, https:\/\/topfoodmachine.com\/wp-content\/uploads\/2025\/09\/Cocoa-Bean-Sheller-Machine-for-sale-16x12.webp 16w\" sizes=\"auto, (max-width: 720px) 100vw, 720px\" \/><\/figure><div class=\"wp-block-media-text__content\"> <ul class=\"wp-block-list\"> <li>A m\u00e1quina \u00e9 feita integralmente de a\u00e7o inoxid\u00e1vel 304, garantindo durabilidade e higiene.<\/li>    <li>Alta automa\u00e7\u00e3o permite descascamento r\u00e1pido com baixo ru\u00eddo e m\u00e3o de obra m\u00ednima.<\/li>    <li>Pode processar eficientemente gr\u00e3os de cacau e avel\u00e3s para uso industrial.<\/li> <\/ul> <\/div><\/div>    <div class=\"wp-block-media-text has-media-on-the-right is-stacked-on-mobile\"><div class=\"wp-block-media-text__content\"> <ul class=\"wp-block-list\"> <li>Um coletor de p\u00f3 com aspira\u00e7\u00e3o embutido capta as cascas vermelhas e mant\u00e9m o ambiente limpo.<\/li>    <li>Ventiladores ajust\u00e1veis e telas vibrat\u00f3rias asseguram a separa\u00e7\u00e3o completa das cascas com-descascamento secund\u00e1rio para gr\u00e3os incompletos.<\/li>    <li>Opera\u00e7\u00e3o f\u00e1cil e manuten\u00e7\u00e3o reduzem o tempo de inatividade e asseguram um fluxo de trabalho suave.<\/li> <\/ul> <\/div><figure class=\"wp-block-media-text__media\"><img loading=\"lazy\" decoding=\"async\" width=\"720\" height=\"540\" src=\"https:\/\/topfoodmachine.com\/wp-content\/uploads\/2025\/09\/industrial-Cocoa-bean-shelling-machine.webp\" alt=\"m\u00e1quina de descascamento de gr\u00e3os de cacau industrial\" class=\"wp-image-2020 size-full\" srcset=\"https:\/\/topfoodmachine.com\/wp-content\/uploads\/2025\/09\/industrial-Cocoa-bean-shelling-machine.webp 720w, https:\/\/topfoodmachine.com\/wp-content\/uploads\/2025\/09\/industrial-Cocoa-bean-shelling-machine-300x225.webp 300w, https:\/\/topfoodmachine.com\/wp-content\/uploads\/2025\/09\/industrial-Cocoa-bean-shelling-machine-16x12.webp 16w\" sizes=\"auto, (max-width: 720px) 100vw, 720px\" \/><\/figure><\/div>    <h2 class=\"wp-block-heading\">Par\u00e2metros da m\u00e1quina de descascamento de gr\u00e3os de cacau<\/h2>    <figure class=\"wp-block-table\"><table class=\"has-fixed-layout\"><tbody><tr><td>Modelo<\/td><td>Par\u00e2metros T\u00e9cnicos<\/td><td>Dimens\u00f5es (cm)<\/td><td>Capacidade de produ\u00e7\u00e3o<\/td><td>Tens\u00e3o<\/td><td>Pot\u00eancia do motor<\/td><td>Pot\u00eancia do ventilador<\/td><td>Taxa de descascamento<\/td><td>Peso (kg)<\/td><\/tr><tr><td>S\u00e9rie Kt-2 (B\u00e1sico)<\/td><td><strong>Modelo B\u00e1sico<\/strong><\/td><td>70*60*130<\/td><td>50-100 kg\/hora<\/td><td>380V 50HZ<\/td><td>0,4KW<\/td><td>0,37KW<\/td><td>&#8211;<\/td><td>&#8211;<\/td><\/tr><tr><td>S\u00e9rie Kt-2 (com ciclone)<\/td><td><strong>Com Separador de Ciclone<\/strong><\/td><td>100*100*130<\/td><td>50-100 kg\/hora<\/td><td>380V 50HZ<\/td><td>0,4KW<\/td><td>0,37KW<\/td><td>&#8211;<\/td><td>&#8211;<\/td><\/tr><tr><td>Tipo Kt-2 Peel &amp; Kernel Separator<\/td><td><strong>Descascador &amp; Separador de N\u00facleo<\/strong><\/td><td>120*110*120<\/td><td>200kg\/hora<\/td><td>380V<\/td><td>0,75 kW<\/td><td>0,55 kW<\/td><td>&gt;98%<\/td><td>140<\/td><\/tr><tr><td>Tipo Kt-4<\/td><td><strong>Tipo Kt-4<\/strong><\/td><td>140*60*130<\/td><td>100KG\/H<\/td><td>380V<\/td><td>0,75 kW<\/td><td>1,1KW<\/td><td>&gt;99%<\/td><td>150<\/td><\/tr><tr><td>Tipo Kt-3 Descascamento, Peneira &amp; Separador de N\u00facleo<\/td><td><strong>Tipo Kt-3<\/strong><\/td><td>160*70*140<\/td><td>300KG\/H<\/td><td>380V<\/td><td>0,75 kW<\/td><td>1,5 kW<\/td><td>&gt;99%<\/td><td>200<\/td><\/tr><tr><td>Tipo Kt-4 Avan\u00e7ado descascamento, peneira &amp; separador de n\u00facleo<\/td><td><strong>Tipo Avan\u00e7adoKt-4<\/strong><\/td><td>160*100*140<\/td><td>400-500KG\/H<\/td><td>380V<\/td><td>1,1KW<\/td><td>2,2KW<\/td><td>&gt;99%<\/td><td>280<\/td><\/tr><tr><td>HB-2 Tipo Descasca Espiral<\/td><td><strong>Descascador Espiral<\/strong><\/td><td>1900*1000*1400<\/td><td>1000kg\/hora<\/td><td>380V 50HZ<\/td><td>4,4KW ( motor de velocidade ajust\u00e1vel)<\/td><td>2,2KW<\/td><td>&#8211;<\/td><td>300<\/td><\/tr><\/tbody><\/table><figcaption class=\"wp-element-caption\">Par\u00e2metros da m\u00e1quina de descascamento de gr\u00e3os de cacau<\/figcaption><\/figure>    <h2 class=\"wp-block-heading\">Dicas sobre o uso da m\u00e1quina de descascamento de gr\u00e3os de cacau<\/h2>    <div class=\"wp-block-media-text is-stacked-on-mobile\"><figure class=\"wp-block-media-text__media\"><img loading=\"lazy\" decoding=\"async\" width=\"720\" height=\"540\" src=\"https:\/\/topfoodmachine.com\/wp-content\/uploads\/2025\/09\/Cocoa-bean-sheller-machine-structure.webp\" alt=\"Estrutura da m\u00e1quina de descascamento de gr\u00e3os de cacau\" class=\"wp-image-2017 size-full\" srcset=\"https:\/\/topfoodmachine.com\/wp-content\/uploads\/2025\/09\/Cocoa-bean-sheller-machine-structure.webp 720w, https:\/\/topfoodmachine.com\/wp-content\/uploads\/2025\/09\/Cocoa-bean-sheller-machine-structure-300x225.webp 300w, https:\/\/topfoodmachine.com\/wp-content\/uploads\/2025\/09\/Cocoa-bean-sheller-machine-structure-16x12.webp 16w\" sizes=\"auto, (max-width: 720px) 100vw, 720px\" \/><\/figure><div class=\"wp-block-media-text__content\"> <ul class=\"wp-block-list\"> <li>Colocar a m\u00e1quina numa superf\u00edcie nivelada e est\u00e1vel.<\/li>    <li>Assegurar boa ventila\u00e7\u00e3o para evitar sobreaquecimento do motor.<\/li>    <li>Verificar todas as pe\u00e7as, l\u00e2minas e fixa\u00e7\u00f5es antes da opera\u00e7\u00e3o.<\/li>    <li>Evite sobrecarregar os gr\u00e3os para evitar bloqueios.<\/li> <\/ul> <\/div><\/div>    <div class=\"wp-block-media-text has-media-on-the-right is-stacked-on-mobile\"><div class=\"wp-block-media-text__content\"> <ul class=\"wp-block-list\"> <li>Use luvas de prote\u00e7\u00e3o e evite tocar em pe\u00e7as m\u00f3veis.<\/li>    <li>Limpar cascas de gr\u00e3o e poeira regularmente.<\/li>    <li>Realizar manuten\u00e7\u00e3o de rotina em pe\u00e7as de desgaste.<\/li>    <li>Desligar sempre antes da limpeza ou ajustes.<\/li> <\/ul> <\/div><figure class=\"wp-block-media-text__media\"><img loading=\"lazy\" decoding=\"async\" width=\"720\" height=\"540\" src=\"https:\/\/topfoodmachine.com\/wp-content\/uploads\/2025\/09\/effective-Cocoa-bean-sheller-machine.webp\" alt=\"m\u00e1quina de descascamento de gr\u00e3os de cacau eficaz\" class=\"wp-image-2018 size-full\" srcset=\"https:\/\/topfoodmachine.com\/wp-content\/uploads\/2025\/09\/effective-Cocoa-bean-sheller-machine.webp 720w, https:\/\/topfoodmachine.com\/wp-content\/uploads\/2025\/09\/effective-Cocoa-bean-sheller-machine-300x225.webp 300w, https:\/\/topfoodmachine.com\/wp-content\/uploads\/2025\/09\/effective-Cocoa-bean-sheller-machine-16x12.webp 16w\" sizes=\"auto, (max-width: 720px) 100vw, 720px\" \/><\/figure><\/div>    <h2 class=\"wp-block-heading\">Conclus\u00e3o<\/h2>    <p class=\"translation-block\">A <a href=\"https:\/\/en.wikipedia.org\/wiki\/Cocoa_bean\" data-type=\"link\" data-id=\"https:\/\/en.wikipedia.org\/wiki\/Cocoa_bean\" target=\"_blank\" rel=\"noopener\">Moinho de sementes de cacau<\/a> \u00e9 a solu\u00e7\u00e3o perfeita para produzir nibs de cacau limpos e de alta qualidade com desperd\u00edcio m\u00ednimo, tornando-a uma escolha ideal tanto para opera\u00e7\u00f5es de processamento de cacau de pequena escala quanto industriais. <\/p>    <p class=\"translation-block\">Al\u00e9m disso, a nossa empresa oferece uma gama completa de <a href=\"https:\/\/topfoodmachine.com\/pt\/products\/nuts-processing-machine\/\" data-type=\"link\" data-id=\"https:\/\/topfoodmachine.com\/products\/nuts-processing-machine\/\">m\u00e1quinas de processamento de frutos secos<\/a>, e convidamo-lo a navegar pelos nossos produtos e solicitar um or\u00e7amento.<\/p>","protected":false},"excerpt":{"rendered":"<p>A M\u00e1quina de Descascamento de Gr\u00e3os de Cacau \u00e9 principalmente usada para esmagar, descascar e separar nibs de cascas.<\/p>","protected":false},"author":1,"featured_media":2021,"parent":0,"template":"","tags":[129],"product-type":[5],"class_list":["post-2010","product","type-product","status-publish","has-post-thumbnail","hentry","tag-cocoa-bean-sheller-machine","product-type-nuts-processing-machine"],"_links":{"self":[{"href":"https:\/\/topfoodmachine.com\/pt\/wp-json\/wp\/v2\/product\/2010","targetHints":{"allow":["GET"]}}],"collection":[{"href":"https:\/\/topfoodmachine.com\/pt\/wp-json\/wp\/v2\/product"}],"about":[{"href":"https:\/\/topfoodmachine.com\/pt\/wp-json\/wp\/v2\/types\/product"}],"author":[{"embeddable":true,"href":"https:\/\/topfoodmachine.com\/pt\/wp-json\/wp\/v2\/users\/1"}],"wp:featuredmedia":[{"embeddable":true,"href":"https:\/\/topfoodmachine.com\/pt\/wp-json\/wp\/v2\/media\/2021"}],"wp:attachment":[{"href":"https:\/\/topfoodmachine.com\/pt\/wp-json\/wp\/v2\/media?parent=2010"}],"wp:term":[{"taxonomy":"post_tag","embeddable":true,"href":"https:\/\/topfoodmachine.com\/pt\/wp-json\/wp\/v2\/tags?post=2010"},{"taxonomy":"product-type","embeddable":true,"href":"https:\/\/topfoodmachine.com\/pt\/wp-json\/wp\/v2\/product-type?post=2010"}],"curies":[{"name":"wp","href":"https:\/\/api.w.org\/{rel}","templated":true}]}}