{"id":1989,"date":"2025-08-26T10:36:55","date_gmt":"2025-08-26T02:36:55","guid":{"rendered":"https:\/\/topfoodmachine.com\/?post_type=product&#038;p=1989"},"modified":"2025-08-26T10:36:56","modified_gmt":"2025-08-26T02:36:56","slug":"sesame-seed-cleaning-machine","status":"publish","type":"product","link":"https:\/\/topfoodmachine.com\/pt\/product\/sesame-seed-cleaning-machine\/","title":{"rendered":"M\u00e1quina de limpeza de sementes de s\u00e9samo"},"content":{"rendered":"<div class=\"kk-star-ratings kksr-auto kksr-align-left kksr-valign-top\"     data-payload='{&quot;align&quot;:&quot;left&quot;,&quot;id&quot;:&quot;1989&quot;,&quot;slug&quot;:&quot;default&quot;,&quot;valign&quot;:&quot;top&quot;,&quot;ignore&quot;:&quot;&quot;,&quot;reference&quot;:&quot;auto&quot;,&quot;class&quot;:&quot;&quot;,&quot;count&quot;:&quot;24&quot;,&quot;legendonly&quot;:&quot;&quot;,&quot;readonly&quot;:&quot;&quot;,&quot;score&quot;:&quot;4.5&quot;,&quot;starsonly&quot;:&quot;&quot;,&quot;best&quot;:&quot;5&quot;,&quot;gap&quot;:&quot;5&quot;,&quot;greet&quot;:&quot;Rate this product&quot;,&quot;legend&quot;:&quot;4.5\\\/5 - (24 votes)&quot;,&quot;size&quot;:&quot;24&quot;,&quot;title&quot;:&quot;Sesame seed cleaning machine&quot;,&quot;width&quot;:&quot;128&quot;,&quot;_legend&quot;:&quot;{score}\\\/{best} - ({count} {votes})&quot;,&quot;font_factor&quot;:&quot;1.25&quot;}'>              <div class=\"kksr-stars\">      <div class=\"kksr-stars-inactive\">             <div class=\"kksr-star\" data-star=\"1\" style=\"padding-right: 5px\">               <div class=\"kksr-icon\" style=\"width: 24px; height: 24px;\"><\/div>         <\/div>             <div class=\"kksr-star\" data-star=\"2\" style=\"padding-right: 5px\">               <div class=\"kksr-icon\" style=\"width: 24px; height: 24px;\"><\/div>         <\/div>             <div class=\"kksr-star\" data-star=\"3\" style=\"padding-right: 5px\">               <div class=\"kksr-icon\" style=\"width: 24px; height: 24px;\"><\/div>         <\/div>             <div class=\"kksr-star\" data-star=\"4\" style=\"padding-right: 5px\">               <div class=\"kksr-icon\" style=\"width: 24px; height: 24px;\"><\/div>         <\/div>             <div class=\"kksr-star\" data-star=\"5\" style=\"padding-right: 5px\">               <div class=\"kksr-icon\" style=\"width: 24px; height: 24px;\"><\/div>         <\/div>     <\/div>      <div class=\"kksr-stars-active\" style=\"width: 128px;\">             <div class=\"kksr-star\" style=\"padding-right: 5px\">               <div class=\"kksr-icon\" style=\"width: 24px; height: 24px;\"><\/div>         <\/div>             <div class=\"kksr-star\" style=\"padding-right: 5px\">               <div class=\"kksr-icon\" style=\"width: 24px; height: 24px;\"><\/div>         <\/div>             <div class=\"kksr-star\" style=\"padding-right: 5px\">               <div class=\"kksr-icon\" style=\"width: 24px; height: 24px;\"><\/div>         <\/div>             <div class=\"kksr-star\" style=\"padding-right: 5px\">               <div class=\"kksr-icon\" style=\"width: 24px; height: 24px;\"><\/div>         <\/div>             <div class=\"kksr-star\" style=\"padding-right: 5px\">               <div class=\"kksr-icon\" style=\"width: 24px; height: 24px;\"><\/div>         <\/div>     <\/div> <\/div>                   <div class=\"kksr-legend\" style=\"font-size: 19.2px;\">             4,5\/5 - (24 votos)    <\/div>     <\/div>  <p class=\"translation-block\">A <strong>M\u00e1quina de Limpeza de Sementes de S\u00e9samo<\/strong> pode remover eficientemente p\u00f3, pedras e outras impurezas, preservando a qualidade natural das sementes. Com um processo de lavagem suave, grande capacidade de processamento de <strong>1000 kg\/h<\/strong> e um design de poupan\u00e7a de \u00e1gua, garante efici\u00eancia e sustentabilidade.<\/p>    <p>Constru\u00edda em a\u00e7o inoxid\u00e1vel de alta qualidade, a m\u00e1quina oferece excelente higiene, durabilidade e baixos requisitos de manuten\u00e7\u00e3o. A sua opera\u00e7\u00e3o totalmente autom\u00e1tica reduz os custos de m\u00e3o de obra e garante um desempenho est\u00e1vel. <\/p>    <p>Adequada para s\u00e9samo, bem como para uma variedade de gr\u00e3os e sementes, esta m\u00e1quina de limpeza \u00e9 amplamente utilizada em f\u00e1bricas de processamento de alimentos e ind\u00fastrias agr\u00edcolas para obter resultados de limpeza r\u00e1pidos, consistentes e de alto rendimento.<\/p>    <figure class=\"wp-block-embed is-type-video is-provider-youtube wp-block-embed-youtube wp-embed-aspect-9-16 wp-has-aspect-ratio\"><div class=\"wp-block-embed__wrapper\"> <iframe loading=\"lazy\" title=\"Como Funcionam as M\u00e1quinas de Limpeza de Sementes de S\u00e9samo #s\u00e9samo #limpeza #processamentodealimentos\" width=\"422\" height=\"750\" src=\"https:\/\/www.youtube.com\/embed\/cPl1BxP3rgU?feature=oembed\" frameborder=\"0\" allow=\"accelerometer; autoplay; clipboard-write; encrypted-media; gyroscope; picture-in-picture; web-share\" referrerpolicy=\"strict-origin-when-cross-origin\" allowfullscreen><\/iframe> <\/div><figcaption class=\"wp-element-caption\">V\u00eddeo de funcionamento da m\u00e1quina de limpeza de sementes de s\u00e9samo<\/figcaption><\/figure>    <h2 class=\"wp-block-heading\">M\u00e1quina de limpeza de sementes de s\u00e9samo para venda<\/h2>    <p class=\"translation-block\">A m\u00e1quina de limpeza de sementes de s\u00e9samo combina alimenta\u00e7\u00e3o, limpeza e separa\u00e7\u00e3o num \u00fanico processo simplificado, garantindo que a casca e o gr\u00e3o de s\u00e9samo permanecem intactos. Isto torna-a ideal para o processamento prim\u00e1rio em ind\u00fastrias como a produ\u00e7\u00e3o de s\u00e9samo, <a href=\"https:\/\/topfoodmachine.com\/pt\/product\/peanut-roasting-machine\/\" data-type=\"link\" data-id=\"https:\/\/topfoodmachine.com\/product\/peanut-roasting-machine\/\">torrefa\u00e7\u00e3o de s\u00e9samo<\/a> e prensagem de \u00f3leo de s\u00e9samo.<\/p>    <p>Adicionalmente, a capacidade e o tamanho da m\u00e1quina podem ser personalizados para atender a requisitos de produ\u00e7\u00e3o espec\u00edficos, proporcionando uma solu\u00e7\u00e3o flex\u00edvel para opera\u00e7\u00f5es de pequena e grande escala.<\/p>    <figure class=\"wp-block-image size-full\"><img loading=\"lazy\" decoding=\"async\" width=\"720\" height=\"540\" src=\"https:\/\/topfoodmachine.com\/wp-content\/uploads\/2025\/08\/Sesame-seed-cleaning-machine-details.webp\" alt=\"Detalhes da m\u00e1quina de limpeza de sementes de s\u00e9samo\" class=\"wp-image-1994\" srcset=\"https:\/\/topfoodmachine.com\/wp-content\/uploads\/2025\/08\/Sesame-seed-cleaning-machine-details.webp 720w, https:\/\/topfoodmachine.com\/wp-content\/uploads\/2025\/08\/Sesame-seed-cleaning-machine-details-300x225.webp 300w, https:\/\/topfoodmachine.com\/wp-content\/uploads\/2025\/08\/Sesame-seed-cleaning-machine-details-16x12.webp 16w\" sizes=\"auto, (max-width: 720px) 100vw, 720px\" \/><figcaption class=\"wp-element-caption\">Detalhes da m\u00e1quina de limpeza de sementes de s\u00e9samo<\/figcaption><\/figure>    <h2 class=\"wp-block-heading\">Vantagens da m\u00e1quina de lavagem de s\u00e9samo<\/h2>    <div class=\"wp-block-media-text is-stacked-on-mobile\"><figure class=\"wp-block-media-text__media\"><img loading=\"lazy\" decoding=\"async\" width=\"720\" height=\"540\" src=\"https:\/\/topfoodmachine.com\/wp-content\/uploads\/2025\/08\/commercial-Sesame-washing-machine.webp\" alt=\"M\u00e1quina de lavagem de s\u00e9samo comercial\" class=\"wp-image-1995 size-full\" srcset=\"https:\/\/topfoodmachine.com\/wp-content\/uploads\/2025\/08\/commercial-Sesame-washing-machine.webp 720w, https:\/\/topfoodmachine.com\/wp-content\/uploads\/2025\/08\/commercial-Sesame-washing-machine-300x225.webp 300w, https:\/\/topfoodmachine.com\/wp-content\/uploads\/2025\/08\/commercial-Sesame-washing-machine-16x12.webp 16w\" sizes=\"auto, (max-width: 720px) 100vw, 720px\" \/><\/figure><div class=\"wp-block-media-text__content\"> <ul class=\"wp-block-list\"> <li>Opera utilizando um princ\u00edpio de agita\u00e7\u00e3o com l\u00e2mina em espiral para remover eficientemente p\u00f3, areia, part\u00edculas de ferro, casca, vermes de s\u00e9samo e outras impurezas.<\/li>    <li>Equipada com fun\u00e7\u00f5es autom\u00e1ticas de limpeza, separa\u00e7\u00e3o e alimenta\u00e7\u00e3o assistida por ar para maior efici\u00eancia.<\/li>    <li>Feita de a\u00e7o inoxid\u00e1vel, cumprindo as normas nacionais de higiene e garantindo a seguran\u00e7a alimentar.<\/li> <\/ul> <\/div><\/div>    <div class=\"wp-block-media-text has-media-on-the-right is-stacked-on-mobile\"><div class=\"wp-block-media-text__content\"> <ul class=\"wp-block-list\"> <li>Limpa suavemente as sementes de s\u00e9samo sem causar danos.<\/li>    <li>Opera\u00e7\u00e3o simples e f\u00e1cil de usar, adequada para o tratamento prim\u00e1rio de s\u00e9samo, torrefa\u00e7\u00e3o, extra\u00e7\u00e3o de \u00f3leo e outras ind\u00fastrias relacionadas.<\/li>    <li>Descarrega as sementes de s\u00e9samo limpas num estado seco, poupando tempo e reduzindo custos.<\/li>    <li>Melhora a efici\u00eancia geral da produ\u00e7\u00e3o com uma limpeza r\u00e1pida e consistente.<\/li> <\/ul> <\/div><figure class=\"wp-block-media-text__media\"><img loading=\"lazy\" decoding=\"async\" width=\"720\" height=\"540\" src=\"https:\/\/topfoodmachine.com\/wp-content\/uploads\/2025\/08\/Sesame-seed-cleaning-machine-for-sale.webp\" alt=\"M\u00e1quina de limpeza de sementes de s\u00e9samo para venda\" class=\"wp-image-1998 size-full\" srcset=\"https:\/\/topfoodmachine.com\/wp-content\/uploads\/2025\/08\/Sesame-seed-cleaning-machine-for-sale.webp 720w, https:\/\/topfoodmachine.com\/wp-content\/uploads\/2025\/08\/Sesame-seed-cleaning-machine-for-sale-300x225.webp 300w, https:\/\/topfoodmachine.com\/wp-content\/uploads\/2025\/08\/Sesame-seed-cleaning-machine-for-sale-16x12.webp 16w\" sizes=\"auto, (max-width: 720px) 100vw, 720px\" \/><\/figure><\/div>    <h2 class=\"wp-block-heading\">Como funciona a m\u00e1quina de lavagem de s\u00e9samo?<\/h2>    <div class=\"wp-block-media-text is-stacked-on-mobile\"><figure class=\"wp-block-media-text__media\"><img loading=\"lazy\" decoding=\"async\" width=\"720\" height=\"540\" src=\"https:\/\/topfoodmachine.com\/wp-content\/uploads\/2025\/08\/high-capacity-Sesame-washing-machine.webp\" alt=\"M\u00e1quina de lavagem de s\u00e9samo de alta capacidade\" class=\"wp-image-1996 size-full\" srcset=\"https:\/\/topfoodmachine.com\/wp-content\/uploads\/2025\/08\/high-capacity-Sesame-washing-machine.webp 720w, https:\/\/topfoodmachine.com\/wp-content\/uploads\/2025\/08\/high-capacity-Sesame-washing-machine-300x225.webp 300w, https:\/\/topfoodmachine.com\/wp-content\/uploads\/2025\/08\/high-capacity-Sesame-washing-machine-16x12.webp 16w\" sizes=\"auto, (max-width: 720px) 100vw, 720px\" \/><\/figure><div class=\"wp-block-media-text__content\"> <ul class=\"wp-block-list\"> <li>Remo\u00e7\u00e3o de p\u00f3 por sopro de ar. O s\u00e9samo cru passa pelo Removedor de P\u00f3 por Sopro de Ar para eliminar o p\u00f3 preliminar e as impurezas grandes.<\/li>    <li>Unidade de lavagem. As sementes entram na m\u00e1quina de lavagem, onde a lavagem com \u00e1gua combinada com agita\u00e7\u00e3o mec\u00e2nica as limpa completamente.<\/li>    <li>Separa\u00e7\u00e3o de impurezas. Durante a lavagem, a sujidade, os detritos finos e as part\u00edculas leves s\u00e3o removidos do s\u00e9samo.<\/li> <\/ul> <\/div><\/div>    <div class=\"wp-block-media-text has-media-on-the-right is-stacked-on-mobile\"><div class=\"wp-block-media-text__content\"> <ul class=\"wp-block-list\"> <li>Descarga de \u00e1guas residuais. A \u00e1gua contaminada \u00e9 expelida atrav\u00e9s da Sa\u00edda de \u00c1gua na parte inferior da unidade de lavagem.<\/li>    <li>Desidrata\u00e7\u00e3o centr\u00edfuga. O s\u00e9samo limpo \u00e9 transportado para a M\u00e1quina de Desidrata\u00e7\u00e3o Centr\u00edfuga para remover o excesso de humidade de forma eficiente.<\/li>    <li>Prepara\u00e7\u00e3o para processamento posterior. As sementes com humidade reduzida est\u00e3o prontas para torrefa\u00e7\u00e3o, extra\u00e7\u00e3o de \u00f3leo ou outras aplica\u00e7\u00f5es a jusante, garantindo a seguran\u00e7a alimentar e a alta qualidade do produto.<\/li> <\/ul> <\/div><figure class=\"wp-block-media-text__media\"><img loading=\"lazy\" decoding=\"async\" width=\"720\" height=\"540\" src=\"https:\/\/topfoodmachine.com\/wp-content\/uploads\/2025\/08\/sesame-cleaner.webp\" alt=\"M\u00e1quina de limpeza de s\u00e9samo\" class=\"wp-image-1997 size-full\" srcset=\"https:\/\/topfoodmachine.com\/wp-content\/uploads\/2025\/08\/sesame-cleaner.webp 720w, https:\/\/topfoodmachine.com\/wp-content\/uploads\/2025\/08\/sesame-cleaner-300x225.webp 300w, https:\/\/topfoodmachine.com\/wp-content\/uploads\/2025\/08\/sesame-cleaner-16x12.webp 16w\" sizes=\"auto, (max-width: 720px) 100vw, 720px\" \/><\/figure><\/div>    <h2 class=\"wp-block-heading\">Aplica\u00e7\u00f5es amplas da m\u00e1quina de limpeza de s\u00e9samo<\/h2>    <p>As m\u00e1quinas de limpeza de sementes de s\u00e9samo s\u00e3o usadas em ind\u00fastrias de processamento de alimentos e agr\u00edcolas para remover impurezas como p\u00f3, areia, ferro e casca. Garantem sementes limpas e uniformes para processamento de s\u00e9samo, extra\u00e7\u00e3o de \u00f3leo, padarias e pastelarias. <\/p>    <p>Ao melhorar a higiene, reduzir o desperd\u00edcio e aumentar a efici\u00eancia, estas m\u00e1quinas s\u00e3o adequadas para produ\u00e7\u00e3o em pequena e grande escala e podem processar v\u00e1rias sementes e gr\u00e3os pequenos.<\/p>    <figure class=\"wp-block-image size-full\"><img loading=\"lazy\" decoding=\"async\" width=\"720\" height=\"540\" src=\"https:\/\/topfoodmachine.com\/wp-content\/uploads\/2025\/08\/Sesame-seed-cleaning-machine-application.webp\" alt=\"Aplica\u00e7\u00e3o da m\u00e1quina de limpeza de sementes de s\u00e9samo\" class=\"wp-image-1993\" srcset=\"https:\/\/topfoodmachine.com\/wp-content\/uploads\/2025\/08\/Sesame-seed-cleaning-machine-application.webp 720w, https:\/\/topfoodmachine.com\/wp-content\/uploads\/2025\/08\/Sesame-seed-cleaning-machine-application-300x225.webp 300w, https:\/\/topfoodmachine.com\/wp-content\/uploads\/2025\/08\/Sesame-seed-cleaning-machine-application-16x12.webp 16w\" sizes=\"auto, (max-width: 720px) 100vw, 720px\" \/><figcaption class=\"wp-element-caption\">Aplica\u00e7\u00e3o da m\u00e1quina de limpeza de sementes de s\u00e9samo<\/figcaption><\/figure>    <h2 class=\"wp-block-heading\">Par\u00e2metros da m\u00e1quina de limpeza de sementes de s\u00e9samo<\/h2>    <figure class=\"wp-block-table\"><table class=\"has-fixed-layout\"><tbody><tr><td>Nome do Produto<\/td><td>M\u00e1quina de Limpeza de Sementes de S\u00e9samo<\/td><\/tr><tr><td>Capacidade (kg\/h)<\/td><td>1000<\/td><\/tr><tr><td>Dire\u00e7\u00e3o do Secador<\/td><td>Sentido anti-hor\u00e1rio<\/td><\/tr><tr><td>Velocidade do Eixo Principal (r\/min)<\/td><td>750<\/td><\/tr><tr><td>Especifica\u00e7\u00e3o da Pel\u00edcula Seca (mm)<\/td><td>400<\/td><\/tr><tr><td>Di\u00e2metro do Parafuso de S\u00e9samo (mm)<\/td><td>140<\/td><\/tr><tr><td>Poder<\/td><td>1.5 kW \/ 0.55 kW<\/td><\/tr><tr><td>Dimens\u00e3o (mm)<\/td><td>1880 \u00d7 790 \u00d7 710<\/td><\/tr><\/tbody><\/table><figcaption class=\"wp-element-caption\">Par\u00e2metros da m\u00e1quina de lavagem de sementes de s\u00e9samo<\/figcaption><\/figure>    <figure class=\"wp-block-image size-full\"><img loading=\"lazy\" decoding=\"async\" width=\"720\" height=\"540\" src=\"https:\/\/topfoodmachine.com\/wp-content\/uploads\/2025\/08\/automatic-Sesame-seed-cleaning-machine.webp\" alt=\"M\u00e1quina autom\u00e1tica de limpeza de sementes de s\u00e9samo\" class=\"wp-image-1999\" srcset=\"https:\/\/topfoodmachine.com\/wp-content\/uploads\/2025\/08\/automatic-Sesame-seed-cleaning-machine.webp 720w, https:\/\/topfoodmachine.com\/wp-content\/uploads\/2025\/08\/automatic-Sesame-seed-cleaning-machine-300x225.webp 300w, https:\/\/topfoodmachine.com\/wp-content\/uploads\/2025\/08\/automatic-Sesame-seed-cleaning-machine-16x12.webp 16w\" sizes=\"auto, (max-width: 720px) 100vw, 720px\" \/><figcaption class=\"wp-element-caption\">M\u00e1quina autom\u00e1tica de limpeza de sementes de s\u00e9samo<\/figcaption><\/figure>    <h2 class=\"wp-block-heading\">Equipamento de apoio da m\u00e1quina de limpeza de sementes de s\u00e9samo<\/h2>    <p>A m\u00e1quina de limpeza de sementes de s\u00e9samo pode ser combinada com v\u00e1rios dispositivos de apoio para aumentar a efici\u00eancia e a qualidade do produto. <\/p>    <p>O elevador pneum\u00e1tico apresenta baixo ru\u00eddo, esmagamento m\u00ednimo e uma pegada compacta, e o seu fluxo de ar ajuda a remover detritos leves como cascas partidas e folhas durante o levantamento. A m\u00e1quina de lavagem de s\u00e9samo utiliza a baixa densidade relativa das sementes para lavar areia e outras impurezas com \u00e1gua. <\/p>    <p>Ap\u00f3s a lavagem, o secador utiliza um cone rotativo para gerar for\u00e7a centr\u00edfuga, removendo eficientemente o excesso de humidade. Comparado com os m\u00e9todos tradicionais de controlo de humidade, este processo poupa tempo, reduz o teor de humidade das sementes e diminui os custos para a torrefa\u00e7\u00e3o subsequente.<\/p>    <figure class=\"wp-block-gallery has-nested-images columns-default is-cropped wp-block-gallery-2 is-layout-flex wp-block-gallery-is-layout-flex\"> <figure class=\"wp-block-image size-large\"><img loading=\"lazy\" decoding=\"async\" width=\"720\" height=\"540\" data-id=\"2000\" src=\"https:\/\/topfoodmachine.com\/wp-content\/uploads\/2025\/08\/Sesame-seed-cleaning-machine-price.webp\" alt=\"M\u00e1quina de lavagem de s\u00e9samo exportada\" class=\"wp-image-2000\" srcset=\"https:\/\/topfoodmachine.com\/wp-content\/uploads\/2025\/08\/Sesame-seed-cleaning-machine-price.webp 720w, https:\/\/topfoodmachine.com\/wp-content\/uploads\/2025\/08\/Sesame-seed-cleaning-machine-price-300x225.webp 300w, https:\/\/topfoodmachine.com\/wp-content\/uploads\/2025\/08\/Sesame-seed-cleaning-machine-price-16x12.webp 16w\" sizes=\"auto, (max-width: 720px) 100vw, 720px\" \/><figcaption class=\"wp-element-caption\">M\u00e1quina de lavagem de s\u00e9samo exportada<\/figcaption><\/figure>    <figure class=\"wp-block-image size-large\"><img loading=\"lazy\" decoding=\"async\" width=\"720\" height=\"540\" data-id=\"2001\" src=\"https:\/\/topfoodmachine.com\/wp-content\/uploads\/2025\/08\/Sesame-washing-machine-exported.webp\" alt=\"M\u00e1quina de lavagem de s\u00e9samo exportada\" class=\"wp-image-2001\" srcset=\"https:\/\/topfoodmachine.com\/wp-content\/uploads\/2025\/08\/Sesame-washing-machine-exported.webp 720w, https:\/\/topfoodmachine.com\/wp-content\/uploads\/2025\/08\/Sesame-washing-machine-exported-300x225.webp 300w, https:\/\/topfoodmachine.com\/wp-content\/uploads\/2025\/08\/Sesame-washing-machine-exported-16x12.webp 16w\" sizes=\"auto, (max-width: 720px) 100vw, 720px\" \/><figcaption class=\"wp-element-caption\">M\u00e1quina de lavagem de s\u00e9samo exportada<\/figcaption><\/figure> <\/figure>    <h2 class=\"wp-block-heading\">Conclus\u00e3o<\/h2>    <p class=\"translation-block\">A <a href=\"https:\/\/en.wikipedia.org\/wiki\/Sesame\" data-type=\"link\" data-id=\"https:\/\/en.wikipedia.org\/wiki\/Sesame\" target=\"_blank\" rel=\"noopener\">m\u00e1quina de limpeza de sementes de s\u00e9samo<\/a> oferece uma solu\u00e7\u00e3o fi\u00e1vel, eficiente e higi\u00e9nica para o processamento de s\u00e9samo. Ao combinar tecnologias avan\u00e7adas de remo\u00e7\u00e3o de p\u00f3, lavagem e desidrata\u00e7\u00e3o, garante sementes de alta qualidade prontas para torrefa\u00e7\u00e3o, extra\u00e7\u00e3o de \u00f3leo ou processamento posterior. <\/p>    <p>A sua integra\u00e7\u00e3o com equipamentos de apoio, como elevadores pneum\u00e1ticos e secadores, aumenta a produtividade, reduz a m\u00e3o de obra e diminui os custos operacionais, tornando-a uma escolha ideal para opera\u00e7\u00f5es de processamento de s\u00e9samo de pequena e grande escala.<\/p>","protected":false},"excerpt":{"rendered":"<p>A M\u00e1quina de Limpeza de Sementes de S\u00e9samo pode remover eficientemente p\u00f3, pedras e outras impurezas, preservando a qualidade natural das sementes.<\/p>","protected":false},"author":1,"featured_media":1992,"parent":0,"template":"","tags":[126],"product-type":[5],"class_list":["post-1989","product","type-product","status-publish","has-post-thumbnail","hentry","tag-sesame-seed-cleaning-machine","product-type-nuts-processing-machine"],"_links":{"self":[{"href":"https:\/\/topfoodmachine.com\/pt\/wp-json\/wp\/v2\/product\/1989","targetHints":{"allow":["GET"]}}],"collection":[{"href":"https:\/\/topfoodmachine.com\/pt\/wp-json\/wp\/v2\/product"}],"about":[{"href":"https:\/\/topfoodmachine.com\/pt\/wp-json\/wp\/v2\/types\/product"}],"author":[{"embeddable":true,"href":"https:\/\/topfoodmachine.com\/pt\/wp-json\/wp\/v2\/users\/1"}],"wp:featuredmedia":[{"embeddable":true,"href":"https:\/\/topfoodmachine.com\/pt\/wp-json\/wp\/v2\/media\/1992"}],"wp:attachment":[{"href":"https:\/\/topfoodmachine.com\/pt\/wp-json\/wp\/v2\/media?parent=1989"}],"wp:term":[{"taxonomy":"post_tag","embeddable":true,"href":"https:\/\/topfoodmachine.com\/pt\/wp-json\/wp\/v2\/tags?post=1989"},{"taxonomy":"product-type","embeddable":true,"href":"https:\/\/topfoodmachine.com\/pt\/wp-json\/wp\/v2\/product-type?post=1989"}],"curies":[{"name":"wp","href":"https:\/\/api.w.org\/{rel}","templated":true}]}}