{"id":197,"date":"2022-07-22T09:18:18","date_gmt":"2022-07-22T09:18:18","guid":{"rendered":"https:\/\/topfoodmachine.com\/?post_type=product&#038;p=197"},"modified":"2023-06-14T14:57:19","modified_gmt":"2023-06-14T06:57:19","slug":"french-fries-production-lines","status":"publish","type":"product","link":"https:\/\/topfoodmachine.com\/pt\/product\/french-fries-production-lines\/","title":{"rendered":"Linha de produ\u00e7\u00e3o de batatas fritas"},"content":{"rendered":"<div class=\"kk-star-ratings kksr-auto kksr-align-left kksr-valign-top\"     data-payload='{&quot;align&quot;:&quot;left&quot;,&quot;id&quot;:&quot;197&quot;,&quot;slug&quot;:&quot;default&quot;,&quot;valign&quot;:&quot;top&quot;,&quot;ignore&quot;:&quot;&quot;,&quot;reference&quot;:&quot;auto&quot;,&quot;class&quot;:&quot;&quot;,&quot;count&quot;:&quot;17&quot;,&quot;legendonly&quot;:&quot;&quot;,&quot;readonly&quot;:&quot;&quot;,&quot;score&quot;:&quot;4.9&quot;,&quot;starsonly&quot;:&quot;&quot;,&quot;best&quot;:&quot;5&quot;,&quot;gap&quot;:&quot;5&quot;,&quot;greet&quot;:&quot;Rate this product&quot;,&quot;legend&quot;:&quot;4.9\\\/5 - (17 votes)&quot;,&quot;size&quot;:&quot;24&quot;,&quot;title&quot;:&quot;French Fries Production Line&quot;,&quot;width&quot;:&quot;139.6&quot;,&quot;_legend&quot;:&quot;{score}\\\/{best} - ({count} {votes})&quot;,&quot;font_factor&quot;:&quot;1.25&quot;}'>              <div class=\"kksr-stars\">      <div class=\"kksr-stars-inactive\">             <div class=\"kksr-star\" data-star=\"1\" style=\"padding-right: 5px\">               <div class=\"kksr-icon\" style=\"width: 24px; height: 24px;\"><\/div>         <\/div>             <div class=\"kksr-star\" data-star=\"2\" style=\"padding-right: 5px\">               <div class=\"kksr-icon\" style=\"width: 24px; height: 24px;\"><\/div>         <\/div>             <div class=\"kksr-star\" data-star=\"3\" style=\"padding-right: 5px\">               <div class=\"kksr-icon\" style=\"width: 24px; height: 24px;\"><\/div>         <\/div>             <div class=\"kksr-star\" data-star=\"4\" style=\"padding-right: 5px\">               <div class=\"kksr-icon\" style=\"width: 24px; height: 24px;\"><\/div>         <\/div>             <div class=\"kksr-star\" data-star=\"5\" style=\"padding-right: 5px\">               <div class=\"kksr-icon\" style=\"width: 24px; height: 24px;\"><\/div>         <\/div>     <\/div>      <div class=\"kksr-stars-active\" style=\"width: 139.6px;\">             <div class=\"kksr-star\" style=\"padding-right: 5px\">               <div class=\"kksr-icon\" style=\"width: 24px; height: 24px;\"><\/div>         <\/div>             <div class=\"kksr-star\" style=\"padding-right: 5px\">               <div class=\"kksr-icon\" style=\"width: 24px; height: 24px;\"><\/div>         <\/div>             <div class=\"kksr-star\" style=\"padding-right: 5px\">               <div class=\"kksr-icon\" style=\"width: 24px; height: 24px;\"><\/div>         <\/div>             <div class=\"kksr-star\" style=\"padding-right: 5px\">               <div class=\"kksr-icon\" style=\"width: 24px; height: 24px;\"><\/div>         <\/div>             <div class=\"kksr-star\" style=\"padding-right: 5px\">               <div class=\"kksr-icon\" style=\"width: 24px; height: 24px;\"><\/div>         <\/div>     <\/div> <\/div>                   <div class=\"kksr-legend\" style=\"font-size: 19.2px;\">             4,9\/5 - (17 votos)    <\/div>     <\/div>  <p class=\"translation-block\"><strong>A linha de produ\u00e7\u00e3o de batatas fritas<\/strong> \u00e9 projetada para fabricar batatas fritas congeladas automaticamente e de forma eficiente. Com material dur\u00e1vel e de grau aliment\u00edcio, design razo\u00e1vel e estrutura maravilhosa, a <strong>linha de fabrica\u00e7\u00e3o de batatas fritas<\/strong> tem bom desempenho, alta efici\u00eancia de produ\u00e7\u00e3o e \u00e9 f\u00e1cil de operar. Como um famoso fornecedor de m\u00e1quinas de fazer batatas fritas, h\u00e1 <strong>linha de produ\u00e7\u00e3o de batatas fritas semi-autom\u00e1tica<\/strong> e <strong>linha de produ\u00e7\u00e3o de batatas fritas congeladas totalmente autom\u00e1tica<\/strong> dispon\u00edveis em nossa f\u00e1brica. A capacidade delas varia de 50kg\/h a 1000kg\/h. <\/p>    <p>E apoiamos um forte servi\u00e7o personalizado para atender completamente \u00e0s suas demandas. Se estiver interessado nesta linha de batatas fritas, envie-nos um email ou deixe hoje mesmo suas necessidades para maiores informa\u00e7\u00f5es.<\/p>    <h2 class=\"wp-block-heading\">Introdu\u00e7\u00e3o \u00e0 linha de processamento de batatas fritas congeladas Taizy<\/h2>    <p>A linha de produ\u00e7\u00e3o de batatas fritas congeladas ou a linha de processamento de batatas fritas \u00e9 um equipamento de fabrica\u00e7\u00e3o de batatas fritas de alta efici\u00eancia. Pode ajudar a produzir deliciosas batatas fritas congeladas de forma cont\u00ednua e autom\u00e1tica. Como todos sabemos, as batatas fritas s\u00e3o muito populares em todo o mundo. E uma excelente m\u00e1quina para fazer batatas fritas pode tornar as batatas fritas mais atraentes para os clientes. Portanto, pode beneficiar mais o seu neg\u00f3cio de batatas fritas congeladas.<\/p>    <figure class=\"wp-block-image size-full\"><img loading=\"lazy\" decoding=\"async\" width=\"1050\" height=\"591\" src=\"https:\/\/topfoodmachine.com\/wp-content\/uploads\/2022\/07\/fully-automatic-french-fries-making-line.jpg\" alt=\"linha de produ\u00e7\u00e3o de batatas fritas totalmente autom\u00e1tica\" class=\"wp-image-201\" srcset=\"https:\/\/topfoodmachine.com\/wp-content\/uploads\/2022\/07\/fully-automatic-french-fries-making-line.jpg 1050w, https:\/\/topfoodmachine.com\/wp-content\/uploads\/2022\/07\/fully-automatic-french-fries-making-line-300x169.jpg 300w, https:\/\/topfoodmachine.com\/wp-content\/uploads\/2022\/07\/fully-automatic-french-fries-making-line-1024x576.jpg 1024w, https:\/\/topfoodmachine.com\/wp-content\/uploads\/2022\/07\/fully-automatic-french-fries-making-line-768x432.jpg 768w\" sizes=\"auto, (max-width: 1050px) 100vw, 1050px\" \/><figcaption class=\"wp-element-caption\">linha de produ\u00e7\u00e3o de batatas fritas totalmente autom\u00e1tica<\/figcaption><\/figure>    <p class=\"translation-block\"><strong>Material:<\/strong> batata fresca, batata-doce, mandioca, banana, e assim por diante.<\/p>    <p><strong>Capacidade da m\u00e1quina de fazer batatas fritas Taizy:<\/strong><\/p>    <p class=\"translation-block\"><strong>Linha de produ\u00e7\u00e3o de batatas fritas semi-autom\u00e1tica:<\/strong> 50kg\/h,100kg\/h,150kg\/h,200kg\/h;<\/p>    <p class=\"translation-block\"><strong>Linha de produ\u00e7\u00e3o de batatas fritas congeladas totalmente autom\u00e1tica:<\/strong> 200kg\/h.300kg\/h,500kg\/h,800kg\/h,1000kg\/h;<\/p>    <h2 class=\"wp-block-heading\">Fluxograma autom\u00e1tico da linha de produ\u00e7\u00e3o de batatas fritas congeladas<\/h2>    <p><strong>Batata \u2192 descascar \u2192 cortar \u2192 branquear \u2192 drenar por vibra\u00e7\u00e3o \u2192 fritar \u2192 drenar por \u00f3leo por vibra\u00e7\u00e3o \u2192 \u00a0congelamento r\u00e1pido \u2192 embalagem de batatas fritas congeladas.<\/strong><\/p>    <h2 class=\"wp-block-heading\">Caracter\u00edsticas de desempenho da linha de processamento de batatas fritas Taizy<\/h2>    <ol class=\"wp-block-list\" type=\"1\"> <li>A capacidade da linha de m\u00e1quinas de fabrica\u00e7\u00e3o de batatas fritas Taizy \u00e9 de 50kg\/h a 1000kg\/h<\/li>    <li>O fluxo de processamento de batatas fritas congeladas pode ser personalizado, tipos semiautom\u00e1ticos ou totalmente autom\u00e1ticos est\u00e3o dispon\u00edveis<\/li>    <li>Estrutura completa de material de a\u00e7o inoxid\u00e1vel 304, que \u00e9 dur\u00e1vel e garante um bom desempenho<\/li>    <li>A altura, comprimento e largura das batatas fritas podem ser ajustados<\/li>    <li>Ao substituir algumas pe\u00e7as da m\u00e1quina, esta linha de produ\u00e7\u00e3o de batatas fritas tamb\u00e9m pode produzir batatas fritas<\/li>    <li>Esta linha de batatas fritas tem as vantagens de alta capacidade, grande produ\u00e7\u00e3o e alto n\u00edvel de automa\u00e7\u00e3o<\/li> <\/ol>    <h2 class=\"wp-block-heading\">V\u00eddeo de funcionamento da linha de produ\u00e7\u00e3o de batatas fritas congeladas totalmente autom\u00e1tica<\/h2>    <figure class=\"wp-block-embed is-type-video is-provider-youtube wp-block-embed-youtube wp-embed-aspect-16-9 wp-has-aspect-ratio\"><div class=\"wp-block-embed__wrapper\"> <iframe loading=\"lazy\" title=\"Linha de produ\u00e7\u00e3o de batatas fritas congeladas (500kg\/h-1000kg\/h) | Planta cont\u00ednua de batatas fritas em 2021\" width=\"500\" height=\"281\" src=\"https:\/\/www.youtube.com\/embed\/JTd9SlyCaQs?feature=oembed\" frameborder=\"0\" allow=\"accelerometer; autoplay; clipboard-write; encrypted-media; gyroscope; picture-in-picture; web-share\" referrerpolicy=\"strict-origin-when-cross-origin\" allowfullscreen><\/iframe> <\/div><\/figure>    <h2 class=\"wp-block-heading\">Qual \u00e9 o processo de produ\u00e7\u00e3o das batatas fritas?<\/h2>    <h3 class=\"wp-block-heading\">1. M\u00e1quina de lavar e descascar batatas (lavar e descascar batatas)<\/h3>    <p class=\"translation-block\">O primeiro passo no processamento de batatas \u00e9 limp\u00e1-las e descasc\u00e1-las. A popular <a href=\"https:\/\/topfoodmachine.com\/pt\/product\/fruit-and-vegetable-washing-machine\/\">m\u00e1quina autom\u00e1tica de limpeza de batatas<\/a> \u00e9 uma m\u00e1quina de lavar do tipo escova que pode limpar e descascar batatas de forma r\u00e1pida e eficiente. Coloque as batatas selecionadas (com cerca de 75% de teor de \u00e1gua) na c\u00e2mara de lavagem desta m\u00e1quina e, em seguida, ligue o interruptor de inje\u00e7\u00e3o de \u00e1gua. A escova de lavagem \u00e9 feita de um material de nylon especial de grau aliment\u00edcio, que pode remover sujeira e areia da superf\u00edcie das batatas e remover ainda mais a casca da batata. Esta m\u00e1quina lava uma pasta por 2-3 minutos cerca de 40kg. a taxa de descascamento da batata pode atingir cerca de 95%, a taxa de perda de descascamento da batata \u00e9 inferior a 3%.<\/p>    <h3 class=\"wp-block-heading\">2. M\u00e1quina de fatiar batata<\/h3>    <p>A m\u00e1quina de fatiar batata \u00e9 uma importante m\u00e1quina autom\u00e1tica de processamento de batatas fritas que pode cortar batatas em tiras e fatias finas. Para fazer batatas fritas, podemos trocar a l\u00e2mina deste cortador de batatas para fazer tiras de batata. O tamanho real das tiras de batata pode ser definido antes de cort\u00e1-las. As batatas descascadas s\u00e3o colocadas na entrada da m\u00e1quina e em seguida os palitos de batata s\u00e3o feitos sob suas l\u00e2minas girat\u00f3rias internas em alta velocidade. As tiras finais de batata s\u00e3o de tamanho uniforme.<\/p>    <h3 class=\"wp-block-heading\">3. M\u00e1quina de branqueamento de tiras de batata<\/h3>    <p>A m\u00e1quina de escaldar e branqueamento de batatas \u00e9 usada principalmente para remover o excesso de amido da superf\u00edcie das tiras de batata e prevenir a oxida\u00e7\u00e3o e descolora\u00e7\u00e3o das tiras de batata. Esta m\u00e1quina pode ser personalizada com m\u00e9todo de aquecimento el\u00e9trico e m\u00e9todo de aquecimento a g\u00e1s liquefeito de acordo com os requisitos do cliente. E esta linha de processamento de batatas fritas pode ser projetada em m\u00faltiplas caixas de processamento. Coloque as tiras de batata frescas na sala de enx\u00e1gue a cerca de 90\u2103 por cerca de 0,5-1 minutos, e retire a caixa de filtro interna para desidrata\u00e7\u00e3o.<\/p>    <h3 class=\"wp-block-heading\">4. M\u00e1quina de desidrata\u00e7\u00e3o de tiras de batata<\/h3>    <p>Antes de fritar, estas tiras de batata escaldadas devem ser desidratadas. O principal objetivo do processo de desidrata\u00e7\u00e3o \u00e9 remover o excesso de gotas de \u00e1gua da superf\u00edcie dos palitos de batata para a pr\u00f3xima etapa de fritura. Esta m\u00e1quina de desidrata\u00e7\u00e3o de batatas na linha de produ\u00e7\u00e3o de batatas fritas consiste em um motor e um tambor rotativo que remove a \u00e1gua durante a rota\u00e7\u00e3o em alta velocidade.<\/p>    <h3 class=\"wp-block-heading\">5. M\u00e1quina de fritar tiras de batata<\/h3>    <p>A fritadeira de batatas fritas, tamb\u00e9m conhecida como m\u00e1quina de fritar, pode fritar principalmente batatas fritas ou batatas fritas. A m\u00e1quina de fritar em nossa f\u00e1brica pode ter uma variedade de modelos, divididos principalmente em tipo autom\u00e1tico de grande capacidade e tipo semiautom\u00e1tico pequeno. Antes de fritar as batatas fritas, o \u00f3leo de cozinha deve ser pr\u00e9-aquecido para atingir uma temperatura de fritura de cerca de 170 \u2103. Em seguida, coloque as tiras de batata desidratadas na c\u00e2mara de fritura e frite-as por cerca de 1-2 minutos para dourar. Em seguida, levante a estrutura interna para o pr\u00f3ximo processo de remo\u00e7\u00e3o de \u00f3leo.<\/p>    <h3 class=\"wp-block-heading\">6. M\u00e1quina de desengorduramento de batatas fritas<\/h3>    <p>A m\u00e1quina de desengorduramento de batatas fritas \u00e9 outro tipo importante de equipamento para fazer batatas fritas na linha de produ\u00e7\u00e3o de batatas fritas, que pode remover o excesso de \u00f3leo nas batatas fritas. Esta m\u00e1quina adota o princ\u00edpio de remo\u00e7\u00e3o centr\u00edfuga de \u00f3leo de alta velocidade com alta efici\u00eancia. Na verdade, esta m\u00e1quina desengordurante de batatas fritas tem a versatilidade de desidrata\u00e7\u00e3o e desengorduramento no processo de produ\u00e7\u00e3o de batatas fritas.<\/p>    <h3 class=\"wp-block-heading\">7. M\u00e1quina aromatizante de batatas fritas<\/h3>    <p>Este tipo de m\u00e1quina de tempero para batatas fritas tamb\u00e9m \u00e9 chamada de m\u00e1quina de tempero. \u00c9 amplamente utilizado em v\u00e1rias linhas de processamento de alimentos, como linha de processamento de batatas fritas, linha de processamento de batatas fritas, etc. \u00c9 uma das m\u00e1quinas importantes em m\u00e1quinas de processamento de batatas fritas. Esta m\u00e1quina de tempero \u00e9 composta por um misturador rotativo octogonal e um corpo de estrutura. Ao usar esta m\u00e1quina de temperos, batatas fritas e v\u00e1rios temperos s\u00e3o colocados na batedeira rotativa. Em seguida, \u00e9 continuamente agitado e girado pelo misturador por cerca de 2 minutos. Finalmente ser\u00e3o feitas deliciosas batatas fritas. Esta m\u00e1quina de tempero tamb\u00e9m est\u00e1 dispon\u00edvel em diversos modelos com diferentes capacidades de trabalho.<\/p>    <h3 class=\"wp-block-heading\">8. M\u00e1quina de embalagem de batatas fritas<\/h3>    <p class=\"translation-block\">Para a embalagem de batatas fritas, podemos fornecer v\u00e1rias m\u00e1quinas de embalagem, como <a href=\"https:\/\/tianhuipackingmachine.com\/vacuum-packaging-machines\/\" target=\"_blank\" rel=\"noreferrer noopener\">m\u00e1quina de embalagem a v\u00e1cuo<\/a>, m\u00e1quina de embalagem de pesagem m\u00faltipla de super efici\u00eancia <a href=\"https:\/\/tianhuipackingmachine.com\/multi-head-weigher-packing-machine\/\" target=\"_blank\" rel=\"noopener\">m\u00e1quina de embalagem de pesagem m\u00faltipla<\/a>, e pequena m\u00e1quina de selagem vertical. Essas m\u00e1quinas de embalagem de batatas fritas podem dividir principalmente uma grande quantidade de batatas fritas ou chips de forma quantitativa em produtos embalados individualmente. Al\u00e9m disso, padr\u00f5es e letras de embalagem podem ser projetados de acordo com as necessidades reais dos clientes.&nbsp;<\/p>","protected":false},"excerpt":{"rendered":"<p>French fries production line is designed to manufacture frozen french fries automatically and efficiently. With durable &amp; food-grade material, reasonable design, and wonderful structure, the french fries making line has good performance, high production efficiency, and is easy to operate. As a famous french fries making machine supplier, there are semi automatic french fries production [&hellip;]<\/p>\n","protected":false},"author":1,"featured_media":199,"parent":0,"template":"","tags":[13],"product-type":[4],"class_list":["post-197","product","type-product","status-publish","has-post-thumbnail","hentry","tag-frying-equipment","product-type-frying-equipment"],"_links":{"self":[{"href":"https:\/\/topfoodmachine.com\/pt\/wp-json\/wp\/v2\/product\/197","targetHints":{"allow":["GET"]}}],"collection":[{"href":"https:\/\/topfoodmachine.com\/pt\/wp-json\/wp\/v2\/product"}],"about":[{"href":"https:\/\/topfoodmachine.com\/pt\/wp-json\/wp\/v2\/types\/product"}],"author":[{"embeddable":true,"href":"https:\/\/topfoodmachine.com\/pt\/wp-json\/wp\/v2\/users\/1"}],"wp:featuredmedia":[{"embeddable":true,"href":"https:\/\/topfoodmachine.com\/pt\/wp-json\/wp\/v2\/media\/199"}],"wp:attachment":[{"href":"https:\/\/topfoodmachine.com\/pt\/wp-json\/wp\/v2\/media?parent=197"}],"wp:term":[{"taxonomy":"post_tag","embeddable":true,"href":"https:\/\/topfoodmachine.com\/pt\/wp-json\/wp\/v2\/tags?post=197"},{"taxonomy":"product-type","embeddable":true,"href":"https:\/\/topfoodmachine.com\/pt\/wp-json\/wp\/v2\/product-type?post=197"}],"curies":[{"name":"wp","href":"https:\/\/api.w.org\/{rel}","templated":true}]}}