{"id":188,"date":"2022-07-21T09:39:14","date_gmt":"2022-07-21T09:39:14","guid":{"rendered":"https:\/\/topfoodmachine.com\/?post_type=product&#038;p=188"},"modified":"2023-06-14T14:53:46","modified_gmt":"2023-06-14T06:53:46","slug":"peanut-butter-production-line","status":"publish","type":"product","link":"https:\/\/topfoodmachine.com\/pt\/product\/peanut-butter-production-line\/","title":{"rendered":"Linha de produ\u00e7\u00e3o de manteiga de amendoim"},"content":{"rendered":"<div class=\"kk-star-ratings kksr-auto kksr-align-left kksr-valign-top\"     data-payload='{&quot;align&quot;:&quot;left&quot;,&quot;id&quot;:&quot;188&quot;,&quot;slug&quot;:&quot;default&quot;,&quot;valign&quot;:&quot;top&quot;,&quot;ignore&quot;:&quot;&quot;,&quot;reference&quot;:&quot;auto&quot;,&quot;class&quot;:&quot;&quot;,&quot;count&quot;:&quot;10&quot;,&quot;legendonly&quot;:&quot;&quot;,&quot;readonly&quot;:&quot;&quot;,&quot;score&quot;:&quot;4.7&quot;,&quot;starsonly&quot;:&quot;&quot;,&quot;best&quot;:&quot;5&quot;,&quot;gap&quot;:&quot;5&quot;,&quot;greet&quot;:&quot;Rate this product&quot;,&quot;legend&quot;:&quot;4.7\\\/5 - (10 votes)&quot;,&quot;size&quot;:&quot;24&quot;,&quot;title&quot;:&quot;Peanut Butter Production Line&quot;,&quot;width&quot;:&quot;133.8&quot;,&quot;_legend&quot;:&quot;{score}\\\/{best} - ({count} {votes})&quot;,&quot;font_factor&quot;:&quot;1.25&quot;}'>              <div class=\"kksr-stars\">      <div class=\"kksr-stars-inactive\">             <div class=\"kksr-star\" data-star=\"1\" style=\"padding-right: 5px\">               <div class=\"kksr-icon\" style=\"width: 24px; height: 24px;\"><\/div>         <\/div>             <div class=\"kksr-star\" data-star=\"2\" style=\"padding-right: 5px\">               <div class=\"kksr-icon\" style=\"width: 24px; height: 24px;\"><\/div>         <\/div>             <div class=\"kksr-star\" data-star=\"3\" style=\"padding-right: 5px\">               <div class=\"kksr-icon\" style=\"width: 24px; height: 24px;\"><\/div>         <\/div>             <div class=\"kksr-star\" data-star=\"4\" style=\"padding-right: 5px\">               <div class=\"kksr-icon\" style=\"width: 24px; height: 24px;\"><\/div>         <\/div>             <div class=\"kksr-star\" data-star=\"5\" style=\"padding-right: 5px\">               <div class=\"kksr-icon\" style=\"width: 24px; height: 24px;\"><\/div>         <\/div>     <\/div>      <div class=\"kksr-stars-active\" style=\"width: 133.8px;\">             <div class=\"kksr-star\" style=\"padding-right: 5px\">               <div class=\"kksr-icon\" style=\"width: 24px; height: 24px;\"><\/div>         <\/div>             <div class=\"kksr-star\" style=\"padding-right: 5px\">               <div class=\"kksr-icon\" style=\"width: 24px; height: 24px;\"><\/div>         <\/div>             <div class=\"kksr-star\" style=\"padding-right: 5px\">               <div class=\"kksr-icon\" style=\"width: 24px; height: 24px;\"><\/div>         <\/div>             <div class=\"kksr-star\" style=\"padding-right: 5px\">               <div class=\"kksr-icon\" style=\"width: 24px; height: 24px;\"><\/div>         <\/div>             <div class=\"kksr-star\" style=\"padding-right: 5px\">               <div class=\"kksr-icon\" style=\"width: 24px; height: 24px;\"><\/div>         <\/div>     <\/div> <\/div>                   <div class=\"kksr-legend\" style=\"font-size: 19.2px;\">             4,7\/5 - (10 votos)    <\/div>     <\/div>  <p class=\"translation-block\"><strong>A linha de produ\u00e7\u00e3o de manteiga de amendoim<\/strong> \u00e9 um tipo de planta para fazer manteiga de amendoim de forma totalmente autom\u00e1tica e eficiente. \u00c9 uma combina\u00e7\u00e3o de v\u00e1rias m\u00e1quinas, incluindo principalmente um elevador, m\u00e1quina de torrefa\u00e7\u00e3o de amendoim, m\u00e1quina de resfriamento, m\u00e1quina de descascamento de nozes, transportador de classifica\u00e7\u00e3o, m\u00e1quina de moagem de amendoim, m\u00e1quina de mistura, tanque a v\u00e1cuo e m\u00e1quina de embalagem. Atrav\u00e9s do processamento dessas m\u00e1quinas, os amendoins podem se tornar uma deliciosa manteiga de amendoim. Adotando um excelente design, tecnologia avan\u00e7ada e material de a\u00e7o inoxid\u00e1vel de grau aliment\u00edcio, a <strong>planta de fabrica\u00e7\u00e3o de manteiga de amendoim<\/strong> \u00e9 f\u00e1cil de operar, e possui alta automa\u00e7\u00e3o e longa vida \u00fatil. <\/p>    <p class=\"translation-block\">Como um fornecedor l\u00edder de m\u00e1quinas de processamento de alimentos, fornecemos uma linha de produ\u00e7\u00e3o de manteiga de amendoim padr\u00e3o e personalizada \u00e0 venda. A capacidade de produ\u00e7\u00e3o da nossa <strong>linha de manteiga de amendoim<\/strong> varia de 100kg\/h a 500kg\/h.<\/p>    <h2 class=\"wp-block-heading\">Venda linha de produ\u00e7\u00e3o de manteiga de amendoim Taizy<\/h2>    <p class=\"translation-block\">Com forte capacidade de pesquisa e fabrica\u00e7\u00e3o, oferecemos uma linha de produ\u00e7\u00e3o de manteiga de amendoim padr\u00e3o e personalizada. Geralmente, a capacidade da nossa m\u00e1quina comercial de fabrica\u00e7\u00e3o de manteiga de amendoim varia de 100kg por hora a 500kg por hora. Esta planta de fabrica\u00e7\u00e3o de manteiga de amendoim desfruta de um alto n\u00edvel de automa\u00e7\u00e3o, desempenho est\u00e1vel e boa qualidade. Devido \u00e0s diferentes voltagens de diferentes pa\u00edses e regi\u00f5es, podemos personalizar a voltagem e outros detalhes da m\u00e1quina para suas necessidades reais de fabrica\u00e7\u00e3o. Se voc\u00ea est\u00e1 procurando uma m\u00e1quina confi\u00e1vel para fazer manteiga de amendoim para iniciar seu neg\u00f3cio, <a href=\"https:\/\/topfoodmachine.com\/pt\/contact-us\/\">entre em contato conosco<\/a> hoje para mais informa\u00e7\u00f5es.<\/p>    <figure class=\"wp-block-image size-full\"><img loading=\"lazy\" decoding=\"async\" width=\"720\" height=\"540\" src=\"https:\/\/topfoodmachine.com\/wp-content\/uploads\/2022\/07\/automatic-peanut-butter-production-line.jpg\" alt=\"linha de produ\u00e7\u00e3o autom\u00e1tica de manteiga de amendoim\" class=\"wp-image-193\" srcset=\"https:\/\/topfoodmachine.com\/wp-content\/uploads\/2022\/07\/automatic-peanut-butter-production-line.jpg 720w, https:\/\/topfoodmachine.com\/wp-content\/uploads\/2022\/07\/automatic-peanut-butter-production-line-300x225.jpg 300w\" sizes=\"auto, (max-width: 720px) 100vw, 720px\" \/><figcaption class=\"wp-element-caption\">linha de produ\u00e7\u00e3o autom\u00e1tica de manteiga de amendoim<\/figcaption><\/figure>    <h2 class=\"wp-block-heading\">Par\u00e2metros da m\u00e1quina para fabrica\u00e7\u00e3o de manteiga de amendoim TZ-200<\/h2>    <figure class=\"wp-block-table\"><table><tbody><tr><td>Nome<\/td><td>Capacidade (kg\/h)<\/td><td>Tamanho<\/td><td>Poder<\/td><\/tr><tr><td>Torrador de amendoim<\/td><td>200kg\/h<\/td><td>1800*2200*1700mm<\/td><td>2,2 kW<\/td><\/tr><tr><td>Cinto de entrega<\/td><td>200kg\/h<\/td><td>5000*900*850mm<\/td><td>1,1 kW<\/td><\/tr><tr><td>M\u00e1quina de descascar amendoim<\/td><td>200kg\/h<\/td><td>1900*800*1400mm<\/td><td>1,85 kW<\/td><\/tr><tr><td>M\u00e1quina de manteiga de amendoim<\/td><td>200kg\/h<\/td><td>1100*750*1300mm<\/td><td>29,5 kW<\/td><\/tr><tr><td>Bomba de pasta<\/td><td>50kg\/h*3<\/td><td>1500*250*250mm<\/td><td>1,5 kW<\/td><\/tr><tr><td>M\u00e1quina de resfriamento de amendoim<\/td><td>200kg\/h<\/td><td>1000*1000*1700mm<\/td><td>2,2 kW<\/td><\/tr><tr><td>M\u00e1quina de enchimento<\/td><td>100-400 latas\/h<\/td><td>400*400*1400mm<\/td><td>1,1 kW<\/td><\/tr><\/tbody><\/table><\/figure>    <h2 class=\"wp-block-heading\">Fluxograma da linha de produ\u00e7\u00e3o de manteiga de amendoim<\/h2>    <p>O processo de trabalho desta linha de produ\u00e7\u00e3o de manteiga de amendoim \u00e9 o seguinte:<\/p>    <p><strong>Torrefa\u00e7\u00e3o de amendoim \u2192 sele\u00e7\u00e3o \u2192 descascamento \u2192 resfriamento \u2192 moagem \u2192 mistura \u2192 desgaseifica\u00e7\u00e3o \u2192 embalagem.<\/strong><\/p>    <h2 class=\"wp-block-heading\">V\u00eddeo de etapas de processamento de manteiga de amendoim <\/h2>    <figure class=\"wp-block-embed is-type-video is-provider-youtube wp-block-embed-youtube wp-embed-aspect-16-9 wp-has-aspect-ratio\"><div class=\"wp-block-embed__wrapper\"> <iframe loading=\"lazy\" title=\"V\u00eddeo 3D para explicar a etapa de processamento da manteiga de amendoim na f\u00e1brica\" width=\"500\" height=\"281\" src=\"https:\/\/www.youtube.com\/embed\/ZyM7jnHzMkE?feature=oembed\" frameborder=\"0\" allow=\"accelerometer; autoplay; clipboard-write; encrypted-media; gyroscope; picture-in-picture; web-share\" referrerpolicy=\"strict-origin-when-cross-origin\" allowfullscreen><\/iframe> <\/div><\/figure>    <h2 class=\"wp-block-heading\">Como fabricar manteiga de amendoim\uff1f<\/h2>    <p class=\"translation-block\">A manteiga de amendoim \u00e9 feita de amendoins. Atrav\u00e9s de uma s\u00e9rie de efeitos f\u00edsicos, como torrefa\u00e7\u00e3o, descascamento, moagem e mistura, os amendoins podem se tornar pasta de amendoim. Portanto, se voc\u00ea deseja fabricar manteiga de amendoim para uso dom\u00e9stico ou comercial, a m\u00e1quina de fazer manteiga de amendoim \u00e9 necess\u00e1ria. <a href=\"https:\/\/topfoodmachine.com\/pt\/\">Taizy Food Machinery<\/a> \u00e9 um especialista em plantas de fabrica\u00e7\u00e3o de manteiga de amendoim de qualidade. Bem-vindo a entrar em contato conosco para mais detalhes \u00fateis sobre as m\u00e1quinas. \u00a0<\/p>    <figure class=\"wp-block-image size-full\"><img loading=\"lazy\" decoding=\"async\" width=\"720\" height=\"540\" src=\"https:\/\/topfoodmachine.com\/wp-content\/uploads\/2022\/07\/peanut-butter.jpg\" alt=\"manteiga de amendoim\" class=\"wp-image-191\" srcset=\"https:\/\/topfoodmachine.com\/wp-content\/uploads\/2022\/07\/peanut-butter.jpg 720w, https:\/\/topfoodmachine.com\/wp-content\/uploads\/2022\/07\/peanut-butter-300x225.jpg 300w\" sizes=\"auto, (max-width: 720px) 100vw, 720px\" \/><figcaption class=\"wp-element-caption\">manteiga de amendoim<\/figcaption><\/figure>    <h2 class=\"wp-block-heading\">Quais s\u00e3o os passos para fazer manteiga de amendoim\uff1f<\/h2>    <p>De modo geral, existem seis etapas para fazer uma maravilhosa manteiga de amendoim.<\/p>    <p class=\"translation-block\"><strong>Torrar<\/strong>. Os amendoins devem ser primeiro torrados. Isso porque os amendoins torrados t\u00eam um sabor forte. Portanto, voc\u00ea precisa usar uma torradeira de amendoim para ajud\u00e1-lo a alcan\u00e7ar isso. Isso pode fazer com que a manteiga de amendoim tenha um sabor delicioso. Depois disso, os amendoins torrados precisam ser resfriados para que voc\u00ea possa prosseguir para a pr\u00f3xima etapa. Isso se deve ao fato de os amendoins estarem muito quentes quando s\u00e3o rec\u00e9m-torrados.<\/p>    <p class=\"translation-block\"><strong>Descascar<\/strong>. Como todos sabemos, a casca dos amendoins \u00e9 vermelha. Se n\u00e3o for tratada, afetar\u00e1 diretamente o sabor da manteiga de amendoim. A m\u00e1quina de descascar amendoim da Taizy pode fazer com que os amendoins torrados e resfriados sejam descascados e cortados em duas metades. Al\u00e9m disso, alguns germes granulares ser\u00e3o filtrados para garantir a qualidade da manteiga de amendoim.<\/p>    <p class=\"translation-block\"><strong>Moagem<\/strong>. A moagem transforma literalmente os amendoins em manteiga de amendoim. Os amendoins descascados s\u00e3o mo\u00eddos em uma pasta por v\u00e1rios moinhos de col\u00f3ide de manteiga de amendoim, depois v\u00e3o para o tanque de mistura e o tanque de v\u00e1cuo em sequ\u00eancia, e ent\u00e3o podem ser embalados para obter o frasco inteiro de manteiga de amendoim.<\/p>    <p class=\"translation-block\"><strong>Mistura<\/strong>. Para dar \u00e0 manteiga de amendoim um sabor distinto, muitos fabricantes de manteiga de amendoim adicionam sal, a\u00e7\u00facar e outros aromatizantes. Al\u00e9m disso, para tornar os sabores mais uniformes, precisamos de frascos de mistura para que possam ser misturados uniformemente.<\/p>    <p class=\"translation-block\"><strong>Desgaseifica\u00e7\u00e3o<\/strong>. Tanques de desgaseifica\u00e7\u00e3o a v\u00e1cuo podem remover efetivamente o g\u00e1s da manteiga de amendoim. Isso pode efetivamente prolongar o tempo de armazenamento da manteiga de amendoim.<\/p>    <p class=\"translation-block\"><strong>Embalagem<\/strong>. Finalmente, precisamos usar uma m\u00e1quina de embalagem para embalar a manteiga de amendoim em produtos acabados e vend\u00ea-los.<\/p>    <figure class=\"wp-block-image size-full\"><img loading=\"lazy\" decoding=\"async\" width=\"720\" height=\"540\" src=\"https:\/\/topfoodmachine.com\/wp-content\/uploads\/2022\/07\/peanut-butter-processing-line.jpg\" alt=\"linha de processamento de manteiga de amendoim\" class=\"wp-image-195\" srcset=\"https:\/\/topfoodmachine.com\/wp-content\/uploads\/2022\/07\/peanut-butter-processing-line.jpg 720w, https:\/\/topfoodmachine.com\/wp-content\/uploads\/2022\/07\/peanut-butter-processing-line-300x225.jpg 300w\" sizes=\"auto, (max-width: 720px) 100vw, 720px\" \/><figcaption class=\"wp-element-caption\">linha de processamento de manteiga de amendoim<\/figcaption><\/figure>    <h2 class=\"wp-block-heading\">Vender manteiga de amendoim \u00e9 lucrativo?<\/h2>    <p>Sim, a manteiga de amendoim \u00e9 muito popular em muitos pa\u00edses. E os Estados Unidos s\u00e3o o principal exportador e um dos maiores consumidores de pasta de amendoim.<\/p>    <p class=\"translation-block\">De acordo com pesquisas e an\u00e1lises, o mercado global de manteiga de amendoim est\u00e1 avaliado em USD 4,77 bilh\u00f5es em 2021 e espera-se que alcance USD 7,19 bilh\u00f5es at\u00e9 2029. E cresce a uma <a href=\"https:\/\/en.wikipedia.org\/wiki\/Compound_annual_growth_rate\" target=\"_blank\" rel=\"noopener\">CAGR<\/a> de 6,60% durante o per\u00edodo de previs\u00e3o de 2022 a 2029. Portanto, ainda h\u00e1 uma grande chance para n\u00f3s come\u00e7armos um neg\u00f3cio de manteiga de amendoim.<\/p>","protected":false},"excerpt":{"rendered":"<p>Peanut butter production line is a kind of plant for making peanut butter fully automatically and efficiently. It is a combination of several machines, mainly including an elevator, peanut roasting machine, cooling machine, nut peeling machine, sorting conveyor, peanut grinding machine, mixing machine, vacuum tank, and filling packaging machine. Through the processing of these machines, [&hellip;]<\/p>\n","protected":false},"author":1,"featured_media":193,"parent":0,"template":"","tags":[16],"product-type":[5],"class_list":["post-188","product","type-product","status-publish","has-post-thumbnail","hentry","tag-nuts-processing-machine","product-type-nuts-processing-machine"],"_links":{"self":[{"href":"https:\/\/topfoodmachine.com\/pt\/wp-json\/wp\/v2\/product\/188","targetHints":{"allow":["GET"]}}],"collection":[{"href":"https:\/\/topfoodmachine.com\/pt\/wp-json\/wp\/v2\/product"}],"about":[{"href":"https:\/\/topfoodmachine.com\/pt\/wp-json\/wp\/v2\/types\/product"}],"author":[{"embeddable":true,"href":"https:\/\/topfoodmachine.com\/pt\/wp-json\/wp\/v2\/users\/1"}],"wp:featuredmedia":[{"embeddable":true,"href":"https:\/\/topfoodmachine.com\/pt\/wp-json\/wp\/v2\/media\/193"}],"wp:attachment":[{"href":"https:\/\/topfoodmachine.com\/pt\/wp-json\/wp\/v2\/media?parent=188"}],"wp:term":[{"taxonomy":"post_tag","embeddable":true,"href":"https:\/\/topfoodmachine.com\/pt\/wp-json\/wp\/v2\/tags?post=188"},{"taxonomy":"product-type","embeddable":true,"href":"https:\/\/topfoodmachine.com\/pt\/wp-json\/wp\/v2\/product-type?post=188"}],"curies":[{"name":"wp","href":"https:\/\/api.w.org\/{rel}","templated":true}]}}