{"id":1843,"date":"2025-03-06T16:50:34","date_gmt":"2025-03-06T08:50:34","guid":{"rendered":"https:\/\/topfoodmachine.com\/?post_type=product&#038;p=1843"},"modified":"2025-03-06T16:52:26","modified_gmt":"2025-03-06T08:52:26","slug":"grain-crusher-machine","status":"publish","type":"product","link":"https:\/\/topfoodmachine.com\/pt\/product\/grain-crusher-machine\/","title":{"rendered":"M\u00e1quina trituradora de gr\u00e3os"},"content":{"rendered":"<div class=\"kk-star-ratings kksr-auto kksr-align-left kksr-valign-top\"     data-payload='{&quot;align&quot;:&quot;left&quot;,&quot;id&quot;:&quot;1843&quot;,&quot;slug&quot;:&quot;default&quot;,&quot;valign&quot;:&quot;top&quot;,&quot;ignore&quot;:&quot;&quot;,&quot;reference&quot;:&quot;auto&quot;,&quot;class&quot;:&quot;&quot;,&quot;count&quot;:&quot;13&quot;,&quot;legendonly&quot;:&quot;&quot;,&quot;readonly&quot;:&quot;&quot;,&quot;score&quot;:&quot;4.9&quot;,&quot;starsonly&quot;:&quot;&quot;,&quot;best&quot;:&quot;5&quot;,&quot;gap&quot;:&quot;5&quot;,&quot;greet&quot;:&quot;Rate this product&quot;,&quot;legend&quot;:&quot;4.9\\\/5 - (13 votes)&quot;,&quot;size&quot;:&quot;24&quot;,&quot;title&quot;:&quot;Grain crusher machine&quot;,&quot;width&quot;:&quot;139.6&quot;,&quot;_legend&quot;:&quot;{score}\\\/{best} - ({count} {votes})&quot;,&quot;font_factor&quot;:&quot;1.25&quot;}'>              <div class=\"kksr-stars\">      <div class=\"kksr-stars-inactive\">             <div class=\"kksr-star\" data-star=\"1\" style=\"padding-right: 5px\">               <div class=\"kksr-icon\" style=\"width: 24px; height: 24px;\"><\/div>         <\/div>             <div class=\"kksr-star\" data-star=\"2\" style=\"padding-right: 5px\">               <div class=\"kksr-icon\" style=\"width: 24px; height: 24px;\"><\/div>         <\/div>             <div class=\"kksr-star\" data-star=\"3\" style=\"padding-right: 5px\">               <div class=\"kksr-icon\" style=\"width: 24px; height: 24px;\"><\/div>         <\/div>             <div class=\"kksr-star\" data-star=\"4\" style=\"padding-right: 5px\">               <div class=\"kksr-icon\" style=\"width: 24px; height: 24px;\"><\/div>         <\/div>             <div class=\"kksr-star\" data-star=\"5\" style=\"padding-right: 5px\">               <div class=\"kksr-icon\" style=\"width: 24px; height: 24px;\"><\/div>         <\/div>     <\/div>      <div class=\"kksr-stars-active\" style=\"width: 139.6px;\">             <div class=\"kksr-star\" style=\"padding-right: 5px\">               <div class=\"kksr-icon\" style=\"width: 24px; height: 24px;\"><\/div>         <\/div>             <div class=\"kksr-star\" style=\"padding-right: 5px\">               <div class=\"kksr-icon\" style=\"width: 24px; height: 24px;\"><\/div>         <\/div>             <div class=\"kksr-star\" style=\"padding-right: 5px\">               <div class=\"kksr-icon\" style=\"width: 24px; height: 24px;\"><\/div>         <\/div>             <div class=\"kksr-star\" style=\"padding-right: 5px\">               <div class=\"kksr-icon\" style=\"width: 24px; height: 24px;\"><\/div>         <\/div>             <div class=\"kksr-star\" style=\"padding-right: 5px\">               <div class=\"kksr-icon\" style=\"width: 24px; height: 24px;\"><\/div>         <\/div>     <\/div> <\/div>                   <div class=\"kksr-legend\" style=\"font-size: 19.2px;\">             4,9\/5 - (13 votos)    <\/div>     <\/div>  <p class=\"translation-block\">A <strong>M\u00e1quina Trituradora de Gr\u00e3os<\/strong> pode processar uma ampla gama de mat\u00e9rias-primas, incluindo materiais qu\u00edmicos, gr\u00e3os, ervas medicinais tradicionais chinesas e especiarias (como anis estrelado). Com uma faixa de finura ajust\u00e1vel de <strong>10-120 mesh<\/strong>, os usu\u00e1rios podem alcan\u00e7ar o tamanho de part\u00edcula desejado simplesmente substituindo a peneira. <\/p>    <p class=\"translation-block\">A m\u00e1quina est\u00e1 dispon\u00edvel com <strong>dois tipos de funis: vertical e inclinado<\/strong>, atendendo a diferentes necessidades de alimenta\u00e7\u00e3o. Constru\u00edda com <strong>a\u00e7o inoxid\u00e1vel 304 para partes em contato com o material e a\u00e7o inoxid\u00e1vel 201 para a estrutura<\/strong>, este triturador garante durabilidade, higiene e conformidade com os padr\u00f5es de seguran\u00e7a alimentar e farmac\u00eautica.<\/p>    <figure class=\"wp-block-image size-full\"><img loading=\"lazy\" decoding=\"async\" width=\"720\" height=\"540\" src=\"https:\/\/topfoodmachine.com\/wp-content\/uploads\/2025\/03\/Grain-crusher-machine-price.webp\" alt=\"Pre\u00e7o da m\u00e1quina trituradora de gr\u00e3os\" class=\"wp-image-1845\" srcset=\"https:\/\/topfoodmachine.com\/wp-content\/uploads\/2025\/03\/Grain-crusher-machine-price.webp 720w, https:\/\/topfoodmachine.com\/wp-content\/uploads\/2025\/03\/Grain-crusher-machine-price-300x225.webp 300w, https:\/\/topfoodmachine.com\/wp-content\/uploads\/2025\/03\/Grain-crusher-machine-price-16x12.webp 16w\" sizes=\"auto, (max-width: 720px) 100vw, 720px\" \/><figcaption class=\"wp-element-caption\">Pre\u00e7o da m\u00e1quina trituradora de gr\u00e3os<\/figcaption><\/figure>    <h2 class=\"wp-block-heading\">Moedor de p\u00f3 \u00e0 venda<\/h2>    <p class=\"translation-block\">Nossa <strong>m\u00e1quina trituradora de gr\u00e3os<\/strong> \u00e9 projetada para lidar com uma variedade de mat\u00e9rias-primas com desempenho de moagem consistente. Ao contr\u00e1rio de alguns concorrentes, nossa c\u00e2mara de moagem garante <strong>processamento uniforme<\/strong> para diferentes materiais sem necessidade de ajustes.<\/p>    <div class=\"wp-block-media-text is-stacked-on-mobile\"><figure class=\"wp-block-media-text__media\"><img loading=\"lazy\" decoding=\"async\" width=\"720\" height=\"540\" src=\"https:\/\/topfoodmachine.com\/wp-content\/uploads\/2025\/03\/Grain-crusher-machine-supplier.webp\" alt=\"fornecedor de m\u00e1quina trituradora de gr\u00e3os\" class=\"wp-image-1846 size-full\" srcset=\"https:\/\/topfoodmachine.com\/wp-content\/uploads\/2025\/03\/Grain-crusher-machine-supplier.webp 720w, https:\/\/topfoodmachine.com\/wp-content\/uploads\/2025\/03\/Grain-crusher-machine-supplier-300x225.webp 300w, https:\/\/topfoodmachine.com\/wp-content\/uploads\/2025\/03\/Grain-crusher-machine-supplier-16x12.webp 16w\" sizes=\"auto, (max-width: 720px) 100vw, 720px\" \/><\/figure><div class=\"wp-block-media-text__content\"> <h3 class=\"wp-block-heading\">Principais vantagens do moedor de milho e trigo<\/h3>    <ul class=\"wp-block-list\"> <li><strong class=\"\">Manipula\u00e7\u00e3o vers\u00e1til de materiais<\/strong>. O moedor \u00e9 projetado para lidar com quatro tipos principais de mat\u00e9rias-primas, garantindo desempenho ideal para cada uma. A finura de moagem pode ser ajustada de 10 a 120 mesh simplesmente trocando a tela, tornando-o adequado para v\u00e1rias aplica\u00e7\u00f5es.<\/li>    <li><strong>Op\u00e7\u00f5es de entrega flex\u00edveis<\/strong>. A m\u00e1quina est\u00e1 equipada com funis verticais e inclinados para atender a diferentes necessidades de alimenta\u00e7\u00e3o, aumentando a flexibilidade operacional.<\/li> <\/ul> <\/div><\/div>    <div class=\"wp-block-media-text has-media-on-the-right is-stacked-on-mobile\"><div class=\"wp-block-media-text__content\"> <ul class=\"wp-block-list\"> <li><strong>Qualidade do material<\/strong>. Constru\u00edda com a\u00e7o inoxid\u00e1vel 304 para partes em contato com o material e a\u00e7o inoxid\u00e1vel 201 para outros componentes, o moedor garante durabilidade e resist\u00eancia \u00e0 corros\u00e3o.<\/li>    <li><strong>Op\u00e7\u00f5es de motor personaliz\u00e1veis<\/strong>. Embora ofere\u00e7amos configura\u00e7\u00f5es de motor padr\u00e3o, tamb\u00e9m fornecemos op\u00e7\u00f5es de motor personalizadas para atender a requisitos operacionais espec\u00edficos. Pedidos de motores personalizados geralmente levam sete dias para serem conclu\u00eddos, garantindo o ajuste perfeito para suas necessidades.<\/li>    <li><strong>Integra\u00e7\u00e3o perfeita<\/strong>. O moedor pode ser integrado com outros equipamentos, como o nosso <a href=\"https:\/\/topfoodmachine.com\/pt\/products\/food-packaging-machine\/\" data-type=\"link\" data-id=\"https:\/\/topfoodmachine.com\/products\/food-packaging-machine\/\">m\u00e1quina de embalagem<\/a>, para criar uma linha de produ\u00e7\u00e3o suave e eficiente.<\/li> <\/ul> <\/div><figure class=\"wp-block-media-text__media\"><img loading=\"lazy\" decoding=\"async\" width=\"720\" height=\"540\" src=\"https:\/\/topfoodmachine.com\/wp-content\/uploads\/2025\/03\/powder-crusher-machine-with-single-dust-collector.webp\" alt=\"m\u00e1quina trituradora de p\u00f3 com coletor de poeira \u00fanico\" class=\"wp-image-1854 size-full\" srcset=\"https:\/\/topfoodmachine.com\/wp-content\/uploads\/2025\/03\/powder-crusher-machine-with-single-dust-collector.webp 720w, https:\/\/topfoodmachine.com\/wp-content\/uploads\/2025\/03\/powder-crusher-machine-with-single-dust-collector-300x225.webp 300w, https:\/\/topfoodmachine.com\/wp-content\/uploads\/2025\/03\/powder-crusher-machine-with-single-dust-collector-16x12.webp 16w\" sizes=\"auto, (max-width: 720px) 100vw, 720px\" \/><\/figure><\/div>    <h3 class=\"wp-block-heading\">Modelos populares<\/h3>    <ol start=\"1\" class=\"wp-block-list\"> <li><strong>M\u00e1quina trituradora de gr\u00e3os com coletor de p\u00f3 \u00fanico<\/strong><\/li>    <li><strong>m\u00e1quina trituradora de gr\u00e3os com coletor de poeira de bolsa cicl\u00f4nica<\/strong><\/li>    <li><strong>m\u00e1quina trituradora de gr\u00e3os com coletor de poeira de pulso<\/strong><\/li> <\/ol>    <p>O moinho de p\u00f3 \u00e9 uma excelente escolha para empresas que buscam aprimorar suas capacidades de processamento enquanto garantem resultados de alta qualidade. <\/p>    <p>Se voc\u00ea precisa processar materiais grossos ou finos, nosso moinho oferece a flexibilidade e efici\u00eancia necess\u00e1rias para um desempenho ideal. Entre em contato conosco hoje para saber mais sobre nosso moinho de p\u00f3 e como ele pode beneficiar seu neg\u00f3cio.<\/p>    <figure class=\"wp-block-gallery has-nested-images columns-default is-cropped wp-block-gallery-2 is-layout-flex wp-block-gallery-is-layout-flex\"> <figure class=\"wp-block-image size-large\"><img loading=\"lazy\" decoding=\"async\" width=\"720\" height=\"540\" data-id=\"1847\" src=\"https:\/\/topfoodmachine.com\/wp-content\/uploads\/2025\/03\/Chinese-herbal-medicine.webp\" alt=\"medicina herbal chinesa\" class=\"wp-image-1847\" srcset=\"https:\/\/topfoodmachine.com\/wp-content\/uploads\/2025\/03\/Chinese-herbal-medicine.webp 720w, https:\/\/topfoodmachine.com\/wp-content\/uploads\/2025\/03\/Chinese-herbal-medicine-300x225.webp 300w, https:\/\/topfoodmachine.com\/wp-content\/uploads\/2025\/03\/Chinese-herbal-medicine-16x12.webp 16w\" sizes=\"auto, (max-width: 720px) 100vw, 720px\" \/><figcaption class=\"wp-element-caption\">medicina herbal chinesa<\/figcaption><\/figure>    <figure class=\"wp-block-image size-large\"><img loading=\"lazy\" decoding=\"async\" width=\"720\" height=\"540\" data-id=\"1848\" src=\"https:\/\/topfoodmachine.com\/wp-content\/uploads\/2025\/03\/grain.webp\" alt=\"gr\u00e3o\" class=\"wp-image-1848\" srcset=\"https:\/\/topfoodmachine.com\/wp-content\/uploads\/2025\/03\/grain.webp 720w, https:\/\/topfoodmachine.com\/wp-content\/uploads\/2025\/03\/grain-300x225.webp 300w, https:\/\/topfoodmachine.com\/wp-content\/uploads\/2025\/03\/grain-16x12.webp 16w\" sizes=\"auto, (max-width: 720px) 100vw, 720px\" \/><figcaption class=\"wp-element-caption\">gr\u00e3o<\/figcaption><\/figure> <\/figure>    <h2 class=\"wp-block-heading\">Modelo 1: <strong>M\u00e1quina trituradora de gr\u00e3os com coletor de p\u00f3 \u00fanico<\/strong><\/h2>    <p class=\"translation-block\">O <strong>moedor de milho e trigo com coletor de p\u00f3 \u00fanico<\/strong> \u00e9 uma <strong>solu\u00e7\u00e3o de moagem pr\u00e1tica e eficiente<\/strong> para v\u00e1rios materiais. Ele possui um <strong>saco de coleta de p\u00f3 montado na parte superior<\/strong>, capturando efetivamente o p\u00f3 fino e reduzindo part\u00edculas no ar para um <strong>espa\u00e7o de trabalho mais limpo<\/strong>.<\/p>    <div class=\"wp-block-media-text is-stacked-on-mobile\"><figure class=\"wp-block-media-text__media\"><img loading=\"lazy\" decoding=\"async\" width=\"720\" height=\"540\" src=\"https:\/\/topfoodmachine.com\/wp-content\/uploads\/2025\/03\/chili-crusher-machine-with-single-dust-collector.webp\" alt=\"m\u00e1quina trituradora de pimenta com coletor de poeira \u00fanico\" class=\"wp-image-1849 size-full\" srcset=\"https:\/\/topfoodmachine.com\/wp-content\/uploads\/2025\/03\/chili-crusher-machine-with-single-dust-collector.webp 720w, https:\/\/topfoodmachine.com\/wp-content\/uploads\/2025\/03\/chili-crusher-machine-with-single-dust-collector-300x225.webp 300w, https:\/\/topfoodmachine.com\/wp-content\/uploads\/2025\/03\/chili-crusher-machine-with-single-dust-collector-16x12.webp 16w\" sizes=\"auto, (max-width: 720px) 100vw, 720px\" \/><\/figure><div class=\"wp-block-media-text__content\"> <ul class=\"wp-block-list\"> <li><strong>Coleta de p\u00f3 eficiente<\/strong>. O saco de p\u00f3 superior garante que a poeira seja coletada diretamente, minimizando desperd\u00edcios e melhorando a qualidade do ar.<\/li>    <li><strong>Design de descarga otimizado<\/strong>Os materiais processados s\u00e3o descarregados suavemente pela parte inferior, garantindo opera\u00e7\u00e3o cont\u00ednua.<\/li>    <li><strong>Suporte de fluxo de ar potente<\/strong>. Equipado com um <strong>ventilador pequeno padr\u00e3o de 1,5 kW<\/strong>, o sistema melhora o fluxo de materiais e a efici\u00eancia na remo\u00e7\u00e3o de poeira.<\/li>    <li><strong>Constru\u00e7\u00e3o dur\u00e1vel em a\u00e7o inoxid\u00e1vel<\/strong>. Garante higiene, resist\u00eancia \u00e0 corros\u00e3o e longa vida \u00fatil.<\/li> <\/ul> <\/div><\/div>    <p class=\"translation-block\">Este modelo \u00e9 ideal para ind\u00fastrias que requerem <strong>controle moderado de p\u00f3<\/strong>, como <strong>especiarias, gr\u00e3os e processamento de p\u00f3s qu\u00edmicos<\/strong>.<\/p>    <h2 class=\"wp-block-heading\">Modelo 2: <strong>m\u00e1quina trituradora de gr\u00e3os com coletor de poeira de bolsa cicl\u00f4nica<\/strong><\/h2>    <p class=\"translation-block\">O <strong>moedor de p\u00f3 com coletor de p\u00f3 tipo ciclone<\/strong> \u00e9 projetado para <strong>controle eficiente de p\u00f3 e separa\u00e7\u00e3o de materiais<\/strong>, tornando-o ideal para ind\u00fastrias que requerem um <strong>processo de moagem limpo e preciso<\/strong>.<\/p>    <div class=\"wp-block-media-text has-media-on-the-right is-stacked-on-mobile\"><div class=\"wp-block-media-text__content\"> <ul class=\"wp-block-list\"> <li><strong>Remo\u00e7\u00e3o de poeira por ciclone de alta efici\u00eancia<\/strong>Com uma <strong>efici\u00eancia de coleta de poeira de 90%<\/strong>, este sistema garante que <strong>os materiais caiam enquanto os gases s\u00e3o extra\u00eddos<\/strong>, mantendo um ambiente de trabalho livre de poeira.<\/li>    <li><strong>Tamanhos de ciclones personaliz\u00e1veis<\/strong>. Diferentes materiais requerem diferentes di\u00e2metros de ciclone, com op\u00e7\u00f5es padr\u00e3o de <strong>380mm, 500mm, 600mm e 750mm<\/strong>. <strong>Ciclones maiores melhoram a separa\u00e7\u00e3o de poeira<\/strong>, especialmente para p\u00f3s finos.<\/li> <\/ul> <\/div><figure class=\"wp-block-media-text__media\"><img loading=\"lazy\" decoding=\"async\" width=\"720\" height=\"540\" src=\"https:\/\/topfoodmachine.com\/wp-content\/uploads\/2025\/03\/Grain-crusher-machine-with-cyclone-bag-dust-collector-business.webp\" alt=\"m\u00e1quina trituradora de gr\u00e3os com coletor de poeira de bolsa cicl\u00f4nica para neg\u00f3cios\" class=\"wp-image-1850 size-full\" srcset=\"https:\/\/topfoodmachine.com\/wp-content\/uploads\/2025\/03\/Grain-crusher-machine-with-cyclone-bag-dust-collector-business.webp 720w, https:\/\/topfoodmachine.com\/wp-content\/uploads\/2025\/03\/Grain-crusher-machine-with-cyclone-bag-dust-collector-business-300x225.webp 300w, https:\/\/topfoodmachine.com\/wp-content\/uploads\/2025\/03\/Grain-crusher-machine-with-cyclone-bag-dust-collector-business-16x12.webp 16w\" sizes=\"auto, (max-width: 720px) 100vw, 720px\" \/><\/figure><\/div>    <div class=\"wp-block-media-text is-stacked-on-mobile\"><figure class=\"wp-block-media-text__media\"><img loading=\"lazy\" decoding=\"async\" width=\"720\" height=\"540\" src=\"https:\/\/topfoodmachine.com\/wp-content\/uploads\/2025\/03\/Grain-crusher-machine-with-cyclone-bag-dust-collector.webp\" alt=\"m\u00e1quina trituradora de gr\u00e3os com coletor de poeira de bolsa cicl\u00f4nica\" class=\"wp-image-1851 size-full\" srcset=\"https:\/\/topfoodmachine.com\/wp-content\/uploads\/2025\/03\/Grain-crusher-machine-with-cyclone-bag-dust-collector.webp 720w, https:\/\/topfoodmachine.com\/wp-content\/uploads\/2025\/03\/Grain-crusher-machine-with-cyclone-bag-dust-collector-300x225.webp 300w, https:\/\/topfoodmachine.com\/wp-content\/uploads\/2025\/03\/Grain-crusher-machine-with-cyclone-bag-dust-collector-16x12.webp 16w\" sizes=\"auto, (max-width: 720px) 100vw, 720px\" \/><\/figure><div class=\"wp-block-media-text__content\"> <ul class=\"wp-block-list\"> <li><strong>V\u00e1lvula de c\u00e2mara de ar para separa\u00e7\u00e3o de materiais pesados<\/strong>Equipado com <strong>V\u00e1lvulas de c\u00e2mara de ar de 4.6L, 5L, 6L ou 7L<\/strong>, que permitem <strong>materiais mais densos para cair enquanto a poeira fina e o ar s\u00e3o extra\u00eddos<\/strong> atrav\u00e9s do ventilador de press\u00e3o negativa.<\/li>    <li><strong>Ventilador de press\u00e3o negativa potente<\/strong>O sistema \u00e9 suportado por um <strong>ventilador de press\u00e3o negativa<\/strong> com op\u00e7\u00f5es de pot\u00eancia de <strong>3kW, 4kW, 5.5kW, 7.5kW e 11kW<\/strong>, garantindo <strong>fluxo de ar forte para uma coleta eficaz de poeira<\/strong>.<\/li>    <li><strong>sistema de coleta de poeira em saco<\/strong>A poeira fina \u00e9 coletada separadamente em <strong>sacos de poeira<\/strong>, prevenindo a perda de material e mantendo o espa\u00e7o de trabalho limpo.<\/li> <\/ul> <\/div><\/div>    <p class=\"translation-block\">Este modelo \u00e9 <strong>ideal para moer p\u00f3s finos<\/strong> em ind\u00fastrias como <strong>processamento de alimentos, farmac\u00eauticos e qu\u00edmicos<\/strong>, onde <strong>precis\u00e3o e controle de p\u00f3<\/strong> s\u00e3o essenciais.<\/p>    <h2 class=\"wp-block-heading\">Modelo 3: <strong>m\u00e1quina trituradora de gr\u00e3os com coletor de poeira de pulso<\/strong><\/h2>    <p class=\"translation-block\">A <strong>m\u00e1quina trituradora de gr\u00e3os com coletor de p\u00f3 por pulso<\/strong> \u00e9 uma solu\u00e7\u00e3o de moagem de alto desempenho projetada para <strong>processamento de p\u00f3s ultrafinos com filtragem superior de p\u00f3<\/strong>. Com um <strong>sistema avan\u00e7ado de remo\u00e7\u00e3o de p\u00f3 por pulso<\/strong>, este modelo garante um <strong>ambiente de trabalho limpo, eficiente e ambientalmente amig\u00e1vel<\/strong>.<\/p>    <div class=\"wp-block-media-text has-media-on-the-right is-stacked-on-mobile\"><div class=\"wp-block-media-text__content\"> <ul class=\"wp-block-list\"> <li><strong>99% de filtragem de poeira de alta efici\u00eancia<\/strong>. O <strong>o coletor de poeira de pulso remove efetivamente 99% das part\u00edculas suspensas no ar<\/strong>, tornando-o ideal para <strong>moagem de p\u00f3 fino<\/strong> em ind\u00fastrias como <strong>qu\u00edmicos, farmac\u00eauticos e processamento de alimentos<\/strong>.<\/li>    <li><strong>V\u00e1rias v\u00e1lvulas de pulso para limpeza aprimorada<\/strong>. Dispon\u00edvel com <strong>v\u00e1lvulas de pulso de 12, 24, 30, 36 ou 48<\/strong>, proporcionando um forte poder de remo\u00e7\u00e3o de poeira. <strong>Configura\u00e7\u00f5es maiores s\u00e3o recomendadas para materiais mais pesados.<\/strong> e p\u00f3s qu\u00edmicos finos.<\/li>    <li><strong>Bolsas de filtro de poli\u00e9ster dur\u00e1veis com agulha perfurada<\/strong>. Feito de <strong>tecido de poli\u00e9ster de alta qualidade<\/strong>, os sacos de filtro capturam eficientemente <strong>part\u00edculas de poeira t\u00e3o finas quanto 200 mesh<\/strong>, prevenindo contamina\u00e7\u00e3o a\u00e9rea.<\/li> <\/ul> <\/div><figure class=\"wp-block-media-text__media\"><img loading=\"lazy\" decoding=\"async\" width=\"720\" height=\"540\" src=\"https:\/\/topfoodmachine.com\/wp-content\/uploads\/2025\/03\/industrial-Grain-crusher-machine-with-pulse-dust-collector.webp\" alt=\"m\u00e1quina trituradora de gr\u00e3os industrial com coletor de poeira de pulso\" class=\"wp-image-1852 size-full\" srcset=\"https:\/\/topfoodmachine.com\/wp-content\/uploads\/2025\/03\/industrial-Grain-crusher-machine-with-pulse-dust-collector.webp 720w, https:\/\/topfoodmachine.com\/wp-content\/uploads\/2025\/03\/industrial-Grain-crusher-machine-with-pulse-dust-collector-300x225.webp 300w, https:\/\/topfoodmachine.com\/wp-content\/uploads\/2025\/03\/industrial-Grain-crusher-machine-with-pulse-dust-collector-16x12.webp 16w\" sizes=\"auto, (max-width: 720px) 100vw, 720px\" \/><\/figure><\/div>    <div class=\"wp-block-media-text is-stacked-on-mobile\"><figure class=\"wp-block-media-text__media\"><img loading=\"lazy\" decoding=\"async\" width=\"720\" height=\"540\" src=\"https:\/\/topfoodmachine.com\/wp-content\/uploads\/2025\/03\/Grain-crusher-machine-with-pulse-dust-collector.webp\" alt=\"m\u00e1quina trituradora de gr\u00e3os com coletor de poeira de pulso\" class=\"wp-image-1853 size-full\" srcset=\"https:\/\/topfoodmachine.com\/wp-content\/uploads\/2025\/03\/Grain-crusher-machine-with-pulse-dust-collector.webp 720w, https:\/\/topfoodmachine.com\/wp-content\/uploads\/2025\/03\/Grain-crusher-machine-with-pulse-dust-collector-300x225.webp 300w, https:\/\/topfoodmachine.com\/wp-content\/uploads\/2025\/03\/Grain-crusher-machine-with-pulse-dust-collector-16x12.webp 16w\" sizes=\"auto, (max-width: 720px) 100vw, 720px\" \/><\/figure><div class=\"wp-block-media-text__content\"> <ul class=\"wp-block-list\"> <li><strong>Sistema de limpeza com ar de alta press\u00e3o<\/strong>. <strong>O ar comprimido \u00e9 injetado no coletor de poeira<\/strong>, garantindo uma limpeza completa do filtro e opera\u00e7\u00e3o ininterrupta.<\/li>    <li><strong>Integra\u00e7\u00e3o do compressor de ar<\/strong>. O <strong>o sistema de pulso requer um compressor de ar (capacidade m\u00ednima de 60L)<\/strong>, que se conecta diretamente \u00e0 unidade de pulso. Uma vez ligado, o <strong>a v\u00e1lvula solen\u00f3ide abre automaticamente<\/strong>, permitindo <strong>que o ar comprimido entre no sistema<\/strong> e limpe os filtros de forma eficiente.<\/li> <\/ul> <\/div><\/div>    <p class=\"translation-block\">Este modelo \u00e9 ideal para <strong>aplica\u00e7\u00f5es de moagem de alta precis\u00e3o<\/strong>, especialmente ao lidar com <strong>p\u00f3s ultrafinos<\/strong> e materiais com alta gera\u00e7\u00e3o de p\u00f3.<\/p>    <h2 class=\"wp-block-heading\">Conclus\u00e3o<\/h2>    <p class=\"translation-block\">Para clientes que precisam de <strong>moagem em menor escala<\/strong>, tamb\u00e9m oferecemos <strong><a href=\"https:\/\/topfoodmachine.com\/pt\/product\/stainless-steel-crusher\/\" data-type=\"link\" data-id=\"https:\/\/topfoodmachine.com\/product\/stainless-steel-crusher\/\">m\u00e1quinas moedoras de p\u00f3 compactas<\/a><\/strong> que proporcionam moagem eficiente em um design mais econ\u00f4mico em espa\u00e7o. <\/p>    <p class=\"translation-block\">Al\u00e9m disso, para <strong>mistura uniforme de p\u00f3s<\/strong>, nossa <strong><a href=\"https:\/\/topfoodmachine.com\/pt\/product\/powder-blender-machine\/\" data-type=\"link\" data-id=\"https:\/\/topfoodmachine.com\/product\/powder-blender-machine\/\">m\u00e1quina de mistura de p\u00f3<\/a><\/strong> pode ser combinada perfeitamente com o <a href=\"https:\/\/en.wikipedia.org\/wiki\/Crusher\" data-type=\"link\" data-id=\"https:\/\/en.wikipedia.org\/wiki\/Crusher\" target=\"_blank\" rel=\"noopener\">triturador<\/a> de gr\u00e3os, tornando-se uma <strong>solu\u00e7\u00e3o ideal para linhas completas de processamento de p\u00f3<\/strong>. Entre em contato conosco para encontrar a melhor m\u00e1quina para suas necessidades!<\/p>","protected":false},"excerpt":{"rendered":"<p>A M\u00e1quina Trituradora de Gr\u00e3os pode processar uma ampla gama de mat\u00e9rias-primas, incluindo materiais qu\u00edmicos, gr\u00e3os, ervas medicinais tradicionais chinesas e especiarias (como anis estrelado).<\/p>","protected":false},"author":1,"featured_media":1844,"parent":0,"template":"","tags":[112],"product-type":[5],"class_list":["post-1843","product","type-product","status-publish","has-post-thumbnail","hentry","tag-grain-crusher-machine","product-type-nuts-processing-machine"],"_links":{"self":[{"href":"https:\/\/topfoodmachine.com\/pt\/wp-json\/wp\/v2\/product\/1843","targetHints":{"allow":["GET"]}}],"collection":[{"href":"https:\/\/topfoodmachine.com\/pt\/wp-json\/wp\/v2\/product"}],"about":[{"href":"https:\/\/topfoodmachine.com\/pt\/wp-json\/wp\/v2\/types\/product"}],"author":[{"embeddable":true,"href":"https:\/\/topfoodmachine.com\/pt\/wp-json\/wp\/v2\/users\/1"}],"wp:featuredmedia":[{"embeddable":true,"href":"https:\/\/topfoodmachine.com\/pt\/wp-json\/wp\/v2\/media\/1844"}],"wp:attachment":[{"href":"https:\/\/topfoodmachine.com\/pt\/wp-json\/wp\/v2\/media?parent=1843"}],"wp:term":[{"taxonomy":"post_tag","embeddable":true,"href":"https:\/\/topfoodmachine.com\/pt\/wp-json\/wp\/v2\/tags?post=1843"},{"taxonomy":"product-type","embeddable":true,"href":"https:\/\/topfoodmachine.com\/pt\/wp-json\/wp\/v2\/product-type?post=1843"}],"curies":[{"name":"wp","href":"https:\/\/api.w.org\/{rel}","templated":true}]}}