{"id":1823,"date":"2025-03-05T17:53:31","date_gmt":"2025-03-05T09:53:31","guid":{"rendered":"https:\/\/topfoodmachine.com\/?post_type=product&#038;p=1823"},"modified":"2025-03-06T11:29:00","modified_gmt":"2025-03-06T03:29:00","slug":"powder-blender-machine","status":"publish","type":"product","link":"https:\/\/topfoodmachine.com\/pt\/product\/powder-blender-machine\/","title":{"rendered":"m\u00e1quina de mistura de p\u00f3"},"content":{"rendered":"<div class=\"kk-star-ratings kksr-auto kksr-align-left kksr-valign-top\"     data-payload='{&quot;align&quot;:&quot;left&quot;,&quot;id&quot;:&quot;1823&quot;,&quot;slug&quot;:&quot;default&quot;,&quot;valign&quot;:&quot;top&quot;,&quot;ignore&quot;:&quot;&quot;,&quot;reference&quot;:&quot;auto&quot;,&quot;class&quot;:&quot;&quot;,&quot;count&quot;:&quot;8&quot;,&quot;legendonly&quot;:&quot;&quot;,&quot;readonly&quot;:&quot;&quot;,&quot;score&quot;:&quot;4.7&quot;,&quot;starsonly&quot;:&quot;&quot;,&quot;best&quot;:&quot;5&quot;,&quot;gap&quot;:&quot;5&quot;,&quot;greet&quot;:&quot;Rate this product&quot;,&quot;legend&quot;:&quot;4.7\\\/5 - (8 votes)&quot;,&quot;size&quot;:&quot;24&quot;,&quot;title&quot;:&quot;Powder blender machine&quot;,&quot;width&quot;:&quot;133.8&quot;,&quot;_legend&quot;:&quot;{score}\\\/{best} - ({count} {votes})&quot;,&quot;font_factor&quot;:&quot;1.25&quot;}'>              <div class=\"kksr-stars\">      <div class=\"kksr-stars-inactive\">             <div class=\"kksr-star\" data-star=\"1\" style=\"padding-right: 5px\">               <div class=\"kksr-icon\" style=\"width: 24px; height: 24px;\"><\/div>         <\/div>             <div class=\"kksr-star\" data-star=\"2\" style=\"padding-right: 5px\">               <div class=\"kksr-icon\" style=\"width: 24px; height: 24px;\"><\/div>         <\/div>             <div class=\"kksr-star\" data-star=\"3\" style=\"padding-right: 5px\">               <div class=\"kksr-icon\" style=\"width: 24px; height: 24px;\"><\/div>         <\/div>             <div class=\"kksr-star\" data-star=\"4\" style=\"padding-right: 5px\">               <div class=\"kksr-icon\" style=\"width: 24px; height: 24px;\"><\/div>         <\/div>             <div class=\"kksr-star\" data-star=\"5\" style=\"padding-right: 5px\">               <div class=\"kksr-icon\" style=\"width: 24px; height: 24px;\"><\/div>         <\/div>     <\/div>      <div class=\"kksr-stars-active\" style=\"width: 133.8px;\">             <div class=\"kksr-star\" style=\"padding-right: 5px\">               <div class=\"kksr-icon\" style=\"width: 24px; height: 24px;\"><\/div>         <\/div>             <div class=\"kksr-star\" style=\"padding-right: 5px\">               <div class=\"kksr-icon\" style=\"width: 24px; height: 24px;\"><\/div>         <\/div>             <div class=\"kksr-star\" style=\"padding-right: 5px\">               <div class=\"kksr-icon\" style=\"width: 24px; height: 24px;\"><\/div>         <\/div>             <div class=\"kksr-star\" style=\"padding-right: 5px\">               <div class=\"kksr-icon\" style=\"width: 24px; height: 24px;\"><\/div>         <\/div>             <div class=\"kksr-star\" style=\"padding-right: 5px\">               <div class=\"kksr-icon\" style=\"width: 24px; height: 24px;\"><\/div>         <\/div>     <\/div> <\/div>                   <div class=\"kksr-legend\" style=\"font-size: 19.2px;\">             4,7\/5 - (8 votos)    <\/div>     <\/div>  <p>A m\u00e1quina misturadora de p\u00f3 \u00e9 projetada para mistura eficiente e uniforme, dispon\u00edvel em configura\u00e7\u00f5es em forma de U e tipo tambor. \u00c9 amplamente utilizada para misturar p\u00f3s de tempero, p\u00f3s de ch\u00e1 com leite, p\u00f3s de caf\u00e9 e outros materiais finos. Com uma velocidade de mistura ajust\u00e1vel, garante controle preciso sobre a consist\u00eancia da mistura. <\/p>    <p>A m\u00e1quina \u00e9 constru\u00edda com a\u00e7o inoxid\u00e1vel 304 para as partes em contato com o material e a\u00e7o inoxid\u00e1vel 201 para a estrutura, garantindo durabilidade e higiene. Oferecendo uma faixa de capacidade de 60L a 490L, nossa m\u00e1quina misturadora de p\u00f3 foi exportada com sucesso para a Austr\u00e1lia, Estados Unidos e Peru, provando sua confiabilidade em v\u00e1rias ind\u00fastrias.<\/p>    <figure class=\"wp-block-embed is-type-video is-provider-youtube wp-block-embed-youtube wp-embed-aspect-16-9 wp-has-aspect-ratio\"><div class=\"wp-block-embed__wrapper\"> <iframe loading=\"lazy\" title=\"Como uma M\u00e1quina Misturadora de P\u00f3 Garante Mistura Perfeita Sempre #p\u00f3 #misturador\" width=\"500\" height=\"281\" src=\"https:\/\/www.youtube.com\/embed\/sQYe7Nb5xys?feature=oembed\" frameborder=\"0\" allow=\"accelerometer; autoplay; clipboard-write; encrypted-media; gyroscope; picture-in-picture; web-share\" referrerpolicy=\"strict-origin-when-cross-origin\" allowfullscreen><\/iframe> <\/div><figcaption class=\"wp-element-caption\">v\u00eddeo de trabalho da m\u00e1quina de mistura de p\u00f3<\/figcaption><\/figure>    <h2 class=\"wp-block-heading\">Como escolher a m\u00e1quina de mistura de p\u00f3 adequada?<\/h2>    <p>Ao selecionar uma M\u00e1quina Misturadora de P\u00f3, a escolha entre um misturador em forma de U e um misturador de tambor depende de v\u00e1rios fatores, incluindo a finura do p\u00f3, capacidade de produ\u00e7\u00e3o e requisitos de embalagem para transporte.<\/p>    <figure class=\"wp-block-image size-full\"><img loading=\"lazy\" decoding=\"async\" width=\"720\" height=\"540\" src=\"https:\/\/topfoodmachine.com\/wp-content\/uploads\/2025\/03\/Powder-blender-machine-price.webp\" alt=\"pre\u00e7o da m\u00e1quina misturadora de p\u00f3\" class=\"wp-image-1839\" srcset=\"https:\/\/topfoodmachine.com\/wp-content\/uploads\/2025\/03\/Powder-blender-machine-price.webp 720w, https:\/\/topfoodmachine.com\/wp-content\/uploads\/2025\/03\/Powder-blender-machine-price-300x225.webp 300w, https:\/\/topfoodmachine.com\/wp-content\/uploads\/2025\/03\/Powder-blender-machine-price-16x12.webp 16w\" sizes=\"auto, (max-width: 720px) 100vw, 720px\" \/><figcaption class=\"wp-element-caption\">pre\u00e7o da m\u00e1quina misturadora de p\u00f3<\/figcaption><\/figure>    <h3 class=\"wp-block-heading\">1. Fineness do p\u00f3<\/h3>    <ul class=\"wp-block-list\"> <li><strong>Misturador em U<\/strong>. Ideal para materiais que requerem um grau mais alto de finura. O design em U permite uma mistura mais intensa, tornando-o adequado para p\u00f3s finos, como especiarias, p\u00f3 de ch\u00e1 e p\u00f3 de caf\u00e9. O misturador em U garante uma mistura homog\u00eanea com m\u00ednima varia\u00e7\u00e3o no tamanho das part\u00edculas.<\/li>    <li><strong>Misturador de tambor<\/strong>. Adequado para materiais que n\u00e3o requerem mistura extremamente fina. O misturador de tambor fornece uma a\u00e7\u00e3o de mistura suave, tornando-o ideal para p\u00f3s que s\u00e3o menos sens\u00edveis ao tamanho das part\u00edculas, como certos tipos de ra\u00e7\u00e3o ou materiais industriais.<\/li> <\/ul>    <figure class=\"wp-block-image size-full\"><img loading=\"lazy\" decoding=\"async\" width=\"720\" height=\"540\" src=\"https:\/\/topfoodmachine.com\/wp-content\/uploads\/2025\/03\/chili-blender.webp\" alt=\"misturador de pimenta\" class=\"wp-image-1826\" srcset=\"https:\/\/topfoodmachine.com\/wp-content\/uploads\/2025\/03\/chili-blender.webp 720w, https:\/\/topfoodmachine.com\/wp-content\/uploads\/2025\/03\/chili-blender-300x225.webp 300w, https:\/\/topfoodmachine.com\/wp-content\/uploads\/2025\/03\/chili-blender-16x12.webp 16w\" sizes=\"auto, (max-width: 720px) 100vw, 720px\" \/><figcaption class=\"wp-element-caption\">misturador de pimenta<\/figcaption><\/figure>    <h3 class=\"wp-block-heading\">2. Capacidade de produ\u00e7\u00e3o<\/h3>    <ul class=\"wp-block-list\"> <li><strong>Misturador em U<\/strong>. Dispon\u00edvel em capacidades maiores, com o menor modelo capaz de lidar com 100 kg por lote. Os misturadores em U s\u00e3o adequados para produ\u00e7\u00e3o em escala m\u00e9dia a grande, com capacidades variando de 100 kg a 1000 kg.<\/li>    <li><strong>Misturador de tambor<\/strong>. Geralmente tem uma faixa de capacidade menor, adequada para produ\u00e7\u00e3o em pequena a m\u00e9dia escala. Os misturadores de tambor podem lidar com lotes variando de 2 kg a 300 kg, tornando-os ideais para opera\u00e7\u00f5es que requerem flexibilidade nos tamanhos dos lotes.<\/li> <\/ul>    <figure class=\"wp-block-image size-full\"><img loading=\"lazy\" decoding=\"async\" width=\"720\" height=\"540\" src=\"https:\/\/topfoodmachine.com\/wp-content\/uploads\/2025\/03\/Powder-blender-machine-supplier.webp\" alt=\"fornecedor de m\u00e1quina misturadora de p\u00f3\" class=\"wp-image-1838\" srcset=\"https:\/\/topfoodmachine.com\/wp-content\/uploads\/2025\/03\/Powder-blender-machine-supplier.webp 720w, https:\/\/topfoodmachine.com\/wp-content\/uploads\/2025\/03\/Powder-blender-machine-supplier-300x225.webp 300w, https:\/\/topfoodmachine.com\/wp-content\/uploads\/2025\/03\/Powder-blender-machine-supplier-16x12.webp 16w\" sizes=\"auto, (max-width: 720px) 100vw, 720px\" \/><figcaption class=\"wp-element-caption\">fornecedor de m\u00e1quina misturadora de p\u00f3<\/figcaption><\/figure>    <h3 class=\"wp-block-heading\">3. Transporte e embalagem<\/h3>    <ul class=\"wp-block-list\"> <li><strong>Misturador em U<\/strong>O design em U permite uma limpeza e manuten\u00e7\u00e3o mais f\u00e1ceis, o que \u00e9 ben\u00e9fico para opera\u00e7\u00f5es que requerem mudan\u00e7as frequentes nos materiais de embalagem. O design do misturador tamb\u00e9m garante um m\u00ednimo de res\u00edduos, facilitando a embalagem do produto final.<\/li>    <li><strong>Misturador de tambor<\/strong>O design compacto do misturador de tambor facilita o transporte e a instala\u00e7\u00e3o em v\u00e1rios locais. Isso \u00e9 particularmente \u00fatil para opera\u00e7\u00f5es que exigem solu\u00e7\u00f5es de mistura m\u00f3veis ou que t\u00eam restri\u00e7\u00f5es de espa\u00e7o.<\/li> <\/ul>    <figure class=\"wp-block-image size-full\"><img loading=\"lazy\" decoding=\"async\" width=\"720\" height=\"540\" src=\"https:\/\/topfoodmachine.com\/wp-content\/uploads\/2025\/03\/coffee-mixing-machine.webp\" alt=\"m\u00e1quina de mistura de caf\u00e9\" class=\"wp-image-1827\" srcset=\"https:\/\/topfoodmachine.com\/wp-content\/uploads\/2025\/03\/coffee-mixing-machine.webp 720w, https:\/\/topfoodmachine.com\/wp-content\/uploads\/2025\/03\/coffee-mixing-machine-300x225.webp 300w, https:\/\/topfoodmachine.com\/wp-content\/uploads\/2025\/03\/coffee-mixing-machine-16x12.webp 16w\" sizes=\"auto, (max-width: 720px) 100vw, 720px\" \/><figcaption class=\"wp-element-caption\">m\u00e1quina de mistura de caf\u00e9<\/figcaption><\/figure>    <h3 class=\"wp-block-heading\">Considera\u00e7\u00f5es especiais<\/h3>    <ul class=\"wp-block-list\"> <li><strong>Misturador em U<\/strong>. Recomendado para aplica\u00e7\u00f5es onde a finura e homogeneidade do p\u00f3 s\u00e3o cr\u00edticas, como nas ind\u00fastrias alimentar e farmac\u00eautica. A capacidade do misturador em U de lidar com lotes maiores tamb\u00e9m o torna adequado para produ\u00e7\u00e3o em alta escala.<\/li>    <li><strong>Misturador de tambor<\/strong>. Ideal para opera\u00e7\u00f5es que requerem mistura suave e t\u00eam necessidades de capacidade mais baixas. A simplicidade e facilidade de uso do misturador de tambor tornam-no uma solu\u00e7\u00e3o econ\u00f3mica para produ\u00e7\u00e3o em pequena a m\u00e9dia escala.<\/li> <\/ul>    <figure class=\"wp-block-image size-full\"><img loading=\"lazy\" decoding=\"async\" width=\"720\" height=\"540\" src=\"https:\/\/topfoodmachine.com\/wp-content\/uploads\/2025\/03\/exported-Powder-blender-machine.webp\" alt=\"m\u00e1quina misturadora de p\u00f3 exportada\" class=\"wp-image-1829\" srcset=\"https:\/\/topfoodmachine.com\/wp-content\/uploads\/2025\/03\/exported-Powder-blender-machine.webp 720w, https:\/\/topfoodmachine.com\/wp-content\/uploads\/2025\/03\/exported-Powder-blender-machine-300x225.webp 300w, https:\/\/topfoodmachine.com\/wp-content\/uploads\/2025\/03\/exported-Powder-blender-machine-16x12.webp 16w\" sizes=\"auto, (max-width: 720px) 100vw, 720px\" \/><figcaption class=\"wp-element-caption\">m\u00e1quina misturadora de p\u00f3 exportada<\/figcaption><\/figure>    <p>Ao escolher entre um misturador em forma de U e um misturador de tambor para sua M\u00e1quina Misturadora de P\u00f3, considere os requisitos espec\u00edficos de sua aplica\u00e7\u00e3o, incluindo a finura desejada do p\u00f3, capacidade de produ\u00e7\u00e3o e necessidades de transporte. <\/p>    <p>Para produ\u00e7\u00e3o em grande volume e requisitos de p\u00f3 fino, o misturador em forma de U \u00e9 a escolha recomendada. Para lotes menores e necessidades de mistura suave, o misturador de tambor \u00e9 uma excelente op\u00e7\u00e3o.<\/p>    <h2 class=\"wp-block-heading\">Par\u00e2metros da m\u00e1quina de mistura de p\u00f3 em tambor<\/h2>    <figure class=\"wp-block-table\"><table class=\"has-fixed-layout\"><tbody><tr><td>Modelo<\/td><td>Tamanho externo (mm)<\/td><td>Tamanho do tambor (mm)<\/td><td>Capacidade (L)<\/td><td>Fonte de alimenta\u00e7\u00e3o<\/td><td>Tamanho da porta de descarga<\/td><td>Velocidade do tambor (rpm)<\/td><td>Velocidade do eixo principal (rpm)<\/td><\/tr><tr><td>GH30-B<\/td><td>940*630*1000<\/td><td>390*710<\/td><td>60<\/td><td>220V 4-p\u00f3lo 2.2KW<\/td><td>35cm 108 v\u00e1lvula<\/td><td>28<\/td><td>82-84<\/td><\/tr><tr><td>GH50-B<\/td><td>1000*670*1000<\/td><td>450*830<\/td><td>90<\/td><td>220V 4-p\u00f3lo 3KW<\/td><td>35cm 108 v\u00e1lvula<\/td><td>28<\/td><td>82-84<\/td><\/tr><tr><td>GH100-B<\/td><td>1200*815*1200<\/td><td>570*1000<\/td><td>180<\/td><td>380V 4-p\u00f3lo 3KW<\/td><td>35cm 108 v\u00e1lvula<\/td><td>28<\/td><td>40-41<\/td><\/tr><tr><td>GH200-B<\/td><td>1360*1000*1400<\/td><td>780*1200<\/td><td>400<\/td><td>380V 4-p\u00f3lo 3KW<\/td><td>35cm 133 v\u00e1lvula<\/td><td>20<\/td><td>40-41<\/td><\/tr><tr><td>GH300-B<\/td><td>1700*1400*1900<\/td><td>900*1400<\/td><td>490<\/td><td>380V 4-p\u00f3lo 3KW<\/td><td>50cm 159 v\u00e1lvula<\/td><td>20<\/td><td>40-41<\/td><\/tr><\/tbody><\/table><figcaption class=\"wp-element-caption\">par\u00e2metros da m\u00e1quina de mistura de p\u00f3<\/figcaption><\/figure>    <figure class=\"wp-block-image size-full\"><img loading=\"lazy\" decoding=\"async\" width=\"720\" height=\"540\" src=\"https:\/\/topfoodmachine.com\/wp-content\/uploads\/2025\/03\/powder-mixing-machine-manufacturer.webp\" alt=\"fabricante de m\u00e1quina de mistura de p\u00f3\" class=\"wp-image-1834\" srcset=\"https:\/\/topfoodmachine.com\/wp-content\/uploads\/2025\/03\/powder-mixing-machine-manufacturer.webp 720w, https:\/\/topfoodmachine.com\/wp-content\/uploads\/2025\/03\/powder-mixing-machine-manufacturer-300x225.webp 300w, https:\/\/topfoodmachine.com\/wp-content\/uploads\/2025\/03\/powder-mixing-machine-manufacturer-16x12.webp 16w\" sizes=\"auto, (max-width: 720px) 100vw, 720px\" \/><figcaption class=\"wp-element-caption\">fabricante de m\u00e1quina de mistura de p\u00f3<\/figcaption><\/figure>    <h2 class=\"wp-block-heading\"><strong>Misturador de caf\u00e9 em U<\/strong> par\u00e2metros da m\u00e1quina<\/h2>    <figure class=\"wp-block-table\"><table class=\"has-fixed-layout\"><tbody><tr><td>Modelo<\/td><td>Dimens\u00f5es Externas (mm)<\/td><td>Capacidade (L)<\/td><\/tr><tr><td>TZ-60<\/td><td>570*600*1000<\/td><td>100<\/td><\/tr><tr><td>TZ-100<\/td><td>700*830*1100<\/td><td>100<\/td><\/tr><\/tbody><\/table><figcaption class=\"wp-element-caption\">par\u00e2metros da m\u00e1quina de mistura de p\u00f3 de pimenta<\/figcaption><\/figure>    <figure class=\"wp-block-image size-full\"><img loading=\"lazy\" decoding=\"async\" width=\"720\" height=\"540\" src=\"https:\/\/topfoodmachine.com\/wp-content\/uploads\/2025\/03\/powder-mixing-machine.webp\" alt=\"m\u00e1quina de mistura de p\u00f3\" class=\"wp-image-1835\" srcset=\"https:\/\/topfoodmachine.com\/wp-content\/uploads\/2025\/03\/powder-mixing-machine.webp 720w, https:\/\/topfoodmachine.com\/wp-content\/uploads\/2025\/03\/powder-mixing-machine-300x225.webp 300w, https:\/\/topfoodmachine.com\/wp-content\/uploads\/2025\/03\/powder-mixing-machine-16x12.webp 16w\" sizes=\"auto, (max-width: 720px) 100vw, 720px\" \/><figcaption class=\"wp-element-caption\">m\u00e1quina de mistura de p\u00f3<\/figcaption><\/figure>    <h2 class=\"wp-block-heading\">Vantagens da m\u00e1quina de mistura de caf\u00e9<\/h2>    <div class=\"wp-block-media-text is-stacked-on-mobile\"><figure class=\"wp-block-media-text__media\"><img loading=\"lazy\" decoding=\"async\" width=\"720\" height=\"540\" src=\"https:\/\/topfoodmachine.com\/wp-content\/uploads\/2025\/03\/coffee-mixer.webp\" alt=\"misturador de caf\u00e9\" class=\"wp-image-1830 size-full\" srcset=\"https:\/\/topfoodmachine.com\/wp-content\/uploads\/2025\/03\/coffee-mixer.webp 720w, https:\/\/topfoodmachine.com\/wp-content\/uploads\/2025\/03\/coffee-mixer-300x225.webp 300w, https:\/\/topfoodmachine.com\/wp-content\/uploads\/2025\/03\/coffee-mixer-16x12.webp 16w\" sizes=\"auto, (max-width: 720px) 100vw, 720px\" \/><\/figure><div class=\"wp-block-media-text__content\"> <ul class=\"wp-block-list\"> <li><strong>Flexibilidade em modo duplo<\/strong>. Tipo U para p\u00f3s grossos\/baixa fluidez (por exemplo, detergente para roupas), Tipo Tambor para p\u00f3s finos (por exemplo, caf\u00e9, especiarias).<\/li>    <li>\u200b<strong>Mistura de precis\u00e3o<\/strong>. Velocidade ajust\u00e1vel (0-1500 rpm) garante mistura uniforme entre densidades.<\/li>    <li>\u200b<strong>Dur\u00e1vel e higi\u00eanico<\/strong>. A\u00e7o inoxid\u00e1vel 304 (partes em contato) + estrutura de a\u00e7o 201, resistente \u00e0 corros\u00e3o e seguro para alimentos.<\/li> <\/ul> <\/div><\/div>    <div class=\"wp-block-media-text has-media-on-the-right is-stacked-on-mobile\"><div class=\"wp-block-media-text__content\"> <ul class=\"wp-block-list\"> <li><strong>Capacidade escal\u00e1vel<\/strong>. Modelos de 60L-490L (personaliz\u00e1veis at\u00e9 1000kg por lote).<\/li>    <li>\u200b<strong>Certificado globalmente<\/strong>. Cumpre com as normas FDA, TGA e internacionais.<\/li>    <li>\u200b<strong>Opera\u00e7\u00e3o est\u00e1vel<\/strong>. Rota\u00e7\u00e3o do tambor em baixa velocidade (20-28 rpm) minimiza o calor; motores de alto torque (2.2-4KW) garantem confiabilidade.<\/li>    <li>\u200b<strong>Log\u00edstica f\u00e1cil<\/strong>. Design modular em tipo tambor para montagem\/exporta\u00e7\u00e3o r\u00e1pida; portas de descarga padronizadas (35-50cm).<\/li> <\/ul> <\/div><figure class=\"wp-block-media-text__media\"><img loading=\"lazy\" decoding=\"async\" width=\"720\" height=\"540\" src=\"https:\/\/topfoodmachine.com\/wp-content\/uploads\/2025\/03\/Powder-blender-machine-details.webp\" alt=\"detalhes da m\u00e1quina misturadora de p\u00f3\" class=\"wp-image-1831 size-full\" srcset=\"https:\/\/topfoodmachine.com\/wp-content\/uploads\/2025\/03\/Powder-blender-machine-details.webp 720w, https:\/\/topfoodmachine.com\/wp-content\/uploads\/2025\/03\/Powder-blender-machine-details-300x225.webp 300w, https:\/\/topfoodmachine.com\/wp-content\/uploads\/2025\/03\/Powder-blender-machine-details-16x12.webp 16w\" sizes=\"auto, (max-width: 720px) 100vw, 720px\" \/><\/figure><\/div>    <h2 class=\"wp-block-heading\">Equipamentos de suporte da m\u00e1quina de mistura de p\u00f3<\/h2>    <p>A M\u00e1quina Misturadora de P\u00f3 pode ser usada em conjunto com um britador grosso para alcan\u00e7ar resultados de mistura ideais. Aqui est\u00e3o alguns pontos-chave a considerar:<\/p>    <div class=\"wp-block-media-text is-stacked-on-mobile\"><figure class=\"wp-block-media-text__media\"><img loading=\"lazy\" decoding=\"async\" width=\"720\" height=\"540\" src=\"https:\/\/topfoodmachine.com\/wp-content\/uploads\/2025\/03\/coarse-crusher.webp\" alt=\"britador grosso\" class=\"wp-image-1832 size-full\" srcset=\"https:\/\/topfoodmachine.com\/wp-content\/uploads\/2025\/03\/coarse-crusher.webp 720w, https:\/\/topfoodmachine.com\/wp-content\/uploads\/2025\/03\/coarse-crusher-300x225.webp 300w, https:\/\/topfoodmachine.com\/wp-content\/uploads\/2025\/03\/coarse-crusher-16x12.webp 16w\" sizes=\"auto, (max-width: 720px) 100vw, 720px\" \/><\/figure><div class=\"wp-block-media-text__content\"> <ul class=\"wp-block-list\"> <li><strong>Quebra grosseira antes da mistura<\/strong>. Para materiais como pimentas, \u00e9 comum usar um triturador grosseiro para inicialmente quebrar o material a um tamanho de 10-15 mesh. Este passo de quebra grosseira garante que o material seja adequado para moagem fina posterior.<\/li>    <li><strong>Moagem fina com moinho de disco dentado<\/strong>. Ap\u00f3s a quebra grosseira, o material pode ser processado ainda mais usando um moinho de disco dentado para alcan\u00e7ar um p\u00f3 mais fino. Este passo \u00e9 essencial para alcan\u00e7ar a consist\u00eancia desejada para produtos como especiarias, p\u00f3 de caf\u00e9 e outros p\u00f3s finos.<\/li> <\/ul> <\/div><\/div>    <div class=\"wp-block-media-text has-media-on-the-right is-stacked-on-mobile\"><div class=\"wp-block-media-text__content\"> <ul class=\"wp-block-list\"> <li><strong class=\"\">Capacidade do triturador grosseiro<\/strong>. O triturador grosseiro pode lidar com at\u00e9 60 mesh, com uma capacidade de processamento de cerca de 300-400 kg por hora. Isso o torna uma escolha eficiente para preparar materiais para a M\u00e1quina Misturadora de P\u00f3.<\/li> <\/ul> <\/div><figure class=\"wp-block-media-text__media\"><img loading=\"lazy\" decoding=\"async\" width=\"720\" height=\"540\" src=\"https:\/\/topfoodmachine.com\/wp-content\/uploads\/2025\/03\/coarse-crusher-for-sale.webp\" alt=\"britador grosso \u00e0 venda\" class=\"wp-image-1833 size-full\" srcset=\"https:\/\/topfoodmachine.com\/wp-content\/uploads\/2025\/03\/coarse-crusher-for-sale.webp 720w, https:\/\/topfoodmachine.com\/wp-content\/uploads\/2025\/03\/coarse-crusher-for-sale-300x225.webp 300w, https:\/\/topfoodmachine.com\/wp-content\/uploads\/2025\/03\/coarse-crusher-for-sale-16x12.webp 16w\" sizes=\"auto, (max-width: 720px) 100vw, 720px\" \/><\/figure><\/div>    <div class=\"wp-block-media-text is-stacked-on-mobile\"><figure class=\"wp-block-media-text__media\"><img loading=\"lazy\" decoding=\"async\" width=\"720\" height=\"540\" src=\"https:\/\/topfoodmachine.com\/wp-content\/uploads\/2025\/03\/effective-coarse-crusher-1.webp\" alt=\"britador grosso eficaz\" class=\"wp-image-1837 size-full\" srcset=\"https:\/\/topfoodmachine.com\/wp-content\/uploads\/2025\/03\/effective-coarse-crusher-1.webp 720w, https:\/\/topfoodmachine.com\/wp-content\/uploads\/2025\/03\/effective-coarse-crusher-1-300x225.webp 300w, https:\/\/topfoodmachine.com\/wp-content\/uploads\/2025\/03\/effective-coarse-crusher-1-16x12.webp 16w\" sizes=\"auto, (max-width: 720px) 100vw, 720px\" \/><\/figure><div class=\"wp-block-media-text__content\"> <ul class=\"wp-block-list\"> <li><strong>Limita\u00e7\u00f5es com culturas de ra\u00edzes e tub\u00e9rculos<\/strong>. \u00c9 importante notar que culturas de ra\u00edzes e tub\u00e9rculos n\u00e3o devem ser processadas diretamente usando um moinho de disco dentado para moagem fina, pois isso pode levar ao entupimento da tela. Em vez disso, esses materiais devem ser processados primeiro usando um triturador grosseiro adequado para alcan\u00e7ar o tamanho de part\u00edcula apropriado antes da moagem adicional.<\/li> <\/ul> <\/div><\/div>    <p>Ao integrar um britador grosso com a M\u00e1quina Misturadora de P\u00f3, voc\u00ea pode garantir um processamento eficiente e eficaz de uma ampla gama de materiais, desde a britagem grossa at\u00e9 a moagem fina, mantendo um desempenho ideal e evitando problemas potenciais, como entupimento da tela.<\/p>    <h2 class=\"wp-block-heading\">Conclus\u00e3o<\/h2>    <p class=\"translation-block\">A <strong><a href=\"https:\/\/en.wikipedia.org\/wiki\/Powder\" data-type=\"link\" data-id=\"https:\/\/en.wikipedia.org\/wiki\/Powder\" target=\"_blank\" rel=\"noopener\">m\u00e1quina de mistura de p\u00f3<\/a><\/strong> garante uma mistura eficiente e uniforme para v\u00e1rios materiais em p\u00f3, tornando-se uma ferramenta essencial para ind\u00fastrias como processamento de alimentos, farmac\u00eauticos e qu\u00edmicos. Com sua <strong>velocidade ajust\u00e1vel, m\u00faltiplas op\u00e7\u00f5es de capacidade e constru\u00e7\u00e3o em a\u00e7o inoxid\u00e1vel dur\u00e1vel<\/strong>, oferece uma solu\u00e7\u00e3o confi\u00e1vel para alcan\u00e7ar misturas de alta qualidade.<\/p>    <p class=\"translation-block\">Para agilizar ainda mais a produ\u00e7\u00e3o, nossas <strong><a href=\"https:\/\/topfoodmachine.com\/pt\/products\/food-packaging-machine\/\">m\u00e1quinas de embalagem de p\u00f3<\/a><\/strong> podem ser integradas ao processo, permitindo uma embalagem precisa e eficiente do produto final. Esta <strong>solu\u00e7\u00e3o completa<\/strong> garante uma transi\u00e7\u00e3o perfeita da mistura para a embalagem, aumentando a produtividade e a conveni\u00eancia. Entre em contato conosco hoje para personalizar sua configura\u00e7\u00e3o de <strong>mistura e embalagem de p\u00f3<\/strong>!<\/p>    <figure class=\"wp-block-image size-full\"><img loading=\"lazy\" decoding=\"async\" width=\"720\" height=\"540\" src=\"https:\/\/topfoodmachine.com\/wp-content\/uploads\/2025\/03\/Powder-blender-machine.webp\" alt=\"m\u00e1quina de mistura de p\u00f3\" class=\"wp-image-1836\" srcset=\"https:\/\/topfoodmachine.com\/wp-content\/uploads\/2025\/03\/Powder-blender-machine.webp 720w, https:\/\/topfoodmachine.com\/wp-content\/uploads\/2025\/03\/Powder-blender-machine-300x225.webp 300w, https:\/\/topfoodmachine.com\/wp-content\/uploads\/2025\/03\/Powder-blender-machine-16x12.webp 16w\" sizes=\"auto, (max-width: 720px) 100vw, 720px\" \/><figcaption class=\"wp-element-caption\">m\u00e1quina de mistura de p\u00f3<\/figcaption><\/figure>","protected":false},"excerpt":{"rendered":"<p>A m\u00e1quina de mistura de p\u00f3 \u00e9 projetada para mistura eficiente e uniforme, dispon\u00edvel em configura\u00e7\u00f5es em forma de U e tipo tambor. \u00c9 amplamente utilizada para misturar p\u00f3s de tempero, p\u00f3s de ch\u00e1 com leite, p\u00f3s de caf\u00e9 e outros materiais finos.<\/p>","protected":false},"author":1,"featured_media":1841,"parent":0,"template":"","tags":[111],"product-type":[5],"class_list":["post-1823","product","type-product","status-publish","has-post-thumbnail","hentry","tag-powder-blender-machine","product-type-nuts-processing-machine"],"_links":{"self":[{"href":"https:\/\/topfoodmachine.com\/pt\/wp-json\/wp\/v2\/product\/1823","targetHints":{"allow":["GET"]}}],"collection":[{"href":"https:\/\/topfoodmachine.com\/pt\/wp-json\/wp\/v2\/product"}],"about":[{"href":"https:\/\/topfoodmachine.com\/pt\/wp-json\/wp\/v2\/types\/product"}],"author":[{"embeddable":true,"href":"https:\/\/topfoodmachine.com\/pt\/wp-json\/wp\/v2\/users\/1"}],"wp:featuredmedia":[{"embeddable":true,"href":"https:\/\/topfoodmachine.com\/pt\/wp-json\/wp\/v2\/media\/1841"}],"wp:attachment":[{"href":"https:\/\/topfoodmachine.com\/pt\/wp-json\/wp\/v2\/media?parent=1823"}],"wp:term":[{"taxonomy":"post_tag","embeddable":true,"href":"https:\/\/topfoodmachine.com\/pt\/wp-json\/wp\/v2\/tags?post=1823"},{"taxonomy":"product-type","embeddable":true,"href":"https:\/\/topfoodmachine.com\/pt\/wp-json\/wp\/v2\/product-type?post=1823"}],"curies":[{"name":"wp","href":"https:\/\/api.w.org\/{rel}","templated":true}]}}