{"id":1802,"date":"2025-02-20T16:01:08","date_gmt":"2025-02-20T08:01:08","guid":{"rendered":"https:\/\/topfoodmachine.com\/?post_type=product&#038;p=1802"},"modified":"2025-02-20T16:03:34","modified_gmt":"2025-02-20T08:03:34","slug":"bone-cutting-machine","status":"publish","type":"product","link":"https:\/\/topfoodmachine.com\/pt\/product\/bone-cutting-machine\/","title":{"rendered":"M\u00e1quina de corte de ossos"},"content":{"rendered":"<div class=\"kk-star-ratings kksr-auto kksr-align-left kksr-valign-top\"     data-payload='{&quot;align&quot;:&quot;left&quot;,&quot;id&quot;:&quot;1802&quot;,&quot;slug&quot;:&quot;default&quot;,&quot;valign&quot;:&quot;top&quot;,&quot;ignore&quot;:&quot;&quot;,&quot;reference&quot;:&quot;auto&quot;,&quot;class&quot;:&quot;&quot;,&quot;count&quot;:&quot;5&quot;,&quot;legendonly&quot;:&quot;&quot;,&quot;readonly&quot;:&quot;&quot;,&quot;score&quot;:&quot;4.5&quot;,&quot;starsonly&quot;:&quot;&quot;,&quot;best&quot;:&quot;5&quot;,&quot;gap&quot;:&quot;5&quot;,&quot;greet&quot;:&quot;Rate this product&quot;,&quot;legend&quot;:&quot;4.5\\\/5 - (5 votes)&quot;,&quot;size&quot;:&quot;24&quot;,&quot;title&quot;:&quot;Bone cutting machine&quot;,&quot;width&quot;:&quot;128&quot;,&quot;_legend&quot;:&quot;{score}\\\/{best} - ({count} {votes})&quot;,&quot;font_factor&quot;:&quot;1.25&quot;}'>              <div class=\"kksr-stars\">      <div class=\"kksr-stars-inactive\">             <div class=\"kksr-star\" data-star=\"1\" style=\"padding-right: 5px\">               <div class=\"kksr-icon\" style=\"width: 24px; height: 24px;\"><\/div>         <\/div>             <div class=\"kksr-star\" data-star=\"2\" style=\"padding-right: 5px\">               <div class=\"kksr-icon\" style=\"width: 24px; height: 24px;\"><\/div>         <\/div>             <div class=\"kksr-star\" data-star=\"3\" style=\"padding-right: 5px\">               <div class=\"kksr-icon\" style=\"width: 24px; height: 24px;\"><\/div>         <\/div>             <div class=\"kksr-star\" data-star=\"4\" style=\"padding-right: 5px\">               <div class=\"kksr-icon\" style=\"width: 24px; height: 24px;\"><\/div>         <\/div>             <div class=\"kksr-star\" data-star=\"5\" style=\"padding-right: 5px\">               <div class=\"kksr-icon\" style=\"width: 24px; height: 24px;\"><\/div>         <\/div>     <\/div>      <div class=\"kksr-stars-active\" style=\"width: 128px;\">             <div class=\"kksr-star\" style=\"padding-right: 5px\">               <div class=\"kksr-icon\" style=\"width: 24px; height: 24px;\"><\/div>         <\/div>             <div class=\"kksr-star\" style=\"padding-right: 5px\">               <div class=\"kksr-icon\" style=\"width: 24px; height: 24px;\"><\/div>         <\/div>             <div class=\"kksr-star\" style=\"padding-right: 5px\">               <div class=\"kksr-icon\" style=\"width: 24px; height: 24px;\"><\/div>         <\/div>             <div class=\"kksr-star\" style=\"padding-right: 5px\">               <div class=\"kksr-icon\" style=\"width: 24px; height: 24px;\"><\/div>         <\/div>             <div class=\"kksr-star\" style=\"padding-right: 5px\">               <div class=\"kksr-icon\" style=\"width: 24px; height: 24px;\"><\/div>         <\/div>     <\/div> <\/div>                   <div class=\"kksr-legend\" style=\"font-size: 19.2px;\">             4,5\/5 - (5 votos)    <\/div>     <\/div>  <p>A M\u00e1quina de Corte de Ossos pode processar eficientemente v\u00e1rios tipos de carne e ossos. \u00c9 amplamente utilizada em instala\u00e7\u00f5es de processamento de alimentos, matadouros, a\u00e7ougues e supermercados. Esta m\u00e1quina \u00e9 especificamente projetada para lidar com ossos de animais pequenos e m\u00e9dios, carne congelada, aves e ossos de peixe.<\/p>    <p>Com uma constru\u00e7\u00e3o em a\u00e7o inoxid\u00e1vel de grau aliment\u00edcio e materiais resistentes \u00e0 corros\u00e3o, a M\u00e1quina de Corte de Ossos garante durabilidade, higiene e conformidade com as regulamenta\u00e7\u00f5es de seguran\u00e7a alimentar. Seu motor potente e l\u00e2minas especializadas podem cortar facilmente materiais dif\u00edceis, proporcionando cortes precisos e consistentes. <\/p>    <p>A m\u00e1quina tamb\u00e9m inclui configura\u00e7\u00f5es ajust\u00e1veis e recursos personaliz\u00e1veis, permitindo que os usu\u00e1rios alcancem a espessura e os tamanhos de por\u00e7\u00e3o desejados.<\/p>    <figure class=\"wp-block-embed is-type-video is-provider-youtube wp-block-embed-youtube wp-embed-aspect-16-9 wp-has-aspect-ratio\"><div class=\"wp-block-embed__wrapper\"> <iframe loading=\"lazy\" title=\"M\u00e1quina de Corte de Ossos \u00e0 Venda: Melhores Ofertas e Recursos Explicados #ossos #carne #cortadoradecarne\" width=\"500\" height=\"281\" src=\"https:\/\/www.youtube.com\/embed\/tfAcMQ9nu5M?feature=oembed\" frameborder=\"0\" allow=\"accelerometer; autoplay; clipboard-write; encrypted-media; gyroscope; picture-in-picture; web-share\" referrerpolicy=\"strict-origin-when-cross-origin\" allowfullscreen><\/iframe> <\/div><figcaption class=\"wp-element-caption\">v\u00eddeo de trabalho da cortadora de ossos<\/figcaption><\/figure>    <h2 class=\"wp-block-heading\">M\u00e1quina autom\u00e1tica de serra de corte de ossos \u00e0 venda<\/h2>    <p class=\"translation-block\">A M\u00e1quina Autom\u00e1tica de <a href=\"https:\/\/en.wikipedia.org\/wiki\/Bone\" data-type=\"link\" data-id=\"https:\/\/en.wikipedia.org\/wiki\/Bone\" target=\"_blank\" rel=\"noopener\">Corte de Ossos<\/a> \u00e9 uma solu\u00e7\u00e3o avan\u00e7ada projetada para cortar carne congelada, ossos de animais e outros produtos aliment\u00edcios de forma eficiente. Sua constru\u00e7\u00e3o robusta e recursos f\u00e1ceis de usar a tornam ideal para a ind\u00fastria de processamento de carne.<\/p>    <div class=\"wp-block-media-text is-stacked-on-mobile\"><figure class=\"wp-block-media-text__media\"><img loading=\"lazy\" decoding=\"async\" width=\"720\" height=\"540\" src=\"https:\/\/topfoodmachine.com\/wp-content\/uploads\/2025\/02\/Bone-cutting-machine-for-sale.webp\" alt=\"m\u00e1quina de corte de ossos \u00e0 venda\" class=\"wp-image-1806 size-full\" srcset=\"https:\/\/topfoodmachine.com\/wp-content\/uploads\/2025\/02\/Bone-cutting-machine-for-sale.webp 720w, https:\/\/topfoodmachine.com\/wp-content\/uploads\/2025\/02\/Bone-cutting-machine-for-sale-300x225.webp 300w, https:\/\/topfoodmachine.com\/wp-content\/uploads\/2025\/02\/Bone-cutting-machine-for-sale-16x12.webp 16w\" sizes=\"auto, (max-width: 720px) 100vw, 720px\" \/><\/figure><div class=\"wp-block-media-text__content\"> <ul class=\"wp-block-list\"> <li><strong>Sistema de correia transportadora fixa<\/strong>. Garante corte suave e preciso de carne congelada e ossos.<\/li>    <li><strong>Polias superior e inferior<\/strong>. Projetadas para guiar e estabilizar o processo de corte.<\/li>    <li><strong>Equipamento de tensionamento<\/strong>. Fornece for\u00e7a consistente para cortes precisos.<\/li>    <li><strong>Motor potente<\/strong>. Oferece desempenho confi\u00e1vel para cortes pesados.<\/li>    <li><strong>Sistemas el\u00e9tricos e de refrigera\u00e7\u00e3o<\/strong>. Aumentam a vida \u00fatil e garantem opera\u00e7\u00e3o cont\u00ednua.<\/li> <\/ul> <\/div><\/div>    <p>A m\u00e1quina \u00e9 projetada com seguran\u00e7a e facilidade de uso em mente, com o produto sendo fixado manualmente no lugar para estabilidade ideal durante o processo de corte. Isso a torna uma excelente escolha para empresas que buscam aumentar a efici\u00eancia e reduzir os custos de m\u00e3o de obra em suas opera\u00e7\u00f5es de processamento de carne.<\/p>    <h2 class=\"wp-block-heading\">Caracter\u00edsticas da m\u00e1quina cortadora de ossos<\/h2>    <div class=\"wp-block-media-text has-media-on-the-right is-stacked-on-mobile\"><div class=\"wp-block-media-text__content\"> <ul class=\"wp-block-list\"> <li><strong>Constru\u00e7\u00e3o robusta<\/strong><br>Constru\u00eddo com a\u00e7o inoxid\u00e1vel robusto e de grau aliment\u00edcio, garantindo durabilidade e longevidade. Materiais resistentes \u00e0 corros\u00e3o cumprem os mais altos padr\u00f5es de seguran\u00e7a alimentar, adequados para o processamento de v\u00e1rios tipos de carne e ossos.<\/li>    <li><strong>Corte potente e eficiente<\/strong><br>Equipado com um motor de alto desempenho e l\u00e2minas projetadas com precis\u00e3o que cortam carne congelada, carne fresca e ossos de animais sem esfor\u00e7o. Configura\u00e7\u00f5es de corte ajust\u00e1veis permitem espessuras e tamanhos de por\u00e7\u00f5es precisos, otimizando a efici\u00eancia e reduzindo o desperd\u00edcio.<\/li> <\/ul> <\/div><figure class=\"wp-block-media-text__media\"><img loading=\"lazy\" decoding=\"async\" width=\"720\" height=\"540\" src=\"https:\/\/topfoodmachine.com\/wp-content\/uploads\/2025\/02\/bone-cutting-machine-price.webp\" alt=\"pre\u00e7o da m\u00e1quina de corte de ossos\" class=\"wp-image-1807 size-full\" srcset=\"https:\/\/topfoodmachine.com\/wp-content\/uploads\/2025\/02\/bone-cutting-machine-price.webp 720w, https:\/\/topfoodmachine.com\/wp-content\/uploads\/2025\/02\/bone-cutting-machine-price-300x225.webp 300w, https:\/\/topfoodmachine.com\/wp-content\/uploads\/2025\/02\/bone-cutting-machine-price-16x12.webp 16w\" sizes=\"auto, (max-width: 720px) 100vw, 720px\" \/><\/figure><\/div>    <div class=\"wp-block-media-text is-stacked-on-mobile\"><figure class=\"wp-block-media-text__media\"><img loading=\"lazy\" decoding=\"async\" width=\"720\" height=\"540\" src=\"https:\/\/topfoodmachine.com\/wp-content\/uploads\/2025\/02\/Bone-cutting-machine.webp\" alt=\"M\u00e1quina de corte de ossos\" class=\"wp-image-1808 size-full\" srcset=\"https:\/\/topfoodmachine.com\/wp-content\/uploads\/2025\/02\/Bone-cutting-machine.webp 720w, https:\/\/topfoodmachine.com\/wp-content\/uploads\/2025\/02\/Bone-cutting-machine-300x225.webp 300w, https:\/\/topfoodmachine.com\/wp-content\/uploads\/2025\/02\/Bone-cutting-machine-16x12.webp 16w\" sizes=\"auto, (max-width: 720px) 100vw, 720px\" \/><\/figure><div class=\"wp-block-media-text__content\"> <ul class=\"wp-block-list\"> <li><strong>F\u00e1cil opera\u00e7\u00e3o e manuten\u00e7\u00e3o<\/strong><br>Design amig\u00e1vel com controles intuitivos torna a m\u00e1quina f\u00e1cil de operar, mesmo para usu\u00e1rios de primeira viagem. O design modular permite limpeza r\u00e1pida e eficiente, garantindo conformidade com as regulamenta\u00e7\u00f5es de seguran\u00e7a alimentar e minimizando o tempo de inatividade.<\/li>    <li><strong>Versatilidade e personaliza\u00e7\u00e3o<\/strong><br>Projetado para lidar com uma ampla gama de materiais, incluindo carne congelada, aves, ossos de peixe e mais. Pode ser personalizado para atender a necessidades espec\u00edficas, tornando-o adequado para opera\u00e7\u00f5es em pequena e grande escala.<\/li> <\/ul> <\/div><\/div>    <div class=\"wp-block-media-text has-media-on-the-right is-stacked-on-mobile\"><div class=\"wp-block-media-text__content\"> <ul class=\"wp-block-list\"> <li><strong>Recursos de seguran\u00e7a aprimorados<\/strong><br>Inclui recursos de seguran\u00e7a essenciais, como protetores de l\u00e2mina, bot\u00f5es de parada de emerg\u00eancia e superf\u00edcies antiderrapantes, garantindo um ambiente de trabalho seguro sem comprometer a produtividade.<\/li>    <li><strong>Design higi\u00eanico<\/strong><br>Apresenta constru\u00e7\u00e3o sem costura e superf\u00edcies f\u00e1ceis de limpar. Componentes de a\u00e7o inoxid\u00e1vel s\u00e3o resistentes a bact\u00e9rias, mantendo um ambiente de processamento limpo e seguro.<\/li> <\/ul> <\/div><figure class=\"wp-block-media-text__media\"><img loading=\"lazy\" decoding=\"async\" width=\"720\" height=\"540\" src=\"https:\/\/topfoodmachine.com\/wp-content\/uploads\/2025\/02\/frozen-meat-cutter.webp\" alt=\"cortador de carne congelada\" class=\"wp-image-1814 size-full\" srcset=\"https:\/\/topfoodmachine.com\/wp-content\/uploads\/2025\/02\/frozen-meat-cutter.webp 720w, https:\/\/topfoodmachine.com\/wp-content\/uploads\/2025\/02\/frozen-meat-cutter-300x225.webp 300w, https:\/\/topfoodmachine.com\/wp-content\/uploads\/2025\/02\/frozen-meat-cutter-16x12.webp 16w\" sizes=\"auto, (max-width: 720px) 100vw, 720px\" \/><\/figure><\/div>    <h2 class=\"wp-block-heading\">Estrutura da m\u00e1quina de corte de ossos<\/h2>    <p>A M\u00e1quina Cortadora de Ossos apresenta um design robusto e amig\u00e1vel, com componentes-chave cuidadosamente projetados para desempenho ideal. A estrutura da m\u00e1quina inclui:<\/p>    <div class=\"wp-block-media-text is-stacked-on-mobile\"><figure class=\"wp-block-media-text__media\"><img loading=\"lazy\" decoding=\"async\" width=\"720\" height=\"540\" src=\"https:\/\/topfoodmachine.com\/wp-content\/uploads\/2025\/02\/structure-of-meat-saw-machine.webp\" alt=\"estrutura da m\u00e1quina de serra de carne\" class=\"wp-image-1809 size-full\" srcset=\"https:\/\/topfoodmachine.com\/wp-content\/uploads\/2025\/02\/structure-of-meat-saw-machine.webp 720w, https:\/\/topfoodmachine.com\/wp-content\/uploads\/2025\/02\/structure-of-meat-saw-machine-300x225.webp 300w, https:\/\/topfoodmachine.com\/wp-content\/uploads\/2025\/02\/structure-of-meat-saw-machine-16x12.webp 16w\" sizes=\"auto, (max-width: 720px) 100vw, 720px\" \/><\/figure><div class=\"wp-block-media-text__content\"> <ul class=\"wp-block-list\"> <li><strong>Man\u00edpulo de ajuste T<\/strong>. Permite ajuste preciso para resultados de corte ideais.<\/li>    <li><strong>Painel de opera\u00e7\u00e3o<\/strong>. Uma interface amig\u00e1vel que garante f\u00e1cil opera\u00e7\u00e3o e controle durante o uso.<\/li>    <li><strong>L\u00e2mina de serra<\/strong>. Uma l\u00e2mina de alta qualidade projetada para corte eficiente e preciso de carne e ossos.<\/li>    <li><strong>Correia transportadora<\/strong>. Facilita o transporte suave de materiais durante o processo de corte.<\/li>    <li><strong>Placa de armazenamento<\/strong>. Fornece um espa\u00e7o conveniente para armazenar materiais ou ferramentas processadas.<\/li>    <li><strong>Design em a\u00e7o inoxid\u00e1vel<\/strong>. Garante durabilidade, higiene e f\u00e1cil limpeza, tornando a m\u00e1quina adequada para ambientes de processamento de grau aliment\u00edcio.<\/li>    <li><strong>Base<\/strong>Uma base est\u00e1vel que suporta toda a estrutura da m\u00e1quina, garantindo opera\u00e7\u00e3o constante.<\/li> <\/ul> <\/div><\/div>    <p>Com estas caracter\u00edsticas bem projetadas, a M\u00e1quina Cortadora de Ossos garante opera\u00e7\u00e3o confi\u00e1vel, eficiente e segura para corte de carne e ossos em cozinhas comerciais, a\u00e7ougues e instala\u00e7\u00f5es de processamento de alimentos.<\/p>    <h2 class=\"wp-block-heading\">Detalhes da m\u00e1quina de corte de ossos<\/h2>    <figure class=\"wp-block-gallery has-nested-images columns-default is-cropped wp-block-gallery-2 is-layout-flex wp-block-gallery-is-layout-flex\"> <figure class=\"wp-block-image size-large\"><img loading=\"lazy\" decoding=\"async\" width=\"720\" height=\"540\" data-id=\"1810\" src=\"https:\/\/topfoodmachine.com\/wp-content\/uploads\/2025\/02\/bone-saw-cutting-machine-supplier.webp\" alt=\"fornecedor de m\u00e1quina de corte de ossos\" class=\"wp-image-1810\" srcset=\"https:\/\/topfoodmachine.com\/wp-content\/uploads\/2025\/02\/bone-saw-cutting-machine-supplier.webp 720w, https:\/\/topfoodmachine.com\/wp-content\/uploads\/2025\/02\/bone-saw-cutting-machine-supplier-300x225.webp 300w, https:\/\/topfoodmachine.com\/wp-content\/uploads\/2025\/02\/bone-saw-cutting-machine-supplier-16x12.webp 16w\" sizes=\"auto, (max-width: 720px) 100vw, 720px\" \/><figcaption class=\"wp-element-caption\">fornecedor de m\u00e1quina de corte de ossos<\/figcaption><\/figure>    <figure class=\"wp-block-image size-large\"><img loading=\"lazy\" decoding=\"async\" width=\"720\" height=\"540\" data-id=\"1811\" src=\"https:\/\/topfoodmachine.com\/wp-content\/uploads\/2025\/02\/bone-saw-cutting-machine.webp\" alt=\"m\u00e1quina de corte de ossos\" class=\"wp-image-1811\" srcset=\"https:\/\/topfoodmachine.com\/wp-content\/uploads\/2025\/02\/bone-saw-cutting-machine.webp 720w, https:\/\/topfoodmachine.com\/wp-content\/uploads\/2025\/02\/bone-saw-cutting-machine-300x225.webp 300w, https:\/\/topfoodmachine.com\/wp-content\/uploads\/2025\/02\/bone-saw-cutting-machine-16x12.webp 16w\" sizes=\"auto, (max-width: 720px) 100vw, 720px\" \/><figcaption class=\"wp-element-caption\">m\u00e1quina de corte de ossos<\/figcaption><\/figure> <\/figure>    <h2 class=\"wp-block-heading\">Par\u00e2metros da m\u00e1quina de corte de ossos<\/h2>    <figure class=\"wp-block-table\"><table class=\"has-fixed-layout\"><tbody><tr><td>Modelo<\/td><td>TJ-420<\/td><\/tr><tr><td>\u00c1rea de Trabalho (mm\u00b2)<\/td><td>L680mm x W770mm<\/td><\/tr><tr><td>Altura de Corte (mm)<\/td><td>150mm<\/td><\/tr><tr><td>Largura de Corte (mm)<\/td><td>1mm~200mm<\/td><\/tr><tr><td>Altura da M\u00e1quina (mm)<\/td><td>1780mm<\/td><\/tr><tr><td>Dimens\u00f5es da M\u00e1quina (mm\u00b3)<\/td><td>L2000mm x W1990mm x H1780mm<\/td><\/tr><tr><td>Altura de Trabalho (mm)<\/td><td>960mm<\/td><\/tr><tr><td>Comprimento da L\u00e2mina (mm)<\/td><td>3150mm<\/td><\/tr><tr><td>Espessura da L\u00e2mina (mm)<\/td><td>16mm<\/td><\/tr><tr><td>Velocidade<\/td><td>38m\/sec, 50\/60Hz<\/td><\/tr><tr><td>Poder<\/td><td>4.2KW<\/td><\/tr><tr><td>Tens\u00e3o<\/td><td>220~600V<\/td><\/tr><tr><td>Peso da M\u00e1quina (kg)<\/td><td>1000kg<\/td><\/tr><\/tbody><\/table><figcaption class=\"wp-element-caption\">par\u00e2metros da cortadora de ossos<\/figcaption><\/figure>    <h2 class=\"wp-block-heading\">Conclus\u00e3o<\/h2>    <figure class=\"wp-block-gallery has-nested-images columns-default is-cropped wp-block-gallery-3 is-layout-flex wp-block-gallery-is-layout-flex\"> <figure class=\"wp-block-image size-large\"><img loading=\"lazy\" decoding=\"async\" width=\"720\" height=\"540\" data-id=\"1812\" src=\"https:\/\/topfoodmachine.com\/wp-content\/uploads\/2025\/02\/meat-cutting-machine.webp\" alt=\"m\u00e1quina de corte de carne\" class=\"wp-image-1812\" srcset=\"https:\/\/topfoodmachine.com\/wp-content\/uploads\/2025\/02\/meat-cutting-machine.webp 720w, https:\/\/topfoodmachine.com\/wp-content\/uploads\/2025\/02\/meat-cutting-machine-300x225.webp 300w, https:\/\/topfoodmachine.com\/wp-content\/uploads\/2025\/02\/meat-cutting-machine-16x12.webp 16w\" sizes=\"auto, (max-width: 720px) 100vw, 720px\" \/><figcaption class=\"wp-element-caption\">m\u00e1quina de corte de carne<\/figcaption><\/figure>    <figure class=\"wp-block-image size-large\"><img loading=\"lazy\" decoding=\"async\" width=\"720\" height=\"540\" data-id=\"1813\" src=\"https:\/\/topfoodmachine.com\/wp-content\/uploads\/2025\/02\/raw-materials-of-Bone-cutting-machine.webp\" alt=\"mat\u00e9rias-primas da m\u00e1quina de corte de ossos\" class=\"wp-image-1813\" srcset=\"https:\/\/topfoodmachine.com\/wp-content\/uploads\/2025\/02\/raw-materials-of-Bone-cutting-machine.webp 720w, https:\/\/topfoodmachine.com\/wp-content\/uploads\/2025\/02\/raw-materials-of-Bone-cutting-machine-300x225.webp 300w, https:\/\/topfoodmachine.com\/wp-content\/uploads\/2025\/02\/raw-materials-of-Bone-cutting-machine-16x12.webp 16w\" sizes=\"auto, (max-width: 720px) 100vw, 720px\" \/><figcaption class=\"wp-element-caption\">mat\u00e9rias-primas da m\u00e1quina de corte de ossos<\/figcaption><\/figure> <\/figure>    <p>Entendemos que cada neg\u00f3cio tem requisitos \u00fanicos, por isso oferecemos uma gama de op\u00e7\u00f5es de personaliza\u00e7\u00e3o para garantir que nossa M\u00e1quina de Corte de Ossos se encaixe perfeitamente em seu fluxo de trabalho. Nosso compromisso com a qualidade e inova\u00e7\u00e3o garante que voc\u00ea receba um produto que n\u00e3o apenas atende \u00e0s suas necessidades hoje, mas tamb\u00e9m resiste ao teste do tempo.<\/p>    <p class=\"translation-block\">Al\u00e9m da nossa M\u00e1quina de Corte de Ossos, tamb\u00e9m oferecemos uma gama abrangente de outros <a href=\"https:\/\/topfoodmachine.com\/pt\/products\/egg-meat-processing-machine\/\">equipamentos de processamento de carne<\/a>. Nossa linha diversificada de produtos \u00e9 projetada para apoiar todos os aspectos das suas opera\u00e7\u00f5es de processamento de carne, ajudando voc\u00ea a alcan\u00e7ar maior efici\u00eancia e produtividade.<\/p>    <p>Convidamos voc\u00ea a explorar as possibilidades e descobrir como nossa M\u00e1quina de Corte de Ossos pode transformar seu neg\u00f3cio. Entre em contato conosco hoje para um or\u00e7amento personalizado e experimente a diferen\u00e7a que uma maquinaria de alta qualidade e confi\u00e1vel pode fazer.<\/p>","protected":false},"excerpt":{"rendered":"<p>A M\u00e1quina de Corte de Ossos pode processar eficientemente v\u00e1rios tipos de carne e ossos. \u00c9 amplamente utilizada em instala\u00e7\u00f5es de processamento de alimentos, matadouros, a\u00e7ougues e supermercados. <\/p>","protected":false},"author":1,"featured_media":1805,"parent":0,"template":"","tags":[108],"product-type":[7],"class_list":["post-1802","product","type-product","status-publish","has-post-thumbnail","hentry","tag-bone-cutting-machine","product-type-egg-meat-processing-machine"],"_links":{"self":[{"href":"https:\/\/topfoodmachine.com\/pt\/wp-json\/wp\/v2\/product\/1802","targetHints":{"allow":["GET"]}}],"collection":[{"href":"https:\/\/topfoodmachine.com\/pt\/wp-json\/wp\/v2\/product"}],"about":[{"href":"https:\/\/topfoodmachine.com\/pt\/wp-json\/wp\/v2\/types\/product"}],"author":[{"embeddable":true,"href":"https:\/\/topfoodmachine.com\/pt\/wp-json\/wp\/v2\/users\/1"}],"wp:featuredmedia":[{"embeddable":true,"href":"https:\/\/topfoodmachine.com\/pt\/wp-json\/wp\/v2\/media\/1805"}],"wp:attachment":[{"href":"https:\/\/topfoodmachine.com\/pt\/wp-json\/wp\/v2\/media?parent=1802"}],"wp:term":[{"taxonomy":"post_tag","embeddable":true,"href":"https:\/\/topfoodmachine.com\/pt\/wp-json\/wp\/v2\/tags?post=1802"},{"taxonomy":"product-type","embeddable":true,"href":"https:\/\/topfoodmachine.com\/pt\/wp-json\/wp\/v2\/product-type?post=1802"}],"curies":[{"name":"wp","href":"https:\/\/api.w.org\/{rel}","templated":true}]}}