{"id":1792,"date":"2025-02-17T15:09:53","date_gmt":"2025-02-17T07:09:53","guid":{"rendered":"https:\/\/topfoodmachine.com\/?post_type=product&#038;p=1792"},"modified":"2025-02-17T16:32:54","modified_gmt":"2025-02-17T08:32:54","slug":"pelmeni-making-machine","status":"publish","type":"product","link":"https:\/\/topfoodmachine.com\/pt\/product\/pelmeni-making-machine\/","title":{"rendered":"m\u00e1quina de fazer pelmeni"},"content":{"rendered":"<div class=\"kk-star-ratings kksr-auto kksr-align-left kksr-valign-top\"     data-payload='{&quot;align&quot;:&quot;left&quot;,&quot;id&quot;:&quot;1792&quot;,&quot;slug&quot;:&quot;default&quot;,&quot;valign&quot;:&quot;top&quot;,&quot;ignore&quot;:&quot;&quot;,&quot;reference&quot;:&quot;auto&quot;,&quot;class&quot;:&quot;&quot;,&quot;count&quot;:&quot;29&quot;,&quot;legendonly&quot;:&quot;&quot;,&quot;readonly&quot;:&quot;&quot;,&quot;score&quot;:&quot;4.6&quot;,&quot;starsonly&quot;:&quot;&quot;,&quot;best&quot;:&quot;5&quot;,&quot;gap&quot;:&quot;5&quot;,&quot;greet&quot;:&quot;Rate this product&quot;,&quot;legend&quot;:&quot;4.6\\\/5 - (29 votes)&quot;,&quot;size&quot;:&quot;24&quot;,&quot;title&quot;:&quot;Pelmeni making machine&quot;,&quot;width&quot;:&quot;130.9&quot;,&quot;_legend&quot;:&quot;{score}\\\/{best} - ({count} {votes})&quot;,&quot;font_factor&quot;:&quot;1.25&quot;}'>              <div class=\"kksr-stars\">      <div class=\"kksr-stars-inactive\">             <div class=\"kksr-star\" data-star=\"1\" style=\"padding-right: 5px\">               <div class=\"kksr-icon\" style=\"width: 24px; height: 24px;\"><\/div>         <\/div>             <div class=\"kksr-star\" data-star=\"2\" style=\"padding-right: 5px\">               <div class=\"kksr-icon\" style=\"width: 24px; height: 24px;\"><\/div>         <\/div>             <div class=\"kksr-star\" data-star=\"3\" style=\"padding-right: 5px\">               <div class=\"kksr-icon\" style=\"width: 24px; height: 24px;\"><\/div>         <\/div>             <div class=\"kksr-star\" data-star=\"4\" style=\"padding-right: 5px\">               <div class=\"kksr-icon\" style=\"width: 24px; height: 24px;\"><\/div>         <\/div>             <div class=\"kksr-star\" data-star=\"5\" style=\"padding-right: 5px\">               <div class=\"kksr-icon\" style=\"width: 24px; height: 24px;\"><\/div>         <\/div>     <\/div>      <div class=\"kksr-stars-active\" style=\"width: 130.9px;\">             <div class=\"kksr-star\" style=\"padding-right: 5px\">               <div class=\"kksr-icon\" style=\"width: 24px; height: 24px;\"><\/div>         <\/div>             <div class=\"kksr-star\" style=\"padding-right: 5px\">               <div class=\"kksr-icon\" style=\"width: 24px; height: 24px;\"><\/div>         <\/div>             <div class=\"kksr-star\" style=\"padding-right: 5px\">               <div class=\"kksr-icon\" style=\"width: 24px; height: 24px;\"><\/div>         <\/div>             <div class=\"kksr-star\" style=\"padding-right: 5px\">               <div class=\"kksr-icon\" style=\"width: 24px; height: 24px;\"><\/div>         <\/div>             <div class=\"kksr-star\" style=\"padding-right: 5px\">               <div class=\"kksr-icon\" style=\"width: 24px; height: 24px;\"><\/div>         <\/div>     <\/div> <\/div>                   <div class=\"kksr-legend\" style=\"font-size: 19.2px;\">             4,6\/5 - (29 votos)    <\/div>     <\/div>  <p>A m\u00e1quina de fazer pelmeni tem produ\u00e7\u00e3o de alta efici\u00eancia com capacidade de 2500-3000 pe\u00e7as por hora. Capaz de produzir 1, 2 ou 3 pe\u00e7as de cada vez, garante versatilidade para atender a v\u00e1rias necessidades de produ\u00e7\u00e3o. A m\u00e1quina apresenta uma espessura de massa t\u00e3o fina quanto 0,6mm, proporcionando precis\u00e3o e qualidade para cada bolinho. <\/p>    <p>Al\u00e9m disso, oferece oito op\u00e7\u00f5es de formas distintas, incluindo padr\u00f5es poligonais, bordas de renda e espirais, proporcionando personaliza\u00e7\u00e3o \u00fanica para sua linha de produtos. Embora mudan\u00e7as de molde n\u00e3o sejam suportadas, esta m\u00e1quina se destaca como uma excelente escolha para produ\u00e7\u00e3o eficiente e consistente de pelmeni.<\/p>    <h2 class=\"wp-block-heading\">Apelo global da m\u00e1quina de pelmeni<\/h2>    <p>A m\u00e1quina de fazer pelmeni ganhou popularidade mundial, especialmente em regi\u00f5es onde bolinhos e produtos semelhantes s\u00e3o parte integrante da tradi\u00e7\u00e3o culin\u00e1ria. Alguns dos principais pa\u00edses onde a m\u00e1quina \u00e9 muito procurada incluem:<\/p>    <div class=\"wp-block-media-text is-stacked-on-mobile\"><figure class=\"wp-block-media-text__media\"><img loading=\"lazy\" decoding=\"async\" width=\"720\" height=\"540\" src=\"https:\/\/topfoodmachine.com\/wp-content\/uploads\/2025\/02\/Dumpling-machine.webp\" alt=\"m\u00e1quina de bolinhos\" class=\"wp-image-1797 size-full\" srcset=\"https:\/\/topfoodmachine.com\/wp-content\/uploads\/2025\/02\/Dumpling-machine.webp 720w, https:\/\/topfoodmachine.com\/wp-content\/uploads\/2025\/02\/Dumpling-machine-300x225.webp 300w, https:\/\/topfoodmachine.com\/wp-content\/uploads\/2025\/02\/Dumpling-machine-16x12.webp 16w\" sizes=\"auto, (max-width: 720px) 100vw, 720px\" \/><\/figure><div class=\"wp-block-media-text__content\"> <ul class=\"wp-block-list\"> <li>R\u00fassia, Ucr\u00e2nia e Cazaquist\u00e3o. Esses pa\u00edses s\u00e3o conhecidos por seu amor por pelmeni, tornando a m\u00e1quina altamente popular nessas regi\u00f5es.<\/li>    <li>Pa\u00edses da Europa Oriental e \u00c1sia Central. A versatilidade e efici\u00eancia da m\u00e1quina a tornam uma op\u00e7\u00e3o atraente para produtores nessas \u00e1reas.<\/li>    <li>Am\u00e9rica do Norte e Europa Ocidental. \u00c0 medida que a demanda por alimentos \u00e9tnicos aumenta, a m\u00e1quina de fazer pelmeni est\u00e1 se tornando uma escolha preferida para empresas que buscam otimizar sua produ\u00e7\u00e3o de bolinhos de alta qualidade.<\/li> <\/ul> <\/div><\/div>    <p>Com a sua capacidade de produzir v\u00e1rias formas e recheios, juntamente com a sua efici\u00eancia automatizada, esta m\u00e1quina \u00e9 perfeita tanto para grandes empresas comerciais quanto para pequenos produtores que buscam consist\u00eancia e alta qualidade.<\/p>    <h2 class=\"wp-block-heading\">vantagens da m\u00e1quina de fazer pelmeni<\/h2>    <div class=\"wp-block-media-text has-media-on-the-right is-stacked-on-mobile\"><div class=\"wp-block-media-text__content\"> <ul class=\"wp-block-list\"> <li>Alta versatilidade. Capaz de produzir uma ampla variedade de formas e recheios, adequada para bolinhos, shumai, wontons e mais.<\/li>    <li>Design amig\u00e1vel. Projetada com facilidade de uso em mente, apresentando alta automa\u00e7\u00e3o para opera\u00e7\u00e3o est\u00e1vel e resultados precisos.<\/li>    <li>Controle de por\u00e7\u00f5es preciso. Garante recheio uniforme e espessura de massa precisa com controle independente da massa e do recheio, cada um alimentado por motores de frequ\u00eancia separados.<\/li> <\/ul> <\/div><figure class=\"wp-block-media-text__media\"><img loading=\"lazy\" decoding=\"async\" width=\"720\" height=\"540\" src=\"https:\/\/topfoodmachine.com\/wp-content\/uploads\/2025\/02\/final-product-of-Pelmeni-making-machine.webp\" alt=\"produto final da m\u00e1quina de fazer Pelmeni\" class=\"wp-image-1794 size-full\" srcset=\"https:\/\/topfoodmachine.com\/wp-content\/uploads\/2025\/02\/final-product-of-Pelmeni-making-machine.webp 720w, https:\/\/topfoodmachine.com\/wp-content\/uploads\/2025\/02\/final-product-of-Pelmeni-making-machine-300x225.webp 300w, https:\/\/topfoodmachine.com\/wp-content\/uploads\/2025\/02\/final-product-of-Pelmeni-making-machine-16x12.webp 16w\" sizes=\"auto, (max-width: 720px) 100vw, 720px\" \/><\/figure><\/div>    <div class=\"wp-block-media-text is-stacked-on-mobile\"><figure class=\"wp-block-media-text__media\"><img loading=\"lazy\" decoding=\"async\" width=\"720\" height=\"540\" src=\"https:\/\/topfoodmachine.com\/wp-content\/uploads\/2025\/02\/Pelmeni-making-machine-applications.webp\" alt=\"aplica\u00e7\u00f5es da m\u00e1quina de fazer Pelmeni\" class=\"wp-image-1795 size-full\" srcset=\"https:\/\/topfoodmachine.com\/wp-content\/uploads\/2025\/02\/Pelmeni-making-machine-applications.webp 720w, https:\/\/topfoodmachine.com\/wp-content\/uploads\/2025\/02\/Pelmeni-making-machine-applications-300x225.webp 300w, https:\/\/topfoodmachine.com\/wp-content\/uploads\/2025\/02\/Pelmeni-making-machine-applications-16x12.webp 16w\" sizes=\"auto, (max-width: 720px) 100vw, 720px\" \/><\/figure><div class=\"wp-block-media-text__content\"> <ul class=\"wp-block-list\"> <li>Ajustes convenientes. Permite ajustes f\u00e1ceis de velocidade, espessura da massa e peso do recheio, garantindo consist\u00eancia e precis\u00e3o na produ\u00e7\u00e3o.<\/li>    <li>Limpeza e manuten\u00e7\u00e3o f\u00e1ceis. Componentes chave como o transportador de massa e as partes de recheio s\u00e3o facilmente destac\u00e1veis para limpeza sem esfor\u00e7o, com reassemblagem confi\u00e1vel.<\/li>    <li>Constru\u00e7\u00e3o higi\u00eanica. Constru\u00edda com a\u00e7o inoxid\u00e1vel de alta qualidade, atendendo aos padr\u00f5es de higiene para produ\u00e7\u00e3o de alimentos.<\/li> <\/ul> <\/div><\/div>    <h2 class=\"wp-block-heading\">moldes da m\u00e1quina de pelmeni<\/h2>    <p>A m\u00e1quina de fazer Pelmeni est\u00e1 equipada com oito op\u00e7\u00f5es de moldes diferentes, cada uma projetada para criar formas \u00fanicas de bolinhos para atender a v\u00e1rias prefer\u00eancias. <\/p>    <p>Esses moldes oferecem uma variedade de designs, proporcionando versatilidade na produ\u00e7\u00e3o. No entanto, uma vez que um molde \u00e9 selecionado, ele n\u00e3o pode ser alterado, garantindo consist\u00eancia na forma e tamanho dos bolinhos produzidos. <\/p>    <p>Esse recurso torna a m\u00e1quina ideal para empresas que desejam manter a uniformidade em sua linha de produtos, enquanto ainda oferecem uma variedade de estilos de bolinhos. Cada molde \u00e9 cuidadosamente elaborado para precis\u00e3o, garantindo resultados de alta qualidade a cada lote.<\/p>    <figure class=\"wp-block-image size-full\"><img loading=\"lazy\" decoding=\"async\" width=\"720\" height=\"540\" src=\"https:\/\/topfoodmachine.com\/wp-content\/uploads\/2025\/02\/Pelmeni-making-machine-molds.webp\" alt=\"Moldes da m\u00e1quina de fazer Pelmeni\" class=\"wp-image-1799\" srcset=\"https:\/\/topfoodmachine.com\/wp-content\/uploads\/2025\/02\/Pelmeni-making-machine-molds.webp 720w, https:\/\/topfoodmachine.com\/wp-content\/uploads\/2025\/02\/Pelmeni-making-machine-molds-300x225.webp 300w, https:\/\/topfoodmachine.com\/wp-content\/uploads\/2025\/02\/Pelmeni-making-machine-molds-16x12.webp 16w\" sizes=\"auto, (max-width: 720px) 100vw, 720px\" \/><figcaption class=\"wp-element-caption\">Moldes da m\u00e1quina de fazer Pelmeni<\/figcaption><\/figure>    <h2 class=\"wp-block-heading\">Como funciona a m\u00e1quina de fazer pelmeni?<\/h2>    <p class=\"translation-block\">A <a href=\"https:\/\/en.wikipedia.org\/wiki\/Pelmeni\" data-type=\"link\" data-id=\"https:\/\/en.wikipedia.org\/wiki\/Pelmeni\" target=\"_blank\" rel=\"noopener\">m\u00e1quina de fazer Pelmeni<\/a> opera atrav\u00e9s de um processo simplificado que garante a produ\u00e7\u00e3o eficiente e consistente de bolinhos. Aqui est\u00e1 como funciona:<\/p>    <div class=\"wp-block-media-text has-media-on-the-right is-stacked-on-mobile\"><div class=\"wp-block-media-text__content\"> <ul class=\"wp-block-list\"> <li>Prepara\u00e7\u00e3o da massa. A massa \u00e9 primeiro alimentada na <strong>m\u00e1quina de esticar massa<\/strong>, onde \u00e9 pressionada em folhas finas usando controle preciso para garantir a espessura perfeita para as cascas dos bolinhos.<\/li>    <li>Recheio. Ap\u00f3s a massa ser preparada, a m\u00e1quina coloca automaticamente o recheio em cada wrapper, garantindo porcionamento uniforme e distribui\u00e7\u00e3o igual.<\/li>    <li>Modelagem. A m\u00e1quina ent\u00e3o dobra a massa em torno do recheio, formando os bolinhos em sua forma desejada, seja pelmeni tradicional ou outras varia\u00e7\u00f5es.<\/li>    <li>Sa\u00edda. Finalmente, os bolinhos formados s\u00e3o ejetados da m\u00e1quina, prontos para embalagem ou cozimento.<\/li> <\/ul> <\/div><figure class=\"wp-block-media-text__media\"><img loading=\"lazy\" decoding=\"async\" width=\"720\" height=\"540\" src=\"https:\/\/topfoodmachine.com\/wp-content\/uploads\/2025\/02\/Dumpling-maker.webp\" alt=\"m\u00e1quina de fazer bolinhos\" class=\"wp-image-1798 size-full\" srcset=\"https:\/\/topfoodmachine.com\/wp-content\/uploads\/2025\/02\/Dumpling-maker.webp 720w, https:\/\/topfoodmachine.com\/wp-content\/uploads\/2025\/02\/Dumpling-maker-300x225.webp 300w, https:\/\/topfoodmachine.com\/wp-content\/uploads\/2025\/02\/Dumpling-maker-16x12.webp 16w\" sizes=\"auto, (max-width: 720px) 100vw, 720px\" \/><\/figure><\/div>    <p>Esse processo automatizado ajuda a aumentar a velocidade de produ\u00e7\u00e3o enquanto mant\u00e9m altos padr\u00f5es de qualidade para cada bolinho.<\/p>    <h2 class=\"wp-block-heading\">par\u00e2metros da m\u00e1quina de bolinhos<\/h2>    <figure class=\"wp-block-table\"><table class=\"has-fixed-layout\"><tbody><tr><td>Modelo<\/td><td>ST-780<\/td><\/tr><tr><td>Tamanho<\/td><td>2900*1700*1800mm<\/td><\/tr><tr><td>Peso do produto<\/td><td>15-80g<\/td><\/tr><tr><td>Peso da m\u00e1quina<\/td><td>1100kg<\/td><\/tr><tr><td>Capacidade<\/td><td>2500-3000 pcs\/h<\/td><\/tr><tr><td>Poder<\/td><td>3.6kw, 50\/60hz<\/td><\/tr><\/tbody><\/table><figcaption class=\"wp-element-caption\">Par\u00e2metros da m\u00e1quina de fazer Pelmeni<\/figcaption><\/figure>    <figure class=\"wp-block-image size-full\"><img loading=\"lazy\" decoding=\"async\" width=\"720\" height=\"540\" src=\"https:\/\/topfoodmachine.com\/wp-content\/uploads\/2025\/02\/1737613350037.webp\" alt=\"m\u00e1quina de bolinhos\" class=\"wp-image-1796\" srcset=\"https:\/\/topfoodmachine.com\/wp-content\/uploads\/2025\/02\/1737613350037.webp 720w, https:\/\/topfoodmachine.com\/wp-content\/uploads\/2025\/02\/1737613350037-300x225.webp 300w, https:\/\/topfoodmachine.com\/wp-content\/uploads\/2025\/02\/1737613350037-16x12.webp 16w\" sizes=\"auto, (max-width: 720px) 100vw, 720px\" \/><figcaption class=\"wp-element-caption\">m\u00e1quina de bolinhos<\/figcaption><\/figure>    <h2 class=\"wp-block-heading\">Quais m\u00e1quinas podem trabalhar com a m\u00e1quina de bolinhos?<\/h2>    <p>Para aumentar a efici\u00eancia e otimizar o processo de produ\u00e7\u00e3o, a m\u00e1quina de fazer Pelmeni pode ser emparelhada com equipamentos adicionais que complementam sua funcionalidade. Algumas das m\u00e1quinas que funcionam perfeitamente com a m\u00e1quina de bolinhos incluem:<\/p>    <ul class=\"wp-block-list\"> <li><strong>M\u00e1quina de laminar massa<\/strong>. Esta m\u00e1quina ajuda a pressionar a massa em folhas finas e uniformes antes de serem moldadas em cascas de bolinhos. Ao alimentar a massa na laminadora, garante espessura e forma consistentes, o que \u00e9 ideal para recheios precisos.<\/li>    <li><strong>M\u00e1quina de montagem<\/strong>. Ap\u00f3s os bolinhos serem feitos, uma m\u00e1quina de montagem organiza automaticamente os bolinhos em bandejas para f\u00e1cil embalagem ou cozimento. Esta m\u00e1quina reduz o trabalho manual e acelera o processo, garantindo um fluxo de trabalho eficiente.<\/li> <\/ul>    <figure class=\"wp-block-image size-full\"><img loading=\"lazy\" decoding=\"async\" width=\"720\" height=\"540\" src=\"https:\/\/topfoodmachine.com\/wp-content\/uploads\/2025\/02\/dumplings.webp\" alt=\"bolinhos\" class=\"wp-image-1800\" srcset=\"https:\/\/topfoodmachine.com\/wp-content\/uploads\/2025\/02\/dumplings.webp 720w, https:\/\/topfoodmachine.com\/wp-content\/uploads\/2025\/02\/dumplings-300x225.webp 300w, https:\/\/topfoodmachine.com\/wp-content\/uploads\/2025\/02\/dumplings-16x12.webp 16w\" sizes=\"auto, (max-width: 720px) 100vw, 720px\" \/><figcaption class=\"wp-element-caption\">bolinhos<\/figcaption><\/figure>    <p>Juntas, essas m\u00e1quinas otimizam a linha de produ\u00e7\u00e3o, tornando todo o processo\u2014desde a prepara\u00e7\u00e3o da massa at\u00e9 a apresenta\u00e7\u00e3o final\u2014muito mais suave e automatizado.<\/p>    <h2 class=\"wp-block-heading\">Conclus\u00e3o<\/h2>    <p class=\"translation-block\">Al\u00e9m da m\u00e1quina de fazer pelmeni, nossa empresa tamb\u00e9m oferece uma gama de outros equipamentos especializados, incluindo a <a href=\"https:\/\/topfoodmachine.com\/pt\/product\/automatic-dumpling-making-machine\/\" data-type=\"link\" data-id=\"https:\/\/topfoodmachine.com\/product\/automatic-dumpling-making-machine\/\">m\u00e1quina de bolinhos de sopa<\/a> e <a href=\"https:\/\/topfoodmachine.com\/pt\/product\/siomai-making-machine\/\" data-type=\"link\" data-id=\"https:\/\/topfoodmachine.com\/product\/siomai-making-machine\/\">m\u00e1quina de Shumai<\/a>. Essas m\u00e1quinas s\u00e3o projetadas para atender \u00e0s diversas necessidades dos produtores de alimentos, garantindo produ\u00e7\u00e3o de alta qualidade e efici\u00eancia. <\/p>    <p>Sinta-se \u00e0 vontade para entrar em contato conosco para mais informa\u00e7\u00f5es ou para perguntar sobre pre\u00e7os de qualquer uma de nossas m\u00e1quinas. Estamos ansiosos para ajud\u00e1-lo a melhorar suas capacidades de produ\u00e7\u00e3o!<\/p>","protected":false},"excerpt":{"rendered":"<p>A m\u00e1quina de fazer pelmeni tem produ\u00e7\u00e3o de alta efici\u00eancia com capacidade de 2500-3000 pe\u00e7as por hora. Capaz de produzir 1, 2 ou 3 pe\u00e7as de cada vez, garante versatilidade para atender a v\u00e1rias necessidades de produ\u00e7\u00e3o. <\/p>","protected":false},"author":1,"featured_media":1793,"parent":0,"template":"","tags":[107],"product-type":[6],"class_list":["post-1792","product","type-product","status-publish","has-post-thumbnail","hentry","tag-pelmeni-making-machine","product-type-pastry-production-machine"],"_links":{"self":[{"href":"https:\/\/topfoodmachine.com\/pt\/wp-json\/wp\/v2\/product\/1792","targetHints":{"allow":["GET"]}}],"collection":[{"href":"https:\/\/topfoodmachine.com\/pt\/wp-json\/wp\/v2\/product"}],"about":[{"href":"https:\/\/topfoodmachine.com\/pt\/wp-json\/wp\/v2\/types\/product"}],"author":[{"embeddable":true,"href":"https:\/\/topfoodmachine.com\/pt\/wp-json\/wp\/v2\/users\/1"}],"wp:featuredmedia":[{"embeddable":true,"href":"https:\/\/topfoodmachine.com\/pt\/wp-json\/wp\/v2\/media\/1793"}],"wp:attachment":[{"href":"https:\/\/topfoodmachine.com\/pt\/wp-json\/wp\/v2\/media?parent=1792"}],"wp:term":[{"taxonomy":"post_tag","embeddable":true,"href":"https:\/\/topfoodmachine.com\/pt\/wp-json\/wp\/v2\/tags?post=1792"},{"taxonomy":"product-type","embeddable":true,"href":"https:\/\/topfoodmachine.com\/pt\/wp-json\/wp\/v2\/product-type?post=1792"}],"curies":[{"name":"wp","href":"https:\/\/api.w.org\/{rel}","templated":true}]}}