{"id":1784,"date":"2025-02-14T16:15:25","date_gmt":"2025-02-14T08:15:25","guid":{"rendered":"https:\/\/topfoodmachine.com\/?post_type=product&#038;p=1784"},"modified":"2025-02-14T16:17:05","modified_gmt":"2025-02-14T08:17:05","slug":"dough-sheeter-machine","status":"publish","type":"product","link":"https:\/\/topfoodmachine.com\/pt\/product\/dough-sheeter-machine\/","title":{"rendered":"m\u00e1quina de esticar massa"},"content":{"rendered":"<div class=\"kk-star-ratings kksr-auto kksr-align-left kksr-valign-top\"     data-payload='{&quot;align&quot;:&quot;left&quot;,&quot;id&quot;:&quot;1784&quot;,&quot;slug&quot;:&quot;default&quot;,&quot;valign&quot;:&quot;top&quot;,&quot;ignore&quot;:&quot;&quot;,&quot;reference&quot;:&quot;auto&quot;,&quot;class&quot;:&quot;&quot;,&quot;count&quot;:&quot;20&quot;,&quot;legendonly&quot;:&quot;&quot;,&quot;readonly&quot;:&quot;&quot;,&quot;score&quot;:&quot;4.6&quot;,&quot;starsonly&quot;:&quot;&quot;,&quot;best&quot;:&quot;5&quot;,&quot;gap&quot;:&quot;5&quot;,&quot;greet&quot;:&quot;Rate this product&quot;,&quot;legend&quot;:&quot;4.6\\\/5 - (20 votes)&quot;,&quot;size&quot;:&quot;24&quot;,&quot;title&quot;:&quot;Dough sheeter machine&quot;,&quot;width&quot;:&quot;130.9&quot;,&quot;_legend&quot;:&quot;{score}\\\/{best} - ({count} {votes})&quot;,&quot;font_factor&quot;:&quot;1.25&quot;}'>              <div class=\"kksr-stars\">      <div class=\"kksr-stars-inactive\">             <div class=\"kksr-star\" data-star=\"1\" style=\"padding-right: 5px\">               <div class=\"kksr-icon\" style=\"width: 24px; height: 24px;\"><\/div>         <\/div>             <div class=\"kksr-star\" data-star=\"2\" style=\"padding-right: 5px\">               <div class=\"kksr-icon\" style=\"width: 24px; height: 24px;\"><\/div>         <\/div>             <div class=\"kksr-star\" data-star=\"3\" style=\"padding-right: 5px\">               <div class=\"kksr-icon\" style=\"width: 24px; height: 24px;\"><\/div>         <\/div>             <div class=\"kksr-star\" data-star=\"4\" style=\"padding-right: 5px\">               <div class=\"kksr-icon\" style=\"width: 24px; height: 24px;\"><\/div>         <\/div>             <div class=\"kksr-star\" data-star=\"5\" style=\"padding-right: 5px\">               <div class=\"kksr-icon\" style=\"width: 24px; height: 24px;\"><\/div>         <\/div>     <\/div>      <div class=\"kksr-stars-active\" style=\"width: 130.9px;\">             <div class=\"kksr-star\" style=\"padding-right: 5px\">               <div class=\"kksr-icon\" style=\"width: 24px; height: 24px;\"><\/div>         <\/div>             <div class=\"kksr-star\" style=\"padding-right: 5px\">               <div class=\"kksr-icon\" style=\"width: 24px; height: 24px;\"><\/div>         <\/div>             <div class=\"kksr-star\" style=\"padding-right: 5px\">               <div class=\"kksr-icon\" style=\"width: 24px; height: 24px;\"><\/div>         <\/div>             <div class=\"kksr-star\" style=\"padding-right: 5px\">               <div class=\"kksr-icon\" style=\"width: 24px; height: 24px;\"><\/div>         <\/div>             <div class=\"kksr-star\" style=\"padding-right: 5px\">               <div class=\"kksr-icon\" style=\"width: 24px; height: 24px;\"><\/div>         <\/div>     <\/div> <\/div>                   <div class=\"kksr-legend\" style=\"font-size: 19.2px;\">             4,6\/5 - (20 votos)    <\/div>     <\/div>  <p>A m\u00e1quina de esticar massa pode facilmente esticar massa para peles de baozi, wrappers de bolinhos e peles de wonton. Suporta um tamanho m\u00e1ximo de estiramento de 17 cm e oferece tamanhos personaliz\u00e1veis para atender a v\u00e1rias necessidades de produ\u00e7\u00e3o.<\/p>    <p>Com uma produ\u00e7\u00e3o impressionante de 3000-4000 pe\u00e7as por hora, garante alta efici\u00eancia. A m\u00e1quina cria massa com um centro mais grosso e bordas mais finas, proporcionando a textura perfeita para baozi, bolinhos e wrappers de wonton. <\/p>    <figure class=\"wp-block-embed is-type-video is-provider-youtube wp-block-embed-youtube wp-embed-aspect-16-9 wp-has-aspect-ratio\"><div class=\"wp-block-embed__wrapper\"> <iframe loading=\"lazy\" title=\"Como a M\u00e1quina de Rolagem de Massa Funciona | Processamento de Massa F\u00e1cil e Eficiente #massa #rolador #m\u00e1quinaalimentar\" width=\"500\" height=\"281\" src=\"https:\/\/www.youtube.com\/embed\/TiL7Dr69mjg?feature=oembed\" frameborder=\"0\" allow=\"accelerometer; autoplay; clipboard-write; encrypted-media; gyroscope; picture-in-picture; web-share\" referrerpolicy=\"strict-origin-when-cross-origin\" allowfullscreen><\/iframe> <\/div><figcaption class=\"wp-element-caption\">V\u00eddeo de trabalho da m\u00e1quina de laminar massa<\/figcaption><\/figure>    <h2 class=\"wp-block-heading\">m\u00e1quina de esticar massa \u00e0 venda<\/h2>    <p>A M\u00e1quina de Laminar Massa, com um di\u00e2metro m\u00e1ximo de lamina\u00e7\u00e3o de 17 cm, \u00e9 capaz de processar massas de diferentes espessuras e tamanhos. Ela tamb\u00e9m oferece a flexibilidade de adicionar ghee, tornando-a perfeita para criar crostas folhadas e amanteigadas.<\/p>    <p>O design da m\u00e1quina oferece excelente flexibilidade com diferentes op\u00e7\u00f5es de moldes para alcan\u00e7ar um centro grosso e bordas finas ou uma massa perfeitamente plana.<\/p>    <h3 class=\"wp-block-heading\"><strong>Caracter\u00edsticas principais<\/strong><\/h3>    <div class=\"wp-block-media-text is-stacked-on-mobile\"><figure class=\"wp-block-media-text__media\"><img loading=\"lazy\" decoding=\"async\" width=\"720\" height=\"540\" src=\"https:\/\/topfoodmachine.com\/wp-content\/uploads\/2025\/02\/dough-roller.webp\" alt=\"rolador de massa\" class=\"wp-image-1787 size-full\" srcset=\"https:\/\/topfoodmachine.com\/wp-content\/uploads\/2025\/02\/dough-roller.webp 720w, https:\/\/topfoodmachine.com\/wp-content\/uploads\/2025\/02\/dough-roller-300x225.webp 300w, https:\/\/topfoodmachine.com\/wp-content\/uploads\/2025\/02\/dough-roller-16x12.webp 16w\" sizes=\"auto, (max-width: 720px) 100vw, 720px\" \/><\/figure><div class=\"wp-block-media-text__content\"> <ul class=\"wp-block-list\"> <li><strong>Di\u00e2metro m\u00e1ximo<\/strong>. 17 cm (com faixa de di\u00e2metro de 50-170 mm), principalmente dependente da largura da correia transportadora.<\/li>    <li><strong>Capacidade de produ\u00e7\u00e3o.<\/strong> 3000-4000 pe\u00e7as por hora, ou 40-60 pe\u00e7as por minuto, garantindo alta efici\u00eancia para produ\u00e7\u00e3o em larga escala.<\/li>    <li><strong>Efeitos da massa<\/strong>. Op\u00e7\u00f5es para criar massa com um centro grosso e bordas finas ou massa perfeitamente plana com base no molde utilizado.<\/li>    <li><strong>Personaliza\u00e7\u00e3o.<\/strong> Tamanhos personaliz\u00e1veis dispon\u00edveis, perfeitos para diferentes requisitos de produ\u00e7\u00e3o.<\/li>    <li><strong>Opera\u00e7\u00e3o simples.<\/strong> A trilha da massa \u00e9 ajustada regulando o caminho da correia transportadora, garantindo um rolamento de massa suave e consistente.<\/li>    <li><strong>Fun\u00e7\u00e3o \u00fanica.<\/strong> A m\u00e1quina \u00e9 projetada especificamente para laminar massa sem outras fun\u00e7\u00f5es adicionais.<\/li> <\/ul> <\/div><\/div>    <h2 class=\"wp-block-heading\">Equipamentos de apoio da m\u00e1quina de esticar massa<\/h2>    <p class=\"translation-block\">A <strong>M\u00e1quina de Esticar Massa<\/strong> torna-se ainda mais eficiente quando emparelhada com equipamentos de apoio como a <strong><a href=\"https:\/\/topfoodmachine.com\/pt\/product\/automatic-dough-divider-rounder\/\">M\u00e1quina Divisora de Massa<\/a><\/strong>. <\/p>    <p>Essa combina\u00e7\u00e3o garante um processo de produ\u00e7\u00e3o cont\u00ednuo e em alta volume, n\u00e3o apenas laminando a massa, mas tamb\u00e9m dividindo-a com precis\u00e3o em por\u00e7\u00f5es uniformes. <\/p>    <p>Ao usar ambas as m\u00e1quinas juntas, as empresas podem aumentar significativamente a produtividade e manter a qualidade consistente da massa.<\/p>    <figure class=\"wp-block-image size-full\"><img loading=\"lazy\" decoding=\"async\" width=\"720\" height=\"540\" src=\"https:\/\/topfoodmachine.com\/wp-content\/uploads\/2025\/02\/Dough-Sheeter-Machine-for-sale.webp\" alt=\"M\u00e1quina de Laminar Massa \u00e0 venda\" class=\"wp-image-1790\" srcset=\"https:\/\/topfoodmachine.com\/wp-content\/uploads\/2025\/02\/Dough-Sheeter-Machine-for-sale.webp 720w, https:\/\/topfoodmachine.com\/wp-content\/uploads\/2025\/02\/Dough-Sheeter-Machine-for-sale-300x225.webp 300w, https:\/\/topfoodmachine.com\/wp-content\/uploads\/2025\/02\/Dough-Sheeter-Machine-for-sale-16x12.webp 16w\" sizes=\"auto, (max-width: 720px) 100vw, 720px\" \/><figcaption class=\"wp-element-caption\">M\u00e1quina de Laminar Massa \u00e0 venda<\/figcaption><\/figure>    <h3 class=\"wp-block-heading\">Principais benef\u00edcios de combinar a m\u00e1quina de esticar massa com a m\u00e1quina divisora de massa<\/h3>    <div class=\"wp-block-media-text has-media-on-the-right is-stacked-on-mobile\"><div class=\"wp-block-media-text__content\"> <ul class=\"wp-block-list\"> <li><strong>Por\u00e7\u00f5es uniformes<\/strong>. A M\u00e1quina Divisora de Massa garante por\u00e7\u00f5es de massa iguais, o que ajuda a manter a consist\u00eancia no tamanho e peso do produto final.<\/li>    <li><strong>Aumento da efici\u00eancia<\/strong>. Juntas, as m\u00e1quinas reduzem o trabalho manual e aceleram a produ\u00e7\u00e3o, permitindo maior produ\u00e7\u00e3o em menos tempo.<\/li>    <li><strong>Melhoria da qualidade do produto<\/strong>. Por\u00e7\u00f5es de massa consistentes e espessura uniforme levam a resultados mais consistentes em produtos como p\u00e3o, p\u00e3ezinhos ou bolinhos.<\/li>    <li><strong>Versatilidade<\/strong>. Essas m\u00e1quinas podem ser usadas para v\u00e1rios tipos de massa, seja para produtos de padaria, bolinhos ou outros produtos \u00e0 base de massa.<\/li> <\/ul> <\/div><figure class=\"wp-block-media-text__media\"><img loading=\"lazy\" decoding=\"async\" width=\"720\" height=\"540\" src=\"https:\/\/topfoodmachine.com\/wp-content\/uploads\/2024\/05\/electric-Dough-Divider-Rounder.webp\" alt=\"Divisor e arredondador de massa el\u00e9trico\" class=\"wp-image-1254 size-full\" srcset=\"https:\/\/topfoodmachine.com\/wp-content\/uploads\/2024\/05\/electric-Dough-Divider-Rounder.webp 720w, https:\/\/topfoodmachine.com\/wp-content\/uploads\/2024\/05\/electric-Dough-Divider-Rounder-300x225.webp 300w, https:\/\/topfoodmachine.com\/wp-content\/uploads\/2024\/05\/electric-Dough-Divider-Rounder-16x12.webp 16w\" sizes=\"auto, (max-width: 720px) 100vw, 720px\" \/><\/figure><\/div>    <h2 class=\"wp-block-heading\">Perguntas frequentes sobre a m\u00e1quina de laminar massa<\/h2>   <div id=\"rank-math-faq\" class=\"rank-math-block\"> <div class=\"rank-math-list\"> <div id=\"faq-question-1739515765950\" class=\"rank-math-list-item\"> <h3 class=\"rank-math-question\">Quais tipos de massa a m\u00e1quina pode processar?<\/h3> <div class=\"rank-math-answer\">  <p>A m\u00e1quina \u00e9 adequada para uma variedade de tipos de massa, incluindo massa para bolinhos, baozi, wrappers de wonton e outros produtos \u00e0 base de massa. Pode ser usada tanto para massa macia quanto firme.<\/p>  <\/div> <\/div> <div id=\"faq-question-1739516000319\" class=\"rank-math-list-item\"> <h3 class=\"rank-math-question\">A espessura da folha de massa pode ser ajustada?<\/h3> <div class=\"rank-math-answer\">  <p>Sim, a espessura da folha de massa pode ser facilmente ajustada usando as configura\u00e7\u00f5es da m\u00e1quina. Isso permite a personaliza\u00e7\u00e3o da espessura da massa para atender a diferentes aplica\u00e7\u00f5es, como peles mais grossas para baozi ou folhas mais finas para bolinhos.<\/p>  <\/div> <\/div> <div id=\"faq-question-1739516023109\" class=\"rank-math-list-item\"> <h3 class=\"rank-math-question\">Como a M\u00e1quina de Laminar Massa consegue o efeito de \u2018centro mais grosso e bordas mais finas\u2019?<\/h3> <div class=\"rank-math-answer\">  <p class=\"translation-block\">A m\u00e1quina usa moldes especialmente projetados para criar folhas de massa com um <strong>centro mais grosso<\/strong> e <strong>bordas mais finas<\/strong>, o que \u00e9 ideal para certos tipos de bolinhos, tortas e outros produtos.<\/p>  <\/div> <\/div> <div id=\"faq-question-1739516091551\" class=\"rank-math-list-item\"> <h3 class=\"rank-math-question\">A m\u00e1quina \u00e9 f\u00e1cil de limpar e manter?<\/h3> <div class=\"rank-math-answer\">  <p>Sim, a M\u00e1quina de Laminar Massa \u00e9 projetada para f\u00e1cil manuten\u00e7\u00e3o. Os componentes s\u00e3o facilmente acess\u00edveis para limpeza, garantindo que voc\u00ea possa manter os padr\u00f5es de higiene e prolongar a vida \u00fatil da m\u00e1quina.<\/p>  <\/div> <\/div> <\/div> <\/div>   <figure class=\"wp-block-image size-full\"><img loading=\"lazy\" decoding=\"async\" width=\"720\" height=\"540\" src=\"https:\/\/topfoodmachine.com\/wp-content\/uploads\/2025\/02\/dough.webp\" alt=\"massa\" class=\"wp-image-1791\" srcset=\"https:\/\/topfoodmachine.com\/wp-content\/uploads\/2025\/02\/dough.webp 720w, https:\/\/topfoodmachine.com\/wp-content\/uploads\/2025\/02\/dough-300x225.webp 300w, https:\/\/topfoodmachine.com\/wp-content\/uploads\/2025\/02\/dough-16x12.webp 16w\" sizes=\"auto, (max-width: 720px) 100vw, 720px\" \/><figcaption class=\"wp-element-caption\">massa<\/figcaption><\/figure>    <h2 class=\"wp-block-heading\">Caso de sucesso da massa <a href=\"https:\/\/en.wikipedia.org\/wiki\/Roller\" data-type=\"link\" data-id=\"https:\/\/en.wikipedia.org\/wiki\/Roller\" target=\"_blank\" rel=\"noopener\">rolador<\/a><\/h2>    <p class=\"translation-block\">Uma empresa de alimentos, com sede nos <strong>Estados Unidos<\/strong>, se especializa na produ\u00e7\u00e3o de baozi e bolinhos, mas enfrentou problemas com espessura desigual da massa e baixa efici\u00eancia de produ\u00e7\u00e3o. Eles estavam procurando uma laminadora de massa de alta efici\u00eancia para garantir qualidade consistente da massa.<\/p>    <p>Ap\u00f3s entender as necessidades do cliente, recomendamos a M\u00e1quina de Laminar Massa, que permite ajuste preciso da espessura da massa, adequada para produ\u00e7\u00e3o em larga escala. Abordamos as preocupa\u00e7\u00f5es do cliente em rela\u00e7\u00e3o \u00e0 produ\u00e7\u00e3o e facilidade de opera\u00e7\u00e3o<\/p>    <p>Ap\u00f3s a implementa\u00e7\u00e3o, esta empresa de alimentos aumentou a produ\u00e7\u00e3o, com qualidade consistente da massa. A efici\u00eancia de produ\u00e7\u00e3o melhorou em 30%, e o cliente ficou muito satisfeito com o desempenho da m\u00e1quina e os resultados da massa.<\/p>    <figure class=\"wp-block-gallery has-nested-images columns-default is-cropped wp-block-gallery-2 is-layout-flex wp-block-gallery-is-layout-flex\"> <figure class=\"wp-block-image size-large\"><img loading=\"lazy\" decoding=\"async\" width=\"720\" height=\"540\" data-id=\"1788\" src=\"https:\/\/topfoodmachine.com\/wp-content\/uploads\/2025\/02\/dough-roller-details.webp\" alt=\"detalhes do rolador de massa\" class=\"wp-image-1788\" srcset=\"https:\/\/topfoodmachine.com\/wp-content\/uploads\/2025\/02\/dough-roller-details.webp 720w, https:\/\/topfoodmachine.com\/wp-content\/uploads\/2025\/02\/dough-roller-details-300x225.webp 300w, https:\/\/topfoodmachine.com\/wp-content\/uploads\/2025\/02\/dough-roller-details-16x12.webp 16w\" sizes=\"auto, (max-width: 720px) 100vw, 720px\" \/><figcaption class=\"wp-element-caption\">detalhes do rolador de massa<\/figcaption><\/figure>    <figure class=\"wp-block-image size-large\"><img loading=\"lazy\" decoding=\"async\" width=\"720\" height=\"540\" data-id=\"1789\" src=\"https:\/\/topfoodmachine.com\/wp-content\/uploads\/2025\/02\/Dough-Sheeter-Machine-price.webp\" alt=\"Pre\u00e7o da M\u00e1quina de Laminar Massa\" class=\"wp-image-1789\" srcset=\"https:\/\/topfoodmachine.com\/wp-content\/uploads\/2025\/02\/Dough-Sheeter-Machine-price.webp 720w, https:\/\/topfoodmachine.com\/wp-content\/uploads\/2025\/02\/Dough-Sheeter-Machine-price-300x225.webp 300w, https:\/\/topfoodmachine.com\/wp-content\/uploads\/2025\/02\/Dough-Sheeter-Machine-price-16x12.webp 16w\" sizes=\"auto, (max-width: 720px) 100vw, 720px\" \/><figcaption class=\"wp-element-caption\">Pre\u00e7o da M\u00e1quina de Laminar Massa<\/figcaption><\/figure> <\/figure>    <h2 class=\"wp-block-heading\">Conclus\u00e3o<\/h2>    <p class=\"translation-block\">Em conclus\u00e3o, a <strong>M\u00e1quina de Laminar Massa<\/strong> \u00e9 uma ferramenta essencial para empresas que buscam melhorar a efici\u00eancia do processamento de massa enquanto mant\u00eam resultados de alta qualidade. Com sua capacidade de produzir espessura de massa consistente e lidar com produ\u00e7\u00e3o em alta volume, \u00e9 perfeita para padarias, restaurantes e fabricantes de alimentos. <\/p>    <p class=\"translation-block\">Para mais informa\u00e7\u00f5es ou para consultar pre\u00e7os, sinta-se \u00e0 vontade para <strong>entrar em contato conosco<\/strong>. Estamos felizes em ajud\u00e1-lo com quaisquer perguntas e fornecer uma solu\u00e7\u00e3o adaptada \u00e0s necessidades do seu neg\u00f3cio.<\/p>","protected":false},"excerpt":{"rendered":"<p>A m\u00e1quina de esticar massa pode facilmente esticar massa para peles de baozi, wrappers de bolinhos e peles de wonton. Suporta um tamanho m\u00e1ximo de estiramento de 17 cm e oferece tamanhos personaliz\u00e1veis para atender a v\u00e1rias necessidades de produ\u00e7\u00e3o.<\/p>","protected":false},"author":1,"featured_media":1786,"parent":0,"template":"","tags":[106],"product-type":[6],"class_list":["post-1784","product","type-product","status-publish","has-post-thumbnail","hentry","tag-dough-sheeter-machine","product-type-pastry-production-machine"],"_links":{"self":[{"href":"https:\/\/topfoodmachine.com\/pt\/wp-json\/wp\/v2\/product\/1784","targetHints":{"allow":["GET"]}}],"collection":[{"href":"https:\/\/topfoodmachine.com\/pt\/wp-json\/wp\/v2\/product"}],"about":[{"href":"https:\/\/topfoodmachine.com\/pt\/wp-json\/wp\/v2\/types\/product"}],"author":[{"embeddable":true,"href":"https:\/\/topfoodmachine.com\/pt\/wp-json\/wp\/v2\/users\/1"}],"wp:featuredmedia":[{"embeddable":true,"href":"https:\/\/topfoodmachine.com\/pt\/wp-json\/wp\/v2\/media\/1786"}],"wp:attachment":[{"href":"https:\/\/topfoodmachine.com\/pt\/wp-json\/wp\/v2\/media?parent=1784"}],"wp:term":[{"taxonomy":"post_tag","embeddable":true,"href":"https:\/\/topfoodmachine.com\/pt\/wp-json\/wp\/v2\/tags?post=1784"},{"taxonomy":"product-type","embeddable":true,"href":"https:\/\/topfoodmachine.com\/pt\/wp-json\/wp\/v2\/product-type?post=1784"}],"curies":[{"name":"wp","href":"https:\/\/api.w.org\/{rel}","templated":true}]}}