{"id":1768,"date":"2025-02-11T16:44:08","date_gmt":"2025-02-11T08:44:08","guid":{"rendered":"https:\/\/topfoodmachine.com\/?post_type=product&#038;p=1768"},"modified":"2025-02-11T16:44:08","modified_gmt":"2025-02-11T08:44:08","slug":"siomai-making-machine","status":"publish","type":"product","link":"https:\/\/topfoodmachine.com\/pt\/product\/siomai-making-machine\/","title":{"rendered":"M\u00e1quina de fazer Siomai"},"content":{"rendered":"<div class=\"kk-star-ratings kksr-auto kksr-align-left kksr-valign-top\"     data-payload='{&quot;align&quot;:&quot;left&quot;,&quot;id&quot;:&quot;1768&quot;,&quot;slug&quot;:&quot;default&quot;,&quot;valign&quot;:&quot;top&quot;,&quot;ignore&quot;:&quot;&quot;,&quot;reference&quot;:&quot;auto&quot;,&quot;class&quot;:&quot;&quot;,&quot;count&quot;:&quot;29&quot;,&quot;legendonly&quot;:&quot;&quot;,&quot;readonly&quot;:&quot;&quot;,&quot;score&quot;:&quot;4.7&quot;,&quot;starsonly&quot;:&quot;&quot;,&quot;best&quot;:&quot;5&quot;,&quot;gap&quot;:&quot;5&quot;,&quot;greet&quot;:&quot;Rate this product&quot;,&quot;legend&quot;:&quot;4.7\\\/5 - (29 votes)&quot;,&quot;size&quot;:&quot;24&quot;,&quot;title&quot;:&quot;Siomai making machine&quot;,&quot;width&quot;:&quot;133.8&quot;,&quot;_legend&quot;:&quot;{score}\\\/{best} - ({count} {votes})&quot;,&quot;font_factor&quot;:&quot;1.25&quot;}'>              <div class=\"kksr-stars\">      <div class=\"kksr-stars-inactive\">             <div class=\"kksr-star\" data-star=\"1\" style=\"padding-right: 5px\">               <div class=\"kksr-icon\" style=\"width: 24px; height: 24px;\"><\/div>         <\/div>             <div class=\"kksr-star\" data-star=\"2\" style=\"padding-right: 5px\">               <div class=\"kksr-icon\" style=\"width: 24px; height: 24px;\"><\/div>         <\/div>             <div class=\"kksr-star\" data-star=\"3\" style=\"padding-right: 5px\">               <div class=\"kksr-icon\" style=\"width: 24px; height: 24px;\"><\/div>         <\/div>             <div class=\"kksr-star\" data-star=\"4\" style=\"padding-right: 5px\">               <div class=\"kksr-icon\" style=\"width: 24px; height: 24px;\"><\/div>         <\/div>             <div class=\"kksr-star\" data-star=\"5\" style=\"padding-right: 5px\">               <div class=\"kksr-icon\" style=\"width: 24px; height: 24px;\"><\/div>         <\/div>     <\/div>      <div class=\"kksr-stars-active\" style=\"width: 133.8px;\">             <div class=\"kksr-star\" style=\"padding-right: 5px\">               <div class=\"kksr-icon\" style=\"width: 24px; height: 24px;\"><\/div>         <\/div>             <div class=\"kksr-star\" style=\"padding-right: 5px\">               <div class=\"kksr-icon\" style=\"width: 24px; height: 24px;\"><\/div>         <\/div>             <div class=\"kksr-star\" style=\"padding-right: 5px\">               <div class=\"kksr-icon\" style=\"width: 24px; height: 24px;\"><\/div>         <\/div>             <div class=\"kksr-star\" style=\"padding-right: 5px\">               <div class=\"kksr-icon\" style=\"width: 24px; height: 24px;\"><\/div>         <\/div>             <div class=\"kksr-star\" style=\"padding-right: 5px\">               <div class=\"kksr-icon\" style=\"width: 24px; height: 24px;\"><\/div>         <\/div>     <\/div> <\/div>                   <div class=\"kksr-legend\" style=\"font-size: 19.2px;\">             4,7\/5 - (29 votos)    <\/div>     <\/div>  <p>A m\u00e1quina de fazer Siomai pode processar Siomai em v\u00e1rias formas, com uma impressionante produ\u00e7\u00e3o de at\u00e9 9.000 pe\u00e7as por hora. A m\u00e1quina oferece op\u00e7\u00f5es de peso personaliz\u00e1veis variando de 30g a 80g por pe\u00e7a, e \u00e9 adequada para uma variedade de recheios, incluindo carne, arroz glutinoso e ingredientes mistos, com prefer\u00eancia por part\u00edculas mais finas. <\/p>    <p>\u00c9 f\u00e1cil de operar\u2014basta carregar a massa, e a m\u00e1quina formar\u00e1 automaticamente o Siomai. No entanto, cada m\u00e1quina \u00e9 projetada para uma forma espec\u00edfica e n\u00e3o pode ser alterada com diferentes moldes, garantindo uma apar\u00eancia consistente do produto e uma produ\u00e7\u00e3o est\u00e1vel.<\/p>    <figure class=\"wp-block-embed is-type-video is-provider-youtube wp-block-embed-youtube wp-embed-aspect-16-9 wp-has-aspect-ratio\"><div class=\"wp-block-embed__wrapper\"> <iframe loading=\"lazy\" title=\"Como usar a m\u00e1quina de fazer Siomai para dumplings perfeitos toda vez #siomai #processamentodealimentos\" width=\"500\" height=\"281\" src=\"https:\/\/www.youtube.com\/embed\/o24xKG3mFjo?feature=oembed\" frameborder=\"0\" allow=\"accelerometer; autoplay; clipboard-write; encrypted-media; gyroscope; picture-in-picture; web-share\" referrerpolicy=\"strict-origin-when-cross-origin\" allowfullscreen><\/iframe> <\/div><figcaption class=\"wp-element-caption\">v\u00eddeo de trabalho da m\u00e1quina de formar siomai<\/figcaption><\/figure>    <h2 class=\"wp-block-heading\">M\u00e1quina de fazer siomai mais vendida<\/h2>    <p>Nossa m\u00e1quina de fazer Siomai mais vendida \u00e9 uma escolha popular para empresas em regi\u00f5es como o Sudeste Asi\u00e1tico, o Oriente M\u00e9dio e outras partes do mundo onde o Siomai \u00e9 um lanche adorado. \u00c9 perfeita para produzir uma ampla gama de tipos de Siomai, incluindo Siomai tradicional recheado com porco, frango, carne bovina e variedades de frutos do mar. <\/p>    <p>Al\u00e9m disso, a m\u00e1quina tamb\u00e9m pode lidar com varia\u00e7\u00f5es \u00fanicas, como Siomai de arroz glutinoso e op\u00e7\u00f5es de recheio misto. Com sua versatilidade e alta produ\u00e7\u00e3o, nossa m\u00e1quina de fazer Siomai atende \u00e0 crescente demanda por este delicioso petisco em v\u00e1rios mercados globais, oferecendo \u00e0s empresas uma solu\u00e7\u00e3o confi\u00e1vel e eficiente para expandir suas ofertas de produtos.<\/p>    <figure class=\"wp-block-image size-full\"><img loading=\"lazy\" decoding=\"async\" width=\"720\" height=\"540\" src=\"https:\/\/topfoodmachine.com\/wp-content\/uploads\/2025\/02\/shumai-1.webp\" alt=\"shumai\" class=\"wp-image-1772\" srcset=\"https:\/\/topfoodmachine.com\/wp-content\/uploads\/2025\/02\/shumai-1.webp 720w, https:\/\/topfoodmachine.com\/wp-content\/uploads\/2025\/02\/shumai-1-300x225.webp 300w, https:\/\/topfoodmachine.com\/wp-content\/uploads\/2025\/02\/shumai-1-16x12.webp 16w\" sizes=\"auto, (max-width: 720px) 100vw, 720px\" \/><figcaption class=\"wp-element-caption\">shumai<\/figcaption><\/figure>    <h2 class=\"wp-block-heading\">Op\u00e7\u00f5es de personaliza\u00e7\u00e3o para a m\u00e1quina de fazer siomai<\/h2>    <div class=\"wp-block-media-text is-stacked-on-mobile\"><figure class=\"wp-block-media-text__media\"><img loading=\"lazy\" decoding=\"async\" width=\"720\" height=\"540\" src=\"https:\/\/topfoodmachine.com\/wp-content\/uploads\/2025\/02\/shaomai-making-machine.webp\" alt=\"m\u00e1quina de fazer shaomai\" class=\"wp-image-1773 size-full\" srcset=\"https:\/\/topfoodmachine.com\/wp-content\/uploads\/2025\/02\/shaomai-making-machine.webp 720w, https:\/\/topfoodmachine.com\/wp-content\/uploads\/2025\/02\/shaomai-making-machine-300x225.webp 300w, https:\/\/topfoodmachine.com\/wp-content\/uploads\/2025\/02\/shaomai-making-machine-16x12.webp 16w\" sizes=\"auto, (max-width: 720px) 100vw, 720px\" \/><\/figure><div class=\"wp-block-media-text__content\"> <ul class=\"wp-block-list\"> <li><strong>Espessura do envolt\u00f3rio<\/strong>. Ajuste a espessura do envolt\u00f3rio para alcan\u00e7ar a textura e consist\u00eancia desejadas para o seu Siomai.<\/li>    <li><strong>Op\u00e7\u00f5es de recheio<\/strong>. Aceita uma ampla gama de recheios, incluindo carne, vegetais e recheios mistos.<\/li>    <li><strong>Dispositivo de adi\u00e7\u00e3o de ervilhas<\/strong>. A m\u00e1quina pode ser equipada com um dispositivo especial para adicionar automaticamente ervilhas em cima do Siomai para uma melhor apresenta\u00e7\u00e3o.<\/li> <\/ul> <\/div><\/div>    <div class=\"wp-block-media-text has-media-on-the-right is-stacked-on-mobile\"><div class=\"wp-block-media-text__content\"> <ul class=\"wp-block-list\"> <li><strong>Coloca\u00e7\u00e3o manual de ingredientes<\/strong>. Para ingredientes como camar\u00e3o, a coloca\u00e7\u00e3o manual \u00e9 necess\u00e1ria, mas a m\u00e1quina ainda pode lidar com v\u00e1rios materiais.<\/li>    <li><strong>Varia\u00e7\u00f5es de tamanho e forma<\/strong>. Personalize a m\u00e1quina para produzir diferentes tamanhos e formas de Siomai, desde designs tradicionais at\u00e9 \u00fanicos.<\/li>    <li><strong>Configura\u00e7\u00e3o da m\u00e1quina<\/strong>. Modifique a configura\u00e7\u00e3o adicionando funis extras ou alterando o design do molde para atender a necessidades espec\u00edficas de produ\u00e7\u00e3o.<\/li> <\/ul> <\/div><figure class=\"wp-block-media-text__media\"><img loading=\"lazy\" decoding=\"async\" width=\"720\" height=\"540\" src=\"https:\/\/topfoodmachine.com\/wp-content\/uploads\/2025\/02\/shumai-forming-machine.webp\" alt=\"m\u00e1quina de formar shumai\" class=\"wp-image-1774 size-full\" srcset=\"https:\/\/topfoodmachine.com\/wp-content\/uploads\/2025\/02\/shumai-forming-machine.webp 720w, https:\/\/topfoodmachine.com\/wp-content\/uploads\/2025\/02\/shumai-forming-machine-300x225.webp 300w, https:\/\/topfoodmachine.com\/wp-content\/uploads\/2025\/02\/shumai-forming-machine-16x12.webp 16w\" sizes=\"auto, (max-width: 720px) 100vw, 720px\" \/><\/figure><\/div>    <p>Essas op\u00e7\u00f5es de personaliza\u00e7\u00e3o garantem que a m\u00e1quina de fazer Siomai possa atender aos diversos requisitos de qualquer neg\u00f3cio, desde opera\u00e7\u00f5es em pequena escala at\u00e9 grandes f\u00e1bricas.<\/p>    <h2 class=\"wp-block-heading\">Caracter\u00edsticas da m\u00e1quina de fazer Shaomai<\/h2>    <div class=\"wp-block-media-text is-stacked-on-mobile\"><figure class=\"wp-block-media-text__media\"><img loading=\"lazy\" decoding=\"async\" width=\"720\" height=\"540\" src=\"https:\/\/topfoodmachine.com\/wp-content\/uploads\/2025\/02\/shumai-making-machine.webp\" alt=\"m\u00e1quina de fazer shumai\" class=\"wp-image-1776 size-full\" srcset=\"https:\/\/topfoodmachine.com\/wp-content\/uploads\/2025\/02\/shumai-making-machine.webp 720w, https:\/\/topfoodmachine.com\/wp-content\/uploads\/2025\/02\/shumai-making-machine-300x225.webp 300w, https:\/\/topfoodmachine.com\/wp-content\/uploads\/2025\/02\/shumai-making-machine-16x12.webp 16w\" sizes=\"auto, (max-width: 720px) 100vw, 720px\" \/><\/figure><div class=\"wp-block-media-text__content\"> <ul class=\"wp-block-list\"> <li>Especificamente projetada para produzir Siomai com embalagens em forma de quadrado.<\/li>    <li>Opera\u00e7\u00e3o simples\u2014basta colocar a massa e o recheio no funil, e a m\u00e1quina produz automaticamente o Siomai.<\/li>    <li>Entrega resultados com uma apar\u00eancia t\u00e3o bonita e consistente quanto o Siomai feito manualmente.<\/li>    <li>Tanto a espessura da embalagem quanto a quantidade de recheio podem ser facilmente ajustadas para atender aos requisitos de produ\u00e7\u00e3o.<\/li> <\/ul> <\/div><\/div>    <div class=\"wp-block-media-text has-media-on-the-right is-stacked-on-mobile\"><div class=\"wp-block-media-text__content\"> <ul class=\"wp-block-list\"> <li>O funil \u00e9 f\u00e1cil de desmontar e limpar, garantindo uma opera\u00e7\u00e3o suave.<\/li>    <li>O suporte \u00e9 feito de material PE dur\u00e1vel, tamb\u00e9m projetado para f\u00e1cil desmontagem e limpeza.<\/li>    <li>O teor de umidade da embalagem \u00e9 definido em cerca de 28%, garantindo textura e consist\u00eancia ideais.<\/li>    <li>Aumenta a estabilidade do processo de produ\u00e7\u00e3o de Siomai, entregando embalagens uniformemente espessas e quantidades de recheio consistentes para produtos de alta qualidade.<\/li> <\/ul> <\/div><figure class=\"wp-block-media-text__media\"><img loading=\"lazy\" decoding=\"async\" width=\"720\" height=\"540\" src=\"https:\/\/topfoodmachine.com\/wp-content\/uploads\/2025\/02\/siomai-forming-machine-details.webp\" alt=\"detalhes da m\u00e1quina de formar siomai\" class=\"wp-image-1777 size-full\" srcset=\"https:\/\/topfoodmachine.com\/wp-content\/uploads\/2025\/02\/siomai-forming-machine-details.webp 720w, https:\/\/topfoodmachine.com\/wp-content\/uploads\/2025\/02\/siomai-forming-machine-details-300x225.webp 300w, https:\/\/topfoodmachine.com\/wp-content\/uploads\/2025\/02\/siomai-forming-machine-details-16x12.webp 16w\" sizes=\"auto, (max-width: 720px) 100vw, 720px\" \/><\/figure><\/div>    <h2 class=\"wp-block-heading\">Par\u00e2metros da m\u00e1quina de fazer Siomai<\/h2>    <figure class=\"wp-block-table\"><table class=\"has-fixed-layout\"><tbody><tr><td>Modelo<\/td><td>ST-80<\/td><\/tr><tr><td>Peso do Produto<\/td><td>12-40g<\/td><\/tr><tr><td>Capacidade<\/td><td>5000-6000 unidades\/h<\/td><\/tr><tr><td>Tamanho<\/td><td>155*135*185CM<\/td><\/tr><tr><td>Eletricidade<\/td><td>3-fases, 220V\/380V, 2.5kw<\/td><\/tr><tr><td>Peso da M\u00e1quina<\/td><td>800kg<\/td><\/tr><tr><td>Painel de controle<\/td><td>Controle por Bot\u00e3o<\/td><\/tr><tr><td>Sistema de Rolos de Pin\u00e7a<\/td><td>2 Rolos de Pin\u00e7a (controle independente)<\/td><\/tr><tr><td>M\u00e9todo de Moldagem<\/td><td>2 pcs\/vez<\/td><\/tr><tr><td>M\u00e9todo de Recheio<\/td><td>Embreagem eletromagn\u00e9tica<\/td><\/tr><tr><td>Ajuste da Correia Transportadora<\/td><td>Controle independente<\/td><\/tr><\/tbody><\/table><figcaption class=\"wp-element-caption\">m\u00e1quina de fazer shaomai<\/figcaption><\/figure>    <figure class=\"wp-block-gallery has-nested-images columns-default is-cropped wp-block-gallery-2 is-layout-flex wp-block-gallery-is-layout-flex\"> <figure class=\"wp-block-image size-large\"><img loading=\"lazy\" decoding=\"async\" width=\"720\" height=\"540\" data-id=\"1778\" src=\"https:\/\/topfoodmachine.com\/wp-content\/uploads\/2025\/02\/siomai-forming-machine.webp\" alt=\"m\u00e1quina de formar siomai\" class=\"wp-image-1778\" srcset=\"https:\/\/topfoodmachine.com\/wp-content\/uploads\/2025\/02\/siomai-forming-machine.webp 720w, https:\/\/topfoodmachine.com\/wp-content\/uploads\/2025\/02\/siomai-forming-machine-300x225.webp 300w, https:\/\/topfoodmachine.com\/wp-content\/uploads\/2025\/02\/siomai-forming-machine-16x12.webp 16w\" sizes=\"auto, (max-width: 720px) 100vw, 720px\" \/><figcaption class=\"wp-element-caption\">m\u00e1quina de formar siomai<\/figcaption><\/figure>    <figure class=\"wp-block-image size-large\"><img loading=\"lazy\" decoding=\"async\" width=\"720\" height=\"540\" data-id=\"1779\" src=\"https:\/\/topfoodmachine.com\/wp-content\/uploads\/2025\/02\/siomai-maker.webp\" alt=\"m\u00e1quina de siomai\" class=\"wp-image-1779\" srcset=\"https:\/\/topfoodmachine.com\/wp-content\/uploads\/2025\/02\/siomai-maker.webp 720w, https:\/\/topfoodmachine.com\/wp-content\/uploads\/2025\/02\/siomai-maker-300x225.webp 300w, https:\/\/topfoodmachine.com\/wp-content\/uploads\/2025\/02\/siomai-maker-16x12.webp 16w\" sizes=\"auto, (max-width: 720px) 100vw, 720px\" \/><figcaption class=\"wp-element-caption\">m\u00e1quina de siomai<\/figcaption><\/figure> <\/figure>    <h2 class=\"wp-block-heading\">Por que comprar a m\u00e1quina de fazer siomai conosco?<\/h2>    <ul class=\"wp-block-list\"> <li><strong>Garantia de 12 meses<\/strong>. Aproveite uma garantia de 12 meses a partir do momento em que voc\u00ea recebe a m\u00e1quina, garantindo que voc\u00ea esteja coberto para quaisquer problemas.<\/li>    <li><strong>Suporte r\u00e1pido<\/strong>. Se surgirem problemas durante o per\u00edodo de garantia, diagnosticaremos o problema por meio de chamadas de v\u00eddeo (por exemplo, WeChat, FaceTime) e enviaremos pe\u00e7as de reposi\u00e7\u00e3o sem custo para voc\u00ea.<\/li>    <li><strong>Assist\u00eancia no local<\/strong>. Se necess\u00e1rio, podemos enviar engenheiros para sua localiza\u00e7\u00e3o para fornecer suporte t\u00e9cnico. <\/li>    <li><strong>Suporte p\u00f3s-garantia<\/strong>. Mesmo ap\u00f3s o t\u00e9rmino da garantia, continuamos a ajudar identificando problemas e enviando rapidamente pe\u00e7as de reposi\u00e7\u00e3o. Os clientes s\u00f3 precisar\u00e3o cobrir os custos de envio e das pe\u00e7as.<\/li>    <li><strong>Treinamento abrangente<\/strong>. Oferecemos treinamento para garantir que voc\u00ea possa operar a m\u00e1quina de forma eficaz e alcan\u00e7ar a qualidade do produto desejada todas as vezes.<\/li> <\/ul>    <figure class=\"wp-block-image size-full\"><img loading=\"lazy\" decoding=\"async\" width=\"720\" height=\"540\" src=\"https:\/\/topfoodmachine.com\/wp-content\/uploads\/2025\/02\/shumai-maker.webp\" alt=\"m\u00e1quina de fazer shumai\" class=\"wp-image-1775\" srcset=\"https:\/\/topfoodmachine.com\/wp-content\/uploads\/2025\/02\/shumai-maker.webp 720w, https:\/\/topfoodmachine.com\/wp-content\/uploads\/2025\/02\/shumai-maker-300x225.webp 300w, https:\/\/topfoodmachine.com\/wp-content\/uploads\/2025\/02\/shumai-maker-16x12.webp 16w\" sizes=\"auto, (max-width: 720px) 100vw, 720px\" \/><figcaption class=\"wp-element-caption\">m\u00e1quina de fazer shumai<\/figcaption><\/figure>    <h2 class=\"wp-block-heading\">Conclus\u00e3o<\/h2>    <p class=\"translation-block\">Em conclus\u00e3o, nossa <a href=\"https:\/\/en.wikipedia.org\/wiki\/Shumai\" data-type=\"link\" data-id=\"https:\/\/en.wikipedia.org\/wiki\/Shumai\" target=\"_blank\" rel=\"noopener\">m\u00e1quina de fazer Siomai<\/a> oferece uma solu\u00e7\u00e3o eficiente e personaliz\u00e1vel para empresas que buscam produzir Siomai de alta qualidade com facilidade e consist\u00eancia. Com uma variedade de op\u00e7\u00f5es para atender diferentes tipos de recheios, espessuras de envolt\u00f3rio e necessidades de produ\u00e7\u00e3o, \u00e9 a adi\u00e7\u00e3o perfeita a qualquer linha de produ\u00e7\u00e3o de alimentos. <\/p>    <p class=\"translation-block\">Al\u00e9m disso, oferecemos uma ampla gama de outras <a href=\"https:\/\/topfoodmachine.com\/pt\/products\/pastry-production-machine\/\" data-type=\"link\" data-id=\"https:\/\/topfoodmachine.com\/products\/pastry-production-machine\/\">m\u00e1quinas de processamento de massa<\/a> para apoiar seu neg\u00f3cio. Sinta-se \u00e0 vontade para nos contatar para consultas e pre\u00e7os, e teremos prazer em ajud\u00e1-lo a encontrar o equipamento certo para suas necessidades.<\/p>    <figure class=\"wp-block-image size-full\"><img loading=\"lazy\" decoding=\"async\" width=\"720\" height=\"540\" src=\"https:\/\/topfoodmachine.com\/wp-content\/uploads\/2025\/02\/siomai-maker-machine.webp\" alt=\"m\u00e1quina de fazer siomai\" class=\"wp-image-1780\" srcset=\"https:\/\/topfoodmachine.com\/wp-content\/uploads\/2025\/02\/siomai-maker-machine.webp 720w, https:\/\/topfoodmachine.com\/wp-content\/uploads\/2025\/02\/siomai-maker-machine-300x225.webp 300w, https:\/\/topfoodmachine.com\/wp-content\/uploads\/2025\/02\/siomai-maker-machine-16x12.webp 16w\" sizes=\"auto, (max-width: 720px) 100vw, 720px\" \/><figcaption class=\"wp-element-caption\">m\u00e1quina de fazer siomai<\/figcaption><\/figure>","protected":false},"excerpt":{"rendered":"<p>A m\u00e1quina de fazer Siomai pode processar Siomai em v\u00e1rias formas, com uma produ\u00e7\u00e3o impressionante de at\u00e9 9.000 pe\u00e7as por hora. <\/p>","protected":false},"author":1,"featured_media":1770,"parent":0,"template":"","tags":[105],"product-type":[6],"class_list":["post-1768","product","type-product","status-publish","has-post-thumbnail","hentry","tag-siomai-making-machine","product-type-pastry-production-machine"],"_links":{"self":[{"href":"https:\/\/topfoodmachine.com\/pt\/wp-json\/wp\/v2\/product\/1768","targetHints":{"allow":["GET"]}}],"collection":[{"href":"https:\/\/topfoodmachine.com\/pt\/wp-json\/wp\/v2\/product"}],"about":[{"href":"https:\/\/topfoodmachine.com\/pt\/wp-json\/wp\/v2\/types\/product"}],"author":[{"embeddable":true,"href":"https:\/\/topfoodmachine.com\/pt\/wp-json\/wp\/v2\/users\/1"}],"wp:featuredmedia":[{"embeddable":true,"href":"https:\/\/topfoodmachine.com\/pt\/wp-json\/wp\/v2\/media\/1770"}],"wp:attachment":[{"href":"https:\/\/topfoodmachine.com\/pt\/wp-json\/wp\/v2\/media?parent=1768"}],"wp:term":[{"taxonomy":"post_tag","embeddable":true,"href":"https:\/\/topfoodmachine.com\/pt\/wp-json\/wp\/v2\/tags?post=1768"},{"taxonomy":"product-type","embeddable":true,"href":"https:\/\/topfoodmachine.com\/pt\/wp-json\/wp\/v2\/product-type?post=1768"}],"curies":[{"name":"wp","href":"https:\/\/api.w.org\/{rel}","templated":true}]}}