{"id":176,"date":"2022-07-20T07:26:08","date_gmt":"2022-07-20T07:26:08","guid":{"rendered":"https:\/\/topfoodmachine.com\/?post_type=product&#038;p=176"},"modified":"2025-11-24T11:33:05","modified_gmt":"2025-11-24T03:33:05","slug":"garlic-peeling-machine","status":"publish","type":"product","link":"https:\/\/topfoodmachine.com\/pt\/product\/garlic-peeling-machine\/","title":{"rendered":"M\u00e1quina de descascar alho"},"content":{"rendered":"<div class=\"kk-star-ratings kksr-auto kksr-align-left kksr-valign-top\"     data-payload='{&quot;align&quot;:&quot;left&quot;,&quot;id&quot;:&quot;176&quot;,&quot;slug&quot;:&quot;default&quot;,&quot;valign&quot;:&quot;top&quot;,&quot;ignore&quot;:&quot;&quot;,&quot;reference&quot;:&quot;auto&quot;,&quot;class&quot;:&quot;&quot;,&quot;count&quot;:&quot;14&quot;,&quot;legendonly&quot;:&quot;&quot;,&quot;readonly&quot;:&quot;&quot;,&quot;score&quot;:&quot;4.7&quot;,&quot;starsonly&quot;:&quot;&quot;,&quot;best&quot;:&quot;5&quot;,&quot;gap&quot;:&quot;5&quot;,&quot;greet&quot;:&quot;Rate this product&quot;,&quot;legend&quot;:&quot;4.7\\\/5 - (14 votes)&quot;,&quot;size&quot;:&quot;24&quot;,&quot;title&quot;:&quot;Garlic Peeling Machine&quot;,&quot;width&quot;:&quot;133.8&quot;,&quot;_legend&quot;:&quot;{score}\\\/{best} - ({count} {votes})&quot;,&quot;font_factor&quot;:&quot;1.25&quot;}'>              <div class=\"kksr-stars\">      <div class=\"kksr-stars-inactive\">             <div class=\"kksr-star\" data-star=\"1\" style=\"padding-right: 5px\">               <div class=\"kksr-icon\" style=\"width: 24px; height: 24px;\"><\/div>         <\/div>             <div class=\"kksr-star\" data-star=\"2\" style=\"padding-right: 5px\">               <div class=\"kksr-icon\" style=\"width: 24px; height: 24px;\"><\/div>         <\/div>             <div class=\"kksr-star\" data-star=\"3\" style=\"padding-right: 5px\">               <div class=\"kksr-icon\" style=\"width: 24px; height: 24px;\"><\/div>         <\/div>             <div class=\"kksr-star\" data-star=\"4\" style=\"padding-right: 5px\">               <div class=\"kksr-icon\" style=\"width: 24px; height: 24px;\"><\/div>         <\/div>             <div class=\"kksr-star\" data-star=\"5\" style=\"padding-right: 5px\">               <div class=\"kksr-icon\" style=\"width: 24px; height: 24px;\"><\/div>         <\/div>     <\/div>      <div class=\"kksr-stars-active\" style=\"width: 133.8px;\">             <div class=\"kksr-star\" style=\"padding-right: 5px\">               <div class=\"kksr-icon\" style=\"width: 24px; height: 24px;\"><\/div>         <\/div>             <div class=\"kksr-star\" style=\"padding-right: 5px\">               <div class=\"kksr-icon\" style=\"width: 24px; height: 24px;\"><\/div>         <\/div>             <div class=\"kksr-star\" style=\"padding-right: 5px\">               <div class=\"kksr-icon\" style=\"width: 24px; height: 24px;\"><\/div>         <\/div>             <div class=\"kksr-star\" style=\"padding-right: 5px\">               <div class=\"kksr-icon\" style=\"width: 24px; height: 24px;\"><\/div>         <\/div>             <div class=\"kksr-star\" style=\"padding-right: 5px\">               <div class=\"kksr-icon\" style=\"width: 24px; height: 24px;\"><\/div>         <\/div>     <\/div> <\/div>                   <div class=\"kksr-legend\" style=\"font-size: 19.2px;\">             4,7\/5 - (14 votos)    <\/div>     <\/div>  <p class=\"translation-block\">A <strong>M\u00e1quina de Descascar Alho<\/strong> \u00e9 uma solu\u00e7\u00e3o de alta efici\u00eancia para descascamento limpo e higi\u00e9nico de alho seco, adequada para f\u00e1bricas de alimentos, explora\u00e7\u00f5es agr\u00edcolas, restaurantes e mercados. Oferecemos dois modelos: uma unidade pequena com <strong>60\u2013300 kg\/h<\/strong> de capacidade para pequenos processadores, e uma unidade grande totalmente autom\u00e1tica com <strong>200\u20131000 kg\/h<\/strong> de capacidade para produ\u00e7\u00e3o cont\u00ednua de alto volume.<\/p>    <p class=\"translation-block\">Utilizando tecnologia pneum\u00e1tica seca avan\u00e7ada, a m\u00e1quina descasca o alho sem \u00e1gua e alcan\u00e7a uma <strong>taxa de descascamento de 95\u201398%<\/strong> com dano m\u00ednimo \u00e0s dentes. A sua constru\u00e7\u00e3o em a\u00e7o inoxid\u00e1vel 304 garante durabilidade, f\u00e1cil limpeza e total conformidade com os padr\u00f5es de seguran\u00e7a alimentar. Comparada ao descascamento manual, aumenta significativamente a efici\u00eancia e reduz os custos laborais.<\/p>    <p>Todos os modelos suportam personaliza\u00e7\u00e3o em voltagem, capacidade e material. Com pre\u00e7os competitivos e desempenho fi\u00e1vel, a M\u00e1quina de Descascar Alho \u00e9 uma excelente escolha para expandir o seu neg\u00f3cio de processamento de alho. Contacte-nos para solu\u00e7\u00f5es personalizadas e or\u00e7amentos.<\/p>    <figure class=\"wp-block-embed is-type-video is-provider-youtube wp-block-embed-youtube wp-embed-aspect-9-16 wp-has-aspect-ratio\"><div class=\"wp-block-embed__wrapper\"> <iframe loading=\"lazy\" title=\"Automatic Garlic Peeling Line \u2013 Continuous Feeding &amp; Perfect Clove Integrity! #garlic #peeling\" width=\"422\" height=\"750\" src=\"https:\/\/www.youtube.com\/embed\/VhptQyFim8Y?feature=oembed\" frameborder=\"0\" allow=\"accelerometer; autoplay; clipboard-write; encrypted-media; gyroscope; picture-in-picture; web-share\" referrerpolicy=\"strict-origin-when-cross-origin\" allowfullscreen><\/iframe> <\/div><figcaption class=\"wp-element-caption\">V\u00eddeo de Funcionamento da M\u00e1quina de Descascamento de Alho<\/figcaption><\/figure>    <h2 class=\"wp-block-heading\">Por que precisar comprar um <a href=\"https:\/\/en.wikipedia.org\/wiki\/Garlic\" data-type=\"link\" data-id=\"https:\/\/en.wikipedia.org\/wiki\/Garlic\" target=\"_blank\" rel=\"noopener\">alho<\/a> m\u00e1quina de descascar?<\/h2>    <div class=\"wp-block-media-text is-stacked-on-mobile\"><figure class=\"wp-block-media-text__media\"><img loading=\"lazy\" decoding=\"async\" width=\"720\" height=\"540\" src=\"https:\/\/topfoodmachine.com\/wp-content\/uploads\/2022\/07\/garlic-peeler-for-sale.webp\" alt=\"descascador de alho \u00e0 venda\" class=\"wp-image-1427 size-full\" srcset=\"https:\/\/topfoodmachine.com\/wp-content\/uploads\/2022\/07\/garlic-peeler-for-sale.webp 720w, https:\/\/topfoodmachine.com\/wp-content\/uploads\/2022\/07\/garlic-peeler-for-sale-300x225.webp 300w, https:\/\/topfoodmachine.com\/wp-content\/uploads\/2022\/07\/garlic-peeler-for-sale-16x12.webp 16w\" sizes=\"auto, (max-width: 720px) 100vw, 720px\" \/><\/figure><div class=\"wp-block-media-text__content\"> <ul class=\"wp-block-list\"> <li><strong>Alta efici\u00eancia para produ\u00e7\u00e3o em grande escala<\/strong> <ul class=\"wp-block-list\"> <li>Alimenta\u00e7\u00e3o cont\u00ednua por esteira de corrente permite opera\u00e7\u00e3o totalmente autom\u00e1tica, com produ\u00e7\u00e3o at\u00e9 <strong>1000 kg\/h<\/strong>, ideal para processamento industrial.<\/li> <\/ul> <\/li>    <li><strong>Desempenho de descascamento excepcional (95%\u201398%)<\/strong> <ul class=\"wp-block-list\"> <li>Oferece uma alta taxa de descascamento enquanto mant\u00e9m os dentes de alho inteiros e sem danos, garantindo maior rendimento utiliz\u00e1vel e reduzindo o desperd\u00edcio de mat\u00e9ria-prima.<\/li> <\/ul> <\/li>    <li><strong>Alimenta\u00e7\u00e3o Suave, Est\u00e1vel e Ajust\u00e1vel<\/strong> <ul class=\"wp-block-list\"> <li>A alimenta\u00e7\u00e3o por corrente \u00e9 consistente e ajust\u00e1vel, tornando-se perfeita para integra\u00e7\u00e3o com separadores, classificadores e m\u00e1quinas de embalagem de alho em linhas de produ\u00e7\u00e3o automatizadas.<\/li> <\/ul> <\/li> <\/ul> <\/div><\/div>    <div class=\"wp-block-media-text has-media-on-the-right is-stacked-on-mobile\"><div class=\"wp-block-media-text__content\"> <ul class=\"wp-block-list\"> <li><strong>Descascamento Pneum\u00e1tico Seco\u2014Sem Necessidade de \u00c1gua<\/strong><br>Previne mofo, deteriora\u00e7\u00e3o e descolora\u00e7\u00e3o. Mant\u00e9m a apar\u00eancia e qualidade naturais do alho, especialmente importante para mercados de exporta\u00e7\u00e3o.<\/li>    <li><strong>Dur\u00e1vel e F\u00e1cil de Manter<\/strong><br>Constru\u00edda em a\u00e7o inoxid\u00e1vel SUS304 para resist\u00eancia \u00e0 corros\u00e3o e higiene. Design de baixa manuten\u00e7\u00e3o com menos pe\u00e7as de desgaste.<\/li>    <li><strong>Compat\u00edvel com Padr\u00f5es Globais de Voltagem<\/strong><br>Suporta <strong>110V \/ 220V \/ 380V<\/strong>, adequado para diferentes pa\u00edses, com personaliza\u00e7\u00e3o dispon\u00edvel para atender \u00e0s necessidades espec\u00edficas da f\u00e1brica.<\/li> <\/ul> <\/div><figure class=\"wp-block-media-text__media\"><img loading=\"lazy\" decoding=\"async\" width=\"720\" height=\"540\" src=\"https:\/\/topfoodmachine.com\/wp-content\/uploads\/2022\/07\/garlic-peeler-for-business.webp\" alt=\"descascador de alho para neg\u00f3cios\" class=\"wp-image-1426 size-full\" srcset=\"https:\/\/topfoodmachine.com\/wp-content\/uploads\/2022\/07\/garlic-peeler-for-business.webp 720w, https:\/\/topfoodmachine.com\/wp-content\/uploads\/2022\/07\/garlic-peeler-for-business-300x225.webp 300w, https:\/\/topfoodmachine.com\/wp-content\/uploads\/2022\/07\/garlic-peeler-for-business-16x12.webp 16w\" sizes=\"auto, (max-width: 720px) 100vw, 720px\" \/><\/figure><\/div>    <h2 class=\"wp-block-heading\">Vendo pequena m\u00e1quina descascadora de alho<\/h2>    <p>Esta m\u00e1quina de descascar alho tem um tamanho pequeno e bom desempenho. \u00c9 ideal para f\u00e1bricas de processamento de vegetais, lojas de vegetais, restaurantes, fam\u00edlias, etc. <\/p>    <p>Existem tr\u00eas modelos desta m\u00e1quina em nossa f\u00e1brica, TZ-100, TZ-150 e TZ-300. Eles t\u00eam diferentes capacidades de produ\u00e7\u00e3o, tamanhos, pesos, etc. A capacidade deste descascador de alho pode chegar a 300 kg por hora. <\/p>    <p>A m\u00e1quina precisa ser equipada com um compressor de ar. E eles podem descascar cebolas com menos de 4 cm de di\u00e2metro. Para pre\u00e7os detalhados da m\u00e1quina descascadora pequena, voc\u00ea pode nos contatar a qualquer momento.<\/p>    <figure class=\"wp-block-image size-full\"><img loading=\"lazy\" decoding=\"async\" width=\"720\" height=\"540\" src=\"https:\/\/topfoodmachine.com\/wp-content\/uploads\/2022\/07\/garlic-peeling-machine.jpg\" alt=\"m\u00e1quina de descascar alho\" class=\"wp-image-178\" srcset=\"https:\/\/topfoodmachine.com\/wp-content\/uploads\/2022\/07\/garlic-peeling-machine.jpg 720w, https:\/\/topfoodmachine.com\/wp-content\/uploads\/2022\/07\/garlic-peeling-machine-300x225.jpg 300w\" sizes=\"auto, (max-width: 720px) 100vw, 720px\" \/><figcaption class=\"wp-element-caption\">m\u00e1quina de descascar alho pequena<\/figcaption><\/figure>    <h2 class=\"wp-block-heading\">Dados t\u00e9cnicos da m\u00e1quina autom\u00e1tica de descascar alho Taizy<\/h2>    <figure class=\"wp-block-table\"><table><tbody><tr><td>Modelo<\/td><td>TZ-100<\/td><td>TZ-150<\/td><td>TZ-300<\/td><\/tr><tr><td>Capacidade<\/td><td>60-100 kg\/hora<\/td><td>100-150 kg\/hora<\/td><td>200-300 kg\/hora<\/td><\/tr><tr><td>Fluxo de ar<\/td><td>1,05m\u00b3\/min<\/td><td>1,60m\u00b3\/min<\/td><td>4m\u00b3\/min<\/td><\/tr><tr><td>Com poder a\u00e9reo<\/td><td>5,5-7,5 kW<\/td><td>7,5-11 kW<\/td><td>15 kW<\/td><\/tr><tr><td>Com press\u00e3o de ar<\/td><td>7-9g\/c\u33a1<\/td><td>7-9g\/c\u33a1<\/td><td>7-9g\/c\u33a1<\/td><\/tr><tr><td>Poder total<\/td><td>0,2 kW<\/td><td>0,2 kW<\/td><td>0,4 kW<\/td><\/tr><tr><td>Taxa de descascamento<\/td><td>95-98%<\/td><td>95-98%<\/td><td>95-98%<\/td><\/tr><tr><td>Tamanho<\/td><td>600*600*1350mm<\/td><td>650*950*1750mm<\/td><td>650*950*1750mm<\/td><\/tr><tr><td>Peso<\/td><td>650kg<\/td><td>800kg<\/td><td>850kg<\/td><\/tr><\/tbody><\/table><figcaption class=\"wp-element-caption\">par\u00e2metros da m\u00e1quina de descascar alho<\/figcaption><\/figure>    <h2 class=\"wp-block-heading\">M\u00e1quina de descascar alho de alta capacidade \u00e0 venda<\/h2>    <p>Esta m\u00e1quina de descascar alho tipo corrente \u00e9 totalmente autom\u00e1tica e eficiente. Sua capacidade de processamento varia de 200KG por hora a 1000KG por hora. Esta m\u00e1quina removedora de pele de alho possui a fun\u00e7\u00e3o de divis\u00e3o, alimenta\u00e7\u00e3o e descasque totalmente autom\u00e1ticas. A pele e o alho s\u00e3o separados sem qualquer dano. <\/p>    <p>Com uma estrutura simples e um excelente design, \u00e9 muito f\u00e1cil de operar e manter. Al\u00e9m disso, o descascador de alho comercial utiliza o princ\u00edpio pneum\u00e1tico, os dentes de alho podem ser divididos e descascados sem imers\u00e3o em \u00e1gua.<\/p>    <figure class=\"wp-block-image size-full\"><img loading=\"lazy\" decoding=\"async\" width=\"720\" height=\"540\" src=\"https:\/\/topfoodmachine.com\/wp-content\/uploads\/2022\/07\/high-capacity-chain-type-garlic-peeler.jpg\" alt=\"descascador de alho tipo corrente de alta capacidade\" class=\"wp-image-180\" srcset=\"https:\/\/topfoodmachine.com\/wp-content\/uploads\/2022\/07\/high-capacity-chain-type-garlic-peeler.jpg 720w, https:\/\/topfoodmachine.com\/wp-content\/uploads\/2022\/07\/high-capacity-chain-type-garlic-peeler-300x225.jpg 300w\" sizes=\"auto, (max-width: 720px) 100vw, 720px\" \/><figcaption class=\"wp-element-caption\">descascador de alho tipo corrente de alta capacidade<\/figcaption><\/figure>    <h2 class=\"wp-block-heading\">Par\u00e2metros da m\u00e1quina de descascar alho totalmente autom\u00e1tica<\/h2>    <figure class=\"wp-block-table\"><table><tbody><tr><td>Modelo<\/td><td>Tens\u00e3o<\/td><td>Poder<\/td><td>Dimens\u00e3o (mm)<\/td><td>Capacidade<\/td><\/tr><tr><td>SL-200<\/td><td>110-220-380v<\/td><td>1100 W<\/td><td>1300*550*1400<\/td><td>200kg\/h<\/td><\/tr><tr><td>SL-400<\/td><td>110-220-380v<\/td><td>1200 W<\/td><td>1620*550*1400<\/td><td>400kg\/hora<\/td><\/tr><tr><td>SL-600<\/td><td>110-220-380v<\/td><td>1500W<\/td><td>1820*600*1400<\/td><td>600kg\/hora<\/td><\/tr><tr><td>SL-1000<\/td><td>110-220-380v<\/td><td>3000W<\/td><td>2800*980*1700<\/td><td>1000kg\/hora<\/td><\/tr><\/tbody><\/table><figcaption class=\"wp-element-caption\">m\u00e1quina descascadora de alho totalmente autom\u00e1tica<\/figcaption><\/figure>    <h2 class=\"wp-block-heading\">Como funciona a m\u00e1quina de descascar alho?<\/h2>    <div class=\"wp-block-media-text is-stacked-on-mobile\"><figure class=\"wp-block-media-text__media\"><img loading=\"lazy\" decoding=\"async\" width=\"720\" height=\"540\" src=\"https:\/\/topfoodmachine.com\/wp-content\/uploads\/2022\/07\/garlic-peeler.webp\" alt=\"descascador de alho\" class=\"wp-image-1428 size-full\" srcset=\"https:\/\/topfoodmachine.com\/wp-content\/uploads\/2022\/07\/garlic-peeler.webp 720w, https:\/\/topfoodmachine.com\/wp-content\/uploads\/2022\/07\/garlic-peeler-300x225.webp 300w, https:\/\/topfoodmachine.com\/wp-content\/uploads\/2022\/07\/garlic-peeler-16x12.webp 16w\" sizes=\"auto, (max-width: 720px) 100vw, 720px\" \/><\/figure><div class=\"wp-block-media-text__content\"> <ul class=\"wp-block-list\"> <li><strong>Alimenta\u00e7\u00e3o por Esteira de Corrente<\/strong> <ul class=\"wp-block-list\"> <li>Os dentes de alho pr\u00e9-processados ou separados s\u00e3o entregues na esteira de corrente, que os move para frente a uma velocidade est\u00e1vel e controlada.<\/li> <\/ul> <\/li>    <li><strong>Descascamento Pneum\u00e1tico Seco<\/strong> <ul class=\"wp-block-list\"> <li>\u00c0 medida que o alho entra na c\u00e2mara de descascamento, ar comprimido de alta velocidade e um tambor rotativo com componentes de fric\u00e7\u00e3o suave removem as cascas rapidamente e sem danificar os dentes.<\/li> <\/ul> <\/li>    <li><strong>Separa\u00e7\u00e3o e descarregamento autom\u00e1ticos da casca<\/strong> <ul class=\"wp-block-list\"> <li>O fluxo de ar leva as cascas desprendidas para fora atrav\u00e9s de uma sa\u00edda, enquanto os dentes de alho limpos e descascados s\u00e3o descarregados suavemente para a pr\u00f3xima etapa do processamento.<\/li> <\/ul> <\/li> <\/ul> <\/div><\/div>    <h2 class=\"wp-block-heading\">M\u00e1quina de suporte do descascador de alho<\/h2>    <p class=\"translation-block\">O descascador de alho se encaixa perfeitamente com a <a href=\"https:\/\/topfoodmachine.com\/pt\/product\/garlic-bulb-separating-machine\/\" data-type=\"link\" data-id=\"https:\/\/topfoodmachine.com\/product\/garlic-bulb-separating-machine\/\">M\u00e1quina Separadora de Bulbos de Alho<\/a>, aumentando a efici\u00eancia do processamento de alho. Enquanto o descascador remove as peles rapidamente e com precis\u00e3o, a M\u00e1quina Separadora acelera a separa\u00e7\u00e3o dos bulbos, otimizando a produ\u00e7\u00e3o. <\/p>    <p>Juntos, eles otimizam o fluxo de trabalho, reduzem o trabalho e maximizam a produ\u00e7\u00e3o. Descubra como esta solu\u00e7\u00e3o integrada pode elevar suas opera\u00e7\u00f5es de processamento de alho. Entre em contato conosco hoje para saber mais sobre nosso equipamento de processamento de alho.<\/p>    <figure class=\"wp-block-image size-full\"><img loading=\"lazy\" decoding=\"async\" width=\"720\" height=\"540\" src=\"https:\/\/topfoodmachine.com\/wp-content\/uploads\/2024\/05\/1000-Garlic-Clove-Separating-Machine.webp\" alt=\"M\u00e1quina de Separa\u00e7\u00e3o de Dentes de Alho 1000\" class=\"wp-image-1347\" srcset=\"https:\/\/topfoodmachine.com\/wp-content\/uploads\/2024\/05\/1000-Garlic-Clove-Separating-Machine.webp 720w, https:\/\/topfoodmachine.com\/wp-content\/uploads\/2024\/05\/1000-Garlic-Clove-Separating-Machine-300x225.webp 300w, https:\/\/topfoodmachine.com\/wp-content\/uploads\/2024\/05\/1000-Garlic-Clove-Separating-Machine-16x12.webp 16w\" sizes=\"auto, (max-width: 720px) 100vw, 720px\" \/><figcaption class=\"wp-element-caption\">M\u00e1quina de Separa\u00e7\u00e3o de Dentes de Alho 1000<\/figcaption><\/figure>    <h2 class=\"wp-block-heading\">Por que nos escolher como seu principal fornecedor de m\u00e1quinas para descascar alho? &nbsp;<\/h2>    <p>Fundada em 2011, a Taizy \u00e9 uma fabricante e exportadora abrangente de m\u00e1quinas de processamento de alimentos. Nossos produtos foram exportados com sucesso para mais de 80 pa\u00edses e regi\u00f5es. A m\u00e1quina descascadora de alho \u00e9 um dos nossos produtos bastante procurados. <\/p>    <p>Atualmente, existem principalmente dois tipos de m\u00e1quinas descascadoras de alho Taizy \u00e0 venda, um descascador de alho pequeno e uma m\u00e1quina descascadora de alho industrial de alta capacidade. Ambas desfrutam de boa qualidade e bom pre\u00e7o. E s\u00e3o adequadas para diferentes requisitos e or\u00e7amentos de descascamento de alho. <\/p>    <p>Voc\u00ea quer saber mais detalhes sobre essas m\u00e1quinas? Entre em contato conosco hoje para as informa\u00e7\u00f5es mais recentes e o melhor pre\u00e7o.<\/p>    <div class=\"wp-block-columns is-layout-flex wp-container-core-columns-is-layout-28f84493 wp-block-columns-is-layout-flex\"> <div class=\"wp-block-column is-layout-flow wp-block-column-is-layout-flow\"> <figure class=\"wp-block-image size-full\"><img loading=\"lazy\" decoding=\"async\" width=\"720\" height=\"540\" src=\"https:\/\/topfoodmachine.com\/wp-content\/uploads\/2022\/07\/small-garlic-peeling-machine-factory.jpg\" alt=\"f\u00e1brica de m\u00e1quinas descascadoras de alho pequenas\" class=\"wp-image-382\" srcset=\"https:\/\/topfoodmachine.com\/wp-content\/uploads\/2022\/07\/small-garlic-peeling-machine-factory.jpg 720w, https:\/\/topfoodmachine.com\/wp-content\/uploads\/2022\/07\/small-garlic-peeling-machine-factory-300x225.jpg 300w\" sizes=\"auto, (max-width: 720px) 100vw, 720px\" \/><figcaption class=\"wp-element-caption\">f\u00e1brica de m\u00e1quinas descascadoras de alho pequenas<\/figcaption><\/figure> <\/div>    <div class=\"wp-block-column is-layout-flow wp-block-column-is-layout-flow\"> <figure class=\"wp-block-image size-full\"><img loading=\"lazy\" decoding=\"async\" width=\"720\" height=\"540\" src=\"https:\/\/topfoodmachine.com\/wp-content\/uploads\/2022\/07\/large-automatic-garlic-peeler.jpg\" alt=\"descascador de alho autom\u00e1tico grande\" class=\"wp-image-384\" srcset=\"https:\/\/topfoodmachine.com\/wp-content\/uploads\/2022\/07\/large-automatic-garlic-peeler.jpg 720w, https:\/\/topfoodmachine.com\/wp-content\/uploads\/2022\/07\/large-automatic-garlic-peeler-300x225.jpg 300w\" sizes=\"auto, (max-width: 720px) 100vw, 720px\" \/><figcaption class=\"wp-element-caption\">descascador de alho autom\u00e1tico grande<\/figcaption><\/figure> <\/div> <\/div>    <h2 class=\"wp-block-heading\">Entre em contato conosco agora!<\/h2>    <p>A M\u00e1quina Descascadora de Alho n\u00e3o apenas lida de forma eficiente com as tarefas de descascamento de alho, mas tamb\u00e9m aumenta significativamente a efici\u00eancia da produ\u00e7\u00e3o. Com seu design avan\u00e7ado e desempenho confi\u00e1vel, \u00e9 a escolha ideal para o processamento de descascamento de alho. <\/p>    <p>Se voc\u00ea est\u00e1 procurando equipamentos que economizem tempo, aumentem a produ\u00e7\u00e3o e garantam qualidade, nossa M\u00e1quina Descascadora de Alho \u00e9 sua melhor op\u00e7\u00e3o. Entre em contato conosco agora para saber mais ou agendar um teste, e otimize seu processo de produ\u00e7\u00e3o com efici\u00eancia e facilidade.<\/p>    <figure class=\"wp-block-image size-full\"><img loading=\"lazy\" decoding=\"async\" width=\"720\" height=\"540\" src=\"https:\/\/topfoodmachine.com\/wp-content\/uploads\/2022\/07\/automatic-garlic-peeler.webp\" alt=\"descascador de alho autom\u00e1tico\" class=\"wp-image-1425\" srcset=\"https:\/\/topfoodmachine.com\/wp-content\/uploads\/2022\/07\/automatic-garlic-peeler.webp 720w, https:\/\/topfoodmachine.com\/wp-content\/uploads\/2022\/07\/automatic-garlic-peeler-300x225.webp 300w, https:\/\/topfoodmachine.com\/wp-content\/uploads\/2022\/07\/automatic-garlic-peeler-16x12.webp 16w\" sizes=\"auto, (max-width: 720px) 100vw, 720px\" \/><figcaption class=\"wp-element-caption\">descascador de alho autom\u00e1tico<\/figcaption><\/figure>","protected":false},"excerpt":{"rendered":"<p>A M\u00e1quina de Descascar Alho \u00e9 um dispositivo de alta efici\u00eancia para descascamento limpo e higi\u00e9nico de alho seco, adequado para f\u00e1bricas de alimentos, explora\u00e7\u00f5es agr\u00edcolas, restaurantes e mercados.<\/p>","protected":false},"author":1,"featured_media":178,"parent":0,"template":"","tags":[15,33,49],"product-type":[3],"class_list":["post-176","product","type-product","status-publish","has-post-thumbnail","hentry","tag-fruit-vegetable-processing-machine","tag-garlic","tag-peeling-machine","product-type-fruit-vegetable-processing-machine"],"_links":{"self":[{"href":"https:\/\/topfoodmachine.com\/pt\/wp-json\/wp\/v2\/product\/176","targetHints":{"allow":["GET"]}}],"collection":[{"href":"https:\/\/topfoodmachine.com\/pt\/wp-json\/wp\/v2\/product"}],"about":[{"href":"https:\/\/topfoodmachine.com\/pt\/wp-json\/wp\/v2\/types\/product"}],"author":[{"embeddable":true,"href":"https:\/\/topfoodmachine.com\/pt\/wp-json\/wp\/v2\/users\/1"}],"wp:featuredmedia":[{"embeddable":true,"href":"https:\/\/topfoodmachine.com\/pt\/wp-json\/wp\/v2\/media\/178"}],"wp:attachment":[{"href":"https:\/\/topfoodmachine.com\/pt\/wp-json\/wp\/v2\/media?parent=176"}],"wp:term":[{"taxonomy":"post_tag","embeddable":true,"href":"https:\/\/topfoodmachine.com\/pt\/wp-json\/wp\/v2\/tags?post=176"},{"taxonomy":"product-type","embeddable":true,"href":"https:\/\/topfoodmachine.com\/pt\/wp-json\/wp\/v2\/product-type?post=176"}],"curies":[{"name":"wp","href":"https:\/\/api.w.org\/{rel}","templated":true}]}}