{"id":1744,"date":"2025-02-05T17:20:54","date_gmt":"2025-02-05T09:20:54","guid":{"rendered":"https:\/\/topfoodmachine.com\/?post_type=product&#038;p=1744"},"modified":"2025-02-06T09:36:08","modified_gmt":"2025-02-06T01:36:08","slug":"automatic-dumpling-making-machine","status":"publish","type":"product","link":"https:\/\/topfoodmachine.com\/pt\/product\/automatic-dumpling-making-machine\/","title":{"rendered":"M\u00e1quina autom\u00e1tica de fazer bolinhos"},"content":{"rendered":"<div class=\"kk-star-ratings kksr-auto kksr-align-left kksr-valign-top\"     data-payload='{&quot;align&quot;:&quot;left&quot;,&quot;id&quot;:&quot;1744&quot;,&quot;slug&quot;:&quot;default&quot;,&quot;valign&quot;:&quot;top&quot;,&quot;ignore&quot;:&quot;&quot;,&quot;reference&quot;:&quot;auto&quot;,&quot;class&quot;:&quot;&quot;,&quot;count&quot;:&quot;26&quot;,&quot;legendonly&quot;:&quot;&quot;,&quot;readonly&quot;:&quot;&quot;,&quot;score&quot;:&quot;4.7&quot;,&quot;starsonly&quot;:&quot;&quot;,&quot;best&quot;:&quot;5&quot;,&quot;gap&quot;:&quot;5&quot;,&quot;greet&quot;:&quot;Rate this product&quot;,&quot;legend&quot;:&quot;4.7\\\/5 - (26 votes)&quot;,&quot;size&quot;:&quot;24&quot;,&quot;title&quot;:&quot;Automatic dumpling making machine&quot;,&quot;width&quot;:&quot;133.8&quot;,&quot;_legend&quot;:&quot;{score}\\\/{best} - ({count} {votes})&quot;,&quot;font_factor&quot;:&quot;1.25&quot;}'>              <div class=\"kksr-stars\">      <div class=\"kksr-stars-inactive\">             <div class=\"kksr-star\" data-star=\"1\" style=\"padding-right: 5px\">               <div class=\"kksr-icon\" style=\"width: 24px; height: 24px;\"><\/div>         <\/div>             <div class=\"kksr-star\" data-star=\"2\" style=\"padding-right: 5px\">               <div class=\"kksr-icon\" style=\"width: 24px; height: 24px;\"><\/div>         <\/div>             <div class=\"kksr-star\" data-star=\"3\" style=\"padding-right: 5px\">               <div class=\"kksr-icon\" style=\"width: 24px; height: 24px;\"><\/div>         <\/div>             <div class=\"kksr-star\" data-star=\"4\" style=\"padding-right: 5px\">               <div class=\"kksr-icon\" style=\"width: 24px; height: 24px;\"><\/div>         <\/div>             <div class=\"kksr-star\" data-star=\"5\" style=\"padding-right: 5px\">               <div class=\"kksr-icon\" style=\"width: 24px; height: 24px;\"><\/div>         <\/div>     <\/div>      <div class=\"kksr-stars-active\" style=\"width: 133.8px;\">             <div class=\"kksr-star\" style=\"padding-right: 5px\">               <div class=\"kksr-icon\" style=\"width: 24px; height: 24px;\"><\/div>         <\/div>             <div class=\"kksr-star\" style=\"padding-right: 5px\">               <div class=\"kksr-icon\" style=\"width: 24px; height: 24px;\"><\/div>         <\/div>             <div class=\"kksr-star\" style=\"padding-right: 5px\">               <div class=\"kksr-icon\" style=\"width: 24px; height: 24px;\"><\/div>         <\/div>             <div class=\"kksr-star\" style=\"padding-right: 5px\">               <div class=\"kksr-icon\" style=\"width: 24px; height: 24px;\"><\/div>         <\/div>             <div class=\"kksr-star\" style=\"padding-right: 5px\">               <div class=\"kksr-icon\" style=\"width: 24px; height: 24px;\"><\/div>         <\/div>     <\/div> <\/div>                   <div class=\"kksr-legend\" style=\"font-size: 19.2px;\">             4,7\/5 - (26 votos)    <\/div>     <\/div>  <p class=\"translation-block\">A <strong>M\u00e1quina Autom\u00e1tica de Fazer Bolinhos<\/strong> pode produzir uma ampla gama de alimentos recheados, como bolinhos, past\u00e9is de curry, bolinhos de p\u00e9rola, ravioli, bolinhos cozidos no vapor e rolinhos primavera. Com uma <strong>capacidade de produ\u00e7\u00e3o de 4.000\u20136.000 pe\u00e7as por hora<\/strong>, \u00e9 ideal para empresas que buscam aumentar a efici\u00eancia e a produ\u00e7\u00e3o. <\/p>    <p class=\"translation-block\">A m\u00e1quina possui <strong>moldes intercambi\u00e1veis<\/strong>, permitindo f\u00e1cil personaliza\u00e7\u00e3o das formas e tamanhos dos bolinhos para atender a diversas necessidades de produ\u00e7\u00e3o. Feita de <strong>a\u00e7o inoxid\u00e1vel de alta qualidade<\/strong>, garante durabilidade, higiene e f\u00e1cil manuten\u00e7\u00e3o. <\/p>    <figure class=\"wp-block-embed is-type-video is-provider-youtube wp-block-embed-youtube wp-embed-aspect-16-9 wp-has-aspect-ratio\"><div class=\"wp-block-embed__wrapper\"> <iframe loading=\"lazy\" title=\"M\u00e1quina Autom\u00e1tica de Fazer Bolinhos Vers\u00e1til: Fa\u00e7a Bolinhos, P\u00e3es e Mais! #bolinhos #p\u00e3o #maquinadecomida\" width=\"500\" height=\"281\" src=\"https:\/\/www.youtube.com\/embed\/uZloTIwHh6U?feature=oembed\" frameborder=\"0\" allow=\"accelerometer; autoplay; clipboard-write; encrypted-media; gyroscope; picture-in-picture; web-share\" referrerpolicy=\"strict-origin-when-cross-origin\" allowfullscreen><\/iframe> <\/div><figcaption class=\"wp-element-caption\">v\u00eddeo de trabalho da m\u00e1quina autom\u00e1tica de fazer bolinhos<\/figcaption><\/figure>    <h2 class=\"wp-block-heading\">M\u00e1quina autom\u00e1tica de fazer bolinhos \u00e0 venda<\/h2>    <p class=\"translation-block\">A <strong>M\u00e1quina Autom\u00e1tica de Fazer Bolinhos \u00e0 Venda<\/strong> \u00e9 projetada com um <strong>sistema de circula\u00e7\u00e3o de resfriamento a \u00e1gua<\/strong>, prevenindo efetivamente o superaquecimento da massa. Isso garante que as cascas dos bolinhos mantenham sua textura e sabor ideais. <\/p>    <p class=\"translation-block\">A m\u00e1quina \u00e9 equipada com <strong>quatro controladores e um compressor de circula\u00e7\u00e3o de \u00e1gua fria<\/strong>, que trabalham juntos para resfriar a massa, prevenindo problemas de qualidade causados pelo calor excessivo.<\/p>    <figure class=\"wp-block-image size-full\"><img loading=\"lazy\" decoding=\"async\" width=\"720\" height=\"540\" src=\"https:\/\/topfoodmachine.com\/wp-content\/uploads\/2025\/02\/Automatic-dumpling-making-machine-capacity.webp\" alt=\"Capacidade da m\u00e1quina autom\u00e1tica de fazer bolinhos\" class=\"wp-image-1746\" srcset=\"https:\/\/topfoodmachine.com\/wp-content\/uploads\/2025\/02\/Automatic-dumpling-making-machine-capacity.webp 720w, https:\/\/topfoodmachine.com\/wp-content\/uploads\/2025\/02\/Automatic-dumpling-making-machine-capacity-300x225.webp 300w, https:\/\/topfoodmachine.com\/wp-content\/uploads\/2025\/02\/Automatic-dumpling-making-machine-capacity-16x12.webp 16w\" sizes=\"auto, (max-width: 720px) 100vw, 720px\" \/><figcaption class=\"wp-element-caption\">Capacidade da m\u00e1quina autom\u00e1tica de fazer bolinhos<\/figcaption><\/figure>    <p class=\"translation-block\">Constru\u00edda em <strong>a\u00e7o inoxid\u00e1vel de alta qualidade<\/strong>, a m\u00e1quina \u00e9 <strong>higi\u00eanica, f\u00e1cil de limpar e simples de manter<\/strong>, tornando-a uma escolha confi\u00e1vel para ambientes de produ\u00e7\u00e3o de alimentos. Al\u00e9m disso, possui um <strong>painel de controle computadorizado avan\u00e7ado<\/strong> com um <strong>inversor de frequ\u00eancia vari\u00e1vel (VFD) para ajuste cont\u00ednuo de velocidade<\/strong>, permitindo que os usu\u00e1rios controlem precisamente a velocidade e a consist\u00eancia da produ\u00e7\u00e3o. <\/p>    <p class=\"translation-block\">Com sua <strong>alta efici\u00eancia e funcionalidade vers\u00e1til<\/strong>, esta m\u00e1quina de bolinhos \u00e9 ideal para restaurantes, f\u00e1bricas de alimentos e neg\u00f3cios de alimentos congelados, garantindo tanto produtividade quanto qualidade.<\/p>    <figure class=\"wp-block-image size-full\"><img loading=\"lazy\" decoding=\"async\" width=\"720\" height=\"540\" src=\"https:\/\/topfoodmachine.com\/wp-content\/uploads\/2025\/02\/steamed-stuffed-bun-maker-price.webp\" alt=\"pre\u00e7o da m\u00e1quina de fazer p\u00e3es cozidos no vapor\" class=\"wp-image-1750\" srcset=\"https:\/\/topfoodmachine.com\/wp-content\/uploads\/2025\/02\/steamed-stuffed-bun-maker-price.webp 720w, https:\/\/topfoodmachine.com\/wp-content\/uploads\/2025\/02\/steamed-stuffed-bun-maker-price-300x225.webp 300w, https:\/\/topfoodmachine.com\/wp-content\/uploads\/2025\/02\/steamed-stuffed-bun-maker-price-16x12.webp 16w\" sizes=\"auto, (max-width: 720px) 100vw, 720px\" \/><figcaption class=\"wp-element-caption\">pre\u00e7o da m\u00e1quina de fazer p\u00e3es cozidos no vapor<\/figcaption><\/figure>    <h2 class=\"wp-block-heading\">Aplica\u00e7\u00f5es vers\u00e1teis da m\u00e1quina de fazer p\u00e3es recheados cozidos no vapor<\/h2>    <p class=\"translation-block\">A <strong>m\u00e1quina de fazer p\u00e3es recheados cozidos no vapor<\/strong> \u00e9 uma <strong>m\u00e1quina vers\u00e1til<\/strong> que tamb\u00e9m pode ser usada para a produ\u00e7\u00e3o de bolinhos, tornando-a uma excelente escolha para empresas que buscam diversificar sua linha de produtos.<\/p>    <ul class=\"wp-block-list\"> <li><strong>Moldes intercambi\u00e1veis<\/strong> \u2013 A m\u00e1quina vem com <strong>um molde padr\u00e3o<\/strong>, e moldes adicionais podem ser adquiridos conosco, permitindo a produ\u00e7\u00e3o de v\u00e1rios alimentos recheados.<\/li>    <li><strong>Propor\u00e7\u00e3o precisa de massa e recheio<\/strong> \u2013 Mant\u00e9m uma <strong>propor\u00e7\u00e3o de 1:2 entre pele e recheio<\/strong>, garantindo qualidade e textura consistentes para cada produto.<\/li>    <li><strong>Sistema avan\u00e7ado de resfriamento a \u00e1gua<\/strong> \u2013 Previne o superaquecimento da massa, com <strong>tubos de resfriamento a \u00e1gua duplos conectados \u00e0 sa\u00edda da massa<\/strong> para manter as cascas suaves e intactas.<\/li>    <li><strong>Espessura da massa ajust\u00e1vel<\/strong> \u2013 A <strong>espessura da pele pode ser controlada<\/strong> ajustando a <strong>abertura na sa\u00edda da massa<\/strong>, permitindo personaliza\u00e7\u00e3o com base nas exig\u00eancias do produto.<\/li> <\/ul>    <figure class=\"wp-block-image size-full\"><img loading=\"lazy\" decoding=\"async\" width=\"720\" height=\"540\" src=\"https:\/\/topfoodmachine.com\/wp-content\/uploads\/2025\/02\/commercial-dumpling-machine.webp\" alt=\"m\u00e1quina comercial de bolinhos\" class=\"wp-image-1747\" srcset=\"https:\/\/topfoodmachine.com\/wp-content\/uploads\/2025\/02\/commercial-dumpling-machine.webp 720w, https:\/\/topfoodmachine.com\/wp-content\/uploads\/2025\/02\/commercial-dumpling-machine-300x225.webp 300w, https:\/\/topfoodmachine.com\/wp-content\/uploads\/2025\/02\/commercial-dumpling-machine-16x12.webp 16w\" sizes=\"auto, (max-width: 720px) 100vw, 720px\" \/><figcaption class=\"wp-element-caption\">m\u00e1quina comercial de bolinhos<\/figcaption><\/figure>    <p class=\"translation-block\">Com sua <strong>funcionalidade flex\u00edvel e controle preciso<\/strong>, esta m\u00e1quina \u00e9 um excelente investimento para empresas que produzem p\u00e3es cozidos no vapor, bolinhos e outros alimentos recheados.<\/p>    <h2 class=\"wp-block-heading\">Par\u00e2metros da m\u00e1quina autom\u00e1tica de bolinhos<\/h2>    <figure class=\"wp-block-table\"><table class=\"has-fixed-layout\"><tbody><tr><td>Modelo<\/td><td>ST-770<\/td><\/tr><tr><td>Peso da M\u00e1quina<\/td><td>320kg<\/td><\/tr><tr><td>Peso do Produto<\/td><td>15-60g<\/td><\/tr><tr><td>Capacidade<\/td><td>4.000\u20136.000 pe\u00e7as por hora<\/td><\/tr><tr><td>Tamanho<\/td><td>1100*1000*1300mm<\/td><\/tr><tr><td>Tens\u00e3o<\/td><td>220v, 2.2kw, 50\/60hz<\/td><\/tr><\/tbody><\/table><figcaption class=\"wp-element-caption\">par\u00e2metros da m\u00e1quina autom\u00e1tica de bolinhos<\/figcaption><\/figure>    <h2 class=\"wp-block-heading\">Dicas de uso da m\u00e1quina autom\u00e1tica de bolinhos<\/h2>    <p class=\"translation-block\">A <strong>M\u00e1quina Autom\u00e1tica de Bolinhos<\/strong> \u00e9 um equipamento altamente adapt\u00e1vel que tamb\u00e9m pode produzir <strong>p\u00e3es cozidos no vapor e panquecas recheadas<\/strong>. Para alcan\u00e7ar um desempenho ideal e qualidade do produto, considere as seguintes dicas de uso:<\/p>    <figure class=\"wp-block-image size-full\"><img loading=\"lazy\" decoding=\"async\" width=\"720\" height=\"540\" src=\"https:\/\/topfoodmachine.com\/wp-content\/uploads\/2025\/02\/Automatic-dumpling-making-machine-details.webp\" alt=\"detalhes da m\u00e1quina autom\u00e1tica de fazer bolinhos\" class=\"wp-image-1748\" srcset=\"https:\/\/topfoodmachine.com\/wp-content\/uploads\/2025\/02\/Automatic-dumpling-making-machine-details.webp 720w, https:\/\/topfoodmachine.com\/wp-content\/uploads\/2025\/02\/Automatic-dumpling-making-machine-details-300x225.webp 300w, https:\/\/topfoodmachine.com\/wp-content\/uploads\/2025\/02\/Automatic-dumpling-making-machine-details-16x12.webp 16w\" sizes=\"auto, (max-width: 720px) 100vw, 720px\" \/><figcaption class=\"wp-element-caption\">detalhes da m\u00e1quina autom\u00e1tica de fazer bolinhos<\/figcaption><\/figure>    <h3 class=\"wp-block-heading\"><strong>Dicas de uso principais:<\/strong><\/h3>    <ul class=\"wp-block-list\"> <li><strong>Produ\u00e7\u00e3o de p\u00e3es cozidos no vapor<\/strong> \u2013 \u00c9 essencial confirmar o <strong>tipo de recheio, peso e voltagem da m\u00e1quina<\/strong> para garantir opera\u00e7\u00e3o suave e alta qualidade de sa\u00edda.<\/li>    <li><strong>Produ\u00e7\u00e3o de panquecas recheadas<\/strong> \u2013 Fazer panquecas requer uma <strong>fun\u00e7\u00e3o de prensagem<\/strong>, o que significa que um <strong>compressor de ar \u00e9 necess\u00e1rio<\/strong> para alcan\u00e7ar a espessura e textura desejadas.<\/li>    <li><strong>Considera\u00e7\u00f5es de tamanho<\/strong> \u2013 A <strong>o tamanho m\u00e1ximo do produto \u00e9 15 cm<\/strong>, determinado principalmente pela <strong>configura\u00e7\u00e3o da esteira transportadora<\/strong>, portanto, ajustes podem ser necess\u00e1rios para diferentes tamanhos de produtos.<\/li> <\/ul>    <p class=\"translation-block\">Seguindo essas dicas, os usu\u00e1rios podem <strong>maximizar a versatilidade da m\u00e1quina<\/strong>, garantindo uma produ\u00e7\u00e3o eficiente de bolinhos, p\u00e3es cozidos no vapor e panquecas recheadas com qualidade consistente.<\/p>    <h2 class=\"wp-block-heading\">Pre\u00e7o da m\u00e1quina autom\u00e1tica de fazer bolinhos<\/h2>    <figure class=\"wp-block-image size-full\"><img loading=\"lazy\" decoding=\"async\" width=\"720\" height=\"540\" src=\"https:\/\/topfoodmachine.com\/wp-content\/uploads\/2025\/02\/dumpling-making-machine-structure.webp\" alt=\"estrutura da m\u00e1quina de fazer bolinhos\" class=\"wp-image-1749\" srcset=\"https:\/\/topfoodmachine.com\/wp-content\/uploads\/2025\/02\/dumpling-making-machine-structure.webp 720w, https:\/\/topfoodmachine.com\/wp-content\/uploads\/2025\/02\/dumpling-making-machine-structure-300x225.webp 300w, https:\/\/topfoodmachine.com\/wp-content\/uploads\/2025\/02\/dumpling-making-machine-structure-16x12.webp 16w\" sizes=\"auto, (max-width: 720px) 100vw, 720px\" \/><figcaption class=\"wp-element-caption\">estrutura da m\u00e1quina de fazer bolinhos<\/figcaption><\/figure>    <p class=\"translation-block\">O <strong>custo de uma <a href=\"https:\/\/en.wikipedia.org\/wiki\/Dumpling\" data-type=\"link\" data-id=\"https:\/\/en.wikipedia.org\/wiki\/Dumpling\" target=\"_blank\" rel=\"noopener\">m\u00e1quina autom\u00e1tica de fazer bolinhos<\/a><\/strong> depende de v\u00e1rios fatores, incluindo sua <strong>configura\u00e7\u00e3o, op\u00e7\u00f5es de molde e funcionalidades adicionais<\/strong>. A m\u00e1quina vem com um <strong>molde padr\u00e3o<\/strong>, mas moldes adicionais podem ser personalizados para expandir suas capacidades de produ\u00e7\u00e3o. <\/p>    <p class=\"translation-block\">Para fazer <strong>panquecas recheadas<\/strong>, um <strong>compressor de ar<\/strong> \u00e9 necess\u00e1rio para alcan\u00e7ar a textura adequada atrav\u00e9s da prensagem. Al\u00e9m disso, o <strong>tamanho do produto, tipo de recheio, peso e requisitos de voltagem<\/strong> desempenham um papel na determina\u00e7\u00e3o do modelo mais adequado. <\/p>    <p>Para encontrar a melhor m\u00e1quina para suas necessidades de produ\u00e7\u00e3o, \u00e9 recomend\u00e1vel consultar-nos para detalhes espec\u00edficos e op\u00e7\u00f5es de personaliza\u00e7\u00e3o.<\/p>    <h2 class=\"wp-block-heading\">Conclus\u00e3o<\/h2>    <figure class=\"wp-block-image size-full\"><img loading=\"lazy\" decoding=\"async\" width=\"720\" height=\"540\" src=\"https:\/\/topfoodmachine.com\/wp-content\/uploads\/2025\/02\/steamed-stuffed-bun-maker.webp\" alt=\"m\u00e1quina de fazer p\u00e3es cozidos no vapor\" class=\"wp-image-1751\" srcset=\"https:\/\/topfoodmachine.com\/wp-content\/uploads\/2025\/02\/steamed-stuffed-bun-maker.webp 720w, https:\/\/topfoodmachine.com\/wp-content\/uploads\/2025\/02\/steamed-stuffed-bun-maker-300x225.webp 300w, https:\/\/topfoodmachine.com\/wp-content\/uploads\/2025\/02\/steamed-stuffed-bun-maker-16x12.webp 16w\" sizes=\"auto, (max-width: 720px) 100vw, 720px\" \/><figcaption class=\"wp-element-caption\">m\u00e1quina de fazer p\u00e3es cozidos no vapor<\/figcaption><\/figure>    <p class=\"translation-block\">A <strong>M\u00e1quina Autom\u00e1tica de Fazer Bolinhos<\/strong> garante <strong>produ\u00e7\u00e3o eficiente e de alta qualidade<\/strong> com <strong>moldes personaliz\u00e1veis, resfriamento avan\u00e7ado e controle preciso<\/strong>. Feita de <strong>a\u00e7o inoxid\u00e1vel<\/strong>, \u00e9 <strong>dura, f\u00e1cil de limpar e ideal para neg\u00f3cios de alimentos<\/strong>.<\/p>    <p class=\"translation-block\">N\u00f3s tamb\u00e9m oferecemos <strong><a href=\"https:\/\/topfoodmachine.com\/pt\/product\/noodle-maker-machine\/\" data-type=\"link\" data-id=\"https:\/\/topfoodmachine.com\/product\/noodle-maker-machine\/\">m\u00e1quinas de fazer macarr\u00e3o<\/a>, <a href=\"https:\/\/topfoodmachine.com\/pt\/product\/tortilla-maker-machine\/\" data-type=\"link\" data-id=\"https:\/\/topfoodmachine.com\/product\/tortilla-maker-machine\/\">m\u00e1quinas de fazer tortillas<\/a> e outros equipamentos de processamento de massa<\/strong>. <strong>Entre em contato conosco agora<\/strong> para detalhes e solu\u00e7\u00f5es personalizadas!<\/p>","protected":false},"excerpt":{"rendered":"<p>A M\u00e1quina Autom\u00e1tica de Fazer Bolinhos pode produzir uma ampla gama de alimentos recheados, como bolinhos, past\u00e9is de curry, bolinhos de p\u00e9rola, ravioli, bolinhos cozidos no vapor e rolinhos primavera. <\/p>","protected":false},"author":1,"featured_media":1745,"parent":0,"template":"","tags":[103,17],"product-type":[6],"class_list":["post-1744","product","type-product","status-publish","has-post-thumbnail","hentry","tag-automatic-dumpling-making-machine","tag-pastry-production-machine","product-type-pastry-production-machine"],"_links":{"self":[{"href":"https:\/\/topfoodmachine.com\/pt\/wp-json\/wp\/v2\/product\/1744","targetHints":{"allow":["GET"]}}],"collection":[{"href":"https:\/\/topfoodmachine.com\/pt\/wp-json\/wp\/v2\/product"}],"about":[{"href":"https:\/\/topfoodmachine.com\/pt\/wp-json\/wp\/v2\/types\/product"}],"author":[{"embeddable":true,"href":"https:\/\/topfoodmachine.com\/pt\/wp-json\/wp\/v2\/users\/1"}],"wp:featuredmedia":[{"embeddable":true,"href":"https:\/\/topfoodmachine.com\/pt\/wp-json\/wp\/v2\/media\/1745"}],"wp:attachment":[{"href":"https:\/\/topfoodmachine.com\/pt\/wp-json\/wp\/v2\/media?parent=1744"}],"wp:term":[{"taxonomy":"post_tag","embeddable":true,"href":"https:\/\/topfoodmachine.com\/pt\/wp-json\/wp\/v2\/tags?post=1744"},{"taxonomy":"product-type","embeddable":true,"href":"https:\/\/topfoodmachine.com\/pt\/wp-json\/wp\/v2\/product-type?post=1744"}],"curies":[{"name":"wp","href":"https:\/\/api.w.org\/{rel}","templated":true}]}}