{"id":1669,"date":"2024-11-14T11:42:42","date_gmt":"2024-11-14T03:42:42","guid":{"rendered":"https:\/\/topfoodmachine.com\/?post_type=product&#038;p=1669"},"modified":"2024-11-14T11:42:43","modified_gmt":"2024-11-14T03:42:43","slug":"carrot-peeler-machine","status":"publish","type":"product","link":"https:\/\/topfoodmachine.com\/pt\/product\/carrot-peeler-machine\/","title":{"rendered":"m\u00e1quina descascadora de cenouras"},"content":{"rendered":"<div class=\"kk-star-ratings kksr-auto kksr-align-left kksr-valign-top\"     data-payload='{&quot;align&quot;:&quot;left&quot;,&quot;id&quot;:&quot;1669&quot;,&quot;slug&quot;:&quot;default&quot;,&quot;valign&quot;:&quot;top&quot;,&quot;ignore&quot;:&quot;&quot;,&quot;reference&quot;:&quot;auto&quot;,&quot;class&quot;:&quot;&quot;,&quot;count&quot;:&quot;17&quot;,&quot;legendonly&quot;:&quot;&quot;,&quot;readonly&quot;:&quot;&quot;,&quot;score&quot;:&quot;4.6&quot;,&quot;starsonly&quot;:&quot;&quot;,&quot;best&quot;:&quot;5&quot;,&quot;gap&quot;:&quot;5&quot;,&quot;greet&quot;:&quot;Rate this product&quot;,&quot;legend&quot;:&quot;4.6\\\/5 - (17 votes)&quot;,&quot;size&quot;:&quot;24&quot;,&quot;title&quot;:&quot;Carrot peeler machine&quot;,&quot;width&quot;:&quot;130.9&quot;,&quot;_legend&quot;:&quot;{score}\\\/{best} - ({count} {votes})&quot;,&quot;font_factor&quot;:&quot;1.25&quot;}'>              <div class=\"kksr-stars\">      <div class=\"kksr-stars-inactive\">             <div class=\"kksr-star\" data-star=\"1\" style=\"padding-right: 5px\">               <div class=\"kksr-icon\" style=\"width: 24px; height: 24px;\"><\/div>         <\/div>             <div class=\"kksr-star\" data-star=\"2\" style=\"padding-right: 5px\">               <div class=\"kksr-icon\" style=\"width: 24px; height: 24px;\"><\/div>         <\/div>             <div class=\"kksr-star\" data-star=\"3\" style=\"padding-right: 5px\">               <div class=\"kksr-icon\" style=\"width: 24px; height: 24px;\"><\/div>         <\/div>             <div class=\"kksr-star\" data-star=\"4\" style=\"padding-right: 5px\">               <div class=\"kksr-icon\" style=\"width: 24px; height: 24px;\"><\/div>         <\/div>             <div class=\"kksr-star\" data-star=\"5\" style=\"padding-right: 5px\">               <div class=\"kksr-icon\" style=\"width: 24px; height: 24px;\"><\/div>         <\/div>     <\/div>      <div class=\"kksr-stars-active\" style=\"width: 130.9px;\">             <div class=\"kksr-star\" style=\"padding-right: 5px\">               <div class=\"kksr-icon\" style=\"width: 24px; height: 24px;\"><\/div>         <\/div>             <div class=\"kksr-star\" style=\"padding-right: 5px\">               <div class=\"kksr-icon\" style=\"width: 24px; height: 24px;\"><\/div>         <\/div>             <div class=\"kksr-star\" style=\"padding-right: 5px\">               <div class=\"kksr-icon\" style=\"width: 24px; height: 24px;\"><\/div>         <\/div>             <div class=\"kksr-star\" style=\"padding-right: 5px\">               <div class=\"kksr-icon\" style=\"width: 24px; height: 24px;\"><\/div>         <\/div>             <div class=\"kksr-star\" style=\"padding-right: 5px\">               <div class=\"kksr-icon\" style=\"width: 24px; height: 24px;\"><\/div>         <\/div>     <\/div> <\/div>                   <div class=\"kksr-legend\" style=\"font-size: 19.2px;\">             4,6\/5 - (17 votos)    <\/div>     <\/div>  <p>A M\u00e1quina Descascadora de Cenouras, feita de a\u00e7o inoxid\u00e1vel 304 dur\u00e1vel, \u00e9 projetada para descascamento r\u00e1pido e eficiente com uma capacidade de 1500 cenouras por hora. Com um sistema de l\u00e2minas avan\u00e7ado, garante um descascamento limpo e suave, tornando o processo mais r\u00e1pido e consistente do que o descascamento manual. <\/p>    <p>Esta ferramenta de cozinha inteligente economiza tempo valioso ao permitir que grandes lotes de cenouras sejam descascadas de uma s\u00f3 vez, eliminando a necessidade de descascar cada uma individualmente com uma faca. Perfeita para uso comercial, aumenta a produtividade enquanto mant\u00e9m resultados de alta qualidade.<\/p>    <figure class=\"wp-block-embed is-type-video is-provider-youtube wp-block-embed-youtube wp-embed-aspect-16-9 wp-has-aspect-ratio\"><div class=\"wp-block-embed__wrapper\"> <iframe loading=\"lazy\" title=\"M\u00e1quina Industrial de Descascamento de Cenouras: Perfeita para Processamento de Alto Volume #cenoura #descascamento #vegetais\" width=\"500\" height=\"281\" src=\"https:\/\/www.youtube.com\/embed\/IBCPv5IOAI4?feature=oembed\" frameborder=\"0\" allow=\"accelerometer; autoplay; clipboard-write; encrypted-media; gyroscope; picture-in-picture; web-share\" referrerpolicy=\"strict-origin-when-cross-origin\" allowfullscreen><\/iframe> <\/div><figcaption class=\"wp-element-caption\">V\u00eddeo de trabalho da m\u00e1quina descascadora de cenouras<\/figcaption><\/figure>    <h2 class=\"wp-block-heading\">vantagens da m\u00e1quina descascadora de cenouras<\/h2>    <ul class=\"wp-block-list\"> <li><strong>Material de alta qualidade.<\/strong> Constru\u00edda com a\u00e7o inoxid\u00e1vel e uma superf\u00edcie escovada, a m\u00e1quina \u00e9 dur\u00e1vel, segura e f\u00e1cil de limpar, proporcionando desempenho duradouro.<\/li>    <li><strong>Descasque eficiente.<\/strong> A m\u00e1quina oferece uma alta taxa de descasque com perda m\u00ednima, garantindo uma espessura de descasque ideal e uma superf\u00edcie lisa e uniforme para cada cenoura.<\/li>    <li><strong>Pronta para automa\u00e7\u00e3o.<\/strong> Adequada para integra\u00e7\u00e3o em uma linha de produ\u00e7\u00e3o, a m\u00e1quina apresenta um alto grau de automa\u00e7\u00e3o, melhorando a efici\u00eancia operacional.<\/li>    <li><strong>Opera\u00e7\u00e3o confi\u00e1vel e segura.<\/strong> Com um mecanismo bem projetado, a m\u00e1quina garante opera\u00e7\u00e3o segura e confi\u00e1vel, reduzindo o risco de erros operacionais.<\/li>    <li><strong>Baixa manuten\u00e7\u00e3o.<\/strong> A constru\u00e7\u00e3o em a\u00e7o inoxid\u00e1vel e o design simples facilitam a manuten\u00e7\u00e3o, garantindo desempenho consistente ao longo do tempo.<\/li> <\/ul>    <figure class=\"wp-block-gallery has-nested-images columns-default is-cropped wp-block-gallery-2 is-layout-flex wp-block-gallery-is-layout-flex\"> <figure class=\"wp-block-image size-full\"><img loading=\"lazy\" decoding=\"async\" width=\"720\" height=\"540\" data-id=\"1671\" src=\"https:\/\/topfoodmachine.com\/wp-content\/uploads\/2024\/11\/Carrot-peeler-machine.webp\" alt=\"m\u00e1quina descascadora de cenouras\" class=\"wp-image-1671\" srcset=\"https:\/\/topfoodmachine.com\/wp-content\/uploads\/2024\/11\/Carrot-peeler-machine.webp 720w, https:\/\/topfoodmachine.com\/wp-content\/uploads\/2024\/11\/Carrot-peeler-machine-300x225.webp 300w, https:\/\/topfoodmachine.com\/wp-content\/uploads\/2024\/11\/Carrot-peeler-machine-16x12.webp 16w\" sizes=\"auto, (max-width: 720px) 100vw, 720px\" \/><figcaption class=\"wp-element-caption\">m\u00e1quina descascadora de cenouras<\/figcaption><\/figure>    <figure class=\"wp-block-image size-full\"><img loading=\"lazy\" decoding=\"async\" width=\"720\" height=\"540\" data-id=\"1672\" src=\"https:\/\/topfoodmachine.com\/wp-content\/uploads\/2024\/11\/carrot-peeling-machine-price.webp\" alt=\"pre\u00e7o da m\u00e1quina descascadora de cenouras\" class=\"wp-image-1672\" srcset=\"https:\/\/topfoodmachine.com\/wp-content\/uploads\/2024\/11\/carrot-peeling-machine-price.webp 720w, https:\/\/topfoodmachine.com\/wp-content\/uploads\/2024\/11\/carrot-peeling-machine-price-300x225.webp 300w, https:\/\/topfoodmachine.com\/wp-content\/uploads\/2024\/11\/carrot-peeling-machine-price-16x12.webp 16w\" sizes=\"auto, (max-width: 720px) 100vw, 720px\" \/><figcaption class=\"wp-element-caption\">pre\u00e7o da m\u00e1quina descascadora de cenouras<\/figcaption><\/figure> <\/figure>    <h2 class=\"wp-block-heading\">m\u00e1quina descascadora de cenouras m\u00e1quinas de apoio<\/h2>    <p>A M\u00e1quina Descascadora de Cenouras \u00e9 projetada para trabalhar em harmonia com outros equipamentos para aumentar a efici\u00eancia do processamento e criar uma linha de produ\u00e7\u00e3o totalmente automatizada. <\/p>    <p class=\"translation-block\">Ao combinar o descascador com m\u00e1quinas de apoio como a&nbsp;<strong><a href=\"https:\/\/topfoodmachine.com\/pt\/product\/automatic-vegetable-dicing-machine\/\" data-type=\"link\" data-id=\"https:\/\/topfoodmachine.com\/product\/automatic-vegetable-dicing-machine\/\">M\u00e1quina Autom\u00e1tica de Cortar Legumes<\/a><\/strong>&nbsp;e&nbsp;<strong><a href=\"https:\/\/topfoodmachine.com\/pt\/product\/fruit-and-vegetable-grading-machine\/\" data-type=\"link\" data-id=\"https:\/\/topfoodmachine.com\/product\/fruit-and-vegetable-grading-machine\/\">M\u00e1quina de Classifica\u00e7\u00e3o de Frutas e Legumes<\/a><\/strong>, todo o processo, desde o descascamento at\u00e9 a classifica\u00e7\u00e3o e corte, pode ser otimizado para um desempenho ideal.<\/p>    <ul class=\"wp-block-list\"> <li><strong>M\u00e1quina autom\u00e1tica de corte de legumes.<\/strong>&nbsp;Ap\u00f3s as cenouras serem descascadas, esta m\u00e1quina as corta rapidamente em peda\u00e7os uniformes, aumentando a velocidade e a consist\u00eancia da linha de processamento.<\/li>    <li><strong>M\u00e1quina de classifica\u00e7\u00e3o de frutas e vegetais.<\/strong>&nbsp;Esta m\u00e1quina classifica as cenouras com base no tamanho e na qualidade.<\/li>    <li><strong>Aumento da efici\u00eancia.<\/strong>&nbsp;Combinar essas m\u00e1quinas com a M\u00e1quina Descascadora de Cenouras permite um fluxo de produ\u00e7\u00e3o mais suave e eficiente, reduzindo o trabalho manual e aumentando a produ\u00e7\u00e3o total.<\/li>    <li><strong>Qualidade consistente do produto.<\/strong>&nbsp;Com cada m\u00e1quina desempenhando um papel dedicado, todo o processo mant\u00e9m altos padr\u00f5es de qualidade, garantindo que cada cenoura seja perfeitamente descascada, cortada e classificada para embalagem ou processamento adicional.<\/li> <\/ul>    <figure class=\"wp-block-gallery has-nested-images columns-default is-cropped wp-block-gallery-3 is-layout-flex wp-block-gallery-is-layout-flex\"> <figure class=\"wp-block-image size-large\"><img loading=\"lazy\" decoding=\"async\" width=\"720\" height=\"540\" data-id=\"669\" src=\"https:\/\/topfoodmachine.com\/wp-content\/uploads\/2023\/10\/vegetable-dicing-machine-with-a-good-price.webp\" alt=\"m\u00e1quina de cortar vegetais com bom pre\u00e7o\" class=\"wp-image-669\" srcset=\"https:\/\/topfoodmachine.com\/wp-content\/uploads\/2023\/10\/vegetable-dicing-machine-with-a-good-price.webp 720w, https:\/\/topfoodmachine.com\/wp-content\/uploads\/2023\/10\/vegetable-dicing-machine-with-a-good-price-300x225.webp 300w\" sizes=\"auto, (max-width: 720px) 100vw, 720px\" \/><figcaption class=\"wp-element-caption\">m\u00e1quina de cortar vegetais com bom pre\u00e7o<\/figcaption><\/figure>    <figure class=\"wp-block-image size-large\"><img loading=\"lazy\" decoding=\"async\" width=\"720\" height=\"540\" data-id=\"995\" src=\"https:\/\/topfoodmachine.com\/wp-content\/uploads\/2023\/11\/Fruit-and-vegetable-grading-machine.webp\" alt=\"M\u00e1quina classificadora de frutas e vegetais\" class=\"wp-image-995\" srcset=\"https:\/\/topfoodmachine.com\/wp-content\/uploads\/2023\/11\/Fruit-and-vegetable-grading-machine.webp 720w, https:\/\/topfoodmachine.com\/wp-content\/uploads\/2023\/11\/Fruit-and-vegetable-grading-machine-300x225.webp 300w\" sizes=\"auto, (max-width: 720px) 100vw, 720px\" \/><figcaption class=\"wp-element-caption\">M\u00e1quina classificadora de frutas e vegetais<\/figcaption><\/figure> <\/figure>    <p>Ao incorporar essas m\u00e1quinas de apoio, as empresas podem melhorar significativamente sua produtividade, reduzir desperd\u00edcios e manter a mais alta qualidade no processamento de cenouras.<\/p>    <h2 class=\"wp-block-heading\">Par\u00e2metros da m\u00e1quina descascadora de cenouras<\/h2>    <figure class=\"wp-block-table\"><table class=\"has-fixed-layout\"><tbody><tr><td>Modelo<\/td><td>TZ-500<\/td><\/tr><tr><td>Tamanho<\/td><td>1980*450*1050mm<\/td><\/tr><tr><td>Peso<\/td><td>120kg<\/td><\/tr><tr><td>Tens\u00e3o<\/td><td>220v<\/td><\/tr><tr><td>Poder<\/td><td>500w<\/td><\/tr><tr><td>Material<\/td><td>a\u00e7o inoxid\u00e1vel 304<\/td><\/tr><tr><td>Capacidade<\/td><td>1500pcs\/h<\/td><\/tr><\/tbody><\/table><figcaption class=\"wp-element-caption\">par\u00e2metros da m\u00e1quina descascadora de cenouras<\/figcaption><\/figure>    <figure class=\"wp-block-image size-full\"><img loading=\"lazy\" decoding=\"async\" width=\"720\" height=\"540\" src=\"https:\/\/topfoodmachine.com\/wp-content\/uploads\/2024\/11\/carrot-peeling-machine.webp\" alt=\"m\u00e1quina descascadora de cenouras\" class=\"wp-image-1673\" srcset=\"https:\/\/topfoodmachine.com\/wp-content\/uploads\/2024\/11\/carrot-peeling-machine.webp 720w, https:\/\/topfoodmachine.com\/wp-content\/uploads\/2024\/11\/carrot-peeling-machine-300x225.webp 300w, https:\/\/topfoodmachine.com\/wp-content\/uploads\/2024\/11\/carrot-peeling-machine-16x12.webp 16w\" sizes=\"auto, (max-width: 720px) 100vw, 720px\" \/><figcaption class=\"wp-element-caption\">m\u00e1quina descascadora de cenouras<\/figcaption><\/figure>    <h2 class=\"wp-block-heading\">Perguntas frequentes sobre a m\u00e1quina descascadora de cenouras<\/h2>   <div id=\"rank-math-faq\" class=\"rank-math-block\"> <div class=\"rank-math-list\"> <div id=\"faq-question-1731480129767\" class=\"rank-math-list-item\"> <h3 class=\"rank-math-question\"><strong>Qual \u00e9 a efici\u00eancia de descascamento do <a href=\"https:\/\/en.wikipedia.org\/wiki\/Carrot\" data-type=\"link\" data-id=\"https:\/\/en.wikipedia.org\/wiki\/Carrot\" target=\"_blank\" rel=\"noopener\">Cenoura<\/a> M\u00e1quina Descascadora?<\/strong><\/h3> <div class=\"rank-math-answer\">  <p class=\"translation-block\">A M\u00e1quina Descascadora de Cenouras tem uma alta taxa de descascamento com desperd\u00edcio m\u00ednimo. Ela remove a casca de forma eficiente, mantendo a cenoura intacta, garantindo perda m\u00ednima. A m\u00e1quina normalmente processa at\u00e9 <strong>1500 cenouras por hora<\/strong>, dependendo do tamanho e tipo de cenouras sendo processadas.<\/p>  <\/div> <\/div> <div id=\"faq-question-1731480167029\" class=\"rank-math-list-item\"> <h3 class=\"rank-math-question\"><strong>A M\u00e1quina Descascadora de Cenouras \u00e9 f\u00e1cil de limpar?<\/strong><\/h3> <div class=\"rank-math-answer\">  <p>Sim, a M\u00e1quina Descascadora de Cenouras \u00e9 projetada para f\u00e1cil limpeza. A superf\u00edcie lisa de a\u00e7o inoxid\u00e1vel e a estrutura simples permitem uma limpeza r\u00e1pida e eficaz, garantindo higiene em ambientes de processamento de alimentos.<\/p>  <\/div> <\/div> <div id=\"faq-question-1731480186540\" class=\"rank-math-list-item\"> <h3 class=\"rank-math-question\"><strong>A M\u00e1quina Descascadora de Cenouras pode ser usada para outros vegetais ou frutas?<\/strong><\/h3> <div class=\"rank-math-answer\">  <p>Embora a m\u00e1quina seja projetada principalmente para descascar cenouras, ela tamb\u00e9m pode ser usada para descascar outros vegetais de raiz, como batatas ou beterrabas, dependendo do modelo.<\/p>  <\/div> <\/div> <div id=\"faq-question-1731480213898\" class=\"rank-math-list-item\"> <h3 class=\"rank-math-question\"><strong>Como posso garantir que a espessura do descasque est\u00e1 correta?<\/strong><\/h3> <div class=\"rank-math-answer\">  <p>A M\u00e1quina Descascadora de Cenouras \u00e9 projetada para descascar automaticamente as cenouras com uma espessura ideal que garante desperd\u00edcio m\u00ednimo. Ajustes podem ser feitos para diferentes tipos de cenouras para alcan\u00e7ar um descascamento consistente e preciso.<\/p>  <\/div> <\/div> <div id=\"faq-question-1731480226369\" class=\"rank-math-list-item\"> <h3 class=\"rank-math-question\"><strong>A M\u00e1quina Descascadora de Cenouras pode ser integrada em uma linha de produ\u00e7\u00e3o?<\/strong><\/h3> <div class=\"rank-math-answer\">  <p class=\"translation-block\">Sim, a M\u00e1quina Descascadora de Cenouras pode ser facilmente integrada a uma linha de produ\u00e7\u00e3o automatizada. Ela pode ser emparelhada com outras m\u00e1quinas, como <strong>M\u00e1quinas Autom\u00e1ticas de Corte de Vegetais<\/strong> e <strong>M\u00e1quinas de Classifica\u00e7\u00e3o de Frutas e Vegetais<\/strong>, para otimizar todo o sistema de processamento.<\/p>  <\/div> <\/div> <div id=\"faq-question-1731480249736\" class=\"rank-math-list-item\"> <h3 class=\"rank-math-question\"><strong>Que tipo de manuten\u00e7\u00e3o \u00e9 necess\u00e1ria para a M\u00e1quina Descascadora de Cenouras?<\/strong><\/h3> <div class=\"rank-math-answer\">  <p>A m\u00e1quina requer manuten\u00e7\u00e3o m\u00ednima, envolvendo principalmente limpeza de rotina e verifica\u00e7\u00f5es ocasionais das l\u00e2minas e do motor. Certifique-se de que as l\u00e2minas estejam afiadas quando necess\u00e1rio e que as partes m\u00f3veis sejam lubrificadas regularmente para manter a m\u00e1quina funcionando suavemente.<\/p>  <\/div> <\/div> <\/div> <\/div>   <figure class=\"wp-block-gallery has-nested-images columns-default is-cropped wp-block-gallery-4 is-layout-flex wp-block-gallery-is-layout-flex\"> <figure class=\"wp-block-image size-large\"><img loading=\"lazy\" decoding=\"async\" width=\"720\" height=\"540\" data-id=\"1675\" src=\"https:\/\/topfoodmachine.com\/wp-content\/uploads\/2024\/11\/Carrot-peeler-machine-cutter.webp\" alt=\"cortador da m\u00e1quina descascadora de cenouras\" class=\"wp-image-1675\" srcset=\"https:\/\/topfoodmachine.com\/wp-content\/uploads\/2024\/11\/Carrot-peeler-machine-cutter.webp 720w, https:\/\/topfoodmachine.com\/wp-content\/uploads\/2024\/11\/Carrot-peeler-machine-cutter-300x225.webp 300w, https:\/\/topfoodmachine.com\/wp-content\/uploads\/2024\/11\/Carrot-peeler-machine-cutter-16x12.webp 16w\" sizes=\"auto, (max-width: 720px) 100vw, 720px\" \/><figcaption class=\"wp-element-caption\">cortador da m\u00e1quina descascadora de cenouras<\/figcaption><\/figure>    <figure class=\"wp-block-image size-large\"><img loading=\"lazy\" decoding=\"async\" width=\"720\" height=\"540\" data-id=\"1677\" src=\"https:\/\/topfoodmachine.com\/wp-content\/uploads\/2024\/11\/effective-carrot-peeling-machine.webp\" alt=\"m\u00e1quina descascadora de cenouras eficaz\" class=\"wp-image-1677\" srcset=\"https:\/\/topfoodmachine.com\/wp-content\/uploads\/2024\/11\/effective-carrot-peeling-machine.webp 720w, https:\/\/topfoodmachine.com\/wp-content\/uploads\/2024\/11\/effective-carrot-peeling-machine-300x225.webp 300w, https:\/\/topfoodmachine.com\/wp-content\/uploads\/2024\/11\/effective-carrot-peeling-machine-16x12.webp 16w\" sizes=\"auto, (max-width: 720px) 100vw, 720px\" \/><figcaption class=\"wp-element-caption\">m\u00e1quina descascadora de cenouras eficaz<\/figcaption><\/figure> <\/figure>    <h2 class=\"wp-block-heading\">Conclus\u00e3o<\/h2>    <p>Como um fornecedor l\u00edder na ind\u00fastria de m\u00e1quinas de processamento de alimentos, nossa empresa traz anos de experi\u00eancia, altos padr\u00f5es de qualidade e um compromisso com a satisfa\u00e7\u00e3o do cliente. Oferecemos solu\u00e7\u00f5es personalizadas para atender \u00e0s suas necessidades espec\u00edficas, garantindo que nossas m\u00e1quinas se integrem perfeitamente ao seu processo de produ\u00e7\u00e3o. <\/p>    <p>Se voc\u00ea est\u00e1 procurando aumentar sua produtividade com equipamentos confi\u00e1veis e econ\u00f4micos, encorajamos voc\u00ea a entrar em contato para mais informa\u00e7\u00f5es e um or\u00e7amento personalizado. <\/p>","protected":false},"excerpt":{"rendered":"<p>A M\u00e1quina Descascadora de Cenouras, feita de dur\u00e1vel a\u00e7o inoxid\u00e1vel 304, \u00e9 projetada para descascar rapidamente e de forma eficiente com uma capacidade de 1500 cenouras por hora.<\/p>","protected":false},"author":1,"featured_media":1678,"parent":0,"template":"","tags":[90,30,42],"product-type":[3],"class_list":["post-1669","product","type-product","status-publish","has-post-thumbnail","hentry","tag-carrot-peeler-machine","tag-food-machine","tag-vegetable","product-type-fruit-vegetable-processing-machine"],"_links":{"self":[{"href":"https:\/\/topfoodmachine.com\/pt\/wp-json\/wp\/v2\/product\/1669","targetHints":{"allow":["GET"]}}],"collection":[{"href":"https:\/\/topfoodmachine.com\/pt\/wp-json\/wp\/v2\/product"}],"about":[{"href":"https:\/\/topfoodmachine.com\/pt\/wp-json\/wp\/v2\/types\/product"}],"author":[{"embeddable":true,"href":"https:\/\/topfoodmachine.com\/pt\/wp-json\/wp\/v2\/users\/1"}],"wp:featuredmedia":[{"embeddable":true,"href":"https:\/\/topfoodmachine.com\/pt\/wp-json\/wp\/v2\/media\/1678"}],"wp:attachment":[{"href":"https:\/\/topfoodmachine.com\/pt\/wp-json\/wp\/v2\/media?parent=1669"}],"wp:term":[{"taxonomy":"post_tag","embeddable":true,"href":"https:\/\/topfoodmachine.com\/pt\/wp-json\/wp\/v2\/tags?post=1669"},{"taxonomy":"product-type","embeddable":true,"href":"https:\/\/topfoodmachine.com\/pt\/wp-json\/wp\/v2\/product-type?post=1669"}],"curies":[{"name":"wp","href":"https:\/\/api.w.org\/{rel}","templated":true}]}}