{"id":1461,"date":"2024-07-19T16:51:05","date_gmt":"2024-07-19T08:51:05","guid":{"rendered":"https:\/\/topfoodmachine.com\/?post_type=product&#038;p=1461"},"modified":"2024-07-19T18:08:15","modified_gmt":"2024-07-19T10:08:15","slug":"quick-freezing-machine","status":"publish","type":"product","link":"https:\/\/topfoodmachine.com\/pt\/product\/quick-freezing-machine\/","title":{"rendered":"M\u00e1quina de congelamento r\u00e1pido | M\u00e1quina de congelamento instant\u00e2neo"},"content":{"rendered":"<div class=\"kk-star-ratings kksr-auto kksr-align-left kksr-valign-top\"     data-payload='{&quot;align&quot;:&quot;left&quot;,&quot;id&quot;:&quot;1461&quot;,&quot;slug&quot;:&quot;default&quot;,&quot;valign&quot;:&quot;top&quot;,&quot;ignore&quot;:&quot;&quot;,&quot;reference&quot;:&quot;auto&quot;,&quot;class&quot;:&quot;&quot;,&quot;count&quot;:&quot;25&quot;,&quot;legendonly&quot;:&quot;&quot;,&quot;readonly&quot;:&quot;&quot;,&quot;score&quot;:&quot;4.7&quot;,&quot;starsonly&quot;:&quot;&quot;,&quot;best&quot;:&quot;5&quot;,&quot;gap&quot;:&quot;5&quot;,&quot;greet&quot;:&quot;Rate this product&quot;,&quot;legend&quot;:&quot;4.7\\\/5 - (25 votes)&quot;,&quot;size&quot;:&quot;24&quot;,&quot;title&quot;:&quot;Quick freezing machine | Instant freezer machine&quot;,&quot;width&quot;:&quot;133.8&quot;,&quot;_legend&quot;:&quot;{score}\\\/{best} - ({count} {votes})&quot;,&quot;font_factor&quot;:&quot;1.25&quot;}'>              <div class=\"kksr-stars\">      <div class=\"kksr-stars-inactive\">             <div class=\"kksr-star\" data-star=\"1\" style=\"padding-right: 5px\">               <div class=\"kksr-icon\" style=\"width: 24px; height: 24px;\"><\/div>         <\/div>             <div class=\"kksr-star\" data-star=\"2\" style=\"padding-right: 5px\">               <div class=\"kksr-icon\" style=\"width: 24px; height: 24px;\"><\/div>         <\/div>             <div class=\"kksr-star\" data-star=\"3\" style=\"padding-right: 5px\">               <div class=\"kksr-icon\" style=\"width: 24px; height: 24px;\"><\/div>         <\/div>             <div class=\"kksr-star\" data-star=\"4\" style=\"padding-right: 5px\">               <div class=\"kksr-icon\" style=\"width: 24px; height: 24px;\"><\/div>         <\/div>             <div class=\"kksr-star\" data-star=\"5\" style=\"padding-right: 5px\">               <div class=\"kksr-icon\" style=\"width: 24px; height: 24px;\"><\/div>         <\/div>     <\/div>      <div class=\"kksr-stars-active\" style=\"width: 133.8px;\">             <div class=\"kksr-star\" style=\"padding-right: 5px\">               <div class=\"kksr-icon\" style=\"width: 24px; height: 24px;\"><\/div>         <\/div>             <div class=\"kksr-star\" style=\"padding-right: 5px\">               <div class=\"kksr-icon\" style=\"width: 24px; height: 24px;\"><\/div>         <\/div>             <div class=\"kksr-star\" style=\"padding-right: 5px\">               <div class=\"kksr-icon\" style=\"width: 24px; height: 24px;\"><\/div>         <\/div>             <div class=\"kksr-star\" style=\"padding-right: 5px\">               <div class=\"kksr-icon\" style=\"width: 24px; height: 24px;\"><\/div>         <\/div>             <div class=\"kksr-star\" style=\"padding-right: 5px\">               <div class=\"kksr-icon\" style=\"width: 24px; height: 24px;\"><\/div>         <\/div>     <\/div> <\/div>                   <div class=\"kksr-legend\" style=\"font-size: 19.2px;\">             4,7\/5 - (25 votos)    <\/div>     <\/div>  <p>M\u00e1quinas de congelamento r\u00e1pido, tamb\u00e9m conhecidas como m\u00e1quinas de congelamento instant\u00e2neo, congelam rapidamente os alimentos para preservar a qualidade, textura e valor nutricional, minimizando a forma\u00e7\u00e3o de cristais de gelo. Essenciais na ind\u00fastria aliment\u00edcia, elas congelam eficientemente grandes quantidades de frutos do mar, carnes, frutas, vegetais e refei\u00e7\u00f5es prontas.<\/p>    <p>As m\u00e1quinas de congelamento r\u00e1pido t\u00eam faixas de temperatura ajust\u00e1veis de 0 a -45 graus Celsius, acomodando v\u00e1rias necessidades de congelamento. Cada bandeja pode suportar at\u00e9 6 quilos de alimentos, com tempos de trabalho t\u00edpicos de 60 a 90 minutos, aumentando a efici\u00eancia e reduzindo o tempo de congelamento. Isso as torna inestim\u00e1veis para estender a vida \u00fatil, reduzir o desperd\u00edcio e garantir a seguran\u00e7a e qualidade dos alimentos.<\/p>    <figure class=\"wp-block-embed is-type-video is-provider-youtube wp-block-embed-youtube wp-embed-aspect-4-3 wp-has-aspect-ratio\"><div class=\"wp-block-embed__wrapper\"> <iframe loading=\"lazy\" title=\"Escolhendo a M\u00e1quina de Congelamento R\u00e1pido Certa para Seu Neg\u00f3cio #congelador #congelamento #processamentoalimentar\" width=\"500\" height=\"375\" src=\"https:\/\/www.youtube.com\/embed\/rUSXv2atb5g?feature=oembed\" frameborder=\"0\" allow=\"accelerometer; autoplay; clipboard-write; encrypted-media; gyroscope; picture-in-picture; web-share\" referrerpolicy=\"strict-origin-when-cross-origin\" allowfullscreen><\/iframe> <\/div><figcaption class=\"wp-element-caption\">V\u00eddeo de funcionamento da m\u00e1quina de congelamento r\u00e1pido<\/figcaption><\/figure>    <h2 class=\"wp-block-heading\">Aplica\u00e7\u00e3o da m\u00e1quina de congelamento r\u00e1pido<\/h2>    <h3 class=\"wp-block-heading\"><strong>Ind\u00fastria aliment\u00edcia<\/strong><\/h3>    <ul class=\"wp-block-list\"> <li><strong>Frutos do mar<\/strong>. Garante frescor e previne o desperd\u00edcio congelando rapidamente peixes e mariscos, mantendo seu sabor e textura.<\/li>    <li><strong>Carnes<\/strong>. Usado para congelar carne bovina, aves e porco, estendendo a vida \u00fatil e reduzindo o risco de queimaduras de congelamento.<\/li>    <li><strong>Frutas e vegetais<\/strong>. Preserva o valor nutricional, sabor e textura de frutas e vegetais para uso em per\u00edodos fora de temporada.<\/li>    <li><strong>Refei\u00e7\u00f5es prontas para comer<\/strong>. Essencial para congelar refei\u00e7\u00f5es pr\u00e9-cozidas e alimentos convenientes, garantindo armazenamento a longo prazo sem comprometer a qualidade.<\/li> <\/ul>    <figure class=\"wp-block-image size-large\"><img loading=\"lazy\" decoding=\"async\" width=\"720\" height=\"467\" src=\"https:\/\/topfoodmachine.com\/wp-content\/uploads\/2022\/08\/meat-cutting-machine-applications.jpg\" alt=\"carne\" class=\"wp-image-301\" srcset=\"https:\/\/topfoodmachine.com\/wp-content\/uploads\/2022\/08\/meat-cutting-machine-applications.jpg 720w, https:\/\/topfoodmachine.com\/wp-content\/uploads\/2022\/08\/meat-cutting-machine-applications-300x195.jpg 300w\" sizes=\"auto, (max-width: 720px) 100vw, 720px\" \/><figcaption class=\"wp-element-caption\">carne<\/figcaption><\/figure>    <h3 class=\"wp-block-heading\"><strong>Produtos de panifica\u00e7\u00e3o<\/strong><\/h3>    <ul class=\"wp-block-list\"> <li><strong>Massa e produtos de pastelaria<\/strong>. Congela rapidamente produtos de massa e pastelaria para manter sua frescura e garantir consist\u00eancia na panifica\u00e7\u00e3o.<\/li> <\/ul>    <h3 class=\"wp-block-heading\"><strong>Produtos l\u00e1cteos<\/strong><\/h3>    <ul class=\"wp-block-list\"> <li><strong>Sorvete e sobremesas congeladas<\/strong>. Usado na produ\u00e7\u00e3o de sorvete e sobremesas congeladas para congelar rapidamente a mistura, prevenindo a forma\u00e7\u00e3o de grandes cristais de gelo e garantindo uma textura suave.<\/li> <\/ul>    <figure class=\"wp-block-image size-full\"><img loading=\"lazy\" decoding=\"async\" width=\"720\" height=\"540\" src=\"https:\/\/topfoodmachine.com\/wp-content\/uploads\/2024\/04\/cake.webp\" alt=\"bolo\" class=\"wp-image-1229\" srcset=\"https:\/\/topfoodmachine.com\/wp-content\/uploads\/2024\/04\/cake.webp 720w, https:\/\/topfoodmachine.com\/wp-content\/uploads\/2024\/04\/cake-300x225.webp 300w, https:\/\/topfoodmachine.com\/wp-content\/uploads\/2024\/04\/cake-16x12.webp 16w\" sizes=\"auto, (max-width: 720px) 100vw, 720px\" \/><figcaption class=\"wp-element-caption\">bolo<\/figcaption><\/figure>    <h3 class=\"wp-block-heading\"><strong>Ind\u00fastria farmac\u00eautica<\/strong><\/h3>    <ul class=\"wp-block-list\"> <li><strong>Armazenamento de vacinas<\/strong>. Importante para a preserva\u00e7\u00e3o de vacinas e outros produtos farmac\u00eauticos sens\u00edveis \u00e0 temperatura, garantindo sua efic\u00e1cia e seguran\u00e7a.<\/li> <\/ul>    <h3 class=\"wp-block-heading\"><strong>Biotecnologia<\/strong><\/h3>    <ul class=\"wp-block-list\"> <li><strong>Preserva\u00e7\u00e3o celular<\/strong>. Utilizado para a preserva\u00e7\u00e3o de amostras biol\u00f3gicas, incluindo c\u00e9lulas, tecidos e enzimas, para aplica\u00e7\u00f5es de pesquisa e m\u00e9dicas.<\/li> <\/ul>    <h3 class=\"wp-block-heading\"><strong>Agricultura<\/strong><\/h3>    <ul class=\"wp-block-list\"> <li><strong>Preserva\u00e7\u00e3o de sementes<\/strong>. Usado para congelar sementes agr\u00edcolas, prolongando sua viabilidade e garantindo uma germina\u00e7\u00e3o bem-sucedida.<\/li> <\/ul>    <figure class=\"wp-block-image size-full\"><img loading=\"lazy\" decoding=\"async\" width=\"720\" height=\"540\" src=\"https:\/\/topfoodmachine.com\/wp-content\/uploads\/2024\/07\/seeds.webp\" alt=\"sementes\" class=\"wp-image-1468\" srcset=\"https:\/\/topfoodmachine.com\/wp-content\/uploads\/2024\/07\/seeds.webp 720w, https:\/\/topfoodmachine.com\/wp-content\/uploads\/2024\/07\/seeds-300x225.webp 300w, https:\/\/topfoodmachine.com\/wp-content\/uploads\/2024\/07\/seeds-16x12.webp 16w\" sizes=\"auto, (max-width: 720px) 100vw, 720px\" \/><figcaption class=\"wp-element-caption\">sementes<\/figcaption><\/figure>    <h3 class=\"wp-block-heading\"><strong>Processamento de alimentos<\/strong><\/h3>    <ul class=\"wp-block-list\"> <li><strong>Branqueamento<\/strong>. O congelamento r\u00e1pido \u00e9 utilizado para resfriar rapidamente vegetais branqueados antes da embalagem, mantendo a cor e a textura.<\/li> <\/ul>    <figure class=\"wp-block-gallery has-nested-images columns-default is-cropped wp-block-gallery-2 is-layout-flex wp-block-gallery-is-layout-flex\"> <figure class=\"wp-block-image size-full\"><img loading=\"lazy\" decoding=\"async\" width=\"720\" height=\"540\" data-id=\"1469\" src=\"https:\/\/topfoodmachine.com\/wp-content\/uploads\/2024\/07\/instant-freezing-machine.webp\" alt=\"m\u00e1quina de congelamento instant\u00e2neo\" class=\"wp-image-1469\" srcset=\"https:\/\/topfoodmachine.com\/wp-content\/uploads\/2024\/07\/instant-freezing-machine.webp 720w, https:\/\/topfoodmachine.com\/wp-content\/uploads\/2024\/07\/instant-freezing-machine-300x225.webp 300w, https:\/\/topfoodmachine.com\/wp-content\/uploads\/2024\/07\/instant-freezing-machine-16x12.webp 16w\" sizes=\"auto, (max-width: 720px) 100vw, 720px\" \/><figcaption class=\"wp-element-caption\">m\u00e1quina de congelamento instant\u00e2neo<\/figcaption><\/figure>    <figure class=\"wp-block-image size-full\"><img loading=\"lazy\" decoding=\"async\" width=\"720\" height=\"540\" data-id=\"1470\" src=\"https:\/\/topfoodmachine.com\/wp-content\/uploads\/2024\/07\/quick-freezer.webp\" alt=\"congelador r\u00e1pido\" class=\"wp-image-1470\" srcset=\"https:\/\/topfoodmachine.com\/wp-content\/uploads\/2024\/07\/quick-freezer.webp 720w, https:\/\/topfoodmachine.com\/wp-content\/uploads\/2024\/07\/quick-freezer-300x225.webp 300w, https:\/\/topfoodmachine.com\/wp-content\/uploads\/2024\/07\/quick-freezer-16x12.webp 16w\" sizes=\"auto, (max-width: 720px) 100vw, 720px\" \/><figcaption class=\"wp-element-caption\">congelador r\u00e1pido<\/figcaption><\/figure> <\/figure>    <h2 class=\"wp-block-heading\">Principais vantagens da m\u00e1quina de congelamento instant\u00e2neo<\/h2>    <ul class=\"wp-block-list\"> <li><strong>Alta efici\u00eancia energ\u00e9tica<\/strong>. Utiliza compressores importados conhecidos por seu uso eficiente de energia, apesar dos n\u00edveis de ru\u00eddo mais altos, garantindo resfriamento e congelamento r\u00e1pidos.<\/li>    <li><strong>Tecnologia de descongelamento el\u00e9trico<\/strong>. Aumenta a seguran\u00e7a e economiza eletricidade em compara\u00e7\u00e3o com m\u00e9todos tradicionais, reduzindo custos operacionais e necessidades de manuten\u00e7\u00e3o.<\/li>    <li><strong>Sistema de controle de temperatura microcomputadorizado<\/strong>. Permite a regula\u00e7\u00e3o precisa da temperatura dentro de faixas permitidas, otimizando as condi\u00e7\u00f5es de congelamento para diferentes tipos de alimentos para manter a qualidade.<\/li>    <li><strong>Capacidade de congelamento r\u00e1pido<\/strong>. Permite o congelamento r\u00e1pido de itens alimentares, preservando frescor, textura e valor nutricional enquanto prolonga a vida \u00fatil.<\/li> <\/ul>    <figure class=\"wp-block-gallery has-nested-images columns-default is-cropped wp-block-gallery-3 is-layout-flex wp-block-gallery-is-layout-flex\"> <figure class=\"wp-block-image size-large\"><img loading=\"lazy\" decoding=\"async\" width=\"720\" height=\"540\" data-id=\"1464\" src=\"https:\/\/topfoodmachine.com\/wp-content\/uploads\/2024\/07\/automatic-Instant-freezer-machine.webp\" alt=\"m\u00e1quina de congelamento instant\u00e2neo autom\u00e1tica\" class=\"wp-image-1464\" srcset=\"https:\/\/topfoodmachine.com\/wp-content\/uploads\/2024\/07\/automatic-Instant-freezer-machine.webp 720w, https:\/\/topfoodmachine.com\/wp-content\/uploads\/2024\/07\/automatic-Instant-freezer-machine-300x225.webp 300w, https:\/\/topfoodmachine.com\/wp-content\/uploads\/2024\/07\/automatic-Instant-freezer-machine-16x12.webp 16w\" sizes=\"auto, (max-width: 720px) 100vw, 720px\" \/><figcaption class=\"wp-element-caption\">m\u00e1quina de congelamento instant\u00e2neo autom\u00e1tica<\/figcaption><\/figure>    <figure class=\"wp-block-image size-large\"><img loading=\"lazy\" decoding=\"async\" width=\"720\" height=\"540\" data-id=\"1465\" src=\"https:\/\/topfoodmachine.com\/wp-content\/uploads\/2024\/07\/commercial-Instant-freezer-machine.webp\" alt=\"m\u00e1quina de congelamento instant\u00e2neo comercial\" class=\"wp-image-1465\" srcset=\"https:\/\/topfoodmachine.com\/wp-content\/uploads\/2024\/07\/commercial-Instant-freezer-machine.webp 720w, https:\/\/topfoodmachine.com\/wp-content\/uploads\/2024\/07\/commercial-Instant-freezer-machine-300x225.webp 300w, https:\/\/topfoodmachine.com\/wp-content\/uploads\/2024\/07\/commercial-Instant-freezer-machine-16x12.webp 16w\" sizes=\"auto, (max-width: 720px) 100vw, 720px\" \/><figcaption class=\"wp-element-caption\">m\u00e1quina de congelamento instant\u00e2neo comercial<\/figcaption><\/figure> <\/figure>    <h2 class=\"wp-block-heading\">Par\u00e2metros da m\u00e1quina de congelamento r\u00e1pido<\/h2>    <figure class=\"wp-block-table\"><table><tbody><tr><td><strong>Modelo<\/strong><strong><\/strong><\/td><td><strong>Bandejas<\/strong><strong><\/strong><\/td><td><strong>Tamanho (mm)<\/strong><strong><\/strong><\/td><td><strong>Pot\u00eancia Total<\/strong><strong><\/strong><\/td><td><strong>Volume (L)<\/strong><strong><\/strong><\/td><td><strong>Tens\u00e3o (V)<\/strong><strong><\/strong><\/td><td><strong>Faixa de Temperatura (\u00b0C)<\/strong><strong><\/strong><\/td><td><strong>Espa\u00e7amento das prateleiras (mm)<\/strong><strong><\/strong><\/td><td><strong>M\u00e9todo de refrigera\u00e7\u00e3o<\/strong><strong><\/strong><\/td><\/tr><tr><td>TZ-C5<\/td><td>5<\/td><td>880*900*1270<\/td><td>1.5P, 1200W<\/td><td>120<\/td><td>220<\/td><td>0~-45<\/td><td>80<\/td><td>Refrigera\u00e7\u00e3o a ar<\/td><\/tr><tr><td>TZ-C7<\/td><td>7<\/td><td>880*900*1850<\/td><td>1.5P, 1200W<\/td><td>120<\/td><td>220<\/td><td>0~-45<\/td><td>80<\/td><td>Refrigera\u00e7\u00e3o a ar<\/td><\/tr><tr><td>TZ-C10<\/td><td>10<\/td><td>880*900*1850<\/td><td>2P, 1500W<\/td><td>300<\/td><td>220<\/td><td>0~-45<\/td><td>80<\/td><td>Refrigera\u00e7\u00e3o a ar<\/td><\/tr><tr><td>TZ-C12<\/td><td>12<\/td><td>880*900*1850<\/td><td>2P, 1500W<\/td><td>300<\/td><td>220<\/td><td>0~-45<\/td><td>80<\/td><td>Refrigera\u00e7\u00e3o a ar<\/td><\/tr><\/tbody><\/table><figcaption class=\"wp-element-caption\">Par\u00e2metros da m\u00e1quina de congelamento instant\u00e2neo<\/figcaption><\/figure>    <figure class=\"wp-block-gallery has-nested-images columns-default is-cropped wp-block-gallery-4 is-layout-flex wp-block-gallery-is-layout-flex\"> <figure class=\"wp-block-image size-full\"><img loading=\"lazy\" decoding=\"async\" width=\"720\" height=\"540\" data-id=\"1466\" src=\"https:\/\/topfoodmachine.com\/wp-content\/uploads\/2024\/07\/industrial-Instant-freezer-machine.webp\" alt=\"m\u00e1quina de congelamento instant\u00e2neo industrial\" class=\"wp-image-1466\" srcset=\"https:\/\/topfoodmachine.com\/wp-content\/uploads\/2024\/07\/industrial-Instant-freezer-machine.webp 720w, https:\/\/topfoodmachine.com\/wp-content\/uploads\/2024\/07\/industrial-Instant-freezer-machine-300x225.webp 300w, https:\/\/topfoodmachine.com\/wp-content\/uploads\/2024\/07\/industrial-Instant-freezer-machine-16x12.webp 16w\" sizes=\"auto, (max-width: 720px) 100vw, 720px\" \/><figcaption class=\"wp-element-caption\">m\u00e1quina de congelamento instant\u00e2neo industrial<\/figcaption><\/figure>    <figure class=\"wp-block-image size-full\"><img loading=\"lazy\" decoding=\"async\" width=\"720\" height=\"540\" data-id=\"1471\" src=\"https:\/\/topfoodmachine.com\/wp-content\/uploads\/2024\/07\/Quick-freezing-machine-for-sale.webp\" alt=\"M\u00e1quina de congelamento r\u00e1pido \u00e0 venda\" class=\"wp-image-1471\" srcset=\"https:\/\/topfoodmachine.com\/wp-content\/uploads\/2024\/07\/Quick-freezing-machine-for-sale.webp 720w, https:\/\/topfoodmachine.com\/wp-content\/uploads\/2024\/07\/Quick-freezing-machine-for-sale-300x225.webp 300w, https:\/\/topfoodmachine.com\/wp-content\/uploads\/2024\/07\/Quick-freezing-machine-for-sale-16x12.webp 16w\" sizes=\"auto, (max-width: 720px) 100vw, 720px\" \/><figcaption class=\"wp-element-caption\">M\u00e1quina de congelamento r\u00e1pido \u00e0 venda<\/figcaption><\/figure> <\/figure>    <h2 class=\"wp-block-heading\">Por que escolher nosso r\u00e1pido <a href=\"https:\/\/en.wikipedia.org\/wiki\/Freezing\" data-type=\"link\" data-id=\"https:\/\/en.wikipedia.org\/wiki\/Freezing\" target=\"_blank\" rel=\"noopener\">congelamento<\/a> m\u00e1quina<\/h2>    <p>Nossas m\u00e1quinas de congelamento r\u00e1pido s\u00e3o projetadas para oferecer desempenho confi\u00e1vel, apoiadas por assist\u00eancia online 24 horas e servi\u00e7os de manuten\u00e7\u00e3o vital\u00edcios. Cada m\u00e1quina vem com manuais em ingl\u00eas e v\u00eddeos instrutivos, garantindo opera\u00e7\u00e3o simples. <\/p>    <p>Verifica\u00e7\u00f5es rigorosas de qualidade s\u00e3o realizadas em todos os componentes, incluindo estruturas de a\u00e7o inoxid\u00e1vel, parafusos e rolamentos, para manter os padr\u00f5es da ind\u00fastria. Antes do envio, testes extensivos e documenta\u00e7\u00e3o em v\u00eddeo validam a integridade operacional das m\u00e1quinas na chegada.<\/p>    <figure class=\"wp-block-image size-full\"><img loading=\"lazy\" decoding=\"async\" width=\"720\" height=\"540\" src=\"https:\/\/topfoodmachine.com\/wp-content\/uploads\/2024\/07\/Quick-freezing-machine-for-business.webp\" alt=\"M\u00e1quina de congelamento r\u00e1pido para neg\u00f3cios\" class=\"wp-image-1472\" srcset=\"https:\/\/topfoodmachine.com\/wp-content\/uploads\/2024\/07\/Quick-freezing-machine-for-business.webp 720w, https:\/\/topfoodmachine.com\/wp-content\/uploads\/2024\/07\/Quick-freezing-machine-for-business-300x225.webp 300w, https:\/\/topfoodmachine.com\/wp-content\/uploads\/2024\/07\/Quick-freezing-machine-for-business-16x12.webp 16w\" sizes=\"auto, (max-width: 720px) 100vw, 720px\" \/><figcaption class=\"wp-element-caption\">M\u00e1quina de congelamento r\u00e1pido para neg\u00f3cios<\/figcaption><\/figure>    <p>No caso de quaisquer problemas operacionais, nossa generosa garantia de um ano garante resolu\u00e7\u00e3o r\u00e1pida. Os clientes podem acelerar o diagn\u00f3stico fornecendo v\u00eddeos de feedback e facilitando solu\u00e7\u00f5es r\u00e1pidas. Para problemas decorrentes de opera\u00e7\u00e3o inadequada, pe\u00e7as est\u00e3o dispon\u00edveis a custo, enquanto defeitos de fabrica\u00e7\u00e3o s\u00e3o corrigidos com substitui\u00e7\u00f5es gratuitas. <\/p>    <p>Nossa equipe de suporte t\u00e9cnico dedicada est\u00e1 pronta para ajudar com substitui\u00e7\u00f5es de pe\u00e7as e procedimentos de manuten\u00e7\u00e3o, garantindo opera\u00e7\u00e3o cont\u00ednua.<\/p>    <figure class=\"wp-block-image size-full\"><img loading=\"lazy\" decoding=\"async\" width=\"720\" height=\"540\" src=\"https:\/\/topfoodmachine.com\/wp-content\/uploads\/2024\/07\/Instant-freezer-machine.webp\" alt=\"m\u00e1quina de congelamento instant\u00e2neo\" class=\"wp-image-1467\" srcset=\"https:\/\/topfoodmachine.com\/wp-content\/uploads\/2024\/07\/Instant-freezer-machine.webp 720w, https:\/\/topfoodmachine.com\/wp-content\/uploads\/2024\/07\/Instant-freezer-machine-300x225.webp 300w, https:\/\/topfoodmachine.com\/wp-content\/uploads\/2024\/07\/Instant-freezer-machine-16x12.webp 16w\" sizes=\"auto, (max-width: 720px) 100vw, 720px\" \/><figcaption class=\"wp-element-caption\">m\u00e1quina de congelamento instant\u00e2neo<\/figcaption><\/figure>    <h2 class=\"wp-block-heading\">Invista em nossa m\u00e1quina de congelamento r\u00e1pido<\/h2>    <p>Nossas m\u00e1quinas de congelamento r\u00e1pido s\u00e3o altamente eficientes e tecnologicamente avan\u00e7adas. Elas garantem a qualidade e frescor dos alimentos. Essas m\u00e1quinas fornecem suporte confi\u00e1vel e solu\u00e7\u00f5es otimizadas para suas opera\u00e7\u00f5es comerciais. Entre em contato conosco agora para informa\u00e7\u00f5es detalhadas e pre\u00e7os!<\/p>    <p class=\"translation-block\">Al\u00e9m disso, nossas m\u00e1quinas de congelamento r\u00e1pido podem se integrar perfeitamente com <a href=\"https:\/\/topfoodmachine.com\/pt\/product\/french-fries-production-lines\/\" data-type=\"link\" data-id=\"https:\/\/topfoodmachine.com\/product\/french-fries-production-lines\/\">linhas de produ\u00e7\u00e3o de batatas fritas<\/a>, <a href=\"https:\/\/topfoodmachine.com\/pt\/product\/chicken-feet-processing-line\/\" data-type=\"link\" data-id=\"https:\/\/topfoodmachine.com\/product\/chicken-feet-processing-line\/\">linhas de processamento de p\u00e9s de frango<\/a>, ou <a href=\"https:\/\/topfoodmachine.com\/pt\/products\/egg-meat-processing-machine\/\" data-type=\"link\" data-id=\"https:\/\/topfoodmachine.com\/products\/egg-meat-processing-machine\/\">m\u00e1quinas de processamento de carne<\/a>, oferecendo sinergia abrangente para suas linhas de produ\u00e7\u00e3o.<\/p>    <figure class=\"wp-block-gallery has-nested-images columns-default is-cropped wp-block-gallery-5 is-layout-flex wp-block-gallery-is-layout-flex\"> <figure class=\"wp-block-image size-large\"><img loading=\"lazy\" decoding=\"async\" width=\"720\" height=\"540\" data-id=\"59\" src=\"https:\/\/topfoodmachine.com\/wp-content\/uploads\/2022\/07\/french-fries-production-line.png\" alt=\"linha de produ\u00e7\u00e3o de batatas fritas\" class=\"wp-image-59\" srcset=\"https:\/\/topfoodmachine.com\/wp-content\/uploads\/2022\/07\/french-fries-production-line.png 720w, https:\/\/topfoodmachine.com\/wp-content\/uploads\/2022\/07\/french-fries-production-line-300x225.png 300w\" sizes=\"auto, (max-width: 720px) 100vw, 720px\" \/><\/figure>    <figure class=\"wp-block-image size-large\"><img loading=\"lazy\" decoding=\"async\" width=\"720\" height=\"540\" data-id=\"1098\" src=\"https:\/\/topfoodmachine.com\/wp-content\/uploads\/2023\/12\/Chicken-feet-processing-line.webp\" alt=\"Linha de processamento de p\u00e9s de frango\" class=\"wp-image-1098\" srcset=\"https:\/\/topfoodmachine.com\/wp-content\/uploads\/2023\/12\/Chicken-feet-processing-line.webp 720w, https:\/\/topfoodmachine.com\/wp-content\/uploads\/2023\/12\/Chicken-feet-processing-line-300x225.webp 300w\" sizes=\"auto, (max-width: 720px) 100vw, 720px\" \/><figcaption class=\"wp-element-caption\">Linha de processamento de p\u00e9s de frango<\/figcaption><\/figure>    <figure class=\"wp-block-image size-large\"><img loading=\"lazy\" decoding=\"async\" width=\"720\" height=\"540\" data-id=\"828\" src=\"https:\/\/topfoodmachine.com\/wp-content\/uploads\/2023\/10\/fish-meat-separating-machine.webp\" alt=\"m\u00e1quina de separa\u00e7\u00e3o de carne de peixe\" class=\"wp-image-828\" srcset=\"https:\/\/topfoodmachine.com\/wp-content\/uploads\/2023\/10\/fish-meat-separating-machine.webp 720w, https:\/\/topfoodmachine.com\/wp-content\/uploads\/2023\/10\/fish-meat-separating-machine-300x225.webp 300w\" sizes=\"auto, (max-width: 720px) 100vw, 720px\" \/><figcaption class=\"wp-element-caption\">m\u00e1quina de separa\u00e7\u00e3o de carne de peixe<\/figcaption><\/figure> <\/figure>    <p><\/p>","protected":false},"excerpt":{"rendered":"<p>M\u00e1quinas de congelamento r\u00e1pido, tamb\u00e9m conhecidas como m\u00e1quinas de congelamento instant\u00e2neo, congelam rapidamente os alimentos para preservar a qualidade, textura e valor nutricional, minimizando a forma\u00e7\u00e3o de cristais de gelo.<\/p>","protected":false},"author":1,"featured_media":1463,"parent":0,"template":"","tags":[57,56],"product-type":[4],"class_list":["post-1461","product","type-product","status-publish","has-post-thumbnail","hentry","tag-freezer","tag-freezing-machine","product-type-frying-equipment"],"_links":{"self":[{"href":"https:\/\/topfoodmachine.com\/pt\/wp-json\/wp\/v2\/product\/1461","targetHints":{"allow":["GET"]}}],"collection":[{"href":"https:\/\/topfoodmachine.com\/pt\/wp-json\/wp\/v2\/product"}],"about":[{"href":"https:\/\/topfoodmachine.com\/pt\/wp-json\/wp\/v2\/types\/product"}],"author":[{"embeddable":true,"href":"https:\/\/topfoodmachine.com\/pt\/wp-json\/wp\/v2\/users\/1"}],"wp:featuredmedia":[{"embeddable":true,"href":"https:\/\/topfoodmachine.com\/pt\/wp-json\/wp\/v2\/media\/1463"}],"wp:attachment":[{"href":"https:\/\/topfoodmachine.com\/pt\/wp-json\/wp\/v2\/media?parent=1461"}],"wp:term":[{"taxonomy":"post_tag","embeddable":true,"href":"https:\/\/topfoodmachine.com\/pt\/wp-json\/wp\/v2\/tags?post=1461"},{"taxonomy":"product-type","embeddable":true,"href":"https:\/\/topfoodmachine.com\/pt\/wp-json\/wp\/v2\/product-type?post=1461"}],"curies":[{"name":"wp","href":"https:\/\/api.w.org\/{rel}","templated":true}]}}