{"id":1444,"date":"2024-07-16T11:15:25","date_gmt":"2024-07-16T03:15:25","guid":{"rendered":"https:\/\/topfoodmachine.com\/?post_type=product&#038;p=1444"},"modified":"2025-11-03T18:01:25","modified_gmt":"2025-11-03T10:01:25","slug":"stainless-steel-crusher","status":"publish","type":"product","link":"https:\/\/topfoodmachine.com\/pt\/product\/stainless-steel-crusher\/","title":{"rendered":"m\u00e1quina moedor de p\u00f3"},"content":{"rendered":"<div class=\"kk-star-ratings kksr-auto kksr-align-left kksr-valign-top\"     data-payload='{&quot;align&quot;:&quot;left&quot;,&quot;id&quot;:&quot;1444&quot;,&quot;slug&quot;:&quot;default&quot;,&quot;valign&quot;:&quot;top&quot;,&quot;ignore&quot;:&quot;&quot;,&quot;reference&quot;:&quot;auto&quot;,&quot;class&quot;:&quot;&quot;,&quot;count&quot;:&quot;5&quot;,&quot;legendonly&quot;:&quot;&quot;,&quot;readonly&quot;:&quot;&quot;,&quot;score&quot;:&quot;4.7&quot;,&quot;starsonly&quot;:&quot;&quot;,&quot;best&quot;:&quot;5&quot;,&quot;gap&quot;:&quot;5&quot;,&quot;greet&quot;:&quot;Rate this product&quot;,&quot;legend&quot;:&quot;4.7\\\/5 - (5 votes)&quot;,&quot;size&quot;:&quot;24&quot;,&quot;title&quot;:&quot;Powder grinder machine&quot;,&quot;width&quot;:&quot;133.8&quot;,&quot;_legend&quot;:&quot;{score}\\\/{best} - ({count} {votes})&quot;,&quot;font_factor&quot;:&quot;1.25&quot;}'>              <div class=\"kksr-stars\">      <div class=\"kksr-stars-inactive\">             <div class=\"kksr-star\" data-star=\"1\" style=\"padding-right: 5px\">               <div class=\"kksr-icon\" style=\"width: 24px; height: 24px;\"><\/div>         <\/div>             <div class=\"kksr-star\" data-star=\"2\" style=\"padding-right: 5px\">               <div class=\"kksr-icon\" style=\"width: 24px; height: 24px;\"><\/div>         <\/div>             <div class=\"kksr-star\" data-star=\"3\" style=\"padding-right: 5px\">               <div class=\"kksr-icon\" style=\"width: 24px; height: 24px;\"><\/div>         <\/div>             <div class=\"kksr-star\" data-star=\"4\" style=\"padding-right: 5px\">               <div class=\"kksr-icon\" style=\"width: 24px; height: 24px;\"><\/div>         <\/div>             <div class=\"kksr-star\" data-star=\"5\" style=\"padding-right: 5px\">               <div class=\"kksr-icon\" style=\"width: 24px; height: 24px;\"><\/div>         <\/div>     <\/div>      <div class=\"kksr-stars-active\" style=\"width: 133.8px;\">             <div class=\"kksr-star\" style=\"padding-right: 5px\">               <div class=\"kksr-icon\" style=\"width: 24px; height: 24px;\"><\/div>         <\/div>             <div class=\"kksr-star\" style=\"padding-right: 5px\">               <div class=\"kksr-icon\" style=\"width: 24px; height: 24px;\"><\/div>         <\/div>             <div class=\"kksr-star\" style=\"padding-right: 5px\">               <div class=\"kksr-icon\" style=\"width: 24px; height: 24px;\"><\/div>         <\/div>             <div class=\"kksr-star\" style=\"padding-right: 5px\">               <div class=\"kksr-icon\" style=\"width: 24px; height: 24px;\"><\/div>         <\/div>             <div class=\"kksr-star\" style=\"padding-right: 5px\">               <div class=\"kksr-icon\" style=\"width: 24px; height: 24px;\"><\/div>         <\/div>     <\/div> <\/div>                   <div class=\"kksr-legend\" style=\"font-size: 19.2px;\">             4,7\/5 - (5 votos)    <\/div>     <\/div>  <p class=\"translation-block\">A<strong>m\u00e1quina de moagem de p\u00f3<\/strong>\u00e9 um equipamento dur\u00e1vel de a\u00e7o inoxid\u00e1vel para processamento eficiente de alimentos. Pode moer v\u00e1rios materiais duros, como gr\u00e3os, pimentas, gengibre, milho e a\u00e7\u00facar, com alta precis\u00e3o. <\/p>    <p>Apresentando discos de moagem intercambi\u00e1veis, suporta diferentes requisitos de finura e capacidades de 150\u2013400 kg\/h, tornando-se ideal para produ\u00e7\u00e3o de pequena e grande escala. F\u00e1cil de limpar e manter, esta m\u00e1quina garante opera\u00e7\u00e3o higi\u00e9nica e desempenho consistente.<\/p>    <figure class=\"wp-block-embed is-type-video is-provider-youtube wp-block-embed-youtube wp-embed-aspect-16-9 wp-has-aspect-ratio\"><div class=\"wp-block-embed__wrapper\"> <iframe loading=\"lazy\" title=\"Triturador de A\u00e7o Inoxid\u00e1vel em A\u00e7\u00e3o: Teste de Efici\u00eancia de Tritura\u00e7\u00e3o #processamentodealimentos #triturar #moer\" width=\"500\" height=\"281\" src=\"https:\/\/www.youtube.com\/embed\/Rcn9MEi9pwo?feature=oembed\" frameborder=\"0\" allow=\"accelerometer; autoplay; clipboard-write; encrypted-media; gyroscope; picture-in-picture; web-share\" referrerpolicy=\"strict-origin-when-cross-origin\" allowfullscreen><\/iframe> <\/div><figcaption class=\"wp-element-caption\">V\u00eddeo de trabalho da m\u00e1quina moedora de p\u00f3<\/figcaption><\/figure>    <h2 class=\"wp-block-heading\">Quais materiais s\u00e3o adequados para a m\u00e1quina moedor de gr\u00e3os?<\/h2>    <p>A m\u00e1quina de moagem de gr\u00e3os pode lidar eficazmente com uma vasta gama de materiais s\u00f3lidos alimentares. Destaca-se na moagem de v\u00e1rios gr\u00e3os e cereais, incluindo trigo, arroz, cevada e aveia.<\/p>    <figure class=\"wp-block-gallery has-nested-images columns-default is-cropped wp-block-gallery-2 is-layout-flex wp-block-gallery-is-layout-flex\"> <figure class=\"wp-block-image size-large\"><img loading=\"lazy\" decoding=\"async\" width=\"720\" height=\"540\" data-id=\"1447\" src=\"https:\/\/topfoodmachine.com\/wp-content\/uploads\/2024\/07\/chilli-powder.webp\" alt=\"p\u00f3 de pimenta\" class=\"wp-image-1447\" srcset=\"https:\/\/topfoodmachine.com\/wp-content\/uploads\/2024\/07\/chilli-powder.webp 720w, https:\/\/topfoodmachine.com\/wp-content\/uploads\/2024\/07\/chilli-powder-300x225.webp 300w, https:\/\/topfoodmachine.com\/wp-content\/uploads\/2024\/07\/chilli-powder-16x12.webp 16w\" sizes=\"auto, (max-width: 720px) 100vw, 720px\" \/><figcaption class=\"wp-element-caption\">p\u00f3 de pimenta<\/figcaption><\/figure>    <figure class=\"wp-block-image size-large\"><img loading=\"lazy\" decoding=\"async\" width=\"720\" height=\"540\" data-id=\"1450\" src=\"https:\/\/topfoodmachine.com\/wp-content\/uploads\/2024\/07\/yam-powder.webp\" alt=\"p\u00f3 de inhame\" class=\"wp-image-1450\" srcset=\"https:\/\/topfoodmachine.com\/wp-content\/uploads\/2024\/07\/yam-powder.webp 720w, https:\/\/topfoodmachine.com\/wp-content\/uploads\/2024\/07\/yam-powder-300x225.webp 300w, https:\/\/topfoodmachine.com\/wp-content\/uploads\/2024\/07\/yam-powder-16x12.webp 16w\" sizes=\"auto, (max-width: 720px) 100vw, 720px\" \/><figcaption class=\"wp-element-caption\">p\u00f3 de inhame<\/figcaption><\/figure> <\/figure>    <p>Al\u00e9m disso, ela mo\u00ed eficientemente ingredientes de tempero como pimentas, garantindo um tamanho de part\u00edcula consistente para uma melhor extra\u00e7\u00e3o de sabor em aplica\u00e7\u00f5es culin\u00e1rias. <\/p>    <p>Al\u00e9m disso, o moedor se destaca no processamento de vegetais s\u00f3lidos como inhames, quebrando-os eficientemente em part\u00edculas finas adequadas para v\u00e1rias prepara\u00e7\u00f5es alimentares.<\/p>    <p>Avan\u00e7ando, examinaremos a estrutura robusta da nossa m\u00e1quina moedora de p\u00f3.<\/p>    <figure class=\"wp-block-gallery has-nested-images columns-2 is-cropped wp-block-gallery-3 is-layout-flex wp-block-gallery-is-layout-flex\"> <figure class=\"wp-block-image size-large\"><img loading=\"lazy\" decoding=\"async\" width=\"720\" height=\"540\" data-id=\"1448\" src=\"https:\/\/topfoodmachine.com\/wp-content\/uploads\/2024\/07\/grain-powder-grinder-application.webp\" alt=\"aplica\u00e7\u00e3o do moedor de p\u00f3 de gr\u00e3os\" class=\"wp-image-1448\" srcset=\"https:\/\/topfoodmachine.com\/wp-content\/uploads\/2024\/07\/grain-powder-grinder-application.webp 720w, https:\/\/topfoodmachine.com\/wp-content\/uploads\/2024\/07\/grain-powder-grinder-application-300x225.webp 300w, https:\/\/topfoodmachine.com\/wp-content\/uploads\/2024\/07\/grain-powder-grinder-application-16x12.webp 16w\" sizes=\"auto, (max-width: 720px) 100vw, 720px\" \/><figcaption class=\"wp-element-caption\">aplica\u00e7\u00e3o do moedor de p\u00f3 de gr\u00e3os<\/figcaption><\/figure>    <figure class=\"wp-block-image size-large\"><img loading=\"lazy\" decoding=\"async\" width=\"720\" height=\"540\" data-id=\"1449\" src=\"https:\/\/topfoodmachine.com\/wp-content\/uploads\/2024\/07\/spice-crusher-application.webp\" alt=\"aplica\u00e7\u00e3o do triturador de especiarias\" class=\"wp-image-1449\" srcset=\"https:\/\/topfoodmachine.com\/wp-content\/uploads\/2024\/07\/spice-crusher-application.webp 720w, https:\/\/topfoodmachine.com\/wp-content\/uploads\/2024\/07\/spice-crusher-application-300x225.webp 300w, https:\/\/topfoodmachine.com\/wp-content\/uploads\/2024\/07\/spice-crusher-application-16x12.webp 16w\" sizes=\"auto, (max-width: 720px) 100vw, 720px\" \/><figcaption class=\"wp-element-caption\">aplica\u00e7\u00e3o do triturador de especiarias<\/figcaption><\/figure> <\/figure>    <h2 class=\"wp-block-heading\">Estrutura da m\u00e1quina moedor de p\u00f3<\/h2>    <figure class=\"wp-block-image size-full\"><img loading=\"lazy\" decoding=\"async\" width=\"720\" height=\"540\" src=\"https:\/\/topfoodmachine.com\/wp-content\/uploads\/2024\/07\/structure-of-Stainless-steel-crusher.webp\" alt=\"estrutura da m\u00e1quina moedora de p\u00f3\" class=\"wp-image-1451\" srcset=\"https:\/\/topfoodmachine.com\/wp-content\/uploads\/2024\/07\/structure-of-Stainless-steel-crusher.webp 720w, https:\/\/topfoodmachine.com\/wp-content\/uploads\/2024\/07\/structure-of-Stainless-steel-crusher-300x225.webp 300w, https:\/\/topfoodmachine.com\/wp-content\/uploads\/2024\/07\/structure-of-Stainless-steel-crusher-16x12.webp 16w\" sizes=\"auto, (max-width: 720px) 100vw, 720px\" \/><figcaption class=\"wp-element-caption\">estrutura da m\u00e1quina moedora de p\u00f3<\/figcaption><\/figure>    <p>Em seguida, vamos explorar os princ\u00edpios operacionais por tr\u00e1s do nosso moedor de p\u00f3 de gr\u00e3os.<\/p>    <h2 class=\"wp-block-heading\">Princ\u00edpio de funcionamento do moedor de p\u00f3 de gr\u00e3os<\/h2>    <p class=\"translation-block\">A<strong>moinho de p\u00f3 de gr\u00e3os<\/strong>funciona com base no movimento relativo entre um disco m\u00f3vel de alta velocidade e um disco estacion\u00e1rio. Essa intera\u00e7\u00e3o permite que a m\u00e1quina pulverize eficientemente os gr\u00e3os atrav\u00e9s de m\u00faltiplos mecanismos, garantindo uma sa\u00edda de p\u00f3 uniforme e fina.<\/p>    <div class=\"wp-block-media-text is-stacked-on-mobile\"><figure class=\"wp-block-media-text__media\"><img loading=\"lazy\" decoding=\"async\" width=\"720\" height=\"540\" src=\"https:\/\/topfoodmachine.com\/wp-content\/uploads\/2024\/07\/automatic-Grain-grinder-machine.webp\" alt=\"m\u00e1quina moedora de gr\u00e3os autom\u00e1tica\" class=\"wp-image-1452 size-full\" srcset=\"https:\/\/topfoodmachine.com\/wp-content\/uploads\/2024\/07\/automatic-Grain-grinder-machine.webp 720w, https:\/\/topfoodmachine.com\/wp-content\/uploads\/2024\/07\/automatic-Grain-grinder-machine-300x225.webp 300w, https:\/\/topfoodmachine.com\/wp-content\/uploads\/2024\/07\/automatic-Grain-grinder-machine-16x12.webp 16w\" sizes=\"auto, (max-width: 720px) 100vw, 720px\" \/><\/figure><div class=\"wp-block-media-text__content\"> <h3 class=\"wp-block-heading\"><strong>Principais caracter\u00edsticas e mecanismos de funcionamento<\/strong><\/h3>    <ul class=\"wp-block-list\"> <li><strong>Moagem Eficaz:<\/strong> Pulveriza materiais por impacto de dentes, cisalhamento, atrito e colis\u00f5es de part\u00edculas.<\/li>    <li><strong>Opera\u00e7\u00e3o Suave e Baixo Ru\u00eddo:<\/strong> Garante funcionamento silencioso adequado para produ\u00e7\u00e3o cont\u00ednua.<\/li> <\/ul> <\/div><\/div>    <div class=\"wp-block-media-text has-media-on-the-right is-stacked-on-mobile\"><div class=\"wp-block-media-text__content\"> <ul class=\"wp-block-list\"> <li><strong>Descarregamento Direto:<\/strong> Materiais mo\u00eddos s\u00e3o descarregados imediatamente da cavidade de moagem.<\/li>    <li><strong>Tamanho de Part\u00edcula Ajust\u00e1vel:<\/strong> Diferentes malhas de abertura podem ser selecionadas para controlar a granula\u00e7\u00e3o do produto final de acordo com os requisitos de processamento.<\/li> <\/ul> <\/div><figure class=\"wp-block-media-text__media\"><img loading=\"lazy\" decoding=\"async\" width=\"720\" height=\"540\" src=\"https:\/\/topfoodmachine.com\/wp-content\/uploads\/2024\/07\/Stainless-steel-crusher-for-business.webp\" alt=\"Triturador de a\u00e7o inoxid\u00e1vel para neg\u00f3cios\" class=\"wp-image-1458 size-full\" srcset=\"https:\/\/topfoodmachine.com\/wp-content\/uploads\/2024\/07\/Stainless-steel-crusher-for-business.webp 720w, https:\/\/topfoodmachine.com\/wp-content\/uploads\/2024\/07\/Stainless-steel-crusher-for-business-300x225.webp 300w, https:\/\/topfoodmachine.com\/wp-content\/uploads\/2024\/07\/Stainless-steel-crusher-for-business-16x12.webp 16w\" sizes=\"auto, (max-width: 720px) 100vw, 720px\" \/><\/figure><\/div>    <p>Esta combina\u00e7\u00e3o de design e funcionalidade torna o moinho de p\u00f3 de gr\u00e3os altamente eficiente e vers\u00e1til para v\u00e1rias aplica\u00e7\u00f5es de processamento de gr\u00e3os.<\/p>    <p>Em seguida, detalharemos as especifica\u00e7\u00f5es e par\u00e2metros da nossa m\u00e1quina moedora de p\u00f3 de especiarias.<\/p>    <h2 class=\"wp-block-heading\">Par\u00e2metros da m\u00e1quina moedor de p\u00f3 de especiarias<\/h2>    <figure class=\"wp-block-table\"><table><tbody><tr><td>Modelo<\/td><td>TZ-20B<\/td><td>TZ-30B<\/td><td>TZ-40B<\/td><\/tr><tr><td>Capacidade (kg\/h)<\/td><td>15-150<\/td><td>30-300<\/td><td>80-400<\/td><\/tr><tr><td>Fineness de moagem (mesh)<\/td><td>20-120<\/td><td>20-120<\/td><td>20-120<\/td><\/tr><tr><td>Limite de material (mm)<\/td><td>10<\/td><td>10<\/td><td>10<\/td><\/tr><tr><td>Tens\u00e3o<\/td><td>380V, 4KW<\/td><td>380V, 5.5KW<\/td><td>380V, 7.5KW<\/td><\/tr><tr><td>Velocidade do motor (r\/min)<\/td><td>5300<\/td><td>4500<\/td><td>3800<\/td><\/tr><tr><td>Dimens\u00f5es do produto (mm)<\/td><td>690x710x1140<\/td><td>760x760x1300<\/td><td>790x870x1370<\/td><\/tr><tr><td>Peso (kg)<\/td><td>150<\/td><td>200<\/td><td>260<\/td><\/tr><\/tbody><\/table><figcaption class=\"wp-element-caption\">par\u00e2metros do moedor de gr\u00e3os<\/figcaption><\/figure>    <figure class=\"wp-block-image size-full\"><img loading=\"lazy\" decoding=\"async\" width=\"720\" height=\"540\" src=\"https:\/\/topfoodmachine.com\/wp-content\/uploads\/2024\/07\/effective-Grain-grinder-machine.webp\" alt=\"m\u00e1quina moedora de gr\u00e3os eficaz\" class=\"wp-image-1454\" srcset=\"https:\/\/topfoodmachine.com\/wp-content\/uploads\/2024\/07\/effective-Grain-grinder-machine.webp 720w, https:\/\/topfoodmachine.com\/wp-content\/uploads\/2024\/07\/effective-Grain-grinder-machine-300x225.webp 300w, https:\/\/topfoodmachine.com\/wp-content\/uploads\/2024\/07\/effective-Grain-grinder-machine-16x12.webp 16w\" sizes=\"auto, (max-width: 720px) 100vw, 720px\" \/><figcaption class=\"wp-element-caption\">m\u00e1quina moedora de gr\u00e3os eficaz<\/figcaption><\/figure>    <h2 class=\"wp-block-heading\">Perguntas frequentes sobre a m\u00e1quina de moagem de p\u00f3<\/h2>   <div id=\"rank-math-faq\" class=\"rank-math-block\"> <div class=\"rank-math-list\"> <div id=\"faq-question-1721039298471\" class=\"rank-math-list-item\"> <h3 class=\"rank-math-question\">Qual \u00e9 a capacidade de produ\u00e7\u00e3o da m\u00e1quina moedor de p\u00f3 de cacau?<\/h3> <div class=\"rank-math-answer\">  <p>A capacidade de produ\u00e7\u00e3o das nossas m\u00e1quinas de moagem de p\u00f3 \u00e9 vers\u00e1til e pode ser adaptada para atender \u00e0s demandas dos clientes. Normalmente, nossas m\u00e1quinas oferecem capacidades variando de 150 a 400 kg\/h, atendendo a diferentes escalas de necessidades de produ\u00e7\u00e3o.<\/p>  <\/div> <\/div> <div id=\"faq-question-1721039305494\" class=\"rank-math-list-item\"> <h3 class=\"rank-math-question\">Qual \u00e9 a finura do produto acabado?<\/h3> <div class=\"rank-math-answer\">  <p>Geralmente, a m\u00e1quina de moagem de p\u00f3 alcan\u00e7a uma finura de part\u00edcula variando de 20 a 40 mesh. Essa moagem precisa garante que o produto final atenda aos requisitos de tamanho de part\u00edcula adequados para v\u00e1rias aplica\u00e7\u00f5es de processamento de alimentos e industriais.<\/p>  <\/div> <\/div> <div id=\"faq-question-1721039336757\" class=\"rank-math-list-item\"> <h3 class=\"rank-math-question\">De que material \u00e9 feito o produto?<\/h3> <div class=\"rank-math-answer\">  <p>Nossas m\u00e1quinas moedoras de p\u00f3 s\u00e3o principalmente constru\u00eddas em a\u00e7o inoxid\u00e1vel 304 de alta qualidade. O a\u00e7o inoxid\u00e1vel oferece excelente resist\u00eancia \u00e0 corros\u00e3o e durabilidade, garantindo opera\u00e7\u00e3o est\u00e1vel a longo prazo e conformidade com os padr\u00f5es de higiene exigidos em equipamentos de processamento de alimentos.<\/p>  <\/div> <\/div> <div id=\"faq-question-1721039354345\" class=\"rank-math-list-item\"> <h3 class=\"rank-math-question\">Qual \u00e9 a voltagem da m\u00e1quina?<\/h3> <div class=\"rank-math-answer\">  <p>A voltagem das nossas m\u00e1quinas de moagem de p\u00f3 pode ser ajustada de acordo com os requisitos de voltagem da \u00e1rea local do cliente. Oferecemos op\u00e7\u00f5es para substitui\u00e7\u00e3o de transformadores para se adaptar a diferentes condi\u00e7\u00f5es de voltagem em diferentes pa\u00edses e regi\u00f5es, garantindo que a m\u00e1quina opere de forma segura e eficaz.<\/p>  <\/div> <\/div> <div id=\"faq-question-1721039377053\" class=\"rank-math-list-item\"> <h3 class=\"rank-math-question\">Os pagamentos podem ser feitos usando um cart\u00e3o de cr\u00e9dito?<\/h3> <div class=\"rank-math-answer\">  <p>Os pagamentos podem ser feitos usando um cart\u00e3o de cr\u00e9dito atrav\u00e9s da plataforma Alibaba. Este m\u00e9todo de pagamento \u00e9 conveniente e seguro, oferecendo aos clientes op\u00e7\u00f5es de pagamento flex\u00edveis.<\/p>  <\/div> <\/div> <\/div> <\/div>   <figure class=\"wp-block-gallery has-nested-images columns-default is-cropped wp-block-gallery-4 is-layout-flex wp-block-gallery-is-layout-flex\"> <figure class=\"wp-block-image size-large\"><img loading=\"lazy\" decoding=\"async\" width=\"720\" height=\"540\" data-id=\"1456\" src=\"https:\/\/topfoodmachine.com\/wp-content\/uploads\/2024\/07\/Grain-powder-mill-grinder-details.webp\" alt=\"detalhes do moedor de p\u00f3 de gr\u00e3os\" class=\"wp-image-1456\" srcset=\"https:\/\/topfoodmachine.com\/wp-content\/uploads\/2024\/07\/Grain-powder-mill-grinder-details.webp 720w, https:\/\/topfoodmachine.com\/wp-content\/uploads\/2024\/07\/Grain-powder-mill-grinder-details-300x225.webp 300w, https:\/\/topfoodmachine.com\/wp-content\/uploads\/2024\/07\/Grain-powder-mill-grinder-details-16x12.webp 16w\" sizes=\"auto, (max-width: 720px) 100vw, 720px\" \/><figcaption class=\"wp-element-caption\">detalhes do moedor de p\u00f3 de gr\u00e3os<\/figcaption><\/figure>    <figure class=\"wp-block-image size-large\"><img loading=\"lazy\" decoding=\"async\" width=\"720\" height=\"540\" data-id=\"1455\" src=\"https:\/\/topfoodmachine.com\/wp-content\/uploads\/2024\/07\/exported-Grain-powder-mill-grinder.webp\" alt=\"moedor de p\u00f3 de gr\u00e3os exportado\" class=\"wp-image-1455\" srcset=\"https:\/\/topfoodmachine.com\/wp-content\/uploads\/2024\/07\/exported-Grain-powder-mill-grinder.webp 720w, https:\/\/topfoodmachine.com\/wp-content\/uploads\/2024\/07\/exported-Grain-powder-mill-grinder-300x225.webp 300w, https:\/\/topfoodmachine.com\/wp-content\/uploads\/2024\/07\/exported-Grain-powder-mill-grinder-16x12.webp 16w\" sizes=\"auto, (max-width: 720px) 100vw, 720px\" \/><figcaption class=\"wp-element-caption\">moedor de p\u00f3 de gr\u00e3os exportado<\/figcaption><\/figure> <\/figure>    <h2 class=\"wp-block-heading\">m\u00e1quina de suporte de <a href=\"https:\/\/en.wikipedia.org\/wiki\/Stainless_steel\" data-type=\"link\" data-id=\"https:\/\/en.wikipedia.org\/wiki\/Stainless_steel\" target=\"_blank\" rel=\"noopener\">a\u00e7o inoxid\u00e1vel<\/a> triturador<\/h2>    <p class=\"translation-block\">A<strong>m\u00e1quina de moagem de p\u00f3<\/strong>, combinada com a<strong><a href=\"https:\/\/topfoodmachine.com\/pt\/product\/spice-powder-packing-machine\/\" data-type=\"link\" data-id=\"https:\/\/topfoodmachine.com\/product\/spice-powder-packing-machine\/\">m\u00e1quina de embalagem de p\u00f3 de especiarias<\/a><\/strong>, oferece uma solu\u00e7\u00e3o integrada para processamento e embalagem de alimentos. <\/p>    <p>O moinho de a\u00e7o inoxid\u00e1vel produz eficientemente p\u00f3s de especiarias uniformes, enquanto a m\u00e1quina de embalagem automatiza a pesagem e embalagem, aumentando a produtividade, reduzindo a m\u00e3o-de-obra e garantindo embalagens consistentes e sem erros.<\/p>    <figure class=\"wp-block-gallery has-nested-images columns-default is-cropped wp-block-gallery-5 is-layout-flex wp-block-gallery-is-layout-flex\"> <figure class=\"wp-block-image size-large\"><img loading=\"lazy\" decoding=\"async\" width=\"600\" height=\"450\" data-id=\"322\" src=\"https:\/\/topfoodmachine.com\/wp-content\/uploads\/2022\/08\/ginger-powder-packing-machine.jpg\" alt=\"m\u00e1quina de embalagem de p\u00f3 de gengibre\" class=\"wp-image-322\" srcset=\"https:\/\/topfoodmachine.com\/wp-content\/uploads\/2022\/08\/ginger-powder-packing-machine.jpg 600w, https:\/\/topfoodmachine.com\/wp-content\/uploads\/2022\/08\/ginger-powder-packing-machine-300x225.jpg 300w\" sizes=\"auto, (max-width: 600px) 100vw, 600px\" \/><figcaption class=\"wp-element-caption\">m\u00e1quina de embalagem de p\u00f3 de gengibre<\/figcaption><\/figure>    <figure class=\"wp-block-image size-large\"><img loading=\"lazy\" decoding=\"async\" width=\"720\" height=\"540\" data-id=\"1457\" src=\"https:\/\/topfoodmachine.com\/wp-content\/uploads\/2024\/07\/Stainless-steel-crusher-for-sale.webp\" alt=\"Triturador de a\u00e7o inoxid\u00e1vel \u00e0 venda\" class=\"wp-image-1457\" srcset=\"https:\/\/topfoodmachine.com\/wp-content\/uploads\/2024\/07\/Stainless-steel-crusher-for-sale.webp 720w, https:\/\/topfoodmachine.com\/wp-content\/uploads\/2024\/07\/Stainless-steel-crusher-for-sale-300x225.webp 300w, https:\/\/topfoodmachine.com\/wp-content\/uploads\/2024\/07\/Stainless-steel-crusher-for-sale-16x12.webp 16w\" sizes=\"auto, (max-width: 720px) 100vw, 720px\" \/><figcaption class=\"wp-element-caption\">Triturador de a\u00e7o inoxid\u00e1vel \u00e0 venda<\/figcaption><\/figure> <\/figure>    <h2 class=\"wp-block-heading\">Deixe sua mensagem!<\/h2>    <p>Para saber mais sobre a compra do nosso triturador de a\u00e7o inoxid\u00e1vel ou para perguntar sobre especifica\u00e7\u00f5es do produto e op\u00e7\u00f5es de personaliza\u00e7\u00e3o, sinta-se \u00e0 vontade para entrar em contato com nossa equipe de atendimento ao cliente. <\/p>    <p>Estamos comprometidos em fornecer solu\u00e7\u00f5es de tritura\u00e7\u00e3o eficientes, dur\u00e1veis e vers\u00e1teis que atendam \u00e0s suas necessidades em processamento de alimentos e aplica\u00e7\u00f5es industriais.<\/p>    <p>Entre em contato conosco hoje para explorar como nosso triturador de a\u00e7o inoxid\u00e1vel pode se integrar aos seus processos de produ\u00e7\u00e3o, oferecendo maior valor e efici\u00eancia.<\/p>    <figure class=\"wp-block-gallery has-nested-images columns-default is-cropped wp-block-gallery-6 is-layout-flex wp-block-gallery-is-layout-flex\"> <figure class=\"wp-block-image size-large\"><img loading=\"lazy\" decoding=\"async\" width=\"720\" height=\"540\" data-id=\"1459\" src=\"https:\/\/topfoodmachine.com\/wp-content\/uploads\/2024\/07\/Grain-grinder-machine-in-stock.webp\" alt=\"M\u00e1quina moedor de gr\u00e3os em estoque\" class=\"wp-image-1459\" srcset=\"https:\/\/topfoodmachine.com\/wp-content\/uploads\/2024\/07\/Grain-grinder-machine-in-stock.webp 720w, https:\/\/topfoodmachine.com\/wp-content\/uploads\/2024\/07\/Grain-grinder-machine-in-stock-300x225.webp 300w, https:\/\/topfoodmachine.com\/wp-content\/uploads\/2024\/07\/Grain-grinder-machine-in-stock-16x12.webp 16w\" sizes=\"auto, (max-width: 720px) 100vw, 720px\" \/><figcaption class=\"wp-element-caption\">M\u00e1quina moedor de gr\u00e3os em estoque<\/figcaption><\/figure>    <figure class=\"wp-block-image size-large\"><img loading=\"lazy\" decoding=\"async\" width=\"720\" height=\"540\" data-id=\"1453\" src=\"https:\/\/topfoodmachine.com\/wp-content\/uploads\/2024\/07\/commercial-Grain-powder-mill-grinder.webp\" alt=\"moedor de p\u00f3 de gr\u00e3os comercial\" class=\"wp-image-1453\" srcset=\"https:\/\/topfoodmachine.com\/wp-content\/uploads\/2024\/07\/commercial-Grain-powder-mill-grinder.webp 720w, https:\/\/topfoodmachine.com\/wp-content\/uploads\/2024\/07\/commercial-Grain-powder-mill-grinder-300x225.webp 300w, https:\/\/topfoodmachine.com\/wp-content\/uploads\/2024\/07\/commercial-Grain-powder-mill-grinder-16x12.webp 16w\" sizes=\"auto, (max-width: 720px) 100vw, 720px\" \/><figcaption class=\"wp-element-caption\">moedor de p\u00f3 de gr\u00e3os comercial<\/figcaption><\/figure> <\/figure>","protected":false},"excerpt":{"rendered":"<p>A m\u00e1quina de moagem de p\u00f3 \u00e9 um equipamento dur\u00e1vel de a\u00e7o inoxid\u00e1vel para processamento eficiente de alimentos.<\/p>","protected":false},"author":1,"featured_media":1446,"parent":0,"template":"","tags":[52,53,55,54],"product-type":[5],"class_list":["post-1444","product","type-product","status-publish","has-post-thumbnail","hentry","tag-crusher","tag-grain","tag-grinder","tag-powder","product-type-nuts-processing-machine"],"_links":{"self":[{"href":"https:\/\/topfoodmachine.com\/pt\/wp-json\/wp\/v2\/product\/1444","targetHints":{"allow":["GET"]}}],"collection":[{"href":"https:\/\/topfoodmachine.com\/pt\/wp-json\/wp\/v2\/product"}],"about":[{"href":"https:\/\/topfoodmachine.com\/pt\/wp-json\/wp\/v2\/types\/product"}],"author":[{"embeddable":true,"href":"https:\/\/topfoodmachine.com\/pt\/wp-json\/wp\/v2\/users\/1"}],"wp:featuredmedia":[{"embeddable":true,"href":"https:\/\/topfoodmachine.com\/pt\/wp-json\/wp\/v2\/media\/1446"}],"wp:attachment":[{"href":"https:\/\/topfoodmachine.com\/pt\/wp-json\/wp\/v2\/media?parent=1444"}],"wp:term":[{"taxonomy":"post_tag","embeddable":true,"href":"https:\/\/topfoodmachine.com\/pt\/wp-json\/wp\/v2\/tags?post=1444"},{"taxonomy":"product-type","embeddable":true,"href":"https:\/\/topfoodmachine.com\/pt\/wp-json\/wp\/v2\/product-type?post=1444"}],"curies":[{"name":"wp","href":"https:\/\/api.w.org\/{rel}","templated":true}]}}