{"id":1430,"date":"2024-07-05T11:41:54","date_gmt":"2024-07-05T03:41:54","guid":{"rendered":"https:\/\/topfoodmachine.com\/?post_type=product&#038;p=1430"},"modified":"2026-01-19T15:51:29","modified_gmt":"2026-01-19T07:51:29","slug":"pancake-making-machine","status":"publish","type":"product","link":"https:\/\/topfoodmachine.com\/pt\/product\/pancake-making-machine\/","title":{"rendered":"M\u00e1quina de fazer panquecas | Fabricante de panquecas"},"content":{"rendered":"<div class=\"kk-star-ratings kksr-auto kksr-align-left kksr-valign-top\"     data-payload='{&quot;align&quot;:&quot;left&quot;,&quot;id&quot;:&quot;1430&quot;,&quot;slug&quot;:&quot;default&quot;,&quot;valign&quot;:&quot;top&quot;,&quot;ignore&quot;:&quot;&quot;,&quot;reference&quot;:&quot;auto&quot;,&quot;class&quot;:&quot;&quot;,&quot;count&quot;:&quot;12&quot;,&quot;legendonly&quot;:&quot;&quot;,&quot;readonly&quot;:&quot;&quot;,&quot;score&quot;:&quot;4.8&quot;,&quot;starsonly&quot;:&quot;&quot;,&quot;best&quot;:&quot;5&quot;,&quot;gap&quot;:&quot;5&quot;,&quot;greet&quot;:&quot;Rate this product&quot;,&quot;legend&quot;:&quot;4.8\\\/5 - (12 votes)&quot;,&quot;size&quot;:&quot;24&quot;,&quot;title&quot;:&quot;Pancake making machine | Pancake maker&quot;,&quot;width&quot;:&quot;136.7&quot;,&quot;_legend&quot;:&quot;{score}\\\/{best} - ({count} {votes})&quot;,&quot;font_factor&quot;:&quot;1.25&quot;}'>              <div class=\"kksr-stars\">      <div class=\"kksr-stars-inactive\">             <div class=\"kksr-star\" data-star=\"1\" style=\"padding-right: 5px\">               <div class=\"kksr-icon\" style=\"width: 24px; height: 24px;\"><\/div>         <\/div>             <div class=\"kksr-star\" data-star=\"2\" style=\"padding-right: 5px\">               <div class=\"kksr-icon\" style=\"width: 24px; height: 24px;\"><\/div>         <\/div>             <div class=\"kksr-star\" data-star=\"3\" style=\"padding-right: 5px\">               <div class=\"kksr-icon\" style=\"width: 24px; height: 24px;\"><\/div>         <\/div>             <div class=\"kksr-star\" data-star=\"4\" style=\"padding-right: 5px\">               <div class=\"kksr-icon\" style=\"width: 24px; height: 24px;\"><\/div>         <\/div>             <div class=\"kksr-star\" data-star=\"5\" style=\"padding-right: 5px\">               <div class=\"kksr-icon\" style=\"width: 24px; height: 24px;\"><\/div>         <\/div>     <\/div>      <div class=\"kksr-stars-active\" style=\"width: 136.7px;\">             <div class=\"kksr-star\" style=\"padding-right: 5px\">               <div class=\"kksr-icon\" style=\"width: 24px; height: 24px;\"><\/div>         <\/div>             <div class=\"kksr-star\" style=\"padding-right: 5px\">               <div class=\"kksr-icon\" style=\"width: 24px; height: 24px;\"><\/div>         <\/div>             <div class=\"kksr-star\" style=\"padding-right: 5px\">               <div class=\"kksr-icon\" style=\"width: 24px; height: 24px;\"><\/div>         <\/div>             <div class=\"kksr-star\" style=\"padding-right: 5px\">               <div class=\"kksr-icon\" style=\"width: 24px; height: 24px;\"><\/div>         <\/div>             <div class=\"kksr-star\" style=\"padding-right: 5px\">               <div class=\"kksr-icon\" style=\"width: 24px; height: 24px;\"><\/div>         <\/div>     <\/div> <\/div>                   <div class=\"kksr-legend\" style=\"font-size: 19.2px;\">             4,8\/5 - (12 votos)    <\/div>     <\/div>  <p>A nossa m\u00e1quina de fazer panquecas pode alcan\u00e7ar uma produ\u00e7\u00e3o eficiente e consistente, oferecendo op\u00e7\u00f5es de aquecimento el\u00e9trico e pneum\u00e1tico para atender a diferentes necessidades operacionais. Com 2, 4 ou 6 placas de cozedura, cada uma controlada de forma independente, garante uma cozedura precisa e uma qualidade uniforme das panquecas. <\/p>    <p>Feita de a\u00e7o inoxid\u00e1vel de alta qualidade, a m\u00e1quina \u00e9 dur\u00e1vel, higi\u00e9nica e f\u00e1cil de limpar, enquanto o seu design f\u00e1cil de usar permite que operadores de qualquer n\u00edvel de experi\u00eancia a utilizem sem esfor\u00e7o.<\/p>    <p class=\"translation-block\">Esta m\u00e1quina \u00e9 ideal para cozinhas comerciais, restaurantes, padarias e f\u00e1bricas de alimentos, ajudando a poupar tempo e m\u00e3o-de-obra enquanto produz grandes quantidades de panquecas. Oferecemos dois modelos populares, <strong>TZ-4<\/strong> e <strong>TZ-6<\/strong>, ambos capazes de fazer panquecas com um di\u00e2metro de <strong>35 cm<\/strong>, proporcionando desempenho fi\u00e1vel e produ\u00e7\u00e3o consistente para v\u00e1rias escalas de produ\u00e7\u00e3o.<\/p>    <figure class=\"wp-block-embed is-type-video is-provider-youtube wp-block-embed-youtube wp-embed-aspect-16-9 wp-has-aspect-ratio\"><div class=\"wp-block-embed__wrapper\"> <iframe loading=\"lazy\" title=\"Como usar a m\u00e1quina de panquecas definitiva para panquecas fofas #panqueca #processamento de alimentos #confeitaria\" width=\"500\" height=\"281\" src=\"https:\/\/www.youtube.com\/embed\/wOn_DOV-WZw?feature=oembed\" frameborder=\"0\" allow=\"accelerometer; autoplay; clipboard-write; encrypted-media; gyroscope; picture-in-picture; web-share\" referrerpolicy=\"strict-origin-when-cross-origin\" allowfullscreen><\/iframe> <\/div><figcaption class=\"wp-element-caption\">V\u00eddeo de funcionamento da m\u00e1quina de fazer panquecas<\/figcaption><\/figure>    <h2 class=\"wp-block-heading\">Fabricante autom\u00e1tico de panquecas para neg\u00f3cios<\/h2>    <p class=\"translation-block\">A nossa m\u00e1quina autom\u00e1tica de fazer panquecas foi concebida para uma produ\u00e7\u00e3o flex\u00edvel e eficiente, capaz de fazer tanto <strong>panquecas redondas quanto quadradas<\/strong> para atender \u00e0s diversas exig\u00eancias do mercado. Pode produzir panquecas redondas com um <strong>di\u00e2metro m\u00e1ximo de at\u00e9 60 cm<\/strong>, enquanto a espessura da panqueca \u00e9 controlada pela consist\u00eancia da massa e pode ser ajustada at\u00e9 <strong>1 mm<\/strong>, garantindo resultados uniformes e alta qualidade do produto.<\/p>    <p class=\"translation-block\">Gra\u00e7as \u00e0 sua forte adaptabilidade, esta m\u00e1quina de fazer panquecas \u00e9 adequada para uma vasta gama de aplica\u00e7\u00f5es comerciais, incluindo <strong>cadeias de fast-food, restaurantes de pequeno-almo\u00e7o, servi\u00e7os de catering e grandes eventos de banquetes<\/strong>, onde diferentes formas, tamanhos de panquecas e produ\u00e7\u00e3o consistente s\u00e3o necess\u00e1rias.<\/p>    <figure class=\"wp-block-image size-full\"><img loading=\"lazy\" decoding=\"async\" width=\"720\" height=\"540\" src=\"https:\/\/topfoodmachine.com\/wp-content\/uploads\/2024\/07\/commercial-Pancake-maker.webp\" alt=\"m\u00e1quina de panquecas comercial\" class=\"wp-image-1433\" srcset=\"https:\/\/topfoodmachine.com\/wp-content\/uploads\/2024\/07\/commercial-Pancake-maker.webp 720w, https:\/\/topfoodmachine.com\/wp-content\/uploads\/2024\/07\/commercial-Pancake-maker-300x225.webp 300w, https:\/\/topfoodmachine.com\/wp-content\/uploads\/2024\/07\/commercial-Pancake-maker-16x12.webp 16w\" sizes=\"auto, (max-width: 720px) 100vw, 720px\" \/><figcaption class=\"wp-element-caption\">m\u00e1quina de panquecas comercial<\/figcaption><\/figure>    <h2 class=\"wp-block-heading\">Vantagens da m\u00e1quina de fazer panquecas<\/h2>    <div class=\"wp-block-media-text is-stacked-on-mobile\"><figure class=\"wp-block-media-text__media\"><img loading=\"lazy\" decoding=\"async\" width=\"720\" height=\"540\" src=\"https:\/\/topfoodmachine.com\/wp-content\/uploads\/2024\/07\/exported-Pancake-maker.webp\" alt=\"m\u00e1quina de panquecas exportada\" class=\"wp-image-1434 size-full\" srcset=\"https:\/\/topfoodmachine.com\/wp-content\/uploads\/2024\/07\/exported-Pancake-maker.webp 720w, https:\/\/topfoodmachine.com\/wp-content\/uploads\/2024\/07\/exported-Pancake-maker-300x225.webp 300w, https:\/\/topfoodmachine.com\/wp-content\/uploads\/2024\/07\/exported-Pancake-maker-16x12.webp 16w\" sizes=\"auto, (max-width: 720px) 100vw, 720px\" \/><\/figure><div class=\"wp-block-media-text__content\"> <ul class=\"wp-block-list\"> <li><strong>Op\u00e7\u00f5es de aquecimento vers\u00e1teis:<\/strong> A m\u00e1quina de panquecas suporta aquecimento el\u00e9trico e a g\u00e1s e tamb\u00e9m pode ser equipada com sistemas avan\u00e7ados de controlo de temperatura, garantindo ajuste preciso do calor e uso eficiente de energia durante o processo de cozedura.<\/li>    <li><strong>Configura\u00e7\u00f5es de placas flex\u00edveis:<\/strong> Dispon\u00edvel com v\u00e1rias op\u00e7\u00f5es de placas de cozedura, cada placa pode ser controlada de forma independente. Isto permite que a m\u00e1quina se adapte a diferentes tamanhos de cozinhas e necessidades de produ\u00e7\u00e3o, desde pequenos caf\u00e9s at\u00e9 grandes cadeias de restaurantes.<\/li> <\/ul> <\/div><\/div>    <div class=\"wp-block-media-text has-media-on-the-right is-stacked-on-mobile\"><div class=\"wp-block-media-text__content\"> <ul class=\"wp-block-list\"> <li><strong>Alta efici\u00eancia de produ\u00e7\u00e3o:<\/strong> O aquecimento r\u00e1pido combinado com controlo de temperatura preciso permite uma produ\u00e7\u00e3o cont\u00ednua de panquecas em grande volume, ajudando a reduzir o tempo de espera durante os per\u00edodos de maior movimento e a melhorar a efici\u00eancia operacional global.<\/li>    <li><strong>Design de seguran\u00e7a aprimorado:<\/strong> Equipada com bases antiderrapantes, pegares resistentes ao calor e prote\u00e7\u00e3o contra sobreaquecimento, a m\u00e1quina garante uma opera\u00e7\u00e3o segura e est\u00e1vel mesmo em condi\u00e7\u00f5es de trabalho de alta temperatura.<\/li> <\/ul> <\/div><figure class=\"wp-block-media-text__media\"><img loading=\"lazy\" decoding=\"async\" width=\"720\" height=\"540\" src=\"https:\/\/topfoodmachine.com\/wp-content\/uploads\/2024\/07\/pancake-forming-machine.webp\" alt=\"m\u00e1quina de formar panquecas\" class=\"wp-image-1435 size-full\" srcset=\"https:\/\/topfoodmachine.com\/wp-content\/uploads\/2024\/07\/pancake-forming-machine.webp 720w, https:\/\/topfoodmachine.com\/wp-content\/uploads\/2024\/07\/pancake-forming-machine-300x225.webp 300w, https:\/\/topfoodmachine.com\/wp-content\/uploads\/2024\/07\/pancake-forming-machine-16x12.webp 16w\" sizes=\"auto, (max-width: 720px) 100vw, 720px\" \/><\/figure><\/div>    <h2 class=\"wp-block-heading\">M\u00e1quina de fazer panquecas vers\u00e1til<\/h2>    <p>A m\u00e1quina de fazer panquecas \u00e9 incrivelmente vers\u00e1til, oferecendo conveni\u00eancia e efici\u00eancia incompar\u00e1veis para v\u00e1rios ambientes comerciais. Em restaurantes, caf\u00e9s, lojas de caf\u00e9 da manh\u00e3 e estabelecimentos de fast-food, esta m\u00e1quina pode produzir grandes quantidades de panquecas rapidamente, aumentando significativamente a velocidade do servi\u00e7o e melhorando a satisfa\u00e7\u00e3o do cliente. Sua capacidade de produzir panquecas de alta qualidade de forma consistente a torna uma ferramenta indispens\u00e1vel para cozinhas movimentadas. <\/p>    <p>Al\u00e9m disso, esta m\u00e1quina \u00e9 perfeita para eventos especiais como casamentos, festas de anivers\u00e1rio e reuni\u00f5es corporativas, permitindo que os fornecedores de alimentos sirvam panquecas deliciosas rapidamente e sem esfor\u00e7o. N\u00e3o importa o cen\u00e1rio comercial, a m\u00e1quina de fazer panquecas oferece desempenho excepcional, tornando-se um ativo essencial para qualquer neg\u00f3cio que deseja elevar suas ofertas alimentares e otimizar opera\u00e7\u00f5es.<\/p>    <figure class=\"wp-block-gallery has-nested-images columns-default is-cropped wp-block-gallery-2 is-layout-flex wp-block-gallery-is-layout-flex\"> <figure class=\"wp-block-image size-full\"><img loading=\"lazy\" decoding=\"async\" width=\"720\" height=\"540\" data-id=\"1436\" src=\"https:\/\/topfoodmachine.com\/wp-content\/uploads\/2024\/07\/Pancake-maker-for-business.webp\" alt=\"m\u00e1quina de panquecas para neg\u00f3cios\" class=\"wp-image-1436\" srcset=\"https:\/\/topfoodmachine.com\/wp-content\/uploads\/2024\/07\/Pancake-maker-for-business.webp 720w, https:\/\/topfoodmachine.com\/wp-content\/uploads\/2024\/07\/Pancake-maker-for-business-300x225.webp 300w, https:\/\/topfoodmachine.com\/wp-content\/uploads\/2024\/07\/Pancake-maker-for-business-16x12.webp 16w\" sizes=\"auto, (max-width: 720px) 100vw, 720px\" \/><figcaption class=\"wp-element-caption\">m\u00e1quina de panquecas para neg\u00f3cios<\/figcaption><\/figure>    <figure class=\"wp-block-image size-full\"><img loading=\"lazy\" decoding=\"async\" width=\"720\" height=\"540\" data-id=\"1441\" src=\"https:\/\/topfoodmachine.com\/wp-content\/uploads\/2024\/07\/pancake.webp\" alt=\"panqueca\" class=\"wp-image-1441\" srcset=\"https:\/\/topfoodmachine.com\/wp-content\/uploads\/2024\/07\/pancake.webp 720w, https:\/\/topfoodmachine.com\/wp-content\/uploads\/2024\/07\/pancake-300x225.webp 300w, https:\/\/topfoodmachine.com\/wp-content\/uploads\/2024\/07\/pancake-16x12.webp 16w\" sizes=\"auto, (max-width: 720px) 100vw, 720px\" \/><figcaption class=\"wp-element-caption\">panqueca<\/figcaption><\/figure>    <figure class=\"wp-block-image size-full\"><img loading=\"lazy\" decoding=\"async\" width=\"720\" height=\"540\" data-id=\"1440\" src=\"https:\/\/topfoodmachine.com\/wp-content\/uploads\/2024\/07\/final-product-of-pancake-maker.webp\" alt=\"produto final da m\u00e1quina de panquecas\" class=\"wp-image-1440\" srcset=\"https:\/\/topfoodmachine.com\/wp-content\/uploads\/2024\/07\/final-product-of-pancake-maker.webp 720w, https:\/\/topfoodmachine.com\/wp-content\/uploads\/2024\/07\/final-product-of-pancake-maker-300x225.webp 300w, https:\/\/topfoodmachine.com\/wp-content\/uploads\/2024\/07\/final-product-of-pancake-maker-16x12.webp 16w\" sizes=\"auto, (max-width: 720px) 100vw, 720px\" \/><figcaption class=\"wp-element-caption\">produto final da m\u00e1quina de panquecas<\/figcaption><\/figure> <\/figure>    <h2 class=\"wp-block-heading\">Materiais da m\u00e1quina de formar panquecas<\/h2>    <p>Nossa m\u00e1quina de formar panquecas \u00e9 constru\u00edda com materiais de alta qualidade para garantir estabilidade e durabilidade.<\/p>    <div class=\"wp-block-media-text is-stacked-on-mobile\"><figure class=\"wp-block-media-text__media\"><img loading=\"lazy\" decoding=\"async\" width=\"720\" height=\"540\" src=\"https:\/\/topfoodmachine.com\/wp-content\/uploads\/2024\/07\/pancakes.webp\" alt=\"panquecas\" class=\"wp-image-1438 size-full\" srcset=\"https:\/\/topfoodmachine.com\/wp-content\/uploads\/2024\/07\/pancakes.webp 720w, https:\/\/topfoodmachine.com\/wp-content\/uploads\/2024\/07\/pancakes-300x225.webp 300w, https:\/\/topfoodmachine.com\/wp-content\/uploads\/2024\/07\/pancakes-16x12.webp 16w\" sizes=\"auto, (max-width: 720px) 100vw, 720px\" \/><\/figure><div class=\"wp-block-media-text__content\"> <ul class=\"wp-block-list\"> <li><strong>Placas de cozimento<\/strong>. Feitas de a\u00e7o 45#, essas placas oferecem excelente resist\u00eancia ao desgaste e propriedades de condu\u00e7\u00e3o de calor. Isso garante aquecimento uniforme da massa e qualidade e velocidade consistentes no cozimento das panquecas.<\/li>    <li><strong>Placas deslizantes<\/strong>. Constru\u00eddas em a\u00e7o inoxid\u00e1vel, essas placas s\u00e3o resistentes \u00e0 ferrugem e f\u00e1ceis de limpar, mantendo os padr\u00f5es de higiene durante as opera\u00e7\u00f5es e proporcionando uso confi\u00e1vel a longo prazo.<\/li> <\/ul> <\/div><\/div>    <div class=\"wp-block-media-text has-media-on-the-right is-stacked-on-mobile\"><div class=\"wp-block-media-text__content\"> <ul class=\"wp-block-list\"> <li><strong>Fog\u00e3o<\/strong>. Os componentes do fog\u00e3o s\u00e3o feitos de a\u00e7o inoxid\u00e1vel. Conhecido por sua resist\u00eancia \u00e0 corros\u00e3o e toler\u00e2ncia a altas temperaturas, adequado para opera\u00e7\u00f5es prolongadas em alta temperatura para garantir a estabilidade e seguran\u00e7a do equipamento.<\/li>    <li><strong>Estrutura de suporte<\/strong>. A estrutura \u00e9 feita de tubos quadrados galvanizados, proporcionando robustez e estabilidade para suportar toda a m\u00e1quina, adaptando-se a diversos ambientes e condi\u00e7\u00f5es operacionais.<\/li> <\/ul> <\/div><figure class=\"wp-block-media-text__media\"><img loading=\"lazy\" decoding=\"async\" width=\"720\" height=\"540\" src=\"https:\/\/topfoodmachine.com\/wp-content\/uploads\/2024\/07\/Pancake-maker-for-sale.webp\" alt=\"m\u00e1quina de panquecas \u00e0 venda\" class=\"wp-image-1437 size-full\" srcset=\"https:\/\/topfoodmachine.com\/wp-content\/uploads\/2024\/07\/Pancake-maker-for-sale.webp 720w, https:\/\/topfoodmachine.com\/wp-content\/uploads\/2024\/07\/Pancake-maker-for-sale-300x225.webp 300w, https:\/\/topfoodmachine.com\/wp-content\/uploads\/2024\/07\/Pancake-maker-for-sale-16x12.webp 16w\" sizes=\"auto, (max-width: 720px) 100vw, 720px\" \/><\/figure><\/div>    <p>Esses materiais selecionados garantem que nossa m\u00e1quina de formar panquecas opere de forma eficiente e confi\u00e1vel a longo prazo. Eles proporcionam produ\u00e7\u00e3o de panquecas de alta qualidade e garantem desempenho confi\u00e1vel para nossos clientes.<\/p>    <h2 class=\"wp-block-heading\">Par\u00e2metros da m\u00e1quina de formar panquecas<\/h2>    <figure class=\"wp-block-table\"><table><tbody><tr><td>Modelo<\/td><td>TZ-4<\/td><td>TZ-6<\/td><\/tr><tr><td>Tamanho<\/td><td>2500*560*750mm<\/td><td>3000*550*750mm<\/td><\/tr><tr><td>Di\u00e2metro<\/td><td>35cm<\/td><td>35cm<\/td><\/tr><tr><td>Peso<\/td><td>190kg<\/td><td>170kg<\/td><\/tr><\/tbody><\/table><figcaption class=\"wp-element-caption\">par\u00e2metros da m\u00e1quina de fazer panquecas<\/figcaption><\/figure>    <h2 class=\"wp-block-heading\">Conclus\u00e3o<\/h2>    <p class=\"translation-block\">Opte pela nossa <a href=\"https:\/\/en.wikipedia.org\/wiki\/Pancake\" data-type=\"link\" data-id=\"https:\/\/en.wikipedia.org\/wiki\/Pancake\" target=\"_blank\" rel=\"noopener\">m\u00e1quina de fazer panquecas<\/a> para desempenho est\u00e1vel, configura\u00e7\u00f5es flex\u00edveis e alta efici\u00eancia. Tamb\u00e9m oferecemos uma vasta gama de <a href=\"https:\/\/topfoodmachine.com\/pt\/products\/pastry-production-machine\/\" data-type=\"link\" data-id=\"https:\/\/topfoodmachine.com\/products\/pastry-production-machine\/\">m\u00e1quinas de pastelaria<\/a>, incluindo m\u00e1quinas de crepe e waffles, todas concebidas para uma opera\u00e7\u00e3o eficiente e f\u00e1cil de usar. Contacte-nos agora para saber como as nossas m\u00e1quinas de alimentos podem ajudar a melhorar a sua produ\u00e7\u00e3o e expandir o seu neg\u00f3cio.<\/p>    <figure class=\"wp-block-image size-full\"><img loading=\"lazy\" decoding=\"async\" width=\"720\" height=\"540\" src=\"https:\/\/topfoodmachine.com\/wp-content\/uploads\/2024\/07\/Pancake-making-machine-display.webp\" alt=\"exibi\u00e7\u00e3o da m\u00e1quina de fazer panquecas\" class=\"wp-image-1439\" srcset=\"https:\/\/topfoodmachine.com\/wp-content\/uploads\/2024\/07\/Pancake-making-machine-display.webp 720w, https:\/\/topfoodmachine.com\/wp-content\/uploads\/2024\/07\/Pancake-making-machine-display-300x225.webp 300w, https:\/\/topfoodmachine.com\/wp-content\/uploads\/2024\/07\/Pancake-making-machine-display-16x12.webp 16w\" sizes=\"auto, (max-width: 720px) 100vw, 720px\" \/><figcaption class=\"wp-element-caption\">exibi\u00e7\u00e3o da m\u00e1quina de fazer panquecas<\/figcaption><\/figure>","protected":false},"excerpt":{"rendered":"<p>A nossa m\u00e1quina de fazer panquecas pode alcan\u00e7ar uma produ\u00e7\u00e3o eficiente e consistente, oferecendo op\u00e7\u00f5es de aquecimento el\u00e9trico e pneum\u00e1tico para atender a diferentes necessidades operacionais.<\/p>","protected":false},"author":1,"featured_media":1432,"parent":0,"template":"","tags":[30,51,50,25],"product-type":[6],"class_list":["post-1430","product","type-product","status-publish","has-post-thumbnail","hentry","tag-food-machine","tag-food-processing","tag-pancake","tag-pastry","product-type-pastry-production-machine"],"_links":{"self":[{"href":"https:\/\/topfoodmachine.com\/pt\/wp-json\/wp\/v2\/product\/1430","targetHints":{"allow":["GET"]}}],"collection":[{"href":"https:\/\/topfoodmachine.com\/pt\/wp-json\/wp\/v2\/product"}],"about":[{"href":"https:\/\/topfoodmachine.com\/pt\/wp-json\/wp\/v2\/types\/product"}],"author":[{"embeddable":true,"href":"https:\/\/topfoodmachine.com\/pt\/wp-json\/wp\/v2\/users\/1"}],"wp:featuredmedia":[{"embeddable":true,"href":"https:\/\/topfoodmachine.com\/pt\/wp-json\/wp\/v2\/media\/1432"}],"wp:attachment":[{"href":"https:\/\/topfoodmachine.com\/pt\/wp-json\/wp\/v2\/media?parent=1430"}],"wp:term":[{"taxonomy":"post_tag","embeddable":true,"href":"https:\/\/topfoodmachine.com\/pt\/wp-json\/wp\/v2\/tags?post=1430"},{"taxonomy":"product-type","embeddable":true,"href":"https:\/\/topfoodmachine.com\/pt\/wp-json\/wp\/v2\/product-type?post=1430"}],"curies":[{"name":"wp","href":"https:\/\/api.w.org\/{rel}","templated":true}]}}