{"id":1392,"date":"2024-06-06T11:49:21","date_gmt":"2024-06-06T03:49:21","guid":{"rendered":"https:\/\/topfoodmachine.com\/?post_type=product&#038;p=1392"},"modified":"2024-06-06T13:58:00","modified_gmt":"2024-06-06T05:58:00","slug":"frying-machine-deep-fryer","status":"publish","type":"product","link":"https:\/\/topfoodmachine.com\/pt\/product\/frying-machine-deep-fryer\/","title":{"rendered":"M\u00e1quina de fritura | Fritadeira"},"content":{"rendered":"<div class=\"kk-star-ratings kksr-auto kksr-align-left kksr-valign-top\"     data-payload='{&quot;align&quot;:&quot;left&quot;,&quot;id&quot;:&quot;1392&quot;,&quot;slug&quot;:&quot;default&quot;,&quot;valign&quot;:&quot;top&quot;,&quot;ignore&quot;:&quot;&quot;,&quot;reference&quot;:&quot;auto&quot;,&quot;class&quot;:&quot;&quot;,&quot;count&quot;:&quot;26&quot;,&quot;legendonly&quot;:&quot;&quot;,&quot;readonly&quot;:&quot;&quot;,&quot;score&quot;:&quot;4.6&quot;,&quot;starsonly&quot;:&quot;&quot;,&quot;best&quot;:&quot;5&quot;,&quot;gap&quot;:&quot;5&quot;,&quot;greet&quot;:&quot;Rate this product&quot;,&quot;legend&quot;:&quot;4.6\\\/5 - (26 votes)&quot;,&quot;size&quot;:&quot;24&quot;,&quot;title&quot;:&quot;Frying machine | Deep fryer&quot;,&quot;width&quot;:&quot;130.9&quot;,&quot;_legend&quot;:&quot;{score}\\\/{best} - ({count} {votes})&quot;,&quot;font_factor&quot;:&quot;1.25&quot;}'>              <div class=\"kksr-stars\">      <div class=\"kksr-stars-inactive\">             <div class=\"kksr-star\" data-star=\"1\" style=\"padding-right: 5px\">               <div class=\"kksr-icon\" style=\"width: 24px; height: 24px;\"><\/div>         <\/div>             <div class=\"kksr-star\" data-star=\"2\" style=\"padding-right: 5px\">               <div class=\"kksr-icon\" style=\"width: 24px; height: 24px;\"><\/div>         <\/div>             <div class=\"kksr-star\" data-star=\"3\" style=\"padding-right: 5px\">               <div class=\"kksr-icon\" style=\"width: 24px; height: 24px;\"><\/div>         <\/div>             <div class=\"kksr-star\" data-star=\"4\" style=\"padding-right: 5px\">               <div class=\"kksr-icon\" style=\"width: 24px; height: 24px;\"><\/div>         <\/div>             <div class=\"kksr-star\" data-star=\"5\" style=\"padding-right: 5px\">               <div class=\"kksr-icon\" style=\"width: 24px; height: 24px;\"><\/div>         <\/div>     <\/div>      <div class=\"kksr-stars-active\" style=\"width: 130.9px;\">             <div class=\"kksr-star\" style=\"padding-right: 5px\">               <div class=\"kksr-icon\" style=\"width: 24px; height: 24px;\"><\/div>         <\/div>             <div class=\"kksr-star\" style=\"padding-right: 5px\">               <div class=\"kksr-icon\" style=\"width: 24px; height: 24px;\"><\/div>         <\/div>             <div class=\"kksr-star\" style=\"padding-right: 5px\">               <div class=\"kksr-icon\" style=\"width: 24px; height: 24px;\"><\/div>         <\/div>             <div class=\"kksr-star\" style=\"padding-right: 5px\">               <div class=\"kksr-icon\" style=\"width: 24px; height: 24px;\"><\/div>         <\/div>             <div class=\"kksr-star\" style=\"padding-right: 5px\">               <div class=\"kksr-icon\" style=\"width: 24px; height: 24px;\"><\/div>         <\/div>     <\/div> <\/div>                   <div class=\"kksr-legend\" style=\"font-size: 19.2px;\">             4,6\/5 - (26 votos)    <\/div>     <\/div>  <p>A m\u00e1quina de fritura profunda \u00e9 um equipamento de prepara\u00e7\u00e3o de fast food amplamente utilizado na ind\u00fastria de restaurantes e f\u00e1bricas de processamento de alimentos. Nossa s\u00e9rie inclui tr\u00eas modelos: o tipo quadrado semi-autom\u00e1tico, o tipo de panela redonda e o tipo cont\u00ednuo totalmente autom\u00e1tico. Cada modelo pode ser personalizado com op\u00e7\u00f5es de aquecimento el\u00e9trico ou a g\u00e1s.<\/p>    <p>Com uma temperatura m\u00e1xima de 180 graus Celsius, nossas fritadeiras garantem um aquecimento r\u00e1pido e uniforme dos ingredientes, preservando seu sabor e nutrientes. Para reduzir ainda mais o trabalho manual, oferecemos a op\u00e7\u00e3o de adicionar funis de alimenta\u00e7\u00e3o extras, estendendo os ciclos de produ\u00e7\u00e3o e diminuindo a necessidade de interven\u00e7\u00e3o humana, aumentando assim a efici\u00eancia da produ\u00e7\u00e3o.<\/p>    <figure class=\"wp-block-image size-full\"><img loading=\"lazy\" decoding=\"async\" width=\"720\" height=\"540\" src=\"https:\/\/topfoodmachine.com\/wp-content\/uploads\/2024\/06\/automatic-deep-fryer.webp\" alt=\"fritadeira profunda autom\u00e1tica\" class=\"wp-image-1394\" srcset=\"https:\/\/topfoodmachine.com\/wp-content\/uploads\/2024\/06\/automatic-deep-fryer.webp 720w, https:\/\/topfoodmachine.com\/wp-content\/uploads\/2024\/06\/automatic-deep-fryer-300x225.webp 300w, https:\/\/topfoodmachine.com\/wp-content\/uploads\/2024\/06\/automatic-deep-fryer-16x12.webp 16w\" sizes=\"auto, (max-width: 720px) 100vw, 720px\" \/><figcaption class=\"wp-element-caption\">fritadeira profunda autom\u00e1tica<\/figcaption><\/figure>    <h2 class=\"wp-block-heading\"><strong>M\u00e1quina de fritura diversificada para suas necessidades<\/strong><strong><\/strong><\/h2>    <p>Nossa s\u00e9rie de fritadeiras compreende tr\u00eas tipos principais: o tipo quadrado semi-autom\u00e1tico, o tipo de panela redonda e o tipo cont\u00ednuo totalmente autom\u00e1tico. Cada tipo oferece caracter\u00edsticas e funcionalidades \u00fanicas para atender a v\u00e1rias necessidades dos clientes.<\/p>    <h3 class=\"wp-block-heading\"><strong>Tipo Quadrado Semi-Autom\u00e1tico<\/strong><\/h3>    <div class=\"wp-block-media-text is-stacked-on-mobile\"><figure class=\"wp-block-media-text__media\"><img loading=\"lazy\" decoding=\"async\" width=\"720\" height=\"540\" src=\"https:\/\/topfoodmachine.com\/wp-content\/uploads\/2024\/06\/Semi-automatic-Square-Type-deep-frying-machine.webp\" alt=\"M\u00e1quina de fritura tipo quadrada semi-autom\u00e1tica\" class=\"wp-image-1395 size-full\" srcset=\"https:\/\/topfoodmachine.com\/wp-content\/uploads\/2024\/06\/Semi-automatic-Square-Type-deep-frying-machine.webp 720w, https:\/\/topfoodmachine.com\/wp-content\/uploads\/2024\/06\/Semi-automatic-Square-Type-deep-frying-machine-300x225.webp 300w, https:\/\/topfoodmachine.com\/wp-content\/uploads\/2024\/06\/Semi-automatic-Square-Type-deep-frying-machine-16x12.webp 16w\" sizes=\"auto, (max-width: 720px) 100vw, 720px\" \/><\/figure><div class=\"wp-block-media-text__content\"> <p>Esta fritadeira requer opera\u00e7\u00e3o manual, proporcionando uma interface amig\u00e1vel para gerenciar o carregamento e a recupera\u00e7\u00e3o de ingredientes, garantindo processos de fritura precisos e seguros. <\/p>    <p>Al\u00e9m disso, as cestas da fritadeira s\u00e3o facilmente remov\u00edveis para limpeza e manuten\u00e7\u00e3o convenientes.<\/p> <\/div><\/div>    <h3 class=\"wp-block-heading\"><strong>Tipo de Panela Redonda<\/strong><\/h3>    <div class=\"wp-block-media-text has-media-on-the-right is-stacked-on-mobile\"><div class=\"wp-block-media-text__content\"> <p>Baseando-se no tipo quadrado semi-autom\u00e1tico, a fritadeira de panela redonda integra uma fun\u00e7\u00e3o de agita\u00e7\u00e3o para um aquecimento mais uniforme dos ingredientes. <\/p>    <p>Al\u00e9m disso, ela possui capacidades autom\u00e1ticas de dispensa\u00e7\u00e3o, aumentando ainda mais a efici\u00eancia da produ\u00e7\u00e3o.<\/p> <\/div><figure class=\"wp-block-media-text__media\"><img loading=\"lazy\" decoding=\"async\" width=\"720\" height=\"540\" src=\"https:\/\/topfoodmachine.com\/wp-content\/uploads\/2024\/06\/Round-Pot-Type-frying-machine.webp\" alt=\"M\u00e1quina de fritura tipo panela redonda\" class=\"wp-image-1396 size-full\" srcset=\"https:\/\/topfoodmachine.com\/wp-content\/uploads\/2024\/06\/Round-Pot-Type-frying-machine.webp 720w, https:\/\/topfoodmachine.com\/wp-content\/uploads\/2024\/06\/Round-Pot-Type-frying-machine-300x225.webp 300w, https:\/\/topfoodmachine.com\/wp-content\/uploads\/2024\/06\/Round-Pot-Type-frying-machine-16x12.webp 16w\" sizes=\"auto, (max-width: 720px) 100vw, 720px\" \/><\/figure><\/div>    <h3 class=\"wp-block-heading\"><strong>Tipo Totalmente Autom\u00e1tico Cont\u00ednuo<\/strong><\/h3>    <div class=\"wp-block-media-text is-stacked-on-mobile\"><figure class=\"wp-block-media-text__media\"><img loading=\"lazy\" decoding=\"async\" width=\"720\" height=\"540\" src=\"https:\/\/topfoodmachine.com\/wp-content\/uploads\/2024\/06\/Continuous-Fully-Automatic-Type-frying-machine.webp\" alt=\"M\u00e1quina de fritura totalmente autom\u00e1tica cont\u00ednua\" class=\"wp-image-1397 size-full\" srcset=\"https:\/\/topfoodmachine.com\/wp-content\/uploads\/2024\/06\/Continuous-Fully-Automatic-Type-frying-machine.webp 720w, https:\/\/topfoodmachine.com\/wp-content\/uploads\/2024\/06\/Continuous-Fully-Automatic-Type-frying-machine-300x225.webp 300w, https:\/\/topfoodmachine.com\/wp-content\/uploads\/2024\/06\/Continuous-Fully-Automatic-Type-frying-machine-16x12.webp 16w\" sizes=\"auto, (max-width: 720px) 100vw, 720px\" \/><\/figure><div class=\"wp-block-media-text__content\"> <p>Equipado com uma estrutura de correia transportadora, esta fritadeira facilita o transporte cont\u00ednuo de ingredientes, aumentando significativamente a efici\u00eancia da produ\u00e7\u00e3o. O design da correia transportadora tamb\u00e9m simplifica as tarefas de limpeza e manuten\u00e7\u00e3o. <\/p>    <p>Este modelo oferece op\u00e7\u00f5es de personaliza\u00e7\u00e3o para tamanho, di\u00e2metro do furo e largura para atender a requisitos espec\u00edficos de produ\u00e7\u00e3o.<\/p> <\/div><\/div>    <h2 class=\"wp-block-heading\"><strong>Aplica\u00e7\u00f5es da m\u00e1quina de fritar<\/strong><strong><\/strong><\/h2>    <p>A m\u00e1quina de fritura&nbsp;encontra aplica\u00e7\u00f5es generalizadas em v\u00e1rios ambientes, particularmente na ind\u00fastria de restaurantes e setores de processamento de alimentos. <\/p>    <p>Em restaurantes e estabelecimentos de fast food, a m\u00e1quina de fritura profunda \u00e9 um equipamento vital para preparar uma variedade de alimentos fritos, como batatas fritas, nuggets de frango, fil\u00e9s de peixe e muito mais. Seu aquecimento r\u00e1pido e capacidade de produ\u00e7\u00e3o eficiente permitem que os estabelecimentos atendam rapidamente \u00e0 demanda dos clientes, oferecendo iguarias crocantes e douradas.<\/p>    <p>Dentro das f\u00e1bricas de processamento de alimentos, a m\u00e1quina de fritura tamb\u00e9m desempenha um papel crucial. Ela \u00e9 empregada na produ\u00e7\u00e3o em larga escala de itens alimentares fritos, incluindo alimentos congelados e lanches. Seus recursos personaliz\u00e1veis permitem que os fabricantes ajustem a produ\u00e7\u00e3o de forma flex\u00edvel de acordo com as demandas do mercado e as especifica\u00e7\u00f5es do produto, atendendo a diversas necessidades dos clientes.<\/p>    <figure class=\"wp-block-image size-full\"><img loading=\"lazy\" decoding=\"async\" width=\"720\" height=\"540\" src=\"https:\/\/topfoodmachine.com\/wp-content\/uploads\/2024\/06\/commercial-deep-fryer.webp\" alt=\"fritadeira profunda comercial\" class=\"wp-image-1398\" srcset=\"https:\/\/topfoodmachine.com\/wp-content\/uploads\/2024\/06\/commercial-deep-fryer.webp 720w, https:\/\/topfoodmachine.com\/wp-content\/uploads\/2024\/06\/commercial-deep-fryer-300x225.webp 300w, https:\/\/topfoodmachine.com\/wp-content\/uploads\/2024\/06\/commercial-deep-fryer-16x12.webp 16w\" sizes=\"auto, (max-width: 720px) 100vw, 720px\" \/><figcaption class=\"wp-element-caption\">fritadeira profunda comercial<\/figcaption><\/figure>    <p>Al\u00e9m disso, as m\u00e1quinas de fritura profunda s\u00e3o comumente vistas em eventos de grande escala e banquetes. Elas facilitam a prepara\u00e7\u00e3o r\u00e1pida de grandes quantidades de alimentos fritos, proporcionando aos participantes op\u00e7\u00f5es de lanches deliciosos e aumentando a vivacidade e o prazer da ocasi\u00e3o.<\/p>    <p>No geral, as m\u00e1quinas de fritura s\u00e3o vers\u00e1teis em v\u00e1rios ambientes, seja em pequenos estabelecimentos ou em f\u00e1bricas de grande escala, aproveitando sua efici\u00eancia e velocidade para entregar alimentos fritos de alta qualidade aos consumidores.<\/p>    <h2 class=\"wp-block-heading\"><strong>Benef\u00edcios de comprar a fritadeira<\/strong>m\u00e1quina de fritar<\/h2>    <figure class=\"wp-block-image size-full\"><img loading=\"lazy\" decoding=\"async\" width=\"720\" height=\"540\" src=\"https:\/\/topfoodmachine.com\/wp-content\/uploads\/2024\/06\/details-of-frying-machine.webp\" alt=\"detalhes da m\u00e1quina de fritura\" class=\"wp-image-1399\" srcset=\"https:\/\/topfoodmachine.com\/wp-content\/uploads\/2024\/06\/details-of-frying-machine.webp 720w, https:\/\/topfoodmachine.com\/wp-content\/uploads\/2024\/06\/details-of-frying-machine-300x225.webp 300w, https:\/\/topfoodmachine.com\/wp-content\/uploads\/2024\/06\/details-of-frying-machine-16x12.webp 16w\" sizes=\"auto, (max-width: 720px) 100vw, 720px\" \/><figcaption class=\"wp-element-caption\">detalhes da m\u00e1quina de fritura<\/figcaption><\/figure>    <ul class=\"wp-block-list\"> <li>Efici\u00eancia de Produ\u00e7\u00e3o Melhorada: As fritadeiras profundas podem aquecer e processar ingredientes de forma r\u00e1pida e cont\u00ednua, melhorando significativamente a efici\u00eancia da produ\u00e7\u00e3o de alimentos. Comparadas \u00e0 fritura manual, as fritadeiras profundas podem produzir grandes quantidades de alimentos em um curto per\u00edodo, economizando em custos de m\u00e3o de obra e tempo.<\/li>    <li>Qualidade dos Alimentos Mantida: As fritadeiras profundas permitem o controle preciso da temperatura do \u00f3leo e do tempo de fritura, garantindo que os alimentos sejam aquecidos uniformemente e mantendo seu sabor, cor e nutrientes. Isso contribui para fornecer alimentos fritos de alta qualidade que atendem \u00e0s prefer\u00eancias de sabor dos consumidores.<\/li>    <li>Op\u00e7\u00f5es de Menu Ampliadas: As fritadeiras profundas podem preparar uma ampla variedade de alimentos fritos, incluindo batatas fritas, nuggets de frango, fil\u00e9s de peixe, rolinhos primavera e muito mais. A compra de uma fritadeira profunda pode expandir as op\u00e7\u00f5es de menu para restaurantes ou instala\u00e7\u00f5es de processamento de alimentos, atraindo mais clientes e aumentando as vendas.<\/li>    <li>Padr\u00f5es de Seguran\u00e7a e Higiene Aprimorados: As fritadeiras profundas apresentam controle preciso de temperatura e fun\u00e7\u00f5es de prote\u00e7\u00e3o de seguran\u00e7a, reduzindo o risco de acidentes durante a fritura. Al\u00e9m disso, o design das fritadeiras profundas facilita a limpeza e a manuten\u00e7\u00e3o, melhorando os padr\u00f5es de higiene e garantindo a seguran\u00e7a alimentar.<\/li> <\/ul>    <figure class=\"wp-block-image size-large\"><img loading=\"lazy\" decoding=\"async\" width=\"720\" height=\"540\" src=\"https:\/\/topfoodmachine.com\/wp-content\/uploads\/2024\/06\/Frying-machine-with-good-price.webp\" alt=\"m\u00e1quina de fritura com bom pre\u00e7o\" class=\"wp-image-1402\" srcset=\"https:\/\/topfoodmachine.com\/wp-content\/uploads\/2024\/06\/Frying-machine-with-good-price.webp 720w, https:\/\/topfoodmachine.com\/wp-content\/uploads\/2024\/06\/Frying-machine-with-good-price-300x225.webp 300w, https:\/\/topfoodmachine.com\/wp-content\/uploads\/2024\/06\/Frying-machine-with-good-price-16x12.webp 16w\" sizes=\"auto, (max-width: 720px) 100vw, 720px\" \/><figcaption class=\"wp-element-caption\">m\u00e1quina de fritura com bom pre\u00e7o<\/figcaption><\/figure>    <h2 class=\"wp-block-heading\">Par\u00e2metros de <a href=\"https:\/\/en.wikipedia.org\/wiki\/Frying\" data-type=\"link\" data-id=\"https:\/\/en.wikipedia.org\/wiki\/Frying\" target=\"_blank\" rel=\"noopener\">fritura<\/a> m\u00e1quina \u00e0 venda<\/h2>    <figure class=\"wp-block-table\"><table><tbody><tr><td>MODELO<\/td><td>POT\u00caNCIA<br>\uff08kW\uff09<\/td><td>DIMENS\u00c3O<br>\uff08comprimento\u00d7largura\u00d7altura\uff09 \uff08mm\uff09<\/td><td>DIMENS\u00c3O DO TANQUE DE FRITURA<br>\uff08comprimento\u00d7largura\u00d7altura\uff09 \uff08mm\uff09<\/td><td>CAPACIDADE DE \u00d3LEO<br>\uff08Kg\uff09<\/td><\/tr><tr><td>KS-400<\/td><td>6<\/td><td>480\u00d7640\u00d7900<\/td><td>400\u00d7440\u00d7280<\/td><td>28<\/td><\/tr><tr><td>KS-500<\/td><td>6\/9<\/td><td>580\u00d7640\u00d7900<\/td><td>500\u00d7440\u00d7280<\/td><td>35<\/td><\/tr><tr><td>KS-600<\/td><td>12<\/td><td>680\u00d7640\u00d7900<\/td><td>600\u00d7440\u00d7280<\/td><td>40<\/td><\/tr><tr><td>KS-650<\/td><td>12<\/td><td>730\u00d7640\u00d7840<\/td><td>650\u00d7440\u00d7280<\/td><td>45<\/td><\/tr><tr><td>KS-750S\uff08dual-tank\uff09<\/td><td>4.5\/6.0<\/td><td>840\u00d7640\u00d7900<\/td><td>300\/450\u00d7440\u00d7260<\/td><td>20\/32<\/td><\/tr><tr><td>KS-800<\/td><td>15<\/td><td>880\u00d7640\u00d7900<\/td><td>800\u00d7440\u00d7280<\/td><td>55<\/td><\/tr><tr><td>KS-850<\/td><td>15\/18<\/td><td>930\u00d7640\u00d7900<\/td><td>850\u00d7440\u00d7280<\/td><td>58<\/td><\/tr><tr><td>KS-1000<\/td><td>18\/24<\/td><td>1080\u00d7650\u00d7950<\/td><td>1000\u00d7450\u00d7300<\/td><td>70<\/td><\/tr><tr><td>KS-1200<\/td><td>24\/36<\/td><td>1280\u00d7750\u00d71200<\/td><td>1200\u00d7550\u00d7260<\/td><td>88<\/td><\/tr><tr><td>KS-1500<\/td><td>36<\/td><td>1580\u00d7650\u00d7950<\/td><td>1500\u00d7450\u00d7300<\/td><td>100<\/td><\/tr><tr><td>KS-2000<\/td><td>48<\/td><td>2080\u00d7600\u00d7950<\/td><td>2000\u00d7500\u00d7300<\/td><td>166<\/td><\/tr><tr><td>KS-3000<\/td><td>72<\/td><td>3160\u00d7760\u00d71050<\/td><td>3000\u00d7600\u00d7400<\/td><td>400<\/td><\/tr><\/tbody><\/table><figcaption class=\"wp-element-caption\">par\u00e2metros da m\u00e1quina de fritura profunda<\/figcaption><\/figure>    <figure class=\"wp-block-gallery has-nested-images columns-default is-cropped wp-block-gallery-2 is-layout-flex wp-block-gallery-is-layout-flex\"> <figure class=\"wp-block-image size-large\"><img loading=\"lazy\" decoding=\"async\" width=\"720\" height=\"540\" data-id=\"1400\" src=\"https:\/\/topfoodmachine.com\/wp-content\/uploads\/2024\/06\/fryer-machine-for-business.webp\" alt=\"m\u00e1quina de fritura para neg\u00f3cios\" class=\"wp-image-1400\" srcset=\"https:\/\/topfoodmachine.com\/wp-content\/uploads\/2024\/06\/fryer-machine-for-business.webp 720w, https:\/\/topfoodmachine.com\/wp-content\/uploads\/2024\/06\/fryer-machine-for-business-300x225.webp 300w, https:\/\/topfoodmachine.com\/wp-content\/uploads\/2024\/06\/fryer-machine-for-business-16x12.webp 16w\" sizes=\"auto, (max-width: 720px) 100vw, 720px\" \/><figcaption class=\"wp-element-caption\">m\u00e1quina de fritura para neg\u00f3cios<\/figcaption><\/figure>    <figure class=\"wp-block-image size-large\"><img loading=\"lazy\" decoding=\"async\" width=\"720\" height=\"540\" data-id=\"1401\" src=\"https:\/\/topfoodmachine.com\/wp-content\/uploads\/2024\/06\/Frying-machine-for-sale.webp\" alt=\"M\u00e1quina de fritura \u00e0 venda\" class=\"wp-image-1401\" srcset=\"https:\/\/topfoodmachine.com\/wp-content\/uploads\/2024\/06\/Frying-machine-for-sale.webp 720w, https:\/\/topfoodmachine.com\/wp-content\/uploads\/2024\/06\/Frying-machine-for-sale-300x225.webp 300w, https:\/\/topfoodmachine.com\/wp-content\/uploads\/2024\/06\/Frying-machine-for-sale-16x12.webp 16w\" sizes=\"auto, (max-width: 720px) 100vw, 720px\" \/><figcaption class=\"wp-element-caption\">M\u00e1quina de fritura \u00e0 venda<\/figcaption><\/figure> <\/figure>    <h2 class=\"wp-block-heading\"><strong>Entre em contato conosco!<\/strong><\/h2>    <p>\u00c0 medida que voc\u00ea considera suas empreitadas culin\u00e1rias, nossa m\u00e1quina de fritura profunda est\u00e1 pronta para elevar sua experi\u00eancia de fritura a novos patamares. <\/p>    <p>Com sua efici\u00eancia inigual\u00e1vel, controle preciso e dedica\u00e7\u00e3o \u00e0 qualidade, nossa fritadeira garante que cada cria\u00e7\u00e3o crocante deleite o paladar e deixe uma impress\u00e3o duradoura.<\/p>    <p>Entre em contato conosco agora para perguntar sobre nossa m\u00e1quina de fritura profunda e descobrir como ela pode revolucionar suas opera\u00e7\u00f5es de cozinha.<\/p>","protected":false},"excerpt":{"rendered":"<p>A m\u00e1quina de fritura \u00e9 um equipamento de prepara\u00e7\u00e3o de alimentos r\u00e1pidos amplamente utilizado na ind\u00fastria de restaurantes e f\u00e1bricas de processamento de alimentos.<\/p>","protected":false},"author":1,"featured_media":1393,"parent":0,"template":"","tags":[44,43],"product-type":[4],"class_list":["post-1392","product","type-product","status-publish","has-post-thumbnail","hentry","tag-fryer","tag-frying-machine","product-type-frying-equipment"],"_links":{"self":[{"href":"https:\/\/topfoodmachine.com\/pt\/wp-json\/wp\/v2\/product\/1392","targetHints":{"allow":["GET"]}}],"collection":[{"href":"https:\/\/topfoodmachine.com\/pt\/wp-json\/wp\/v2\/product"}],"about":[{"href":"https:\/\/topfoodmachine.com\/pt\/wp-json\/wp\/v2\/types\/product"}],"author":[{"embeddable":true,"href":"https:\/\/topfoodmachine.com\/pt\/wp-json\/wp\/v2\/users\/1"}],"wp:featuredmedia":[{"embeddable":true,"href":"https:\/\/topfoodmachine.com\/pt\/wp-json\/wp\/v2\/media\/1393"}],"wp:attachment":[{"href":"https:\/\/topfoodmachine.com\/pt\/wp-json\/wp\/v2\/media?parent=1392"}],"wp:term":[{"taxonomy":"post_tag","embeddable":true,"href":"https:\/\/topfoodmachine.com\/pt\/wp-json\/wp\/v2\/tags?post=1392"},{"taxonomy":"product-type","embeddable":true,"href":"https:\/\/topfoodmachine.com\/pt\/wp-json\/wp\/v2\/product-type?post=1392"}],"curies":[{"name":"wp","href":"https:\/\/api.w.org\/{rel}","templated":true}]}}