{"id":1373,"date":"2024-05-24T15:08:47","date_gmt":"2024-05-24T07:08:47","guid":{"rendered":"https:\/\/topfoodmachine.com\/?post_type=product&#038;p=1373"},"modified":"2024-05-24T15:08:48","modified_gmt":"2024-05-24T07:08:48","slug":"onion-root-cutting-machine","status":"publish","type":"product","link":"https:\/\/topfoodmachine.com\/pt\/product\/onion-root-cutting-machine\/","title":{"rendered":"m\u00e1quina de corte de raiz de cebola"},"content":{"rendered":"<div class=\"kk-star-ratings kksr-auto kksr-align-left kksr-valign-top\"     data-payload='{&quot;align&quot;:&quot;left&quot;,&quot;id&quot;:&quot;1373&quot;,&quot;slug&quot;:&quot;default&quot;,&quot;valign&quot;:&quot;top&quot;,&quot;ignore&quot;:&quot;&quot;,&quot;reference&quot;:&quot;auto&quot;,&quot;class&quot;:&quot;&quot;,&quot;count&quot;:&quot;12&quot;,&quot;legendonly&quot;:&quot;&quot;,&quot;readonly&quot;:&quot;&quot;,&quot;score&quot;:&quot;4.7&quot;,&quot;starsonly&quot;:&quot;&quot;,&quot;best&quot;:&quot;5&quot;,&quot;gap&quot;:&quot;5&quot;,&quot;greet&quot;:&quot;Rate this product&quot;,&quot;legend&quot;:&quot;4.7\\\/5 - (12 votes)&quot;,&quot;size&quot;:&quot;24&quot;,&quot;title&quot;:&quot;Onion root cutting machine&quot;,&quot;width&quot;:&quot;133.8&quot;,&quot;_legend&quot;:&quot;{score}\\\/{best} - ({count} {votes})&quot;,&quot;font_factor&quot;:&quot;1.25&quot;}'>              <div class=\"kksr-stars\">      <div class=\"kksr-stars-inactive\">             <div class=\"kksr-star\" data-star=\"1\" style=\"padding-right: 5px\">               <div class=\"kksr-icon\" style=\"width: 24px; height: 24px;\"><\/div>         <\/div>             <div class=\"kksr-star\" data-star=\"2\" style=\"padding-right: 5px\">               <div class=\"kksr-icon\" style=\"width: 24px; height: 24px;\"><\/div>         <\/div>             <div class=\"kksr-star\" data-star=\"3\" style=\"padding-right: 5px\">               <div class=\"kksr-icon\" style=\"width: 24px; height: 24px;\"><\/div>         <\/div>             <div class=\"kksr-star\" data-star=\"4\" style=\"padding-right: 5px\">               <div class=\"kksr-icon\" style=\"width: 24px; height: 24px;\"><\/div>         <\/div>             <div class=\"kksr-star\" data-star=\"5\" style=\"padding-right: 5px\">               <div class=\"kksr-icon\" style=\"width: 24px; height: 24px;\"><\/div>         <\/div>     <\/div>      <div class=\"kksr-stars-active\" style=\"width: 133.8px;\">             <div class=\"kksr-star\" style=\"padding-right: 5px\">               <div class=\"kksr-icon\" style=\"width: 24px; height: 24px;\"><\/div>         <\/div>             <div class=\"kksr-star\" style=\"padding-right: 5px\">               <div class=\"kksr-icon\" style=\"width: 24px; height: 24px;\"><\/div>         <\/div>             <div class=\"kksr-star\" style=\"padding-right: 5px\">               <div class=\"kksr-icon\" style=\"width: 24px; height: 24px;\"><\/div>         <\/div>             <div class=\"kksr-star\" style=\"padding-right: 5px\">               <div class=\"kksr-icon\" style=\"width: 24px; height: 24px;\"><\/div>         <\/div>             <div class=\"kksr-star\" style=\"padding-right: 5px\">               <div class=\"kksr-icon\" style=\"width: 24px; height: 24px;\"><\/div>         <\/div>     <\/div> <\/div>                   <div class=\"kksr-legend\" style=\"font-size: 19.2px;\">             4,7\/5 - (12 votos)    <\/div>     <\/div>  <p>Nossa m\u00e1quina de corte de raiz de cebola foi projetada para abordar as preocupa\u00e7\u00f5es de efici\u00eancia e custo na ind\u00fastria de processamento de cebolas. <\/p>    <p>Empregando tecnologia de corte avan\u00e7ada, esta m\u00e1quina pode cortar simultaneamente tanto as ra\u00edzes quanto os talos das cebolas, permitindo um processamento abrangente.<\/p>    <figure class=\"wp-block-image size-full\"><img loading=\"lazy\" decoding=\"async\" width=\"720\" height=\"540\" src=\"https:\/\/topfoodmachine.com\/wp-content\/uploads\/2024\/05\/Onion-root-cutting-machine.webp\" alt=\"m\u00e1quina de corte de raiz de cebola\" class=\"wp-image-1380\" srcset=\"https:\/\/topfoodmachine.com\/wp-content\/uploads\/2024\/05\/Onion-root-cutting-machine.webp 720w, https:\/\/topfoodmachine.com\/wp-content\/uploads\/2024\/05\/Onion-root-cutting-machine-300x225.webp 300w, https:\/\/topfoodmachine.com\/wp-content\/uploads\/2024\/05\/Onion-root-cutting-machine-16x12.webp 16w\" sizes=\"auto, (max-width: 720px) 100vw, 720px\" \/><figcaption class=\"wp-element-caption\">m\u00e1quina de corte de raiz de cebola<\/figcaption><\/figure>    <h2 class=\"wp-block-heading\">Quais materiais s\u00e3o adequados para a m\u00e1quina de separa\u00e7\u00e3o de ra\u00edzes de cebola?<\/h2>    <p>Nossa M\u00e1quina de Corte de Raiz de Cebola \u00e9 projetada principalmente para processar cebolas, mas tamb\u00e9m pode lidar com outros vegetais de raiz com caracter\u00edsticas semelhantes, como alho, cebolinhas, rabanetes e nabos. Seu design adapt\u00e1vel garante corte eficiente e preciso de v\u00e1rios tamanhos e formas de cebolas, atendendo \u00e0s diversas necessidades da ind\u00fastria de processamento de alimentos. <\/p>    <p>Al\u00e9m disso, a m\u00e1quina pode ser personalizada para atender a requisitos espec\u00edficos de processamento, fornecendo solu\u00e7\u00f5es sob medida para nossos clientes.<\/p>    <figure class=\"wp-block-gallery has-nested-images columns-default is-cropped wp-block-gallery-2 is-layout-flex wp-block-gallery-is-layout-flex\"> <figure class=\"wp-block-image size-large\"><img loading=\"lazy\" decoding=\"async\" width=\"720\" height=\"540\" data-id=\"1374\" src=\"https:\/\/topfoodmachine.com\/wp-content\/uploads\/2024\/05\/finished-products-of-onion-cutter-machine.webp\" alt=\"produtos acabados da m\u00e1quina cortadora de cebola\" class=\"wp-image-1374\" srcset=\"https:\/\/topfoodmachine.com\/wp-content\/uploads\/2024\/05\/finished-products-of-onion-cutter-machine.webp 720w, https:\/\/topfoodmachine.com\/wp-content\/uploads\/2024\/05\/finished-products-of-onion-cutter-machine-300x225.webp 300w, https:\/\/topfoodmachine.com\/wp-content\/uploads\/2024\/05\/finished-products-of-onion-cutter-machine-16x12.webp 16w\" sizes=\"auto, (max-width: 720px) 100vw, 720px\" \/><figcaption class=\"wp-element-caption\">produtos acabados da m\u00e1quina cortadora de cebola<\/figcaption><\/figure>    <figure class=\"wp-block-image size-large\"><img loading=\"lazy\" decoding=\"async\" width=\"720\" height=\"540\" data-id=\"1375\" src=\"https:\/\/topfoodmachine.com\/wp-content\/uploads\/2024\/05\/onion.webp\" alt=\"cebola\" class=\"wp-image-1375\" srcset=\"https:\/\/topfoodmachine.com\/wp-content\/uploads\/2024\/05\/onion.webp 720w, https:\/\/topfoodmachine.com\/wp-content\/uploads\/2024\/05\/onion-300x225.webp 300w, https:\/\/topfoodmachine.com\/wp-content\/uploads\/2024\/05\/onion-16x12.webp 16w\" sizes=\"auto, (max-width: 720px) 100vw, 720px\" \/><figcaption class=\"wp-element-caption\">cebola<\/figcaption><\/figure> <\/figure>    <h2 class=\"wp-block-heading\">Principais vantagens da m\u00e1quina de corte de raiz de cebola<\/h2>    <p>Nossa M\u00e1quina de Corte de Raiz de Cebola oferece versatilidade incompar\u00e1vel, lidando com cebolas de um tamanho m\u00ednimo de 5 cent\u00edmetros a maiores sem limita\u00e7\u00e3o. <\/p>    <p>Simplifica a opera\u00e7\u00e3o ao exigir que as cebolas sejam colocadas de lado, reduzindo o tempo de treinamento para os operadores. Constru\u00eddo com materiais de alta qualidade, incluindo um mecanismo de corte especialmente processado, garante durabilidade e manuten\u00e7\u00e3o m\u00ednima. <\/p>    <p>Al\u00e9m disso, seus motores energeticamente eficientes contribuem para a economia de custos e esfor\u00e7os de sustentabilidade. Em resumo, nossa m\u00e1quina combina versatilidade, facilidade de uso, durabilidade e efici\u00eancia energ\u00e9tica para atender \u00e0s diversas necessidades da ind\u00fastria de processamento de cebolas.<\/p>    <figure class=\"wp-block-image size-full\"><img loading=\"lazy\" decoding=\"async\" width=\"720\" height=\"540\" src=\"https:\/\/topfoodmachine.com\/wp-content\/uploads\/2024\/05\/garlic-root-cutter.webp\" alt=\"cortador de raiz de alho\" class=\"wp-image-1376\" srcset=\"https:\/\/topfoodmachine.com\/wp-content\/uploads\/2024\/05\/garlic-root-cutter.webp 720w, https:\/\/topfoodmachine.com\/wp-content\/uploads\/2024\/05\/garlic-root-cutter-300x225.webp 300w, https:\/\/topfoodmachine.com\/wp-content\/uploads\/2024\/05\/garlic-root-cutter-16x12.webp 16w\" sizes=\"auto, (max-width: 720px) 100vw, 720px\" \/><figcaption class=\"wp-element-caption\">cortador de raiz de alho<\/figcaption><\/figure>    <h2 class=\"wp-block-heading\">Par\u00e2metros da m\u00e1quina cortadora de raiz de cebola<\/h2>    <figure class=\"wp-block-table\"><table><tbody><tr><td>Capacidade<\/td><td>500kg\/h<\/td><\/tr><tr><td>Tens\u00e3o<\/td><td>380v<\/td><\/tr><tr><td>Poder<\/td><td>1,5 kW<\/td><\/tr><tr><td>Tamanho<\/td><td>280*81*150cm<\/td><\/tr><tr><td>Peso<\/td><td>60kg<\/td><\/tr><\/tbody><\/table><figcaption class=\"wp-element-caption\">par\u00e2metros da m\u00e1quina de corte de raiz de cebola<\/figcaption><\/figure>    <h2 class=\"wp-block-heading\">Equipamentos de apoio da m\u00e1quina cortadora de raiz de alho<\/h2>    <figure class=\"wp-block-image size-full\"><img loading=\"lazy\" decoding=\"async\" width=\"720\" height=\"540\" src=\"https:\/\/topfoodmachine.com\/wp-content\/uploads\/2024\/05\/garlic-root-cutting-machine-1.webp\" alt=\"m\u00e1quina de corte de raiz de alho\" class=\"wp-image-1377\" srcset=\"https:\/\/topfoodmachine.com\/wp-content\/uploads\/2024\/05\/garlic-root-cutting-machine-1.webp 720w, https:\/\/topfoodmachine.com\/wp-content\/uploads\/2024\/05\/garlic-root-cutting-machine-1-300x225.webp 300w, https:\/\/topfoodmachine.com\/wp-content\/uploads\/2024\/05\/garlic-root-cutting-machine-1-16x12.webp 16w\" sizes=\"auto, (max-width: 720px) 100vw, 720px\" \/><figcaption class=\"wp-element-caption\">m\u00e1quina de corte de raiz de alho<\/figcaption><\/figure>    <p class=\"translation-block\">Nossa M\u00e1quina de Corte de Raiz de Alho n\u00e3o apenas processa eficientemente grandes quantidades de alho, mas tamb\u00e9m se integra perfeitamente com nossa <a href=\"https:\/\/topfoodmachine.com\/pt\/product\/garlic-bulb-separating-machine\/\" data-type=\"link\" data-id=\"https:\/\/topfoodmachine.com\/product\/garlic-bulb-separating-machine\/\">M\u00e1quina de Separa\u00e7\u00e3o de Bulbos de Alho<\/a> para processamento adicional ap\u00f3s o uso. Essa combina\u00e7\u00e3o completa efetivamente as tarefas de separa\u00e7\u00e3o e processamento, fornecendo uma solu\u00e7\u00e3o abrangente para sua linha de produ\u00e7\u00e3o.<\/p>    <p class=\"translation-block\">Al\u00e9m disso, se sua mat\u00e9ria-prima forem cebolas, nossa M\u00e1quina de Corte de Raiz de Cebola oferece versatilidade semelhante. Ap\u00f3s usar a M\u00e1quina de Corte de Raiz de Cebola, voc\u00ea pode complement\u00e1-la com nossa <a href=\"https:\/\/topfoodmachine.com\/pt\/product\/onion-peeling-machine\/\" data-type=\"link\" data-id=\"https:\/\/topfoodmachine.com\/product\/onion-peeling-machine\/\">M\u00e1quina de Descascar Cebolas<\/a> ou <a href=\"https:\/\/topfoodmachine.com\/pt\/product\/automatic-vegetable-dicing-machine\/\" data-type=\"link\" data-id=\"https:\/\/topfoodmachine.com\/product\/automatic-vegetable-dicing-machine\/\">M\u00e1quina de Corte de Vegetais<\/a> para processamento subsequente. <\/p>    <p>Esses dispositivos complementares aumentam significativamente a efici\u00eancia da produ\u00e7\u00e3o, garantem o funcionamento suave da linha de produ\u00e7\u00e3o e entregam produtos acabados de alta qualidade.<\/p>    <h2 class=\"wp-block-heading\">Contate-nos<\/h2>    <figure class=\"wp-block-image size-full\"><img loading=\"lazy\" decoding=\"async\" width=\"720\" height=\"540\" src=\"https:\/\/topfoodmachine.com\/wp-content\/uploads\/2024\/05\/onion-root-cutter.webp\" alt=\"cortador de raiz de cebola\" class=\"wp-image-1378\" srcset=\"https:\/\/topfoodmachine.com\/wp-content\/uploads\/2024\/05\/onion-root-cutter.webp 720w, https:\/\/topfoodmachine.com\/wp-content\/uploads\/2024\/05\/onion-root-cutter-300x225.webp 300w, https:\/\/topfoodmachine.com\/wp-content\/uploads\/2024\/05\/onion-root-cutter-16x12.webp 16w\" sizes=\"auto, (max-width: 720px) 100vw, 720px\" \/><figcaption class=\"wp-element-caption\">cortador de raiz de cebola<\/figcaption><\/figure>    <p class=\"translation-block\">Fa\u00e7a do nosso <a href=\"https:\/\/en.wikipedia.org\/wiki\/Onion\" data-type=\"link\" data-id=\"https:\/\/en.wikipedia.org\/wiki\/Onion\" target=\"_blank\" rel=\"noopener\">Cortador de Raiz de Cebola<\/a> seu aliado de confian\u00e7a para otimizar suas opera\u00e7\u00f5es de processamento, aumentando a produtividade, reduzindo custos e garantindo qualidade de produto de primeira linha. <\/p>    <p>Se voc\u00ea est\u00e1 envolvido na produ\u00e7\u00e3o em larga escala ou no processamento personalizado, nossa m\u00e1quina \u00e9 projetada para atender \u00e0s suas necessidades. Entre em contato conosco agora para saber mais e comece a otimizar sua linha de produ\u00e7\u00e3o hoje!<\/p>    <p><\/p>","protected":false},"excerpt":{"rendered":"<p>Nossa m\u00e1quina de corte de raiz de cebola foi projetada para abordar as preocupa\u00e7\u00f5es de efici\u00eancia e custo na ind\u00fastria de processamento de cebolas. <\/p>","protected":false},"author":1,"featured_media":1382,"parent":0,"template":"","tags":[39,40,38,41],"product-type":[3],"class_list":["post-1373","product","type-product","status-publish","has-post-thumbnail","hentry","tag-cutting","tag-foodmachine","tag-onion","tag-root","product-type-fruit-vegetable-processing-machine"],"_links":{"self":[{"href":"https:\/\/topfoodmachine.com\/pt\/wp-json\/wp\/v2\/product\/1373","targetHints":{"allow":["GET"]}}],"collection":[{"href":"https:\/\/topfoodmachine.com\/pt\/wp-json\/wp\/v2\/product"}],"about":[{"href":"https:\/\/topfoodmachine.com\/pt\/wp-json\/wp\/v2\/types\/product"}],"author":[{"embeddable":true,"href":"https:\/\/topfoodmachine.com\/pt\/wp-json\/wp\/v2\/users\/1"}],"wp:featuredmedia":[{"embeddable":true,"href":"https:\/\/topfoodmachine.com\/pt\/wp-json\/wp\/v2\/media\/1382"}],"wp:attachment":[{"href":"https:\/\/topfoodmachine.com\/pt\/wp-json\/wp\/v2\/media?parent=1373"}],"wp:term":[{"taxonomy":"post_tag","embeddable":true,"href":"https:\/\/topfoodmachine.com\/pt\/wp-json\/wp\/v2\/tags?post=1373"},{"taxonomy":"product-type","embeddable":true,"href":"https:\/\/topfoodmachine.com\/pt\/wp-json\/wp\/v2\/product-type?post=1373"}],"curies":[{"name":"wp","href":"https:\/\/api.w.org\/{rel}","templated":true}]}}