{"id":1329,"date":"2024-05-16T17:01:06","date_gmt":"2024-05-16T09:01:06","guid":{"rendered":"https:\/\/topfoodmachine.com\/?post_type=product&#038;p=1329"},"modified":"2024-05-23T10:26:58","modified_gmt":"2024-05-23T02:26:58","slug":"bread-fermentation-machine","status":"publish","type":"product","link":"https:\/\/topfoodmachine.com\/pt\/product\/bread-fermentation-machine\/","title":{"rendered":"m\u00e1quina de fermenta\u00e7\u00e3o de p\u00e3o"},"content":{"rendered":"<div class=\"kk-star-ratings kksr-auto kksr-align-left kksr-valign-top\"     data-payload='{&quot;align&quot;:&quot;left&quot;,&quot;id&quot;:&quot;1329&quot;,&quot;slug&quot;:&quot;default&quot;,&quot;valign&quot;:&quot;top&quot;,&quot;ignore&quot;:&quot;&quot;,&quot;reference&quot;:&quot;auto&quot;,&quot;class&quot;:&quot;&quot;,&quot;count&quot;:&quot;28&quot;,&quot;legendonly&quot;:&quot;&quot;,&quot;readonly&quot;:&quot;&quot;,&quot;score&quot;:&quot;4.9&quot;,&quot;starsonly&quot;:&quot;&quot;,&quot;best&quot;:&quot;5&quot;,&quot;gap&quot;:&quot;5&quot;,&quot;greet&quot;:&quot;Rate this product&quot;,&quot;legend&quot;:&quot;4.9\\\/5 - (28 votes)&quot;,&quot;size&quot;:&quot;24&quot;,&quot;title&quot;:&quot;Bread fermentation machine&quot;,&quot;width&quot;:&quot;139.6&quot;,&quot;_legend&quot;:&quot;{score}\\\/{best} - ({count} {votes})&quot;,&quot;font_factor&quot;:&quot;1.25&quot;}'>              <div class=\"kksr-stars\">      <div class=\"kksr-stars-inactive\">             <div class=\"kksr-star\" data-star=\"1\" style=\"padding-right: 5px\">               <div class=\"kksr-icon\" style=\"width: 24px; height: 24px;\"><\/div>         <\/div>             <div class=\"kksr-star\" data-star=\"2\" style=\"padding-right: 5px\">               <div class=\"kksr-icon\" style=\"width: 24px; height: 24px;\"><\/div>         <\/div>             <div class=\"kksr-star\" data-star=\"3\" style=\"padding-right: 5px\">               <div class=\"kksr-icon\" style=\"width: 24px; height: 24px;\"><\/div>         <\/div>             <div class=\"kksr-star\" data-star=\"4\" style=\"padding-right: 5px\">               <div class=\"kksr-icon\" style=\"width: 24px; height: 24px;\"><\/div>         <\/div>             <div class=\"kksr-star\" data-star=\"5\" style=\"padding-right: 5px\">               <div class=\"kksr-icon\" style=\"width: 24px; height: 24px;\"><\/div>         <\/div>     <\/div>      <div class=\"kksr-stars-active\" style=\"width: 139.6px;\">             <div class=\"kksr-star\" style=\"padding-right: 5px\">               <div class=\"kksr-icon\" style=\"width: 24px; height: 24px;\"><\/div>         <\/div>             <div class=\"kksr-star\" style=\"padding-right: 5px\">               <div class=\"kksr-icon\" style=\"width: 24px; height: 24px;\"><\/div>         <\/div>             <div class=\"kksr-star\" style=\"padding-right: 5px\">               <div class=\"kksr-icon\" style=\"width: 24px; height: 24px;\"><\/div>         <\/div>             <div class=\"kksr-star\" style=\"padding-right: 5px\">               <div class=\"kksr-icon\" style=\"width: 24px; height: 24px;\"><\/div>         <\/div>             <div class=\"kksr-star\" style=\"padding-right: 5px\">               <div class=\"kksr-icon\" style=\"width: 24px; height: 24px;\"><\/div>         <\/div>     <\/div> <\/div>                   <div class=\"kksr-legend\" style=\"font-size: 19.2px;\">             4,9\/5 - (28 votos)    <\/div>     <\/div>  <p>As m\u00e1quinas de fermenta\u00e7\u00e3o de p\u00e3o oferecem uma solu\u00e7\u00e3o para os processos tradicionais de panifica\u00e7\u00e3o que consomem tempo e exigem especializa\u00e7\u00e3o, controlando precisamente a fermenta\u00e7\u00e3o para qualidade e sabor consistentes. Economizando tempo e aumentando a efici\u00eancia, elas se adaptam a v\u00e1rias escalas de produ\u00e7\u00e3o e atendem \u00e0s demandas dos consumidores modernos em padarias, hot\u00e9is, supermercados e lares. <\/p>    <p>Como uma empresa l\u00edder, fornecemos m\u00e1quinas de fermenta\u00e7\u00e3o de p\u00e3o de alto desempenho e confi\u00e1veis, adaptadas \u00e0s necessidades de nossos clientes, apoiadas por nossa equipe experiente para suporte e servi\u00e7o abrangentes.<\/p>    <figure class=\"wp-block-image size-full\"><img loading=\"lazy\" decoding=\"async\" width=\"720\" height=\"540\" src=\"https:\/\/topfoodmachine.com\/wp-content\/uploads\/2024\/05\/automatic-fermentation-machine.webp\" alt=\"m\u00e1quina de fermenta\u00e7\u00e3o autom\u00e1tica\" class=\"wp-image-1331\" srcset=\"https:\/\/topfoodmachine.com\/wp-content\/uploads\/2024\/05\/automatic-fermentation-machine.webp 720w, https:\/\/topfoodmachine.com\/wp-content\/uploads\/2024\/05\/automatic-fermentation-machine-300x225.webp 300w, https:\/\/topfoodmachine.com\/wp-content\/uploads\/2024\/05\/automatic-fermentation-machine-16x12.webp 16w\" sizes=\"auto, (max-width: 720px) 100vw, 720px\" \/><figcaption class=\"wp-element-caption\">m\u00e1quina de fermenta\u00e7\u00e3o autom\u00e1tica<\/figcaption><\/figure>    <h2 class=\"wp-block-heading\">m\u00e1quina de fermenta\u00e7\u00e3o de p\u00e3o \u00e0 venda<\/h2>    <p>Bem-vindo para explorar nossa m\u00e1quina de fermenta\u00e7\u00e3o de p\u00e3o \u00e0 venda! Nossa sala de fermenta\u00e7\u00e3o de p\u00e3o apresenta um design avan\u00e7ado de \u00e1gua fervente, eliminando a necessidade de enchimento manual de \u00e1gua. Basta conectar o tubo de \u00e1gua, e a m\u00e1quina ir\u00e1 reabastecer automaticamente. <\/p>    <p>Com controle de temperatura preciso, nossa m\u00e1quina de fermenta\u00e7\u00e3o mant\u00e9m uma temperatura est\u00e1vel entre 35-40 graus Celsius, proporcionando o ambiente de fermenta\u00e7\u00e3o ideal para sua massa. Equipado com um painel de controle inteligente, voc\u00ea pode facilmente ajustar a temperatura e a umidade para atender aos requisitos de diferentes tipos de p\u00e3o. <\/p>    <figure class=\"wp-block-image size-full\"><img loading=\"lazy\" decoding=\"async\" width=\"720\" height=\"540\" src=\"https:\/\/topfoodmachine.com\/wp-content\/uploads\/2024\/05\/Bread-fermentation-machine-for-sale.webp\" alt=\"m\u00e1quina de fermenta\u00e7\u00e3o de p\u00e3o \u00e0 venda\" class=\"wp-image-1332\" srcset=\"https:\/\/topfoodmachine.com\/wp-content\/uploads\/2024\/05\/Bread-fermentation-machine-for-sale.webp 720w, https:\/\/topfoodmachine.com\/wp-content\/uploads\/2024\/05\/Bread-fermentation-machine-for-sale-300x225.webp 300w, https:\/\/topfoodmachine.com\/wp-content\/uploads\/2024\/05\/Bread-fermentation-machine-for-sale-16x12.webp 16w\" sizes=\"auto, (max-width: 720px) 100vw, 720px\" \/><figcaption class=\"wp-element-caption\">m\u00e1quina de fermenta\u00e7\u00e3o de p\u00e3o \u00e0 venda<\/figcaption><\/figure>    <p>Se voc\u00ea est\u00e1 operando uma padaria, loja de pastelaria, hotel, supermercado ou mesmo usando em casa, nossa m\u00e1quina de fermenta\u00e7\u00e3o de p\u00e3o oferece uma solu\u00e7\u00e3o eficiente e conveniente para suas necessidades de panifica\u00e7\u00e3o. Compre nossa caixa de fermenta\u00e7\u00e3o de p\u00e3o agora para agilizar e melhorar seu processo de panifica\u00e7\u00e3o!<\/p>    <h2 class=\"wp-block-heading\">Vantagens da sala de fermenta\u00e7\u00e3o<\/h2>    <figure class=\"wp-block-gallery has-nested-images columns-default is-cropped wp-block-gallery-2 is-layout-flex wp-block-gallery-is-layout-flex\"> <figure class=\"wp-block-image size-large\"><img loading=\"lazy\" decoding=\"async\" width=\"720\" height=\"540\" data-id=\"1337\" src=\"https:\/\/topfoodmachine.com\/wp-content\/uploads\/2024\/05\/bread-fermentation.webp\" alt=\"fermenta\u00e7\u00e3o de p\u00e3o\" class=\"wp-image-1337\" srcset=\"https:\/\/topfoodmachine.com\/wp-content\/uploads\/2024\/05\/bread-fermentation.webp 720w, https:\/\/topfoodmachine.com\/wp-content\/uploads\/2024\/05\/bread-fermentation-300x225.webp 300w, https:\/\/topfoodmachine.com\/wp-content\/uploads\/2024\/05\/bread-fermentation-16x12.webp 16w\" sizes=\"auto, (max-width: 720px) 100vw, 720px\" \/><figcaption class=\"wp-element-caption\">fermenta\u00e7\u00e3o de p\u00e3o<\/figcaption><\/figure>    <figure class=\"wp-block-image size-large\"><img loading=\"lazy\" decoding=\"async\" width=\"720\" height=\"540\" data-id=\"1338\" src=\"https:\/\/topfoodmachine.com\/wp-content\/uploads\/2024\/05\/fermentation-bread.webp\" alt=\"p\u00e3o de fermenta\u00e7\u00e3o\" class=\"wp-image-1338\" srcset=\"https:\/\/topfoodmachine.com\/wp-content\/uploads\/2024\/05\/fermentation-bread.webp 720w, https:\/\/topfoodmachine.com\/wp-content\/uploads\/2024\/05\/fermentation-bread-300x225.webp 300w, https:\/\/topfoodmachine.com\/wp-content\/uploads\/2024\/05\/fermentation-bread-16x12.webp 16w\" sizes=\"auto, (max-width: 720px) 100vw, 720px\" \/><figcaption class=\"wp-element-caption\">p\u00e3o de fermenta\u00e7\u00e3o<\/figcaption><\/figure> <\/figure>    <ol class=\"wp-block-list\"> <li><strong>Condi\u00e7\u00f5es \u00d3timas de Fermenta\u00e7\u00e3o<\/strong>: As salas de fermenta\u00e7\u00e3o fornecem um ambiente controlado com configura\u00e7\u00f5es precisas de temperatura e umidade, garantindo condi\u00e7\u00f5es ideais para a fermenta\u00e7\u00e3o da massa.<\/li>    <li><strong>Qualidade Consistente do Produto<\/strong>: Ao manter condi\u00e7\u00f5es de fermenta\u00e7\u00e3o est\u00e1veis, as salas de fermenta\u00e7\u00e3o garantem qualidade e textura consistentes dos produtos assados finais, resultando em sabor e apar\u00eancia uniformes.<\/li>    <li><strong>Aumento da Efici\u00eancia<\/strong>: As salas de fermenta\u00e7\u00e3o agilizam o processo de fermenta\u00e7\u00e3o, permitindo volumes de produ\u00e7\u00e3o mais altos com requisitos de m\u00e3o de obra reduzidos.<\/li>    <li><strong>Configura\u00e7\u00f5es personaliz\u00e1veis<\/strong>: As modernas salas de fermenta\u00e7\u00e3o v\u00eam com pain\u00e9is de controle avan\u00e7ados que permitem aos operadores ajustar a temperatura, umidade e tempo de fermenta\u00e7\u00e3o de acordo com receitas espec\u00edficas e necessidades de produ\u00e7\u00e3o.<\/li>    <li><strong>Otimiza\u00e7\u00e3o de Espa\u00e7o<\/strong>: As salas de fermenta\u00e7\u00e3o s\u00e3o projetadas para maximizar a efici\u00eancia do espa\u00e7o em padarias e instala\u00e7\u00f5es de produ\u00e7\u00e3o de alimentos, permitindo o armazenamento de alta densidade de bandejas ou prateleiras de massa.<\/li>    <li><strong>Ambiente Higi\u00eanico<\/strong>: Com superf\u00edcies f\u00e1ceis de limpar e recursos de higiene integrados, as salas de fermenta\u00e7\u00e3o ajudam a manter um ambiente limpo e sanit\u00e1rio, reduzindo o risco de contamina\u00e7\u00e3o.<\/li>    <li><strong>Efici\u00eancia energ\u00e9tica<\/strong>: Muitas salas de fermenta\u00e7\u00e3o est\u00e3o equipadas com recursos energeticamente eficientes, como isolamento e sistemas de controle de temperatura, ajudando a reduzir o consumo de energia e os custos operacionais.<\/li> <\/ol>    <h2 class=\"wp-block-heading\">Par\u00e2metros da m\u00e1quina de fermenta\u00e7\u00e3o de p\u00e3o<\/h2>    <figure class=\"wp-block-image size-full\"><img loading=\"lazy\" decoding=\"async\" width=\"720\" height=\"540\" src=\"https:\/\/topfoodmachine.com\/wp-content\/uploads\/2024\/05\/commercial-fermentation-machine.webp\" alt=\"m\u00e1quina de fermenta\u00e7\u00e3o comercial\" class=\"wp-image-1333\" srcset=\"https:\/\/topfoodmachine.com\/wp-content\/uploads\/2024\/05\/commercial-fermentation-machine.webp 720w, https:\/\/topfoodmachine.com\/wp-content\/uploads\/2024\/05\/commercial-fermentation-machine-300x225.webp 300w, https:\/\/topfoodmachine.com\/wp-content\/uploads\/2024\/05\/commercial-fermentation-machine-16x12.webp 16w\" sizes=\"auto, (max-width: 720px) 100vw, 720px\" \/><figcaption class=\"wp-element-caption\">m\u00e1quina de fermenta\u00e7\u00e3o comercial<\/figcaption><\/figure>    <figure class=\"wp-block-table\"><table><tbody><tr><td>Modelo<\/td><td>Caso de Fermenta\u00e7\u00e3o<\/td><\/tr><tr><td>tens\u00e3o<\/td><td>220V\/50HZ<\/td><\/tr><tr><td>pot\u00eancia especificada<\/td><td>2.6kw<\/td><\/tr><tr><td>controlar temperatura<\/td><td>35~40\u00b0C<\/td><\/tr><tr><td>dimens\u00e3o total<\/td><td>490*690*1880mm<\/td><\/tr><tr><td>dimens\u00e3o da embalagem<\/td><td>540*750*1980mm<\/td><\/tr><tr><td>peso bruto<\/td><td>80kg<\/td><\/tr><\/tbody><\/table><figcaption class=\"wp-element-caption\">par\u00e2metros da m\u00e1quina de fermenta\u00e7\u00e3o<\/figcaption><\/figure>    <h2 class=\"wp-block-heading\">Perguntas frequentes sobre a sala de fermenta\u00e7\u00e3o de pastelaria<\/h2>    <figure class=\"wp-block-image size-full\"><img loading=\"lazy\" decoding=\"async\" width=\"720\" height=\"540\" src=\"https:\/\/topfoodmachine.com\/wp-content\/uploads\/2024\/05\/fermentation-machine-in-stock.webp\" alt=\"m\u00e1quina de fermenta\u00e7\u00e3o em estoque\" class=\"wp-image-1334\" srcset=\"https:\/\/topfoodmachine.com\/wp-content\/uploads\/2024\/05\/fermentation-machine-in-stock.webp 720w, https:\/\/topfoodmachine.com\/wp-content\/uploads\/2024\/05\/fermentation-machine-in-stock-300x225.webp 300w, https:\/\/topfoodmachine.com\/wp-content\/uploads\/2024\/05\/fermentation-machine-in-stock-16x12.webp 16w\" sizes=\"auto, (max-width: 720px) 100vw, 720px\" \/><figcaption class=\"wp-element-caption\">m\u00e1quina de fermenta\u00e7\u00e3o em estoque<\/figcaption><\/figure>   <div id=\"rank-math-faq\" class=\"rank-math-block\"> <div class=\"rank-math-list\"> <div id=\"faq-question-1715847366913\" class=\"rank-math-list-item\"> <h3 class=\"rank-math-question\">1. <strong>Como funciona uma m\u00e1quina de fermenta\u00e7\u00e3o de confeitaria?<\/strong><\/h3> <div class=\"rank-math-answer\">  <p>As m\u00e1quinas de fermenta\u00e7\u00e3o de p\u00e3o utilizam tecnologia de controle de temperatura e umidade para fornecer o ambiente de fermenta\u00e7\u00e3o ideal para a massa. Normalmente, a massa \u00e9 colocada dentro da c\u00e2mara de fermenta\u00e7\u00e3o e permitida fermentar a uma temperatura e umidade constantes por um per\u00edodo definido at\u00e9 atingir o n\u00edvel desejado de fermenta\u00e7\u00e3o.<\/p>  <\/div> <\/div> <div id=\"faq-question-1715847404888\" class=\"rank-math-list-item\"> <h3 class=\"rank-math-question\">2. <strong>Onde as m\u00e1quinas de fermenta\u00e7\u00e3o de p\u00e3o s\u00e3o adequadas para uso?<\/strong><\/h3> <div class=\"rank-math-answer\">  <p>As m\u00e1quinas de fermenta\u00e7\u00e3o de p\u00e3o s\u00e3o adequadas para v\u00e1rios ambientes, incluindo padarias, lojas de pastelaria, hot\u00e9is e supermercados. Seja para produ\u00e7\u00e3o em pequena ou grande escala, as m\u00e1quinas de fermenta\u00e7\u00e3o de pastelaria podem atender \u00e0s suas necessidades.<\/p>  <\/div> <\/div> <div id=\"faq-question-1715847426278\" class=\"rank-math-list-item\"> <h3 class=\"rank-math-question\">3. <strong>Como voc\u00ea ajusta a temperatura e a umidade de uma m\u00e1quina de fermenta\u00e7\u00e3o de confeitaria?<\/strong><\/h3> <div class=\"rank-math-answer\">  <p>As m\u00e1quinas de fermenta\u00e7\u00e3o de pastelaria s\u00e3o normalmente equipadas com pain\u00e9is de controle inteligentes para f\u00e1cil opera\u00e7\u00e3o. Usando o painel de controle, voc\u00ea pode facilmente ajustar a temperatura e a umidade para atender aos requisitos de diferentes tipos de p\u00e3o.<\/p>  <\/div> <\/div> <div id=\"faq-question-1715847449183\" class=\"rank-math-list-item\"> <h3 class=\"rank-math-question\">4. <strong>Quais procedimentos de manuten\u00e7\u00e3o e limpeza s\u00e3o necess\u00e1rios para uma m\u00e1quina de fermenta\u00e7\u00e3o de p\u00e3o?<\/strong><\/h3> <div class=\"rank-math-answer\">  <p>A manuten\u00e7\u00e3o e limpeza regulares das m\u00e1quinas de fermenta\u00e7\u00e3o de p\u00e3o s\u00e3o essenciais para prolongar a vida \u00fatil do equipamento e garantir a qualidade do produto. \u00c9 importante limpar regularmente as superf\u00edcies e o interior da c\u00e2mara de fermenta\u00e7\u00e3o, bem como limpar e manter o tanque de \u00e1gua e os tubos para manter o equipamento seco e limpo.<\/p>  <\/div> <\/div> <div id=\"faq-question-1715847469039\" class=\"rank-math-list-item\"> <h3 class=\"rank-math-question\">5. <strong>As m\u00e1quinas de fermenta\u00e7\u00e3o de p\u00e3o s\u00e3o seguras para usar?<\/strong><\/h3> <div class=\"rank-math-answer\">  <p>Sim, as m\u00e1quinas de fermenta\u00e7\u00e3o de p\u00e3o passam por rigorosos testes de seguran\u00e7a e certifica\u00e7\u00e3o para cumprir com os padr\u00f5es internacionais de seguran\u00e7a. No entanto, \u00e9 importante seguir as diretrizes de opera\u00e7\u00e3o de seguran\u00e7a descritas no manual do usu\u00e1rio para garantir um uso seguro.<\/p>  <\/div> <\/div> <div id=\"faq-question-1715847503256\" class=\"rank-math-list-item\"> <h3 class=\"rank-math-question\">6. <strong>Quais servi\u00e7os de manuten\u00e7\u00e3o e suporte est\u00e3o dispon\u00edveis para m\u00e1quinas de fermenta\u00e7\u00e3o de p\u00e3o?<\/strong><\/h3> <div class=\"rank-math-answer\">  <p>Fornecemos servi\u00e7os de manuten\u00e7\u00e3o e suporte para m\u00e1quinas de fermenta\u00e7\u00e3o de p\u00e3o, incluindo verifica\u00e7\u00f5es de manuten\u00e7\u00e3o regulares e servi\u00e7os de reparo de emerg\u00eancia. Se voc\u00ea tiver algum problema, sinta-se \u00e0 vontade para entrar em contato com nossa equipe de atendimento ao cliente, e teremos prazer em ajud\u00e1-lo.<\/p>  <\/div> <\/div> <\/div> <\/div>   <figure class=\"wp-block-gallery has-nested-images columns-default is-cropped wp-block-gallery-3 is-layout-flex wp-block-gallery-is-layout-flex\"> <figure class=\"wp-block-image size-large\"><img loading=\"lazy\" decoding=\"async\" width=\"720\" height=\"540\" data-id=\"1335\" src=\"https:\/\/topfoodmachine.com\/wp-content\/uploads\/2024\/05\/fermentation-machine-with-good-price.webp\" alt=\"m\u00e1quina de fermenta\u00e7\u00e3o com bom pre\u00e7o\" class=\"wp-image-1335\" srcset=\"https:\/\/topfoodmachine.com\/wp-content\/uploads\/2024\/05\/fermentation-machine-with-good-price.webp 720w, https:\/\/topfoodmachine.com\/wp-content\/uploads\/2024\/05\/fermentation-machine-with-good-price-300x225.webp 300w, https:\/\/topfoodmachine.com\/wp-content\/uploads\/2024\/05\/fermentation-machine-with-good-price-16x12.webp 16w\" sizes=\"auto, (max-width: 720px) 100vw, 720px\" \/><figcaption class=\"wp-element-caption\">m\u00e1quina de fermenta\u00e7\u00e3o com bom pre\u00e7o<\/figcaption><\/figure>    <figure class=\"wp-block-image size-large\"><img loading=\"lazy\" decoding=\"async\" width=\"720\" height=\"540\" data-id=\"1336\" src=\"https:\/\/topfoodmachine.com\/wp-content\/uploads\/2024\/05\/fermentation-machine.webp\" alt=\"m\u00e1quina de fermenta\u00e7\u00e3o\" class=\"wp-image-1336\" srcset=\"https:\/\/topfoodmachine.com\/wp-content\/uploads\/2024\/05\/fermentation-machine.webp 720w, https:\/\/topfoodmachine.com\/wp-content\/uploads\/2024\/05\/fermentation-machine-300x225.webp 300w, https:\/\/topfoodmachine.com\/wp-content\/uploads\/2024\/05\/fermentation-machine-16x12.webp 16w\" sizes=\"auto, (max-width: 720px) 100vw, 720px\" \/><figcaption class=\"wp-element-caption\">m\u00e1quina de fermenta\u00e7\u00e3o<\/figcaption><\/figure> <\/figure>    <h2 class=\"wp-block-heading\">Entre em contato conosco!<\/h2>    <p class=\"translation-block\">Aumente a efici\u00eancia da sua padaria enquanto garante qualidade e sabor consistentes do produto! Escolha nossa sala de <a href=\"https:\/\/en.wikipedia.org\/wiki\/Fermentation\" data-type=\"link\" data-id=\"https:\/\/en.wikipedia.org\/wiki\/Fermentation\" target=\"_blank\" rel=\"noopener\">fermenta\u00e7\u00e3o<\/a> de past\u00e9is para fornecer o ambiente de fermenta\u00e7\u00e3o ideal para o seu p\u00e3o e past\u00e9is. <\/p>    <p class=\"translation-block\">Al\u00e9m disso, recomendamos complement\u00e1-la com nosso <a href=\"https:\/\/topfoodmachine.com\/pt\/product\/automatic-dough-divider-rounder\/\" data-type=\"link\" data-id=\"https:\/\/topfoodmachine.com\/product\/automatic-dough-divider-rounder\/\">divisor de massa<\/a>, aumentando ainda mais a efici\u00eancia da produ\u00e7\u00e3o e reduzindo os custos de m\u00e3o de obra. Entre em contato conosco agora para saber mais e embarcar juntos no caminho para o sucesso na panifica\u00e7\u00e3o!<\/p>    <p><\/p>","protected":false},"excerpt":{"rendered":"<p>As m\u00e1quinas de fermenta\u00e7\u00e3o de p\u00e3o oferecem uma solu\u00e7\u00e3o, controlando precisamente a fermenta\u00e7\u00e3o para qualidade e sabor consistentes. Elas economizam tempo, aumentam a efici\u00eancia e se adaptam a v\u00e1rias escalas de produ\u00e7\u00e3o.<\/p>","protected":false},"author":1,"featured_media":1330,"parent":0,"template":"","tags":[32,31,25],"product-type":[6],"class_list":["post-1329","product","type-product","status-publish","has-post-thumbnail","hentry","tag-bread","tag-fermentation","tag-pastry","product-type-pastry-production-machine"],"_links":{"self":[{"href":"https:\/\/topfoodmachine.com\/pt\/wp-json\/wp\/v2\/product\/1329","targetHints":{"allow":["GET"]}}],"collection":[{"href":"https:\/\/topfoodmachine.com\/pt\/wp-json\/wp\/v2\/product"}],"about":[{"href":"https:\/\/topfoodmachine.com\/pt\/wp-json\/wp\/v2\/types\/product"}],"author":[{"embeddable":true,"href":"https:\/\/topfoodmachine.com\/pt\/wp-json\/wp\/v2\/users\/1"}],"wp:featuredmedia":[{"embeddable":true,"href":"https:\/\/topfoodmachine.com\/pt\/wp-json\/wp\/v2\/media\/1330"}],"wp:attachment":[{"href":"https:\/\/topfoodmachine.com\/pt\/wp-json\/wp\/v2\/media?parent=1329"}],"wp:term":[{"taxonomy":"post_tag","embeddable":true,"href":"https:\/\/topfoodmachine.com\/pt\/wp-json\/wp\/v2\/tags?post=1329"},{"taxonomy":"product-type","embeddable":true,"href":"https:\/\/topfoodmachine.com\/pt\/wp-json\/wp\/v2\/product-type?post=1329"}],"curies":[{"name":"wp","href":"https:\/\/api.w.org\/{rel}","templated":true}]}}