{"id":1302,"date":"2024-05-10T17:42:34","date_gmt":"2024-05-10T09:42:34","guid":{"rendered":"https:\/\/topfoodmachine.com\/?post_type=product&#038;p=1302"},"modified":"2025-10-17T17:35:04","modified_gmt":"2025-10-17T09:35:04","slug":"noodle-maker-machine","status":"publish","type":"product","link":"https:\/\/topfoodmachine.com\/pt\/product\/noodle-maker-machine\/","title":{"rendered":"M\u00e1quina de fazer macarr\u00e3o"},"content":{"rendered":"<div class=\"kk-star-ratings kksr-auto kksr-align-left kksr-valign-top\"     data-payload='{&quot;align&quot;:&quot;left&quot;,&quot;id&quot;:&quot;1302&quot;,&quot;slug&quot;:&quot;default&quot;,&quot;valign&quot;:&quot;top&quot;,&quot;ignore&quot;:&quot;&quot;,&quot;reference&quot;:&quot;auto&quot;,&quot;class&quot;:&quot;&quot;,&quot;count&quot;:&quot;16&quot;,&quot;legendonly&quot;:&quot;&quot;,&quot;readonly&quot;:&quot;&quot;,&quot;score&quot;:&quot;4.6&quot;,&quot;starsonly&quot;:&quot;&quot;,&quot;best&quot;:&quot;5&quot;,&quot;gap&quot;:&quot;5&quot;,&quot;greet&quot;:&quot;Rate this product&quot;,&quot;legend&quot;:&quot;4.6\\\/5 - (16 votes)&quot;,&quot;size&quot;:&quot;24&quot;,&quot;title&quot;:&quot;Noodle maker machine&quot;,&quot;width&quot;:&quot;130.9&quot;,&quot;_legend&quot;:&quot;{score}\\\/{best} - ({count} {votes})&quot;,&quot;font_factor&quot;:&quot;1.25&quot;}'>              <div class=\"kksr-stars\">      <div class=\"kksr-stars-inactive\">             <div class=\"kksr-star\" data-star=\"1\" style=\"padding-right: 5px\">               <div class=\"kksr-icon\" style=\"width: 24px; height: 24px;\"><\/div>         <\/div>             <div class=\"kksr-star\" data-star=\"2\" style=\"padding-right: 5px\">               <div class=\"kksr-icon\" style=\"width: 24px; height: 24px;\"><\/div>         <\/div>             <div class=\"kksr-star\" data-star=\"3\" style=\"padding-right: 5px\">               <div class=\"kksr-icon\" style=\"width: 24px; height: 24px;\"><\/div>         <\/div>             <div class=\"kksr-star\" data-star=\"4\" style=\"padding-right: 5px\">               <div class=\"kksr-icon\" style=\"width: 24px; height: 24px;\"><\/div>         <\/div>             <div class=\"kksr-star\" data-star=\"5\" style=\"padding-right: 5px\">               <div class=\"kksr-icon\" style=\"width: 24px; height: 24px;\"><\/div>         <\/div>     <\/div>      <div class=\"kksr-stars-active\" style=\"width: 130.9px;\">             <div class=\"kksr-star\" style=\"padding-right: 5px\">               <div class=\"kksr-icon\" style=\"width: 24px; height: 24px;\"><\/div>         <\/div>             <div class=\"kksr-star\" style=\"padding-right: 5px\">               <div class=\"kksr-icon\" style=\"width: 24px; height: 24px;\"><\/div>         <\/div>             <div class=\"kksr-star\" style=\"padding-right: 5px\">               <div class=\"kksr-icon\" style=\"width: 24px; height: 24px;\"><\/div>         <\/div>             <div class=\"kksr-star\" style=\"padding-right: 5px\">               <div class=\"kksr-icon\" style=\"width: 24px; height: 24px;\"><\/div>         <\/div>             <div class=\"kksr-star\" style=\"padding-right: 5px\">               <div class=\"kksr-icon\" style=\"width: 24px; height: 24px;\"><\/div>         <\/div>     <\/div> <\/div>                   <div class=\"kksr-legend\" style=\"font-size: 19.2px;\">             4,6\/5 - (16 votos)    <\/div>     <\/div>  <p>A m\u00e1quina multifuncional de fazer macarr\u00e3o processa eficientemente farinha, \u00e1gua e outros ingredientes crus em v\u00e1rios tipos de macarr\u00e3o, incluindo macarr\u00e3o de milho, macarr\u00e3o de trigo sarraceno e macarr\u00e3o de arroz, com diferentes espessuras. <\/p>    <p>Utilizando extrus\u00e3o cont\u00ednua, esta vers\u00e1til m\u00e1quina de fazer noodles de milho transforma ingredientes sem esfor\u00e7o em deliciosos noodles. <\/p>    <p>Com uma capacidade de 30 a 130 kg\/h, \u00e9 bem adequada para aplica\u00e7\u00f5es de catering e processamento de alimentos, oferecendo desempenho confi\u00e1vel e flexibilidade para ambientes de alta demanda.<\/p>    <figure class=\"wp-block-embed is-type-video is-provider-youtube wp-block-embed-youtube wp-embed-aspect-16-9 wp-has-aspect-ratio\"><div class=\"wp-block-embed__wrapper\"> <iframe loading=\"lazy\" title=\"M\u00e1quina de Fazer Noodles: Receitas R\u00e1pidas, F\u00e1ceis e Divertidas de Noodles #noodles #m\u00e1quinadenoodles #processamentodealimentos\" width=\"500\" height=\"281\" src=\"https:\/\/www.youtube.com\/embed\/g81J27r6n8s?feature=oembed\" frameborder=\"0\" allow=\"accelerometer; autoplay; clipboard-write; encrypted-media; gyroscope; picture-in-picture; web-share\" referrerpolicy=\"strict-origin-when-cross-origin\" allowfullscreen><\/iframe> <\/div><figcaption class=\"wp-element-caption\">v\u00eddeo de trabalho da m\u00e1quina de fazer noodles<\/figcaption><\/figure>    <h2 class=\"wp-block-heading\">Variedades de macarr\u00e3o com nossa m\u00e1quina multifuncional de fazer macarr\u00e3o<\/h2>    <p>Nossa m\u00e1quina multifuncional de fazer noodles pode produzir uma variedade de noodles, incluindo:<\/p>    <ul class=\"wp-block-list\"> <li><strong>Massa italiana cl\u00e1ssica<\/strong>. Crie tipos tradicionais de massa, como espaguete, fettuccine e tagliatelle.<\/li>    <li><strong>Noodles de milho<\/strong>. Fa\u00e7a facilmente deliciosos macarr\u00f5es de milho para v\u00e1rios pratos.<\/li>    <li><strong>Macarr\u00e3o de trigo sarraceno<\/strong>. Produza macarr\u00e3o de trigo sarraceno \u00fanico e saboroso que \u00e9 saud\u00e1vel e saboroso.<\/li>    <li><strong>Macarr\u00e3o de arroz<\/strong>. Fa\u00e7a macarr\u00e3o de arroz delicado, perfeito para pratos inspirados na culin\u00e1ria asi\u00e1tica.<\/li>    <li><strong>Macarr\u00e3o de konjac<\/strong>. Prepare macarr\u00e3o de konjac de baixa caloria e alto teor de fibra, ideal para quem busca uma alternativa saud\u00e1vel.<\/li> <\/ul>    <figure class=\"wp-block-gallery has-nested-images columns-default is-cropped wp-block-gallery-2 is-layout-flex wp-block-gallery-is-layout-flex\"> <figure class=\"wp-block-image size-large\"><img loading=\"lazy\" decoding=\"async\" width=\"720\" height=\"540\" data-id=\"1307\" src=\"https:\/\/topfoodmachine.com\/wp-content\/uploads\/2024\/05\/corn-noodles.webp\" alt=\"noodles de milho\" class=\"wp-image-1307\" srcset=\"https:\/\/topfoodmachine.com\/wp-content\/uploads\/2024\/05\/corn-noodles.webp 720w, https:\/\/topfoodmachine.com\/wp-content\/uploads\/2024\/05\/corn-noodles-300x225.webp 300w, https:\/\/topfoodmachine.com\/wp-content\/uploads\/2024\/05\/corn-noodles-16x12.webp 16w\" sizes=\"auto, (max-width: 720px) 100vw, 720px\" \/><figcaption class=\"wp-element-caption\">noodles de milho<\/figcaption><\/figure>    <figure class=\"wp-block-image size-full\"><img loading=\"lazy\" decoding=\"async\" width=\"720\" height=\"540\" data-id=\"1309\" src=\"https:\/\/topfoodmachine.com\/wp-content\/uploads\/2024\/05\/konjac-noodle.webp\" alt=\"noodle de konjac\" class=\"wp-image-1309\" srcset=\"https:\/\/topfoodmachine.com\/wp-content\/uploads\/2024\/05\/konjac-noodle.webp 720w, https:\/\/topfoodmachine.com\/wp-content\/uploads\/2024\/05\/konjac-noodle-300x225.webp 300w, https:\/\/topfoodmachine.com\/wp-content\/uploads\/2024\/05\/konjac-noodle-16x12.webp 16w\" sizes=\"auto, (max-width: 720px) 100vw, 720px\" \/><figcaption class=\"wp-element-caption\">noodle de konjac<\/figcaption><\/figure> <\/figure>    <p>Ap\u00f3s explorar os v\u00e1rios tipos de noodles que nossa m\u00e1quina multifuncional pode produzir, agora vamos nos aprofundar em como a m\u00e1quina de fazer noodles de Konjac funciona, proporcionando uma compreens\u00e3o mais profunda de sua funcionalidade e opera\u00e7\u00e3o.<\/p>    <h2 class=\"wp-block-heading\">Como funciona a m\u00e1quina de fazer noodles de konjac?<\/h2>    <div class=\"wp-block-media-text is-stacked-on-mobile\"><figure class=\"wp-block-media-text__media\"><img loading=\"lazy\" decoding=\"async\" width=\"720\" height=\"540\" src=\"https:\/\/topfoodmachine.com\/wp-content\/uploads\/2024\/05\/exported-Noodle-maker-machine.webp\" alt=\"m\u00e1quina de fazer noodles exportada\" class=\"wp-image-1310 size-full\" srcset=\"https:\/\/topfoodmachine.com\/wp-content\/uploads\/2024\/05\/exported-Noodle-maker-machine.webp 720w, https:\/\/topfoodmachine.com\/wp-content\/uploads\/2024\/05\/exported-Noodle-maker-machine-300x225.webp 300w, https:\/\/topfoodmachine.com\/wp-content\/uploads\/2024\/05\/exported-Noodle-maker-machine-16x12.webp 16w\" sizes=\"auto, (max-width: 720px) 100vw, 720px\" \/><\/figure><div class=\"wp-block-media-text__content\"> <ul class=\"wp-block-list\"> <li><strong>Passo 1: Prepara\u00e7\u00e3o da massa<\/strong> <ul class=\"wp-block-list\"> <li>Misture farinha e \u00e1gua na propor\u00e7\u00e3o adequada.<\/li>    <li>Assegure que a massa tenha a ader\u00eancia e elasticidade corretas para extrus\u00e3o.<\/li> <\/ul> <\/li>    <li><strong>Passo 2: Alimenta\u00e7\u00e3o da massa<\/strong> <ul class=\"wp-block-list\"> <li>Coloque a massa preparada na entrada de alimenta\u00e7\u00e3o da m\u00e1quina.<\/li> <\/ul> <\/li>    <li><strong>Passo 3: Processo de extrus\u00e3o<\/strong> <ul class=\"wp-block-list\"> <li>Dentro da m\u00e1quina, um sistema de extrus\u00e3o por parafuso empurra a massa para a frente.<\/li>    <li>A massa \u00e9 pressionada atrav\u00e9s dos orif\u00edcios da matriz, formando noodles com a forma e tamanho desejados.<\/li> <\/ul> <\/li> <\/ul> <\/div><\/div>    <p>Depois de entender o processo de trabalho, vamos discutir os par\u00e2metros espec\u00edficos da m\u00e1quina de fazer noodles, ajudando voc\u00ea a entender suas especifica\u00e7\u00f5es t\u00e9cnicas e caracter\u00edsticas de desempenho para decis\u00f5es de investimento informadas.<\/p>    <h2 class=\"wp-block-heading\">Par\u00e2metros da m\u00e1quina de fazer macarr\u00e3o<\/h2>    <div class=\"wp-block-media-text has-media-on-the-right is-stacked-on-mobile\"><div class=\"wp-block-media-text__content\"> <ul class=\"wp-block-list\"> <li>Tamanho: 800*720*1650mm<\/li>    <li>Voltagem: 380v<\/li>    <li>Peso: 400kg<\/li>    <li>Pot\u00eancia: 11kw<\/li>    <li>Capacidade: 30-130kg\/h<\/li> <\/ul> <\/div><figure class=\"wp-block-media-text__media\"><img loading=\"lazy\" decoding=\"async\" width=\"720\" height=\"540\" src=\"https:\/\/topfoodmachine.com\/wp-content\/uploads\/2024\/05\/Noodle-maker-machine-for-sale.webp\" alt=\"m\u00e1quina de fazer noodles \u00e0 venda\" class=\"wp-image-1311 size-full\" srcset=\"https:\/\/topfoodmachine.com\/wp-content\/uploads\/2024\/05\/Noodle-maker-machine-for-sale.webp 720w, https:\/\/topfoodmachine.com\/wp-content\/uploads\/2024\/05\/Noodle-maker-machine-for-sale-300x225.webp 300w, https:\/\/topfoodmachine.com\/wp-content\/uploads\/2024\/05\/Noodle-maker-machine-for-sale-16x12.webp 16w\" sizes=\"auto, (max-width: 720px) 100vw, 720px\" \/><\/figure><\/div>    <p>Uma vez que voc\u00ea tenha uma compreens\u00e3o detalhada dos par\u00e2metros da m\u00e1quina, vamos explorar como equipamentos suplementares podem aumentar a efici\u00eancia da produ\u00e7\u00e3o de noodles, fornecendo uma solu\u00e7\u00e3o abrangente.<\/p>    <h2 class=\"wp-block-heading\">Equipamentos suplementares da m\u00e1quina de fazer macarr\u00e3o<\/h2>    <p>Al\u00e9m da pr\u00f3pria m\u00e1quina de fazer noodles, tamb\u00e9m oferecemos equipamentos suplementares, incluindo a m\u00e1quina de mistura de farinha, m\u00e1quina de corte e m\u00e1quina de secagem, para facilitar o processo de fazer noodles.<\/p>    <h3 class=\"wp-block-heading\"><strong>m\u00e1quina de mistura de farinha<\/strong><\/h3>    <p>A m\u00e1quina de mistura de farinha ajuda voc\u00ea a misturar completamente a farinha e a \u00e1gua, garantindo a textura e maciez uniformes da massa. Ela mistura rapidamente a farinha, eliminando o processo tedioso de mistura manual e facilitando a prepara\u00e7\u00e3o da massa.<\/p>    <figure class=\"wp-block-gallery has-nested-images columns-default is-cropped wp-block-gallery-3 is-layout-flex wp-block-gallery-is-layout-flex\"> <figure class=\"wp-block-image size-large\"><img loading=\"lazy\" decoding=\"async\" width=\"720\" height=\"540\" data-id=\"1312\" src=\"https:\/\/topfoodmachine.com\/wp-content\/uploads\/2024\/05\/effective-Flour-Mixing-Machine.webp\" alt=\"M\u00e1quina de Mistura de Farinha eficaz\" class=\"wp-image-1312\" srcset=\"https:\/\/topfoodmachine.com\/wp-content\/uploads\/2024\/05\/effective-Flour-Mixing-Machine.webp 720w, https:\/\/topfoodmachine.com\/wp-content\/uploads\/2024\/05\/effective-Flour-Mixing-Machine-300x225.webp 300w, https:\/\/topfoodmachine.com\/wp-content\/uploads\/2024\/05\/effective-Flour-Mixing-Machine-16x12.webp 16w\" sizes=\"auto, (max-width: 720px) 100vw, 720px\" \/><figcaption class=\"wp-element-caption\">M\u00e1quina de Mistura de Farinha eficaz<\/figcaption><\/figure>    <figure class=\"wp-block-image size-large\"><img loading=\"lazy\" decoding=\"async\" width=\"720\" height=\"540\" data-id=\"1313\" src=\"https:\/\/topfoodmachine.com\/wp-content\/uploads\/2024\/05\/Flour-Mixing-Machine.webp\" alt=\"M\u00e1quina de Mistura de Farinha\" class=\"wp-image-1313\" srcset=\"https:\/\/topfoodmachine.com\/wp-content\/uploads\/2024\/05\/Flour-Mixing-Machine.webp 720w, https:\/\/topfoodmachine.com\/wp-content\/uploads\/2024\/05\/Flour-Mixing-Machine-300x225.webp 300w, https:\/\/topfoodmachine.com\/wp-content\/uploads\/2024\/05\/Flour-Mixing-Machine-16x12.webp 16w\" sizes=\"auto, (max-width: 720px) 100vw, 720px\" \/><figcaption class=\"wp-element-caption\">M\u00e1quina de Mistura de Farinha<\/figcaption><\/figure> <\/figure>    <h3 class=\"wp-block-heading\"><strong>M\u00e1quina de corte<\/strong><\/h3>    <p>A m\u00e1quina de corte permite que voc\u00ea corte a massa extrudada no comprimento e forma desejados, como espaguete ou noodles largos. \u00c9 f\u00e1cil de operar e pode cortar rapidamente e com precis\u00e3o os noodles, garantindo forma e tamanho consistentes.<\/p>    <h3 class=\"wp-block-heading\"><strong><a href=\"https:\/\/topfoodmachine.com\/pt\/product\/food-drying-machine-vegetable-dryer\/\" data-type=\"link\" data-id=\"https:\/\/topfoodmachine.com\/product\/food-drying-machine-vegetable-dryer\/\">M\u00e1quina de secagem<\/a><\/strong><\/h3>    <p>A m\u00e1quina de secagem ajuda voc\u00ea a secar rapidamente os noodles rec\u00e9m-feitos, prolongando sua vida \u00fatil. Ela utiliza tecnologia de controle de temperatura e umidade para secar rapidamente e uniformemente os noodles, mantendo sua textura e sabor.<\/p>    <figure class=\"wp-block-gallery has-nested-images columns-default is-cropped wp-block-gallery-4 is-layout-flex wp-block-gallery-is-layout-flex\"> <figure class=\"wp-block-image size-large\"><img loading=\"lazy\" decoding=\"async\" width=\"720\" height=\"540\" data-id=\"1411\" src=\"https:\/\/topfoodmachine.com\/wp-content\/uploads\/2024\/06\/food-dryer.webp\" alt=\"desidratador de alimentos\" class=\"wp-image-1411\" srcset=\"https:\/\/topfoodmachine.com\/wp-content\/uploads\/2024\/06\/food-dryer.webp 720w, https:\/\/topfoodmachine.com\/wp-content\/uploads\/2024\/06\/food-dryer-300x225.webp 300w, https:\/\/topfoodmachine.com\/wp-content\/uploads\/2024\/06\/food-dryer-16x12.webp 16w\" sizes=\"auto, (max-width: 720px) 100vw, 720px\" \/><figcaption class=\"wp-element-caption\">desidratador de alimentos<\/figcaption><\/figure>    <figure class=\"wp-block-image size-large\"><img loading=\"lazy\" decoding=\"async\" width=\"720\" height=\"540\" data-id=\"1414\" src=\"https:\/\/topfoodmachine.com\/wp-content\/uploads\/2024\/06\/vegetable-dryer.webp\" alt=\"desidratador de vegetais\" class=\"wp-image-1414\" srcset=\"https:\/\/topfoodmachine.com\/wp-content\/uploads\/2024\/06\/vegetable-dryer.webp 720w, https:\/\/topfoodmachine.com\/wp-content\/uploads\/2024\/06\/vegetable-dryer-300x225.webp 300w, https:\/\/topfoodmachine.com\/wp-content\/uploads\/2024\/06\/vegetable-dryer-16x12.webp 16w\" sizes=\"auto, (max-width: 720px) 100vw, 720px\" \/><figcaption class=\"wp-element-caption\">desidratador de vegetais<\/figcaption><\/figure> <\/figure>    <p>Com uma compreens\u00e3o das fun\u00e7\u00f5es dos equipamentos suplementares, vamos discutir os benef\u00edcios de investir em uma m\u00e1quina de fazer noodles, ajudando voc\u00ea a avaliar seu valor e vantagens.<\/p>    <h2 class=\"wp-block-heading\">Vantagens da m\u00e1quina de fazer noodles<\/h2>    <div class=\"wp-block-media-text is-stacked-on-mobile\"><figure class=\"wp-block-media-text__media\"><img loading=\"lazy\" decoding=\"async\" width=\"720\" height=\"540\" src=\"https:\/\/topfoodmachine.com\/wp-content\/uploads\/2024\/05\/noodle-making-machine-for-sale.webp\" alt=\"m\u00e1quina de fazer noodles \u00e0 venda\" class=\"wp-image-1525 size-full\" srcset=\"https:\/\/topfoodmachine.com\/wp-content\/uploads\/2024\/05\/noodle-making-machine-for-sale.webp 720w, https:\/\/topfoodmachine.com\/wp-content\/uploads\/2024\/05\/noodle-making-machine-for-sale-300x225.webp 300w, https:\/\/topfoodmachine.com\/wp-content\/uploads\/2024\/05\/noodle-making-machine-for-sale-16x12.webp 16w\" sizes=\"auto, (max-width: 720px) 100vw, 720px\" \/><\/figure><div class=\"wp-block-media-text__content\"> <ul class=\"wp-block-list\"> <li><strong>Variedade de tipos de noodles:<\/strong> V\u00e1rios moldes produzem noodles finos, largos, de pasta e com fenda.<\/li>    <li><strong>Dur\u00e1vel e seguro:<\/strong> Feito de a\u00e7o inoxid\u00e1vel ou pl\u00e1stico de grau alimentar para uso a longo prazo, seguro para alimenta\u00e7\u00e3o.<\/li> <\/ul> <\/div><\/div>    <div class=\"wp-block-media-text has-media-on-the-right is-stacked-on-mobile\"><div class=\"wp-block-media-text__content\"> <ul class=\"wp-block-list\"> <li><strong>Produ\u00e7\u00e3o de noodles instant\u00e2neos:<\/strong> Produz rapidamente noodles instant\u00e2neos para estilos de vida ocupados.<\/li>    <li><strong>Design eficiente:<\/strong> Corpo em a\u00e7o inoxid\u00e1vel e moldes antiaderentes asseguram funcionamento suave.<\/li>    <li><strong>Recurso aprimorado:<\/strong> Sistema de dupla ventoinha evita que os noodles se colem.<\/li> <\/ul> <\/div><figure class=\"wp-block-media-text__media\"><img loading=\"lazy\" decoding=\"async\" width=\"720\" height=\"540\" src=\"https:\/\/topfoodmachine.com\/wp-content\/uploads\/2024\/05\/noodle-making-machine-molds.webp\" alt=\"moldes da m\u00e1quina de fazer noodles\" class=\"wp-image-1314 size-full\" srcset=\"https:\/\/topfoodmachine.com\/wp-content\/uploads\/2024\/05\/noodle-making-machine-molds.webp 720w, https:\/\/topfoodmachine.com\/wp-content\/uploads\/2024\/05\/noodle-making-machine-molds-300x225.webp 300w, https:\/\/topfoodmachine.com\/wp-content\/uploads\/2024\/05\/noodle-making-machine-molds-16x12.webp 16w\" sizes=\"auto, (max-width: 720px) 100vw, 720px\" \/><\/figure><\/div>    <p>Ap\u00f3s discutir os numerosos benef\u00edcios de investir em uma m\u00e1quina de fazer noodles, agora vamos explorar por que os noodles se tornaram t\u00e3o populares globalmente, oferecendo um contexto de mercado adicional.<\/p>    <h2 class=\"wp-block-heading\">Por que comer macarr\u00e3o se tornou t\u00e3o popular?<\/h2>    <div class=\"wp-block-media-text is-stacked-on-mobile\"><figure class=\"wp-block-media-text__media\"><img loading=\"lazy\" decoding=\"async\" width=\"720\" height=\"540\" src=\"https:\/\/topfoodmachine.com\/wp-content\/uploads\/2024\/05\/noodle-1.webp\" alt=\"noodle\" class=\"wp-image-1526 size-full\" srcset=\"https:\/\/topfoodmachine.com\/wp-content\/uploads\/2024\/05\/noodle-1.webp 720w, https:\/\/topfoodmachine.com\/wp-content\/uploads\/2024\/05\/noodle-1-300x225.webp 300w, https:\/\/topfoodmachine.com\/wp-content\/uploads\/2024\/05\/noodle-1-16x12.webp 16w\" sizes=\"auto, (max-width: 720px) 100vw, 720px\" \/><\/figure><div class=\"wp-block-media-text__content\"> <ul class=\"wp-block-list\"> <li><strong>Impulso r\u00e1pido de energia:<\/strong> Rico em carboidratos para energia r\u00e1pida antes ou depois do exerc\u00edcio.<\/li>    <li><strong>Variedade nutricional:<\/strong> Noodles de trigo integral acrescentam fibra; noodles de feij\u00e3o ou de prote\u00edna aumentam a ingest\u00e3o de prote\u00edna.<\/li> <\/ul> <\/div><\/div>    <div class=\"wp-block-media-text has-media-on-the-right is-stacked-on-mobile\"><div class=\"wp-block-media-text__content\"> <ul class=\"wp-block-list\"> <li><strong>Op\u00e7\u00f5es diversas:<\/strong> Inclui massa italiana, noodles de trigo sarraceno e noodles de konjac para gostos e dietas diferentes.<\/li>    <li><strong>Cozedura flex\u00edvel:<\/strong> Pode ser fervido, frito ou cozed e acompanhado com v\u00e1rios ingredientes.<\/li>    <li><strong>Prepara\u00e7\u00e3o conveniente:<\/strong> R\u00e1pido e f\u00e1cil de fazer, ideal para estilos de vida ocupados.<\/li> <\/ul> <\/div><figure class=\"wp-block-media-text__media\"><img loading=\"lazy\" decoding=\"async\" width=\"720\" height=\"540\" src=\"https:\/\/topfoodmachine.com\/wp-content\/uploads\/2024\/05\/noodles.webp\" alt=\"noodles\" class=\"wp-image-1527 size-full\" srcset=\"https:\/\/topfoodmachine.com\/wp-content\/uploads\/2024\/05\/noodles.webp 720w, https:\/\/topfoodmachine.com\/wp-content\/uploads\/2024\/05\/noodles-300x225.webp 300w, https:\/\/topfoodmachine.com\/wp-content\/uploads\/2024\/05\/noodles-16x12.webp 16w\" sizes=\"auto, (max-width: 720px) 100vw, 720px\" \/><\/figure><\/div>    <h2 class=\"wp-block-heading\">Conclus\u00e3o<\/h2>    <p class=\"translation-block\"><strong>M\u00e1quina de fazer noodles<\/strong>suporta a produ\u00e7\u00e3o de m\u00faltiplas variedades de noodles \u2014 desde noodles de milho e arroz at\u00e9<a href=\"https:\/\/en.wikipedia.org\/wiki\/Amorphophallus_konjac\" data-type=\"link\" data-id=\"https:\/\/en.wikipedia.org\/wiki\/Amorphophallus_konjac\" target=\"_blank\" rel=\"noopener\">konjac<\/a>e trigo sarraceno.<\/p>    <p>Gra\u00e7as ao design de extrus\u00e3o cont\u00ednua e equipamentos auxiliares opcionais (misturadores, cortadores, secadores), esta m\u00e1quina \u00e9 adequada tanto para lojas de pequena escala quanto para ind\u00fastrias alimentares que buscam qualidade consistente, facilidade operacional e diversidade de produtos.<\/p>","protected":false},"excerpt":{"rendered":"<p>A m\u00e1quina multifuncional de fazer macarr\u00e3o processa eficientemente farinha, \u00e1gua e outros ingredientes crus em v\u00e1rios tipos de macarr\u00e3o, incluindo macarr\u00e3o de milho, macarr\u00e3o de trigo sarraceno e macarr\u00e3o de arroz, com diferentes espessuras.<\/p>","protected":false},"author":1,"featured_media":1305,"parent":0,"template":"","tags":[28,25],"product-type":[6],"class_list":["post-1302","product","type-product","status-publish","has-post-thumbnail","hentry","tag-noodle","tag-pastry","product-type-pastry-production-machine"],"_links":{"self":[{"href":"https:\/\/topfoodmachine.com\/pt\/wp-json\/wp\/v2\/product\/1302","targetHints":{"allow":["GET"]}}],"collection":[{"href":"https:\/\/topfoodmachine.com\/pt\/wp-json\/wp\/v2\/product"}],"about":[{"href":"https:\/\/topfoodmachine.com\/pt\/wp-json\/wp\/v2\/types\/product"}],"author":[{"embeddable":true,"href":"https:\/\/topfoodmachine.com\/pt\/wp-json\/wp\/v2\/users\/1"}],"wp:featuredmedia":[{"embeddable":true,"href":"https:\/\/topfoodmachine.com\/pt\/wp-json\/wp\/v2\/media\/1305"}],"wp:attachment":[{"href":"https:\/\/topfoodmachine.com\/pt\/wp-json\/wp\/v2\/media?parent=1302"}],"wp:term":[{"taxonomy":"post_tag","embeddable":true,"href":"https:\/\/topfoodmachine.com\/pt\/wp-json\/wp\/v2\/tags?post=1302"},{"taxonomy":"product-type","embeddable":true,"href":"https:\/\/topfoodmachine.com\/pt\/wp-json\/wp\/v2\/product-type?post=1302"}],"curies":[{"name":"wp","href":"https:\/\/api.w.org\/{rel}","templated":true}]}}