{"id":1290,"date":"2024-05-10T14:54:23","date_gmt":"2024-05-10T06:54:23","guid":{"rendered":"https:\/\/topfoodmachine.com\/?post_type=product&#038;p=1290"},"modified":"2025-08-20T18:22:19","modified_gmt":"2025-08-20T10:22:19","slug":"ice-cream-cone-making-machine","status":"publish","type":"product","link":"https:\/\/topfoodmachine.com\/pt\/product\/ice-cream-cone-making-machine\/","title":{"rendered":"m\u00e1quina de fazer cones de sorvete"},"content":{"rendered":"<div class=\"kk-star-ratings kksr-auto kksr-align-left kksr-valign-top\"     data-payload='{&quot;align&quot;:&quot;left&quot;,&quot;id&quot;:&quot;1290&quot;,&quot;slug&quot;:&quot;default&quot;,&quot;valign&quot;:&quot;top&quot;,&quot;ignore&quot;:&quot;&quot;,&quot;reference&quot;:&quot;auto&quot;,&quot;class&quot;:&quot;&quot;,&quot;count&quot;:&quot;23&quot;,&quot;legendonly&quot;:&quot;&quot;,&quot;readonly&quot;:&quot;&quot;,&quot;score&quot;:&quot;4.7&quot;,&quot;starsonly&quot;:&quot;&quot;,&quot;best&quot;:&quot;5&quot;,&quot;gap&quot;:&quot;5&quot;,&quot;greet&quot;:&quot;Rate this product&quot;,&quot;legend&quot;:&quot;4.7\\\/5 - (23 votes)&quot;,&quot;size&quot;:&quot;24&quot;,&quot;title&quot;:&quot;Ice cream cone making machine&quot;,&quot;width&quot;:&quot;133.8&quot;,&quot;_legend&quot;:&quot;{score}\\\/{best} - ({count} {votes})&quot;,&quot;font_factor&quot;:&quot;1.25&quot;}'>              <div class=\"kksr-stars\">      <div class=\"kksr-stars-inactive\">             <div class=\"kksr-star\" data-star=\"1\" style=\"padding-right: 5px\">               <div class=\"kksr-icon\" style=\"width: 24px; height: 24px;\"><\/div>         <\/div>             <div class=\"kksr-star\" data-star=\"2\" style=\"padding-right: 5px\">               <div class=\"kksr-icon\" style=\"width: 24px; height: 24px;\"><\/div>         <\/div>             <div class=\"kksr-star\" data-star=\"3\" style=\"padding-right: 5px\">               <div class=\"kksr-icon\" style=\"width: 24px; height: 24px;\"><\/div>         <\/div>             <div class=\"kksr-star\" data-star=\"4\" style=\"padding-right: 5px\">               <div class=\"kksr-icon\" style=\"width: 24px; height: 24px;\"><\/div>         <\/div>             <div class=\"kksr-star\" data-star=\"5\" style=\"padding-right: 5px\">               <div class=\"kksr-icon\" style=\"width: 24px; height: 24px;\"><\/div>         <\/div>     <\/div>      <div class=\"kksr-stars-active\" style=\"width: 133.8px;\">             <div class=\"kksr-star\" style=\"padding-right: 5px\">               <div class=\"kksr-icon\" style=\"width: 24px; height: 24px;\"><\/div>         <\/div>             <div class=\"kksr-star\" style=\"padding-right: 5px\">               <div class=\"kksr-icon\" style=\"width: 24px; height: 24px;\"><\/div>         <\/div>             <div class=\"kksr-star\" style=\"padding-right: 5px\">               <div class=\"kksr-icon\" style=\"width: 24px; height: 24px;\"><\/div>         <\/div>             <div class=\"kksr-star\" style=\"padding-right: 5px\">               <div class=\"kksr-icon\" style=\"width: 24px; height: 24px;\"><\/div>         <\/div>             <div class=\"kksr-star\" style=\"padding-right: 5px\">               <div class=\"kksr-icon\" style=\"width: 24px; height: 24px;\"><\/div>         <\/div>     <\/div> <\/div>                   <div class=\"kksr-legend\" style=\"font-size: 19.2px;\">             4,7\/5 - (23 votos)    <\/div>     <\/div>  <p class=\"translation-block\">A <strong>m\u00e1quina de fazer cones de gelado<\/strong> \u00e9 feita de a\u00e7o inoxid\u00e1vel de alta qualidade, esta <strong>m\u00e1quina autom\u00e1tica de cones de gelado<\/strong> garante higiene, durabilidade e f\u00e1cil manuten\u00e7\u00e3o. Com uma <strong>capacidade de produ\u00e7\u00e3o que varia entre 250 e 3.000 pe\u00e7as por hora<\/strong>, atende \u00e0s necessidades de pequenas empresas e f\u00e1bricas de grande escala. <\/p>    <p>A m\u00e1quina apresenta controlo preciso da temperatura, aquecimento r\u00e1pido e desempenho de cozedura consistente, entregando cones crocantes e uniformes sempre.<\/p>    <p class=\"translation-block\">Amplamente utilizada em <strong>gelatarias, f\u00e1bricas de processamento de alimentos e cozinhas comerciais<\/strong>, esta <strong>m\u00e1quina comercial de cones<\/strong> aumenta a produtividade e reduz os custos de m\u00e3o de obra. Os seus moldes personaliz\u00e1veis permitem diferentes formas e tamanhos de cones, ajudando as empresas a adaptarem-se \u00e0 procura do mercado. <\/p>    <figure class=\"wp-block-embed is-type-video is-provider-youtube wp-block-embed-youtube wp-embed-aspect-16-9 wp-has-aspect-ratio\"><div class=\"wp-block-embed__wrapper\"> <iframe loading=\"lazy\" title=\"Fazer Cone de Sorvete de Forma Simples: Melhores Op\u00e7\u00f5es de M\u00e1quinas Comerciais #sorvete #processamentodealimentos\" width=\"500\" height=\"281\" src=\"https:\/\/www.youtube.com\/embed\/UWmyxUEXWuc?feature=oembed\" frameborder=\"0\" allow=\"accelerometer; autoplay; clipboard-write; encrypted-media; gyroscope; picture-in-picture; web-share\" referrerpolicy=\"strict-origin-when-cross-origin\" allowfullscreen><\/iframe> <\/div><figcaption class=\"wp-element-caption\">V\u00eddeo de trabalho da m\u00e1quina de fazer cones de sorvete<\/figcaption><\/figure>    <h2 class=\"wp-block-heading\">m\u00e1quina de fazer cones de sorvete \u00e0 venda<\/h2>    <div class=\"wp-block-media-text is-stacked-on-mobile\"><figure class=\"wp-block-media-text__media\"><img loading=\"lazy\" decoding=\"async\" width=\"720\" height=\"540\" src=\"https:\/\/topfoodmachine.com\/wp-content\/uploads\/2024\/05\/Ice-cream-cone-making-machine-molds.webp\" alt=\"moldes da m\u00e1quina de fazer cone de sorvete\" class=\"wp-image-1293 size-full\" srcset=\"https:\/\/topfoodmachine.com\/wp-content\/uploads\/2024\/05\/Ice-cream-cone-making-machine-molds.webp 720w, https:\/\/topfoodmachine.com\/wp-content\/uploads\/2024\/05\/Ice-cream-cone-making-machine-molds-300x225.webp 300w, https:\/\/topfoodmachine.com\/wp-content\/uploads\/2024\/05\/Ice-cream-cone-making-machine-molds-16x12.webp 16w\" sizes=\"auto, (max-width: 720px) 100vw, 720px\" \/><\/figure><div class=\"wp-block-media-text__content\"> <p><strong>Vis\u00e3o geral do produto<\/strong><\/p>    <ul class=\"wp-block-list\"> <li>\u200b<strong>Produtos<\/strong>. Cones de waffle personaliz\u00e1veis, copos de caf\u00e9 comest\u00edveis e formas criativas.<\/li>    <li>\u200b<strong>Tipo<\/strong>. Fabricante de cones de sorvete totalmente automatizado para uso comercial.<\/li>    <li>\u200b<strong>Capacidade<\/strong>. Produ\u00e7\u00e3o ajust\u00e1vel de<strong>250 a 3.000 pe\u00e7as\/hora<\/strong>&nbsp;para atender pequenos caf\u00e9s ou grandes f\u00e1bricas.<\/li> <\/ul>    <p><strong>Modelos mais recomendados<\/strong><\/p>    <ul class=\"wp-block-list\"> <li>\u200b<strong>modelo de 24 cones<\/strong>. Ideal para padarias de m\u00e9dio porte ou lojas de sorvete.<\/li>    <li>\u200b<strong>modelo de 32 cones<\/strong>. Perfeito para linhas de produ\u00e7\u00e3o de alto volume.<\/li> <\/ul> <\/div><\/div>    <div class=\"wp-block-media-text has-media-on-the-right is-stacked-on-mobile\"><div class=\"wp-block-media-text__content\"> <p><strong>Caracter\u00edsticas principais<\/strong><\/p>    <ul class=\"wp-block-list\"> <li>\u200b<strong>Material<\/strong>: <ul class=\"wp-block-list\"> <li>\u200b<strong>Carca\u00e7a de a\u00e7o inoxid\u00e1vel<\/strong>&nbsp;+<strong>moldes de liga de alum\u00ednio<\/strong>&nbsp;\u2013 Elegante, higi\u00eanico e resistente \u00e0 corros\u00e3o.<\/li>    <li>\u200b<strong>Moldes de ferro fundido<\/strong>&nbsp;\u2013 Garante distribui\u00e7\u00e3o uniforme do calor para textura consistente.<\/li> <\/ul> <\/li>    <li>\u200b<strong>Design<\/strong>: <ul class=\"wp-block-list\"> <li>\u200b<strong>Isolamento antiaderente<\/strong>&nbsp;\u2013 Revestimentos de grau aliment\u00edcio evitam ader\u00eancia de moldes, garantindo seguran\u00e7a alimentar.<\/li>    <li>\u200b<strong>Controle de temperatura de precis\u00e3o<\/strong>&nbsp;\u2013 Mant\u00e9m condi\u00e7\u00f5es de cozimento ideais para cones crocantes e dourados.<\/li> <\/ul> <\/li>    <li>\u200b<strong>Flexibilidade<\/strong>. Troque moldes em minutos para produzir formas e tamanhos diversos.<\/li> <\/ul> <\/div><figure class=\"wp-block-media-text__media\"><img loading=\"lazy\" decoding=\"async\" width=\"720\" height=\"540\" src=\"https:\/\/topfoodmachine.com\/wp-content\/uploads\/2024\/05\/best-cone-maker.webp\" alt=\"melhor fabricante de cones\" class=\"wp-image-1291 size-full\" srcset=\"https:\/\/topfoodmachine.com\/wp-content\/uploads\/2024\/05\/best-cone-maker.webp 720w, https:\/\/topfoodmachine.com\/wp-content\/uploads\/2024\/05\/best-cone-maker-300x225.webp 300w, https:\/\/topfoodmachine.com\/wp-content\/uploads\/2024\/05\/best-cone-maker-16x12.webp 16w\" sizes=\"auto, (max-width: 720px) 100vw, 720px\" \/><\/figure><\/div>    <div class=\"wp-block-media-text is-stacked-on-mobile\"><figure class=\"wp-block-media-text__media\"><img loading=\"lazy\" decoding=\"async\" width=\"720\" height=\"540\" src=\"https:\/\/topfoodmachine.com\/wp-content\/uploads\/2024\/05\/commercial-Ice-cream-cone-making-machine.webp\" alt=\"m\u00e1quina comercial de fazer cone de sorvete\" class=\"wp-image-1292 size-full\" srcset=\"https:\/\/topfoodmachine.com\/wp-content\/uploads\/2024\/05\/commercial-Ice-cream-cone-making-machine.webp 720w, https:\/\/topfoodmachine.com\/wp-content\/uploads\/2024\/05\/commercial-Ice-cream-cone-making-machine-300x225.webp 300w, https:\/\/topfoodmachine.com\/wp-content\/uploads\/2024\/05\/commercial-Ice-cream-cone-making-machine-16x12.webp 16w\" sizes=\"auto, (max-width: 720px) 100vw, 720px\" \/><\/figure><div class=\"wp-block-media-text__content\"> <p><strong>Constru\u00e7\u00e3o dur\u00e1vel<\/strong><\/p>    <ul class=\"wp-block-list\"> <li>\u200b<strong>Estrutura<\/strong>. Perfis e placas de a\u00e7o soldados para estabilidade.<\/li>    <li>\u200b<strong>Componentes cr\u00edticos<\/strong>. Pe\u00e7as de a\u00e7o inoxid\u00e1vel aumentam a longevidade e facilitam a limpeza.<\/li> <\/ul>    <p class=\"translation-block\"><strong>Ideal para<\/strong>:<\/p>    <ul class=\"wp-block-list\"> <li>Sorveterias, cadeias de caf\u00e9, f\u00e1bricas de sobremesas e startups de alimentos.<\/li>    <li>Empresas que priorizam<strong>higiene<\/strong>,<strong>velocidade<\/strong>, e<strong>variedade de produtos<\/strong>.<\/li> <\/ul>    <p class=\"translation-block\"><strong>Benef\u00edcios adicionais<\/strong>:<\/p>    <ul class=\"wp-block-list\"> <li>Baixa manuten\u00e7\u00e3o com pe\u00e7as substitu\u00edveis.<\/li>    <li>Conforme os padr\u00f5es globais de seguran\u00e7a alimentar (por exemplo, FDA, CE).<\/li> <\/ul> <\/div><\/div>    <h2 class=\"wp-block-heading\">Quais s\u00e3o as mat\u00e9rias-primas do fabricante de cones?<\/h2>    <div class=\"wp-block-media-text has-media-on-the-right is-stacked-on-mobile\"><div class=\"wp-block-media-text__content\"> <ul class=\"wp-block-list\"> <li><strong>Farinha<\/strong>. Fornece estrutura e textura aos cones.<\/li>    <li><strong>A\u00e7\u00facar<\/strong>. Adiciona do\u00e7ura e ajuda a alcan\u00e7ar uma cor dourada durante o cozimento.<\/li>    <li><strong class=\"\">Ovos<\/strong>. Atua como um agente de liga\u00e7\u00e3o, ajudando a unir os ingredientes e fornecer estrutura ao cone.<\/li>    <li><strong class=\"\">Leite<\/strong>. Adiciona umidade e melhora a textura e o sabor do cone.<\/li>    <li><strong class=\"\">Aromatizantes<\/strong>. Como extrato de baunilha ou outros sabores podem ser adicionados para real\u00e7ar o sabor do cone&#8217;s.<\/li>    <li><strong>Sal<\/strong>. \u00c9 frequentemente adicionado para equilibrar a do\u00e7ura e melhorar a textura.<\/li> <\/ul> <\/div><figure class=\"wp-block-media-text__media\"><img loading=\"lazy\" decoding=\"async\" width=\"720\" height=\"540\" src=\"https:\/\/topfoodmachine.com\/wp-content\/uploads\/2024\/05\/ice-cream-cone.webp\" alt=\"cone de sorvete\" class=\"wp-image-1294 size-full\" srcset=\"https:\/\/topfoodmachine.com\/wp-content\/uploads\/2024\/05\/ice-cream-cone.webp 720w, https:\/\/topfoodmachine.com\/wp-content\/uploads\/2024\/05\/ice-cream-cone-300x225.webp 300w, https:\/\/topfoodmachine.com\/wp-content\/uploads\/2024\/05\/ice-cream-cone-16x12.webp 16w\" sizes=\"auto, (max-width: 720px) 100vw, 720px\" \/><\/figure><\/div>    <h2 class=\"wp-block-heading\">Caracter\u00edsticas principais do sorvete <a href=\"https:\/\/en.wikipedia.org\/wiki\/Wafer\" data-type=\"link\" data-id=\"https:\/\/en.wikipedia.org\/wiki\/Wafer\" target=\"_blank\" rel=\"noopener\">wafer<\/a> m\u00e1quina<\/h2>    <div class=\"wp-block-media-text is-stacked-on-mobile\"><figure class=\"wp-block-media-text__media\"><img loading=\"lazy\" decoding=\"async\" width=\"720\" height=\"540\" src=\"https:\/\/topfoodmachine.com\/wp-content\/uploads\/2024\/05\/cone-maker.webp\" alt=\"fabricante de cones\" class=\"wp-image-1296 size-full\" srcset=\"https:\/\/topfoodmachine.com\/wp-content\/uploads\/2024\/05\/cone-maker.webp 720w, https:\/\/topfoodmachine.com\/wp-content\/uploads\/2024\/05\/cone-maker-300x225.webp 300w, https:\/\/topfoodmachine.com\/wp-content\/uploads\/2024\/05\/cone-maker-16x12.webp 16w\" sizes=\"auto, (max-width: 720px) 100vw, 720px\" \/><\/figure><div class=\"wp-block-media-text__content\"> <ul class=\"wp-block-list\"> <li><strong>Grau comercial<\/strong> \u2013 Projetado para uso pesado em <strong>sorveterias, caf\u00e9s, padarias e restaurantes<\/strong>, garantindo alta efici\u00eancia e confiabilidade. <\/li>    <li><strong>Produ\u00e7\u00e3o vers\u00e1til<\/strong> \u2013 Pode produzir <strong>cones de waffle de suporte personalizado, copos de caf\u00e9 comest\u00edveis, cones de a\u00e7\u00facar e tigelas de wafer<\/strong>, atendendo a diversas demandas dos clientes. <\/li>    <li><strong>Constru\u00e7\u00e3o de alta qualidade<\/strong> \u2013 Constru\u00eddo com uma <strong>carca\u00e7a de a\u00e7o inoxid\u00e1vel e moldes de liga de alum\u00ednio<\/strong>, garantindo durabilidade, resist\u00eancia \u00e0 corros\u00e3o e uma apar\u00eancia elegante. <\/li> <\/ul> <\/div><\/div>    <div class=\"wp-block-media-text has-media-on-the-right is-stacked-on-mobile\"><div class=\"wp-block-media-text__content\"> <ul class=\"wp-block-list\"> <li><strong>M\u00faltiplos modelos dispon\u00edveis<\/strong> \u2013 Oferece uma gama de modelos, com os <strong>modelos de 24 e 32 cones<\/strong> sendo altamente recomendados para <strong>alta efici\u00eancia de produ\u00e7\u00e3o e flexibilidade<\/strong>.<\/li>    <li><strong>Desempenho consistente<\/strong> \u2013 Garante <strong>aquecimento uniforme e controle preciso da temperatura<\/strong>, levando a cones assados uniformemente com textura perfeita.<\/li> <\/ul> <\/div><figure class=\"wp-block-media-text__media\"><img loading=\"lazy\" decoding=\"async\" width=\"720\" height=\"540\" src=\"https:\/\/topfoodmachine.com\/wp-content\/uploads\/2024\/05\/wafer-cone.webp\" alt=\"cone de wafer\" class=\"wp-image-1295 size-full\" srcset=\"https:\/\/topfoodmachine.com\/wp-content\/uploads\/2024\/05\/wafer-cone.webp 720w, https:\/\/topfoodmachine.com\/wp-content\/uploads\/2024\/05\/wafer-cone-300x225.webp 300w, https:\/\/topfoodmachine.com\/wp-content\/uploads\/2024\/05\/wafer-cone-16x12.webp 16w\" sizes=\"auto, (max-width: 720px) 100vw, 720px\" \/><\/figure><\/div>    <div class=\"wp-block-media-text is-stacked-on-mobile\"><figure class=\"wp-block-media-text__media\"><img loading=\"lazy\" decoding=\"async\" width=\"720\" height=\"540\" src=\"https:\/\/topfoodmachine.com\/wp-content\/uploads\/2024\/05\/details-of-Ice-cream-cone-making-machine.webp\" alt=\"detalhes da m\u00e1quina de fazer cone de sorvete\" class=\"wp-image-1297 size-full\" srcset=\"https:\/\/topfoodmachine.com\/wp-content\/uploads\/2024\/05\/details-of-Ice-cream-cone-making-machine.webp 720w, https:\/\/topfoodmachine.com\/wp-content\/uploads\/2024\/05\/details-of-Ice-cream-cone-making-machine-300x225.webp 300w, https:\/\/topfoodmachine.com\/wp-content\/uploads\/2024\/05\/details-of-Ice-cream-cone-making-machine-16x12.webp 16w\" sizes=\"auto, (max-width: 720px) 100vw, 720px\" \/><\/figure><div class=\"wp-block-media-text__content\"> <ul class=\"wp-block-list\"> <li><strong>Design eficiente em termos de energia<\/strong> \u2013 Elementos de aquecimento otimizados ajudam <strong>a reduzir o consumo de energia enquanto mant\u00eam alta efici\u00eancia<\/strong>, tornando-se uma solu\u00e7\u00e3o econ\u00f4mica.<\/li>    <li><strong>Materiais de grau aliment\u00edcio<\/strong> \u2013 Equipado com <strong>moldes de cone de waffle antiaderentes e de grau aliment\u00edcio<\/strong> para evitar ader\u00eancia e garantir higiene, seguran\u00e7a e alta qualidade do produto.<\/li> <\/ul> <\/div><\/div>    <h2 class=\"wp-block-heading\">Par\u00e2metros da m\u00e1quina de cone de sorvete<\/h2>    <figure class=\"wp-block-table\"><table><tbody><tr><td>Modelo<\/td><td>DST-10<\/td><td>DST-12<\/td><td>DST-24<\/td><td>DST-24C<\/td><td>DST-32C<\/td><td>DST-40C<\/td><td>DST-60C<\/td><\/tr><tr><td>Capacidade (pcs\/h)<\/td><td>250-300<\/td><td>300-350<\/td><td>600-800<\/td><td>600-800<\/td><td>800-1000<\/td><td>1200-1400<\/td><td>2400-3000<\/td><\/tr><tr><td>Poder<\/td><td>4,5 kW<\/td><td>6.5kw<\/td><td>17kw<\/td><td>12kw<\/td><td>15 kW<\/td><td>18 kW<\/td><td>21kw<\/td><\/tr><tr><td>Tens\u00e3o<\/td><td>220v<\/td><td>220v<\/td><td>220v\/380v<\/td><td>220v\/380v<\/td><td>220v\/380v<\/td><td>220v\/380v<\/td><td>220v\/380v<\/td><\/tr><tr><td>Tamanho da m\u00e1quina (mm)<\/td><td>760\u00d7600\u00d71050<\/td><td>800\u00d7700\u00d7880<\/td><td>1050\u00d7800\u00d7900<\/td><td>730\u00d7800\u00d71370<\/td><td>880\u00d7880\u00d71380<\/td><td>1080\u00d7800\u00d71440<\/td><td>1260x1140x1640<\/td><\/tr><tr><td>Tamanho da embalagem (mm)<\/td><td>970\u00d7680\u00d71200<\/td><td>940\u00d7760\u00d71070<\/td><td>1160\u00d7880\u00d71140<\/td><td>890\u00d7820\u00d71500<\/td><td>900\u00d71000\u00d71540<\/td><td>1180\u00d7920\u00d71650<\/td><td>1350x1250x1780<\/td><\/tr><tr><td>Peso (kg)<\/td><td>200<\/td><td>180<\/td><td>280<\/td><td>350<\/td><td>320<\/td><td>600<\/td><td>850<\/td><\/tr><\/tbody><\/table><figcaption class=\"wp-element-caption\">Par\u00e2metros da m\u00e1quina de fazer cone de sorvete<\/figcaption><\/figure>    <h2 class=\"wp-block-heading\">Perguntas frequentes sobre a m\u00e1quina de fazer cones de sorvete<\/h2>   <div id=\"rank-math-faq\" class=\"rank-math-block\"> <div class=\"rank-math-list\"> <div id=\"faq-question-1715312540153\" class=\"rank-math-list-item\"> <h3 class=\"rank-math-question\">1. Qual \u00e9 o m\u00e9todo de aquecimento?<\/h3> <div class=\"rank-math-answer\">  <p>Aquecimento el\u00e9trico.<\/p>  <\/div> <\/div> <div id=\"faq-question-1715312611292\" class=\"rank-math-list-item\"> <h3 class=\"rank-math-question\">2. Qual \u00e9 a temperatura de aquecimento?<\/h3> <div class=\"rank-math-answer\">  <p>Pr\u00e9-ajuste a temperatura de cozimento no controlador de temperatura. Para m\u00e1quinas novas, o molde superior \u00e9 geralmente definido para 220\u00b0C e o molde inferior para 200\u00b0C, e ent\u00e3o a energia \u00e9 ligada para aumentar a temperatura at\u00e9 a temperatura definida ser alcan\u00e7ada (leva cerca de 30-40 minutos).<\/p>  <\/div> <\/div> <div id=\"faq-question-1715312717180\" class=\"rank-math-list-item\"> <h3 class=\"rank-math-question\">3. Esta m\u00e1quina precisa de um compressor de ar?<\/h3> <div class=\"rank-math-answer\">  <p>N\u00e3o.<\/p>  <\/div> <\/div> <div id=\"faq-question-1715312917589\" class=\"rank-math-list-item\"> <h3 class=\"rank-math-question\">4. Quais acess\u00f3rios s\u00e3o pe\u00e7as de desgaste?<\/h3> <div class=\"rank-math-answer\">  <p>1. Esp\u00e1tula <br \/>2. Alimentador <br \/>3. Aquecimento el\u00e9trico longo <br \/>4. Tubo de aquecimento el\u00e9trico curto<\/p>  <\/div> <\/div> <div id=\"faq-question-1715320297564\" class=\"rank-math-list-item\"> <h3 class=\"rank-math-question\">5. \u00c9 wafer ou cone crocante?<\/h3> <div class=\"rank-math-answer\">  <p>Wafer.<\/p>  <\/div> <\/div> <\/div> <\/div>   <figure class=\"wp-block-gallery has-nested-images columns-default is-cropped wp-block-gallery-2 is-layout-flex wp-block-gallery-is-layout-flex\"> <figure class=\"wp-block-image size-large\"><img loading=\"lazy\" decoding=\"async\" width=\"720\" height=\"540\" data-id=\"1298\" src=\"https:\/\/topfoodmachine.com\/wp-content\/uploads\/2024\/05\/Ice-cream-cone-making-machine-for-sale.webp\" alt=\"m\u00e1quina de fazer cones de sorvete \u00e0 venda\" class=\"wp-image-1298\" srcset=\"https:\/\/topfoodmachine.com\/wp-content\/uploads\/2024\/05\/Ice-cream-cone-making-machine-for-sale.webp 720w, https:\/\/topfoodmachine.com\/wp-content\/uploads\/2024\/05\/Ice-cream-cone-making-machine-for-sale-300x225.webp 300w, https:\/\/topfoodmachine.com\/wp-content\/uploads\/2024\/05\/Ice-cream-cone-making-machine-for-sale-16x12.webp 16w\" sizes=\"auto, (max-width: 720px) 100vw, 720px\" \/><figcaption class=\"wp-element-caption\">m\u00e1quina de fazer cones de sorvete \u00e0 venda<\/figcaption><\/figure>    <figure class=\"wp-block-image size-large\"><img loading=\"lazy\" decoding=\"async\" width=\"720\" height=\"540\" data-id=\"1299\" src=\"https:\/\/topfoodmachine.com\/wp-content\/uploads\/2024\/05\/ice-cream-wafer-machine.webp\" alt=\"m\u00e1quina de wafer de sorvete\" class=\"wp-image-1299\" srcset=\"https:\/\/topfoodmachine.com\/wp-content\/uploads\/2024\/05\/ice-cream-wafer-machine.webp 720w, https:\/\/topfoodmachine.com\/wp-content\/uploads\/2024\/05\/ice-cream-wafer-machine-300x225.webp 300w, https:\/\/topfoodmachine.com\/wp-content\/uploads\/2024\/05\/ice-cream-wafer-machine-16x12.webp 16w\" sizes=\"auto, (max-width: 720px) 100vw, 720px\" \/><figcaption class=\"wp-element-caption\">m\u00e1quina de wafer de sorvete<\/figcaption><\/figure> <\/figure>    <h2 class=\"wp-block-heading\">Conclus\u00e3o<\/h2>    <p>Em conclus\u00e3o, a nossa M\u00e1quina de Fazer Cones de Gelado oferece uma forma f\u00e1cil e eficiente de produzir cones perfeitamente moldados e crocantes para a sua gelataria, caf\u00e9 ou restaurante. <\/p>    <p class=\"translation-block\">Al\u00e9m da m\u00e1quina de fazer cones de sorvete, tamb\u00e9m oferecemos uma <a href=\"https:\/\/topfoodmachine.com\/pt\/product\/egg-roll-machine\/\" data-type=\"link\" data-id=\"https:\/\/topfoodmachine.com\/product\/egg-roll-machine\/\">m\u00e1quina de rolo de ovo<\/a> para atender \u00e0s suas diversas necessidades. Sinta-se \u00e0 vontade para nos contatar se tiver alguma d\u00favida ou precisar de mais informa\u00e7\u00f5es. Estamos aqui para atend\u00ea-lo.<\/p>    <figure class=\"wp-block-image size-full\"><img loading=\"lazy\" decoding=\"async\" width=\"720\" height=\"540\" src=\"https:\/\/topfoodmachine.com\/wp-content\/uploads\/2024\/05\/wafer-making-machine.webp\" alt=\"m\u00e1quina de fazer wafer\" class=\"wp-image-1300\" srcset=\"https:\/\/topfoodmachine.com\/wp-content\/uploads\/2024\/05\/wafer-making-machine.webp 720w, https:\/\/topfoodmachine.com\/wp-content\/uploads\/2024\/05\/wafer-making-machine-300x225.webp 300w, https:\/\/topfoodmachine.com\/wp-content\/uploads\/2024\/05\/wafer-making-machine-16x12.webp 16w\" sizes=\"auto, (max-width: 720px) 100vw, 720px\" \/><figcaption class=\"wp-element-caption\">m\u00e1quina de fazer wafer<\/figcaption><\/figure>","protected":false},"excerpt":{"rendered":"<p>A m\u00e1quina de fazer cones de gelado \u00e9 feita de a\u00e7o inoxid\u00e1vel de alta qualidade, esta m\u00e1quina autom\u00e1tica de cones de gelado garante higiene, durabilidade e f\u00e1cil manuten\u00e7\u00e3o.<\/p>","protected":false},"author":1,"featured_media":1303,"parent":0,"template":"","tags":[30,29,114],"product-type":[6],"class_list":["post-1290","product","type-product","status-publish","has-post-thumbnail","hentry","tag-food-machine","tag-ice-cream","tag-ice-cream-cone-making-machine","product-type-pastry-production-machine"],"_links":{"self":[{"href":"https:\/\/topfoodmachine.com\/pt\/wp-json\/wp\/v2\/product\/1290","targetHints":{"allow":["GET"]}}],"collection":[{"href":"https:\/\/topfoodmachine.com\/pt\/wp-json\/wp\/v2\/product"}],"about":[{"href":"https:\/\/topfoodmachine.com\/pt\/wp-json\/wp\/v2\/types\/product"}],"author":[{"embeddable":true,"href":"https:\/\/topfoodmachine.com\/pt\/wp-json\/wp\/v2\/users\/1"}],"wp:featuredmedia":[{"embeddable":true,"href":"https:\/\/topfoodmachine.com\/pt\/wp-json\/wp\/v2\/media\/1303"}],"wp:attachment":[{"href":"https:\/\/topfoodmachine.com\/pt\/wp-json\/wp\/v2\/media?parent=1290"}],"wp:term":[{"taxonomy":"post_tag","embeddable":true,"href":"https:\/\/topfoodmachine.com\/pt\/wp-json\/wp\/v2\/tags?post=1290"},{"taxonomy":"product-type","embeddable":true,"href":"https:\/\/topfoodmachine.com\/pt\/wp-json\/wp\/v2\/product-type?post=1290"}],"curies":[{"name":"wp","href":"https:\/\/api.w.org\/{rel}","templated":true}]}}