{"id":1253,"date":"2024-05-08T15:23:14","date_gmt":"2024-05-08T07:23:14","guid":{"rendered":"https:\/\/topfoodmachine.com\/?post_type=product&#038;p=1253"},"modified":"2024-09-18T15:40:09","modified_gmt":"2024-09-18T07:40:09","slug":"automatic-dough-divider-rounder","status":"publish","type":"product","link":"https:\/\/topfoodmachine.com\/pt\/product\/automatic-dough-divider-rounder\/","title":{"rendered":"M\u00e1quina Autom\u00e1tica de Divis\u00e3o e Modelagem de Massa"},"content":{"rendered":"<div class=\"kk-star-ratings kksr-auto kksr-align-left kksr-valign-top\"     data-payload='{&quot;align&quot;:&quot;left&quot;,&quot;id&quot;:&quot;1253&quot;,&quot;slug&quot;:&quot;default&quot;,&quot;valign&quot;:&quot;top&quot;,&quot;ignore&quot;:&quot;&quot;,&quot;reference&quot;:&quot;auto&quot;,&quot;class&quot;:&quot;&quot;,&quot;count&quot;:&quot;13&quot;,&quot;legendonly&quot;:&quot;&quot;,&quot;readonly&quot;:&quot;&quot;,&quot;score&quot;:&quot;4.8&quot;,&quot;starsonly&quot;:&quot;&quot;,&quot;best&quot;:&quot;5&quot;,&quot;gap&quot;:&quot;5&quot;,&quot;greet&quot;:&quot;Rate this product&quot;,&quot;legend&quot;:&quot;4.8\\\/5 - (13 votes)&quot;,&quot;size&quot;:&quot;24&quot;,&quot;title&quot;:&quot;Automatic Dough Divider Rounder Machine&quot;,&quot;width&quot;:&quot;136.7&quot;,&quot;_legend&quot;:&quot;{score}\\\/{best} - ({count} {votes})&quot;,&quot;font_factor&quot;:&quot;1.25&quot;}'>              <div class=\"kksr-stars\">      <div class=\"kksr-stars-inactive\">             <div class=\"kksr-star\" data-star=\"1\" style=\"padding-right: 5px\">               <div class=\"kksr-icon\" style=\"width: 24px; height: 24px;\"><\/div>         <\/div>             <div class=\"kksr-star\" data-star=\"2\" style=\"padding-right: 5px\">               <div class=\"kksr-icon\" style=\"width: 24px; height: 24px;\"><\/div>         <\/div>             <div class=\"kksr-star\" data-star=\"3\" style=\"padding-right: 5px\">               <div class=\"kksr-icon\" style=\"width: 24px; height: 24px;\"><\/div>         <\/div>             <div class=\"kksr-star\" data-star=\"4\" style=\"padding-right: 5px\">               <div class=\"kksr-icon\" style=\"width: 24px; height: 24px;\"><\/div>         <\/div>             <div class=\"kksr-star\" data-star=\"5\" style=\"padding-right: 5px\">               <div class=\"kksr-icon\" style=\"width: 24px; height: 24px;\"><\/div>         <\/div>     <\/div>      <div class=\"kksr-stars-active\" style=\"width: 136.7px;\">             <div class=\"kksr-star\" style=\"padding-right: 5px\">               <div class=\"kksr-icon\" style=\"width: 24px; height: 24px;\"><\/div>         <\/div>             <div class=\"kksr-star\" style=\"padding-right: 5px\">               <div class=\"kksr-icon\" style=\"width: 24px; height: 24px;\"><\/div>         <\/div>             <div class=\"kksr-star\" style=\"padding-right: 5px\">               <div class=\"kksr-icon\" style=\"width: 24px; height: 24px;\"><\/div>         <\/div>             <div class=\"kksr-star\" style=\"padding-right: 5px\">               <div class=\"kksr-icon\" style=\"width: 24px; height: 24px;\"><\/div>         <\/div>             <div class=\"kksr-star\" style=\"padding-right: 5px\">               <div class=\"kksr-icon\" style=\"width: 24px; height: 24px;\"><\/div>         <\/div>     <\/div> <\/div>                   <div class=\"kksr-legend\" style=\"font-size: 19.2px;\">             4,8\/5 - (13 votos)    <\/div>     <\/div>  <p>A M\u00e1quina Autom\u00e1tica de Divis\u00e3o e Modelagem de Massa pode cortar e moldar eficientemente v\u00e1rios produtos de confeitaria, como p\u00e3o, bolo e p\u00e3es cozidos no vapor. Projetada para versatilidade e precis\u00e3o, esta m\u00e1quina est\u00e1 dispon\u00edvel em dois modelos: el\u00e9trico e pneum\u00e1tico. <\/p>    <p>Ela oferece uma capacidade de 150-200 kg\/h, tornando-a ideal para ambientes que v\u00e3o desde movimentadas f\u00e1bricas de processamento de alimentos de confeitaria at\u00e9 charmosas padarias. <\/p>    <p>Ao automatizar as tarefas de divis\u00e3o e modelagem da massa, nossa m\u00e1quina n\u00e3o apenas reduz significativamente os custos de m\u00e3o de obra e tempo, mas tamb\u00e9m garante que cada bola de massa seja formada de maneira consistente e perfeita.<\/p>    <figure class=\"wp-block-embed is-type-video is-provider-youtube wp-block-embed-youtube wp-embed-aspect-16-9 wp-has-aspect-ratio\"><div class=\"wp-block-embed__wrapper\"> <iframe loading=\"lazy\" title=\"M\u00e1quina Autom\u00e1tica Comercial de Divis\u00e3o e Modelagem de Massa em A\u00e7\u00e3o #processamento de alimentos #m\u00e1quina de alimentos #massa\" width=\"500\" height=\"281\" src=\"https:\/\/www.youtube.com\/embed\/Cj6xAoSfAPg?feature=oembed\" frameborder=\"0\" allow=\"accelerometer; autoplay; clipboard-write; encrypted-media; gyroscope; picture-in-picture; web-share\" referrerpolicy=\"strict-origin-when-cross-origin\" allowfullscreen><\/iframe> <\/div><figcaption class=\"wp-element-caption\">V\u00eddeo de Trabalho da M\u00e1quina Autom\u00e1tica de Divis\u00e3o e Modelagem de Massa<\/figcaption><\/figure>    <h2 class=\"wp-block-heading\">m\u00e1quina comercial de corte de bolinhas de massa para pizza <\/h2>    <p>Nossa m\u00e1quina comercial de corte de bolas de massa para pizza \u00e9 projetada para porcionamento preciso da massa, garantindo peso consistente para cada por\u00e7\u00e3o. Oferecemos dois modelos para atender a diferentes necessidades:<\/p>    <ul class=\"wp-block-list\"> <li>Modelo el\u00e9trico. Oferece precis\u00e3o aprimorada, garantindo porcionamento de massa altamente preciso e consistente.<\/li>    <li>Modelo pneum\u00e1tico. Uma alternativa confi\u00e1vel que fornece porcionamento confi\u00e1vel para requisitos padr\u00e3o.<\/li> <\/ul>    <p>Equipado com um transportador de parafuso, esta m\u00e1quina pode ser personalizada com tr\u00eas tipos diferentes de moldes para acomodar v\u00e1rios tamanhos e formatos de massa. <\/p>    <figure class=\"wp-block-gallery has-nested-images columns-default is-cropped wp-block-gallery-2 is-layout-flex wp-block-gallery-is-layout-flex\"> <figure class=\"wp-block-image size-large\"><img loading=\"lazy\" decoding=\"async\" width=\"720\" height=\"540\" data-id=\"1254\" src=\"https:\/\/topfoodmachine.com\/wp-content\/uploads\/2024\/05\/electric-Dough-Divider-Rounder.webp\" alt=\"Divisor e arredondador de massa el\u00e9trico\" class=\"wp-image-1254\" srcset=\"https:\/\/topfoodmachine.com\/wp-content\/uploads\/2024\/05\/electric-Dough-Divider-Rounder.webp 720w, https:\/\/topfoodmachine.com\/wp-content\/uploads\/2024\/05\/electric-Dough-Divider-Rounder-300x225.webp 300w, https:\/\/topfoodmachine.com\/wp-content\/uploads\/2024\/05\/electric-Dough-Divider-Rounder-16x12.webp 16w\" sizes=\"auto, (max-width: 720px) 100vw, 720px\" \/><figcaption class=\"wp-element-caption\">Divisor e arredondador de massa el\u00e9trico<\/figcaption><\/figure>    <figure class=\"wp-block-image size-large\"><img loading=\"lazy\" decoding=\"async\" width=\"720\" height=\"540\" data-id=\"1255\" src=\"https:\/\/topfoodmachine.com\/wp-content\/uploads\/2024\/05\/pneumatic-pizza-dough-cutting-machine.webp\" alt=\"m\u00e1quina de corte de massa de pizza pneum\u00e1tica\" class=\"wp-image-1255\" srcset=\"https:\/\/topfoodmachine.com\/wp-content\/uploads\/2024\/05\/pneumatic-pizza-dough-cutting-machine.webp 720w, https:\/\/topfoodmachine.com\/wp-content\/uploads\/2024\/05\/pneumatic-pizza-dough-cutting-machine-300x225.webp 300w, https:\/\/topfoodmachine.com\/wp-content\/uploads\/2024\/05\/pneumatic-pizza-dough-cutting-machine-16x12.webp 16w\" sizes=\"auto, (max-width: 720px) 100vw, 720px\" \/><figcaption class=\"wp-element-caption\">m\u00e1quina de corte de massa de pizza pneum\u00e1tica<\/figcaption><\/figure> <\/figure>    <h2 class=\"wp-block-heading\">Ampla aplica\u00e7\u00e3o do divisor e modelador de massa<\/h2>    <p>O divisor e modelador de massa encontra ampla aplica\u00e7\u00e3o em v\u00e1rios ambientes de produ\u00e7\u00e3o de alimentos, particularmente em padarias, confeitarias e cozinhas comerciais. Aqui est\u00e1 o motivo pelo qual \u00e9 t\u00e3o amplamente utilizado:<\/p>    <div class=\"wp-block-media-text is-stacked-on-mobile\"><figure class=\"wp-block-media-text__media\"><img loading=\"lazy\" decoding=\"async\" width=\"720\" height=\"540\" src=\"https:\/\/topfoodmachine.com\/wp-content\/uploads\/2024\/05\/breads.webp\" alt=\"p\u00e3es\" class=\"wp-image-1617 size-full\" srcset=\"https:\/\/topfoodmachine.com\/wp-content\/uploads\/2024\/05\/breads.webp 720w, https:\/\/topfoodmachine.com\/wp-content\/uploads\/2024\/05\/breads-300x225.webp 300w, https:\/\/topfoodmachine.com\/wp-content\/uploads\/2024\/05\/breads-16x12.webp 16w\" sizes=\"auto, (max-width: 720px) 100vw, 720px\" \/><\/figure><div class=\"wp-block-media-text__content\"> <h3 class=\"wp-block-heading\">Padarias<\/h3>    <p class=\"translation-block\"><strong>P\u00e3es e p\u00e3ezinhos<\/strong>. Ideal para dividir e modelar massa para v\u00e1rios tipos de p\u00e3es e p\u00e3ezinhos, como p\u00e3es de hamb\u00farguer, p\u00e3es de cachorro-quente e p\u00e3es de jantar.<\/p>    <p class=\"translation-block\"><strong>Produ\u00e7\u00e3o de p\u00e3o<\/strong>. Usado extensivamente na produ\u00e7\u00e3o de p\u00e3o, garantindo tamanho e peso uniformes das por\u00e7\u00f5es de massa para resultados de cozimento consistentes.<\/p> <\/div><\/div>    <div class=\"wp-block-media-text has-media-on-the-right is-stacked-on-mobile\"><div class=\"wp-block-media-text__content\"> <h3 class=\"wp-block-heading\">Lanchonetes<\/h3>    <p class=\"translation-block\"><strong>P\u00e3es doces e p\u00e3ezinhos de canela<\/strong>. Perfeito para criar por\u00e7\u00f5es uniformes de massa para p\u00e3es doces, p\u00e3ezinhos de canela e outras pastelarias.<\/p>    <p class=\"translation-block\"><strong>Croissants e pastelarias dinamarquesas<\/strong>. Ajuda a dividir e moldar a massa para pastelarias laminadas como croissants e pastelarias dinamarquesas.<\/p> <\/div><figure class=\"wp-block-media-text__media\"><img loading=\"lazy\" decoding=\"async\" width=\"720\" height=\"540\" src=\"https:\/\/topfoodmachine.com\/wp-content\/uploads\/2024\/05\/croissant.webp\" alt=\"croissant\" class=\"wp-image-1614 size-full\" srcset=\"https:\/\/topfoodmachine.com\/wp-content\/uploads\/2024\/05\/croissant.webp 720w, https:\/\/topfoodmachine.com\/wp-content\/uploads\/2024\/05\/croissant-300x225.webp 300w, https:\/\/topfoodmachine.com\/wp-content\/uploads\/2024\/05\/croissant-16x12.webp 16w\" sizes=\"auto, (max-width: 720px) 100vw, 720px\" \/><\/figure><\/div>    <div class=\"wp-block-media-text is-stacked-on-mobile\"><figure class=\"wp-block-media-text__media\"><img loading=\"lazy\" decoding=\"async\" width=\"720\" height=\"540\" src=\"https:\/\/topfoodmachine.com\/wp-content\/uploads\/2024\/05\/pizza.webp\" alt=\"pizza\" class=\"wp-image-1615 size-full\" srcset=\"https:\/\/topfoodmachine.com\/wp-content\/uploads\/2024\/05\/pizza.webp 720w, https:\/\/topfoodmachine.com\/wp-content\/uploads\/2024\/05\/pizza-300x225.webp 300w, https:\/\/topfoodmachine.com\/wp-content\/uploads\/2024\/05\/pizza-16x12.webp 16w\" sizes=\"auto, (max-width: 720px) 100vw, 720px\" \/><\/figure><div class=\"wp-block-media-text__content\"> <h3 class=\"wp-block-heading\">Cozinhas comerciais<\/h3>    <p class=\"translation-block\"><strong>Produ\u00e7\u00e3o de tortilla e p\u00e3o achatado<\/strong>. \u00datil para dividir e modelar massa para tortillas, p\u00e3es achatados e outros produtos semelhantes.<\/p>    <p class=\"translation-block\"><strong>Produ\u00e7\u00e3o de pizza<\/strong>. Usado em pizzarias para dividir e moldar massa para bases de pizza, garantindo consist\u00eancia em tamanho e espessura.<\/p> <\/div><\/div>    <h2 class=\"wp-block-heading\">M\u00e1quina de suporte do divisor e modelador de massa para pizza<\/h2>    <p>Nosso divisor e modelador de massa para pizza combina-se perfeitamente com uma m\u00e1quina de modelagem para elevar a qualidade e a apar\u00eancia de suas por\u00e7\u00f5es de massa. Esta combina\u00e7\u00e3o n\u00e3o apenas garante divis\u00e3o precisa, mas tamb\u00e9m aperfei\u00e7oa o processo de modelagem, resultando em bolas de massa uniformes e esteticamente agrad\u00e1veis.<\/p>    <figure class=\"wp-block-image size-full\"><img loading=\"lazy\" decoding=\"async\" width=\"720\" height=\"540\" src=\"https:\/\/topfoodmachine.com\/wp-content\/uploads\/2024\/05\/commercial-dough-dividing-machine.webp\" alt=\"m\u00e1quina comercial de divis\u00e3o de massa\" class=\"wp-image-1257\" srcset=\"https:\/\/topfoodmachine.com\/wp-content\/uploads\/2024\/05\/commercial-dough-dividing-machine.webp 720w, https:\/\/topfoodmachine.com\/wp-content\/uploads\/2024\/05\/commercial-dough-dividing-machine-300x225.webp 300w, https:\/\/topfoodmachine.com\/wp-content\/uploads\/2024\/05\/commercial-dough-dividing-machine-16x12.webp 16w\" sizes=\"auto, (max-width: 720px) 100vw, 720px\" \/><figcaption class=\"wp-element-caption\">m\u00e1quina comercial de divis\u00e3o de massa<\/figcaption><\/figure>    <h3 class=\"wp-block-heading\"><strong>Principais benef\u00edcios<\/strong><\/h3>    <ul class=\"wp-block-list\"> <li><strong>Divis\u00e3o precisa da massa<\/strong>. Alcan\u00e7a porcionamento preciso da massa para resultados consistentes.<\/li>    <li><strong>Arredondamento perfeito<\/strong>. Melhora a apar\u00eancia de cada bola de massa, tornando-as mais arredondadas e visualmente atraentes.<\/li>    <li><strong>Qualidade consistente<\/strong>. Atende a altos padr\u00f5es de apar\u00eancia e qualidade exigidos por padarias, pizzarias e cozinhas comerciais.<\/li> <\/ul>    <p>Ao integrar nossa m\u00e1quina de modelagem, nosso divisor e modelador de massa para pizza fornece uma solu\u00e7\u00e3o eficiente e confi\u00e1vel para a prepara\u00e7\u00e3o da massa. Esta configura\u00e7\u00e3o simplifica seu processo de produ\u00e7\u00e3o enquanto garante excelente consist\u00eancia e apresenta\u00e7\u00e3o do produto.<\/p>    <figure class=\"wp-block-gallery has-nested-images columns-default is-cropped wp-block-gallery-3 is-layout-flex wp-block-gallery-is-layout-flex\"> <figure class=\"wp-block-image size-large\"><img loading=\"lazy\" decoding=\"async\" width=\"720\" height=\"540\" data-id=\"1262\" src=\"https:\/\/topfoodmachine.com\/wp-content\/uploads\/2024\/05\/dough.webp\" alt=\"massa\" class=\"wp-image-1262\" srcset=\"https:\/\/topfoodmachine.com\/wp-content\/uploads\/2024\/05\/dough.webp 720w, https:\/\/topfoodmachine.com\/wp-content\/uploads\/2024\/05\/dough-300x225.webp 300w, https:\/\/topfoodmachine.com\/wp-content\/uploads\/2024\/05\/dough-16x12.webp 16w\" sizes=\"auto, (max-width: 720px) 100vw, 720px\" \/><figcaption class=\"wp-element-caption\">massa<\/figcaption><\/figure>    <figure class=\"wp-block-image size-full\"><img loading=\"lazy\" decoding=\"async\" width=\"720\" height=\"540\" data-id=\"1264\" src=\"https:\/\/topfoodmachine.com\/wp-content\/uploads\/2024\/05\/pizza-dough-3.webp\" alt=\"massa de pizza\" class=\"wp-image-1264\" srcset=\"https:\/\/topfoodmachine.com\/wp-content\/uploads\/2024\/05\/pizza-dough-3.webp 720w, https:\/\/topfoodmachine.com\/wp-content\/uploads\/2024\/05\/pizza-dough-3-300x225.webp 300w, https:\/\/topfoodmachine.com\/wp-content\/uploads\/2024\/05\/pizza-dough-3-16x12.webp 16w\" sizes=\"auto, (max-width: 720px) 100vw, 720px\" \/><figcaption class=\"wp-element-caption\">massa de pizza<\/figcaption><\/figure> <\/figure>    <h2 class=\"wp-block-heading\">Par\u00e2metros da m\u00e1quina de divis\u00e3o de massa<\/h2>    <figure class=\"wp-block-table\"><table><tbody><tr><td>Tens\u00e3o<\/td><td>220v<\/td><\/tr><tr><td>Poder<\/td><td>400w<\/td><\/tr><tr><td>Tamanho<\/td><td>59*42*64cm<\/td><\/tr><tr><td>Capacidade<\/td><td>150-200kg\/h<\/td><\/tr><\/tbody><\/table><figcaption class=\"wp-element-caption\">par\u00e2metros do Divisor e Modelador de Massa<\/figcaption><\/figure>    <figure class=\"wp-block-image size-full\"><img loading=\"lazy\" decoding=\"async\" width=\"720\" height=\"540\" src=\"https:\/\/topfoodmachine.com\/wp-content\/uploads\/2024\/05\/automatic-dough-dividing-machine.webp\" alt=\"m\u00e1quina autom\u00e1tica de divis\u00e3o de massa\" class=\"wp-image-1256\" srcset=\"https:\/\/topfoodmachine.com\/wp-content\/uploads\/2024\/05\/automatic-dough-dividing-machine.webp 720w, https:\/\/topfoodmachine.com\/wp-content\/uploads\/2024\/05\/automatic-dough-dividing-machine-300x225.webp 300w, https:\/\/topfoodmachine.com\/wp-content\/uploads\/2024\/05\/automatic-dough-dividing-machine-16x12.webp 16w\" sizes=\"auto, (max-width: 720px) 100vw, 720px\" \/><figcaption class=\"wp-element-caption\">m\u00e1quina autom\u00e1tica de divis\u00e3o de massa<\/figcaption><\/figure>    <h2 class=\"wp-block-heading\">Principais vantagens da m\u00e1quina de divis\u00e3o de massa<\/h2>    <ul class=\"wp-block-list\"> <li><strong>Processamento eficiente da massa.<\/strong> Esta m\u00e1quina \u00e9 projetada para processamento \u00f3timo da massa, capaz de lidar com 500 kg de farinha com 350 g de \u00e1gua adicionada, entregando resultados consistentemente excelentes.<\/li>    <li><strong>Tamanho e peso da massa ajust\u00e1veis.<\/strong> Oferece f\u00e1cil ajuste do tamanho e peso das bolas de massa usando diferentes moldes. A faixa de ajuste da massa varia de 0 a 500 g, permitindo opera\u00e7\u00e3o vers\u00e1til e personaliza\u00e7\u00e3o.<\/li>    <li><strong>Alta efici\u00eancia de transmiss\u00e3o e seguran\u00e7a.<\/strong> Com uma estrutura compacta e alta efici\u00eancia de transmiss\u00e3o, a m\u00e1quina incorpora um mecanismo de embreagem mec\u00e2nica na parte quantitativa. Este design melhora a seguran\u00e7a, confiabilidade e simplifica a manuten\u00e7\u00e3o.<\/li> <\/ul>    <figure class=\"wp-block-gallery has-nested-images columns-default is-cropped wp-block-gallery-4 is-layout-flex wp-block-gallery-is-layout-flex\"> <figure class=\"wp-block-image size-large\"><img loading=\"lazy\" decoding=\"async\" width=\"720\" height=\"540\" data-id=\"1258\" src=\"https:\/\/topfoodmachine.com\/wp-content\/uploads\/2024\/05\/details-of-dough-dividing-machine.webp\" alt=\"detalhes da m\u00e1quina de divis\u00e3o de massa\" class=\"wp-image-1258\" srcset=\"https:\/\/topfoodmachine.com\/wp-content\/uploads\/2024\/05\/details-of-dough-dividing-machine.webp 720w, https:\/\/topfoodmachine.com\/wp-content\/uploads\/2024\/05\/details-of-dough-dividing-machine-300x225.webp 300w, https:\/\/topfoodmachine.com\/wp-content\/uploads\/2024\/05\/details-of-dough-dividing-machine-16x12.webp 16w\" sizes=\"auto, (max-width: 720px) 100vw, 720px\" \/><figcaption class=\"wp-element-caption\">detalhes da m\u00e1quina de divis\u00e3o de massa<\/figcaption><\/figure>    <figure class=\"wp-block-image size-large\"><img loading=\"lazy\" decoding=\"async\" width=\"720\" height=\"540\" data-id=\"1259\" src=\"https:\/\/topfoodmachine.com\/wp-content\/uploads\/2024\/05\/dough-divider-rounder-moulds.webp\" alt=\"moldes do divisor e modelador de massa\" class=\"wp-image-1259\" srcset=\"https:\/\/topfoodmachine.com\/wp-content\/uploads\/2024\/05\/dough-divider-rounder-moulds.webp 720w, https:\/\/topfoodmachine.com\/wp-content\/uploads\/2024\/05\/dough-divider-rounder-moulds-300x225.webp 300w, https:\/\/topfoodmachine.com\/wp-content\/uploads\/2024\/05\/dough-divider-rounder-moulds-16x12.webp 16w\" sizes=\"auto, (max-width: 720px) 100vw, 720px\" \/><figcaption class=\"wp-element-caption\">moldes do divisor e modelador de massa<\/figcaption><\/figure> <\/figure>    <h2 class=\"wp-block-heading\">Perguntas frequentes sobre a m\u00e1quina de divis\u00e3o e modelagem de massa<\/h2>   <div id=\"rank-math-faq\" class=\"rank-math-block\"> <div class=\"rank-math-list\"> <div id=\"faq-question-1726638992206\" class=\"rank-math-list-item\"> <h3 class=\"rank-math-question\"><strong>Qual \u00e9 a diferen\u00e7a entre os modelos el\u00e9trico e pneum\u00e1tico?<\/strong><\/h3> <div class=\"rank-math-answer\">  <p>O modelo el\u00e9trico oferece maior precis\u00e3o no porcionamento da massa em compara\u00e7\u00e3o com o modelo pneum\u00e1tico. Ambos os modelos s\u00e3o projetados para atender a diferentes necessidades e ambientes operacionais.<\/p>  <\/div> <\/div> <div id=\"faq-question-1726639029577\" class=\"rank-math-list-item\"> <h3 class=\"rank-math-question\">A m\u00e1quina pode ser ajustada para diferentes tamanhos e pesos de massa?<\/h3> <div class=\"rank-math-answer\">  <p>Sim, a m\u00e1quina pode ser equipada com diferentes moldes para acomodar v\u00e1rios tamanhos e formatos de massa, garantindo flexibilidade na produ\u00e7\u00e3o.<\/p>  <\/div> <\/div> <div id=\"faq-question-1726639056590\" class=\"rank-math-list-item\"> <h3 class=\"rank-math-question\">Existem op\u00e7\u00f5es de personaliza\u00e7\u00e3o dispon\u00edveis?<\/h3> <div class=\"rank-math-answer\">  <p>Sim, oferecemos v\u00e1rias op\u00e7\u00f5es de personaliza\u00e7\u00e3o, incluindo diferentes tipos e tamanhos de moldes, para atender a requisitos e prefer\u00eancias espec\u00edficas de produ\u00e7\u00e3o.<\/p>  <\/div> <\/div> <div id=\"faq-question-1726639122900\" class=\"rank-math-list-item\"> <h3 class=\"rank-math-question\">Qual \u00e9 o pre\u00e7o da m\u00e1quina autom\u00e1tica de divis\u00e3o e modelagem de massa?<\/h3> <div class=\"rank-math-answer\">  <p>O pre\u00e7o da M\u00e1quina Autom\u00e1tica Divisora e Arredondadora de Massa varia dependendo do modelo (el\u00e9trico ou pneum\u00e1tico), capacidade e op\u00e7\u00f5es de personaliza\u00e7\u00e3o. <br \/>Para um or\u00e7amento detalhado, entre em contato diretamente conosco com seus requisitos espec\u00edficos. Oferecemos pre\u00e7os competitivos e podemos fornecer descontos para pedidos em grande quantidade ou parcerias de longo prazo.<\/p>  <\/div> <\/div> <\/div> <\/div>   <h2 class=\"wp-block-heading\">Porque escolher-nos?<\/h2>    <p>Escolher nossa M\u00e1quina Autom\u00e1tica de Divis\u00e3o e Modelagem de Massa vem com o benef\u00edcio adicional de se associar a uma empresa renomada por suas for\u00e7as e servi\u00e7o excepcional.<\/p>    <div class=\"wp-block-media-text is-stacked-on-mobile\"><figure class=\"wp-block-media-text__media\"><img loading=\"lazy\" decoding=\"async\" width=\"720\" height=\"540\" src=\"https:\/\/topfoodmachine.com\/wp-content\/uploads\/2024\/05\/dough-divider-rounder-supplier.webp\" alt=\"fornecedor de divisor e modelador de massa\" class=\"wp-image-1260 size-full\" srcset=\"https:\/\/topfoodmachine.com\/wp-content\/uploads\/2024\/05\/dough-divider-rounder-supplier.webp 720w, https:\/\/topfoodmachine.com\/wp-content\/uploads\/2024\/05\/dough-divider-rounder-supplier-300x225.webp 300w, https:\/\/topfoodmachine.com\/wp-content\/uploads\/2024\/05\/dough-divider-rounder-supplier-16x12.webp 16w\" sizes=\"auto, (max-width: 720px) 100vw, 720px\" \/><\/figure><div class=\"wp-block-media-text__content\"> <ul class=\"wp-block-list\"> <li><strong>Log\u00edstica r\u00e1pida.<\/strong> Garantimos entrega r\u00e1pida de sua maquinaria, minimizando o tempo de inatividade e mantendo sua produ\u00e7\u00e3o dentro do cronograma.<\/li>    <li><strong>Excelente atendimento ao cliente.<\/strong> Nossa equipe de suporte dedicada est\u00e1 comprometida em fornecer assist\u00eancia amig\u00e1vel e experiente, desde a instala\u00e7\u00e3o at\u00e9 a manuten\u00e7\u00e3o cont\u00ednua.<\/li>    <li><strong>Forte hist\u00f3rico da empresa.<\/strong> Com anos de experi\u00eancia na ind\u00fastria e uma s\u00f3lida reputa\u00e7\u00e3o, oferecemos equipamentos confi\u00e1veis e de alta qualidade que atendem aos mais altos padr\u00f5es.<\/li> <\/ul> <\/div><\/div>    <p>Ao nos escolher, voc\u00ea se beneficia n\u00e3o apenas de equipamentos de primeira linha, mas tamb\u00e9m de um parceiro confi\u00e1vel dedicado a apoiar seu sucesso.<\/p>    <h2 class=\"wp-block-heading\">Conclus\u00e3o<\/h2>    <p class=\"translation-block\">Em conclus\u00e3o, a M\u00e1quina Autom\u00e1tica <a href=\"https:\/\/en.wikipedia.org\/wiki\/Dough\" data-type=\"link\" data-id=\"https:\/\/en.wikipedia.org\/wiki\/Dough\" target=\"_blank\" rel=\"noopener\">Massa<\/a> Divisora e Modeladora oferece efici\u00eancia e precis\u00e3o excepcionais para suas necessidades de processamento de massa, entregando bolas de massa consistentes e perfeitamente formadas a cada vez. <\/p>    <figure class=\"wp-block-image size-full\"><img loading=\"lazy\" decoding=\"async\" width=\"720\" height=\"540\" src=\"https:\/\/topfoodmachine.com\/wp-content\/uploads\/2024\/05\/Noodle-maker-machine.webp\" alt=\"M\u00e1quina de fazer macarr\u00e3o\" class=\"wp-image-1305\" srcset=\"https:\/\/topfoodmachine.com\/wp-content\/uploads\/2024\/05\/Noodle-maker-machine.webp 720w, https:\/\/topfoodmachine.com\/wp-content\/uploads\/2024\/05\/Noodle-maker-machine-300x225.webp 300w, https:\/\/topfoodmachine.com\/wp-content\/uploads\/2024\/05\/Noodle-maker-machine-16x12.webp 16w\" sizes=\"auto, (max-width: 720px) 100vw, 720px\" \/><figcaption class=\"wp-element-caption\">M\u00e1quina de fazer macarr\u00e3o<\/figcaption><\/figure>    <p class=\"translation-block\">Para aqueles que procuram expandir suas capacidades de produ\u00e7\u00e3o, nossa empresa tamb\u00e9m oferece uma variedade de outras m\u00e1quinas de massa, incluindo <a href=\"https:\/\/topfoodmachine.com\/pt\/product\/noodle-maker-machine\/\" data-type=\"link\" data-id=\"https:\/\/topfoodmachine.com\/product\/noodle-maker-machine\/\">m\u00e1quinas de fazer macarr\u00e3o<\/a> para atender a v\u00e1rias exig\u00eancias culin\u00e1rias. Explore nossa linha completa para encontrar o equipamento perfeito para aprimorar seu processo de produ\u00e7\u00e3o.<\/p>","protected":false},"excerpt":{"rendered":"<p>A M\u00e1quina Autom\u00e1tica de Divis\u00e3o e Modelagem de Massa pode cortar e moldar eficientemente v\u00e1rios produtos de pastelaria, como p\u00e3o, bolo e p\u00e3es cozidos no vapor.<\/p>","protected":false},"author":1,"featured_media":1266,"parent":0,"template":"","tags":[82,24,83],"product-type":[6],"class_list":["post-1253","product","type-product","status-publish","has-post-thumbnail","hentry","tag-dough","tag-dough-divider-rounder","tag-dough-divider-rounder-machine","product-type-pastry-production-machine"],"_links":{"self":[{"href":"https:\/\/topfoodmachine.com\/pt\/wp-json\/wp\/v2\/product\/1253","targetHints":{"allow":["GET"]}}],"collection":[{"href":"https:\/\/topfoodmachine.com\/pt\/wp-json\/wp\/v2\/product"}],"about":[{"href":"https:\/\/topfoodmachine.com\/pt\/wp-json\/wp\/v2\/types\/product"}],"author":[{"embeddable":true,"href":"https:\/\/topfoodmachine.com\/pt\/wp-json\/wp\/v2\/users\/1"}],"wp:featuredmedia":[{"embeddable":true,"href":"https:\/\/topfoodmachine.com\/pt\/wp-json\/wp\/v2\/media\/1266"}],"wp:attachment":[{"href":"https:\/\/topfoodmachine.com\/pt\/wp-json\/wp\/v2\/media?parent=1253"}],"wp:term":[{"taxonomy":"post_tag","embeddable":true,"href":"https:\/\/topfoodmachine.com\/pt\/wp-json\/wp\/v2\/tags?post=1253"},{"taxonomy":"product-type","embeddable":true,"href":"https:\/\/topfoodmachine.com\/pt\/wp-json\/wp\/v2\/product-type?post=1253"}],"curies":[{"name":"wp","href":"https:\/\/api.w.org\/{rel}","templated":true}]}}