{"id":1235,"date":"2024-04-29T14:29:18","date_gmt":"2024-04-29T06:29:18","guid":{"rendered":"https:\/\/topfoodmachine.com\/?post_type=product&#038;p=1235"},"modified":"2024-04-29T14:29:19","modified_gmt":"2024-04-29T06:29:19","slug":"cookie-making-machine","status":"publish","type":"product","link":"https:\/\/topfoodmachine.com\/pt\/product\/cookie-making-machine\/","title":{"rendered":"M\u00e1quina de fazer biscoitos\uff5cDep\u00f3sito de biscoitos"},"content":{"rendered":"<div class=\"kk-star-ratings kksr-auto kksr-align-left kksr-valign-top\"     data-payload='{&quot;align&quot;:&quot;left&quot;,&quot;id&quot;:&quot;1235&quot;,&quot;slug&quot;:&quot;default&quot;,&quot;valign&quot;:&quot;top&quot;,&quot;ignore&quot;:&quot;&quot;,&quot;reference&quot;:&quot;auto&quot;,&quot;class&quot;:&quot;&quot;,&quot;count&quot;:&quot;25&quot;,&quot;legendonly&quot;:&quot;&quot;,&quot;readonly&quot;:&quot;&quot;,&quot;score&quot;:&quot;4.5&quot;,&quot;starsonly&quot;:&quot;&quot;,&quot;best&quot;:&quot;5&quot;,&quot;gap&quot;:&quot;5&quot;,&quot;greet&quot;:&quot;Rate this product&quot;,&quot;legend&quot;:&quot;4.5\\\/5 - (25 votes)&quot;,&quot;size&quot;:&quot;24&quot;,&quot;title&quot;:&quot;Cookie making machine\uff5cBiscuit depositor&quot;,&quot;width&quot;:&quot;128&quot;,&quot;_legend&quot;:&quot;{score}\\\/{best} - ({count} {votes})&quot;,&quot;font_factor&quot;:&quot;1.25&quot;}'>              <div class=\"kksr-stars\">      <div class=\"kksr-stars-inactive\">             <div class=\"kksr-star\" data-star=\"1\" style=\"padding-right: 5px\">               <div class=\"kksr-icon\" style=\"width: 24px; height: 24px;\"><\/div>         <\/div>             <div class=\"kksr-star\" data-star=\"2\" style=\"padding-right: 5px\">               <div class=\"kksr-icon\" style=\"width: 24px; height: 24px;\"><\/div>         <\/div>             <div class=\"kksr-star\" data-star=\"3\" style=\"padding-right: 5px\">               <div class=\"kksr-icon\" style=\"width: 24px; height: 24px;\"><\/div>         <\/div>             <div class=\"kksr-star\" data-star=\"4\" style=\"padding-right: 5px\">               <div class=\"kksr-icon\" style=\"width: 24px; height: 24px;\"><\/div>         <\/div>             <div class=\"kksr-star\" data-star=\"5\" style=\"padding-right: 5px\">               <div class=\"kksr-icon\" style=\"width: 24px; height: 24px;\"><\/div>         <\/div>     <\/div>      <div class=\"kksr-stars-active\" style=\"width: 128px;\">             <div class=\"kksr-star\" style=\"padding-right: 5px\">               <div class=\"kksr-icon\" style=\"width: 24px; height: 24px;\"><\/div>         <\/div>             <div class=\"kksr-star\" style=\"padding-right: 5px\">               <div class=\"kksr-icon\" style=\"width: 24px; height: 24px;\"><\/div>         <\/div>             <div class=\"kksr-star\" style=\"padding-right: 5px\">               <div class=\"kksr-icon\" style=\"width: 24px; height: 24px;\"><\/div>         <\/div>             <div class=\"kksr-star\" style=\"padding-right: 5px\">               <div class=\"kksr-icon\" style=\"width: 24px; height: 24px;\"><\/div>         <\/div>             <div class=\"kksr-star\" style=\"padding-right: 5px\">               <div class=\"kksr-icon\" style=\"width: 24px; height: 24px;\"><\/div>         <\/div>     <\/div> <\/div>                   <div class=\"kksr-legend\" style=\"font-size: 19.2px;\">             4,5\/5 - (25 votos)    <\/div>     <\/div>  <p>A M\u00e1quina de Fazer Biscoitos \u00e9 um dispositivo \u00fanico que extruda massa em v\u00e1rias formas para produzir biscoitos. Ao simplesmente trocar diferentes moldes, esta m\u00e1quina pode criar biscoitos de diferentes formas, dando-lhes apar\u00eancias \u00fanicas e atraentes. Os biscoitos feitos pela M\u00e1quina de Fazer Biscoitos t\u00eam formas especiais, padr\u00f5es limpos e designs bonitos.<\/p>    <p>Al\u00e9m disso, a M\u00e1quina de Fazer Biscoitos pode ser emparelhada com um forno para assar os biscoitos ap\u00f3s serem moldados. Esta linha de produ\u00e7\u00e3o completa aumenta significativamente a efici\u00eancia da produ\u00e7\u00e3o de biscoitos.<\/p>    <p>Compacta e automatizada, a M\u00e1quina de Fazer Biscoitos \u00e9 adequada tanto para pequenas quanto para grandes f\u00e1bricas de biscoitos. Ela oferece versatilidade e efici\u00eancia, tornando-se a escolha perfeita para produzir uma ampla variedade de biscoitos deliciosos.<\/p>    <figure class=\"wp-block-gallery has-nested-images columns-default is-cropped wp-block-gallery-2 is-layout-flex wp-block-gallery-is-layout-flex\"> <figure class=\"wp-block-image size-full\"><img loading=\"lazy\" decoding=\"async\" width=\"720\" height=\"540\" data-id=\"1237\" src=\"https:\/\/topfoodmachine.com\/wp-content\/uploads\/2024\/04\/automatic-Cookie-making-machine.webp\" alt=\"m\u00e1quina autom\u00e1tica de fazer biscoitos\" class=\"wp-image-1237\" srcset=\"https:\/\/topfoodmachine.com\/wp-content\/uploads\/2024\/04\/automatic-Cookie-making-machine.webp 720w, https:\/\/topfoodmachine.com\/wp-content\/uploads\/2024\/04\/automatic-Cookie-making-machine-300x225.webp 300w, https:\/\/topfoodmachine.com\/wp-content\/uploads\/2024\/04\/automatic-Cookie-making-machine-16x12.webp 16w\" sizes=\"auto, (max-width: 720px) 100vw, 720px\" \/><figcaption class=\"wp-element-caption\">m\u00e1quina autom\u00e1tica de fazer biscoitos<\/figcaption><\/figure>    <figure class=\"wp-block-image size-full\"><img loading=\"lazy\" decoding=\"async\" width=\"720\" height=\"540\" data-id=\"1246\" src=\"https:\/\/topfoodmachine.com\/wp-content\/uploads\/2024\/04\/effective-Cookie-making-machine.webp\" alt=\"m\u00e1quina eficaz de fazer biscoitos\" class=\"wp-image-1246\" srcset=\"https:\/\/topfoodmachine.com\/wp-content\/uploads\/2024\/04\/effective-Cookie-making-machine.webp 720w, https:\/\/topfoodmachine.com\/wp-content\/uploads\/2024\/04\/effective-Cookie-making-machine-300x225.webp 300w, https:\/\/topfoodmachine.com\/wp-content\/uploads\/2024\/04\/effective-Cookie-making-machine-16x12.webp 16w\" sizes=\"auto, (max-width: 720px) 100vw, 720px\" \/><figcaption class=\"wp-element-caption\">m\u00e1quina eficaz de fazer biscoitos<\/figcaption><\/figure> <\/figure>    <h2 class=\"wp-block-heading\">Diferentes tipos de m\u00e1quinas de fazer biscoitos<\/h2>    <p>No campo da produ\u00e7\u00e3o de biscoitos, oferecemos tr\u00eas tipos diferentes de m\u00e1quinas para fazer biscoitos: modelo PLC, modelo mec\u00e2nico e modelo manual. Essas m\u00e1quinas podem ajud\u00e1-lo a produzir biscoitos de v\u00e1rias formas, apar\u00eancia bonita e sabor rico para atender \u00e0s necessidades de diferentes clientes. Vamos dar uma olhada nas caracter\u00edsticas e vantagens de cada tipo de m\u00e1quina de fazer biscoitos.<\/p>    <h3 class=\"wp-block-heading\">1. <strong>Modelo PLC<\/strong> M\u00e1quina de Biscoitos: <\/h3>    <figure class=\"wp-block-image size-full\"><img loading=\"lazy\" decoding=\"async\" width=\"720\" height=\"540\" src=\"https:\/\/topfoodmachine.com\/wp-content\/uploads\/2024\/04\/PLC-Model-Cookie-Machine.webp\" alt=\"M\u00e1quina de Biscoitos Modelo PLC\" class=\"wp-image-1238\" srcset=\"https:\/\/topfoodmachine.com\/wp-content\/uploads\/2024\/04\/PLC-Model-Cookie-Machine.webp 720w, https:\/\/topfoodmachine.com\/wp-content\/uploads\/2024\/04\/PLC-Model-Cookie-Machine-300x225.webp 300w, https:\/\/topfoodmachine.com\/wp-content\/uploads\/2024\/04\/PLC-Model-Cookie-Machine-16x12.webp 16w\" sizes=\"auto, (max-width: 720px) 100vw, 720px\" \/><figcaption class=\"wp-element-caption\">M\u00e1quina de Biscoitos Modelo PLC<\/figcaption><\/figure>    <p>Entre nossa gama de m\u00e1quinas para fazer biscoitos, o modelo PLC se destaca como uma das op\u00e7\u00f5es mais avan\u00e7adas dispon\u00edveis. Este modelo \u00e9 capaz de produzir biscoitos macios e duros. Biscoitos macios s\u00e3o feitos extrudindo a massa atrav\u00e9s de rolos, enquanto biscoitos duros s\u00e3o cortados com um cortador de fio. <\/p>    <p>Equipado com uma tela PLC avan\u00e7ada, esta m\u00e1quina permite controle preciso sobre o volume de extrus\u00e3o, m\u00e9todo de tor\u00e7\u00e3o, velocidade e mais, garantindo formas e qualidade consistentes dos biscoitos.<\/p>    <h3 class=\"wp-block-heading\">2. <strong>Modelo Mec\u00e2nico<\/strong> Fabricante de Biscoitos: <\/h3>    <figure class=\"wp-block-image size-full\"><img loading=\"lazy\" decoding=\"async\" width=\"720\" height=\"540\" src=\"https:\/\/topfoodmachine.com\/wp-content\/uploads\/2024\/04\/Mechanical-Model-Biscuit-Maker.webp\" alt=\"M\u00e1quina de Biscoitos Modelo Mec\u00e2nico\" class=\"wp-image-1239\" srcset=\"https:\/\/topfoodmachine.com\/wp-content\/uploads\/2024\/04\/Mechanical-Model-Biscuit-Maker.webp 720w, https:\/\/topfoodmachine.com\/wp-content\/uploads\/2024\/04\/Mechanical-Model-Biscuit-Maker-300x225.webp 300w, https:\/\/topfoodmachine.com\/wp-content\/uploads\/2024\/04\/Mechanical-Model-Biscuit-Maker-16x12.webp 16w\" sizes=\"auto, (max-width: 720px) 100vw, 720px\" \/><figcaption class=\"wp-element-caption\">M\u00e1quina de Biscoitos Modelo Mec\u00e2nico<\/figcaption><\/figure>    <p>Al\u00e9m do modelo PLC, tamb\u00e9m oferecemos um modelo mec\u00e2nico de m\u00e1quina de fazer biscoitos. A principal diferen\u00e7a est\u00e1 no sistema de controle. Ao contr\u00e1rio do modelo PLC, o modelo mec\u00e2nico n\u00e3o possui uma tela para controle. <\/p>    <p>Ajustes precisam ser feitos manualmente, o que pode ser um pouco menos conveniente e preciso em compara\u00e7\u00e3o com o modelo PLC. No entanto, ainda oferece desempenho confi\u00e1vel e \u00e9 adequado para produ\u00e7\u00e3o em menor escala.<\/p>    <h3 class=\"wp-block-heading\">3. <strong>Modelo Manual<\/strong> M\u00e1quina de Fazer Biscoitos: <\/h3>    <figure class=\"wp-block-image size-full\"><img loading=\"lazy\" decoding=\"async\" width=\"720\" height=\"540\" src=\"https:\/\/topfoodmachine.com\/wp-content\/uploads\/2024\/04\/Manual-Model-Cookie-Making-Machine.webp\" alt=\"M\u00e1quina de Fazer Biscoitos Modelo Manual\" class=\"wp-image-1240\" srcset=\"https:\/\/topfoodmachine.com\/wp-content\/uploads\/2024\/04\/Manual-Model-Cookie-Making-Machine.webp 720w, https:\/\/topfoodmachine.com\/wp-content\/uploads\/2024\/04\/Manual-Model-Cookie-Making-Machine-300x225.webp 300w, https:\/\/topfoodmachine.com\/wp-content\/uploads\/2024\/04\/Manual-Model-Cookie-Making-Machine-16x12.webp 16w\" sizes=\"auto, (max-width: 720px) 100vw, 720px\" \/><figcaption class=\"wp-element-caption\">M\u00e1quina de Fazer Biscoitos Modelo Manual<\/figcaption><\/figure>    <p>Al\u00e9m dos modelos autom\u00e1ticos PLC e mec\u00e2nico, tamb\u00e9m oferecemos um modelo manual de m\u00e1quina de fazer biscoitos. Esta m\u00e1quina semi-autom\u00e1tica possui um pedal para extrus\u00e3o e requer opera\u00e7\u00e3o manual para avan\u00e7o e recupera\u00e7\u00e3o da bandeja. <\/p>    <p>Equipado com um bico de extrus\u00e3o de cobre e outros componentes feitos de a\u00e7o inoxid\u00e1vel 201, esta m\u00e1quina oferece funcionalidade b\u00e1sica para fazer biscoitos. Al\u00e9m disso, vem com 27 conjuntos de bicos intercambi\u00e1veis, permitindo que os clientes escolham de acordo com suas necessidades espec\u00edficas.<\/p>    <p>Se voc\u00ea precisa do controle preciso oferecido pelo modelo PLC, da confiabilidade mec\u00e2nica do modelo mec\u00e2nico ou da funcionalidade b\u00e1sica fornecida pelo modelo manual, nossa gama de m\u00e1quinas para fazer biscoitos atende a v\u00e1rias necessidades e prefer\u00eancias de produ\u00e7\u00e3o.<\/p>    <h2 class=\"wp-block-heading\">Principais caracter\u00edsticas da m\u00e1quina de biscoitos<\/h2>    <figure class=\"wp-block-image size-full\"><img loading=\"lazy\" decoding=\"async\" width=\"720\" height=\"540\" src=\"https:\/\/topfoodmachine.com\/wp-content\/uploads\/2024\/04\/Biscuit-depositor-for-sale.webp\" alt=\"depositor de biscoitos \u00e0 venda\" class=\"wp-image-1241\" srcset=\"https:\/\/topfoodmachine.com\/wp-content\/uploads\/2024\/04\/Biscuit-depositor-for-sale.webp 720w, https:\/\/topfoodmachine.com\/wp-content\/uploads\/2024\/04\/Biscuit-depositor-for-sale-300x225.webp 300w, https:\/\/topfoodmachine.com\/wp-content\/uploads\/2024\/04\/Biscuit-depositor-for-sale-16x12.webp 16w\" sizes=\"auto, (max-width: 720px) 100vw, 720px\" \/><figcaption class=\"wp-element-caption\">depositor de biscoitos \u00e0 venda<\/figcaption><\/figure>    <p>A m\u00e1quina formadora de biscoitos \u00e9 projetada para facilidade de opera\u00e7\u00e3o, exigindo apenas uma pessoa para controlar todo o processo. Sua ampla gama de aplica\u00e7\u00f5es a torna incrivelmente vers\u00e1til. Ela pode produzir eficientemente v\u00e1rios tipos de biscoitos, incluindo biscoitos Jenny, biscoitos tradicionais, bolos inteiros, macarons, puffs, palitos de gergelim, bolos de algas, bolos de gergelim, bolos de gema de ovo e muito mais.<\/p>    <p>Equipado com um sistema de controle PLC de motor servo avan\u00e7ado, o depositador de biscoitos garante sa\u00edda de produto precisa e consistente. Cada extrusora de massa produz biscoitos do mesmo tamanho e forma, garantindo uniformidade e qualidade em todos os lotes.<\/p>    <p>Esta m\u00e1quina possui tecnologia avan\u00e7ada, oferecendo controle de peso preciso, opera\u00e7\u00e3o simplificada e um pre\u00e7o competitivo. Al\u00e9m disso, pode ser integrada perfeitamente em uma linha de produ\u00e7\u00e3o de biscoitos, trabalhando em conjunto com um misturador de massa, m\u00e1quina de assar e outros equipamentos para otimizar o processo de produ\u00e7\u00e3o.<\/p>    <h2 class=\"wp-block-heading\">Um caso de sucesso da m\u00e1quina de modelagem de biscoitos<\/h2>    <figure class=\"wp-block-gallery has-nested-images columns-default is-cropped wp-block-gallery-3 is-layout-flex wp-block-gallery-is-layout-flex\"> <figure class=\"wp-block-image size-large\"><img loading=\"lazy\" decoding=\"async\" width=\"720\" height=\"540\" data-id=\"1242\" src=\"https:\/\/topfoodmachine.com\/wp-content\/uploads\/2024\/04\/Biscuit-depositor-with-good-price.webp\" alt=\"depositor de biscoitos com bom pre\u00e7o\" class=\"wp-image-1242\" srcset=\"https:\/\/topfoodmachine.com\/wp-content\/uploads\/2024\/04\/Biscuit-depositor-with-good-price.webp 720w, https:\/\/topfoodmachine.com\/wp-content\/uploads\/2024\/04\/Biscuit-depositor-with-good-price-300x225.webp 300w, https:\/\/topfoodmachine.com\/wp-content\/uploads\/2024\/04\/Biscuit-depositor-with-good-price-16x12.webp 16w\" sizes=\"auto, (max-width: 720px) 100vw, 720px\" \/><figcaption class=\"wp-element-caption\">depositor de biscoitos com bom pre\u00e7o<\/figcaption><\/figure>    <figure class=\"wp-block-image size-large\"><img loading=\"lazy\" decoding=\"async\" width=\"720\" height=\"540\" data-id=\"1243\" src=\"https:\/\/topfoodmachine.com\/wp-content\/uploads\/2024\/04\/Cookie-making-machine-for-business.webp\" alt=\"m\u00e1quina de fazer biscoitos para neg\u00f3cios\" class=\"wp-image-1243\" srcset=\"https:\/\/topfoodmachine.com\/wp-content\/uploads\/2024\/04\/Cookie-making-machine-for-business.webp 720w, https:\/\/topfoodmachine.com\/wp-content\/uploads\/2024\/04\/Cookie-making-machine-for-business-300x225.webp 300w, https:\/\/topfoodmachine.com\/wp-content\/uploads\/2024\/04\/Cookie-making-machine-for-business-16x12.webp 16w\" sizes=\"auto, (max-width: 720px) 100vw, 720px\" \/><figcaption class=\"wp-element-caption\">m\u00e1quina de fazer biscoitos para neg\u00f3cios<\/figcaption><\/figure> <\/figure>    <p class=\"translation-block\">Recentemente complet\u00e1mos um caso de sucesso da nossa <a href=\"https:\/\/en.wikipedia.org\/wiki\/Cookie\" data-type=\"link\" data-id=\"https:\/\/en.wikipedia.org\/wiki\/Cookie\" target=\"_blank\" rel=\"noopener\">m\u00e1quina de formar biscoitos<\/a> nos Estados Unidos. O nosso cliente, uma nova empresa de fabrica\u00e7\u00e3o de biscoitos, precisava de uma m\u00e1quina eficiente capaz de produzir v\u00e1rios tipos de biscoitos. Recomend\u00e1mos a nossa m\u00e1quina de formar biscoitos, conhecida pela sua facilidade de opera\u00e7\u00e3o e versatilidade. <\/p>    <p>Equipado com um sistema de controle PLC de motor servo avan\u00e7ado, nossa m\u00e1quina garante controle preciso de peso e qualidade consistente do produto. O cliente ficou extremamente satisfeito com o desempenho da m\u00e1quina, que melhorou significativamente sua efici\u00eancia de produ\u00e7\u00e3o e qualidade do produto. <\/p>    <p>Este caso de sucesso demonstra ainda mais a experi\u00eancia da nossa empresa em equipamentos de produ\u00e7\u00e3o de biscoitos e fortalece nossa posi\u00e7\u00e3o no mercado dos EUA.<\/p>    <figure class=\"wp-block-image size-full\"><img loading=\"lazy\" decoding=\"async\" width=\"720\" height=\"540\" src=\"https:\/\/topfoodmachine.com\/wp-content\/uploads\/2024\/04\/cookies.webp\" alt=\"biscoitos\" class=\"wp-image-1245\" srcset=\"https:\/\/topfoodmachine.com\/wp-content\/uploads\/2024\/04\/cookies.webp 720w, https:\/\/topfoodmachine.com\/wp-content\/uploads\/2024\/04\/cookies-300x225.webp 300w, https:\/\/topfoodmachine.com\/wp-content\/uploads\/2024\/04\/cookies-16x12.webp 16w\" sizes=\"auto, (max-width: 720px) 100vw, 720px\" \/><figcaption class=\"wp-element-caption\">biscoitos<\/figcaption><\/figure>    <h2 class=\"wp-block-heading\">Par\u00e2metros do dep\u00f3sito de biscoitos<\/h2>    <figure class=\"wp-block-table\"><table><tbody><tr><td>Modelo<\/td><td>TZ-400<\/td><\/tr><tr><td>Poder<\/td><td>1,5 kW<\/td><\/tr><tr><td>Press\u00e3o de ar<\/td><td>5-6kg\/m\u00b3<\/td><\/tr><tr><td>Tens\u00e3o<\/td><td>220V\/50HZ<\/td><\/tr><tr><td>Capacidade<\/td><td>100-180kg\/h<\/td><\/tr><tr><td>tamanho da forma de assar<\/td><td>600*400mm<\/td><\/tr><tr><td>tamanho do equipamento<\/td><td>1460*960*1240mm<\/td><\/tr><tr><td>Peso<\/td><td>500KG<\/td><\/tr><\/tbody><\/table><figcaption class=\"wp-element-caption\">par\u00e2metros da m\u00e1quina de fazer biscoitos<\/figcaption><\/figure>    <h2 class=\"wp-block-heading\">Invista em nossa m\u00e1quina de fazer biscoitos<\/h2>    <figure class=\"wp-block-image size-full\"><img loading=\"lazy\" decoding=\"async\" width=\"720\" height=\"540\" src=\"https:\/\/topfoodmachine.com\/wp-content\/uploads\/2024\/04\/high-quality-Cookie-making-machine.webp\" alt=\"m\u00e1quina de fazer biscoitos de alta qualidade\" class=\"wp-image-1244\" srcset=\"https:\/\/topfoodmachine.com\/wp-content\/uploads\/2024\/04\/high-quality-Cookie-making-machine.webp 720w, https:\/\/topfoodmachine.com\/wp-content\/uploads\/2024\/04\/high-quality-Cookie-making-machine-300x225.webp 300w, https:\/\/topfoodmachine.com\/wp-content\/uploads\/2024\/04\/high-quality-Cookie-making-machine-16x12.webp 16w\" sizes=\"auto, (max-width: 720px) 100vw, 720px\" \/><figcaption class=\"wp-element-caption\">m\u00e1quina de fazer biscoitos de alta qualidade<\/figcaption><\/figure>    <p>Ao introduzir nossa m\u00e1quina de fazer biscoitos, voc\u00ea n\u00e3o apenas aumenta a efici\u00eancia da produ\u00e7\u00e3o, mas tamb\u00e9m reduz os custos de produ\u00e7\u00e3o enquanto melhora a qualidade do produto. Estamos comprometidos em fornecer a voc\u00ea a tecnologia e os equipamentos mais avan\u00e7ados para atender \u00e0s demandas de um mercado em constante mudan\u00e7a. <\/p>    <p>Escolha nossa m\u00e1quina de fazer biscoitos para tornar seu processo de produ\u00e7\u00e3o de biscoitos mais inteligente, eficiente e sustent\u00e1vel, mantendo assim uma posi\u00e7\u00e3o de lideran\u00e7a no mercado competitivo. Entre em contato conosco agora para saber mais sobre como nossa m\u00e1quina de fazer biscoitos pode ajud\u00e1-lo a elevar seu n\u00edvel de produ\u00e7\u00e3o!<\/p>","protected":false},"excerpt":{"rendered":"<p>A M\u00e1quina de Fazer Biscoitos \u00e9 um dispositivo \u00fanico que extruda massa em v\u00e1rias formas para produzir biscoitos.<\/p>","protected":false},"author":1,"featured_media":1236,"parent":0,"template":"","tags":[],"product-type":[6],"class_list":["post-1235","product","type-product","status-publish","has-post-thumbnail","hentry","product-type-pastry-production-machine"],"_links":{"self":[{"href":"https:\/\/topfoodmachine.com\/pt\/wp-json\/wp\/v2\/product\/1235","targetHints":{"allow":["GET"]}}],"collection":[{"href":"https:\/\/topfoodmachine.com\/pt\/wp-json\/wp\/v2\/product"}],"about":[{"href":"https:\/\/topfoodmachine.com\/pt\/wp-json\/wp\/v2\/types\/product"}],"author":[{"embeddable":true,"href":"https:\/\/topfoodmachine.com\/pt\/wp-json\/wp\/v2\/users\/1"}],"wp:featuredmedia":[{"embeddable":true,"href":"https:\/\/topfoodmachine.com\/pt\/wp-json\/wp\/v2\/media\/1236"}],"wp:attachment":[{"href":"https:\/\/topfoodmachine.com\/pt\/wp-json\/wp\/v2\/media?parent=1235"}],"wp:term":[{"taxonomy":"post_tag","embeddable":true,"href":"https:\/\/topfoodmachine.com\/pt\/wp-json\/wp\/v2\/tags?post=1235"},{"taxonomy":"product-type","embeddable":true,"href":"https:\/\/topfoodmachine.com\/pt\/wp-json\/wp\/v2\/product-type?post=1235"}],"curies":[{"name":"wp","href":"https:\/\/api.w.org\/{rel}","templated":true}]}}