{"id":1223,"date":"2024-04-29T09:19:31","date_gmt":"2024-04-29T01:19:31","guid":{"rendered":"https:\/\/topfoodmachine.com\/?post_type=product&#038;p=1223"},"modified":"2024-04-29T09:21:18","modified_gmt":"2024-04-29T01:21:18","slug":"cupcake-filling-machine","status":"publish","type":"product","link":"https:\/\/topfoodmachine.com\/pt\/product\/cupcake-filling-machine\/","title":{"rendered":"m\u00e1quina de preenchimento de cupcake\uff5cdepositador de massa de cupcake"},"content":{"rendered":"<div class=\"kk-star-ratings kksr-auto kksr-align-left kksr-valign-top\"     data-payload='{&quot;align&quot;:&quot;left&quot;,&quot;id&quot;:&quot;1223&quot;,&quot;slug&quot;:&quot;default&quot;,&quot;valign&quot;:&quot;top&quot;,&quot;ignore&quot;:&quot;&quot;,&quot;reference&quot;:&quot;auto&quot;,&quot;class&quot;:&quot;&quot;,&quot;count&quot;:&quot;27&quot;,&quot;legendonly&quot;:&quot;&quot;,&quot;readonly&quot;:&quot;&quot;,&quot;score&quot;:&quot;4.6&quot;,&quot;starsonly&quot;:&quot;&quot;,&quot;best&quot;:&quot;5&quot;,&quot;gap&quot;:&quot;5&quot;,&quot;greet&quot;:&quot;Rate this product&quot;,&quot;legend&quot;:&quot;4.6\\\/5 - (27 votes)&quot;,&quot;size&quot;:&quot;24&quot;,&quot;title&quot;:&quot;Cupcake filling machine\uff5cCupcake batter depositor&quot;,&quot;width&quot;:&quot;130.9&quot;,&quot;_legend&quot;:&quot;{score}\\\/{best} - ({count} {votes})&quot;,&quot;font_factor&quot;:&quot;1.25&quot;}'>              <div class=\"kksr-stars\">      <div class=\"kksr-stars-inactive\">             <div class=\"kksr-star\" data-star=\"1\" style=\"padding-right: 5px\">               <div class=\"kksr-icon\" style=\"width: 24px; height: 24px;\"><\/div>         <\/div>             <div class=\"kksr-star\" data-star=\"2\" style=\"padding-right: 5px\">               <div class=\"kksr-icon\" style=\"width: 24px; height: 24px;\"><\/div>         <\/div>             <div class=\"kksr-star\" data-star=\"3\" style=\"padding-right: 5px\">               <div class=\"kksr-icon\" style=\"width: 24px; height: 24px;\"><\/div>         <\/div>             <div class=\"kksr-star\" data-star=\"4\" style=\"padding-right: 5px\">               <div class=\"kksr-icon\" style=\"width: 24px; height: 24px;\"><\/div>         <\/div>             <div class=\"kksr-star\" data-star=\"5\" style=\"padding-right: 5px\">               <div class=\"kksr-icon\" style=\"width: 24px; height: 24px;\"><\/div>         <\/div>     <\/div>      <div class=\"kksr-stars-active\" style=\"width: 130.9px;\">             <div class=\"kksr-star\" style=\"padding-right: 5px\">               <div class=\"kksr-icon\" style=\"width: 24px; height: 24px;\"><\/div>         <\/div>             <div class=\"kksr-star\" style=\"padding-right: 5px\">               <div class=\"kksr-icon\" style=\"width: 24px; height: 24px;\"><\/div>         <\/div>             <div class=\"kksr-star\" style=\"padding-right: 5px\">               <div class=\"kksr-icon\" style=\"width: 24px; height: 24px;\"><\/div>         <\/div>             <div class=\"kksr-star\" style=\"padding-right: 5px\">               <div class=\"kksr-icon\" style=\"width: 24px; height: 24px;\"><\/div>         <\/div>             <div class=\"kksr-star\" style=\"padding-right: 5px\">               <div class=\"kksr-icon\" style=\"width: 24px; height: 24px;\"><\/div>         <\/div>     <\/div> <\/div>                   <div class=\"kksr-legend\" style=\"font-size: 19.2px;\">             4,6\/5 - (27 votos)    <\/div>     <\/div>  <p>Nossa M\u00e1quina Autom\u00e1tica de Preenchimento de Cupcake \u00e9 uma pe\u00e7a crucial do equipamento moderno de produ\u00e7\u00e3o de bolos, capaz de completar o processo de preenchimento para cupcakes em uma \u00fanica opera\u00e7\u00e3o. Atrav\u00e9s de v\u00e1rias rodadas de desenvolvimento e aprimoramento, nossa M\u00e1quina de Preenchimento de Cupcake alcan\u00e7ou opera\u00e7\u00e3o de controle PLC inteligente, tornando seu processo de produ\u00e7\u00e3o mais eficiente e automatizado.<\/p>    <p>Esta M\u00e1quina de Preenchimento de Cupcake pode produzir v\u00e1rios tipos de cupcakes recheados, incluindo bolos esponjosos, bolos em copos de papel, bolos sandu\u00edche e mais. Qualquer tipo de bolo que voc\u00ea precisar, nossa m\u00e1quina pode lidar perfeitamente.<\/p>    <p>Se voc\u00ea \u00e9 um grande fabricante de bolos ou uma padaria de pequeno porte, nossa M\u00e1quina de Preenchimento de Cupcake \u00e9 sua melhor escolha, tornando seu processo de produ\u00e7\u00e3o mais f\u00e1cil e eficiente!<\/p>    <figure class=\"wp-block-gallery has-nested-images columns-default is-cropped wp-block-gallery-2 is-layout-flex wp-block-gallery-is-layout-flex\"> <figure class=\"wp-block-image size-full\"><img loading=\"lazy\" decoding=\"async\" width=\"720\" height=\"540\" data-id=\"1225\" src=\"https:\/\/topfoodmachine.com\/wp-content\/uploads\/2024\/04\/automatic-Cupcake-batter-depositor.webp\" alt=\"depositador autom\u00e1tico de massa de cupcake\" class=\"wp-image-1225\" srcset=\"https:\/\/topfoodmachine.com\/wp-content\/uploads\/2024\/04\/automatic-Cupcake-batter-depositor.webp 720w, https:\/\/topfoodmachine.com\/wp-content\/uploads\/2024\/04\/automatic-Cupcake-batter-depositor-300x225.webp 300w, https:\/\/topfoodmachine.com\/wp-content\/uploads\/2024\/04\/automatic-Cupcake-batter-depositor-16x12.webp 16w\" sizes=\"auto, (max-width: 720px) 100vw, 720px\" \/><figcaption class=\"wp-element-caption\">depositador autom\u00e1tico de massa de cupcake<\/figcaption><\/figure>    <figure class=\"wp-block-image size-full\"><img loading=\"lazy\" decoding=\"async\" width=\"720\" height=\"540\" data-id=\"1233\" src=\"https:\/\/topfoodmachine.com\/wp-content\/uploads\/2024\/04\/Cupcake-filling-machine-for-sale.webp\" alt=\"m\u00e1quina de preenchimento de cupcake \u00e0 venda\" class=\"wp-image-1233\" srcset=\"https:\/\/topfoodmachine.com\/wp-content\/uploads\/2024\/04\/Cupcake-filling-machine-for-sale.webp 720w, https:\/\/topfoodmachine.com\/wp-content\/uploads\/2024\/04\/Cupcake-filling-machine-for-sale-300x225.webp 300w, https:\/\/topfoodmachine.com\/wp-content\/uploads\/2024\/04\/Cupcake-filling-machine-for-sale-16x12.webp 16w\" sizes=\"auto, (max-width: 720px) 100vw, 720px\" \/><figcaption class=\"wp-element-caption\">m\u00e1quina de preenchimento de cupcake \u00e0 venda<\/figcaption><\/figure> <\/figure>    <h2 class=\"wp-block-heading\">m\u00e1quina de preenchimento de cupcake \u00e0 venda<\/h2>    <p>Com uma capacidade de produ\u00e7\u00e3o de 200 kg\/hora e uma capacidade de funil de 60 litros, esta m\u00e1quina garante produ\u00e7\u00e3o eficiente e cont\u00ednua.<\/p>    <p>Constru\u00eddo com a\u00e7o inoxid\u00e1vel 201 de alta qualidade, o corpo principal da m\u00e1quina garante durabilidade e higiene. A correia transportadora, feita de material PU, \u00e9 resistente ao desgaste e adequada para opera\u00e7\u00e3o cont\u00ednua a longo prazo.<\/p>    <p>Equipado com uma tela PLC, voc\u00ea pode controlar facilmente o peso e a velocidade, permitindo ajustar os par\u00e2metros de produ\u00e7\u00e3o convenientemente para atender a diferentes requisitos.<\/p>    <p>Entre em contato conosco agora para tornar nossa M\u00e1quina de Preenchimento de Cupcake um ativo valioso para o seu neg\u00f3cio de panifica\u00e7\u00e3o!<\/p>    <figure class=\"wp-block-image size-full\"><img loading=\"lazy\" decoding=\"async\" width=\"720\" height=\"540\" src=\"https:\/\/topfoodmachine.com\/wp-content\/uploads\/2024\/04\/batter-filling-machine-wih-good-price.webp\" alt=\"m\u00e1quina de preenchimento de massa com bom pre\u00e7o\" class=\"wp-image-1226\" srcset=\"https:\/\/topfoodmachine.com\/wp-content\/uploads\/2024\/04\/batter-filling-machine-wih-good-price.webp 720w, https:\/\/topfoodmachine.com\/wp-content\/uploads\/2024\/04\/batter-filling-machine-wih-good-price-300x225.webp 300w, https:\/\/topfoodmachine.com\/wp-content\/uploads\/2024\/04\/batter-filling-machine-wih-good-price-16x12.webp 16w\" sizes=\"auto, (max-width: 720px) 100vw, 720px\" \/><figcaption class=\"wp-element-caption\">m\u00e1quina de preenchimento de massa com bom pre\u00e7o<\/figcaption><\/figure>    <h2 class=\"wp-block-heading\">depositador de massa de cupcake personalizado<\/h2>    <p>Nosso depositador de massa de cupcake \u00e9 projetado para atender \u00e0s necessidades espec\u00edficas de produ\u00e7\u00e3o de nossos clientes. O n\u00famero de bicos em nosso depositador pode ser personalizado de acordo com suas necessidades de produ\u00e7\u00e3o.<\/p>    <p>Oferecemos dois tamanhos padr\u00e3o de bandejas: 400*600mm e 460*660mm, mas tamb\u00e9m fornecemos op\u00e7\u00f5es de personaliza\u00e7\u00e3o para atender \u00e0s suas necessidades espec\u00edficas de tamanho de bandeja. Al\u00e9m disso, oferecemos uma variedade de formas de molde para as bandejas. Se voc\u00ea precisar de v\u00e1rias formas, pode adquirir bandejas adicionais com diferentes moldes.<\/p>    <p>Com nosso depositador de massa de cupcake personalizado, voc\u00ea pode adaptar seu processo de produ\u00e7\u00e3o de cupcakes para atender \u00e0s suas especifica\u00e7\u00f5es exatas, garantindo efici\u00eancia e consist\u00eancia em cada lote de cupcakes.<\/p>    <figure class=\"wp-block-image size-full\"><img loading=\"lazy\" decoding=\"async\" width=\"720\" height=\"540\" src=\"https:\/\/topfoodmachine.com\/wp-content\/uploads\/2024\/04\/customized-Cupcake-batter-depositor.webp\" alt=\"depositador de massa de cupcake personalizado\" class=\"wp-image-1227\" srcset=\"https:\/\/topfoodmachine.com\/wp-content\/uploads\/2024\/04\/customized-Cupcake-batter-depositor.webp 720w, https:\/\/topfoodmachine.com\/wp-content\/uploads\/2024\/04\/customized-Cupcake-batter-depositor-300x225.webp 300w, https:\/\/topfoodmachine.com\/wp-content\/uploads\/2024\/04\/customized-Cupcake-batter-depositor-16x12.webp 16w\" sizes=\"auto, (max-width: 720px) 100vw, 720px\" \/><figcaption class=\"wp-element-caption\">depositador de massa de cupcake personalizado<\/figcaption><\/figure>    <h2 class=\"wp-block-heading\">Vantagens de usar a m\u00e1quina de preenchimento de massa<\/h2>    <ol class=\"wp-block-list\"> <li><strong>Produ\u00e7\u00e3o Flex\u00edvel<\/strong>: A m\u00e1quina possui uma tela sens\u00edvel ao toque LCD importada e controle PLC Mitsubishi, permitindo f\u00e1cil ajuste de par\u00e2metros. Ela pode gravar automaticamente os par\u00e2metros definidos e ajustar os par\u00e2metros de opera\u00e7\u00e3o conforme necess\u00e1rio, garantindo uma produ\u00e7\u00e3o eficiente e personalizada.<\/li>    <li><strong>Cabe\u00e7a de Inje\u00e7\u00e3o Vers\u00e1til<\/strong>: A cabe\u00e7a de inje\u00e7\u00e3o para preenchimento do bolo \u00e9 substitu\u00edvel e pode ser personalizada de acordo com as necessidades do cliente, proporcionando flexibilidade na produ\u00e7\u00e3o.<\/li>    <li><strong>Qualidade do Bolo Aprimorada<\/strong>: O rolo de preenchimento, acionado por um motor servo de precis\u00e3o, adota uma engrenagem redonda de silicone para reduzir o fen\u00f4meno de desgasifica\u00e7\u00e3o da massa do bolo. Isso melhora significativamente a precis\u00e3o de peso do bolo, garantindo qualidade consistente.<\/li>    <li><strong>Op\u00e7\u00f5es Diversificadas de Produtos<\/strong>: A m\u00e1quina depositora de bolos permite a produ\u00e7\u00e3o de cupcakes, bolos recheados e bolos inteiros. Essa flexibilidade possibilita a produ\u00e7\u00e3o de uma ampla variedade de produtos de bolo, atendendo a diversas demandas dos clientes.<\/li>    <li><strong>Preenchimento Consistente<\/strong>: A depositora de bolos garante que a quantidade de recheio do bolo produzido seja consistente, eliminando gotejamento excessivo e desgasifica\u00e7\u00e3o. Isso resulta em bolos de alta qualidade e uniformes em cada lote.<\/li> <\/ol>    <figure class=\"wp-block-gallery has-nested-images columns-default is-cropped wp-block-gallery-3 is-layout-flex wp-block-gallery-is-layout-flex\"> <figure class=\"wp-block-image size-full\"><img loading=\"lazy\" decoding=\"async\" width=\"720\" height=\"540\" data-id=\"1228\" src=\"https:\/\/topfoodmachine.com\/wp-content\/uploads\/2024\/04\/commercial-Cupcake-filling-machine.webp\" alt=\"m\u00e1quina de preenchimento de cupcake comercial\" class=\"wp-image-1228\" srcset=\"https:\/\/topfoodmachine.com\/wp-content\/uploads\/2024\/04\/commercial-Cupcake-filling-machine.webp 720w, https:\/\/topfoodmachine.com\/wp-content\/uploads\/2024\/04\/commercial-Cupcake-filling-machine-300x225.webp 300w, https:\/\/topfoodmachine.com\/wp-content\/uploads\/2024\/04\/commercial-Cupcake-filling-machine-16x12.webp 16w\" sizes=\"auto, (max-width: 720px) 100vw, 720px\" \/><figcaption class=\"wp-element-caption\">m\u00e1quina de preenchimento de cupcake comercial<\/figcaption><\/figure>    <figure class=\"wp-block-image size-full\"><img loading=\"lazy\" decoding=\"async\" width=\"720\" height=\"540\" data-id=\"1234\" src=\"https:\/\/topfoodmachine.com\/wp-content\/uploads\/2024\/04\/industrial-batter-filling-machine.webp\" alt=\"m\u00e1quina de preenchimento de massa industrial\" class=\"wp-image-1234\" srcset=\"https:\/\/topfoodmachine.com\/wp-content\/uploads\/2024\/04\/industrial-batter-filling-machine.webp 720w, https:\/\/topfoodmachine.com\/wp-content\/uploads\/2024\/04\/industrial-batter-filling-machine-300x225.webp 300w, https:\/\/topfoodmachine.com\/wp-content\/uploads\/2024\/04\/industrial-batter-filling-machine-16x12.webp 16w\" sizes=\"auto, (max-width: 720px) 100vw, 720px\" \/><figcaption class=\"wp-element-caption\">m\u00e1quina de preenchimento de massa industrial<\/figcaption><\/figure> <\/figure>    <h2 class=\"wp-block-heading\">Aplica\u00e7\u00f5es da m\u00e1quina de preenchimento de massa de cupcake<\/h2>    <ol class=\"wp-block-list\"> <li><strong>Produ\u00e7\u00e3o de Panifica\u00e7\u00e3o<\/strong>: Ideal para opera\u00e7\u00f5es de panifica\u00e7\u00e3o em grande escala, a M\u00e1quina de Preenchimento de Massa de Cupcake pode preencher eficientemente a massa de cupcake em bandejas, garantindo tamanhos de por\u00e7\u00e3o consistentes e reduzindo o tempo de produ\u00e7\u00e3o.<\/li>    <li><strong>Cozinhas Comerciais<\/strong>: Restaurantes, caf\u00e9s e servi\u00e7os de catering podem usar a M\u00e1quina de Preenchimento de Massa de Cupcake para agilizar seu processo de produ\u00e7\u00e3o de sobremesas, garantindo uniformidade e qualidade em cada cupcake.<\/li>    <li><strong>Personaliza\u00e7\u00e3o<\/strong>: A m\u00e1quina permite f\u00e1cil ajuste das quantidades de recheio, tornando-a adequada para rechear cupcakes com diferentes tipos de massa, incluindo baunilha, chocolate, red velvet e mais.<\/li>    <li><strong>Cupcakes Especiais<\/strong>: Perfeita para criar cupcakes recheados com diversos recheios, como geleias de frutas, cremes, ganache de chocolate ou at\u00e9 mesmo recheios salgados para combina\u00e7\u00f5es de sabores \u00fanicas.<\/li> <\/ol>    <figure class=\"wp-block-gallery has-nested-images columns-default is-cropped wp-block-gallery-4 is-layout-flex wp-block-gallery-is-layout-flex\"> <figure class=\"wp-block-image size-large\"><img loading=\"lazy\" decoding=\"async\" width=\"720\" height=\"540\" data-id=\"1229\" src=\"https:\/\/topfoodmachine.com\/wp-content\/uploads\/2024\/04\/cake.webp\" alt=\"bolo\" class=\"wp-image-1229\" srcset=\"https:\/\/topfoodmachine.com\/wp-content\/uploads\/2024\/04\/cake.webp 720w, https:\/\/topfoodmachine.com\/wp-content\/uploads\/2024\/04\/cake-300x225.webp 300w, https:\/\/topfoodmachine.com\/wp-content\/uploads\/2024\/04\/cake-16x12.webp 16w\" sizes=\"auto, (max-width: 720px) 100vw, 720px\" \/><figcaption class=\"wp-element-caption\">bolo<\/figcaption><\/figure>    <figure class=\"wp-block-image size-large\"><img loading=\"lazy\" decoding=\"async\" width=\"720\" height=\"540\" data-id=\"1230\" src=\"https:\/\/topfoodmachine.com\/wp-content\/uploads\/2024\/04\/cupcake.webp\" alt=\"cupcake\" class=\"wp-image-1230\" srcset=\"https:\/\/topfoodmachine.com\/wp-content\/uploads\/2024\/04\/cupcake.webp 720w, https:\/\/topfoodmachine.com\/wp-content\/uploads\/2024\/04\/cupcake-300x225.webp 300w, https:\/\/topfoodmachine.com\/wp-content\/uploads\/2024\/04\/cupcake-16x12.webp 16w\" sizes=\"auto, (max-width: 720px) 100vw, 720px\" \/><figcaption class=\"wp-element-caption\">cupcake<\/figcaption><\/figure> <\/figure>    <h2 class=\"wp-block-heading\">Equipamentos de suporte do preenchimento de cupcake<\/h2>    <p>Nossa M\u00e1quina de Preenchimento de Cupcake \u00e9 perfeitamente complementada pelo nosso forno rotativo. Juntas, elas formam uma solu\u00e7\u00e3o perfeita para suas necessidades de panifica\u00e7\u00e3o. <\/p>    <p>O forno rotativo garante um cozimento uniforme, enquanto a M\u00e1quina de Recheio de Cupcake preenche precisamente cada cupcake com o recheio desejado. Esta combina\u00e7\u00e3o otimiza seu processo de produ\u00e7\u00e3o, garantindo efici\u00eancia e consist\u00eancia em cada lote de cupcakes.<\/p>    <figure class=\"wp-block-image size-full\"><img loading=\"lazy\" decoding=\"async\" width=\"720\" height=\"540\" src=\"https:\/\/topfoodmachine.com\/wp-content\/uploads\/2024\/04\/rotary-oven.webp\" alt=\"forno rotativo\" class=\"wp-image-1232\" srcset=\"https:\/\/topfoodmachine.com\/wp-content\/uploads\/2024\/04\/rotary-oven.webp 720w, https:\/\/topfoodmachine.com\/wp-content\/uploads\/2024\/04\/rotary-oven-300x225.webp 300w, https:\/\/topfoodmachine.com\/wp-content\/uploads\/2024\/04\/rotary-oven-16x12.webp 16w\" sizes=\"auto, (max-width: 720px) 100vw, 720px\" \/><figcaption class=\"wp-element-caption\">forno rotativo<\/figcaption><\/figure>    <h2 class=\"wp-block-heading\">Par\u00e2metros da m\u00e1quina de preenchimento de cupcake<\/h2>    <figure class=\"wp-block-table\"><table><tbody><tr><td>Modelo<\/td><td>TZ-600<\/td><\/tr><tr><td>Tamanho<\/td><td>1.7*1.1*1.4m<\/td><\/tr><tr><td>Capacidade<\/td><td>120-240kg\/h<\/td><\/tr><tr><td>Poder<\/td><td>1,2 kW<\/td><\/tr><tr><td>Peso<\/td><td>380kg<\/td><\/tr><\/tbody><\/table><figcaption class=\"wp-element-caption\">par\u00e2metros da m\u00e1quina de recheio de cupcake<\/figcaption><\/figure>    <h2 class=\"wp-block-heading\">Contate-nos<\/h2>    <figure class=\"wp-block-image size-full\"><img loading=\"lazy\" decoding=\"async\" width=\"720\" height=\"540\" src=\"https:\/\/topfoodmachine.com\/wp-content\/uploads\/2024\/04\/Cupcake-batter-depositor.webp\" alt=\"dosador de massa de cupcake\" class=\"wp-image-1231\" srcset=\"https:\/\/topfoodmachine.com\/wp-content\/uploads\/2024\/04\/Cupcake-batter-depositor.webp 720w, https:\/\/topfoodmachine.com\/wp-content\/uploads\/2024\/04\/Cupcake-batter-depositor-300x225.webp 300w, https:\/\/topfoodmachine.com\/wp-content\/uploads\/2024\/04\/Cupcake-batter-depositor-16x12.webp 16w\" sizes=\"auto, (max-width: 720px) 100vw, 720px\" \/><figcaption class=\"wp-element-caption\">dosador de massa de cupcake<\/figcaption><\/figure>    <p class=\"translation-block\">Usando nosso <a href=\"https:\/\/en.wikipedia.org\/wiki\/Cupcake\" data-type=\"link\" data-id=\"https:\/\/en.wikipedia.org\/wiki\/Cupcake\" target=\"_blank\" rel=\"noopener\">dep\u00f3sito de massa de cupcake<\/a>, voc\u00ea pode alcan\u00e7ar facilmente uma produ\u00e7\u00e3o eficiente, consistente e diversificada de cupcakes. Seja voc\u00ea um grande padeiro ou uma pequena confeitaria, nosso dep\u00f3sito pode ajud\u00e1-lo a aumentar a efici\u00eancia da produ\u00e7\u00e3o e garantir qualidade e sabor consistentes em cada lote de cupcakes.<\/p>    <p>Escolha nosso dosador de massa de cupcake para tornar seu processo de produ\u00e7\u00e3o de bolos mais f\u00e1cil, eficiente e bem-sucedido!<\/p>","protected":false},"excerpt":{"rendered":"<p>Nossa M\u00e1quina Autom\u00e1tica de Preenchimento de Cupcake \u00e9 uma pe\u00e7a crucial do equipamento moderno de produ\u00e7\u00e3o de bolos, capaz de completar o processo de preenchimento para cupcakes de uma s\u00f3 vez.<\/p>","protected":false},"author":1,"featured_media":1224,"parent":0,"template":"","tags":[],"product-type":[6],"class_list":["post-1223","product","type-product","status-publish","has-post-thumbnail","hentry","product-type-pastry-production-machine"],"_links":{"self":[{"href":"https:\/\/topfoodmachine.com\/pt\/wp-json\/wp\/v2\/product\/1223","targetHints":{"allow":["GET"]}}],"collection":[{"href":"https:\/\/topfoodmachine.com\/pt\/wp-json\/wp\/v2\/product"}],"about":[{"href":"https:\/\/topfoodmachine.com\/pt\/wp-json\/wp\/v2\/types\/product"}],"author":[{"embeddable":true,"href":"https:\/\/topfoodmachine.com\/pt\/wp-json\/wp\/v2\/users\/1"}],"wp:featuredmedia":[{"embeddable":true,"href":"https:\/\/topfoodmachine.com\/pt\/wp-json\/wp\/v2\/media\/1224"}],"wp:attachment":[{"href":"https:\/\/topfoodmachine.com\/pt\/wp-json\/wp\/v2\/media?parent=1223"}],"wp:term":[{"taxonomy":"post_tag","embeddable":true,"href":"https:\/\/topfoodmachine.com\/pt\/wp-json\/wp\/v2\/tags?post=1223"},{"taxonomy":"product-type","embeddable":true,"href":"https:\/\/topfoodmachine.com\/pt\/wp-json\/wp\/v2\/product-type?post=1223"}],"curies":[{"name":"wp","href":"https:\/\/api.w.org\/{rel}","templated":true}]}}