{"id":1149,"date":"2024-02-23T15:32:41","date_gmt":"2024-02-23T07:32:41","guid":{"rendered":"https:\/\/topfoodmachine.com\/?post_type=product&#038;p=1149"},"modified":"2024-09-26T16:07:12","modified_gmt":"2024-09-26T08:07:12","slug":"meatball-making-machine","status":"publish","type":"product","link":"https:\/\/topfoodmachine.com\/pt\/product\/meatball-making-machine\/","title":{"rendered":"M\u00e1quina de fazer alm\u00f4ndegas"},"content":{"rendered":"<div class=\"kk-star-ratings kksr-auto kksr-align-left kksr-valign-top\"     data-payload='{&quot;align&quot;:&quot;left&quot;,&quot;id&quot;:&quot;1149&quot;,&quot;slug&quot;:&quot;default&quot;,&quot;valign&quot;:&quot;top&quot;,&quot;ignore&quot;:&quot;&quot;,&quot;reference&quot;:&quot;auto&quot;,&quot;class&quot;:&quot;&quot;,&quot;count&quot;:&quot;15&quot;,&quot;legendonly&quot;:&quot;&quot;,&quot;readonly&quot;:&quot;&quot;,&quot;score&quot;:&quot;4.8&quot;,&quot;starsonly&quot;:&quot;&quot;,&quot;best&quot;:&quot;5&quot;,&quot;gap&quot;:&quot;5&quot;,&quot;greet&quot;:&quot;Rate this product&quot;,&quot;legend&quot;:&quot;4.8\\\/5 - (15 votes)&quot;,&quot;size&quot;:&quot;24&quot;,&quot;title&quot;:&quot;Meatball making machine&quot;,&quot;width&quot;:&quot;136.7&quot;,&quot;_legend&quot;:&quot;{score}\\\/{best} - ({count} {votes})&quot;,&quot;font_factor&quot;:&quot;1.25&quot;}'>              <div class=\"kksr-stars\">      <div class=\"kksr-stars-inactive\">             <div class=\"kksr-star\" data-star=\"1\" style=\"padding-right: 5px\">               <div class=\"kksr-icon\" style=\"width: 24px; height: 24px;\"><\/div>         <\/div>             <div class=\"kksr-star\" data-star=\"2\" style=\"padding-right: 5px\">               <div class=\"kksr-icon\" style=\"width: 24px; height: 24px;\"><\/div>         <\/div>             <div class=\"kksr-star\" data-star=\"3\" style=\"padding-right: 5px\">               <div class=\"kksr-icon\" style=\"width: 24px; height: 24px;\"><\/div>         <\/div>             <div class=\"kksr-star\" data-star=\"4\" style=\"padding-right: 5px\">               <div class=\"kksr-icon\" style=\"width: 24px; height: 24px;\"><\/div>         <\/div>             <div class=\"kksr-star\" data-star=\"5\" style=\"padding-right: 5px\">               <div class=\"kksr-icon\" style=\"width: 24px; height: 24px;\"><\/div>         <\/div>     <\/div>      <div class=\"kksr-stars-active\" style=\"width: 136.7px;\">             <div class=\"kksr-star\" style=\"padding-right: 5px\">               <div class=\"kksr-icon\" style=\"width: 24px; height: 24px;\"><\/div>         <\/div>             <div class=\"kksr-star\" style=\"padding-right: 5px\">               <div class=\"kksr-icon\" style=\"width: 24px; height: 24px;\"><\/div>         <\/div>             <div class=\"kksr-star\" style=\"padding-right: 5px\">               <div class=\"kksr-icon\" style=\"width: 24px; height: 24px;\"><\/div>         <\/div>             <div class=\"kksr-star\" style=\"padding-right: 5px\">               <div class=\"kksr-icon\" style=\"width: 24px; height: 24px;\"><\/div>         <\/div>             <div class=\"kksr-star\" style=\"padding-right: 5px\">               <div class=\"kksr-icon\" style=\"width: 24px; height: 24px;\"><\/div>         <\/div>     <\/div> <\/div>                   <div class=\"kksr-legend\" style=\"font-size: 19.2px;\">             4,8\/5 - (15 votos)    <\/div>     <\/div>  <p>A m\u00e1quina de fazer alm\u00f4ndegas \u00e9 constru\u00edda em a\u00e7o inoxid\u00e1vel 304 de grau aliment\u00edcio, garantindo tanto durabilidade quanto higiene, tornando-a ideal para uso comercial. Capaz de produzir at\u00e9 280 alm\u00f4ndegas por minuto, ela aumenta significativamente a produtividade em compara\u00e7\u00e3o com m\u00e9todos manuais. <\/p>    <p>A m\u00e1quina inclui tr\u00eas moldes padr\u00e3o que produzem alm\u00f4ndegas em tamanhos de 20mm, 25mm e 30mm, com a op\u00e7\u00e3o de personalizar moldes para diferentes tamanhos com base nas necessidades do cliente. <\/p>    <p>Esta m\u00e1quina vers\u00e1til pode formar v\u00e1rios tipos de alm\u00f4ndegas, como peixe, carne bovina, carne su\u00edna e frango, oferecendo controle preciso sobre o tamanho e a velocidade da produ\u00e7\u00e3o. <\/p>    <figure class=\"wp-block-embed is-type-video is-provider-youtube wp-block-embed-youtube wp-embed-aspect-16-9 wp-has-aspect-ratio\"><div class=\"wp-block-embed__wrapper\"> <iframe loading=\"lazy\" title=\"Da carne ao maravilhoso: veja nossa m\u00e1quina de fazer alm\u00f4ndegas em a\u00e7\u00e3o! #processamento de alimentos #carne\" width=\"500\" height=\"281\" src=\"https:\/\/www.youtube.com\/embed\/IAoD-nwgU70?feature=oembed\" frameborder=\"0\" allow=\"accelerometer; autoplay; clipboard-write; encrypted-media; gyroscope; picture-in-picture; web-share\" referrerpolicy=\"strict-origin-when-cross-origin\" allowfullscreen><\/iframe> <\/div><figcaption class=\"wp-element-caption\">processo de trabalho da m\u00e1quina de fazer alm\u00f4ndegas<\/figcaption><\/figure>    <h2 class=\"wp-block-heading\">Principais caracter\u00edsticas da m\u00e1quina de fazer alm\u00f4ndegas<\/h2>    <ul class=\"wp-block-list\"> <li><strong>Aplica\u00e7\u00f5es vers\u00e1teis<\/strong>: esta m\u00e1quina pode produzir uma ampla variedade de alm\u00f4ndegas, incluindo alm\u00f4ndegas de carne bovina, su\u00edna, frango e peixe. tamb\u00e9m oferece diferentes configura\u00e7\u00f5es para fazer tanto alm\u00f4ndegas s\u00f3lidas quanto recheadas para atender a v\u00e1rias necessidades culin\u00e1rias.<\/li>    <li><strong>Alta capacidade<\/strong>: a m\u00e1quina opera em alta velocidade, formando at\u00e9 280 pe\u00e7as por minuto, tornando-a perfeita para produ\u00e7\u00e3o em grande escala sem comprometer a qualidade.<\/li>    <li><strong>Material premium<\/strong>: feita de a\u00e7o inoxid\u00e1vel 304 espessado e equipada com um motor de fio de cobre dur\u00e1vel, a m\u00e1quina garante uma longa vida \u00fatil, garantindo desempenho confi\u00e1vel e eficiente com manuten\u00e7\u00e3o m\u00ednima.<\/li> <\/ul>    <figure class=\"wp-block-gallery has-nested-images columns-default is-cropped wp-block-gallery-2 is-layout-flex wp-block-gallery-is-layout-flex\"> <figure class=\"wp-block-image size-full\"><img loading=\"lazy\" decoding=\"async\" width=\"720\" height=\"540\" data-id=\"1151\" src=\"https:\/\/topfoodmachine.com\/wp-content\/uploads\/2024\/02\/exported-Meatball-making-machine.webp\" alt=\"m\u00e1quina de fazer alm\u00f4ndegas exportada\" class=\"wp-image-1151\" srcset=\"https:\/\/topfoodmachine.com\/wp-content\/uploads\/2024\/02\/exported-Meatball-making-machine.webp 720w, https:\/\/topfoodmachine.com\/wp-content\/uploads\/2024\/02\/exported-Meatball-making-machine-300x225.webp 300w\" sizes=\"auto, (max-width: 720px) 100vw, 720px\" \/><figcaption class=\"wp-element-caption\">m\u00e1quina de fazer alm\u00f4ndegas exportada<\/figcaption><\/figure>    <figure class=\"wp-block-image\"><img loading=\"lazy\" decoding=\"async\" width=\"720\" height=\"540\" data-id=\"1641\" src=\"https:\/\/topfoodmachine.com\/wp-content\/uploads\/2024\/02\/meatball.webp\" alt=\"alm\u00f4ndega\" class=\"wp-image-1641\" srcset=\"https:\/\/topfoodmachine.com\/wp-content\/uploads\/2024\/02\/meatball.webp 720w, https:\/\/topfoodmachine.com\/wp-content\/uploads\/2024\/02\/meatball-300x225.webp 300w, https:\/\/topfoodmachine.com\/wp-content\/uploads\/2024\/02\/meatball-16x12.webp 16w\" sizes=\"auto, (max-width: 720px) 100vw, 720px\" \/><figcaption class=\"wp-element-caption\">alm\u00f4ndega<\/figcaption><\/figure> <\/figure>    <h2 class=\"wp-block-heading\">Como funciona a m\u00e1quina de fazer alm\u00f4ndegas?<\/h2>    <p class=\"translation-block\">A <strong>m\u00e1quina de fazer alm\u00f4ndegas<\/strong> opera atrav\u00e9s de um processo simplificado projetado para maximizar a efici\u00eancia e a consist\u00eancia na produ\u00e7\u00e3o. Abaixo est\u00e1 um esbo\u00e7o de como funciona.<\/p>    <div class=\"wp-block-media-text has-media-on-the-right is-stacked-on-mobile\"><div class=\"wp-block-media-text__content\"> <ul class=\"wp-block-list\"> <li><strong>Moagem de carne<\/strong>. O processo come\u00e7a moendo a carne para alcan\u00e7ar a textura desejada, facilitando a forma\u00e7\u00e3o em alm\u00f4ndegas mais tarde.<\/li>    <li><strong>Pulveriza\u00e7\u00e3o de carne<\/strong>. A carne mo\u00edda \u00e9 refinada usando uma m\u00e1quina de pulveriza\u00e7\u00e3o de carne, transformando-a em uma pasta mais suave e fina para melhor consist\u00eancia.<\/li>    <li><strong>Forma\u00e7\u00e3o de alm\u00f4ndegas<\/strong>. A pasta de carne \u00e9 transferida para a m\u00e1quina de fazer alm\u00f4ndegas, que a molda em bolas uniformes de v\u00e1rios tamanhos, garantindo alta produ\u00e7\u00e3o e formas consistentes em um ritmo r\u00e1pido.<\/li> <\/ul> <\/div><figure class=\"wp-block-media-text__media\"><img loading=\"lazy\" decoding=\"async\" width=\"720\" height=\"540\" src=\"https:\/\/topfoodmachine.com\/wp-content\/uploads\/2024\/02\/Meatball-making-machine-for-business.webp\" alt=\"M\u00e1quina de fazer alm\u00f4ndegas para neg\u00f3cios\" class=\"wp-image-1152 size-full\" srcset=\"https:\/\/topfoodmachine.com\/wp-content\/uploads\/2024\/02\/Meatball-making-machine-for-business.webp 720w, https:\/\/topfoodmachine.com\/wp-content\/uploads\/2024\/02\/Meatball-making-machine-for-business-300x225.webp 300w\" sizes=\"auto, (max-width: 720px) 100vw, 720px\" \/><\/figure><\/div>    <p>Com este processo, a m\u00e1quina oferece tanto velocidade quanto precis\u00e3o, tornando-se uma ferramenta indispens\u00e1vel para ambientes de produ\u00e7\u00e3o alimentar de alto volume.<\/p>    <h2 class=\"wp-block-heading\">M\u00e1quinas de suporte para m\u00e1quina de fazer alm\u00f4ndegas<\/h2>    <p class=\"translation-block\">Para melhorar a funcionalidade da <strong>m\u00e1quina de fazer alm\u00f4ndegas<\/strong>, uma variedade de equipamentos de apoio pode ser integrada \u00e0 linha de produ\u00e7\u00e3o, tornando todo o processo mais eficiente e vers\u00e1til. Aqui est\u00e1 uma vis\u00e3o geral das principais m\u00e1quinas de apoio.<\/p>    <div class=\"wp-block-media-text is-stacked-on-mobile\"><figure class=\"wp-block-media-text__media\"><img loading=\"lazy\" decoding=\"async\" width=\"720\" height=\"540\" src=\"https:\/\/topfoodmachine.com\/wp-content\/uploads\/2023\/10\/meat-grinder.webp\" alt=\"moedor de carne\" class=\"wp-image-806 size-full\" srcset=\"https:\/\/topfoodmachine.com\/wp-content\/uploads\/2023\/10\/meat-grinder.webp 720w, https:\/\/topfoodmachine.com\/wp-content\/uploads\/2023\/10\/meat-grinder-300x225.webp 300w\" sizes=\"auto, (max-width: 720px) 100vw, 720px\" \/><\/figure><div class=\"wp-block-media-text__content\"> <h3 class=\"wp-block-heading\"><strong><a href=\"https:\/\/topfoodmachine.com\/pt\/product\/automatic-meat-grinder\/\" data-type=\"link\" data-id=\"https:\/\/topfoodmachine.com\/product\/automatic-meat-grinder\/\">M\u00e1quina de moer carne<\/a><\/strong><\/h3>    <p>Esta m\u00e1quina \u00e9 essencial para transformar carne crua em pasta de carne finamente mo\u00edda, que serve como material base para fazer alm\u00f4ndegas. <\/p>    <p>Ao usar um moedor de carne antes da m\u00e1quina de fazer alm\u00f4ndegas, voc\u00ea garante a consist\u00eancia e a textura da carne, levando a alm\u00f4ndegas uniformes e de alta qualidade.<\/p> <\/div><\/div>    <div class=\"wp-block-media-text has-media-on-the-right is-stacked-on-mobile\"><div class=\"wp-block-media-text__content\"> <h3 class=\"wp-block-heading\"><strong><a href=\"https:\/\/topfoodmachine.com\/pt\/product\/fish-meat-bone-separating-machine\/\" data-type=\"link\" data-id=\"https:\/\/topfoodmachine.com\/product\/fish-meat-bone-separating-machine\/\">M\u00e1quina de separa\u00e7\u00e3o de carne e ossos de peixe<\/a><\/strong><\/h3>    <p>Se voc\u00ea est\u00e1 produzindo alm\u00f4ndegas \u00e0 base de peixe, esta m\u00e1quina separa a carne do peixe dos ossos, simplificando o processo de prepara\u00e7\u00e3o. <\/p>    <p>Uma vez que o peixe est\u00e1 sem espinhas, a pasta de peixe pode ser usada diretamente na m\u00e1quina de fazer alm\u00f4ndegas para criar bolinhas de peixe suaves e bem formadas.<\/p> <\/div><figure class=\"wp-block-media-text__media\"><img loading=\"lazy\" decoding=\"async\" width=\"720\" height=\"540\" src=\"https:\/\/topfoodmachine.com\/wp-content\/uploads\/2023\/10\/fish-meat-separating-machine.webp\" alt=\"m\u00e1quina de separa\u00e7\u00e3o de carne de peixe\" class=\"wp-image-828 size-full\" srcset=\"https:\/\/topfoodmachine.com\/wp-content\/uploads\/2023\/10\/fish-meat-separating-machine.webp 720w, https:\/\/topfoodmachine.com\/wp-content\/uploads\/2023\/10\/fish-meat-separating-machine-300x225.webp 300w\" sizes=\"auto, (max-width: 720px) 100vw, 720px\" \/><\/figure><\/div>    <p>Essas m\u00e1quinas complementares melhoram tanto a velocidade de produ\u00e7\u00e3o quanto a qualidade do produto, tornando-as indispens\u00e1veis em ambientes de processamento alimentar em grande escala. <\/p>    <h2 class=\"wp-block-heading\">Par\u00e2metros t\u00e9cnicos do fabricante de alm\u00f4ndegas<\/h2>    <figure class=\"wp-block-table\"><table><tbody><tr><td>Modelo<\/td><td>TZ-100<\/td><\/tr><tr><td>Tamanho<\/td><td>400*700*1230mm<\/td><\/tr><tr><td>Peso<\/td><td>80kg<\/td><\/tr><tr><td>Tens\u00e3o<\/td><td>220V, 50Hz<\/td><\/tr><tr><td>Material<\/td><td>304ss<\/td><\/tr><tr><td>Poder<\/td><td>1,1 kW<\/td><\/tr><tr><td>Capacidade<\/td><td>280 PCS\/minuto<\/td><\/tr><\/tbody><\/table><figcaption class=\"wp-element-caption\">Especifica\u00e7\u00e3o da m\u00e1quina de alm\u00f4ndegas<\/figcaption><\/figure>    <h2 class=\"wp-block-heading\">Um caso de sucesso de fabricante de alm\u00f4ndegas<\/h2>    <p>Uma f\u00e1brica de processamento de carne de m\u00e9dio porte melhorou significativamente sua efici\u00eancia de produ\u00e7\u00e3o e qualidade do produto ao implementar nosso equipamento. <\/p>    <figure class=\"wp-block-image size-full\"><img loading=\"lazy\" decoding=\"async\" width=\"720\" height=\"540\" src=\"https:\/\/topfoodmachine.com\/wp-content\/uploads\/2024\/02\/Meatball-making-machine-for-sale.webp\" alt=\"Vendo m\u00e1quina de fazer alm\u00f4ndegas\" class=\"wp-image-1153\" srcset=\"https:\/\/topfoodmachine.com\/wp-content\/uploads\/2024\/02\/Meatball-making-machine-for-sale.webp 720w, https:\/\/topfoodmachine.com\/wp-content\/uploads\/2024\/02\/Meatball-making-machine-for-sale-300x225.webp 300w\" sizes=\"auto, (max-width: 720px) 100vw, 720px\" \/><figcaption class=\"wp-element-caption\">Vendo m\u00e1quina de fazer alm\u00f4ndegas<\/figcaption><\/figure>    <p>Anteriormente, a f\u00e1brica dependia de m\u00e9todos manuais tradicionais para a produ\u00e7\u00e3o de alm\u00f4ndegas, resultando em baixa produ\u00e7\u00e3o e altos custos de m\u00e3o de obra. Desde a ado\u00e7\u00e3o de nossa m\u00e1quina de alm\u00f4ndegas totalmente autom\u00e1tica, sua produ\u00e7\u00e3o aumentou em 50%, permitindo que criassem consistentemente alm\u00f4ndegas uniformemente moldadas e de alta qualidade. <\/p>    <p>Al\u00e9m disso, a facilidade de opera\u00e7\u00e3o da m\u00e1quina e suas caracter\u00edsticas de limpeza conveniente reduziram tanto o tempo de trabalho quanto os custos de limpeza. O cliente expressou alta satisfa\u00e7\u00e3o com nosso equipamento e planeja investir em mais m\u00e1quinas no futuro para atender \u00e0 crescente demanda do mercado.<\/p>    <h2 class=\"wp-block-heading\">Conclus\u00e3o<\/h2>    <figure class=\"wp-block-image size-full\"><img loading=\"lazy\" decoding=\"async\" width=\"720\" height=\"540\" src=\"https:\/\/topfoodmachine.com\/wp-content\/uploads\/2024\/02\/Meatball-making-machine-with-a-good-price.webp\" alt=\"M\u00e1quina de fazer alm\u00f4ndegas com bom pre\u00e7o\" class=\"wp-image-1154\" srcset=\"https:\/\/topfoodmachine.com\/wp-content\/uploads\/2024\/02\/Meatball-making-machine-with-a-good-price.webp 720w, https:\/\/topfoodmachine.com\/wp-content\/uploads\/2024\/02\/Meatball-making-machine-with-a-good-price-300x225.webp 300w\" sizes=\"auto, (max-width: 720px) 100vw, 720px\" \/><figcaption class=\"wp-element-caption\">M\u00e1quina de fazer alm\u00f4ndegas com bom pre\u00e7o<\/figcaption><\/figure>    <p>Ideal para restaurantes, servi\u00e7os de catering e empresas de processamento de alimentos em grande escala, esta m\u00e1quina \u00e9 um investimento valioso que simplifica as opera\u00e7\u00f5es e atende \u00e0s crescentes demandas do mercado. <\/p>    <p class=\"translation-block\">Eleve sua <a href=\"https:\/\/en.wikipedia.org\/wiki\/Meatball\" target=\"_blank\" rel=\"noopener\">produ\u00e7\u00e3o de alm\u00f4ndegas<\/a> e alcance resultados excepcionais com nosso equipamento confi\u00e1vel e f\u00e1cil de usar.<\/p>    <p><\/p>","protected":false},"excerpt":{"rendered":"<p>A m\u00e1quina de fazer alm\u00f4ndegas \u00e9 constru\u00edda em a\u00e7o inoxid\u00e1vel 304 de grau aliment\u00edcio, garantindo durabilidade e higiene, tornando-a ideal para uso comercial.<\/p>","protected":false},"author":1,"featured_media":1150,"parent":0,"template":"","tags":[88,87],"product-type":[7],"class_list":["post-1149","product","type-product","status-publish","has-post-thumbnail","hentry","tag-meatball-maker","tag-meatball-making-machine","product-type-egg-meat-processing-machine"],"_links":{"self":[{"href":"https:\/\/topfoodmachine.com\/pt\/wp-json\/wp\/v2\/product\/1149","targetHints":{"allow":["GET"]}}],"collection":[{"href":"https:\/\/topfoodmachine.com\/pt\/wp-json\/wp\/v2\/product"}],"about":[{"href":"https:\/\/topfoodmachine.com\/pt\/wp-json\/wp\/v2\/types\/product"}],"author":[{"embeddable":true,"href":"https:\/\/topfoodmachine.com\/pt\/wp-json\/wp\/v2\/users\/1"}],"wp:featuredmedia":[{"embeddable":true,"href":"https:\/\/topfoodmachine.com\/pt\/wp-json\/wp\/v2\/media\/1150"}],"wp:attachment":[{"href":"https:\/\/topfoodmachine.com\/pt\/wp-json\/wp\/v2\/media?parent=1149"}],"wp:term":[{"taxonomy":"post_tag","embeddable":true,"href":"https:\/\/topfoodmachine.com\/pt\/wp-json\/wp\/v2\/tags?post=1149"},{"taxonomy":"product-type","embeddable":true,"href":"https:\/\/topfoodmachine.com\/pt\/wp-json\/wp\/v2\/product-type?post=1149"}],"curies":[{"name":"wp","href":"https:\/\/api.w.org\/{rel}","templated":true}]}}