{"id":110,"date":"2022-07-14T08:58:02","date_gmt":"2022-07-14T08:58:02","guid":{"rendered":"https:\/\/topfoodmachine.com\/?post_type=product&#038;p=110"},"modified":"2022-09-20T06:27:56","modified_gmt":"2022-09-20T06:27:56","slug":"spice-powder-packing-machine","status":"publish","type":"product","link":"https:\/\/topfoodmachine.com\/pt\/product\/spice-powder-packing-machine\/","title":{"rendered":"M\u00e1quina de embalagem de especiarias em p\u00f3"},"content":{"rendered":"<div class=\"kk-star-ratings kksr-auto kksr-align-left kksr-valign-top\"     data-payload='{&quot;align&quot;:&quot;left&quot;,&quot;id&quot;:&quot;110&quot;,&quot;slug&quot;:&quot;default&quot;,&quot;valign&quot;:&quot;top&quot;,&quot;ignore&quot;:&quot;&quot;,&quot;reference&quot;:&quot;auto&quot;,&quot;class&quot;:&quot;&quot;,&quot;count&quot;:&quot;23&quot;,&quot;legendonly&quot;:&quot;&quot;,&quot;readonly&quot;:&quot;&quot;,&quot;score&quot;:&quot;4.5&quot;,&quot;starsonly&quot;:&quot;&quot;,&quot;best&quot;:&quot;5&quot;,&quot;gap&quot;:&quot;5&quot;,&quot;greet&quot;:&quot;Rate this product&quot;,&quot;legend&quot;:&quot;4.5\\\/5 - (23 votes)&quot;,&quot;size&quot;:&quot;24&quot;,&quot;title&quot;:&quot;Spice Powder Packing Machine&quot;,&quot;width&quot;:&quot;128&quot;,&quot;_legend&quot;:&quot;{score}\\\/{best} - ({count} {votes})&quot;,&quot;font_factor&quot;:&quot;1.25&quot;}'>              <div class=\"kksr-stars\">      <div class=\"kksr-stars-inactive\">             <div class=\"kksr-star\" data-star=\"1\" style=\"padding-right: 5px\">               <div class=\"kksr-icon\" style=\"width: 24px; height: 24px;\"><\/div>         <\/div>             <div class=\"kksr-star\" data-star=\"2\" style=\"padding-right: 5px\">               <div class=\"kksr-icon\" style=\"width: 24px; height: 24px;\"><\/div>         <\/div>             <div class=\"kksr-star\" data-star=\"3\" style=\"padding-right: 5px\">               <div class=\"kksr-icon\" style=\"width: 24px; height: 24px;\"><\/div>         <\/div>             <div class=\"kksr-star\" data-star=\"4\" style=\"padding-right: 5px\">               <div class=\"kksr-icon\" style=\"width: 24px; height: 24px;\"><\/div>         <\/div>             <div class=\"kksr-star\" data-star=\"5\" style=\"padding-right: 5px\">               <div class=\"kksr-icon\" style=\"width: 24px; height: 24px;\"><\/div>         <\/div>     <\/div>      <div class=\"kksr-stars-active\" style=\"width: 128px;\">             <div class=\"kksr-star\" style=\"padding-right: 5px\">               <div class=\"kksr-icon\" style=\"width: 24px; height: 24px;\"><\/div>         <\/div>             <div class=\"kksr-star\" style=\"padding-right: 5px\">               <div class=\"kksr-icon\" style=\"width: 24px; height: 24px;\"><\/div>         <\/div>             <div class=\"kksr-star\" style=\"padding-right: 5px\">               <div class=\"kksr-icon\" style=\"width: 24px; height: 24px;\"><\/div>         <\/div>             <div class=\"kksr-star\" style=\"padding-right: 5px\">               <div class=\"kksr-icon\" style=\"width: 24px; height: 24px;\"><\/div>         <\/div>             <div class=\"kksr-star\" style=\"padding-right: 5px\">               <div class=\"kksr-icon\" style=\"width: 24px; height: 24px;\"><\/div>         <\/div>     <\/div> <\/div>                   <div class=\"kksr-legend\" style=\"font-size: 19.2px;\">             4,5\/5 - (23 votos)    <\/div>     <\/div>  <p class=\"translation-block\"><strong>A m\u00e1quina de embalagem de p\u00f3 de especiarias<\/strong> \u00e9 amplamente utilizada para embalar todos os tipos de produtos em p\u00f3 de especiarias. Ela pode concluir automaticamente todo o processo de pesagem, enchimento, forma\u00e7\u00e3o de sacos, selagem e codifica\u00e7\u00e3o. Os materiais de embalagem podem ser papel, PE, PP, etc. A m\u00e1quina de embalagem de p\u00f3 de especiarias \u00e0 venda da Taizy tem tr\u00eas tipos diferentes, <strong>m\u00e1quina de embalagem de p\u00f3 de especiarias TH-320 pequena<\/strong>, <strong>m\u00e1quina de embalagem de sach\u00ea de especiarias TH-450<\/strong> e <strong>m\u00e1quina de embalagem autom\u00e1tica de especiarias de super efici\u00eancia<\/strong>. Elas t\u00eam diferentes caracter\u00edsticas e par\u00e2metros. E a velocidade de embalagem pode chegar a 80 sacos por minuto. Todas as nossas m\u00e1quinas desfrutam de alta qualidade e bom pre\u00e7o. E oferecemos uma garantia de um ano. Al\u00e9m disso, fornecemos servi\u00e7os completos de instala\u00e7\u00e3o, opera\u00e7\u00e3o e manuten\u00e7\u00e3o da m\u00e1quina. Se necess\u00e1rio, tamb\u00e9m podemos enviar nossos engenheiros at\u00e9 voc\u00ea. Por favor, entre em contato conosco se precisar de algo.<\/p>    <h2 class=\"wp-block-heading\">O que \u00e9 uma m\u00e1quina de embalar especiarias em p\u00f3?<\/h2>    <p class=\"translation-block\">A m\u00e1quina de embalagem de p\u00f3 de especiarias \u00e9 especialmente projetada para embalar v\u00e1rios p\u00f3s de especiarias, como p\u00f3 de pimenta, p\u00f3 de curry, p\u00f3 de a\u00e7afr\u00e3o, p\u00f3 de masala, p\u00f3 de canela, p\u00f3 de cominho, p\u00f3 de noz-moscada, p\u00f3 de gengibre, p\u00f3 de baunilha, etc. Uma <a href=\"https:\/\/tianhuipackingmachine.com\/spice-packaging-machine\/\" target=\"_blank\" rel=\"noreferrer noopener\">m\u00e1quina de embalagem de especiarias<\/a> pode completar automaticamente a fun\u00e7\u00e3o de pesagem, enchimento, fabrica\u00e7\u00e3o de sacos, selagem, impress\u00e3o de data e contagem. Esta m\u00e1quina de embalagem pode melhorar muito sua produtividade e beneficiar seu neg\u00f3cio de especiarias. Existem v\u00e1rios tipos de m\u00e1quinas de embalagem de especiarias no mercado. Portanto, \u00e9 importante escolher a certa para seu projeto.<\/p>    <h2 class=\"wp-block-heading\">Venda m\u00e1quina de embalagem de p\u00f3 de especiarias pequenas TH-320<\/h2>    <p>Esta \u00e9 uma pequena m\u00e1quina de enchimento e selagem do tipo vertical para especiarias em p\u00f3. Possui tamanho pequeno e pre\u00e7o acess\u00edvel. E pode embalar p\u00f3 de 0 gramas a 80 gramas. A m\u00e1quina de embalagem de especiarias pequenas TH-320 pode concluir automaticamente todo o processo de embalagem de especiarias sem qualquer assist\u00eancia humana. Se voc\u00ea possui um pequeno neg\u00f3cio de especiarias, esta m\u00e1quina \u00e9 adequada para o seu projeto. &nbsp;<\/p>    <figure class=\"wp-block-image size-full\"><img loading=\"lazy\" decoding=\"async\" width=\"720\" height=\"540\" src=\"https:\/\/topfoodmachine.com\/wp-content\/uploads\/2022\/07\/spice-powder-packing-machine.jpg\" alt=\"m\u00e1quina de embalagem de especiarias em p\u00f3\" class=\"wp-image-114\" srcset=\"https:\/\/topfoodmachine.com\/wp-content\/uploads\/2022\/07\/spice-powder-packing-machine.jpg 720w, https:\/\/topfoodmachine.com\/wp-content\/uploads\/2022\/07\/spice-powder-packing-machine-300x225.jpg 300w\" sizes=\"auto, (max-width: 720px) 100vw, 720px\" \/><figcaption>m\u00e1quina de embalagem de especiarias em p\u00f3<\/figcaption><\/figure>    <h2 class=\"wp-block-heading\">Venda m\u00e1quina autom\u00e1tica de embalagem de bolsas de especiarias TH-450<\/h2>    <p>Esta tamb\u00e9m \u00e9 uma m\u00e1quina de enchimento e selagem do tipo vertical para especiarias em p\u00f3. Tem um tamanho maior que o modelo TH-320. E a m\u00e1quina embala especiarias em p\u00f3 de 0 gramas a 200 gramas. A m\u00e1quina embaladora autom\u00e1tica de sach\u00eas de especiarias TH-450 tem efici\u00eancia bastante alta e bom desempenho. Tamb\u00e9m \u00e9 uma \u00f3tima op\u00e7\u00e3o para um pequeno neg\u00f3cio de especiarias.<\/p>    <figure class=\"wp-block-image size-full\"><img loading=\"lazy\" decoding=\"async\" width=\"720\" height=\"540\" src=\"https:\/\/topfoodmachine.com\/wp-content\/uploads\/2022\/07\/TH-450-spice-packaging-machine.jpg\" alt=\"M\u00e1quina de embalagem de especiarias TH-450\" class=\"wp-image-116\" srcset=\"https:\/\/topfoodmachine.com\/wp-content\/uploads\/2022\/07\/TH-450-spice-packaging-machine.jpg 720w, https:\/\/topfoodmachine.com\/wp-content\/uploads\/2022\/07\/TH-450-spice-packaging-machine-300x225.jpg 300w\" sizes=\"auto, (max-width: 720px) 100vw, 720px\" \/><figcaption>M\u00e1quina de embalagem de especiarias TH-450<\/figcaption><\/figure>    <h2 class=\"wp-block-heading\">M\u00e1quina de embalagem de especiarias em p\u00f3 supereficiente para venda<\/h2>    <p>Esta \u00e9 uma m\u00e1quina de embalagem de bolsas de especiarias tipo colar. \u00c9 equipado com uma rosca transportadora, funil e m\u00e1quina de embalagem de bolsas. Esta m\u00e1quina de embalagem de especiarias em p\u00f3 tem as caracter\u00edsticas de super efici\u00eancia e desempenho est\u00e1vel. Esta m\u00e1quina \u00e9 adequada para embalar produtos em p\u00f3 de 1kg a 3kg. \u00c9 ideal para demandas de produ\u00e7\u00e3o de m\u00e9dio e grande porte. &nbsp;<\/p>    <figure class=\"wp-block-image size-full\"><img loading=\"lazy\" decoding=\"async\" width=\"720\" height=\"540\" src=\"https:\/\/topfoodmachine.com\/wp-content\/uploads\/2022\/07\/super-efficiency-powder-packaging-machine.jpg\" alt=\"M\u00e1quina de embalagem de p\u00f3 de super efici\u00eancia\" class=\"wp-image-117\" srcset=\"https:\/\/topfoodmachine.com\/wp-content\/uploads\/2022\/07\/super-efficiency-powder-packaging-machine.jpg 720w, https:\/\/topfoodmachine.com\/wp-content\/uploads\/2022\/07\/super-efficiency-powder-packaging-machine-300x225.jpg 300w\" sizes=\"auto, (max-width: 720px) 100vw, 720px\" \/><figcaption>M\u00e1quina de embalagem de p\u00f3 de super efici\u00eancia<\/figcaption><\/figure>    <h2 class=\"wp-block-heading\">Dados t\u00e9cnicos da m\u00e1quina de embalagem de p\u00f3 Taizy para especiarias<\/h2>    <figure class=\"wp-block-table\"><table><tbody><tr><td>Modelo<\/td><td>TH-320<\/td><td>TH-450<\/td><td>TH-420<\/td><td>TH-520<\/td><td>TH-720<\/td><\/tr><tr><td> Tipos de bolsa<\/td><td>Veda\u00e7\u00e3o traseira\/3 lados\/4 lados<\/td><td>Veda\u00e7\u00e3o traseira\/3 lados\/4 lados<\/td><td>Selo traseiro<\/td><td>Selo traseiro<\/td><td>Selo traseiro<\/td><\/tr><tr><td>Velocidade de embalagem<\/td><td>20-80 sacos\/min<\/td><td>20-80 sacos\/min<\/td><td>5-30 sacos\/min<\/td><td>5-50 sacos\/min<\/td><td>5-50 sacos\/min<\/td><\/tr><tr><td>Consumo de energia<\/td><td>1,8 kW<\/td><td>2,2 kW<\/td><td>220V, 2,2KW<\/td><td>220 VCA\/50 Hz<\/td><td>220 VCA\/50 Hz, 5KW<\/td><\/tr><tr><td>Dimens\u00e3o<\/td><td>(C)650*(L)1050*(A)1950mm<\/td><td>(C)650*(L)1050*(A)2150mm<\/td><td>(C)1320*(L)950*(A)1760mm<\/td><td>(C)1150*(L)1795*(A)2050mm<\/td><td>(C)1780*(L)1350*(A)2350mm<\/td><\/tr><tr><td>Comprimento do saco<\/td><td>30-180mm<\/td><td>30-300 mm<\/td><td>80-300 mm<\/td><td>80-400 mm<\/td><td>100-400mm<\/td><\/tr><tr><td>Largura da bolsa<\/td><td>20-150 mm<\/td><td>20-210 mm<\/td><td>80-200 mm<\/td><td>80-250mm<\/td><td>180-350mm<\/td><\/tr><tr><td>Consumo de ar<\/td><td>\/<\/td><td>\/<\/td><td>0,65Mpa<\/td><td>0,65Mpa<\/td><td>0,65Mpa<\/td><\/tr><tr><td>Consumo de g\u00e1s<\/td><td>\/<\/td><td>\/<\/td><td>0,4m3\/min<\/td><td>0,4m3\/min<\/td><td>0,4m3\/min<\/td><\/tr><\/tbody><\/table><\/figure>    <h2 class=\"wp-block-heading\">Recursos de desempenho da m\u00e1quina de embalagem de especiarias Taizy<\/h2>    <ol class=\"wp-block-list\" type=\"1\"><li>Estrutura simples, design razo\u00e1vel, f\u00e1cil instala\u00e7\u00e3o, opera\u00e7\u00e3o e manuten\u00e7\u00e3o<\/li><li>Adote material de m\u00e1quina de a\u00e7o inoxid\u00e1vel 304 completo, dur\u00e1vel e de qualidade alimentar<\/li><li>Use sistema de controle PLC inteligente, par\u00e2metros f\u00e1ceis de definir, alta precis\u00e3o<\/li><li>Rodas equipadas, f\u00e1ceis de mover e transportar<\/li><li>O bot\u00e3o de parada de emerg\u00eancia est\u00e1 dispon\u00edvel<\/li><li>Capa protetora do cortador para garantir a seguran\u00e7a dos operadores<\/li><li>Dispositivo fotoel\u00e9trico de rastreamento ocular para garantir a efici\u00eancia e precis\u00e3o<\/li><li>Servi\u00e7o ODM\/OEM dispon\u00edvel<\/li><\/ol>    <h2 class=\"wp-block-heading\">Aplica\u00e7\u00f5es da m\u00e1quina embaladora de sach\u00eas de especiarias <\/h2>    <p class=\"translation-block\">A m\u00e1quina de embalagem de p\u00f3 de especiarias \u00e9 um tipo de equipamento de embalagem de p\u00f3. \u00c9 adequada para embalar todos os tipos de produtos em p\u00f3 de especiarias, como p\u00f3 de gengibre, <a href=\"https:\/\/tianhuipackingmachine.com\/chilli-powder-packing-machine\/\" target=\"_blank\" rel=\"noreferrer noopener\">p\u00f3 de pimenta<\/a>, p\u00f3 de baunilha, p\u00f3 de masala, p\u00f3 de noz-moscada, canela, cravo, cominho, etc. Al\u00e9m de p\u00f3 de especiarias, esta m\u00e1quina autom\u00e1tica de embalagem de especiarias tamb\u00e9m \u00e9 ideal para muitos outros produtos em p\u00f3, como p\u00f3 de leite, <a href=\"https:\/\/tianhuipackingmachine.com\/detergent-powder-packing-machine\/\" target=\"_blank\" rel=\"noreferrer noopener\">p\u00f3 de detergente<\/a>, p\u00f3 nutricional, p\u00f3 de caf\u00e9, p\u00f3 de ch\u00e1, p\u00f3 de ervas, p\u00f3 qu\u00edmico, farinha, p\u00f3 de cacau, etc. Nossa m\u00e1quina de embalagem de especiarias pode fornecer solu\u00e7\u00f5es de 0 a 3000g por saco. Al\u00e9m disso, apoiamos diferentes tipos de sacos personalizados, larguras e comprimentos. Por exemplo, existem selagem traseira, selagem de 3 lados e selagem de 4 lados. Mais op\u00e7\u00f5es, melhores solu\u00e7\u00f5es de embalagem de especiarias.<\/p>    <h2 class=\"wp-block-heading\">M\u00e1quina de embalagem de especiarias semiautom\u00e1tica vs m\u00e1quina de embalagem de especiarias totalmente autom\u00e1tica<\/h2>    <p>Em primeiro lugar, precisamos admitir que tanto a m\u00e1quina embaladora de temperos semiautom\u00e1tica quanto uma m\u00e1quina embaladora de temperos totalmente autom\u00e1tica podem melhorar muito sua produtividade. Embora a efici\u00eancia da embalagem varie de acordo com a m\u00e1quina. Esta \u00e9 a sua caracter\u00edstica comum. E eles s\u00e3o diferentes nesses itens.<\/p>    <ol class=\"wp-block-list\" type=\"1\"><li><strong>Fun\u00e7\u00e3o<\/strong>. Uma m\u00e1quina de embalagem de especiarias totalmente autom\u00e1tica pode completar o processo de pesagem, enchimento, confec\u00e7\u00e3o de sacos, selagem e impress\u00e3o de datas. Enquanto uma m\u00e1quina manual de embalagem de especiarias em p\u00f3 pode completar a fun\u00e7\u00e3o parcial da m\u00e1quina totalmente autom\u00e1tica, apenas a fun\u00e7\u00e3o de enchimento e selagem.<\/li><li><strong>Custo<\/strong>. Eles t\u00eam custos diferentes. Das diferentes estruturas e configura\u00e7\u00f5es das m\u00e1quinas, os pre\u00e7os das m\u00e1quinas embaladoras de especiarias em p\u00f3 s\u00e3o diferentes. Al\u00e9m disso, o pre\u00e7o da mesma m\u00e1quina embaladora de especiarias pode ser diferente para diferentes configura\u00e7\u00f5es e custos de envio. Se voc\u00ea quiser saber uma lista completa de pre\u00e7os de m\u00e1quinas, entre em contato conosco. &nbsp;<\/li><\/ol>    <h2 class=\"wp-block-heading\">Contate-nos hoje para iniciar seu neg\u00f3cio<\/h2>    <p class=\"translation-block\">A m\u00e1quina de embalagem de p\u00f3 de especiarias \u00e9 significativa para o neg\u00f3cio de especiarias. Pode melhorar muito a sua produtividade e beneficiar o seu projeto. A m\u00e1quina de embalagem de especiarias \u00e0 venda conosco tem tr\u00eas tipos para diferentes requisitos de embalagem. Quaisquer que sejam as suas necessidades de embalagem de especiarias, n\u00f3s temos a solu\u00e7\u00e3o. A prop\u00f3sito, todas as nossas m\u00e1quinas t\u00eam um bom pre\u00e7o e alta qualidade. Al\u00e9m disso, temos pessoal qualificado para garantir o bom desempenho e a entrega r\u00e1pida das nossas m\u00e1quinas. Bem-vindo a <a href=\"https:\/\/topfoodmachine.com\/pt\/contact-us\/\">entrar em contato conosco<\/a> para mais informa\u00e7\u00f5es.<\/p>","protected":false},"excerpt":{"rendered":"<p>Spice powder packing machine is widely used for packaging all kinds of spices powder products. It can totally automatically finish the whole process of product weighing, filling, bag forming, sealing, and coding. Packaging materials can be paper, PE, PP, etc. The spice powder packing machine for sale from Taizy has three different types, TH-320 small [&hellip;]<\/p>\n","protected":false},"author":1,"featured_media":114,"parent":0,"template":"","tags":[14],"product-type":[8],"class_list":["post-110","product","type-product","status-publish","has-post-thumbnail","hentry","tag-food-packaging-machine","product-type-food-packaging-machine"],"_links":{"self":[{"href":"https:\/\/topfoodmachine.com\/pt\/wp-json\/wp\/v2\/product\/110","targetHints":{"allow":["GET"]}}],"collection":[{"href":"https:\/\/topfoodmachine.com\/pt\/wp-json\/wp\/v2\/product"}],"about":[{"href":"https:\/\/topfoodmachine.com\/pt\/wp-json\/wp\/v2\/types\/product"}],"author":[{"embeddable":true,"href":"https:\/\/topfoodmachine.com\/pt\/wp-json\/wp\/v2\/users\/1"}],"wp:featuredmedia":[{"embeddable":true,"href":"https:\/\/topfoodmachine.com\/pt\/wp-json\/wp\/v2\/media\/114"}],"wp:attachment":[{"href":"https:\/\/topfoodmachine.com\/pt\/wp-json\/wp\/v2\/media?parent=110"}],"wp:term":[{"taxonomy":"post_tag","embeddable":true,"href":"https:\/\/topfoodmachine.com\/pt\/wp-json\/wp\/v2\/tags?post=110"},{"taxonomy":"product-type","embeddable":true,"href":"https:\/\/topfoodmachine.com\/pt\/wp-json\/wp\/v2\/product-type?post=110"}],"curies":[{"name":"wp","href":"https:\/\/api.w.org\/{rel}","templated":true}]}}